{"id":311723,"date":"2019-11-09T09:51:46","date_gmt":"2019-11-09T09:51:46","guid":{"rendered":"https:\/\/www.purejewels.com\/?post_type=product&#038;p=311723"},"modified":"2025-12-22T11:54:38","modified_gmt":"2025-12-22T11:54:38","slug":"22-ayar-altin-kubik-zirkon-saplama-kupe-2","status":"publish","type":"product","link":"https:\/\/www.purejewels.com\/tr\/product\/22ct-gold-cubic-zirconia-stud-earring-2\/","title":{"rendered":"22 ayar alt\u0131n k\u00fcpe, CZ ta\u015fl\u0131"},"content":{"rendered":"<p><strong>Tasar\u0131m:<\/strong><br \/>\nBu 22 ayar alt\u0131n saplama k\u00fcpeler, \u00e7i\u00e7eklerden ilham alan bir k\u00fcme \u015feklinde tasarlanm\u0131\u015ft\u0131r ve her k\u00fcpede yedi adet hassas bir \u015fekilde yerle\u015ftirilmi\u015f yuvarlak k\u00fcbik zirkon ta\u015f bulunmaktad\u0131r. Simetrik d\u00fczenleme, nazik bir y\u0131ld\u0131z patlamas\u0131 deseni olu\u015fturarak \u00e7i\u00e7ek a\u00e7an bir \u00e7i\u00e7ek ill\u00fczyonu yarat\u0131r ve k\u0131yafetinize do\u011fan\u0131n zarafetini katar.<\/p>\n<p><strong>\u0130\u015f\u00e7ilik:<\/strong><br \/>\nY\u00fcksek safl\u0131kta 22 ayar alt\u0131ndan \u00f6zenle i\u015flenmi\u015f k\u00fcpeler, parlakl\u0131k ve dayan\u0131kl\u0131l\u0131k aras\u0131nda m\u00fckemmel bir denge sunar. G\u00fcvenli \u00e7atal ayarlar\u0131, k\u00fcbik zirkon ta\u015flar\u0131n yerinde kalmas\u0131n\u0131 sa\u011flarken, \u0131\u015f\u0131k yans\u0131may\u0131 en \u00fcst d\u00fczeye \u00e7\u0131kararak kar\u015f\u0131 konulmaz bir \u0131\u015f\u0131lt\u0131 yarat\u0131r. Her ayr\u0131nt\u0131, alt\u0131n ve ta\u015flar\u0131n l\u00fcks parlakl\u0131\u011f\u0131n\u0131 ortaya \u00e7\u0131karmak i\u00e7in \u00f6zenle i\u015flenmi\u015ftir.<\/p>\n<p><strong>Stil:<\/strong><br \/>\nG\u00fcnl\u00fck \u015f\u0131kl\u0131k veya zarif bir ak\u015fam g\u00f6r\u00fcn\u00fcm\u00fc i\u00e7in m\u00fckemmel olan bu k\u00fcpeler, hem Bat\u0131 tarz\u0131 hem de etnik g\u00f6r\u00fcn\u00fcmleri tamamlayacak kadar \u00e7ok y\u00f6nl\u00fcd\u00fcr. Zamans\u0131z \u00e7ekicilikleri, onlar\u0131 do\u011fum g\u00fcnleri, y\u0131ld\u00f6n\u00fcmleri veya sadece kendinize bir hediye olarak ideal bir se\u00e7im haline getirir.<\/p>","protected":false},"excerpt":{"rendered":"<p>Parlak 22 ayar alt\u0131ndan \u00fcretilen bu k\u00fcpe, g\u00f6z al\u0131c\u0131 bir k\u00fcbik zirkon ta\u015f k\u00fcmesi ile s\u00fcslenmi\u015ftir. Her m\u00fccevher koleksiyonunun vazge\u00e7ilmez par\u00e7as\u0131.<\/p>\n<ul>\n<li>22 Ayar Alt\u0131n K\u00fcbik Zirkon Saplama K\u00fcpe<\/li>\n<li>A\u011f\u0131rl\u0131k 1,3 gms<\/li>\n<li>\u00c7ap 5,5 mm<\/li>\n<li>SKU. 31745<\/li>\n<li>T\u00fcm fiyatlara KDV dahildir<\/li>\n<li>T\u00fcm \u00fcr\u00fcnlerimiz London Assay Office taraf\u0131ndan damgalanm\u0131\u015ft\u0131r<\/li>\n<li>Sunum kutusu ile birlikte gelir<\/li>\n<li>Teslimat Dahil<\/li>\n<li>Bize ula\u015f\u0131n \/ Canl\u0131 sohbet Anneler G\u00fcn\u00fc M\u00fccevher hediye koleksiyonumuzdan \u00f6zel hediyelerin videosunu izlemek i\u00e7in<\/li>\n<\/ul>","protected":false},"featured_media":313089,"comment_status":"closed","ping_status":"closed","template":"","meta":{"_eb_attr":"","_crsspst_to_jayantr4sg-hostcom":false},"product_brand":[],"product_cat":[1559,1576,1254,1229,1570,1577,1575,1574],"product_tag":[],"class_list":{"0":"post-311723","1":"product","2":"type-product","3":"status-publish","4":"has-post-thumbnail","6":"product_cat-birthday-gifts","7":"product_cat-childrens-jewellery","8":"product_cat-gold-earrings","9":"product_cat-22ct-gold-jewellery","10":"product_cat-mothers-day-gifts","11":"product_cat-stud-earrings","12":"product_cat-teenage-jewellery","13":"product_cat-womens-jewellery","15":"first","16":"outofstock","17":"taxable","18":"shipping-taxable","19":"product-type-simple","20":"add-to-wishlist-before_image"},"yoast_head":"<!-- This site is optimized with the Yoast SEO plugin v27.3 - https:\/\/yoast.com\/product\/yoast-seo-wordpress\/ -->\n<title>22ct Gold CZ Stud Earrings | Cluster Design | Elegant Gold Earring<\/title>\n<meta name=\"description\" content=\"Elegant 22ct gold stud earrings with sparkling cubic zirconia in a floral cluster design. Perfect for daily wear or special occasions. Timeless style meets modern shimmer.\" \/>\n<meta name=\"robots\" content=\"index, follow, max-snippet:-1, max-image-preview:large, max-video-preview:-1\" \/>\n<link rel=\"canonical\" href=\"https:\/\/www.purejewels.com\/tr\/urun\/22-ayar-altin-kubik-zirkon-saplama-kupe-2\/\" \/>\n<meta property=\"og:locale\" content=\"tr_TR\" \/>\n<meta property=\"og:type\" content=\"article\" \/>\n<meta property=\"og:title\" content=\"22ct Gold CZ Stud Earrings | Cluster Design | Elegant Gold Earring\" \/>\n<meta property=\"og:description\" content=\"Elegant 22ct gold stud earrings with sparkling cubic zirconia in a floral cluster design. Perfect for daily wear or special occasions. Timeless style meets modern shimmer.\" \/>\n<meta property=\"og:url\" content=\"https:\/\/www.purejewels.com\/tr\/urun\/22-ayar-altin-kubik-zirkon-saplama-kupe-2\/\" \/>\n<meta property=\"og:site_name\" content=\"PureJewels UK\" \/>\n<meta property=\"article:modified_time\" content=\"2025-12-22T11:54:38+00:00\" \/>\n<meta property=\"og:image\" content=\"https:\/\/static.purejewels.com\/wp-content\/uploads\/2020\/03\/152156663.jpg\" \/>\n\t<meta property=\"og:image:width\" content=\"1000\" \/>\n\t<meta property=\"og:image:height\" content=\"1000\" \/>\n\t<meta property=\"og:image:type\" content=\"image\/jpeg\" \/>\n<meta name=\"twitter:card\" content=\"summary_large_image\" \/>\n<meta name=\"twitter:label1\" content=\"Tahmini okuma s\u00fcresi\" \/>\n\t<meta name=\"twitter:data1\" content=\"1 dakika\" \/>\n<script type=\"application\/ld+json\" class=\"yoast-schema-graph\">{\"@context\":\"https:\\\/\\\/schema.org\",\"@graph\":[{\"@type\":[\"WebPage\",\"ItemPage\"],\"@id\":\"https:\\\/\\\/www.purejewels.com\\\/product\\\/22ct-gold-cubic-zirconia-stud-earring-2\\\/\",\"url\":\"https:\\\/\\\/www.purejewels.com\\\/product\\\/22ct-gold-cubic-zirconia-stud-earring-2\\\/\",\"name\":\"22ct Gold CZ Stud Earrings | Cluster Design | Elegant Gold Earring\",\"isPartOf\":{\"@id\":\"https:\\\/\\\/www.purejewels.com\\\/#website\"},\"primaryImageOfPage\":{\"@id\":\"https:\\\/\\\/www.purejewels.com\\\/product\\\/22ct-gold-cubic-zirconia-stud-earring-2\\\/#primaryimage\"},\"image\":{\"@id\":\"https:\\\/\\\/www.purejewels.com\\\/product\\\/22ct-gold-cubic-zirconia-stud-earring-2\\\/#primaryimage\"},\"thumbnailUrl\":\"https:\\\/\\\/static.purejewels.com\\\/wp-content\\\/uploads\\\/2020\\\/03\\\/152156663.jpg\",\"datePublished\":\"2019-11-09T09:51:46+00:00\",\"dateModified\":\"2025-12-22T11:54:38+00:00\",\"description\":\"Elegant 22ct gold stud earrings with sparkling cubic zirconia in a floral cluster design. Perfect for daily wear or special occasions. Timeless style meets modern shimmer.\",\"breadcrumb\":{\"@id\":\"https:\\\/\\\/www.purejewels.com\\\/product\\\/22ct-gold-cubic-zirconia-stud-earring-2\\\/#breadcrumb\"},\"inLanguage\":\"tr\",\"potentialAction\":[{\"@type\":\"ReadAction\",\"target\":[\"https:\\\/\\\/www.purejewels.com\\\/product\\\/22ct-gold-cubic-zirconia-stud-earring-2\\\/\"]}]},{\"@type\":\"ImageObject\",\"inLanguage\":\"tr\",\"@id\":\"https:\\\/\\\/www.purejewels.com\\\/product\\\/22ct-gold-cubic-zirconia-stud-earring-2\\\/#primaryimage\",\"url\":\"https:\\\/\\\/static.purejewels.com\\\/wp-content\\\/uploads\\\/2020\\\/03\\\/152156663.jpg\",\"contentUrl\":\"https:\\\/\\\/static.purejewels.com\\\/wp-content\\\/uploads\\\/2020\\\/03\\\/152156663.jpg\",\"width\":1000,\"height\":1000,\"caption\":\"22ct Gold Ear Stud EarringsWith CZ StonesWith Screw-back FittingsWt : 1.4 gmsAll prices include VATAll our products are hallmarked by London Assay OfficeComes With Presentation BoxDelivery IncludedLive chat with us for availability and more images of similar designs currently in stock\"},{\"@type\":\"BreadcrumbList\",\"@id\":\"https:\\\/\\\/www.purejewels.com\\\/product\\\/22ct-gold-cubic-zirconia-stud-earring-2\\\/#breadcrumb\",\"itemListElement\":[{\"@type\":\"ListItem\",\"position\":1,\"name\":\"Home\",\"item\":\"https:\\\/\\\/www.purejewels.com\\\/\"},{\"@type\":\"ListItem\",\"position\":2,\"name\":\"Shop\",\"item\":\"https:\\\/\\\/www.purejewels.com\\\/shop\\\/\"},{\"@type\":\"ListItem\",\"position\":3,\"name\":\"22ct Gold Cluster Stud Earrings with CZ\"}]},{\"@type\":\"WebSite\",\"@id\":\"https:\\\/\\\/www.purejewels.com\\\/#website\",\"url\":\"https:\\\/\\\/www.purejewels.com\\\/\",\"name\":\"PureJewels UK\",\"description\":\"Share the Love\",\"publisher\":{\"@id\":\"https:\\\/\\\/www.purejewels.com\\\/#organization\"},\"potentialAction\":[{\"@type\":\"SearchAction\",\"target\":{\"@type\":\"EntryPoint\",\"urlTemplate\":\"https:\\\/\\\/www.purejewels.com\\\/?s={search_term_string}\"},\"query-input\":{\"@type\":\"PropertyValueSpecification\",\"valueRequired\":true,\"valueName\":\"search_term_string\"}}],\"inLanguage\":\"tr\"},{\"@type\":\"Organization\",\"@id\":\"https:\\\/\\\/www.purejewels.com\\\/#organization\",\"name\":\"PureJewels UK\",\"url\":\"https:\\\/\\\/www.purejewels.com\\\/\",\"logo\":{\"@type\":\"ImageObject\",\"inLanguage\":\"tr\",\"@id\":\"https:\\\/\\\/www.purejewels.com\\\/#\\\/schema\\\/logo\\\/image\\\/\",\"url\":\"https:\\\/\\\/static.purejewels.com\\\/wp-content\\\/uploads\\\/2020\\\/11\\\/Logo-PJ-New-1.png\",\"contentUrl\":\"https:\\\/\\\/static.purejewels.com\\\/wp-content\\\/uploads\\\/2020\\\/11\\\/Logo-PJ-New-1.png\",\"width\":150,\"height\":80,\"caption\":\"PureJewels UK\"},\"image\":{\"@id\":\"https:\\\/\\\/www.purejewels.com\\\/#\\\/schema\\\/logo\\\/image\\\/\"}}]}<\/script>\n<!-- \/ Yoast SEO plugin. -->","yoast_head_json":{"title":"22 ayar alt\u0131n CZ saplama k\u00fcpe | K\u00fcme tasar\u0131m\u0131 | Zarif alt\u0131n k\u00fcpe","description":"\u00c7i\u00e7ek desenli, \u0131\u015f\u0131lt\u0131l\u0131 k\u00fcbik zirkonya ta\u015fl\u0131, zarif 22 ayar alt\u0131n saplama k\u00fcpeler. G\u00fcnl\u00fck kullan\u0131m veya \u00f6zel g\u00fcnler i\u00e7in ideal. Zamans\u0131z stil, modern \u0131\u015f\u0131lt\u0131yla bulu\u015fuyor.","robots":{"index":"index","follow":"follow","max-snippet":"max-snippet:-1","max-image-preview":"max-image-preview:large","max-video-preview":"max-video-preview:-1"},"canonical":"https:\/\/www.purejewels.com\/tr\/urun\/22-ayar-altin-kubik-zirkon-saplama-kupe-2\/","og_locale":"tr_TR","og_type":"article","og_title":"22ct Gold CZ Stud Earrings | Cluster Design | Elegant Gold Earring","og_description":"Elegant 22ct gold stud earrings with sparkling cubic zirconia in a floral cluster design. Perfect for daily wear or special occasions. Timeless style meets modern shimmer.","og_url":"https:\/\/www.purejewels.com\/tr\/urun\/22-ayar-altin-kubik-zirkon-saplama-kupe-2\/","og_site_name":"PureJewels UK","article_modified_time":"2025-12-22T11:54:38+00:00","og_image":[{"width":1000,"height":1000,"url":"https:\/\/static.purejewels.com\/wp-content\/uploads\/2020\/03\/152156663.jpg","type":"image\/jpeg"}],"twitter_card":"summary_large_image","twitter_misc":{"Tahmini okuma s\u00fcresi":"1 dakika"},"schema":{"@context":"https:\/\/schema.org","@graph":[{"@type":["WebPage","ItemPage"],"@id":"https:\/\/www.purejewels.com\/product\/22ct-gold-cubic-zirconia-stud-earring-2\/","url":"https:\/\/www.purejewels.com\/product\/22ct-gold-cubic-zirconia-stud-earring-2\/","name":"22 ayar alt\u0131n CZ saplama k\u00fcpe | K\u00fcme tasar\u0131m\u0131 | Zarif alt\u0131n k\u00fcpe","isPartOf":{"@id":"https:\/\/www.purejewels.com\/#website"},"primaryImageOfPage":{"@id":"https:\/\/www.purejewels.com\/product\/22ct-gold-cubic-zirconia-stud-earring-2\/#primaryimage"},"image":{"@id":"https:\/\/www.purejewels.com\/product\/22ct-gold-cubic-zirconia-stud-earring-2\/#primaryimage"},"thumbnailUrl":"https:\/\/static.purejewels.com\/wp-content\/uploads\/2020\/03\/152156663.jpg","datePublished":"2019-11-09T09:51:46+00:00","dateModified":"2025-12-22T11:54:38+00:00","description":"\u00c7i\u00e7ek desenli, \u0131\u015f\u0131lt\u0131l\u0131 k\u00fcbik zirkonya ta\u015fl\u0131, zarif 22 ayar alt\u0131n saplama k\u00fcpeler. G\u00fcnl\u00fck kullan\u0131m veya \u00f6zel g\u00fcnler i\u00e7in ideal. Zamans\u0131z stil, modern \u0131\u015f\u0131lt\u0131yla bulu\u015fuyor.","breadcrumb":{"@id":"https:\/\/www.purejewels.com\/product\/22ct-gold-cubic-zirconia-stud-earring-2\/#breadcrumb"},"inLanguage":"tr","potentialAction":[{"@type":"ReadAction","target":["https:\/\/www.purejewels.com\/product\/22ct-gold-cubic-zirconia-stud-earring-2\/"]}]},{"@type":"ImageObject","inLanguage":"tr","@id":"https:\/\/www.purejewels.com\/product\/22ct-gold-cubic-zirconia-stud-earring-2\/#primaryimage","url":"https:\/\/static.purejewels.com\/wp-content\/uploads\/2020\/03\/152156663.jpg","contentUrl":"https:\/\/static.purejewels.com\/wp-content\/uploads\/2020\/03\/152156663.jpg","width":1000,"height":1000,"caption":"22ct Gold Ear Stud EarringsWith CZ StonesWith Screw-back FittingsWt : 1.4 gmsAll prices include VATAll our products are hallmarked by London Assay OfficeComes With Presentation BoxDelivery IncludedLive chat with us for availability and more images of similar designs currently in stock"},{"@type":"BreadcrumbList","@id":"https:\/\/www.purejewels.com\/product\/22ct-gold-cubic-zirconia-stud-earring-2\/#breadcrumb","itemListElement":[{"@type":"ListItem","position":1,"name":"Home","item":"https:\/\/www.purejewels.com\/"},{"@type":"ListItem","position":2,"name":"Shop","item":"https:\/\/www.purejewels.com\/shop\/"},{"@type":"ListItem","position":3,"name":"22ct Gold Cluster Stud Earrings with CZ"}]},{"@type":"WebSite","@id":"https:\/\/www.purejewels.com\/#website","url":"https:\/\/www.purejewels.com\/","name":"PureJewels \u0130ngiltere","description":"Sevgiyi Payla\u015f\u0131n","publisher":{"@id":"https:\/\/www.purejewels.com\/#organization"},"potentialAction":[{"@type":"SearchAction","target":{"@type":"EntryPoint","urlTemplate":"https:\/\/www.purejewels.com\/?s={search_term_string}"},"query-input":{"@type":"PropertyValueSpecification","valueRequired":true,"valueName":"search_term_string"}}],"inLanguage":"tr"},{"@type":"Organization","@id":"https:\/\/www.purejewels.com\/#organization","name":"PureJewels \u0130ngiltere","url":"https:\/\/www.purejewels.com\/","logo":{"@type":"ImageObject","inLanguage":"tr","@id":"https:\/\/www.purejewels.com\/#\/schema\/logo\/image\/","url":"https:\/\/static.purejewels.com\/wp-content\/uploads\/2020\/11\/Logo-PJ-New-1.png","contentUrl":"https:\/\/static.purejewels.com\/wp-content\/uploads\/2020\/11\/Logo-PJ-New-1.png","width":150,"height":80,"caption":"PureJewels UK"},"image":{"@id":"https:\/\/www.purejewels.com\/#\/schema\/logo\/image\/"}}]}},"_links":{"self":[{"href":"https:\/\/www.purejewels.com\/tr\/wp-json\/wp\/v2\/product\/311723","targetHints":{"allow":["GET"]}}],"collection":[{"href":"https:\/\/www.purejewels.com\/tr\/wp-json\/wp\/v2\/product"}],"about":[{"href":"https:\/\/www.purejewels.com\/tr\/wp-json\/wp\/v2\/types\/product"}],"replies":[{"embeddable":true,"href":"https:\/\/www.purejewels.com\/tr\/wp-json\/wp\/v2\/comments?post=311723"}],"version-history":[{"count":2,"href":"https:\/\/www.purejewels.com\/tr\/wp-json\/wp\/v2\/product\/311723\/revisions"}],"predecessor-version":[{"id":423683,"href":"https:\/\/www.purejewels.com\/tr\/wp-json\/wp\/v2\/product\/311723\/revisions\/423683"}],"wp:featuredmedia":[{"embeddable":true,"href":"https:\/\/www.purejewels.com\/tr\/wp-json\/wp\/v2\/media\/313089"}],"wp:attachment":[{"href":"https:\/\/www.purejewels.com\/tr\/wp-json\/wp\/v2\/media?parent=311723"}],"wp:term":[{"taxonomy":"product_brand","embeddable":true,"href":"https:\/\/www.purejewels.com\/tr\/wp-json\/wp\/v2\/product_brand?post=311723"},{"taxonomy":"product_cat","embeddable":true,"href":"https:\/\/www.purejewels.com\/tr\/wp-json\/wp\/v2\/product_cat?post=311723"},{"taxonomy":"product_tag","embeddable":true,"href":"https:\/\/www.purejewels.com\/tr\/wp-json\/wp\/v2\/product_tag?post=311723"}],"curies":[{"name":"wp","href":"https:\/\/api.w.org\/{rel}","templated":true}]}}