{"id":311843,"date":"2019-11-13T13:53:42","date_gmt":"2019-11-13T13:53:42","guid":{"rendered":"https:\/\/www.purejewels.com\/?post_type=product&#038;p=311843"},"modified":"2026-01-22T10:54:25","modified_gmt":"2026-01-22T10:54:25","slug":"22-ayar-altin-kupe-19","status":"publish","type":"product","link":"https:\/\/www.purejewels.com\/tr\/product\/22ct-gold-earring-19\/","title":{"rendered":"22 Ayar Alt\u0131n Mavi &amp; Beyaz CZ Oval Saplama K\u00fcpe"},"content":{"rendered":"<p>Tasar\u0131m<\/p>\n<p>Bu oval saplama k\u00fcpeler, mavi ve beyaz k\u00fcbik zirkonun uyumlu bir \u015fekilde d\u00fczenlenmesiyle detayland\u0131r\u0131lm\u0131\u015f, yumu\u015fak kubbeli bir profille tasarlanm\u0131\u015ft\u0131r. Z\u0131t ta\u015flar y\u00fczeyde derinlik ve ritim yarat\u0131rken, yuvarlak form k\u00fcpelere zamans\u0131z, heykelsi bir nitelik kazand\u0131r\u0131yor. Dengeli ve etkileyici tasar\u0131m, alt\u0131n\u0131 bo\u011fmadan renk sunuyor.<\/p>\n<p>Zanaatkarl\u0131k<\/p>\n<p>I\u015f\u0131lt\u0131l\u0131 22 ayar alt\u0131ndan el yap\u0131m\u0131 her biri <a href=\"https:\/\/www.purejewels.com\/tr\/product\/22ct-gold-ladies-stud-earring-with-rhodium-finish-46497\/\">K\u00fcpe<\/a> e\u015fit \u0131\u015f\u0131lt\u0131 ve g\u00fcvenli yerle\u015ftirme sa\u011flamak i\u00e7in hassas kesimli k\u00fcbik zirkonya ile titizlikle ayarlanm\u0131\u015ft\u0131r. Boncuklu alt\u0131n \u00e7er\u00e7eve, geleneksel i\u015f\u00e7ili\u011fi \u00e7a\u011fda\u015f bir y\u00fczeyle yans\u0131tarak doku ve belirginli\u011fi art\u0131r\u0131r. Her bir par\u00e7a safl\u0131k sertifikas\u0131 i\u00e7in \u0130ngiltere'de damgalanm\u0131\u015ft\u0131r.<\/p>\n<p>\u015eekillendirme &amp; Hediyele\u015fme<\/p>\n<p>G\u00fcnl\u00fck g\u00f6r\u00fcn\u00fcmlere renk katmak veya gece k\u0131yafetlerini y\u00fckseltmek i\u00e7in m\u00fckemmel olan bu k\u00fcpeler, hem klasik hem de modern tarzlarla g\u00fczel bir \u015fekilde e\u015fle\u015fir. Zarif \u00f6l\u00e7e\u011fi, bu k\u00fcpeleri d\u00fczenli kullan\u0131m, bayram etkinlikleri ve do\u011fum g\u00fcnleri, y\u0131l d\u00f6n\u00fcmleri ve kutlamalar i\u00e7in \u00f6zenli hediyeler i\u00e7in ideal k\u0131lar. Zengin alt\u0131nla vurgulanan ince renklerden ho\u015flananlar i\u00e7in \u00e7ok y\u00f6nl\u00fc bir se\u00e7im.<\/p>","protected":false},"excerpt":{"rendered":"<ul>\n<li>K\u00fcbik Zirkon Ta\u015fl\u0131 22 Ayar Alt\u0131n K\u00fcpe<\/li>\n<li>A\u011f\u0131rl\u0131k 2 gm<\/li>\n<li>SKU. 31425<\/li>\n<li>T\u00fcm fiyatlara KDV dahildir<\/li>\n<li>T\u00fcm \u00fcr\u00fcnlerimiz Londra Tahlil Ofisi taraf\u0131ndan damgalanm\u0131\u015ft\u0131r<\/li>\n<li>T\u00fcm setler sunum kutusu ile birlikte gelir<\/li>\n<li>Teslimat Dahil<\/li>\n<li>Bu \u00fcr\u00fcn\u00fcn videosu i\u00e7in bize ula\u015f\u0131n \/ bizimle canl\u0131 sohbet edin<\/li>\n<\/ul>","protected":false},"featured_media":312406,"comment_status":"closed","ping_status":"closed","template":"","meta":{"_eb_attr":"","_crsspst_to_jayantr4sg-hostcom":false},"product_brand":[],"product_cat":[1577],"product_tag":[],"class_list":{"0":"post-311843","1":"product","2":"type-product","3":"status-publish","4":"has-post-thumbnail","6":"product_cat-stud-earrings","8":"first","9":"outofstock","10":"taxable","11":"shipping-taxable","12":"product-type-simple","13":"add-to-wishlist-before_image"},"yoast_head":"<!-- This site is optimized with the Yoast SEO plugin v27.3 - https:\/\/yoast.com\/product\/yoast-seo-wordpress\/ -->\n<title>22ct Gold Blue &amp; White CZ Oval Stud Earrings | in PureJewels UK<\/title>\n<meta name=\"description\" content=\"Discover handcrafted 22ct gold oval stud earrings set with blue and white cubic zirconia, offering a vibrant yet refined gold statement.\" \/>\n<meta name=\"robots\" content=\"index, follow, max-snippet:-1, max-image-preview:large, max-video-preview:-1\" \/>\n<link rel=\"canonical\" href=\"https:\/\/www.purejewels.com\/tr\/urun\/22-ayar-altin-kupe-19\/\" \/>\n<meta property=\"og:locale\" content=\"tr_TR\" \/>\n<meta property=\"og:type\" content=\"article\" \/>\n<meta property=\"og:title\" content=\"22ct Gold Blue &amp; White CZ Oval Stud Earrings | in PureJewels UK\" \/>\n<meta property=\"og:description\" content=\"Discover handcrafted 22ct gold oval stud earrings set with blue and white cubic zirconia, offering a vibrant yet refined gold statement.\" \/>\n<meta property=\"og:url\" content=\"https:\/\/www.purejewels.com\/tr\/urun\/22-ayar-altin-kupe-19\/\" \/>\n<meta property=\"og:site_name\" content=\"PureJewels UK\" \/>\n<meta property=\"article:modified_time\" content=\"2026-01-22T10:54:25+00:00\" \/>\n<meta property=\"og:image\" content=\"https:\/\/static.purejewels.com\/wp-content\/uploads\/2019\/11\/31425-1.jpg\" \/>\n\t<meta property=\"og:image:width\" content=\"466\" \/>\n\t<meta property=\"og:image:height\" content=\"699\" \/>\n\t<meta property=\"og:image:type\" content=\"image\/jpeg\" \/>\n<meta name=\"twitter:card\" content=\"summary_large_image\" \/>\n<meta name=\"twitter:label1\" content=\"Tahmini okuma s\u00fcresi\" \/>\n\t<meta name=\"twitter:data1\" content=\"1 dakika\" \/>\n<script type=\"application\/ld+json\" class=\"yoast-schema-graph\">{\"@context\":\"https:\\\/\\\/schema.org\",\"@graph\":[{\"@type\":[\"WebPage\",\"ItemPage\"],\"@id\":\"https:\\\/\\\/www.purejewels.com\\\/product\\\/22ct-gold-earring-19\\\/\",\"url\":\"https:\\\/\\\/www.purejewels.com\\\/product\\\/22ct-gold-earring-19\\\/\",\"name\":\"22ct Gold Blue & White CZ Oval Stud Earrings | in PureJewels UK\",\"isPartOf\":{\"@id\":\"https:\\\/\\\/www.purejewels.com\\\/#website\"},\"primaryImageOfPage\":{\"@id\":\"https:\\\/\\\/www.purejewels.com\\\/product\\\/22ct-gold-earring-19\\\/#primaryimage\"},\"image\":{\"@id\":\"https:\\\/\\\/www.purejewels.com\\\/product\\\/22ct-gold-earring-19\\\/#primaryimage\"},\"thumbnailUrl\":\"https:\\\/\\\/static.purejewels.com\\\/wp-content\\\/uploads\\\/2019\\\/11\\\/31425-1.jpg\",\"datePublished\":\"2019-11-13T13:53:42+00:00\",\"dateModified\":\"2026-01-22T10:54:25+00:00\",\"description\":\"Discover handcrafted 22ct gold oval stud earrings set with blue and white cubic zirconia, offering a vibrant yet refined gold statement.\",\"breadcrumb\":{\"@id\":\"https:\\\/\\\/www.purejewels.com\\\/product\\\/22ct-gold-earring-19\\\/#breadcrumb\"},\"inLanguage\":\"tr\",\"potentialAction\":[{\"@type\":\"ReadAction\",\"target\":[\"https:\\\/\\\/www.purejewels.com\\\/product\\\/22ct-gold-earring-19\\\/\"]}]},{\"@type\":\"ImageObject\",\"inLanguage\":\"tr\",\"@id\":\"https:\\\/\\\/www.purejewels.com\\\/product\\\/22ct-gold-earring-19\\\/#primaryimage\",\"url\":\"https:\\\/\\\/static.purejewels.com\\\/wp-content\\\/uploads\\\/2019\\\/11\\\/31425-1.jpg\",\"contentUrl\":\"https:\\\/\\\/static.purejewels.com\\\/wp-content\\\/uploads\\\/2019\\\/11\\\/31425-1.jpg\",\"width\":466,\"height\":699,\"caption\":\"31425-1\"},{\"@type\":\"BreadcrumbList\",\"@id\":\"https:\\\/\\\/www.purejewels.com\\\/product\\\/22ct-gold-earring-19\\\/#breadcrumb\",\"itemListElement\":[{\"@type\":\"ListItem\",\"position\":1,\"name\":\"Home\",\"item\":\"https:\\\/\\\/www.purejewels.com\\\/\"},{\"@type\":\"ListItem\",\"position\":2,\"name\":\"Shop\",\"item\":\"https:\\\/\\\/www.purejewels.com\\\/shop\\\/\"},{\"@type\":\"ListItem\",\"position\":3,\"name\":\"22ct Gold Blue &#038; White CZ Oval Stud Earrings\"}]},{\"@type\":\"WebSite\",\"@id\":\"https:\\\/\\\/www.purejewels.com\\\/#website\",\"url\":\"https:\\\/\\\/www.purejewels.com\\\/\",\"name\":\"PureJewels UK\",\"description\":\"Share the Love\",\"publisher\":{\"@id\":\"https:\\\/\\\/www.purejewels.com\\\/#organization\"},\"potentialAction\":[{\"@type\":\"SearchAction\",\"target\":{\"@type\":\"EntryPoint\",\"urlTemplate\":\"https:\\\/\\\/www.purejewels.com\\\/?s={search_term_string}\"},\"query-input\":{\"@type\":\"PropertyValueSpecification\",\"valueRequired\":true,\"valueName\":\"search_term_string\"}}],\"inLanguage\":\"tr\"},{\"@type\":\"Organization\",\"@id\":\"https:\\\/\\\/www.purejewels.com\\\/#organization\",\"name\":\"PureJewels UK\",\"url\":\"https:\\\/\\\/www.purejewels.com\\\/\",\"logo\":{\"@type\":\"ImageObject\",\"inLanguage\":\"tr\",\"@id\":\"https:\\\/\\\/www.purejewels.com\\\/#\\\/schema\\\/logo\\\/image\\\/\",\"url\":\"https:\\\/\\\/static.purejewels.com\\\/wp-content\\\/uploads\\\/2020\\\/11\\\/Logo-PJ-New-1.png\",\"contentUrl\":\"https:\\\/\\\/static.purejewels.com\\\/wp-content\\\/uploads\\\/2020\\\/11\\\/Logo-PJ-New-1.png\",\"width\":150,\"height\":80,\"caption\":\"PureJewels UK\"},\"image\":{\"@id\":\"https:\\\/\\\/www.purejewels.com\\\/#\\\/schema\\\/logo\\\/image\\\/\"}}]}<\/script>\n<!-- \/ Yoast SEO plugin. -->","yoast_head_json":{"title":"22 Ayar Alt\u0131n Mavi &amp; Beyaz CZ Oval Saplama K\u00fcpe | PureJewels UK'de","description":"Mavi ve beyaz k\u00fcbik zirkon ta\u015fl\u0131 el yap\u0131m\u0131 22 ayar alt\u0131n oval k\u00fcpeleri ke\u015ffedin, canl\u0131 ama zarif bir alt\u0131n ifadesi sunuyor.","robots":{"index":"index","follow":"follow","max-snippet":"max-snippet:-1","max-image-preview":"max-image-preview:large","max-video-preview":"max-video-preview:-1"},"canonical":"https:\/\/www.purejewels.com\/tr\/urun\/22-ayar-altin-kupe-19\/","og_locale":"tr_TR","og_type":"article","og_title":"22ct Gold Blue & White CZ Oval Stud Earrings | in PureJewels UK","og_description":"Discover handcrafted 22ct gold oval stud earrings set with blue and white cubic zirconia, offering a vibrant yet refined gold statement.","og_url":"https:\/\/www.purejewels.com\/tr\/urun\/22-ayar-altin-kupe-19\/","og_site_name":"PureJewels UK","article_modified_time":"2026-01-22T10:54:25+00:00","og_image":[{"width":466,"height":699,"url":"https:\/\/static.purejewels.com\/wp-content\/uploads\/2019\/11\/31425-1.jpg","type":"image\/jpeg"}],"twitter_card":"summary_large_image","twitter_misc":{"Tahmini okuma s\u00fcresi":"1 dakika"},"schema":{"@context":"https:\/\/schema.org","@graph":[{"@type":["WebPage","ItemPage"],"@id":"https:\/\/www.purejewels.com\/product\/22ct-gold-earring-19\/","url":"https:\/\/www.purejewels.com\/product\/22ct-gold-earring-19\/","name":"22 Ayar Alt\u0131n Mavi &amp; Beyaz CZ Oval Saplama K\u00fcpe | PureJewels UK'de","isPartOf":{"@id":"https:\/\/www.purejewels.com\/#website"},"primaryImageOfPage":{"@id":"https:\/\/www.purejewels.com\/product\/22ct-gold-earring-19\/#primaryimage"},"image":{"@id":"https:\/\/www.purejewels.com\/product\/22ct-gold-earring-19\/#primaryimage"},"thumbnailUrl":"https:\/\/static.purejewels.com\/wp-content\/uploads\/2019\/11\/31425-1.jpg","datePublished":"2019-11-13T13:53:42+00:00","dateModified":"2026-01-22T10:54:25+00:00","description":"Mavi ve beyaz k\u00fcbik zirkon ta\u015fl\u0131 el yap\u0131m\u0131 22 ayar alt\u0131n oval k\u00fcpeleri ke\u015ffedin, canl\u0131 ama zarif bir alt\u0131n ifadesi sunuyor.","breadcrumb":{"@id":"https:\/\/www.purejewels.com\/product\/22ct-gold-earring-19\/#breadcrumb"},"inLanguage":"tr","potentialAction":[{"@type":"ReadAction","target":["https:\/\/www.purejewels.com\/product\/22ct-gold-earring-19\/"]}]},{"@type":"ImageObject","inLanguage":"tr","@id":"https:\/\/www.purejewels.com\/product\/22ct-gold-earring-19\/#primaryimage","url":"https:\/\/static.purejewels.com\/wp-content\/uploads\/2019\/11\/31425-1.jpg","contentUrl":"https:\/\/static.purejewels.com\/wp-content\/uploads\/2019\/11\/31425-1.jpg","width":466,"height":699,"caption":"31425-1"},{"@type":"BreadcrumbList","@id":"https:\/\/www.purejewels.com\/product\/22ct-gold-earring-19\/#breadcrumb","itemListElement":[{"@type":"ListItem","position":1,"name":"Home","item":"https:\/\/www.purejewels.com\/"},{"@type":"ListItem","position":2,"name":"Shop","item":"https:\/\/www.purejewels.com\/shop\/"},{"@type":"ListItem","position":3,"name":"22ct Gold Blue &#038; White CZ Oval Stud Earrings"}]},{"@type":"WebSite","@id":"https:\/\/www.purejewels.com\/#website","url":"https:\/\/www.purejewels.com\/","name":"PureJewels \u0130ngiltere","description":"Sevgiyi Payla\u015f\u0131n","publisher":{"@id":"https:\/\/www.purejewels.com\/#organization"},"potentialAction":[{"@type":"SearchAction","target":{"@type":"EntryPoint","urlTemplate":"https:\/\/www.purejewels.com\/?s={search_term_string}"},"query-input":{"@type":"PropertyValueSpecification","valueRequired":true,"valueName":"search_term_string"}}],"inLanguage":"tr"},{"@type":"Organization","@id":"https:\/\/www.purejewels.com\/#organization","name":"PureJewels \u0130ngiltere","url":"https:\/\/www.purejewels.com\/","logo":{"@type":"ImageObject","inLanguage":"tr","@id":"https:\/\/www.purejewels.com\/#\/schema\/logo\/image\/","url":"https:\/\/static.purejewels.com\/wp-content\/uploads\/2020\/11\/Logo-PJ-New-1.png","contentUrl":"https:\/\/static.purejewels.com\/wp-content\/uploads\/2020\/11\/Logo-PJ-New-1.png","width":150,"height":80,"caption":"PureJewels UK"},"image":{"@id":"https:\/\/www.purejewels.com\/#\/schema\/logo\/image\/"}}]}},"_links":{"self":[{"href":"https:\/\/www.purejewels.com\/tr\/wp-json\/wp\/v2\/product\/311843","targetHints":{"allow":["GET"]}}],"collection":[{"href":"https:\/\/www.purejewels.com\/tr\/wp-json\/wp\/v2\/product"}],"about":[{"href":"https:\/\/www.purejewels.com\/tr\/wp-json\/wp\/v2\/types\/product"}],"replies":[{"embeddable":true,"href":"https:\/\/www.purejewels.com\/tr\/wp-json\/wp\/v2\/comments?post=311843"}],"version-history":[{"count":1,"href":"https:\/\/www.purejewels.com\/tr\/wp-json\/wp\/v2\/product\/311843\/revisions"}],"predecessor-version":[{"id":425112,"href":"https:\/\/www.purejewels.com\/tr\/wp-json\/wp\/v2\/product\/311843\/revisions\/425112"}],"wp:featuredmedia":[{"embeddable":true,"href":"https:\/\/www.purejewels.com\/tr\/wp-json\/wp\/v2\/media\/312406"}],"wp:attachment":[{"href":"https:\/\/www.purejewels.com\/tr\/wp-json\/wp\/v2\/media?parent=311843"}],"wp:term":[{"taxonomy":"product_brand","embeddable":true,"href":"https:\/\/www.purejewels.com\/tr\/wp-json\/wp\/v2\/product_brand?post=311843"},{"taxonomy":"product_cat","embeddable":true,"href":"https:\/\/www.purejewels.com\/tr\/wp-json\/wp\/v2\/product_cat?post=311843"},{"taxonomy":"product_tag","embeddable":true,"href":"https:\/\/www.purejewels.com\/tr\/wp-json\/wp\/v2\/product_tag?post=311843"}],"curies":[{"name":"wp","href":"https:\/\/api.w.org\/{rel}","templated":true}]}}