{"id":311859,"date":"2019-11-18T10:08:50","date_gmt":"2019-11-18T10:08:50","guid":{"rendered":"https:\/\/www.purejewels.com\/?post_type=product&#038;p=311859"},"modified":"2025-12-09T11:07:24","modified_gmt":"2025-12-09T11:07:24","slug":"22-ayar-altin-halka-kupe","status":"publish","type":"product","link":"https:\/\/www.purejewels.com\/tr\/product\/22-carat-gold-hoop-earring\/","title":{"rendered":"22 ayar alt\u0131n g\u00fcnl\u00fck p\u00fcsk\u00fcl halka k\u00fcpeler"},"content":{"rendered":"<h4 data-start=\"673\" data-end=\"688\"><strong data-start=\"678\" data-end=\"688\">Tasar\u0131m<\/strong><\/h4>\n<p data-start=\"689\" data-end=\"924\">\u015e\u0131k bir g\u00fcnl\u00fck profil ile tasarlanan bu k\u00fcpeler, zarif bir hareket ve \u00e7ekicilik katan \u015f\u0131k bir p\u00fcsk\u00fcl detay\u0131na sahiptir. Dokulu unsurlar ve minik boncuk detaylar\u0131, sadelik ile sofistike bir dokunu\u015f aras\u0131nda denge kuran bir g\u00f6r\u00fcn\u00fcm yarat\u0131r.<\/p>\n<h4 data-start=\"926\" data-end=\"948\"><strong data-start=\"931\" data-end=\"948\">Zanaatkarl\u0131k<\/strong><\/h4>\n<p data-start=\"949\" data-end=\"1196\">P\u00fcr\u00fczs\u00fcz ve rahat bir uyum i\u00e7in hassas sonland\u0131rma teknikleri kullan\u0131larak saf 22 ayar alt\u0131ndan el i\u015f\u00e7ili\u011fi ile \u00fcretilmi\u015ftir. Her bir \u00e7ift, orijinalli\u011fi ve g\u00fcvenilir alt\u0131n safl\u0131\u011f\u0131n\u0131 garanti eden Birle\u015fik Krall\u0131k'ta tam damgal\u0131d\u0131r. Sabahtan ak\u015fama kadar rahatl\u0131kla tak\u0131labilecek \u015fekilde tasarlanm\u0131\u015ft\u0131r.<\/p>\n<h4 data-start=\"1198\" data-end=\"1224\"><strong data-start=\"1203\" data-end=\"1224\">\u015eekillendirme &amp; Hediyele\u015fme<\/strong><\/h4>\n<p data-start=\"1225\" data-end=\"1459\">G\u00fcnl\u00fck i\u015f k\u0131yafetleri ve sade \u00f6zel g\u00fcnler i\u00e7in m\u00fckemmel olan bu \u00e7ok y\u00f6nl\u00fc k\u00fcpeler, hem modern hem de geleneksel tarzlar\u0131 tamamlar. Do\u011fum g\u00fcnleri, y\u0131ld\u00f6n\u00fcmleri i\u00e7in veya sadece alt\u0131nla g\u00fcnl\u00fck anlar\u0131 g\u00fczelle\u015ftirmek i\u00e7in d\u00fc\u015f\u00fcnceli bir hediye.<\/p>","protected":false},"excerpt":{"rendered":"<p>G\u00fcnl\u00fck \u015f\u0131kl\u0131k i\u00e7in zarif p\u00fcsk\u00fcl detayl\u0131, hafif 22 ayar alt\u0131n halka k\u00fcpeler ve \u0130ngiltere damga sertifikas\u0131.<\/p>\n<ul>\n<li>22 Ayar Alt\u0131n Top Damlac\u0131kl\u0131 Halka K\u00fcpe<\/li>\n<li>G\u00fcnl\u00fck kullan\u0131m i\u00e7in uygun k\u00fcpe<\/li>\n<li>A\u011f\u0131rl\u0131k 4 g<\/li>\n<li>SKU. 31967<\/li>\n<li>T\u00fcm fiyatlara KDV dahildir<\/li>\n<li>T\u00fcm \u00fcr\u00fcnlerimiz London Assay Office taraf\u0131ndan damgalanm\u0131\u015ft\u0131r<\/li>\n<li>Sunum kutusu ile birlikte gelir<\/li>\n<li>Teslimat Dahil<\/li>\n<li>\u00dcr\u00fcn\u00fcn canl\u0131 videosunu g\u00f6rmek i\u00e7in bize ula\u015f\u0131n \/ bizimle sohbet edin<\/li>\n<\/ul>","protected":false},"featured_media":311870,"comment_status":"closed","ping_status":"closed","template":"","meta":{"_eb_attr":"","_crsspst_to_jayantr4sg-hostcom":false},"product_brand":[],"product_cat":[1559,1579,1575,1574],"product_tag":[],"class_list":{"0":"post-311859","1":"product","2":"type-product","3":"status-publish","4":"has-post-thumbnail","6":"product_cat-birthday-gifts","7":"product_cat-hoop-earrings","8":"product_cat-teenage-jewellery","9":"product_cat-womens-jewellery","11":"first","12":"outofstock","13":"taxable","14":"shipping-taxable","15":"product-type-simple","16":"add-to-wishlist-before_image"},"yoast_head":"<!-- This site is optimized with the Yoast SEO plugin v27.3 - https:\/\/yoast.com\/product\/yoast-seo-wordpress\/ -->\n<title>Lightweight Tassel Hoop Earrings in 22ct Gold | PureJewels UK<\/title>\n<meta name=\"description\" content=\"Lightweight 22ct gold hoop earrings with elegant tassel drops crafted for everyday wear. UK hallmarked and perfect for effortless style and gifting.\" \/>\n<meta name=\"robots\" content=\"index, follow, max-snippet:-1, max-image-preview:large, max-video-preview:-1\" \/>\n<link rel=\"canonical\" href=\"https:\/\/www.purejewels.com\/tr\/urun\/22-ayar-altin-halka-kupe\/\" \/>\n<meta property=\"og:locale\" content=\"tr_TR\" \/>\n<meta property=\"og:type\" content=\"article\" \/>\n<meta property=\"og:title\" content=\"Lightweight Tassel Hoop Earrings in 22ct Gold | PureJewels UK\" \/>\n<meta property=\"og:description\" content=\"Lightweight 22ct gold hoop earrings with elegant tassel drops crafted for everyday wear. UK hallmarked and perfect for effortless style and gifting.\" \/>\n<meta property=\"og:url\" content=\"https:\/\/www.purejewels.com\/tr\/urun\/22-ayar-altin-halka-kupe\/\" \/>\n<meta property=\"og:site_name\" content=\"PureJewels UK\" \/>\n<meta property=\"article:modified_time\" content=\"2025-12-09T11:07:24+00:00\" \/>\n<meta property=\"og:image\" content=\"https:\/\/static.purejewels.com\/wp-content\/uploads\/2019\/11\/I001.jpg\" \/>\n\t<meta property=\"og:image:width\" content=\"1000\" \/>\n\t<meta property=\"og:image:height\" content=\"1000\" \/>\n\t<meta property=\"og:image:type\" content=\"image\/jpeg\" \/>\n<meta name=\"twitter:card\" content=\"summary_large_image\" \/>\n<meta name=\"twitter:label1\" content=\"Tahmini okuma s\u00fcresi\" \/>\n\t<meta name=\"twitter:data1\" content=\"1 dakika\" \/>\n<script type=\"application\/ld+json\" class=\"yoast-schema-graph\">{\"@context\":\"https:\\\/\\\/schema.org\",\"@graph\":[{\"@type\":[\"WebPage\",\"ItemPage\"],\"@id\":\"https:\\\/\\\/www.purejewels.com\\\/product\\\/22-carat-gold-hoop-earring\\\/\",\"url\":\"https:\\\/\\\/www.purejewels.com\\\/product\\\/22-carat-gold-hoop-earring\\\/\",\"name\":\"Lightweight Tassel Hoop Earrings in 22ct Gold | PureJewels UK\",\"isPartOf\":{\"@id\":\"https:\\\/\\\/www.purejewels.com\\\/#website\"},\"primaryImageOfPage\":{\"@id\":\"https:\\\/\\\/www.purejewels.com\\\/product\\\/22-carat-gold-hoop-earring\\\/#primaryimage\"},\"image\":{\"@id\":\"https:\\\/\\\/www.purejewels.com\\\/product\\\/22-carat-gold-hoop-earring\\\/#primaryimage\"},\"thumbnailUrl\":\"https:\\\/\\\/static.purejewels.com\\\/wp-content\\\/uploads\\\/2019\\\/11\\\/I001.jpg\",\"datePublished\":\"2019-11-18T10:08:50+00:00\",\"dateModified\":\"2025-12-09T11:07:24+00:00\",\"description\":\"Lightweight 22ct gold hoop earrings with elegant tassel drops crafted for everyday wear. UK hallmarked and perfect for effortless style and gifting.\",\"breadcrumb\":{\"@id\":\"https:\\\/\\\/www.purejewels.com\\\/product\\\/22-carat-gold-hoop-earring\\\/#breadcrumb\"},\"inLanguage\":\"tr\",\"potentialAction\":[{\"@type\":\"ReadAction\",\"target\":[\"https:\\\/\\\/www.purejewels.com\\\/product\\\/22-carat-gold-hoop-earring\\\/\"]}]},{\"@type\":\"ImageObject\",\"inLanguage\":\"tr\",\"@id\":\"https:\\\/\\\/www.purejewels.com\\\/product\\\/22-carat-gold-hoop-earring\\\/#primaryimage\",\"url\":\"https:\\\/\\\/static.purejewels.com\\\/wp-content\\\/uploads\\\/2019\\\/11\\\/I001.jpg\",\"contentUrl\":\"https:\\\/\\\/static.purejewels.com\\\/wp-content\\\/uploads\\\/2019\\\/11\\\/I001.jpg\",\"width\":1000,\"height\":1000,\"caption\":\"I001\"},{\"@type\":\"BreadcrumbList\",\"@id\":\"https:\\\/\\\/www.purejewels.com\\\/product\\\/22-carat-gold-hoop-earring\\\/#breadcrumb\",\"itemListElement\":[{\"@type\":\"ListItem\",\"position\":1,\"name\":\"Home\",\"item\":\"https:\\\/\\\/www.purejewels.com\\\/\"},{\"@type\":\"ListItem\",\"position\":2,\"name\":\"Shop\",\"item\":\"https:\\\/\\\/www.purejewels.com\\\/shop\\\/\"},{\"@type\":\"ListItem\",\"position\":3,\"name\":\"22ct Gold Everyday Tassel Hoop Earrings\"}]},{\"@type\":\"WebSite\",\"@id\":\"https:\\\/\\\/www.purejewels.com\\\/#website\",\"url\":\"https:\\\/\\\/www.purejewels.com\\\/\",\"name\":\"PureJewels UK\",\"description\":\"Share the Love\",\"publisher\":{\"@id\":\"https:\\\/\\\/www.purejewels.com\\\/#organization\"},\"potentialAction\":[{\"@type\":\"SearchAction\",\"target\":{\"@type\":\"EntryPoint\",\"urlTemplate\":\"https:\\\/\\\/www.purejewels.com\\\/?s={search_term_string}\"},\"query-input\":{\"@type\":\"PropertyValueSpecification\",\"valueRequired\":true,\"valueName\":\"search_term_string\"}}],\"inLanguage\":\"tr\"},{\"@type\":\"Organization\",\"@id\":\"https:\\\/\\\/www.purejewels.com\\\/#organization\",\"name\":\"PureJewels UK\",\"url\":\"https:\\\/\\\/www.purejewels.com\\\/\",\"logo\":{\"@type\":\"ImageObject\",\"inLanguage\":\"tr\",\"@id\":\"https:\\\/\\\/www.purejewels.com\\\/#\\\/schema\\\/logo\\\/image\\\/\",\"url\":\"https:\\\/\\\/static.purejewels.com\\\/wp-content\\\/uploads\\\/2020\\\/11\\\/Logo-PJ-New-1.png\",\"contentUrl\":\"https:\\\/\\\/static.purejewels.com\\\/wp-content\\\/uploads\\\/2020\\\/11\\\/Logo-PJ-New-1.png\",\"width\":150,\"height\":80,\"caption\":\"PureJewels UK\"},\"image\":{\"@id\":\"https:\\\/\\\/www.purejewels.com\\\/#\\\/schema\\\/logo\\\/image\\\/\"}}]}<\/script>\n<!-- \/ Yoast SEO plugin. -->","yoast_head_json":{"title":"22 ayar alt\u0131n hafif p\u00fcsk\u00fcll\u00fc halka k\u00fcpeler | PureJewels UK","description":"G\u00fcnl\u00fck kullan\u0131m i\u00e7in tasarlanm\u0131\u015f, zarif p\u00fcsk\u00fcll\u00fc damlalar ile s\u00fcslenmi\u015f hafif 22 ayar alt\u0131n halka k\u00fcpeler. \u0130ngiltere damgal\u0131 ve zahmetsiz stil ve hediye i\u00e7in m\u00fckemmel.","robots":{"index":"index","follow":"follow","max-snippet":"max-snippet:-1","max-image-preview":"max-image-preview:large","max-video-preview":"max-video-preview:-1"},"canonical":"https:\/\/www.purejewels.com\/tr\/urun\/22-ayar-altin-halka-kupe\/","og_locale":"tr_TR","og_type":"article","og_title":"Lightweight Tassel Hoop Earrings in 22ct Gold | PureJewels UK","og_description":"Lightweight 22ct gold hoop earrings with elegant tassel drops crafted for everyday wear. UK hallmarked and perfect for effortless style and gifting.","og_url":"https:\/\/www.purejewels.com\/tr\/urun\/22-ayar-altin-halka-kupe\/","og_site_name":"PureJewels UK","article_modified_time":"2025-12-09T11:07:24+00:00","og_image":[{"width":1000,"height":1000,"url":"https:\/\/static.purejewels.com\/wp-content\/uploads\/2019\/11\/I001.jpg","type":"image\/jpeg"}],"twitter_card":"summary_large_image","twitter_misc":{"Tahmini okuma s\u00fcresi":"1 dakika"},"schema":{"@context":"https:\/\/schema.org","@graph":[{"@type":["WebPage","ItemPage"],"@id":"https:\/\/www.purejewels.com\/product\/22-carat-gold-hoop-earring\/","url":"https:\/\/www.purejewels.com\/product\/22-carat-gold-hoop-earring\/","name":"22 ayar alt\u0131n hafif p\u00fcsk\u00fcll\u00fc halka k\u00fcpeler | PureJewels UK","isPartOf":{"@id":"https:\/\/www.purejewels.com\/#website"},"primaryImageOfPage":{"@id":"https:\/\/www.purejewels.com\/product\/22-carat-gold-hoop-earring\/#primaryimage"},"image":{"@id":"https:\/\/www.purejewels.com\/product\/22-carat-gold-hoop-earring\/#primaryimage"},"thumbnailUrl":"https:\/\/static.purejewels.com\/wp-content\/uploads\/2019\/11\/I001.jpg","datePublished":"2019-11-18T10:08:50+00:00","dateModified":"2025-12-09T11:07:24+00:00","description":"G\u00fcnl\u00fck kullan\u0131m i\u00e7in tasarlanm\u0131\u015f, zarif p\u00fcsk\u00fcll\u00fc damlalar ile s\u00fcslenmi\u015f hafif 22 ayar alt\u0131n halka k\u00fcpeler. \u0130ngiltere damgal\u0131 ve zahmetsiz stil ve hediye i\u00e7in m\u00fckemmel.","breadcrumb":{"@id":"https:\/\/www.purejewels.com\/product\/22-carat-gold-hoop-earring\/#breadcrumb"},"inLanguage":"tr","potentialAction":[{"@type":"ReadAction","target":["https:\/\/www.purejewels.com\/product\/22-carat-gold-hoop-earring\/"]}]},{"@type":"ImageObject","inLanguage":"tr","@id":"https:\/\/www.purejewels.com\/product\/22-carat-gold-hoop-earring\/#primaryimage","url":"https:\/\/static.purejewels.com\/wp-content\/uploads\/2019\/11\/I001.jpg","contentUrl":"https:\/\/static.purejewels.com\/wp-content\/uploads\/2019\/11\/I001.jpg","width":1000,"height":1000,"caption":"I001"},{"@type":"BreadcrumbList","@id":"https:\/\/www.purejewels.com\/product\/22-carat-gold-hoop-earring\/#breadcrumb","itemListElement":[{"@type":"ListItem","position":1,"name":"Home","item":"https:\/\/www.purejewels.com\/"},{"@type":"ListItem","position":2,"name":"Shop","item":"https:\/\/www.purejewels.com\/shop\/"},{"@type":"ListItem","position":3,"name":"22ct Gold Everyday Tassel Hoop Earrings"}]},{"@type":"WebSite","@id":"https:\/\/www.purejewels.com\/#website","url":"https:\/\/www.purejewels.com\/","name":"PureJewels \u0130ngiltere","description":"Sevgiyi Payla\u015f\u0131n","publisher":{"@id":"https:\/\/www.purejewels.com\/#organization"},"potentialAction":[{"@type":"SearchAction","target":{"@type":"EntryPoint","urlTemplate":"https:\/\/www.purejewels.com\/?s={search_term_string}"},"query-input":{"@type":"PropertyValueSpecification","valueRequired":true,"valueName":"search_term_string"}}],"inLanguage":"tr"},{"@type":"Organization","@id":"https:\/\/www.purejewels.com\/#organization","name":"PureJewels \u0130ngiltere","url":"https:\/\/www.purejewels.com\/","logo":{"@type":"ImageObject","inLanguage":"tr","@id":"https:\/\/www.purejewels.com\/#\/schema\/logo\/image\/","url":"https:\/\/static.purejewels.com\/wp-content\/uploads\/2020\/11\/Logo-PJ-New-1.png","contentUrl":"https:\/\/static.purejewels.com\/wp-content\/uploads\/2020\/11\/Logo-PJ-New-1.png","width":150,"height":80,"caption":"PureJewels UK"},"image":{"@id":"https:\/\/www.purejewels.com\/#\/schema\/logo\/image\/"}}]}},"_links":{"self":[{"href":"https:\/\/www.purejewels.com\/tr\/wp-json\/wp\/v2\/product\/311859","targetHints":{"allow":["GET"]}}],"collection":[{"href":"https:\/\/www.purejewels.com\/tr\/wp-json\/wp\/v2\/product"}],"about":[{"href":"https:\/\/www.purejewels.com\/tr\/wp-json\/wp\/v2\/types\/product"}],"replies":[{"embeddable":true,"href":"https:\/\/www.purejewels.com\/tr\/wp-json\/wp\/v2\/comments?post=311859"}],"version-history":[{"count":2,"href":"https:\/\/www.purejewels.com\/tr\/wp-json\/wp\/v2\/product\/311859\/revisions"}],"predecessor-version":[{"id":422756,"href":"https:\/\/www.purejewels.com\/tr\/wp-json\/wp\/v2\/product\/311859\/revisions\/422756"}],"wp:featuredmedia":[{"embeddable":true,"href":"https:\/\/www.purejewels.com\/tr\/wp-json\/wp\/v2\/media\/311870"}],"wp:attachment":[{"href":"https:\/\/www.purejewels.com\/tr\/wp-json\/wp\/v2\/media?parent=311859"}],"wp:term":[{"taxonomy":"product_brand","embeddable":true,"href":"https:\/\/www.purejewels.com\/tr\/wp-json\/wp\/v2\/product_brand?post=311859"},{"taxonomy":"product_cat","embeddable":true,"href":"https:\/\/www.purejewels.com\/tr\/wp-json\/wp\/v2\/product_cat?post=311859"},{"taxonomy":"product_tag","embeddable":true,"href":"https:\/\/www.purejewels.com\/tr\/wp-json\/wp\/v2\/product_tag?post=311859"}],"curies":[{"name":"wp","href":"https:\/\/api.w.org\/{rel}","templated":true}]}}