{"id":311860,"date":"2019-11-18T10:10:11","date_gmt":"2019-11-18T10:10:11","guid":{"rendered":"https:\/\/www.purejewels.com\/?post_type=product&#038;p=311860"},"modified":"2025-12-09T10:48:03","modified_gmt":"2025-12-09T10:48:03","slug":"22-ayar-altin-halka-kupe-2","status":"publish","type":"product","link":"https:\/\/www.purejewels.com\/tr\/product\/22-carat-gold-hoop-earring-2\/","title":{"rendered":"22 ayar alt\u0131n g\u00fcnl\u00fck halka k\u00fcpeler"},"content":{"rendered":"<h4 data-start=\"604\" data-end=\"619\"><strong data-start=\"609\" data-end=\"619\">Tasar\u0131m<\/strong><\/h4>\n<p data-start=\"620\" data-end=\"843\">Bu klasik k\u00fcpeler, e\u011flenceli bir hareket katarak \u00e7ekici bir top damlas\u0131 vurgusu ile zenginle\u015ftirilmi\u015ftir. Parlak y\u00fczey ve ince doku, tasar\u0131m\u0131 sade ve her g\u00fcn tak\u0131labilir tutarken zarif bir g\u00f6r\u00fcn\u00fcm yarat\u0131r.<\/p>\n<h4 data-start=\"845\" data-end=\"867\"><strong data-start=\"850\" data-end=\"867\">Zanaatkarl\u0131k<\/strong><\/h4>\n<p data-start=\"868\" data-end=\"1104\">Saf 22 ayar alt\u0131ndan el i\u015f\u00e7ili\u011fi ile \u00fcretilmi\u015f, ince detaylara sahip ve rahatl\u0131k ve g\u00fcven i\u00e7in g\u00fcvenli bir kapatma mekanizmas\u0131 ile donat\u0131lm\u0131\u015ft\u0131r. Her bir \u00e7ift, ola\u011fan\u00fcst\u00fc safl\u0131k ve kaliteyi teyit eden, Birle\u015fik Krall\u0131k'ta tam damgal\u0131d\u0131r. Uzun saatler boyunca tak\u0131ld\u0131\u011f\u0131nda t\u00fcy kadar hafif hissettirecek \u015fekilde tasarlanm\u0131\u015ft\u0131r.<\/p>\n<h4 data-start=\"1106\" data-end=\"1132\"><strong data-start=\"1111\" data-end=\"1132\">\u015eekillendirme &amp; Hediyele\u015fme<\/strong><\/h4>\n<p data-start=\"1133\" data-end=\"1365\">G\u00fcndelik k\u0131yafetler, i\u015f k\u0131yafetleri ve \u015fenlikli stillerle m\u00fckemmel uyum sa\u011flayan \u00e7ok y\u00f6nl\u00fc bir temel par\u00e7a. G\u00fcnl\u00fck kullan\u0131m i\u00e7in m\u00fckemmel ve do\u011fum g\u00fcnlerini, ki\u015fisel d\u00f6n\u00fcm noktalar\u0131n\u0131 kutlamak veya sadece g\u00fcnl\u00fck anlara biraz alt\u0131n rengi katmak i\u00e7in ideal bir hediye.<\/p>","protected":false},"excerpt":{"rendered":"<ul>\n<li>22 Ayar Alt\u0131n Top Damlac\u0131kl\u0131 Halka K\u00fcpe<\/li>\n<li>G\u00fcnl\u00fck kullan\u0131m i\u00e7in uygun k\u00fcpe<\/li>\n<li>A\u011f\u0131rl\u0131k 4 g<\/li>\n<li>SKU. 31963<\/li>\n<li>T\u00fcm fiyatlara KDV dahildir<\/li>\n<li>T\u00fcm \u00fcr\u00fcnlerimiz London Assay Office taraf\u0131ndan damgalanm\u0131\u015ft\u0131r<\/li>\n<li>Sunum kutusu ile birlikte gelir<\/li>\n<li>Teslimat Dahil<\/li>\n<li>\u00dcr\u00fcn\u00fcn canl\u0131 videosunu g\u00f6rmek i\u00e7in bize ula\u015f\u0131n \/ bizimle sohbet edin<\/li>\n<\/ul>","protected":false},"featured_media":311871,"comment_status":"closed","ping_status":"closed","template":"","meta":{"_eb_attr":"","_crsspst_to_jayantr4sg-hostcom":false},"product_brand":[],"product_cat":[1559,1579,1574],"product_tag":[],"class_list":{"0":"post-311860","1":"product","2":"type-product","3":"status-publish","4":"has-post-thumbnail","6":"product_cat-birthday-gifts","7":"product_cat-hoop-earrings","8":"product_cat-womens-jewellery","10":"first","11":"outofstock","12":"taxable","13":"shipping-taxable","14":"product-type-simple","15":"add-to-wishlist-before_image"},"yoast_head":"<!-- This site is optimized with the Yoast SEO plugin v27.3 - https:\/\/yoast.com\/product\/yoast-seo-wordpress\/ -->\n<title>22ct Gold Daily Hoop Drop Earrings | PureJewels UK<\/title>\n<meta name=\"description\" content=\"Everyday 22ct gold hoop earrings with a playful droplet charm. Lightweight and UK hallmarked. A perfect daily-wear choice with subtle sparkle and movement.\" \/>\n<meta name=\"robots\" content=\"index, follow, max-snippet:-1, max-image-preview:large, max-video-preview:-1\" \/>\n<link rel=\"canonical\" href=\"https:\/\/www.purejewels.com\/tr\/urun\/22-ayar-altin-halka-kupe-2\/\" \/>\n<meta property=\"og:locale\" content=\"tr_TR\" \/>\n<meta property=\"og:type\" content=\"article\" \/>\n<meta property=\"og:title\" content=\"22ct Gold Daily Hoop Drop Earrings | PureJewels UK\" \/>\n<meta property=\"og:description\" content=\"Everyday 22ct gold hoop earrings with a playful droplet charm. Lightweight and UK hallmarked. A perfect daily-wear choice with subtle sparkle and movement.\" \/>\n<meta property=\"og:url\" content=\"https:\/\/www.purejewels.com\/tr\/urun\/22-ayar-altin-halka-kupe-2\/\" \/>\n<meta property=\"og:site_name\" content=\"PureJewels UK\" \/>\n<meta property=\"article:modified_time\" content=\"2025-12-09T10:48:03+00:00\" \/>\n<meta property=\"og:image\" content=\"https:\/\/static.purejewels.com\/wp-content\/uploads\/2019\/11\/I002.jpg\" \/>\n\t<meta property=\"og:image:width\" content=\"1000\" \/>\n\t<meta property=\"og:image:height\" content=\"1000\" \/>\n\t<meta property=\"og:image:type\" content=\"image\/jpeg\" \/>\n<meta name=\"twitter:card\" content=\"summary_large_image\" \/>\n<meta name=\"twitter:label1\" content=\"Tahmini okuma s\u00fcresi\" \/>\n\t<meta name=\"twitter:data1\" content=\"1 dakika\" \/>\n<script type=\"application\/ld+json\" class=\"yoast-schema-graph\">{\"@context\":\"https:\\\/\\\/schema.org\",\"@graph\":[{\"@type\":[\"WebPage\",\"ItemPage\"],\"@id\":\"https:\\\/\\\/www.purejewels.com\\\/product\\\/22-carat-gold-hoop-earring-2\\\/\",\"url\":\"https:\\\/\\\/www.purejewels.com\\\/product\\\/22-carat-gold-hoop-earring-2\\\/\",\"name\":\"22ct Gold Daily Hoop Drop Earrings | PureJewels UK\",\"isPartOf\":{\"@id\":\"https:\\\/\\\/www.purejewels.com\\\/#website\"},\"primaryImageOfPage\":{\"@id\":\"https:\\\/\\\/www.purejewels.com\\\/product\\\/22-carat-gold-hoop-earring-2\\\/#primaryimage\"},\"image\":{\"@id\":\"https:\\\/\\\/www.purejewels.com\\\/product\\\/22-carat-gold-hoop-earring-2\\\/#primaryimage\"},\"thumbnailUrl\":\"https:\\\/\\\/static.purejewels.com\\\/wp-content\\\/uploads\\\/2019\\\/11\\\/I002.jpg\",\"datePublished\":\"2019-11-18T10:10:11+00:00\",\"dateModified\":\"2025-12-09T10:48:03+00:00\",\"description\":\"Everyday 22ct gold hoop earrings with a playful droplet charm. Lightweight and UK hallmarked. A perfect daily-wear choice with subtle sparkle and movement.\",\"breadcrumb\":{\"@id\":\"https:\\\/\\\/www.purejewels.com\\\/product\\\/22-carat-gold-hoop-earring-2\\\/#breadcrumb\"},\"inLanguage\":\"tr\",\"potentialAction\":[{\"@type\":\"ReadAction\",\"target\":[\"https:\\\/\\\/www.purejewels.com\\\/product\\\/22-carat-gold-hoop-earring-2\\\/\"]}]},{\"@type\":\"ImageObject\",\"inLanguage\":\"tr\",\"@id\":\"https:\\\/\\\/www.purejewels.com\\\/product\\\/22-carat-gold-hoop-earring-2\\\/#primaryimage\",\"url\":\"https:\\\/\\\/static.purejewels.com\\\/wp-content\\\/uploads\\\/2019\\\/11\\\/I002.jpg\",\"contentUrl\":\"https:\\\/\\\/static.purejewels.com\\\/wp-content\\\/uploads\\\/2019\\\/11\\\/I002.jpg\",\"width\":1000,\"height\":1000,\"caption\":\"I002\"},{\"@type\":\"BreadcrumbList\",\"@id\":\"https:\\\/\\\/www.purejewels.com\\\/product\\\/22-carat-gold-hoop-earring-2\\\/#breadcrumb\",\"itemListElement\":[{\"@type\":\"ListItem\",\"position\":1,\"name\":\"Home\",\"item\":\"https:\\\/\\\/www.purejewels.com\\\/\"},{\"@type\":\"ListItem\",\"position\":2,\"name\":\"Shop\",\"item\":\"https:\\\/\\\/www.purejewels.com\\\/shop\\\/\"},{\"@type\":\"ListItem\",\"position\":3,\"name\":\"22ct Gold Everyday Hoop Drops\"}]},{\"@type\":\"WebSite\",\"@id\":\"https:\\\/\\\/www.purejewels.com\\\/#website\",\"url\":\"https:\\\/\\\/www.purejewels.com\\\/\",\"name\":\"PureJewels UK\",\"description\":\"Share the Love\",\"publisher\":{\"@id\":\"https:\\\/\\\/www.purejewels.com\\\/#organization\"},\"potentialAction\":[{\"@type\":\"SearchAction\",\"target\":{\"@type\":\"EntryPoint\",\"urlTemplate\":\"https:\\\/\\\/www.purejewels.com\\\/?s={search_term_string}\"},\"query-input\":{\"@type\":\"PropertyValueSpecification\",\"valueRequired\":true,\"valueName\":\"search_term_string\"}}],\"inLanguage\":\"tr\"},{\"@type\":\"Organization\",\"@id\":\"https:\\\/\\\/www.purejewels.com\\\/#organization\",\"name\":\"PureJewels UK\",\"url\":\"https:\\\/\\\/www.purejewels.com\\\/\",\"logo\":{\"@type\":\"ImageObject\",\"inLanguage\":\"tr\",\"@id\":\"https:\\\/\\\/www.purejewels.com\\\/#\\\/schema\\\/logo\\\/image\\\/\",\"url\":\"https:\\\/\\\/static.purejewels.com\\\/wp-content\\\/uploads\\\/2020\\\/11\\\/Logo-PJ-New-1.png\",\"contentUrl\":\"https:\\\/\\\/static.purejewels.com\\\/wp-content\\\/uploads\\\/2020\\\/11\\\/Logo-PJ-New-1.png\",\"width\":150,\"height\":80,\"caption\":\"PureJewels UK\"},\"image\":{\"@id\":\"https:\\\/\\\/www.purejewels.com\\\/#\\\/schema\\\/logo\\\/image\\\/\"}}]}<\/script>\n<!-- \/ Yoast SEO plugin. -->","yoast_head_json":{"title":"22 ayar alt\u0131n g\u00fcnl\u00fck halka damla k\u00fcpeler | PureJewels UK","description":"E\u011flenceli damla charm'l\u0131, g\u00fcnl\u00fck kullan\u0131m i\u00e7in ideal 22 ayar alt\u0131n halka k\u00fcpeler. Hafif ve \u0130ngiltere damgal\u0131. Hafif \u0131\u015f\u0131lt\u0131s\u0131 ve hareketlili\u011fi ile g\u00fcnl\u00fck kullan\u0131m i\u00e7in m\u00fckemmel bir se\u00e7im.","robots":{"index":"index","follow":"follow","max-snippet":"max-snippet:-1","max-image-preview":"max-image-preview:large","max-video-preview":"max-video-preview:-1"},"canonical":"https:\/\/www.purejewels.com\/tr\/urun\/22-ayar-altin-halka-kupe-2\/","og_locale":"tr_TR","og_type":"article","og_title":"22ct Gold Daily Hoop Drop Earrings | PureJewels UK","og_description":"Everyday 22ct gold hoop earrings with a playful droplet charm. Lightweight and UK hallmarked. A perfect daily-wear choice with subtle sparkle and movement.","og_url":"https:\/\/www.purejewels.com\/tr\/urun\/22-ayar-altin-halka-kupe-2\/","og_site_name":"PureJewels UK","article_modified_time":"2025-12-09T10:48:03+00:00","og_image":[{"width":1000,"height":1000,"url":"https:\/\/static.purejewels.com\/wp-content\/uploads\/2019\/11\/I002.jpg","type":"image\/jpeg"}],"twitter_card":"summary_large_image","twitter_misc":{"Tahmini okuma s\u00fcresi":"1 dakika"},"schema":{"@context":"https:\/\/schema.org","@graph":[{"@type":["WebPage","ItemPage"],"@id":"https:\/\/www.purejewels.com\/product\/22-carat-gold-hoop-earring-2\/","url":"https:\/\/www.purejewels.com\/product\/22-carat-gold-hoop-earring-2\/","name":"22 ayar alt\u0131n g\u00fcnl\u00fck halka damla k\u00fcpeler | PureJewels UK","isPartOf":{"@id":"https:\/\/www.purejewels.com\/#website"},"primaryImageOfPage":{"@id":"https:\/\/www.purejewels.com\/product\/22-carat-gold-hoop-earring-2\/#primaryimage"},"image":{"@id":"https:\/\/www.purejewels.com\/product\/22-carat-gold-hoop-earring-2\/#primaryimage"},"thumbnailUrl":"https:\/\/static.purejewels.com\/wp-content\/uploads\/2019\/11\/I002.jpg","datePublished":"2019-11-18T10:10:11+00:00","dateModified":"2025-12-09T10:48:03+00:00","description":"E\u011flenceli damla charm'l\u0131, g\u00fcnl\u00fck kullan\u0131m i\u00e7in ideal 22 ayar alt\u0131n halka k\u00fcpeler. Hafif ve \u0130ngiltere damgal\u0131. Hafif \u0131\u015f\u0131lt\u0131s\u0131 ve hareketlili\u011fi ile g\u00fcnl\u00fck kullan\u0131m i\u00e7in m\u00fckemmel bir se\u00e7im.","breadcrumb":{"@id":"https:\/\/www.purejewels.com\/product\/22-carat-gold-hoop-earring-2\/#breadcrumb"},"inLanguage":"tr","potentialAction":[{"@type":"ReadAction","target":["https:\/\/www.purejewels.com\/product\/22-carat-gold-hoop-earring-2\/"]}]},{"@type":"ImageObject","inLanguage":"tr","@id":"https:\/\/www.purejewels.com\/product\/22-carat-gold-hoop-earring-2\/#primaryimage","url":"https:\/\/static.purejewels.com\/wp-content\/uploads\/2019\/11\/I002.jpg","contentUrl":"https:\/\/static.purejewels.com\/wp-content\/uploads\/2019\/11\/I002.jpg","width":1000,"height":1000,"caption":"I002"},{"@type":"BreadcrumbList","@id":"https:\/\/www.purejewels.com\/product\/22-carat-gold-hoop-earring-2\/#breadcrumb","itemListElement":[{"@type":"ListItem","position":1,"name":"Home","item":"https:\/\/www.purejewels.com\/"},{"@type":"ListItem","position":2,"name":"Shop","item":"https:\/\/www.purejewels.com\/shop\/"},{"@type":"ListItem","position":3,"name":"22ct Gold Everyday Hoop Drops"}]},{"@type":"WebSite","@id":"https:\/\/www.purejewels.com\/#website","url":"https:\/\/www.purejewels.com\/","name":"PureJewels \u0130ngiltere","description":"Sevgiyi Payla\u015f\u0131n","publisher":{"@id":"https:\/\/www.purejewels.com\/#organization"},"potentialAction":[{"@type":"SearchAction","target":{"@type":"EntryPoint","urlTemplate":"https:\/\/www.purejewels.com\/?s={search_term_string}"},"query-input":{"@type":"PropertyValueSpecification","valueRequired":true,"valueName":"search_term_string"}}],"inLanguage":"tr"},{"@type":"Organization","@id":"https:\/\/www.purejewels.com\/#organization","name":"PureJewels \u0130ngiltere","url":"https:\/\/www.purejewels.com\/","logo":{"@type":"ImageObject","inLanguage":"tr","@id":"https:\/\/www.purejewels.com\/#\/schema\/logo\/image\/","url":"https:\/\/static.purejewels.com\/wp-content\/uploads\/2020\/11\/Logo-PJ-New-1.png","contentUrl":"https:\/\/static.purejewels.com\/wp-content\/uploads\/2020\/11\/Logo-PJ-New-1.png","width":150,"height":80,"caption":"PureJewels UK"},"image":{"@id":"https:\/\/www.purejewels.com\/#\/schema\/logo\/image\/"}}]}},"_links":{"self":[{"href":"https:\/\/www.purejewels.com\/tr\/wp-json\/wp\/v2\/product\/311860","targetHints":{"allow":["GET"]}}],"collection":[{"href":"https:\/\/www.purejewels.com\/tr\/wp-json\/wp\/v2\/product"}],"about":[{"href":"https:\/\/www.purejewels.com\/tr\/wp-json\/wp\/v2\/types\/product"}],"replies":[{"embeddable":true,"href":"https:\/\/www.purejewels.com\/tr\/wp-json\/wp\/v2\/comments?post=311860"}],"version-history":[{"count":2,"href":"https:\/\/www.purejewels.com\/tr\/wp-json\/wp\/v2\/product\/311860\/revisions"}],"predecessor-version":[{"id":422752,"href":"https:\/\/www.purejewels.com\/tr\/wp-json\/wp\/v2\/product\/311860\/revisions\/422752"}],"wp:featuredmedia":[{"embeddable":true,"href":"https:\/\/www.purejewels.com\/tr\/wp-json\/wp\/v2\/media\/311871"}],"wp:attachment":[{"href":"https:\/\/www.purejewels.com\/tr\/wp-json\/wp\/v2\/media?parent=311860"}],"wp:term":[{"taxonomy":"product_brand","embeddable":true,"href":"https:\/\/www.purejewels.com\/tr\/wp-json\/wp\/v2\/product_brand?post=311860"},{"taxonomy":"product_cat","embeddable":true,"href":"https:\/\/www.purejewels.com\/tr\/wp-json\/wp\/v2\/product_cat?post=311860"},{"taxonomy":"product_tag","embeddable":true,"href":"https:\/\/www.purejewels.com\/tr\/wp-json\/wp\/v2\/product_tag?post=311860"}],"curies":[{"name":"wp","href":"https:\/\/api.w.org\/{rel}","templated":true}]}}