{"id":311861,"date":"2019-11-18T10:11:59","date_gmt":"2019-11-18T10:11:59","guid":{"rendered":"https:\/\/www.purejewels.com\/?post_type=product&#038;p=311861"},"modified":"2025-12-09T10:57:27","modified_gmt":"2025-12-09T10:57:27","slug":"22-ayar-altin-halka-kupe-3","status":"publish","type":"product","link":"https:\/\/www.purejewels.com\/tr\/product\/22-carat-gold-hoop-earring-3\/","title":{"rendered":"22 ayar alt\u0131n g\u00fcnl\u00fck \u015f\u0131k p\u00fcsk\u00fcll\u00fc k\u00fcpeler"},"content":{"rendered":"<h4 data-start=\"636\" data-end=\"651\"><strong data-start=\"641\" data-end=\"651\">Tasar\u0131m<\/strong><\/h4>\n<p data-start=\"652\" data-end=\"887\">Bu k\u00fcpeler, \u015f\u0131k bir g\u00fcnl\u00fck profil ile tasarlanm\u0131\u015f ve zarif bir hareket katan zarif p\u00fcsk\u00fcl detaylar\u0131 ile tamamlanm\u0131\u015ft\u0131r. Cilal\u0131 detaylar ve geometrik dokular, k\u00fcpelerin sadeli\u011fini modern bir g\u00fcnl\u00fck stil klasi\u011fine d\u00f6n\u00fc\u015ft\u00fcr\u00fcr.<\/p>\n<h4 data-start=\"889\" data-end=\"911\"><strong data-start=\"894\" data-end=\"911\">Zanaatkarl\u0131k<\/strong><\/h4>\n<p data-start=\"912\" data-end=\"1146\">Hassas detaylar ve kolay tak\u0131labilmesi i\u00e7in g\u00fcvenli bir halka mekanizmas\u0131 kullan\u0131larak saf 22 ayar alt\u0131ndan ustal\u0131kla el yap\u0131m\u0131. Alt\u0131n\u0131n safl\u0131\u011f\u0131n\u0131 ve kaliteli i\u015f\u00e7ili\u011fini onaylayan, Birle\u015fik Krall\u0131k'ta tam damgal\u0131. S\u0131k tak\u0131lmak \u00fczere tasarlanm\u0131\u015f rahat bir tasar\u0131m.<\/p>\n<h4 data-start=\"1148\" data-end=\"1174\"><strong data-start=\"1153\" data-end=\"1174\">\u015eekillendirme &amp; Hediyele\u015fme<\/strong><\/h4>\n<p data-start=\"1175\" data-end=\"1387\">G\u00fcndelik k\u0131yafetlere, ofis k\u0131yafetlerine ve sade \u015f\u0131k k\u0131yafetlere \u015f\u0131k bir son dokunu\u015f. Bu \u00e7ok y\u00f6nl\u00fc k\u00fcpeler, ki\u015fisel d\u00f6n\u00fcm noktalar\u0131n\u0131 ve g\u00fcnl\u00fck anlar\u0131 alt\u0131n bir dokunu\u015fla kutlayan d\u00fc\u015f\u00fcnceli bir hediye se\u00e7ene\u011fidir.<\/p>","protected":false},"excerpt":{"rendered":"<p>\u015e\u0131k p\u00fcsk\u00fcl detayl\u0131, hafif 22 ayar alt\u0131n halka k\u00fcpeler, \u0130ngiltere'de damgal\u0131 ve g\u00fcnl\u00fck \u015f\u0131kl\u0131k i\u00e7in tasarlanm\u0131\u015ft\u0131r.<\/p>\n<ul>\n<li>22 Ayar Alt\u0131n Top Damlac\u0131kl\u0131 Halka K\u00fcpe<\/li>\n<li>G\u00fcnl\u00fck kullan\u0131m i\u00e7in uygun k\u00fcpe<\/li>\n<li>A\u011f\u0131rl\u0131k 4.5 g<\/li>\n<li>SKU. 31964<\/li>\n<li>T\u00fcm fiyatlara KDV dahildir<\/li>\n<li>T\u00fcm \u00fcr\u00fcnlerimiz London Assay Office taraf\u0131ndan damgalanm\u0131\u015ft\u0131r<\/li>\n<li>Sunum kutusu ile birlikte gelir<\/li>\n<li>Teslimat Dahil<\/li>\n<li>\u00dcr\u00fcn\u00fcn canl\u0131 videosunu g\u00f6rmek i\u00e7in bize ula\u015f\u0131n \/ bizimle sohbet edin<\/li>\n<\/ul>","protected":false},"featured_media":311872,"comment_status":"closed","ping_status":"closed","template":"","meta":{"_eb_attr":"","_crsspst_to_jayantr4sg-hostcom":false},"product_brand":[],"product_cat":[1579,1574],"product_tag":[],"class_list":{"0":"post-311861","1":"product","2":"type-product","3":"status-publish","4":"has-post-thumbnail","6":"product_cat-hoop-earrings","7":"product_cat-womens-jewellery","9":"first","10":"outofstock","11":"taxable","12":"shipping-taxable","13":"product-type-simple","14":"add-to-wishlist-before_image"},"yoast_head":"<!-- This site is optimized with the Yoast SEO plugin v27.3 - https:\/\/yoast.com\/product\/yoast-seo-wordpress\/ -->\n<title>Lightweight 22ct Gold Tassel Hoop Earrings | PureJewels UK<\/title>\n<meta name=\"description\" content=\"Everyday 22ct gold hoop earrings with a chic tassel drop detail. Lightweight and UK hallmarked for daily comfort style and shine.\" \/>\n<meta name=\"robots\" content=\"index, follow, max-snippet:-1, max-image-preview:large, max-video-preview:-1\" \/>\n<link rel=\"canonical\" href=\"https:\/\/www.purejewels.com\/tr\/urun\/22-ayar-altin-halka-kupe-3\/\" \/>\n<meta property=\"og:locale\" content=\"tr_TR\" \/>\n<meta property=\"og:type\" content=\"article\" \/>\n<meta property=\"og:title\" content=\"Lightweight 22ct Gold Tassel Hoop Earrings | PureJewels UK\" \/>\n<meta property=\"og:description\" content=\"Everyday 22ct gold hoop earrings with a chic tassel drop detail. Lightweight and UK hallmarked for daily comfort style and shine.\" \/>\n<meta property=\"og:url\" content=\"https:\/\/www.purejewels.com\/tr\/urun\/22-ayar-altin-halka-kupe-3\/\" \/>\n<meta property=\"og:site_name\" content=\"PureJewels UK\" \/>\n<meta property=\"article:modified_time\" content=\"2025-12-09T10:57:27+00:00\" \/>\n<meta property=\"og:image\" content=\"https:\/\/static.purejewels.com\/wp-content\/uploads\/2019\/11\/I003.jpg\" \/>\n\t<meta property=\"og:image:width\" content=\"1000\" \/>\n\t<meta property=\"og:image:height\" content=\"1000\" \/>\n\t<meta property=\"og:image:type\" content=\"image\/jpeg\" \/>\n<meta name=\"twitter:card\" content=\"summary_large_image\" \/>\n<meta name=\"twitter:label1\" content=\"Tahmini okuma s\u00fcresi\" \/>\n\t<meta name=\"twitter:data1\" content=\"1 dakika\" \/>\n<script type=\"application\/ld+json\" class=\"yoast-schema-graph\">{\"@context\":\"https:\\\/\\\/schema.org\",\"@graph\":[{\"@type\":[\"WebPage\",\"ItemPage\"],\"@id\":\"https:\\\/\\\/www.purejewels.com\\\/product\\\/22-carat-gold-hoop-earring-3\\\/\",\"url\":\"https:\\\/\\\/www.purejewels.com\\\/product\\\/22-carat-gold-hoop-earring-3\\\/\",\"name\":\"Lightweight 22ct Gold Tassel Hoop Earrings | PureJewels UK\",\"isPartOf\":{\"@id\":\"https:\\\/\\\/www.purejewels.com\\\/#website\"},\"primaryImageOfPage\":{\"@id\":\"https:\\\/\\\/www.purejewels.com\\\/product\\\/22-carat-gold-hoop-earring-3\\\/#primaryimage\"},\"image\":{\"@id\":\"https:\\\/\\\/www.purejewels.com\\\/product\\\/22-carat-gold-hoop-earring-3\\\/#primaryimage\"},\"thumbnailUrl\":\"https:\\\/\\\/static.purejewels.com\\\/wp-content\\\/uploads\\\/2019\\\/11\\\/I003.jpg\",\"datePublished\":\"2019-11-18T10:11:59+00:00\",\"dateModified\":\"2025-12-09T10:57:27+00:00\",\"description\":\"Everyday 22ct gold hoop earrings with a chic tassel drop detail. Lightweight and UK hallmarked for daily comfort style and shine.\",\"breadcrumb\":{\"@id\":\"https:\\\/\\\/www.purejewels.com\\\/product\\\/22-carat-gold-hoop-earring-3\\\/#breadcrumb\"},\"inLanguage\":\"tr\",\"potentialAction\":[{\"@type\":\"ReadAction\",\"target\":[\"https:\\\/\\\/www.purejewels.com\\\/product\\\/22-carat-gold-hoop-earring-3\\\/\"]}]},{\"@type\":\"ImageObject\",\"inLanguage\":\"tr\",\"@id\":\"https:\\\/\\\/www.purejewels.com\\\/product\\\/22-carat-gold-hoop-earring-3\\\/#primaryimage\",\"url\":\"https:\\\/\\\/static.purejewels.com\\\/wp-content\\\/uploads\\\/2019\\\/11\\\/I003.jpg\",\"contentUrl\":\"https:\\\/\\\/static.purejewels.com\\\/wp-content\\\/uploads\\\/2019\\\/11\\\/I003.jpg\",\"width\":1000,\"height\":1000,\"caption\":\"31964\"},{\"@type\":\"BreadcrumbList\",\"@id\":\"https:\\\/\\\/www.purejewels.com\\\/product\\\/22-carat-gold-hoop-earring-3\\\/#breadcrumb\",\"itemListElement\":[{\"@type\":\"ListItem\",\"position\":1,\"name\":\"Home\",\"item\":\"https:\\\/\\\/www.purejewels.com\\\/\"},{\"@type\":\"ListItem\",\"position\":2,\"name\":\"Shop\",\"item\":\"https:\\\/\\\/www.purejewels.com\\\/shop\\\/\"},{\"@type\":\"ListItem\",\"position\":3,\"name\":\"22ct Gold Daily Chic Tassel Hoops\"}]},{\"@type\":\"WebSite\",\"@id\":\"https:\\\/\\\/www.purejewels.com\\\/#website\",\"url\":\"https:\\\/\\\/www.purejewels.com\\\/\",\"name\":\"PureJewels UK\",\"description\":\"Share the Love\",\"publisher\":{\"@id\":\"https:\\\/\\\/www.purejewels.com\\\/#organization\"},\"potentialAction\":[{\"@type\":\"SearchAction\",\"target\":{\"@type\":\"EntryPoint\",\"urlTemplate\":\"https:\\\/\\\/www.purejewels.com\\\/?s={search_term_string}\"},\"query-input\":{\"@type\":\"PropertyValueSpecification\",\"valueRequired\":true,\"valueName\":\"search_term_string\"}}],\"inLanguage\":\"tr\"},{\"@type\":\"Organization\",\"@id\":\"https:\\\/\\\/www.purejewels.com\\\/#organization\",\"name\":\"PureJewels UK\",\"url\":\"https:\\\/\\\/www.purejewels.com\\\/\",\"logo\":{\"@type\":\"ImageObject\",\"inLanguage\":\"tr\",\"@id\":\"https:\\\/\\\/www.purejewels.com\\\/#\\\/schema\\\/logo\\\/image\\\/\",\"url\":\"https:\\\/\\\/static.purejewels.com\\\/wp-content\\\/uploads\\\/2020\\\/11\\\/Logo-PJ-New-1.png\",\"contentUrl\":\"https:\\\/\\\/static.purejewels.com\\\/wp-content\\\/uploads\\\/2020\\\/11\\\/Logo-PJ-New-1.png\",\"width\":150,\"height\":80,\"caption\":\"PureJewels UK\"},\"image\":{\"@id\":\"https:\\\/\\\/www.purejewels.com\\\/#\\\/schema\\\/logo\\\/image\\\/\"}}]}<\/script>\n<!-- \/ Yoast SEO plugin. -->","yoast_head_json":{"title":"Hafif 22 ayar alt\u0131n p\u00fcsk\u00fcll\u00fc halka k\u00fcpeler | PureJewels UK","description":"\u015e\u0131k p\u00fcsk\u00fcl detayl\u0131, g\u00fcnl\u00fck kullan\u0131m i\u00e7in uygun 22 ayar alt\u0131n halka k\u00fcpeler. Hafif ve g\u00fcnl\u00fck kullan\u0131m rahatl\u0131\u011f\u0131 ve parlakl\u0131k i\u00e7in \u0130ngiltere damgal\u0131.","robots":{"index":"index","follow":"follow","max-snippet":"max-snippet:-1","max-image-preview":"max-image-preview:large","max-video-preview":"max-video-preview:-1"},"canonical":"https:\/\/www.purejewels.com\/tr\/urun\/22-ayar-altin-halka-kupe-3\/","og_locale":"tr_TR","og_type":"article","og_title":"Lightweight 22ct Gold Tassel Hoop Earrings | PureJewels UK","og_description":"Everyday 22ct gold hoop earrings with a chic tassel drop detail. Lightweight and UK hallmarked for daily comfort style and shine.","og_url":"https:\/\/www.purejewels.com\/tr\/urun\/22-ayar-altin-halka-kupe-3\/","og_site_name":"PureJewels UK","article_modified_time":"2025-12-09T10:57:27+00:00","og_image":[{"width":1000,"height":1000,"url":"https:\/\/static.purejewels.com\/wp-content\/uploads\/2019\/11\/I003.jpg","type":"image\/jpeg"}],"twitter_card":"summary_large_image","twitter_misc":{"Tahmini okuma s\u00fcresi":"1 dakika"},"schema":{"@context":"https:\/\/schema.org","@graph":[{"@type":["WebPage","ItemPage"],"@id":"https:\/\/www.purejewels.com\/product\/22-carat-gold-hoop-earring-3\/","url":"https:\/\/www.purejewels.com\/product\/22-carat-gold-hoop-earring-3\/","name":"Hafif 22 ayar alt\u0131n p\u00fcsk\u00fcll\u00fc halka k\u00fcpeler | PureJewels UK","isPartOf":{"@id":"https:\/\/www.purejewels.com\/#website"},"primaryImageOfPage":{"@id":"https:\/\/www.purejewels.com\/product\/22-carat-gold-hoop-earring-3\/#primaryimage"},"image":{"@id":"https:\/\/www.purejewels.com\/product\/22-carat-gold-hoop-earring-3\/#primaryimage"},"thumbnailUrl":"https:\/\/static.purejewels.com\/wp-content\/uploads\/2019\/11\/I003.jpg","datePublished":"2019-11-18T10:11:59+00:00","dateModified":"2025-12-09T10:57:27+00:00","description":"\u015e\u0131k p\u00fcsk\u00fcl detayl\u0131, g\u00fcnl\u00fck kullan\u0131m i\u00e7in uygun 22 ayar alt\u0131n halka k\u00fcpeler. Hafif ve g\u00fcnl\u00fck kullan\u0131m rahatl\u0131\u011f\u0131 ve parlakl\u0131k i\u00e7in \u0130ngiltere damgal\u0131.","breadcrumb":{"@id":"https:\/\/www.purejewels.com\/product\/22-carat-gold-hoop-earring-3\/#breadcrumb"},"inLanguage":"tr","potentialAction":[{"@type":"ReadAction","target":["https:\/\/www.purejewels.com\/product\/22-carat-gold-hoop-earring-3\/"]}]},{"@type":"ImageObject","inLanguage":"tr","@id":"https:\/\/www.purejewels.com\/product\/22-carat-gold-hoop-earring-3\/#primaryimage","url":"https:\/\/static.purejewels.com\/wp-content\/uploads\/2019\/11\/I003.jpg","contentUrl":"https:\/\/static.purejewels.com\/wp-content\/uploads\/2019\/11\/I003.jpg","width":1000,"height":1000,"caption":"31964"},{"@type":"BreadcrumbList","@id":"https:\/\/www.purejewels.com\/product\/22-carat-gold-hoop-earring-3\/#breadcrumb","itemListElement":[{"@type":"ListItem","position":1,"name":"Home","item":"https:\/\/www.purejewels.com\/"},{"@type":"ListItem","position":2,"name":"Shop","item":"https:\/\/www.purejewels.com\/shop\/"},{"@type":"ListItem","position":3,"name":"22ct Gold Daily Chic Tassel Hoops"}]},{"@type":"WebSite","@id":"https:\/\/www.purejewels.com\/#website","url":"https:\/\/www.purejewels.com\/","name":"PureJewels \u0130ngiltere","description":"Sevgiyi Payla\u015f\u0131n","publisher":{"@id":"https:\/\/www.purejewels.com\/#organization"},"potentialAction":[{"@type":"SearchAction","target":{"@type":"EntryPoint","urlTemplate":"https:\/\/www.purejewels.com\/?s={search_term_string}"},"query-input":{"@type":"PropertyValueSpecification","valueRequired":true,"valueName":"search_term_string"}}],"inLanguage":"tr"},{"@type":"Organization","@id":"https:\/\/www.purejewels.com\/#organization","name":"PureJewels \u0130ngiltere","url":"https:\/\/www.purejewels.com\/","logo":{"@type":"ImageObject","inLanguage":"tr","@id":"https:\/\/www.purejewels.com\/#\/schema\/logo\/image\/","url":"https:\/\/static.purejewels.com\/wp-content\/uploads\/2020\/11\/Logo-PJ-New-1.png","contentUrl":"https:\/\/static.purejewels.com\/wp-content\/uploads\/2020\/11\/Logo-PJ-New-1.png","width":150,"height":80,"caption":"PureJewels UK"},"image":{"@id":"https:\/\/www.purejewels.com\/#\/schema\/logo\/image\/"}}]}},"_links":{"self":[{"href":"https:\/\/www.purejewels.com\/tr\/wp-json\/wp\/v2\/product\/311861","targetHints":{"allow":["GET"]}}],"collection":[{"href":"https:\/\/www.purejewels.com\/tr\/wp-json\/wp\/v2\/product"}],"about":[{"href":"https:\/\/www.purejewels.com\/tr\/wp-json\/wp\/v2\/types\/product"}],"replies":[{"embeddable":true,"href":"https:\/\/www.purejewels.com\/tr\/wp-json\/wp\/v2\/comments?post=311861"}],"version-history":[{"count":2,"href":"https:\/\/www.purejewels.com\/tr\/wp-json\/wp\/v2\/product\/311861\/revisions"}],"predecessor-version":[{"id":422754,"href":"https:\/\/www.purejewels.com\/tr\/wp-json\/wp\/v2\/product\/311861\/revisions\/422754"}],"wp:featuredmedia":[{"embeddable":true,"href":"https:\/\/www.purejewels.com\/tr\/wp-json\/wp\/v2\/media\/311872"}],"wp:attachment":[{"href":"https:\/\/www.purejewels.com\/tr\/wp-json\/wp\/v2\/media?parent=311861"}],"wp:term":[{"taxonomy":"product_brand","embeddable":true,"href":"https:\/\/www.purejewels.com\/tr\/wp-json\/wp\/v2\/product_brand?post=311861"},{"taxonomy":"product_cat","embeddable":true,"href":"https:\/\/www.purejewels.com\/tr\/wp-json\/wp\/v2\/product_cat?post=311861"},{"taxonomy":"product_tag","embeddable":true,"href":"https:\/\/www.purejewels.com\/tr\/wp-json\/wp\/v2\/product_tag?post=311861"}],"curies":[{"name":"wp","href":"https:\/\/api.w.org\/{rel}","templated":true}]}}