{"id":311887,"date":"2019-11-21T06:53:36","date_gmt":"2019-11-21T06:53:36","guid":{"rendered":"https:\/\/www.purejewels.com\/?post_type=product&#038;p=311887"},"modified":"2026-03-17T06:39:58","modified_gmt":"2026-03-17T06:39:58","slug":"altin-gerdanlik-boyunluk","status":"publish","type":"product","link":"https:\/\/www.purejewels.com\/tr\/product\/gold-choker-neckalce\/","title":{"rendered":"22 Ayar Alt\u0131n Minimal Boncuklu Kolye"},"content":{"rendered":"<p><strong>Tasar\u0131m Konsepti<\/strong><\/p>\n<p>Sadelik ve dengeden ilham alan Minimal Boncuklu Kolye'de her bir alt\u0131n boncuk, ritim ve uyum hissi yaratmak i\u00e7in zincir boyunca \u00f6zenle yerle\u015ftirilmi\u015ftir. Tasar\u0131m, ince detaylar\u0131n \u00f6ne \u00e7\u0131kmas\u0131n\u0131 sa\u011flayan az ama \u00f6z felsefesini benimsiyor. Temiz silueti ve nazik simetrisi, geleneksel alt\u0131n tak\u0131lar\u0131n s\u0131cakl\u0131\u011f\u0131n\u0131 korurken modern ya\u015fam tarzlar\u0131n\u0131 tamamlayan zamans\u0131z bir par\u00e7a olmas\u0131n\u0131 sa\u011fl\u0131yor.<\/p>\n<p><strong>Zanaatkarl\u0131k<\/strong><\/p>\n<p>Y\u00fcksek safl\u0131kta \u00fcretilmi\u015ftir <a href=\"https:\/\/www.purejewels.com\/tr\/product\/22ct-gold-jali-filigree-ring-jali-collection-31926\/\">22ct<\/a> alt\u0131n, bu kolye rafine detaylar ve hassasiyet sergiliyor. Her bir boncuk, \u0131\u015f\u0131\u011f\u0131 yumu\u015fak bir \u015fekilde yans\u0131tmak i\u00e7in dokulu bir y\u00fczeyle dikkatlice \u015fekillendirilirken, ince zincir p\u00fcr\u00fczs\u00fcz ve rahat bir \u00f6rt\u00fc sa\u011flar. Boncuklar\u0131n aral\u0131klar\u0131, PureJewels ile e\u015fanlaml\u0131 olan i\u015f\u00e7ili\u011fi ve detaylara g\u00f6sterilen \u00f6zeni yans\u0131tan uyumlu bir ak\u0131\u015f olu\u015fturmak i\u00e7in titizlikle dengelenmi\u015ftir.<\/p>\n<p><strong>Stil Fikirleri<\/strong><\/p>\n<p>Minimal Boncuklu Kolye g\u00fcnl\u00fck \u015f\u0131kl\u0131k i\u00e7in m\u00fckemmeldir. \u0130nce, g\u00f6steri\u015fli bir g\u00f6r\u00fcn\u00fcm i\u00e7in tek ba\u015f\u0131na tak\u0131n veya \u00e7a\u011fda\u015f bir \u00fcst \u00fcste stil olu\u015fturmak i\u00e7in di\u011fer alt\u0131n zincirlerle katmanlay\u0131n. \u00c7ok y\u00f6nl\u00fc tasar\u0131m\u0131, hem g\u00fcndelik hem de resmi k\u0131yafetlerle zahmetsizce e\u015fle\u015ferek her m\u00fccevher koleksiyonuna zamans\u0131z bir katk\u0131 sa\u011flar.<\/p>","protected":false},"excerpt":{"rendered":"<p>22 Ayar Alt\u0131n Minimal Boncuklu Kolye, zarif aral\u0131klarla yerle\u015ftirilmi\u015f alt\u0131n boncuklarla s\u00fcslenmi\u015f ince bir zincire sahiptir. Parlak 22 ayar alt\u0131ndan \u00fcretilen bu par\u00e7a, g\u00fcnl\u00fck kullan\u0131m i\u00e7in abart\u0131s\u0131z bir \u015f\u0131kl\u0131k sunuyor.<\/p>\n<ul>\n<li>Metal 22 Ayar Alt\u0131n<\/li>\n<li>A\u011f\u0131rl\u0131k 13.5 g<\/li>\n<li>Uzunluk 20 \u0130n\u00e7<\/li>\n<li>SKU. 31960<\/li>\n<li>T\u00fcm fiyatlara KDV dahildir<\/li>\n<li>T\u00fcm \u00fcr\u00fcnlerimiz London Assay Office taraf\u0131ndan damgalanm\u0131\u015ft\u0131r<\/li>\n<li>T\u00fcm Setler Sunum Kutusu ile Birlikte Gelir<\/li>\n<li>Teslimat Dahil<\/li>\n<li>T\u00fcm Choker Kolye \u00e7e\u015fitlerini ma\u011fazada g\u00f6rmek i\u00e7in bizimle ileti\u015fime ge\u00e7in.<\/li>\n<\/ul>\n<p>&nbsp;<\/p>\n<p>&nbsp;<\/p>","protected":false},"featured_media":315878,"comment_status":"closed","ping_status":"closed","template":"","meta":{"_eb_attr":"","_crsspst_to_jayantr4sg-hostcom":false},"product_brand":[],"product_cat":[1482],"product_tag":[],"class_list":{"0":"post-311887","1":"product","2":"type-product","3":"status-publish","4":"has-post-thumbnail","6":"product_cat-uncategorized","8":"first","9":"outofstock","10":"taxable","11":"shipping-taxable","12":"product-type-simple","13":"add-to-wishlist-before_image"},"yoast_head":"<!-- This site is optimized with the Yoast SEO plugin v27.3 - https:\/\/yoast.com\/product\/yoast-seo-wordpress\/ -->\n<title>Shop Elegant 22ct Gold Beaded Necklace | Minimal Gold Jewellery<\/title>\n<meta name=\"description\" content=\"Discover the 22ct Gold Minimal Beaded Necklace featuring delicate gold bead accents on a fine chain. A timeless piece crafted for everyday elegance and effortless styling.\" \/>\n<meta name=\"robots\" content=\"index, follow, max-snippet:-1, max-image-preview:large, max-video-preview:-1\" \/>\n<link rel=\"canonical\" href=\"https:\/\/www.purejewels.com\/tr\/urun\/altin-gerdanlik-boyunluk\/\" \/>\n<meta property=\"og:locale\" content=\"tr_TR\" \/>\n<meta property=\"og:type\" content=\"article\" \/>\n<meta property=\"og:title\" content=\"Shop Elegant 22ct Gold Beaded Necklace | Minimal Gold Jewellery\" \/>\n<meta property=\"og:description\" content=\"Discover the 22ct Gold Minimal Beaded Necklace featuring delicate gold bead accents on a fine chain. A timeless piece crafted for everyday elegance and effortless styling.\" \/>\n<meta property=\"og:url\" content=\"https:\/\/www.purejewels.com\/tr\/urun\/altin-gerdanlik-boyunluk\/\" \/>\n<meta property=\"og:site_name\" content=\"PureJewels UK\" \/>\n<meta property=\"article:modified_time\" content=\"2026-03-17T06:39:58+00:00\" \/>\n<meta property=\"og:image\" content=\"https:\/\/static.purejewels.com\/wp-content\/uploads\/2020\/07\/image175936345.jpg\" \/>\n\t<meta property=\"og:image:width\" content=\"1000\" \/>\n\t<meta property=\"og:image:height\" content=\"1000\" \/>\n\t<meta property=\"og:image:type\" content=\"image\/jpeg\" \/>\n<meta name=\"twitter:card\" content=\"summary_large_image\" \/>\n<meta name=\"twitter:label1\" content=\"Tahmini okuma s\u00fcresi\" \/>\n\t<meta name=\"twitter:data1\" content=\"1 dakika\" \/>\n<script type=\"application\/ld+json\" class=\"yoast-schema-graph\">{\"@context\":\"https:\\\/\\\/schema.org\",\"@graph\":[{\"@type\":[\"WebPage\",\"ItemPage\"],\"@id\":\"https:\\\/\\\/www.purejewels.com\\\/product\\\/gold-choker-neckalce\\\/\",\"url\":\"https:\\\/\\\/www.purejewels.com\\\/product\\\/gold-choker-neckalce\\\/\",\"name\":\"Shop Elegant 22ct Gold Beaded Necklace | Minimal Gold Jewellery\",\"isPartOf\":{\"@id\":\"https:\\\/\\\/www.purejewels.com\\\/#website\"},\"primaryImageOfPage\":{\"@id\":\"https:\\\/\\\/www.purejewels.com\\\/product\\\/gold-choker-neckalce\\\/#primaryimage\"},\"image\":{\"@id\":\"https:\\\/\\\/www.purejewels.com\\\/product\\\/gold-choker-neckalce\\\/#primaryimage\"},\"thumbnailUrl\":\"https:\\\/\\\/static.purejewels.com\\\/wp-content\\\/uploads\\\/2020\\\/07\\\/image175936345.jpg\",\"datePublished\":\"2019-11-21T06:53:36+00:00\",\"dateModified\":\"2026-03-17T06:39:58+00:00\",\"description\":\"Discover the 22ct Gold Minimal Beaded Necklace featuring delicate gold bead accents on a fine chain. A timeless piece crafted for everyday elegance and effortless styling.\",\"breadcrumb\":{\"@id\":\"https:\\\/\\\/www.purejewels.com\\\/product\\\/gold-choker-neckalce\\\/#breadcrumb\"},\"inLanguage\":\"tr\",\"potentialAction\":[{\"@type\":\"ReadAction\",\"target\":[\"https:\\\/\\\/www.purejewels.com\\\/product\\\/gold-choker-neckalce\\\/\"]}]},{\"@type\":\"ImageObject\",\"inLanguage\":\"tr\",\"@id\":\"https:\\\/\\\/www.purejewels.com\\\/product\\\/gold-choker-neckalce\\\/#primaryimage\",\"url\":\"https:\\\/\\\/static.purejewels.com\\\/wp-content\\\/uploads\\\/2020\\\/07\\\/image175936345.jpg\",\"contentUrl\":\"https:\\\/\\\/static.purejewels.com\\\/wp-content\\\/uploads\\\/2020\\\/07\\\/image175936345.jpg\",\"width\":1000,\"height\":1000},{\"@type\":\"BreadcrumbList\",\"@id\":\"https:\\\/\\\/www.purejewels.com\\\/product\\\/gold-choker-neckalce\\\/#breadcrumb\",\"itemListElement\":[{\"@type\":\"ListItem\",\"position\":1,\"name\":\"Home\",\"item\":\"https:\\\/\\\/www.purejewels.com\\\/\"},{\"@type\":\"ListItem\",\"position\":2,\"name\":\"Shop\",\"item\":\"https:\\\/\\\/www.purejewels.com\\\/shop\\\/\"},{\"@type\":\"ListItem\",\"position\":3,\"name\":\"22ct Gold Minimal Beaded Necklace\"}]},{\"@type\":\"WebSite\",\"@id\":\"https:\\\/\\\/www.purejewels.com\\\/#website\",\"url\":\"https:\\\/\\\/www.purejewels.com\\\/\",\"name\":\"PureJewels UK\",\"description\":\"Share the Love\",\"publisher\":{\"@id\":\"https:\\\/\\\/www.purejewels.com\\\/#organization\"},\"potentialAction\":[{\"@type\":\"SearchAction\",\"target\":{\"@type\":\"EntryPoint\",\"urlTemplate\":\"https:\\\/\\\/www.purejewels.com\\\/?s={search_term_string}\"},\"query-input\":{\"@type\":\"PropertyValueSpecification\",\"valueRequired\":true,\"valueName\":\"search_term_string\"}}],\"inLanguage\":\"tr\"},{\"@type\":\"Organization\",\"@id\":\"https:\\\/\\\/www.purejewels.com\\\/#organization\",\"name\":\"PureJewels UK\",\"url\":\"https:\\\/\\\/www.purejewels.com\\\/\",\"logo\":{\"@type\":\"ImageObject\",\"inLanguage\":\"tr\",\"@id\":\"https:\\\/\\\/www.purejewels.com\\\/#\\\/schema\\\/logo\\\/image\\\/\",\"url\":\"https:\\\/\\\/static.purejewels.com\\\/wp-content\\\/uploads\\\/2020\\\/11\\\/Logo-PJ-New-1.png\",\"contentUrl\":\"https:\\\/\\\/static.purejewels.com\\\/wp-content\\\/uploads\\\/2020\\\/11\\\/Logo-PJ-New-1.png\",\"width\":150,\"height\":80,\"caption\":\"PureJewels UK\"},\"image\":{\"@id\":\"https:\\\/\\\/www.purejewels.com\\\/#\\\/schema\\\/logo\\\/image\\\/\"}}]}<\/script>\n<!-- \/ Yoast SEO plugin. -->","yoast_head_json":{"title":"Zarif 22 Ayar Alt\u0131n Boncuklu Kolye Al\u0131\u015fveri\u015fi | Minimal Alt\u0131n Tak\u0131lar","description":"\u0130nce bir zincir \u00fczerinde narin alt\u0131n boncuk vurgulara sahip 22 Ayar Alt\u0131n Minimal Boncuklu Kolyeyi ke\u015ffedin. G\u00fcnl\u00fck \u015f\u0131kl\u0131k ve zahmetsiz stil i\u00e7in haz\u0131rlanm\u0131\u015f zamans\u0131z bir par\u00e7a.","robots":{"index":"index","follow":"follow","max-snippet":"max-snippet:-1","max-image-preview":"max-image-preview:large","max-video-preview":"max-video-preview:-1"},"canonical":"https:\/\/www.purejewels.com\/tr\/urun\/altin-gerdanlik-boyunluk\/","og_locale":"tr_TR","og_type":"article","og_title":"Shop Elegant 22ct Gold Beaded Necklace | Minimal Gold Jewellery","og_description":"Discover the 22ct Gold Minimal Beaded Necklace featuring delicate gold bead accents on a fine chain. A timeless piece crafted for everyday elegance and effortless styling.","og_url":"https:\/\/www.purejewels.com\/tr\/urun\/altin-gerdanlik-boyunluk\/","og_site_name":"PureJewels UK","article_modified_time":"2026-03-17T06:39:58+00:00","og_image":[{"width":1000,"height":1000,"url":"https:\/\/static.purejewels.com\/wp-content\/uploads\/2020\/07\/image175936345.jpg","type":"image\/jpeg"}],"twitter_card":"summary_large_image","twitter_misc":{"Tahmini okuma s\u00fcresi":"1 dakika"},"schema":{"@context":"https:\/\/schema.org","@graph":[{"@type":["WebPage","ItemPage"],"@id":"https:\/\/www.purejewels.com\/product\/gold-choker-neckalce\/","url":"https:\/\/www.purejewels.com\/product\/gold-choker-neckalce\/","name":"Zarif 22 Ayar Alt\u0131n Boncuklu Kolye Al\u0131\u015fveri\u015fi | Minimal Alt\u0131n Tak\u0131lar","isPartOf":{"@id":"https:\/\/www.purejewels.com\/#website"},"primaryImageOfPage":{"@id":"https:\/\/www.purejewels.com\/product\/gold-choker-neckalce\/#primaryimage"},"image":{"@id":"https:\/\/www.purejewels.com\/product\/gold-choker-neckalce\/#primaryimage"},"thumbnailUrl":"https:\/\/static.purejewels.com\/wp-content\/uploads\/2020\/07\/image175936345.jpg","datePublished":"2019-11-21T06:53:36+00:00","dateModified":"2026-03-17T06:39:58+00:00","description":"\u0130nce bir zincir \u00fczerinde narin alt\u0131n boncuk vurgulara sahip 22 Ayar Alt\u0131n Minimal Boncuklu Kolyeyi ke\u015ffedin. G\u00fcnl\u00fck \u015f\u0131kl\u0131k ve zahmetsiz stil i\u00e7in haz\u0131rlanm\u0131\u015f zamans\u0131z bir par\u00e7a.","breadcrumb":{"@id":"https:\/\/www.purejewels.com\/product\/gold-choker-neckalce\/#breadcrumb"},"inLanguage":"tr","potentialAction":[{"@type":"ReadAction","target":["https:\/\/www.purejewels.com\/product\/gold-choker-neckalce\/"]}]},{"@type":"ImageObject","inLanguage":"tr","@id":"https:\/\/www.purejewels.com\/product\/gold-choker-neckalce\/#primaryimage","url":"https:\/\/static.purejewels.com\/wp-content\/uploads\/2020\/07\/image175936345.jpg","contentUrl":"https:\/\/static.purejewels.com\/wp-content\/uploads\/2020\/07\/image175936345.jpg","width":1000,"height":1000},{"@type":"BreadcrumbList","@id":"https:\/\/www.purejewels.com\/product\/gold-choker-neckalce\/#breadcrumb","itemListElement":[{"@type":"ListItem","position":1,"name":"Home","item":"https:\/\/www.purejewels.com\/"},{"@type":"ListItem","position":2,"name":"Shop","item":"https:\/\/www.purejewels.com\/shop\/"},{"@type":"ListItem","position":3,"name":"22ct Gold Minimal Beaded Necklace"}]},{"@type":"WebSite","@id":"https:\/\/www.purejewels.com\/#website","url":"https:\/\/www.purejewels.com\/","name":"PureJewels \u0130ngiltere","description":"Sevgiyi Payla\u015f\u0131n","publisher":{"@id":"https:\/\/www.purejewels.com\/#organization"},"potentialAction":[{"@type":"SearchAction","target":{"@type":"EntryPoint","urlTemplate":"https:\/\/www.purejewels.com\/?s={search_term_string}"},"query-input":{"@type":"PropertyValueSpecification","valueRequired":true,"valueName":"search_term_string"}}],"inLanguage":"tr"},{"@type":"Organization","@id":"https:\/\/www.purejewels.com\/#organization","name":"PureJewels \u0130ngiltere","url":"https:\/\/www.purejewels.com\/","logo":{"@type":"ImageObject","inLanguage":"tr","@id":"https:\/\/www.purejewels.com\/#\/schema\/logo\/image\/","url":"https:\/\/static.purejewels.com\/wp-content\/uploads\/2020\/11\/Logo-PJ-New-1.png","contentUrl":"https:\/\/static.purejewels.com\/wp-content\/uploads\/2020\/11\/Logo-PJ-New-1.png","width":150,"height":80,"caption":"PureJewels UK"},"image":{"@id":"https:\/\/www.purejewels.com\/#\/schema\/logo\/image\/"}}]}},"_links":{"self":[{"href":"https:\/\/www.purejewels.com\/tr\/wp-json\/wp\/v2\/product\/311887","targetHints":{"allow":["GET"]}}],"collection":[{"href":"https:\/\/www.purejewels.com\/tr\/wp-json\/wp\/v2\/product"}],"about":[{"href":"https:\/\/www.purejewels.com\/tr\/wp-json\/wp\/v2\/types\/product"}],"replies":[{"embeddable":true,"href":"https:\/\/www.purejewels.com\/tr\/wp-json\/wp\/v2\/comments?post=311887"}],"version-history":[{"count":2,"href":"https:\/\/www.purejewels.com\/tr\/wp-json\/wp\/v2\/product\/311887\/revisions"}],"predecessor-version":[{"id":427219,"href":"https:\/\/www.purejewels.com\/tr\/wp-json\/wp\/v2\/product\/311887\/revisions\/427219"}],"wp:featuredmedia":[{"embeddable":true,"href":"https:\/\/www.purejewels.com\/tr\/wp-json\/wp\/v2\/media\/315878"}],"wp:attachment":[{"href":"https:\/\/www.purejewels.com\/tr\/wp-json\/wp\/v2\/media?parent=311887"}],"wp:term":[{"taxonomy":"product_brand","embeddable":true,"href":"https:\/\/www.purejewels.com\/tr\/wp-json\/wp\/v2\/product_brand?post=311887"},{"taxonomy":"product_cat","embeddable":true,"href":"https:\/\/www.purejewels.com\/tr\/wp-json\/wp\/v2\/product_cat?post=311887"},{"taxonomy":"product_tag","embeddable":true,"href":"https:\/\/www.purejewels.com\/tr\/wp-json\/wp\/v2\/product_tag?post=311887"}],"curies":[{"name":"wp","href":"https:\/\/api.w.org\/{rel}","templated":true}]}}