{"id":311892,"date":"2019-11-21T07:37:28","date_gmt":"2019-11-21T07:37:28","guid":{"rendered":"https:\/\/www.purejewels.com\/?post_type=product&#038;p=311892"},"modified":"2025-11-28T09:46:13","modified_gmt":"2025-11-28T09:46:13","slug":"22-ayar-altin-bilyeli-gerdanlik-kolye-31962","status":"publish","type":"product","link":"https:\/\/www.purejewels.com\/tr\/product\/22ct-gold-choker-necklace-with-balls-31962\/","title":{"rendered":"22 ayar alt\u0131n dokulu varil choker"},"content":{"rendered":"<p>22 ayar alt\u0131n dokulu varil choker, geleneksel alt\u0131n sanat\u0131n\u0131 temiz ve modern bir profille birle\u015ftirir. Her bir varil \u015feklindeki boncuk, \u0131\u015f\u0131\u011f\u0131 yakalamak i\u00e7in karma\u015f\u0131k bir dokuya sahiptir ve g\u00fcnl\u00fck g\u00f6r\u00fcn\u00fcm\u00fcn\u00fcze ince bir \u0131\u015f\u0131lt\u0131 katar. Hafif ve boyun \u00e7izgisine yak\u0131n giyilmesi rahat olan bu kolye, tek ba\u015f\u0131na veya daha uzun zincirlerle birlikte giyilerek \u00e7a\u011fda\u015f bir g\u00f6r\u00fcn\u00fcm elde etmek i\u00e7in m\u00fckemmeldir. Y\u00fcksek safl\u0131kta alt\u0131ndan tasarlanan ve \u0130ngiltere'de damgal\u0131 olan bu \u00e7ok y\u00f6nl\u00fc choker, hem \u015fenlikli hem de g\u00fcndelik stilinize zahmetsiz bir zarafet katar. G\u00fczel bir hediye se\u00e7ene\u011fi ve her alt\u0131n tak\u0131 koleksiyonuna vazge\u00e7ilmez bir ek.<\/p>","protected":false},"excerpt":{"rendered":"<ul>\n<li>\n<h2>Alt\u0131n Gerdanl\u0131k Kolye<\/h2>\n<\/li>\n<li>G\u00fcnl\u00fck kullan\u0131m i\u00e7in ideal se\u00e7im.<\/li>\n<li>22 ayar sar\u0131 alt\u0131n<\/li>\n<li>Uzunluk. 18 \u0130n\u00e7<\/li>\n<li>A\u011f\u0131rl\u0131k 12.1 g<\/li>\n<li>SKU. 31962<\/li>\n<li>T\u00fcm fiyatlara KDV dahildir<\/li>\n<li>T\u00fcm \u00fcr\u00fcnlerimiz London Assay Office taraf\u0131ndan damgalanm\u0131\u015ft\u0131r<\/li>\n<li>T\u00fcm Setler Sunum Kutusu ile Birlikte Gelir<\/li>\n<li>Teslimat Dahil<\/li>\n<li>T\u00fcm Choker Kolye \u00e7e\u015fitlerini ma\u011fazada g\u00f6rmek i\u00e7in bizimle ileti\u015fime ge\u00e7in.<\/li>\n<\/ul>","protected":false},"featured_media":314176,"comment_status":"closed","ping_status":"closed","template":"","meta":{"_eb_attr":"","_crsspst_to_jayantr4sg-hostcom":false},"product_brand":[],"product_cat":[1791,1559,1698,1570,1573,1574],"product_tag":[],"class_list":{"0":"post-311892","1":"product","2":"type-product","3":"status-publish","4":"has-post-thumbnail","6":"product_cat-anniversary-gifts","7":"product_cat-birthday-gifts","8":"product_cat-choker-chains","9":"product_cat-mothers-day-gifts","10":"product_cat-wedding-gifts","11":"product_cat-womens-jewellery","13":"first","14":"outofstock","15":"taxable","16":"shipping-taxable","17":"product-type-simple","18":"add-to-wishlist-before_image"},"yoast_head":"<!-- This site is optimized with the Yoast SEO plugin v27.3 - https:\/\/yoast.com\/product\/yoast-seo-wordpress\/ -->\n<title>22ct Gold Barrel Bead Choker | Lightweight Chain | PureJewels UK<\/title>\n<meta name=\"description\" content=\"A refined 22ct gold choker featuring textured barrel beads along a smooth chain. Hallmarked in the UK, ideal for gifting, layering and elegant everyday style.\" \/>\n<meta name=\"robots\" content=\"index, follow, max-snippet:-1, max-image-preview:large, max-video-preview:-1\" \/>\n<link rel=\"canonical\" href=\"https:\/\/www.purejewels.com\/tr\/urun\/22-ayar-altin-bilyeli-gerdanlik-kolye-31962\/\" \/>\n<meta property=\"og:locale\" content=\"tr_TR\" \/>\n<meta property=\"og:type\" content=\"article\" \/>\n<meta property=\"og:title\" content=\"22ct Gold Barrel Bead Choker | Lightweight Chain | PureJewels UK\" \/>\n<meta property=\"og:description\" content=\"A refined 22ct gold choker featuring textured barrel beads along a smooth chain. Hallmarked in the UK, ideal for gifting, layering and elegant everyday style.\" \/>\n<meta property=\"og:url\" content=\"https:\/\/www.purejewels.com\/tr\/urun\/22-ayar-altin-bilyeli-gerdanlik-kolye-31962\/\" \/>\n<meta property=\"og:site_name\" content=\"PureJewels UK\" \/>\n<meta property=\"article:modified_time\" content=\"2025-11-28T09:46:13+00:00\" \/>\n<meta property=\"og:image\" content=\"https:\/\/www.purejewels.com\/wp-content\/uploads\/2020\/05\/144090908.jpg\" \/>\n\t<meta property=\"og:image:width\" content=\"1000\" \/>\n\t<meta property=\"og:image:height\" content=\"1000\" \/>\n\t<meta property=\"og:image:type\" content=\"image\/jpeg\" \/>\n<meta name=\"twitter:card\" content=\"summary_large_image\" \/>\n<meta name=\"twitter:label1\" content=\"Tahmini okuma s\u00fcresi\" \/>\n\t<meta name=\"twitter:data1\" content=\"1 dakika\" \/>\n<script type=\"application\/ld+json\" class=\"yoast-schema-graph\">{\"@context\":\"https:\\\/\\\/schema.org\",\"@graph\":[{\"@type\":[\"WebPage\",\"ItemPage\"],\"@id\":\"https:\\\/\\\/www.purejewels.com\\\/product\\\/22ct-gold-choker-necklace-with-balls-31962\\\/\",\"url\":\"https:\\\/\\\/www.purejewels.com\\\/product\\\/22ct-gold-choker-necklace-with-balls-31962\\\/\",\"name\":\"22ct Gold Barrel Bead Choker | Lightweight Chain | PureJewels UK\",\"isPartOf\":{\"@id\":\"https:\\\/\\\/www.purejewels.com\\\/#website\"},\"primaryImageOfPage\":{\"@id\":\"https:\\\/\\\/www.purejewels.com\\\/product\\\/22ct-gold-choker-necklace-with-balls-31962\\\/#primaryimage\"},\"image\":{\"@id\":\"https:\\\/\\\/www.purejewels.com\\\/product\\\/22ct-gold-choker-necklace-with-balls-31962\\\/#primaryimage\"},\"thumbnailUrl\":\"https:\\\/\\\/static.purejewels.com\\\/wp-content\\\/uploads\\\/2020\\\/05\\\/144090908.jpg\",\"datePublished\":\"2019-11-21T07:37:28+00:00\",\"dateModified\":\"2025-11-28T09:46:13+00:00\",\"description\":\"A refined 22ct gold choker featuring textured barrel beads along a smooth chain. Hallmarked in the UK, ideal for gifting, layering and elegant everyday style.\",\"breadcrumb\":{\"@id\":\"https:\\\/\\\/www.purejewels.com\\\/product\\\/22ct-gold-choker-necklace-with-balls-31962\\\/#breadcrumb\"},\"inLanguage\":\"tr\",\"potentialAction\":[{\"@type\":\"ReadAction\",\"target\":[\"https:\\\/\\\/www.purejewels.com\\\/product\\\/22ct-gold-choker-necklace-with-balls-31962\\\/\"]}]},{\"@type\":\"ImageObject\",\"inLanguage\":\"tr\",\"@id\":\"https:\\\/\\\/www.purejewels.com\\\/product\\\/22ct-gold-choker-necklace-with-balls-31962\\\/#primaryimage\",\"url\":\"https:\\\/\\\/static.purejewels.com\\\/wp-content\\\/uploads\\\/2020\\\/05\\\/144090908.jpg\",\"contentUrl\":\"https:\\\/\\\/static.purejewels.com\\\/wp-content\\\/uploads\\\/2020\\\/05\\\/144090908.jpg\",\"width\":1000,\"height\":1000,\"caption\":\"Gold Choker NecklaceIdeal choice for daily wear.in 22ct yellow goldLength. 18 InchesWt. 12.1 gSKU. 31962All prices include VATAll our products are hallmarked by London Assay OfficeAll Sets Comes With Presentation BoxDelivery IncludedContact us to see the entire range of Choker Necklace in store.\"},{\"@type\":\"BreadcrumbList\",\"@id\":\"https:\\\/\\\/www.purejewels.com\\\/product\\\/22ct-gold-choker-necklace-with-balls-31962\\\/#breadcrumb\",\"itemListElement\":[{\"@type\":\"ListItem\",\"position\":1,\"name\":\"Home\",\"item\":\"https:\\\/\\\/www.purejewels.com\\\/\"},{\"@type\":\"ListItem\",\"position\":2,\"name\":\"Shop\",\"item\":\"https:\\\/\\\/www.purejewels.com\\\/shop\\\/\"},{\"@type\":\"ListItem\",\"position\":3,\"name\":\"22ct Gold Textured Barrel Choker\"}]},{\"@type\":\"WebSite\",\"@id\":\"https:\\\/\\\/www.purejewels.com\\\/#website\",\"url\":\"https:\\\/\\\/www.purejewels.com\\\/\",\"name\":\"PureJewels UK\",\"description\":\"Share the Love\",\"publisher\":{\"@id\":\"https:\\\/\\\/www.purejewels.com\\\/#organization\"},\"potentialAction\":[{\"@type\":\"SearchAction\",\"target\":{\"@type\":\"EntryPoint\",\"urlTemplate\":\"https:\\\/\\\/www.purejewels.com\\\/?s={search_term_string}\"},\"query-input\":{\"@type\":\"PropertyValueSpecification\",\"valueRequired\":true,\"valueName\":\"search_term_string\"}}],\"inLanguage\":\"tr\"},{\"@type\":\"Organization\",\"@id\":\"https:\\\/\\\/www.purejewels.com\\\/#organization\",\"name\":\"PureJewels UK\",\"url\":\"https:\\\/\\\/www.purejewels.com\\\/\",\"logo\":{\"@type\":\"ImageObject\",\"inLanguage\":\"tr\",\"@id\":\"https:\\\/\\\/www.purejewels.com\\\/#\\\/schema\\\/logo\\\/image\\\/\",\"url\":\"https:\\\/\\\/static.purejewels.com\\\/wp-content\\\/uploads\\\/2020\\\/11\\\/Logo-PJ-New-1.png\",\"contentUrl\":\"https:\\\/\\\/static.purejewels.com\\\/wp-content\\\/uploads\\\/2020\\\/11\\\/Logo-PJ-New-1.png\",\"width\":150,\"height\":80,\"caption\":\"PureJewels UK\"},\"image\":{\"@id\":\"https:\\\/\\\/www.purejewels.com\\\/#\\\/schema\\\/logo\\\/image\\\/\"}}]}<\/script>\n<!-- \/ Yoast SEO plugin. -->","yoast_head_json":{"title":"22 ayar alt\u0131n namlu boncuklu gerdanl\u0131k | Hafif zincir | PureJewels UK","description":"P\u00fcr\u00fczs\u00fcz bir zincir \u00fczerinde dokulu varil boncuklar bulunan zarif 22 ayar alt\u0131n gerdanl\u0131k. \u0130ngiltere'de damgal\u0131, hediye etmek, katmanlamak ve zarif g\u00fcnl\u00fck stil i\u00e7in ideal.","robots":{"index":"index","follow":"follow","max-snippet":"max-snippet:-1","max-image-preview":"max-image-preview:large","max-video-preview":"max-video-preview:-1"},"canonical":"https:\/\/www.purejewels.com\/tr\/urun\/22-ayar-altin-bilyeli-gerdanlik-kolye-31962\/","og_locale":"tr_TR","og_type":"article","og_title":"22ct Gold Barrel Bead Choker | Lightweight Chain | PureJewels UK","og_description":"A refined 22ct gold choker featuring textured barrel beads along a smooth chain. Hallmarked in the UK, ideal for gifting, layering and elegant everyday style.","og_url":"https:\/\/www.purejewels.com\/tr\/urun\/22-ayar-altin-bilyeli-gerdanlik-kolye-31962\/","og_site_name":"PureJewels UK","article_modified_time":"2025-11-28T09:46:13+00:00","og_image":[{"width":1000,"height":1000,"url":"https:\/\/www.purejewels.com\/wp-content\/uploads\/2020\/05\/144090908.jpg","type":"image\/jpeg"}],"twitter_card":"summary_large_image","twitter_misc":{"Tahmini okuma s\u00fcresi":"1 dakika"},"schema":{"@context":"https:\/\/schema.org","@graph":[{"@type":["WebPage","ItemPage"],"@id":"https:\/\/www.purejewels.com\/product\/22ct-gold-choker-necklace-with-balls-31962\/","url":"https:\/\/www.purejewels.com\/product\/22ct-gold-choker-necklace-with-balls-31962\/","name":"22 ayar alt\u0131n namlu boncuklu gerdanl\u0131k | Hafif zincir | PureJewels UK","isPartOf":{"@id":"https:\/\/www.purejewels.com\/#website"},"primaryImageOfPage":{"@id":"https:\/\/www.purejewels.com\/product\/22ct-gold-choker-necklace-with-balls-31962\/#primaryimage"},"image":{"@id":"https:\/\/www.purejewels.com\/product\/22ct-gold-choker-necklace-with-balls-31962\/#primaryimage"},"thumbnailUrl":"https:\/\/static.purejewels.com\/wp-content\/uploads\/2020\/05\/144090908.jpg","datePublished":"2019-11-21T07:37:28+00:00","dateModified":"2025-11-28T09:46:13+00:00","description":"P\u00fcr\u00fczs\u00fcz bir zincir \u00fczerinde dokulu varil boncuklar bulunan zarif 22 ayar alt\u0131n gerdanl\u0131k. \u0130ngiltere'de damgal\u0131, hediye etmek, katmanlamak ve zarif g\u00fcnl\u00fck stil i\u00e7in ideal.","breadcrumb":{"@id":"https:\/\/www.purejewels.com\/product\/22ct-gold-choker-necklace-with-balls-31962\/#breadcrumb"},"inLanguage":"tr","potentialAction":[{"@type":"ReadAction","target":["https:\/\/www.purejewels.com\/product\/22ct-gold-choker-necklace-with-balls-31962\/"]}]},{"@type":"ImageObject","inLanguage":"tr","@id":"https:\/\/www.purejewels.com\/product\/22ct-gold-choker-necklace-with-balls-31962\/#primaryimage","url":"https:\/\/static.purejewels.com\/wp-content\/uploads\/2020\/05\/144090908.jpg","contentUrl":"https:\/\/static.purejewels.com\/wp-content\/uploads\/2020\/05\/144090908.jpg","width":1000,"height":1000,"caption":"Gold Choker NecklaceIdeal choice for daily wear.in 22ct yellow goldLength. 18 InchesWt. 12.1 gSKU. 31962All prices include VATAll our products are hallmarked by London Assay OfficeAll Sets Comes With Presentation BoxDelivery IncludedContact us to see the entire range of Choker Necklace in store."},{"@type":"BreadcrumbList","@id":"https:\/\/www.purejewels.com\/product\/22ct-gold-choker-necklace-with-balls-31962\/#breadcrumb","itemListElement":[{"@type":"ListItem","position":1,"name":"Home","item":"https:\/\/www.purejewels.com\/"},{"@type":"ListItem","position":2,"name":"Shop","item":"https:\/\/www.purejewels.com\/shop\/"},{"@type":"ListItem","position":3,"name":"22ct Gold Textured Barrel Choker"}]},{"@type":"WebSite","@id":"https:\/\/www.purejewels.com\/#website","url":"https:\/\/www.purejewels.com\/","name":"PureJewels \u0130ngiltere","description":"Sevgiyi Payla\u015f\u0131n","publisher":{"@id":"https:\/\/www.purejewels.com\/#organization"},"potentialAction":[{"@type":"SearchAction","target":{"@type":"EntryPoint","urlTemplate":"https:\/\/www.purejewels.com\/?s={search_term_string}"},"query-input":{"@type":"PropertyValueSpecification","valueRequired":true,"valueName":"search_term_string"}}],"inLanguage":"tr"},{"@type":"Organization","@id":"https:\/\/www.purejewels.com\/#organization","name":"PureJewels \u0130ngiltere","url":"https:\/\/www.purejewels.com\/","logo":{"@type":"ImageObject","inLanguage":"tr","@id":"https:\/\/www.purejewels.com\/#\/schema\/logo\/image\/","url":"https:\/\/static.purejewels.com\/wp-content\/uploads\/2020\/11\/Logo-PJ-New-1.png","contentUrl":"https:\/\/static.purejewels.com\/wp-content\/uploads\/2020\/11\/Logo-PJ-New-1.png","width":150,"height":80,"caption":"PureJewels UK"},"image":{"@id":"https:\/\/www.purejewels.com\/#\/schema\/logo\/image\/"}}]}},"_links":{"self":[{"href":"https:\/\/www.purejewels.com\/tr\/wp-json\/wp\/v2\/product\/311892","targetHints":{"allow":["GET"]}}],"collection":[{"href":"https:\/\/www.purejewels.com\/tr\/wp-json\/wp\/v2\/product"}],"about":[{"href":"https:\/\/www.purejewels.com\/tr\/wp-json\/wp\/v2\/types\/product"}],"replies":[{"embeddable":true,"href":"https:\/\/www.purejewels.com\/tr\/wp-json\/wp\/v2\/comments?post=311892"}],"version-history":[{"count":1,"href":"https:\/\/www.purejewels.com\/tr\/wp-json\/wp\/v2\/product\/311892\/revisions"}],"predecessor-version":[{"id":422081,"href":"https:\/\/www.purejewels.com\/tr\/wp-json\/wp\/v2\/product\/311892\/revisions\/422081"}],"wp:featuredmedia":[{"embeddable":true,"href":"https:\/\/www.purejewels.com\/tr\/wp-json\/wp\/v2\/media\/314176"}],"wp:attachment":[{"href":"https:\/\/www.purejewels.com\/tr\/wp-json\/wp\/v2\/media?parent=311892"}],"wp:term":[{"taxonomy":"product_brand","embeddable":true,"href":"https:\/\/www.purejewels.com\/tr\/wp-json\/wp\/v2\/product_brand?post=311892"},{"taxonomy":"product_cat","embeddable":true,"href":"https:\/\/www.purejewels.com\/tr\/wp-json\/wp\/v2\/product_cat?post=311892"},{"taxonomy":"product_tag","embeddable":true,"href":"https:\/\/www.purejewels.com\/tr\/wp-json\/wp\/v2\/product_tag?post=311892"}],"curies":[{"name":"wp","href":"https:\/\/api.w.org\/{rel}","templated":true}]}}