{"id":311913,"date":"2019-11-28T09:53:10","date_gmt":"2019-11-28T09:53:10","guid":{"rendered":"https:\/\/www.purejewels.com\/?post_type=product&#038;p=311913"},"modified":"2025-11-27T11:51:40","modified_gmt":"2025-11-27T11:51:40","slug":"22-ayar-altin-gerdanlik-kolye-4","status":"publish","type":"product","link":"https:\/\/www.purejewels.com\/tr\/product\/22-carat-gold-choker-necklace-4\/","title":{"rendered":"22 ayar alt\u0131n Golden Cascade P\u00fcsk\u00fcl Gerdanl\u0131k"},"content":{"rendered":"<p data-start=\"422\" data-end=\"1142\">\u015e\u0131kl\u0131\u011f\u0131n\u0131z\u0131 bizim ile y\u00fckseltin <strong data-start=\"495\" data-end=\"540\">22 ayar alt\u0131n Golden Cascade P\u00fcsk\u00fcl Gerdanl\u0131k<\/strong>, Modern kad\u0131nlar i\u00e7in tasarlanm\u0131\u015f zamans\u0131z bir par\u00e7a. Bu kolye, zarif bir \u00e7ift zincir tasar\u0131m\u0131na sahiptir ve bu zincirler, \u00e7ok say\u0131da p\u00fcsk\u00fcll\u00fc ipliklerin zarif bir \u015fekilde akt\u0131\u011f\u0131, g\u00fczel i\u015flenmi\u015f alt\u0131n bir boncukta birle\u015fir. Her p\u00fcsk\u00fcl, karma\u015f\u0131k \u015fekilli alt\u0131n boncuklarla vurgulanarak tasar\u0131ma hareket ve \u00e7ekicilik katar. \u0130ster tek ba\u015f\u0131na ister \u00e7a\u011fda\u015f bir g\u00f6r\u00fcn\u00fcm i\u00e7in katmanl\u0131 olarak tak\u0131ls\u0131n, bu gerdanl\u0131k her k\u0131yafete zarif bir sofistike hava katar. Gelinlikler, \u00f6zel g\u00fcnler veya l\u00fcks hediyeler i\u00e7in idealdir. Kal\u0131c\u0131 parlakl\u0131k ve de\u011fer i\u00e7in 22 ayar alt\u0131nla tasarlanm\u0131\u015ft\u0131r. Gelenek ve trendin klasik bir kar\u0131\u015f\u0131m\u0131.<\/p>","protected":false},"excerpt":{"rendered":"<ul>\n<li>22 Ayar Alt\u0131n Gerdanl\u0131k Kolye<\/li>\n<li>A\u011f\u0131rl\u0131k 5.8 g<\/li>\n<li>Uzunluk 16 \u0130n\u00e7<\/li>\n<li>SKU.31855<\/li>\n<li>T\u00fcm fiyatlara KDV dahildir<\/li>\n<li>T\u00fcm \u00dcr\u00fcnlerimiz Londra Tahlil Ofisi Taraf\u0131ndan Damgalanm\u0131\u015ft\u0131r<\/li>\n<li>T\u00fcm Setler Sunum Kutusu ile Birlikte Gelir<\/li>\n<li>Teslimat Dahil<\/li>\n<li>\u00dcr\u00fcn videosu i\u00e7in bizimle ileti\u015fime ge\u00e7in\/canl\u0131 sohbet edin<\/li>\n<\/ul>","protected":false},"featured_media":311986,"comment_status":"closed","ping_status":"closed","template":"","meta":{"_eb_attr":"","_crsspst_to_jayantr4sg-hostcom":false},"product_brand":[],"product_cat":[1698,1575],"product_tag":[],"class_list":{"0":"post-311913","1":"product","2":"type-product","3":"status-publish","4":"has-post-thumbnail","6":"product_cat-choker-chains","7":"product_cat-teenage-jewellery","9":"first","10":"outofstock","11":"taxable","12":"shipping-taxable","13":"product-type-simple","14":"add-to-wishlist-before_image"},"yoast_head":"<!-- This site is optimized with the Yoast SEO plugin v27.5 - https:\/\/yoast.com\/product\/yoast-seo-wordpress\/ -->\n<title>Golden Cascade Tassel Choker | 22ct Gold Necklace UK<\/title>\n<meta name=\"description\" content=\"Shop the Golden Cascade Tassel Choker in 22ct gold. A contemporary and elegant necklace design, perfect for weddings, parties, and gifting. UK delivery available.\" \/>\n<meta name=\"robots\" content=\"index, follow, max-snippet:-1, max-image-preview:large, max-video-preview:-1\" \/>\n<link rel=\"canonical\" href=\"https:\/\/www.purejewels.com\/tr\/urun\/22-ayar-altin-gerdanlik-kolye-4\/\" \/>\n<meta property=\"og:locale\" content=\"tr_TR\" \/>\n<meta property=\"og:type\" content=\"article\" \/>\n<meta property=\"og:title\" content=\"Golden Cascade Tassel Choker | 22ct Gold Necklace UK\" \/>\n<meta property=\"og:description\" content=\"Shop the Golden Cascade Tassel Choker in 22ct gold. A contemporary and elegant necklace design, perfect for weddings, parties, and gifting. UK delivery available.\" \/>\n<meta property=\"og:url\" content=\"https:\/\/www.purejewels.com\/tr\/urun\/22-ayar-altin-gerdanlik-kolye-4\/\" \/>\n<meta property=\"og:site_name\" content=\"PureJewels UK\" \/>\n<meta property=\"article:modified_time\" content=\"2025-11-27T11:51:40+00:00\" \/>\n<meta property=\"og:image\" content=\"https:\/\/www.purejewels.com\/wp-content\/uploads\/2019\/11\/019.jpg\" \/>\n\t<meta property=\"og:image:width\" content=\"1000\" \/>\n\t<meta property=\"og:image:height\" content=\"1000\" \/>\n\t<meta property=\"og:image:type\" content=\"image\/jpeg\" \/>\n<meta name=\"twitter:card\" content=\"summary_large_image\" \/>\n<meta name=\"twitter:label1\" content=\"Tahmini okuma s\u00fcresi\" \/>\n\t<meta name=\"twitter:data1\" content=\"1 dakika\" \/>\n<script type=\"application\/ld+json\" class=\"yoast-schema-graph\">{\"@context\":\"https:\\\/\\\/schema.org\",\"@graph\":[{\"@type\":[\"WebPage\",\"ItemPage\"],\"@id\":\"https:\\\/\\\/www.purejewels.com\\\/product\\\/22-carat-gold-choker-necklace-4\\\/\",\"url\":\"https:\\\/\\\/www.purejewels.com\\\/product\\\/22-carat-gold-choker-necklace-4\\\/\",\"name\":\"Golden Cascade Tassel Choker | 22ct Gold Necklace UK\",\"isPartOf\":{\"@id\":\"https:\\\/\\\/www.purejewels.com\\\/#website\"},\"primaryImageOfPage\":{\"@id\":\"https:\\\/\\\/www.purejewels.com\\\/product\\\/22-carat-gold-choker-necklace-4\\\/#primaryimage\"},\"image\":{\"@id\":\"https:\\\/\\\/www.purejewels.com\\\/product\\\/22-carat-gold-choker-necklace-4\\\/#primaryimage\"},\"thumbnailUrl\":\"https:\\\/\\\/static.purejewels.com\\\/wp-content\\\/uploads\\\/2019\\\/11\\\/019.jpg\",\"datePublished\":\"2019-11-28T09:53:10+00:00\",\"dateModified\":\"2025-11-27T11:51:40+00:00\",\"description\":\"Shop the Golden Cascade Tassel Choker in 22ct gold. A contemporary and elegant necklace design, perfect for weddings, parties, and gifting. UK delivery available.\",\"breadcrumb\":{\"@id\":\"https:\\\/\\\/www.purejewels.com\\\/product\\\/22-carat-gold-choker-necklace-4\\\/#breadcrumb\"},\"inLanguage\":\"tr\",\"potentialAction\":[{\"@type\":\"ReadAction\",\"target\":[\"https:\\\/\\\/www.purejewels.com\\\/product\\\/22-carat-gold-choker-necklace-4\\\/\"]}]},{\"@type\":\"ImageObject\",\"inLanguage\":\"tr\",\"@id\":\"https:\\\/\\\/www.purejewels.com\\\/product\\\/22-carat-gold-choker-necklace-4\\\/#primaryimage\",\"url\":\"https:\\\/\\\/static.purejewels.com\\\/wp-content\\\/uploads\\\/2019\\\/11\\\/019.jpg\",\"contentUrl\":\"https:\\\/\\\/static.purejewels.com\\\/wp-content\\\/uploads\\\/2019\\\/11\\\/019.jpg\",\"width\":1000,\"height\":1000,\"caption\":\"019\"},{\"@type\":\"BreadcrumbList\",\"@id\":\"https:\\\/\\\/www.purejewels.com\\\/product\\\/22-carat-gold-choker-necklace-4\\\/#breadcrumb\",\"itemListElement\":[{\"@type\":\"ListItem\",\"position\":1,\"name\":\"Home\",\"item\":\"https:\\\/\\\/www.purejewels.com\\\/\"},{\"@type\":\"ListItem\",\"position\":2,\"name\":\"Shop\",\"item\":\"https:\\\/\\\/www.purejewels.com\\\/shop\\\/\"},{\"@type\":\"ListItem\",\"position\":3,\"name\":\"Golden Cascade Tassel Choker in 22ct Gold\"}]},{\"@type\":\"WebSite\",\"@id\":\"https:\\\/\\\/www.purejewels.com\\\/#website\",\"url\":\"https:\\\/\\\/www.purejewels.com\\\/\",\"name\":\"PureJewels UK\",\"description\":\"Share the Love\",\"publisher\":{\"@id\":\"https:\\\/\\\/www.purejewels.com\\\/#organization\"},\"potentialAction\":[{\"@type\":\"SearchAction\",\"target\":{\"@type\":\"EntryPoint\",\"urlTemplate\":\"https:\\\/\\\/www.purejewels.com\\\/?s={search_term_string}\"},\"query-input\":{\"@type\":\"PropertyValueSpecification\",\"valueRequired\":true,\"valueName\":\"search_term_string\"}}],\"inLanguage\":\"tr\"},{\"@type\":\"Organization\",\"@id\":\"https:\\\/\\\/www.purejewels.com\\\/#organization\",\"name\":\"PureJewels UK\",\"url\":\"https:\\\/\\\/www.purejewels.com\\\/\",\"logo\":{\"@type\":\"ImageObject\",\"inLanguage\":\"tr\",\"@id\":\"https:\\\/\\\/www.purejewels.com\\\/#\\\/schema\\\/logo\\\/image\\\/\",\"url\":\"https:\\\/\\\/static.purejewels.com\\\/wp-content\\\/uploads\\\/2020\\\/11\\\/Logo-PJ-New-1.png\",\"contentUrl\":\"https:\\\/\\\/static.purejewels.com\\\/wp-content\\\/uploads\\\/2020\\\/11\\\/Logo-PJ-New-1.png\",\"width\":150,\"height\":80,\"caption\":\"PureJewels UK\"},\"image\":{\"@id\":\"https:\\\/\\\/www.purejewels.com\\\/#\\\/schema\\\/logo\\\/image\\\/\"}}]}<\/script>\n<!-- \/ Yoast SEO plugin. -->","yoast_head_json":{"title":"Alt\u0131n Cascade P\u00fcsk\u00fcl Choker | 22 ayar alt\u0131n kolye \u0130ngiltere","description":"22 ayar alt\u0131n Golden Cascade Tassel Choker'\u0131 sat\u0131n al\u0131n. D\u00fc\u011f\u00fcnler, partiler ve hediye etmek i\u00e7in m\u00fckemmel, \u00e7a\u011fda\u015f ve zarif bir kolye tasar\u0131m\u0131. \u0130ngiltere'ye teslimat mevcuttur.","robots":{"index":"index","follow":"follow","max-snippet":"max-snippet:-1","max-image-preview":"max-image-preview:large","max-video-preview":"max-video-preview:-1"},"canonical":"https:\/\/www.purejewels.com\/tr\/urun\/22-ayar-altin-gerdanlik-kolye-4\/","og_locale":"tr_TR","og_type":"article","og_title":"Golden Cascade Tassel Choker | 22ct Gold Necklace UK","og_description":"Shop the Golden Cascade Tassel Choker in 22ct gold. A contemporary and elegant necklace design, perfect for weddings, parties, and gifting. UK delivery available.","og_url":"https:\/\/www.purejewels.com\/tr\/urun\/22-ayar-altin-gerdanlik-kolye-4\/","og_site_name":"PureJewels UK","article_modified_time":"2025-11-27T11:51:40+00:00","og_image":[{"width":1000,"height":1000,"url":"https:\/\/www.purejewels.com\/wp-content\/uploads\/2019\/11\/019.jpg","type":"image\/jpeg"}],"twitter_card":"summary_large_image","twitter_misc":{"Tahmini okuma s\u00fcresi":"1 dakika"},"schema":{"@context":"https:\/\/schema.org","@graph":[{"@type":["WebPage","ItemPage"],"@id":"https:\/\/www.purejewels.com\/product\/22-carat-gold-choker-necklace-4\/","url":"https:\/\/www.purejewels.com\/product\/22-carat-gold-choker-necklace-4\/","name":"Alt\u0131n Cascade P\u00fcsk\u00fcl Choker | 22 ayar alt\u0131n kolye \u0130ngiltere","isPartOf":{"@id":"https:\/\/www.purejewels.com\/#website"},"primaryImageOfPage":{"@id":"https:\/\/www.purejewels.com\/product\/22-carat-gold-choker-necklace-4\/#primaryimage"},"image":{"@id":"https:\/\/www.purejewels.com\/product\/22-carat-gold-choker-necklace-4\/#primaryimage"},"thumbnailUrl":"https:\/\/static.purejewels.com\/wp-content\/uploads\/2019\/11\/019.jpg","datePublished":"2019-11-28T09:53:10+00:00","dateModified":"2025-11-27T11:51:40+00:00","description":"22 ayar alt\u0131n Golden Cascade Tassel Choker'\u0131 sat\u0131n al\u0131n. D\u00fc\u011f\u00fcnler, partiler ve hediye etmek i\u00e7in m\u00fckemmel, \u00e7a\u011fda\u015f ve zarif bir kolye tasar\u0131m\u0131. \u0130ngiltere'ye teslimat mevcuttur.","breadcrumb":{"@id":"https:\/\/www.purejewels.com\/product\/22-carat-gold-choker-necklace-4\/#breadcrumb"},"inLanguage":"tr","potentialAction":[{"@type":"ReadAction","target":["https:\/\/www.purejewels.com\/product\/22-carat-gold-choker-necklace-4\/"]}]},{"@type":"ImageObject","inLanguage":"tr","@id":"https:\/\/www.purejewels.com\/product\/22-carat-gold-choker-necklace-4\/#primaryimage","url":"https:\/\/static.purejewels.com\/wp-content\/uploads\/2019\/11\/019.jpg","contentUrl":"https:\/\/static.purejewels.com\/wp-content\/uploads\/2019\/11\/019.jpg","width":1000,"height":1000,"caption":"019"},{"@type":"BreadcrumbList","@id":"https:\/\/www.purejewels.com\/product\/22-carat-gold-choker-necklace-4\/#breadcrumb","itemListElement":[{"@type":"ListItem","position":1,"name":"Home","item":"https:\/\/www.purejewels.com\/"},{"@type":"ListItem","position":2,"name":"Shop","item":"https:\/\/www.purejewels.com\/shop\/"},{"@type":"ListItem","position":3,"name":"Golden Cascade Tassel Choker in 22ct Gold"}]},{"@type":"WebSite","@id":"https:\/\/www.purejewels.com\/#website","url":"https:\/\/www.purejewels.com\/","name":"PureJewels \u0130ngiltere","description":"Sevgiyi Payla\u015f\u0131n","publisher":{"@id":"https:\/\/www.purejewels.com\/#organization"},"potentialAction":[{"@type":"SearchAction","target":{"@type":"EntryPoint","urlTemplate":"https:\/\/www.purejewels.com\/?s={search_term_string}"},"query-input":{"@type":"PropertyValueSpecification","valueRequired":true,"valueName":"search_term_string"}}],"inLanguage":"tr"},{"@type":"Organization","@id":"https:\/\/www.purejewels.com\/#organization","name":"PureJewels \u0130ngiltere","url":"https:\/\/www.purejewels.com\/","logo":{"@type":"ImageObject","inLanguage":"tr","@id":"https:\/\/www.purejewels.com\/#\/schema\/logo\/image\/","url":"https:\/\/static.purejewels.com\/wp-content\/uploads\/2020\/11\/Logo-PJ-New-1.png","contentUrl":"https:\/\/static.purejewels.com\/wp-content\/uploads\/2020\/11\/Logo-PJ-New-1.png","width":150,"height":80,"caption":"PureJewels UK"},"image":{"@id":"https:\/\/www.purejewels.com\/#\/schema\/logo\/image\/"}}]}},"_links":{"self":[{"href":"https:\/\/www.purejewels.com\/tr\/wp-json\/wp\/v2\/product\/311913","targetHints":{"allow":["GET"]}}],"collection":[{"href":"https:\/\/www.purejewels.com\/tr\/wp-json\/wp\/v2\/product"}],"about":[{"href":"https:\/\/www.purejewels.com\/tr\/wp-json\/wp\/v2\/types\/product"}],"replies":[{"embeddable":true,"href":"https:\/\/www.purejewels.com\/tr\/wp-json\/wp\/v2\/comments?post=311913"}],"version-history":[{"count":2,"href":"https:\/\/www.purejewels.com\/tr\/wp-json\/wp\/v2\/product\/311913\/revisions"}],"predecessor-version":[{"id":421984,"href":"https:\/\/www.purejewels.com\/tr\/wp-json\/wp\/v2\/product\/311913\/revisions\/421984"}],"wp:featuredmedia":[{"embeddable":true,"href":"https:\/\/www.purejewels.com\/tr\/wp-json\/wp\/v2\/media\/311986"}],"wp:attachment":[{"href":"https:\/\/www.purejewels.com\/tr\/wp-json\/wp\/v2\/media?parent=311913"}],"wp:term":[{"taxonomy":"product_brand","embeddable":true,"href":"https:\/\/www.purejewels.com\/tr\/wp-json\/wp\/v2\/product_brand?post=311913"},{"taxonomy":"product_cat","embeddable":true,"href":"https:\/\/www.purejewels.com\/tr\/wp-json\/wp\/v2\/product_cat?post=311913"},{"taxonomy":"product_tag","embeddable":true,"href":"https:\/\/www.purejewels.com\/tr\/wp-json\/wp\/v2\/product_tag?post=311913"}],"curies":[{"name":"wp","href":"https:\/\/api.w.org\/{rel}","templated":true}]}}