{"id":311921,"date":"2019-11-28T10:04:36","date_gmt":"2019-11-28T10:04:36","guid":{"rendered":"https:\/\/www.purejewels.com\/?post_type=product&#038;p=311921"},"modified":"2026-01-06T08:08:49","modified_gmt":"2026-01-06T08:08:49","slug":"rodyum-kaplamali-22-ayar-altin-kolye-ucu-2","status":"publish","type":"product","link":"https:\/\/www.purejewels.com\/tr\/product\/22-carat-gold-pendant-with-rhodium-finish-2\/","title":{"rendered":"22 ayar alt\u0131n yuvarlak kolye ucu | Rodyum detaylar"},"content":{"rendered":"<p>Karma\u015f\u0131k sanatsal tasar\u0131m\u0131 ve zamans\u0131z zarafeti ile b\u00fcy\u00fcleyen bu zarif 22 ayar alt\u0131n yuvarlak kolye ile m\u00fccevher koleksiyonunuzu zenginle\u015ftirin. Y\u00fcksek kaliteli 22 ayar alt\u0131ndan \u00fcretilen bu kolye, narin \u00e7i\u00e7ek filigranlarla s\u00fcslenmi\u015f g\u00fczel yuvarlak bir siluete sahiptir ve \u00e7arp\u0131c\u0131 bir kontrast i\u00e7in parlak rodyum kaplama ile zenginle\u015ftirilmi\u015ftir.<\/p>\n<p>Kolye, geleneksel zanaatkarl\u0131k ile modern tarz\u0131n uyumlu bir kar\u0131\u015f\u0131m\u0131n\u0131 sergiliyor. Bir taraf\u0131ndaki \u00e7i\u00e7ek motifleri, zarafet ve kad\u0131ns\u0131l\u0131\u011f\u0131 simgeleyen ince detaylarla i\u015flenmi\u015fken, di\u011fer taraf\u0131nda ise derinlik ve sofistike bir hava katan p\u00fcr\u00fczs\u00fcz, parlak alt\u0131n y\u00fczey bulunuyor. Kolyeyi ikiye b\u00f6len rodyum vurgulu k\u0131vr\u0131m, g\u00f6ze \u00e7arparak genel tasar\u0131ma dinamik bir hava kat\u0131yor.<\/p>\n<p>\u00d6zel g\u00fcnler, d\u00fc\u011f\u00fcnler veya g\u00fcnl\u00fck kullan\u0131m i\u00e7in m\u00fckemmel olan bu kolye, hem klasik alt\u0131n zincirlerle hem de \u00e7a\u011fda\u015f tarzlarla uyumludur. Sevdi\u011finiz birine hediye etmek veya kendinizi \u015f\u0131martmak i\u00e7in, bu kolye her m\u00fccevher kutusuna anlaml\u0131 bir katk\u0131 sa\u011flar.<\/p>","protected":false},"excerpt":{"rendered":"<p>Bu zarif 22 ayar alt\u0131n yuvarlak kolye ucu, geleneksel cazibeyi modern detaylarla harmanlayan, rodyum kaplamayla zenginle\u015ftirilmi\u015f narin \u00e7i\u00e7ek filigran tasar\u0131m\u0131na sahiptir. Hem g\u00fcnl\u00fck kullan\u0131m hem de \u00f6zel g\u00fcnler i\u00e7in idealdir.<\/p>\n<ul>\n<li>Rodyum kaplamal\u0131 22 ayar Alt\u0131n kolye ucu<\/li>\n<li>E\u015fle\u015fen K\u00fcpe seti belirli bir tema \u00fczerinde mevcuttur<\/li>\n<li>A\u011f\u0131rl\u0131k 2,7 gms<\/li>\n<li>\u00c7ap 21mm<\/li>\n<li>SKU. 30960<\/li>\n<li>Zincir dahil de\u011fildir<\/li>\n<li>T\u00fcm fiyatlara KDV dahildir<\/li>\n<li>T\u00fcm \u00dcr\u00fcnlerimiz Londra Tahlil Ofisi Taraf\u0131ndan Damgalanm\u0131\u015ft\u0131r<\/li>\n<li>T\u00fcm Setler Sunum Kutusu ile Birlikte Gelir<\/li>\n<li>\u0130ngiltere Genelinde \u00dccretsiz Teslimat<\/li>\n<li>Bize ula\u015f\u0131n \/ Bizimle canl\u0131 sohbet edin Anneler G\u00fcn\u00fc M\u00fccevher hediye koleksiyonumuzdan \u00f6zel hediyelerin videosu i\u00e7in<\/li>\n<\/ul>","protected":false},"featured_media":313086,"comment_status":"closed","ping_status":"closed","template":"","meta":{"_eb_attr":"","_crsspst_to_jayantr4sg-hostcom":false},"product_brand":[],"product_cat":[1559,1770,1767,1570,1573,1574],"product_tag":[],"class_list":{"0":"post-311921","1":"product","2":"type-product","3":"status-publish","4":"has-post-thumbnail","6":"product_cat-birthday-gifts","7":"product_cat-fancy-pendants","8":"product_cat-ladies-pendants","9":"product_cat-mothers-day-gifts","10":"product_cat-wedding-gifts","11":"product_cat-womens-jewellery","13":"first","14":"outofstock","15":"taxable","16":"shipping-taxable","17":"product-type-simple","18":"add-to-wishlist-before_image"},"yoast_head":"<!-- This site is optimized with the Yoast SEO plugin v27.3 - https:\/\/yoast.com\/product\/yoast-seo-wordpress\/ -->\n<title>22ct Gold Pendant with Rhodium Finish | Elegant Filigree Design<\/title>\n<meta name=\"description\" content=\"Discover timeless elegance with this 22ct Gold Round Pendant featuring intricate floral filigree and a shimmering rhodium finish. Perfect for gifting or special occasions.\" \/>\n<meta name=\"robots\" content=\"index, follow, max-snippet:-1, max-image-preview:large, max-video-preview:-1\" \/>\n<link rel=\"canonical\" href=\"https:\/\/www.purejewels.com\/tr\/urun\/rodyum-kaplamali-22-ayar-altin-kolye-ucu-2\/\" \/>\n<meta property=\"og:locale\" content=\"tr_TR\" \/>\n<meta property=\"og:type\" content=\"article\" \/>\n<meta property=\"og:title\" content=\"22ct Gold Pendant with Rhodium Finish | Elegant Filigree Design\" \/>\n<meta property=\"og:description\" content=\"Discover timeless elegance with this 22ct Gold Round Pendant featuring intricate floral filigree and a shimmering rhodium finish. Perfect for gifting or special occasions.\" \/>\n<meta property=\"og:url\" content=\"https:\/\/www.purejewels.com\/tr\/urun\/rodyum-kaplamali-22-ayar-altin-kolye-ucu-2\/\" \/>\n<meta property=\"og:site_name\" content=\"PureJewels UK\" \/>\n<meta property=\"article:modified_time\" content=\"2026-01-06T08:08:49+00:00\" \/>\n<meta property=\"og:image\" content=\"https:\/\/static.purejewels.com\/wp-content\/uploads\/2020\/03\/152155130.jpg\" \/>\n\t<meta property=\"og:image:width\" content=\"1000\" \/>\n\t<meta property=\"og:image:height\" content=\"1000\" \/>\n\t<meta property=\"og:image:type\" content=\"image\/jpeg\" \/>\n<meta name=\"twitter:card\" content=\"summary_large_image\" \/>\n<meta name=\"twitter:label1\" content=\"Tahmini okuma s\u00fcresi\" \/>\n\t<meta name=\"twitter:data1\" content=\"1 dakika\" \/>\n<script type=\"application\/ld+json\" class=\"yoast-schema-graph\">{\"@context\":\"https:\\\/\\\/schema.org\",\"@graph\":[{\"@type\":[\"WebPage\",\"ItemPage\"],\"@id\":\"https:\\\/\\\/www.purejewels.com\\\/product\\\/22-carat-gold-pendant-with-rhodium-finish-2\\\/\",\"url\":\"https:\\\/\\\/www.purejewels.com\\\/product\\\/22-carat-gold-pendant-with-rhodium-finish-2\\\/\",\"name\":\"22ct Gold Pendant with Rhodium Finish | Elegant Filigree Design\",\"isPartOf\":{\"@id\":\"https:\\\/\\\/www.purejewels.com\\\/#website\"},\"primaryImageOfPage\":{\"@id\":\"https:\\\/\\\/www.purejewels.com\\\/product\\\/22-carat-gold-pendant-with-rhodium-finish-2\\\/#primaryimage\"},\"image\":{\"@id\":\"https:\\\/\\\/www.purejewels.com\\\/product\\\/22-carat-gold-pendant-with-rhodium-finish-2\\\/#primaryimage\"},\"thumbnailUrl\":\"https:\\\/\\\/static.purejewels.com\\\/wp-content\\\/uploads\\\/2020\\\/03\\\/152155130.jpg\",\"datePublished\":\"2019-11-28T10:04:36+00:00\",\"dateModified\":\"2026-01-06T08:08:49+00:00\",\"description\":\"Discover timeless elegance with this 22ct Gold Round Pendant featuring intricate floral filigree and a shimmering rhodium finish. Perfect for gifting or special occasions.\",\"breadcrumb\":{\"@id\":\"https:\\\/\\\/www.purejewels.com\\\/product\\\/22-carat-gold-pendant-with-rhodium-finish-2\\\/#breadcrumb\"},\"inLanguage\":\"tr\",\"potentialAction\":[{\"@type\":\"ReadAction\",\"target\":[\"https:\\\/\\\/www.purejewels.com\\\/product\\\/22-carat-gold-pendant-with-rhodium-finish-2\\\/\"]}]},{\"@type\":\"ImageObject\",\"inLanguage\":\"tr\",\"@id\":\"https:\\\/\\\/www.purejewels.com\\\/product\\\/22-carat-gold-pendant-with-rhodium-finish-2\\\/#primaryimage\",\"url\":\"https:\\\/\\\/static.purejewels.com\\\/wp-content\\\/uploads\\\/2020\\\/03\\\/152155130.jpg\",\"contentUrl\":\"https:\\\/\\\/static.purejewels.com\\\/wp-content\\\/uploads\\\/2020\\\/03\\\/152155130.jpg\",\"width\":1000,\"height\":1000,\"caption\":\"22 carat Gold pendant with Rhodium finishMatching Earring set is available on particular themeWt. 2.7 gDiameter. 21mmSKU. 30960Chain not includedAll prices include VATAll our Products are Hallmarked by London Assay OfficeAll Sets Comes With Presentation BoxFree Delivery Across UKContact us\\\/chat with us to explore 22 carat Gold jewellery online\"},{\"@type\":\"BreadcrumbList\",\"@id\":\"https:\\\/\\\/www.purejewels.com\\\/product\\\/22-carat-gold-pendant-with-rhodium-finish-2\\\/#breadcrumb\",\"itemListElement\":[{\"@type\":\"ListItem\",\"position\":1,\"name\":\"Home\",\"item\":\"https:\\\/\\\/www.purejewels.com\\\/\"},{\"@type\":\"ListItem\",\"position\":2,\"name\":\"Shop\",\"item\":\"https:\\\/\\\/www.purejewels.com\\\/shop\\\/\"},{\"@type\":\"ListItem\",\"position\":3,\"name\":\"22ct Gold Round Pendant | Rhodium Detailing\"}]},{\"@type\":\"WebSite\",\"@id\":\"https:\\\/\\\/www.purejewels.com\\\/#website\",\"url\":\"https:\\\/\\\/www.purejewels.com\\\/\",\"name\":\"PureJewels UK\",\"description\":\"Share the Love\",\"publisher\":{\"@id\":\"https:\\\/\\\/www.purejewels.com\\\/#organization\"},\"potentialAction\":[{\"@type\":\"SearchAction\",\"target\":{\"@type\":\"EntryPoint\",\"urlTemplate\":\"https:\\\/\\\/www.purejewels.com\\\/?s={search_term_string}\"},\"query-input\":{\"@type\":\"PropertyValueSpecification\",\"valueRequired\":true,\"valueName\":\"search_term_string\"}}],\"inLanguage\":\"tr\"},{\"@type\":\"Organization\",\"@id\":\"https:\\\/\\\/www.purejewels.com\\\/#organization\",\"name\":\"PureJewels UK\",\"url\":\"https:\\\/\\\/www.purejewels.com\\\/\",\"logo\":{\"@type\":\"ImageObject\",\"inLanguage\":\"tr\",\"@id\":\"https:\\\/\\\/www.purejewels.com\\\/#\\\/schema\\\/logo\\\/image\\\/\",\"url\":\"https:\\\/\\\/static.purejewels.com\\\/wp-content\\\/uploads\\\/2020\\\/11\\\/Logo-PJ-New-1.png\",\"contentUrl\":\"https:\\\/\\\/static.purejewels.com\\\/wp-content\\\/uploads\\\/2020\\\/11\\\/Logo-PJ-New-1.png\",\"width\":150,\"height\":80,\"caption\":\"PureJewels UK\"},\"image\":{\"@id\":\"https:\\\/\\\/www.purejewels.com\\\/#\\\/schema\\\/logo\\\/image\\\/\"}}]}<\/script>\n<!-- \/ Yoast SEO plugin. -->","yoast_head_json":{"title":"Rodyum Kaplamal\u0131 22 Ayar Alt\u0131n Kolye | Zarif Filigran Tasar\u0131m","description":"Karma\u015f\u0131k \u00e7i\u00e7ek filigranlar\u0131 ve \u0131\u015f\u0131lt\u0131l\u0131 rodyum kaplamas\u0131yla bu 22 ayar alt\u0131n yuvarlak kolye ile zamans\u0131z zarafeti ke\u015ffedin. Hediye etmek veya \u00f6zel g\u00fcnler i\u00e7in m\u00fckemmeldir.","robots":{"index":"index","follow":"follow","max-snippet":"max-snippet:-1","max-image-preview":"max-image-preview:large","max-video-preview":"max-video-preview:-1"},"canonical":"https:\/\/www.purejewels.com\/tr\/urun\/rodyum-kaplamali-22-ayar-altin-kolye-ucu-2\/","og_locale":"tr_TR","og_type":"article","og_title":"22ct Gold Pendant with Rhodium Finish | Elegant Filigree Design","og_description":"Discover timeless elegance with this 22ct Gold Round Pendant featuring intricate floral filigree and a shimmering rhodium finish. Perfect for gifting or special occasions.","og_url":"https:\/\/www.purejewels.com\/tr\/urun\/rodyum-kaplamali-22-ayar-altin-kolye-ucu-2\/","og_site_name":"PureJewels UK","article_modified_time":"2026-01-06T08:08:49+00:00","og_image":[{"width":1000,"height":1000,"url":"https:\/\/static.purejewels.com\/wp-content\/uploads\/2020\/03\/152155130.jpg","type":"image\/jpeg"}],"twitter_card":"summary_large_image","twitter_misc":{"Tahmini okuma s\u00fcresi":"1 dakika"},"schema":{"@context":"https:\/\/schema.org","@graph":[{"@type":["WebPage","ItemPage"],"@id":"https:\/\/www.purejewels.com\/product\/22-carat-gold-pendant-with-rhodium-finish-2\/","url":"https:\/\/www.purejewels.com\/product\/22-carat-gold-pendant-with-rhodium-finish-2\/","name":"Rodyum Kaplamal\u0131 22 Ayar Alt\u0131n Kolye | Zarif Filigran Tasar\u0131m","isPartOf":{"@id":"https:\/\/www.purejewels.com\/#website"},"primaryImageOfPage":{"@id":"https:\/\/www.purejewels.com\/product\/22-carat-gold-pendant-with-rhodium-finish-2\/#primaryimage"},"image":{"@id":"https:\/\/www.purejewels.com\/product\/22-carat-gold-pendant-with-rhodium-finish-2\/#primaryimage"},"thumbnailUrl":"https:\/\/static.purejewels.com\/wp-content\/uploads\/2020\/03\/152155130.jpg","datePublished":"2019-11-28T10:04:36+00:00","dateModified":"2026-01-06T08:08:49+00:00","description":"Karma\u015f\u0131k \u00e7i\u00e7ek filigranlar\u0131 ve \u0131\u015f\u0131lt\u0131l\u0131 rodyum kaplamas\u0131yla bu 22 ayar alt\u0131n yuvarlak kolye ile zamans\u0131z zarafeti ke\u015ffedin. Hediye etmek veya \u00f6zel g\u00fcnler i\u00e7in m\u00fckemmeldir.","breadcrumb":{"@id":"https:\/\/www.purejewels.com\/product\/22-carat-gold-pendant-with-rhodium-finish-2\/#breadcrumb"},"inLanguage":"tr","potentialAction":[{"@type":"ReadAction","target":["https:\/\/www.purejewels.com\/product\/22-carat-gold-pendant-with-rhodium-finish-2\/"]}]},{"@type":"ImageObject","inLanguage":"tr","@id":"https:\/\/www.purejewels.com\/product\/22-carat-gold-pendant-with-rhodium-finish-2\/#primaryimage","url":"https:\/\/static.purejewels.com\/wp-content\/uploads\/2020\/03\/152155130.jpg","contentUrl":"https:\/\/static.purejewels.com\/wp-content\/uploads\/2020\/03\/152155130.jpg","width":1000,"height":1000,"caption":"22 carat Gold pendant with Rhodium finishMatching Earring set is available on particular themeWt. 2.7 gDiameter. 21mmSKU. 30960Chain not includedAll prices include VATAll our Products are Hallmarked by London Assay OfficeAll Sets Comes With Presentation BoxFree Delivery Across UKContact us\/chat with us to explore 22 carat Gold jewellery online"},{"@type":"BreadcrumbList","@id":"https:\/\/www.purejewels.com\/product\/22-carat-gold-pendant-with-rhodium-finish-2\/#breadcrumb","itemListElement":[{"@type":"ListItem","position":1,"name":"Home","item":"https:\/\/www.purejewels.com\/"},{"@type":"ListItem","position":2,"name":"Shop","item":"https:\/\/www.purejewels.com\/shop\/"},{"@type":"ListItem","position":3,"name":"22ct Gold Round Pendant | Rhodium Detailing"}]},{"@type":"WebSite","@id":"https:\/\/www.purejewels.com\/#website","url":"https:\/\/www.purejewels.com\/","name":"PureJewels \u0130ngiltere","description":"Sevgiyi Payla\u015f\u0131n","publisher":{"@id":"https:\/\/www.purejewels.com\/#organization"},"potentialAction":[{"@type":"SearchAction","target":{"@type":"EntryPoint","urlTemplate":"https:\/\/www.purejewels.com\/?s={search_term_string}"},"query-input":{"@type":"PropertyValueSpecification","valueRequired":true,"valueName":"search_term_string"}}],"inLanguage":"tr"},{"@type":"Organization","@id":"https:\/\/www.purejewels.com\/#organization","name":"PureJewels \u0130ngiltere","url":"https:\/\/www.purejewels.com\/","logo":{"@type":"ImageObject","inLanguage":"tr","@id":"https:\/\/www.purejewels.com\/#\/schema\/logo\/image\/","url":"https:\/\/static.purejewels.com\/wp-content\/uploads\/2020\/11\/Logo-PJ-New-1.png","contentUrl":"https:\/\/static.purejewels.com\/wp-content\/uploads\/2020\/11\/Logo-PJ-New-1.png","width":150,"height":80,"caption":"PureJewels UK"},"image":{"@id":"https:\/\/www.purejewels.com\/#\/schema\/logo\/image\/"}}]}},"_links":{"self":[{"href":"https:\/\/www.purejewels.com\/tr\/wp-json\/wp\/v2\/product\/311921","targetHints":{"allow":["GET"]}}],"collection":[{"href":"https:\/\/www.purejewels.com\/tr\/wp-json\/wp\/v2\/product"}],"about":[{"href":"https:\/\/www.purejewels.com\/tr\/wp-json\/wp\/v2\/types\/product"}],"replies":[{"embeddable":true,"href":"https:\/\/www.purejewels.com\/tr\/wp-json\/wp\/v2\/comments?post=311921"}],"version-history":[{"count":2,"href":"https:\/\/www.purejewels.com\/tr\/wp-json\/wp\/v2\/product\/311921\/revisions"}],"predecessor-version":[{"id":423311,"href":"https:\/\/www.purejewels.com\/tr\/wp-json\/wp\/v2\/product\/311921\/revisions\/423311"}],"wp:featuredmedia":[{"embeddable":true,"href":"https:\/\/www.purejewels.com\/tr\/wp-json\/wp\/v2\/media\/313086"}],"wp:attachment":[{"href":"https:\/\/www.purejewels.com\/tr\/wp-json\/wp\/v2\/media?parent=311921"}],"wp:term":[{"taxonomy":"product_brand","embeddable":true,"href":"https:\/\/www.purejewels.com\/tr\/wp-json\/wp\/v2\/product_brand?post=311921"},{"taxonomy":"product_cat","embeddable":true,"href":"https:\/\/www.purejewels.com\/tr\/wp-json\/wp\/v2\/product_cat?post=311921"},{"taxonomy":"product_tag","embeddable":true,"href":"https:\/\/www.purejewels.com\/tr\/wp-json\/wp\/v2\/product_tag?post=311921"}],"curies":[{"name":"wp","href":"https:\/\/api.w.org\/{rel}","templated":true}]}}