{"id":311937,"date":"2019-12-05T09:46:55","date_gmt":"2019-12-05T09:46:55","guid":{"rendered":"https:\/\/www.purejewels.com\/?post_type=product&#038;p=311937"},"modified":"2026-01-06T09:43:48","modified_gmt":"2026-01-06T09:43:48","slug":"22-ayar-altin-bilezik-31947","status":"publish","type":"product","link":"https:\/\/www.purejewels.com\/tr\/product\/22ct-gold-bracelet-31947\/","title":{"rendered":"22 ayar alt\u0131n saten oval boncuklu bileklik"},"content":{"rendered":"<p><strong>Tasar\u0131m<\/strong><\/p>\n<p>Bu zarif bileklik, merkezinde saten kaplamal\u0131 oval bir boncuk ile cilal\u0131 ve dokulu yuvarlak boncuklar\u0131 bir araya getirerek, parlakl\u0131k ve yumu\u015fak \u0131\u015f\u0131lt\u0131n\u0131n ince bir uyumunu yans\u0131t\u0131yor. \u0130nce alt\u0131n bant, zarif ve rafine bir dokunu\u015f katarak, g\u00fcnl\u00fck \u015f\u0131kl\u0131k i\u00e7in ideal bir se\u00e7im haline getiriyor.<\/p>\n<p><strong>Zanaatkarl\u0131k<\/strong><\/p>\n<p>Saf 22 ayar alt\u0131ndan el i\u015f\u00e7ili\u011fi ile \u00fcretilen bileklik, p\u00fcr\u00fczs\u00fcz saten y\u00fczeyleri detayl\u0131 dokularla birle\u015ftirerek geleneksel sanat\u0131n \u00e7a\u011fda\u015f bir formda sergilenmesini sa\u011flar. G\u00fcvenli bir toka, rahat kullan\u0131m vaat ederken, \u0130ngiltere damgas\u0131 alt\u0131n safl\u0131\u011f\u0131 ve orijinalli\u011fini garanti eder.<\/p>\n<p><strong>\u015eekillendirme &amp; Hediyele\u015fme<\/strong><\/p>\n<p>Hem g\u00fcnl\u00fck kullan\u0131m hem de \u00f6zel g\u00fcnler i\u00e7in g\u00fczel bir bileklik. Minimalist bir \u00e7ekicilik i\u00e7in tek ba\u015f\u0131na tak\u0131n veya g\u00f6r\u00fcn\u00fcm\u00fcn\u00fcz\u00fc zenginle\u015ftirmek i\u00e7in bilezikler ve boncuklu bilekliklerle birlikte tak\u0131n. Do\u011fum g\u00fcnleri, y\u0131ld\u00f6n\u00fcmleri veya bayram kutlamalar\u0131 i\u00e7in \u00f6zenle se\u00e7ilmi\u015f, kesinlikle de\u011fer verilecek bir hediye.<\/p>","protected":false},"excerpt":{"rendered":"<ul>\n<li>22 Ayar Alt\u0131n Bileklik<\/li>\n<li>A\u011f\u0131rl\u0131k: 6,5 gm<\/li>\n<li>SKU 31947<\/li>\n<li>T\u00fcm fiyatlara KDV dahildir<\/li>\n<li>Londra Tahlil Ofisi Taraf\u0131ndan Damgalanm\u0131\u015f 22 Ayar Alt\u0131n<\/li>\n<li>Sunum Kutusu ile Birlikte Gelir<\/li>\n<li>Teslimat Dahil<\/li>\n<li>Bize ula\u015f\u0131n \/ Bizimle canl\u0131 sohbet edin 22 Ayar Alt\u0131n Bileklik videosu i\u00e7in<\/li>\n<\/ul>","protected":false},"featured_media":312097,"comment_status":"closed","ping_status":"closed","template":"","meta":{"_eb_attr":"","_crsspst_to_jayantr4sg-hostcom":false},"product_brand":[],"product_cat":[1791,1559,1324,1627,1575,1573,1574],"product_tag":[],"class_list":{"0":"post-311937","1":"product","2":"type-product","3":"status-publish","4":"has-post-thumbnail","6":"product_cat-anniversary-gifts","7":"product_cat-birthday-gifts","8":"product_cat-gold-bracelet","9":"product_cat-ladies-bracelet","10":"product_cat-teenage-jewellery","11":"product_cat-wedding-gifts","12":"product_cat-womens-jewellery","14":"first","15":"outofstock","16":"taxable","17":"shipping-taxable","18":"product-type-simple","19":"add-to-wishlist-before_image"},"yoast_head":"<!-- This site is optimized with the Yoast SEO plugin v27.3 - https:\/\/yoast.com\/product\/yoast-seo-wordpress\/ -->\n<title>22ct Gold Satin Oval Bead Bracelet | PureJewels UK<\/title>\n<meta name=\"description\" content=\"Explore the 22ct Gold Satin Oval Bead Bracelet at PureJewels UK. A refined design featuring satin-finish oval beads and polished round accents crafted in pure 22ct gold.\" \/>\n<meta name=\"robots\" content=\"index, follow, max-snippet:-1, max-image-preview:large, max-video-preview:-1\" \/>\n<link rel=\"canonical\" href=\"https:\/\/www.purejewels.com\/tr\/urun\/22-ayar-altin-bilezik-31947\/\" \/>\n<meta property=\"og:locale\" content=\"tr_TR\" \/>\n<meta property=\"og:type\" content=\"article\" \/>\n<meta property=\"og:title\" content=\"22ct Gold Satin Oval Bead Bracelet | PureJewels UK\" \/>\n<meta property=\"og:description\" content=\"Explore the 22ct Gold Satin Oval Bead Bracelet at PureJewels UK. A refined design featuring satin-finish oval beads and polished round accents crafted in pure 22ct gold.\" \/>\n<meta property=\"og:url\" content=\"https:\/\/www.purejewels.com\/tr\/urun\/22-ayar-altin-bilezik-31947\/\" \/>\n<meta property=\"og:site_name\" content=\"PureJewels UK\" \/>\n<meta property=\"article:modified_time\" content=\"2026-01-06T09:43:48+00:00\" \/>\n<meta property=\"og:image\" content=\"https:\/\/static.purejewels.com\/wp-content\/uploads\/2019\/12\/31947.jpg\" \/>\n\t<meta property=\"og:image:width\" content=\"1000\" \/>\n\t<meta property=\"og:image:height\" content=\"1000\" \/>\n\t<meta property=\"og:image:type\" content=\"image\/jpeg\" \/>\n<meta name=\"twitter:card\" content=\"summary_large_image\" \/>\n<meta name=\"twitter:label1\" content=\"Tahmini okuma s\u00fcresi\" \/>\n\t<meta name=\"twitter:data1\" content=\"1 dakika\" \/>\n<script type=\"application\/ld+json\" class=\"yoast-schema-graph\">{\"@context\":\"https:\\\/\\\/schema.org\",\"@graph\":[{\"@type\":[\"WebPage\",\"ItemPage\"],\"@id\":\"https:\\\/\\\/www.purejewels.com\\\/product\\\/22ct-gold-bracelet-31947\\\/\",\"url\":\"https:\\\/\\\/www.purejewels.com\\\/product\\\/22ct-gold-bracelet-31947\\\/\",\"name\":\"22ct Gold Satin Oval Bead Bracelet | PureJewels UK\",\"isPartOf\":{\"@id\":\"https:\\\/\\\/www.purejewels.com\\\/#website\"},\"primaryImageOfPage\":{\"@id\":\"https:\\\/\\\/www.purejewels.com\\\/product\\\/22ct-gold-bracelet-31947\\\/#primaryimage\"},\"image\":{\"@id\":\"https:\\\/\\\/www.purejewels.com\\\/product\\\/22ct-gold-bracelet-31947\\\/#primaryimage\"},\"thumbnailUrl\":\"https:\\\/\\\/static.purejewels.com\\\/wp-content\\\/uploads\\\/2019\\\/12\\\/31947.jpg\",\"datePublished\":\"2019-12-05T09:46:55+00:00\",\"dateModified\":\"2026-01-06T09:43:48+00:00\",\"description\":\"Explore the 22ct Gold Satin Oval Bead Bracelet at PureJewels UK. A refined design featuring satin-finish oval beads and polished round accents crafted in pure 22ct gold.\",\"breadcrumb\":{\"@id\":\"https:\\\/\\\/www.purejewels.com\\\/product\\\/22ct-gold-bracelet-31947\\\/#breadcrumb\"},\"inLanguage\":\"tr\",\"potentialAction\":[{\"@type\":\"ReadAction\",\"target\":[\"https:\\\/\\\/www.purejewels.com\\\/product\\\/22ct-gold-bracelet-31947\\\/\"]}]},{\"@type\":\"ImageObject\",\"inLanguage\":\"tr\",\"@id\":\"https:\\\/\\\/www.purejewels.com\\\/product\\\/22ct-gold-bracelet-31947\\\/#primaryimage\",\"url\":\"https:\\\/\\\/static.purejewels.com\\\/wp-content\\\/uploads\\\/2019\\\/12\\\/31947.jpg\",\"contentUrl\":\"https:\\\/\\\/static.purejewels.com\\\/wp-content\\\/uploads\\\/2019\\\/12\\\/31947.jpg\",\"width\":1000,\"height\":1000,\"caption\":\"22ct Gold Bracelet For Ladies 31947\"},{\"@type\":\"BreadcrumbList\",\"@id\":\"https:\\\/\\\/www.purejewels.com\\\/product\\\/22ct-gold-bracelet-31947\\\/#breadcrumb\",\"itemListElement\":[{\"@type\":\"ListItem\",\"position\":1,\"name\":\"Home\",\"item\":\"https:\\\/\\\/www.purejewels.com\\\/\"},{\"@type\":\"ListItem\",\"position\":2,\"name\":\"Shop\",\"item\":\"https:\\\/\\\/www.purejewels.com\\\/shop\\\/\"},{\"@type\":\"ListItem\",\"position\":3,\"name\":\"22ct Gold Satin Oval Bead Bracelet\"}]},{\"@type\":\"WebSite\",\"@id\":\"https:\\\/\\\/www.purejewels.com\\\/#website\",\"url\":\"https:\\\/\\\/www.purejewels.com\\\/\",\"name\":\"PureJewels UK\",\"description\":\"Share the Love\",\"publisher\":{\"@id\":\"https:\\\/\\\/www.purejewels.com\\\/#organization\"},\"potentialAction\":[{\"@type\":\"SearchAction\",\"target\":{\"@type\":\"EntryPoint\",\"urlTemplate\":\"https:\\\/\\\/www.purejewels.com\\\/?s={search_term_string}\"},\"query-input\":{\"@type\":\"PropertyValueSpecification\",\"valueRequired\":true,\"valueName\":\"search_term_string\"}}],\"inLanguage\":\"tr\"},{\"@type\":\"Organization\",\"@id\":\"https:\\\/\\\/www.purejewels.com\\\/#organization\",\"name\":\"PureJewels UK\",\"url\":\"https:\\\/\\\/www.purejewels.com\\\/\",\"logo\":{\"@type\":\"ImageObject\",\"inLanguage\":\"tr\",\"@id\":\"https:\\\/\\\/www.purejewels.com\\\/#\\\/schema\\\/logo\\\/image\\\/\",\"url\":\"https:\\\/\\\/static.purejewels.com\\\/wp-content\\\/uploads\\\/2020\\\/11\\\/Logo-PJ-New-1.png\",\"contentUrl\":\"https:\\\/\\\/static.purejewels.com\\\/wp-content\\\/uploads\\\/2020\\\/11\\\/Logo-PJ-New-1.png\",\"width\":150,\"height\":80,\"caption\":\"PureJewels UK\"},\"image\":{\"@id\":\"https:\\\/\\\/www.purejewels.com\\\/#\\\/schema\\\/logo\\\/image\\\/\"}}]}<\/script>\n<!-- \/ Yoast SEO plugin. -->","yoast_head_json":{"title":"22 ayar alt\u0131n saten oval boncuklu bileklik | PureJewels UK","description":"PureJewels UK'de 22 ayar alt\u0131n saten oval boncuklu bilezi\u011fi ke\u015ffedin. Saten kaplamal\u0131 oval boncuklar ve parlak yuvarlak detaylarla s\u00fcslenmi\u015f, saf 22 ayar alt\u0131ndan \u00fcretilmi\u015f zarif bir tasar\u0131m.","robots":{"index":"index","follow":"follow","max-snippet":"max-snippet:-1","max-image-preview":"max-image-preview:large","max-video-preview":"max-video-preview:-1"},"canonical":"https:\/\/www.purejewels.com\/tr\/urun\/22-ayar-altin-bilezik-31947\/","og_locale":"tr_TR","og_type":"article","og_title":"22ct Gold Satin Oval Bead Bracelet | PureJewels UK","og_description":"Explore the 22ct Gold Satin Oval Bead Bracelet at PureJewels UK. A refined design featuring satin-finish oval beads and polished round accents crafted in pure 22ct gold.","og_url":"https:\/\/www.purejewels.com\/tr\/urun\/22-ayar-altin-bilezik-31947\/","og_site_name":"PureJewels UK","article_modified_time":"2026-01-06T09:43:48+00:00","og_image":[{"width":1000,"height":1000,"url":"https:\/\/static.purejewels.com\/wp-content\/uploads\/2019\/12\/31947.jpg","type":"image\/jpeg"}],"twitter_card":"summary_large_image","twitter_misc":{"Tahmini okuma s\u00fcresi":"1 dakika"},"schema":{"@context":"https:\/\/schema.org","@graph":[{"@type":["WebPage","ItemPage"],"@id":"https:\/\/www.purejewels.com\/product\/22ct-gold-bracelet-31947\/","url":"https:\/\/www.purejewels.com\/product\/22ct-gold-bracelet-31947\/","name":"22 ayar alt\u0131n saten oval boncuklu bileklik | PureJewels UK","isPartOf":{"@id":"https:\/\/www.purejewels.com\/#website"},"primaryImageOfPage":{"@id":"https:\/\/www.purejewels.com\/product\/22ct-gold-bracelet-31947\/#primaryimage"},"image":{"@id":"https:\/\/www.purejewels.com\/product\/22ct-gold-bracelet-31947\/#primaryimage"},"thumbnailUrl":"https:\/\/static.purejewels.com\/wp-content\/uploads\/2019\/12\/31947.jpg","datePublished":"2019-12-05T09:46:55+00:00","dateModified":"2026-01-06T09:43:48+00:00","description":"PureJewels UK'de 22 ayar alt\u0131n saten oval boncuklu bilezi\u011fi ke\u015ffedin. Saten kaplamal\u0131 oval boncuklar ve parlak yuvarlak detaylarla s\u00fcslenmi\u015f, saf 22 ayar alt\u0131ndan \u00fcretilmi\u015f zarif bir tasar\u0131m.","breadcrumb":{"@id":"https:\/\/www.purejewels.com\/product\/22ct-gold-bracelet-31947\/#breadcrumb"},"inLanguage":"tr","potentialAction":[{"@type":"ReadAction","target":["https:\/\/www.purejewels.com\/product\/22ct-gold-bracelet-31947\/"]}]},{"@type":"ImageObject","inLanguage":"tr","@id":"https:\/\/www.purejewels.com\/product\/22ct-gold-bracelet-31947\/#primaryimage","url":"https:\/\/static.purejewels.com\/wp-content\/uploads\/2019\/12\/31947.jpg","contentUrl":"https:\/\/static.purejewels.com\/wp-content\/uploads\/2019\/12\/31947.jpg","width":1000,"height":1000,"caption":"22ct Gold Bracelet For Ladies 31947"},{"@type":"BreadcrumbList","@id":"https:\/\/www.purejewels.com\/product\/22ct-gold-bracelet-31947\/#breadcrumb","itemListElement":[{"@type":"ListItem","position":1,"name":"Home","item":"https:\/\/www.purejewels.com\/"},{"@type":"ListItem","position":2,"name":"Shop","item":"https:\/\/www.purejewels.com\/shop\/"},{"@type":"ListItem","position":3,"name":"22ct Gold Satin Oval Bead Bracelet"}]},{"@type":"WebSite","@id":"https:\/\/www.purejewels.com\/#website","url":"https:\/\/www.purejewels.com\/","name":"PureJewels \u0130ngiltere","description":"Sevgiyi Payla\u015f\u0131n","publisher":{"@id":"https:\/\/www.purejewels.com\/#organization"},"potentialAction":[{"@type":"SearchAction","target":{"@type":"EntryPoint","urlTemplate":"https:\/\/www.purejewels.com\/?s={search_term_string}"},"query-input":{"@type":"PropertyValueSpecification","valueRequired":true,"valueName":"search_term_string"}}],"inLanguage":"tr"},{"@type":"Organization","@id":"https:\/\/www.purejewels.com\/#organization","name":"PureJewels \u0130ngiltere","url":"https:\/\/www.purejewels.com\/","logo":{"@type":"ImageObject","inLanguage":"tr","@id":"https:\/\/www.purejewels.com\/#\/schema\/logo\/image\/","url":"https:\/\/static.purejewels.com\/wp-content\/uploads\/2020\/11\/Logo-PJ-New-1.png","contentUrl":"https:\/\/static.purejewels.com\/wp-content\/uploads\/2020\/11\/Logo-PJ-New-1.png","width":150,"height":80,"caption":"PureJewels UK"},"image":{"@id":"https:\/\/www.purejewels.com\/#\/schema\/logo\/image\/"}}]}},"_links":{"self":[{"href":"https:\/\/www.purejewels.com\/tr\/wp-json\/wp\/v2\/product\/311937","targetHints":{"allow":["GET"]}}],"collection":[{"href":"https:\/\/www.purejewels.com\/tr\/wp-json\/wp\/v2\/product"}],"about":[{"href":"https:\/\/www.purejewels.com\/tr\/wp-json\/wp\/v2\/types\/product"}],"replies":[{"embeddable":true,"href":"https:\/\/www.purejewels.com\/tr\/wp-json\/wp\/v2\/comments?post=311937"}],"version-history":[{"count":1,"href":"https:\/\/www.purejewels.com\/tr\/wp-json\/wp\/v2\/product\/311937\/revisions"}],"predecessor-version":[{"id":422515,"href":"https:\/\/www.purejewels.com\/tr\/wp-json\/wp\/v2\/product\/311937\/revisions\/422515"}],"wp:featuredmedia":[{"embeddable":true,"href":"https:\/\/www.purejewels.com\/tr\/wp-json\/wp\/v2\/media\/312097"}],"wp:attachment":[{"href":"https:\/\/www.purejewels.com\/tr\/wp-json\/wp\/v2\/media?parent=311937"}],"wp:term":[{"taxonomy":"product_brand","embeddable":true,"href":"https:\/\/www.purejewels.com\/tr\/wp-json\/wp\/v2\/product_brand?post=311937"},{"taxonomy":"product_cat","embeddable":true,"href":"https:\/\/www.purejewels.com\/tr\/wp-json\/wp\/v2\/product_cat?post=311937"},{"taxonomy":"product_tag","embeddable":true,"href":"https:\/\/www.purejewels.com\/tr\/wp-json\/wp\/v2\/product_tag?post=311937"}],"curies":[{"name":"wp","href":"https:\/\/api.w.org\/{rel}","templated":true}]}}