{"id":311944,"date":"2019-12-12T06:46:26","date_gmt":"2019-12-12T06:46:26","guid":{"rendered":"https:\/\/www.purejewels.com\/?post_type=product&#038;p=311944"},"modified":"2026-01-06T09:43:50","modified_gmt":"2026-01-06T09:43:50","slug":"22-ayar-altindan-hint-bilezigi-2","status":"publish","type":"product","link":"https:\/\/www.purejewels.com\/tr\/product\/indian-bracelet-in-22ct-gold-2\/","title":{"rendered":"Kad\u0131nlar i\u00e7in 22 ayar alt\u0131n boncuklu charm bilezik"},"content":{"rendered":"<p>Bu 22 ayar alt\u0131n boncuklu charm ile cesur bir stil yarat\u0131n. <a href=\"https:\/\/www.purejewels.com\/tr\/product-category\/22ct-gold-jewellery\/gold-bracelet\/\">Bilezik<\/a>, Geleneksel zanaatkarl\u0131k ve modern tarz\u0131n zarif bir kar\u0131\u015f\u0131m\u0131. Filigran k\u00fcrelerden CZ ta\u015flarla s\u00fcslenmi\u015f charm'lara kadar, karma\u015f\u0131k detaylara sahip alt\u0131n boncuklarla s\u00fcslenmi\u015f zarif bir y\u0131lan zinciri ile bu bileklik, g\u00f6z kama\u015ft\u0131rmak i\u00e7in tasarlanm\u0131\u015ft\u0131r. Her bir unsur \u00f6zenle i\u015flenmi\u015f olup, 22 ayar alt\u0131n ile doku, parlakl\u0131k ve zenginlik sunar. \u00d6zel g\u00fcnler, hediye veya g\u00fcnl\u00fck giyime l\u00fcks katmak i\u00e7in idealdir.<\/p>","protected":false},"excerpt":{"rendered":"<ul>\n<li>22 Ayar Alt\u0131n Hint Bilezi\u011fi<\/li>\n<li>K\u00fcbik Zirkon Ta\u015flarla \u0130\u015flenmi\u015f<\/li>\n<li>A\u011f\u0131rl\u0131k 17.3 g<\/li>\n<li>SKU. 32002<\/li>\n<li>T\u00fcm fiyatlara KDV dahildir<\/li>\n<li>T\u00fcm \u00dcr\u00fcnlerimiz Londra Tahlil Ofisi Taraf\u0131ndan Damgalanm\u0131\u015ft\u0131r<\/li>\n<li>Sunum Kutusu ile Birlikte Gelir<\/li>\n<li>\u0130ngiltere Genelinde \u00dccretsiz Teslimat<\/li>\n<li>\u00dcr\u00fcn Videosu i\u00e7in bizimle ileti\u015fime ge\u00e7in \/ Canl\u0131 sohbet edin<\/li>\n<\/ul>","protected":false},"featured_media":312119,"comment_status":"closed","ping_status":"closed","template":"","meta":{"_eb_attr":"","_crsspst_to_jayantr4sg-hostcom":false},"product_brand":[],"product_cat":[1627],"product_tag":[],"class_list":{"0":"post-311944","1":"product","2":"type-product","3":"status-publish","4":"has-post-thumbnail","6":"product_cat-ladies-bracelet","8":"first","9":"outofstock","10":"taxable","11":"shipping-taxable","12":"product-type-simple","13":"add-to-wishlist-before_image"},"yoast_head":"<!-- This site is optimized with the Yoast SEO plugin v27.3 - https:\/\/yoast.com\/product\/yoast-seo-wordpress\/ -->\n<title>22ct Gold Beaded Charm Bracelet for Women | PureJewels<\/title>\n<meta name=\"description\" content=\"Striking 22ct gold bracelet with sculpted beaded charms. A statement piece for modern women\u2014ideal for gifting or celebration. Bold, radiant and timeless.\" \/>\n<meta name=\"robots\" content=\"index, follow, max-snippet:-1, max-image-preview:large, max-video-preview:-1\" \/>\n<link rel=\"canonical\" href=\"https:\/\/www.purejewels.com\/tr\/urun\/22-ayar-altindan-hint-bilezigi-2\/\" \/>\n<meta property=\"og:locale\" content=\"tr_TR\" \/>\n<meta property=\"og:type\" content=\"article\" \/>\n<meta property=\"og:title\" content=\"22ct Gold Beaded Charm Bracelet for Women | PureJewels\" \/>\n<meta property=\"og:description\" content=\"Striking 22ct gold bracelet with sculpted beaded charms. A statement piece for modern women\u2014ideal for gifting or celebration. Bold, radiant and timeless.\" \/>\n<meta property=\"og:url\" content=\"https:\/\/www.purejewels.com\/tr\/urun\/22-ayar-altindan-hint-bilezigi-2\/\" \/>\n<meta property=\"og:site_name\" content=\"PureJewels UK\" \/>\n<meta property=\"article:modified_time\" content=\"2026-01-06T09:43:50+00:00\" \/>\n<meta property=\"og:image\" content=\"https:\/\/www.purejewels.com\/wp-content\/uploads\/2019\/11\/32002.jpg\" \/>\n\t<meta property=\"og:image:width\" content=\"1000\" \/>\n\t<meta property=\"og:image:height\" content=\"1000\" \/>\n\t<meta property=\"og:image:type\" content=\"image\/jpeg\" \/>\n<meta name=\"twitter:card\" content=\"summary_large_image\" \/>\n<meta name=\"twitter:label1\" content=\"Tahmini okuma s\u00fcresi\" \/>\n\t<meta name=\"twitter:data1\" content=\"1 dakika\" \/>\n<script type=\"application\/ld+json\" class=\"yoast-schema-graph\">{\"@context\":\"https:\\\/\\\/schema.org\",\"@graph\":[{\"@type\":[\"WebPage\",\"ItemPage\"],\"@id\":\"https:\\\/\\\/www.purejewels.com\\\/product\\\/indian-bracelet-in-22ct-gold-2\\\/\",\"url\":\"https:\\\/\\\/www.purejewels.com\\\/product\\\/indian-bracelet-in-22ct-gold-2\\\/\",\"name\":\"22ct Gold Beaded Charm Bracelet for Women | PureJewels\",\"isPartOf\":{\"@id\":\"https:\\\/\\\/www.purejewels.com\\\/#website\"},\"primaryImageOfPage\":{\"@id\":\"https:\\\/\\\/www.purejewels.com\\\/product\\\/indian-bracelet-in-22ct-gold-2\\\/#primaryimage\"},\"image\":{\"@id\":\"https:\\\/\\\/www.purejewels.com\\\/product\\\/indian-bracelet-in-22ct-gold-2\\\/#primaryimage\"},\"thumbnailUrl\":\"https:\\\/\\\/static.purejewels.com\\\/wp-content\\\/uploads\\\/2019\\\/11\\\/32002.jpg\",\"datePublished\":\"2019-12-12T06:46:26+00:00\",\"dateModified\":\"2026-01-06T09:43:50+00:00\",\"description\":\"Striking 22ct gold bracelet with sculpted beaded charms. A statement piece for modern women\u2014ideal for gifting or celebration. Bold, radiant and timeless.\",\"breadcrumb\":{\"@id\":\"https:\\\/\\\/www.purejewels.com\\\/product\\\/indian-bracelet-in-22ct-gold-2\\\/#breadcrumb\"},\"inLanguage\":\"tr\",\"potentialAction\":[{\"@type\":\"ReadAction\",\"target\":[\"https:\\\/\\\/www.purejewels.com\\\/product\\\/indian-bracelet-in-22ct-gold-2\\\/\"]}]},{\"@type\":\"ImageObject\",\"inLanguage\":\"tr\",\"@id\":\"https:\\\/\\\/www.purejewels.com\\\/product\\\/indian-bracelet-in-22ct-gold-2\\\/#primaryimage\",\"url\":\"https:\\\/\\\/static.purejewels.com\\\/wp-content\\\/uploads\\\/2019\\\/11\\\/32002.jpg\",\"contentUrl\":\"https:\\\/\\\/static.purejewels.com\\\/wp-content\\\/uploads\\\/2019\\\/11\\\/32002.jpg\",\"width\":1000,\"height\":1000,\"caption\":\"32002\"},{\"@type\":\"BreadcrumbList\",\"@id\":\"https:\\\/\\\/www.purejewels.com\\\/product\\\/indian-bracelet-in-22ct-gold-2\\\/#breadcrumb\",\"itemListElement\":[{\"@type\":\"ListItem\",\"position\":1,\"name\":\"Home\",\"item\":\"https:\\\/\\\/www.purejewels.com\\\/\"},{\"@type\":\"ListItem\",\"position\":2,\"name\":\"Shop\",\"item\":\"https:\\\/\\\/www.purejewels.com\\\/shop\\\/\"},{\"@type\":\"ListItem\",\"position\":3,\"name\":\"22ct Gold Beaded Charm Bracelet for Women\"}]},{\"@type\":\"WebSite\",\"@id\":\"https:\\\/\\\/www.purejewels.com\\\/#website\",\"url\":\"https:\\\/\\\/www.purejewels.com\\\/\",\"name\":\"PureJewels UK\",\"description\":\"Share the Love\",\"publisher\":{\"@id\":\"https:\\\/\\\/www.purejewels.com\\\/#organization\"},\"potentialAction\":[{\"@type\":\"SearchAction\",\"target\":{\"@type\":\"EntryPoint\",\"urlTemplate\":\"https:\\\/\\\/www.purejewels.com\\\/?s={search_term_string}\"},\"query-input\":{\"@type\":\"PropertyValueSpecification\",\"valueRequired\":true,\"valueName\":\"search_term_string\"}}],\"inLanguage\":\"tr\"},{\"@type\":\"Organization\",\"@id\":\"https:\\\/\\\/www.purejewels.com\\\/#organization\",\"name\":\"PureJewels UK\",\"url\":\"https:\\\/\\\/www.purejewels.com\\\/\",\"logo\":{\"@type\":\"ImageObject\",\"inLanguage\":\"tr\",\"@id\":\"https:\\\/\\\/www.purejewels.com\\\/#\\\/schema\\\/logo\\\/image\\\/\",\"url\":\"https:\\\/\\\/static.purejewels.com\\\/wp-content\\\/uploads\\\/2020\\\/11\\\/Logo-PJ-New-1.png\",\"contentUrl\":\"https:\\\/\\\/static.purejewels.com\\\/wp-content\\\/uploads\\\/2020\\\/11\\\/Logo-PJ-New-1.png\",\"width\":150,\"height\":80,\"caption\":\"PureJewels UK\"},\"image\":{\"@id\":\"https:\\\/\\\/www.purejewels.com\\\/#\\\/schema\\\/logo\\\/image\\\/\"}}]}<\/script>\n<!-- \/ Yoast SEO plugin. -->","yoast_head_json":{"title":"Kad\u0131nlar i\u00e7in 22 ayar alt\u0131n boncuklu charm bilezik | PureJewels","description":"Heykelsi boncuklu charm'larla s\u00fcslenmi\u015f \u00e7arp\u0131c\u0131 22 ayar alt\u0131n bileklik. Modern kad\u0131nlar i\u00e7in dikkat \u00e7eken bir par\u00e7a; hediye veya kutlama i\u00e7in ideal. Cesur, \u0131\u015f\u0131lt\u0131l\u0131 ve zamans\u0131z.","robots":{"index":"index","follow":"follow","max-snippet":"max-snippet:-1","max-image-preview":"max-image-preview:large","max-video-preview":"max-video-preview:-1"},"canonical":"https:\/\/www.purejewels.com\/tr\/urun\/22-ayar-altindan-hint-bilezigi-2\/","og_locale":"tr_TR","og_type":"article","og_title":"22ct Gold Beaded Charm Bracelet for Women | PureJewels","og_description":"Striking 22ct gold bracelet with sculpted beaded charms. A statement piece for modern women\u2014ideal for gifting or celebration. Bold, radiant and timeless.","og_url":"https:\/\/www.purejewels.com\/tr\/urun\/22-ayar-altindan-hint-bilezigi-2\/","og_site_name":"PureJewels UK","article_modified_time":"2026-01-06T09:43:50+00:00","og_image":[{"width":1000,"height":1000,"url":"https:\/\/www.purejewels.com\/wp-content\/uploads\/2019\/11\/32002.jpg","type":"image\/jpeg"}],"twitter_card":"summary_large_image","twitter_misc":{"Tahmini okuma s\u00fcresi":"1 dakika"},"schema":{"@context":"https:\/\/schema.org","@graph":[{"@type":["WebPage","ItemPage"],"@id":"https:\/\/www.purejewels.com\/product\/indian-bracelet-in-22ct-gold-2\/","url":"https:\/\/www.purejewels.com\/product\/indian-bracelet-in-22ct-gold-2\/","name":"Kad\u0131nlar i\u00e7in 22 ayar alt\u0131n boncuklu charm bilezik | PureJewels","isPartOf":{"@id":"https:\/\/www.purejewels.com\/#website"},"primaryImageOfPage":{"@id":"https:\/\/www.purejewels.com\/product\/indian-bracelet-in-22ct-gold-2\/#primaryimage"},"image":{"@id":"https:\/\/www.purejewels.com\/product\/indian-bracelet-in-22ct-gold-2\/#primaryimage"},"thumbnailUrl":"https:\/\/static.purejewels.com\/wp-content\/uploads\/2019\/11\/32002.jpg","datePublished":"2019-12-12T06:46:26+00:00","dateModified":"2026-01-06T09:43:50+00:00","description":"Heykelsi boncuklu charm'larla s\u00fcslenmi\u015f \u00e7arp\u0131c\u0131 22 ayar alt\u0131n bileklik. Modern kad\u0131nlar i\u00e7in dikkat \u00e7eken bir par\u00e7a; hediye veya kutlama i\u00e7in ideal. Cesur, \u0131\u015f\u0131lt\u0131l\u0131 ve zamans\u0131z.","breadcrumb":{"@id":"https:\/\/www.purejewels.com\/product\/indian-bracelet-in-22ct-gold-2\/#breadcrumb"},"inLanguage":"tr","potentialAction":[{"@type":"ReadAction","target":["https:\/\/www.purejewels.com\/product\/indian-bracelet-in-22ct-gold-2\/"]}]},{"@type":"ImageObject","inLanguage":"tr","@id":"https:\/\/www.purejewels.com\/product\/indian-bracelet-in-22ct-gold-2\/#primaryimage","url":"https:\/\/static.purejewels.com\/wp-content\/uploads\/2019\/11\/32002.jpg","contentUrl":"https:\/\/static.purejewels.com\/wp-content\/uploads\/2019\/11\/32002.jpg","width":1000,"height":1000,"caption":"32002"},{"@type":"BreadcrumbList","@id":"https:\/\/www.purejewels.com\/product\/indian-bracelet-in-22ct-gold-2\/#breadcrumb","itemListElement":[{"@type":"ListItem","position":1,"name":"Home","item":"https:\/\/www.purejewels.com\/"},{"@type":"ListItem","position":2,"name":"Shop","item":"https:\/\/www.purejewels.com\/shop\/"},{"@type":"ListItem","position":3,"name":"22ct Gold Beaded Charm Bracelet for Women"}]},{"@type":"WebSite","@id":"https:\/\/www.purejewels.com\/#website","url":"https:\/\/www.purejewels.com\/","name":"PureJewels \u0130ngiltere","description":"Sevgiyi Payla\u015f\u0131n","publisher":{"@id":"https:\/\/www.purejewels.com\/#organization"},"potentialAction":[{"@type":"SearchAction","target":{"@type":"EntryPoint","urlTemplate":"https:\/\/www.purejewels.com\/?s={search_term_string}"},"query-input":{"@type":"PropertyValueSpecification","valueRequired":true,"valueName":"search_term_string"}}],"inLanguage":"tr"},{"@type":"Organization","@id":"https:\/\/www.purejewels.com\/#organization","name":"PureJewels \u0130ngiltere","url":"https:\/\/www.purejewels.com\/","logo":{"@type":"ImageObject","inLanguage":"tr","@id":"https:\/\/www.purejewels.com\/#\/schema\/logo\/image\/","url":"https:\/\/static.purejewels.com\/wp-content\/uploads\/2020\/11\/Logo-PJ-New-1.png","contentUrl":"https:\/\/static.purejewels.com\/wp-content\/uploads\/2020\/11\/Logo-PJ-New-1.png","width":150,"height":80,"caption":"PureJewels UK"},"image":{"@id":"https:\/\/www.purejewels.com\/#\/schema\/logo\/image\/"}}]}},"_links":{"self":[{"href":"https:\/\/www.purejewels.com\/tr\/wp-json\/wp\/v2\/product\/311944","targetHints":{"allow":["GET"]}}],"collection":[{"href":"https:\/\/www.purejewels.com\/tr\/wp-json\/wp\/v2\/product"}],"about":[{"href":"https:\/\/www.purejewels.com\/tr\/wp-json\/wp\/v2\/types\/product"}],"replies":[{"embeddable":true,"href":"https:\/\/www.purejewels.com\/tr\/wp-json\/wp\/v2\/comments?post=311944"}],"version-history":[{"count":2,"href":"https:\/\/www.purejewels.com\/tr\/wp-json\/wp\/v2\/product\/311944\/revisions"}],"predecessor-version":[{"id":421477,"href":"https:\/\/www.purejewels.com\/tr\/wp-json\/wp\/v2\/product\/311944\/revisions\/421477"}],"wp:featuredmedia":[{"embeddable":true,"href":"https:\/\/www.purejewels.com\/tr\/wp-json\/wp\/v2\/media\/312119"}],"wp:attachment":[{"href":"https:\/\/www.purejewels.com\/tr\/wp-json\/wp\/v2\/media?parent=311944"}],"wp:term":[{"taxonomy":"product_brand","embeddable":true,"href":"https:\/\/www.purejewels.com\/tr\/wp-json\/wp\/v2\/product_brand?post=311944"},{"taxonomy":"product_cat","embeddable":true,"href":"https:\/\/www.purejewels.com\/tr\/wp-json\/wp\/v2\/product_cat?post=311944"},{"taxonomy":"product_tag","embeddable":true,"href":"https:\/\/www.purejewels.com\/tr\/wp-json\/wp\/v2\/product_tag?post=311944"}],"curies":[{"name":"wp","href":"https:\/\/api.w.org\/{rel}","templated":true}]}}