{"id":312057,"date":"2019-12-06T09:27:21","date_gmt":"2019-12-06T09:27:21","guid":{"rendered":"https:\/\/www.purejewels.com\/?post_type=product&#038;p=312057"},"modified":"2026-01-07T05:15:38","modified_gmt":"2026-01-07T05:15:38","slug":"pembe-altin-inci-yuzuk","status":"publish","type":"product","link":"https:\/\/www.purejewels.com\/tr\/product\/rose-gold-pearl-ring\/","title":{"rendered":"14 Ayar Pembe Alt\u0131n \u0130nci Y\u00fcz\u00fck"},"content":{"rendered":"<p>M\u00fccevher koleksiyonunuzu \u00e7arp\u0131c\u0131 14 Ayar Pembe Alt\u0131n \u0130nci Y\u00fcz\u00fc\u011f\u00fcm\u00fczle zenginle\u015ftirin. Bu zarif ve zamans\u0131z par\u00e7a, ister do\u011fum g\u00fcn\u00fc, ister y\u0131ld\u00f6n\u00fcm\u00fc, ister sevdi\u011finiz biri i\u00e7in \u00f6zel bir hediye olsun, her durum i\u00e7in m\u00fckemmeldir. S\u0131cak pembe alt\u0131n kordona yerle\u015ftirilmi\u015f parlak inci, her k\u0131yafete sofistike ve \u015f\u0131k bir dokunu\u015f katar.<\/p>\n<p>\u00dcr\u00fcnlerimizin her biri titizlikle haz\u0131rlanm\u0131\u015f ve Londra Tahlil Ofisi taraf\u0131ndan damgalanarak en y\u00fcksek kalite ve \u00f6zg\u00fcnl\u00fck sa\u011flanm\u0131\u015ft\u0131r. Y\u00fcz\u00fck, g\u00fczel bir sunum kutusu i\u00e7inde hediye edilmeye veya saklanmaya haz\u0131rd\u0131r.<\/p>\n<p>PureJewels UK'de, size kolayl\u0131k sa\u011flamak i\u00e7in \u00fccretsiz takipli teslimat ve g\u00fcvenli \u00e7evrimi\u00e7i \u00f6demeler sunuyoruz.<\/p>\n<p><span data-sheets-root=\"1\">\u0130nci Koleksiyonumuzdan bu enfes par\u00e7ay\u0131 ka\u00e7\u0131rmay\u0131n. \u0130ster bir Diwali hediyesi ister kendiniz i\u00e7in \u00f6zel bir hediye ar\u0131yor olun, bu Pembe Alt\u0131n \u0130nci Y\u00fcz\u00fck sizi kesinlikle etkileyecek. Hemen sipari\u015f verin ve g\u00fcnl\u00fck g\u00f6r\u00fcn\u00fcm\u00fcn\u00fcze l\u00fcks bir dokunu\u015f kat\u0131n.<\/span><\/p>","protected":false},"excerpt":{"rendered":"<ul>\n<li>14 Ayar Pembe Alt\u0131n \u0130nci Y\u00fcz\u00fck<\/li>\n<li>SKU. 20941<\/li>\n<li>Y\u00fcz\u00fck \u00d6l\u00e7\u00fcs\u00fc G 1\/2<\/li>\n<li>T\u00fcm fiyatlara KDV dahildir<\/li>\n<li>T\u00fcm \u00fcr\u00fcnlerimiz London Assay Office taraf\u0131ndan damgalanm\u0131\u015ft\u0131r<\/li>\n<li>T\u00fcm setler sunum kutusu ile birlikte gelir<\/li>\n<li>Teslimat Dahil<\/li>\n<li>Enfes Hint Gelin Tak\u0131lar\u0131 koleksiyonumuzu ke\u015ffetmek i\u00e7in bizimle ileti\u015fime ge\u00e7in \/ bizimle sohbet edin.<\/li>\n<\/ul>","protected":false},"featured_media":312070,"comment_status":"closed","ping_status":"closed","template":"","meta":{"_eb_attr":"","_crsspst_to_jayantr4sg-hostcom":false},"product_brand":[],"product_cat":[1791,1559,1235,1783,1786,5456,246,5354,1573,1574],"product_tag":[1430,64],"class_list":{"0":"post-312057","1":"product","2":"type-product","3":"status-publish","4":"has-post-thumbnail","6":"product_cat-anniversary-gifts","7":"product_cat-birthday-gifts","8":"product_cat-gold-rings","9":"product_cat-ladies-rings","10":"product_cat-occasional-wear-rings","11":"product_cat-pearl-collection","12":"product_cat-rose-gold-collections","13":"product_cat-rose-gold-jewellery","14":"product_cat-wedding-gifts","15":"product_cat-womens-jewellery","16":"product_tag-diwali-gift","17":"product_tag-rings","19":"first","20":"outofstock","21":"taxable","22":"shipping-taxable","23":"product-type-simple","24":"add-to-wishlist-before_image"},"yoast_head":"<!-- This site is optimized with the Yoast SEO plugin v27.3 - https:\/\/yoast.com\/product\/yoast-seo-wordpress\/ -->\n<title>14ct Rose Gold Pearl Ring - PureJewels UK<\/title>\n<meta name=\"robots\" content=\"index, follow, max-snippet:-1, max-image-preview:large, max-video-preview:-1\" \/>\n<link rel=\"canonical\" href=\"https:\/\/www.purejewels.com\/tr\/urun\/pembe-altin-inci-yuzuk\/\" \/>\n<meta property=\"og:locale\" content=\"tr_TR\" \/>\n<meta property=\"og:type\" content=\"article\" \/>\n<meta property=\"og:title\" content=\"14ct Rose Gold Pearl Ring - PureJewels UK\" \/>\n<meta property=\"og:description\" content=\"14ct Rose Gold pearl Ring  SKU. 20941  Ring Size G 1\/2  All prices include VAT  All our products are hallmarked by London Assay Office  All sets comes with presentation Box  Delivery Included  Contact us \/ chat with us to explore our exquisite collection of Indian Bridal Jewellery.\" \/>\n<meta property=\"og:url\" content=\"https:\/\/www.purejewels.com\/tr\/urun\/pembe-altin-inci-yuzuk\/\" \/>\n<meta property=\"og:site_name\" content=\"PureJewels UK\" \/>\n<meta property=\"article:modified_time\" content=\"2026-01-07T05:15:38+00:00\" \/>\n<meta property=\"og:image\" content=\"https:\/\/www.purejewels.com\/wp-content\/uploads\/2019\/12\/09.jpg\" \/>\n\t<meta property=\"og:image:width\" content=\"1080\" \/>\n\t<meta property=\"og:image:height\" content=\"1080\" \/>\n\t<meta property=\"og:image:type\" content=\"image\/jpeg\" \/>\n<meta name=\"twitter:card\" content=\"summary_large_image\" \/>\n<meta name=\"twitter:label1\" content=\"Tahmini okuma s\u00fcresi\" \/>\n\t<meta name=\"twitter:data1\" content=\"1 dakika\" \/>\n<script type=\"application\/ld+json\" class=\"yoast-schema-graph\">{\"@context\":\"https:\\\/\\\/schema.org\",\"@graph\":[{\"@type\":[\"WebPage\",\"ItemPage\"],\"@id\":\"https:\\\/\\\/www.purejewels.com\\\/product\\\/rose-gold-pearl-ring\\\/\",\"url\":\"https:\\\/\\\/www.purejewels.com\\\/product\\\/rose-gold-pearl-ring\\\/\",\"name\":\"14ct Rose Gold Pearl Ring - PureJewels UK\",\"isPartOf\":{\"@id\":\"https:\\\/\\\/www.purejewels.com\\\/#website\"},\"primaryImageOfPage\":{\"@id\":\"https:\\\/\\\/www.purejewels.com\\\/product\\\/rose-gold-pearl-ring\\\/#primaryimage\"},\"image\":{\"@id\":\"https:\\\/\\\/www.purejewels.com\\\/product\\\/rose-gold-pearl-ring\\\/#primaryimage\"},\"thumbnailUrl\":\"https:\\\/\\\/static.purejewels.com\\\/wp-content\\\/uploads\\\/2019\\\/12\\\/09.jpg\",\"datePublished\":\"2019-12-06T09:27:21+00:00\",\"dateModified\":\"2026-01-07T05:15:38+00:00\",\"breadcrumb\":{\"@id\":\"https:\\\/\\\/www.purejewels.com\\\/product\\\/rose-gold-pearl-ring\\\/#breadcrumb\"},\"inLanguage\":\"tr\",\"potentialAction\":[{\"@type\":\"ReadAction\",\"target\":[\"https:\\\/\\\/www.purejewels.com\\\/product\\\/rose-gold-pearl-ring\\\/\"]}]},{\"@type\":\"ImageObject\",\"inLanguage\":\"tr\",\"@id\":\"https:\\\/\\\/www.purejewels.com\\\/product\\\/rose-gold-pearl-ring\\\/#primaryimage\",\"url\":\"https:\\\/\\\/static.purejewels.com\\\/wp-content\\\/uploads\\\/2019\\\/12\\\/09.jpg\",\"contentUrl\":\"https:\\\/\\\/static.purejewels.com\\\/wp-content\\\/uploads\\\/2019\\\/12\\\/09.jpg\",\"width\":1080,\"height\":1080,\"caption\":\"Modern Pearl Jewellery UK\"},{\"@type\":\"BreadcrumbList\",\"@id\":\"https:\\\/\\\/www.purejewels.com\\\/product\\\/rose-gold-pearl-ring\\\/#breadcrumb\",\"itemListElement\":[{\"@type\":\"ListItem\",\"position\":1,\"name\":\"Home\",\"item\":\"https:\\\/\\\/www.purejewels.com\\\/\"},{\"@type\":\"ListItem\",\"position\":2,\"name\":\"Shop\",\"item\":\"https:\\\/\\\/www.purejewels.com\\\/shop\\\/\"},{\"@type\":\"ListItem\",\"position\":3,\"name\":\"14ct Rose Gold Pearl Ring\"}]},{\"@type\":\"WebSite\",\"@id\":\"https:\\\/\\\/www.purejewels.com\\\/#website\",\"url\":\"https:\\\/\\\/www.purejewels.com\\\/\",\"name\":\"PureJewels UK\",\"description\":\"Share the Love\",\"publisher\":{\"@id\":\"https:\\\/\\\/www.purejewels.com\\\/#organization\"},\"potentialAction\":[{\"@type\":\"SearchAction\",\"target\":{\"@type\":\"EntryPoint\",\"urlTemplate\":\"https:\\\/\\\/www.purejewels.com\\\/?s={search_term_string}\"},\"query-input\":{\"@type\":\"PropertyValueSpecification\",\"valueRequired\":true,\"valueName\":\"search_term_string\"}}],\"inLanguage\":\"tr\"},{\"@type\":\"Organization\",\"@id\":\"https:\\\/\\\/www.purejewels.com\\\/#organization\",\"name\":\"PureJewels UK\",\"url\":\"https:\\\/\\\/www.purejewels.com\\\/\",\"logo\":{\"@type\":\"ImageObject\",\"inLanguage\":\"tr\",\"@id\":\"https:\\\/\\\/www.purejewels.com\\\/#\\\/schema\\\/logo\\\/image\\\/\",\"url\":\"https:\\\/\\\/static.purejewels.com\\\/wp-content\\\/uploads\\\/2020\\\/11\\\/Logo-PJ-New-1.png\",\"contentUrl\":\"https:\\\/\\\/static.purejewels.com\\\/wp-content\\\/uploads\\\/2020\\\/11\\\/Logo-PJ-New-1.png\",\"width\":150,\"height\":80,\"caption\":\"PureJewels UK\"},\"image\":{\"@id\":\"https:\\\/\\\/www.purejewels.com\\\/#\\\/schema\\\/logo\\\/image\\\/\"}}]}<\/script>\n<!-- \/ Yoast SEO plugin. -->","yoast_head_json":{"title":"14 Ayar Pembe Alt\u0131n \u0130nci Y\u00fcz\u00fck - PureJewels UK","robots":{"index":"index","follow":"follow","max-snippet":"max-snippet:-1","max-image-preview":"max-image-preview:large","max-video-preview":"max-video-preview:-1"},"canonical":"https:\/\/www.purejewels.com\/tr\/urun\/pembe-altin-inci-yuzuk\/","og_locale":"tr_TR","og_type":"article","og_title":"14ct Rose Gold Pearl Ring - PureJewels UK","og_description":"14ct Rose Gold pearl Ring  SKU. 20941  Ring Size G 1\/2  All prices include VAT  All our products are hallmarked by London Assay Office  All sets comes with presentation Box  Delivery Included  Contact us \/ chat with us to explore our exquisite collection of Indian Bridal Jewellery.","og_url":"https:\/\/www.purejewels.com\/tr\/urun\/pembe-altin-inci-yuzuk\/","og_site_name":"PureJewels UK","article_modified_time":"2026-01-07T05:15:38+00:00","og_image":[{"width":1080,"height":1080,"url":"https:\/\/www.purejewels.com\/wp-content\/uploads\/2019\/12\/09.jpg","type":"image\/jpeg"}],"twitter_card":"summary_large_image","twitter_misc":{"Tahmini okuma s\u00fcresi":"1 dakika"},"schema":{"@context":"https:\/\/schema.org","@graph":[{"@type":["WebPage","ItemPage"],"@id":"https:\/\/www.purejewels.com\/product\/rose-gold-pearl-ring\/","url":"https:\/\/www.purejewels.com\/product\/rose-gold-pearl-ring\/","name":"14 Ayar Pembe Alt\u0131n \u0130nci Y\u00fcz\u00fck - PureJewels UK","isPartOf":{"@id":"https:\/\/www.purejewels.com\/#website"},"primaryImageOfPage":{"@id":"https:\/\/www.purejewels.com\/product\/rose-gold-pearl-ring\/#primaryimage"},"image":{"@id":"https:\/\/www.purejewels.com\/product\/rose-gold-pearl-ring\/#primaryimage"},"thumbnailUrl":"https:\/\/static.purejewels.com\/wp-content\/uploads\/2019\/12\/09.jpg","datePublished":"2019-12-06T09:27:21+00:00","dateModified":"2026-01-07T05:15:38+00:00","breadcrumb":{"@id":"https:\/\/www.purejewels.com\/product\/rose-gold-pearl-ring\/#breadcrumb"},"inLanguage":"tr","potentialAction":[{"@type":"ReadAction","target":["https:\/\/www.purejewels.com\/product\/rose-gold-pearl-ring\/"]}]},{"@type":"ImageObject","inLanguage":"tr","@id":"https:\/\/www.purejewels.com\/product\/rose-gold-pearl-ring\/#primaryimage","url":"https:\/\/static.purejewels.com\/wp-content\/uploads\/2019\/12\/09.jpg","contentUrl":"https:\/\/static.purejewels.com\/wp-content\/uploads\/2019\/12\/09.jpg","width":1080,"height":1080,"caption":"Modern Pearl Jewellery UK"},{"@type":"BreadcrumbList","@id":"https:\/\/www.purejewels.com\/product\/rose-gold-pearl-ring\/#breadcrumb","itemListElement":[{"@type":"ListItem","position":1,"name":"Home","item":"https:\/\/www.purejewels.com\/"},{"@type":"ListItem","position":2,"name":"Shop","item":"https:\/\/www.purejewels.com\/shop\/"},{"@type":"ListItem","position":3,"name":"14ct Rose Gold Pearl Ring"}]},{"@type":"WebSite","@id":"https:\/\/www.purejewels.com\/#website","url":"https:\/\/www.purejewels.com\/","name":"PureJewels \u0130ngiltere","description":"Sevgiyi Payla\u015f\u0131n","publisher":{"@id":"https:\/\/www.purejewels.com\/#organization"},"potentialAction":[{"@type":"SearchAction","target":{"@type":"EntryPoint","urlTemplate":"https:\/\/www.purejewels.com\/?s={search_term_string}"},"query-input":{"@type":"PropertyValueSpecification","valueRequired":true,"valueName":"search_term_string"}}],"inLanguage":"tr"},{"@type":"Organization","@id":"https:\/\/www.purejewels.com\/#organization","name":"PureJewels \u0130ngiltere","url":"https:\/\/www.purejewels.com\/","logo":{"@type":"ImageObject","inLanguage":"tr","@id":"https:\/\/www.purejewels.com\/#\/schema\/logo\/image\/","url":"https:\/\/static.purejewels.com\/wp-content\/uploads\/2020\/11\/Logo-PJ-New-1.png","contentUrl":"https:\/\/static.purejewels.com\/wp-content\/uploads\/2020\/11\/Logo-PJ-New-1.png","width":150,"height":80,"caption":"PureJewels UK"},"image":{"@id":"https:\/\/www.purejewels.com\/#\/schema\/logo\/image\/"}}]}},"_links":{"self":[{"href":"https:\/\/www.purejewels.com\/tr\/wp-json\/wp\/v2\/product\/312057","targetHints":{"allow":["GET"]}}],"collection":[{"href":"https:\/\/www.purejewels.com\/tr\/wp-json\/wp\/v2\/product"}],"about":[{"href":"https:\/\/www.purejewels.com\/tr\/wp-json\/wp\/v2\/types\/product"}],"replies":[{"embeddable":true,"href":"https:\/\/www.purejewels.com\/tr\/wp-json\/wp\/v2\/comments?post=312057"}],"version-history":[{"count":2,"href":"https:\/\/www.purejewels.com\/tr\/wp-json\/wp\/v2\/product\/312057\/revisions"}],"predecessor-version":[{"id":420625,"href":"https:\/\/www.purejewels.com\/tr\/wp-json\/wp\/v2\/product\/312057\/revisions\/420625"}],"wp:featuredmedia":[{"embeddable":true,"href":"https:\/\/www.purejewels.com\/tr\/wp-json\/wp\/v2\/media\/312070"}],"wp:attachment":[{"href":"https:\/\/www.purejewels.com\/tr\/wp-json\/wp\/v2\/media?parent=312057"}],"wp:term":[{"taxonomy":"product_brand","embeddable":true,"href":"https:\/\/www.purejewels.com\/tr\/wp-json\/wp\/v2\/product_brand?post=312057"},{"taxonomy":"product_cat","embeddable":true,"href":"https:\/\/www.purejewels.com\/tr\/wp-json\/wp\/v2\/product_cat?post=312057"},{"taxonomy":"product_tag","embeddable":true,"href":"https:\/\/www.purejewels.com\/tr\/wp-json\/wp\/v2\/product_tag?post=312057"}],"curies":[{"name":"wp","href":"https:\/\/api.w.org\/{rel}","templated":true}]}}