{"id":312064,"date":"2019-12-12T08:14:31","date_gmt":"2019-12-12T08:14:31","guid":{"rendered":"https:\/\/www.purejewels.com\/?post_type=product&#038;p=312064"},"modified":"2026-03-03T12:31:12","modified_gmt":"2026-03-03T12:31:12","slug":"22-ayar-altin-bilezik-seti-2","status":"publish","type":"product","link":"https:\/\/www.purejewels.com\/tr\/product\/22ct-gold-bangles-set-2\/","title":{"rendered":"22 Ayar Hint Alt\u0131n\u0131 Bileklik Seti"},"content":{"rendered":"<p>G\u00fcnl\u00fck stilinizi bunlarla y\u00fckseltin <a href=\"https:\/\/www.purejewels.com\/tr\/urun-kategori%cc%87si%cc%87\/22-ayar-altin-takilar\/altin-bilezikler\/\" target=\"_blank\" rel=\"noopener\">\u00c7arp\u0131c\u0131 22 Ayar Hint Alt\u0131n Bileklik Seti<\/a>. Hassasiyet ve detaylara g\u00f6sterilen \u00f6zenle haz\u0131rlanm\u0131\u015f bu <a href=\"https:\/\/www.purejewels.com\/tr\/product-category\/22ct-gold-jewellery\/gold-bangles\/\">B\u0130LEZ\u0130KLER<\/a> g\u00fcnl\u00fck kullan\u0131m i\u00e7in m\u00fckemmeldir ve her k\u0131yafete \u015f\u0131k bir dokunu\u015f katacakt\u0131r. Set, her biri s\u0131ras\u0131yla 8,7 Gms ve 8,6 Gms a\u011f\u0131rl\u0131\u011f\u0131nda iki bileklik i\u00e7erir, bu da onlar\u0131 g\u00fcn boyu takmak i\u00e7in hafif ve rahat hale getirir.<\/p>\n<p>22 ayar alt\u0131ndan \u00fcretilen ve Londra Assay Ofisi taraf\u0131ndan damgalanan bu bilezikler en y\u00fcksek kalite ve i\u015f\u00e7ili\u011fe sahiptir. Bilezikler 2.4 beden olarak \u00fcretilmi\u015ftir, ancak talep \u00fczerine ba\u015fka bedenler de temin edilebilir. Her bir set bir sunum kutusunda g\u00fczelce paketlenmi\u015f olarak gelir, bu da onlar\u0131 sevdiklerinize hediye etmek veya kendinizi \u015f\u0131martmak i\u00e7in m\u00fckemmel k\u0131lar.<\/p>\n<p>Bulunabilirlik hakk\u0131nda herhangi bir sorunuz varsa veya daha fazla resim g\u00f6rmek istiyorsan\u0131z, g\u00fcler y\u00fczl\u00fc m\u00fc\u015fteri hizmetleri ekibimiz canl\u0131 sohbet yoluyla yard\u0131mc\u0131 olmak i\u00e7in burada.  \u015eimdi sipari\u015f verin ve \u00fccretsiz takipli teslimat\u0131n, g\u00fcvenli \u00e7evrimi\u00e7i \u00f6demelerin keyfini \u00e7\u0131kar\u0131n.<\/p>","protected":false},"excerpt":{"rendered":"<table class=\"sh_desc\" style=\"width: 100%; height: 411px;\">\n<tbody>\n<tr style=\"height: 27px;\">\n<td style=\"height: 27px;\">Bileklik T\u00fcr\u00fc<\/td>\n<td style=\"height: 27px;\">G\u00fcnl\u00fck Giyim Bileklik<\/td>\n<\/tr>\n<tr style=\"height: 83px;\">\n<td style=\"height: 83px;\">Bileklik 1<\/td>\n<td style=\"height: 83px;\">\n<ul>\n<li>SKU 32024<\/li>\n<li>A\u011f\u0131rl\u0131k 8.7 Gms<\/li>\n<\/ul>\n<\/td>\n<\/tr>\n<tr style=\"height: 83px;\">\n<td style=\"height: 83px;\">Bileklik 2<\/td>\n<td style=\"height: 83px;\">\n<ul>\n<li>SKU 32022<\/li>\n<li>A\u011f\u0131rl\u0131k 8.6 Gms<\/li>\n<\/ul>\n<\/td>\n<\/tr>\n<tr style=\"height: 27px;\">\n<td style=\"height: 27px;\">Metal<\/td>\n<td style=\"height: 27px;\">22 Ayar Alt\u0131n<\/td>\n<\/tr>\n<tr style=\"height: 27px;\">\n<td style=\"height: 27px;\">Bileklik \u00d6l\u00e7\u00fcs\u00fc<\/td>\n<td style=\"height: 27px;\">2.4 (Ek boyutlar i\u00e7in l\u00fctfen sorunuz)<\/td>\n<\/tr>\n<tr style=\"height: 27px;\">\n<td style=\"height: 27px;\">Hallmark<\/td>\n<td style=\"height: 27px;\">Londra Tahlil Ofisi Taraf\u0131ndan Damgalanm\u0131\u015f 22 Ayar Alt\u0131n<\/td>\n<\/tr>\n<tr style=\"height: 27px;\">\n<td style=\"height: 27px;\">\u00dccretler<\/td>\n<td style=\"height: 27px;\">Teslimat ve KDV Dahil<\/td>\n<\/tr>\n<tr style=\"height: 27px;\">\n<td style=\"height: 27px;\">Paketleme<\/td>\n<td style=\"height: 27px;\">Sunum Kutusu ile Birlikte Gelir<\/td>\n<\/tr>\n<tr style=\"height: 83px;\">\n<td style=\"height: 83px;\">Daha Fazla Bilgi<\/td>\n<td style=\"height: 83px;\">\n<ul>\n<li>M\u00fcsaitlik durumu ve daha fazla resim i\u00e7in bizimle canl\u0131 sohbet edin<\/li>\n<li>Not: Burada belirtilen fiyat iki Bileklik Seti i\u00e7indir<\/li>\n<\/ul>\n<\/td>\n<\/tr>\n<\/tbody>\n<\/table>","protected":false},"featured_media":316800,"comment_status":"closed","ping_status":"closed","template":"","meta":{"_eb_attr":"","_crsspst_to_jayantr4sg-hostcom":false},"product_brand":[],"product_cat":[1791,1658,1559,5270,1233,1574],"product_tag":[],"class_list":{"0":"post-312064","1":"product","2":"type-product","3":"status-publish","4":"has-post-thumbnail","6":"product_cat-anniversary-gifts","7":"product_cat-bangle-sets","8":"product_cat-birthday-gifts","9":"product_cat-daily-wear-bangles","10":"product_cat-gold-bangles","11":"product_cat-womens-jewellery","13":"first","14":"outofstock","15":"taxable","16":"shipping-taxable","17":"product-type-simple","18":"add-to-wishlist-before_image"},"yoast_head":"<!-- This site is optimized with the Yoast SEO plugin v27.3 - https:\/\/yoast.com\/product\/yoast-seo-wordpress\/ -->\n<title>Indian Gold Bangles Set in 22kt Gold | PureJewels.com<\/title>\n<meta name=\"description\" content=\"Indian Gold Bangles Design At Purejewels. Visit Online To Order For Free Next Working Day Delivery Within The UK\" \/>\n<meta name=\"robots\" content=\"index, follow, max-snippet:-1, max-image-preview:large, max-video-preview:-1\" \/>\n<link rel=\"canonical\" href=\"https:\/\/www.purejewels.com\/tr\/urun\/22-ayar-altin-bilezik-seti-2\/\" \/>\n<meta property=\"og:locale\" content=\"tr_TR\" \/>\n<meta property=\"og:type\" content=\"article\" \/>\n<meta property=\"og:title\" content=\"Indian Gold Bangles Set in 22kt Gold | PureJewels.com\" \/>\n<meta property=\"og:description\" content=\"Indian Gold Bangles Design At Purejewels. Visit Online To Order For Free Next Working Day Delivery Within The UK\" \/>\n<meta property=\"og:url\" content=\"https:\/\/www.purejewels.com\/tr\/urun\/22-ayar-altin-bilezik-seti-2\/\" \/>\n<meta property=\"og:site_name\" content=\"PureJewels UK\" \/>\n<meta property=\"article:modified_time\" content=\"2026-03-03T12:31:12+00:00\" \/>\n<meta property=\"og:image\" content=\"https:\/\/static.purejewels.com\/wp-content\/uploads\/2020\/08\/image181809685.jpg\" \/>\n\t<meta property=\"og:image:width\" content=\"1000\" \/>\n\t<meta property=\"og:image:height\" content=\"1000\" \/>\n\t<meta property=\"og:image:type\" content=\"image\/jpeg\" \/>\n<meta name=\"twitter:card\" content=\"summary_large_image\" \/>\n<meta name=\"twitter:label1\" content=\"Tahmini okuma s\u00fcresi\" \/>\n\t<meta name=\"twitter:data1\" content=\"1 dakika\" \/>\n<script type=\"application\/ld+json\" class=\"yoast-schema-graph\">{\"@context\":\"https:\\\/\\\/schema.org\",\"@graph\":[{\"@type\":[\"WebPage\",\"ItemPage\"],\"@id\":\"https:\\\/\\\/www.purejewels.com\\\/product\\\/22ct-gold-bangles-set-2\\\/\",\"url\":\"https:\\\/\\\/www.purejewels.com\\\/product\\\/22ct-gold-bangles-set-2\\\/\",\"name\":\"Indian Gold Bangles Set in 22kt Gold | PureJewels.com\",\"isPartOf\":{\"@id\":\"https:\\\/\\\/www.purejewels.com\\\/#website\"},\"primaryImageOfPage\":{\"@id\":\"https:\\\/\\\/www.purejewels.com\\\/product\\\/22ct-gold-bangles-set-2\\\/#primaryimage\"},\"image\":{\"@id\":\"https:\\\/\\\/www.purejewels.com\\\/product\\\/22ct-gold-bangles-set-2\\\/#primaryimage\"},\"thumbnailUrl\":\"https:\\\/\\\/static.purejewels.com\\\/wp-content\\\/uploads\\\/2020\\\/08\\\/image181809685.jpg\",\"datePublished\":\"2019-12-12T08:14:31+00:00\",\"dateModified\":\"2026-03-03T12:31:12+00:00\",\"description\":\"Indian Gold Bangles Design At Purejewels. Visit Online To Order For Free Next Working Day Delivery Within The UK\",\"breadcrumb\":{\"@id\":\"https:\\\/\\\/www.purejewels.com\\\/product\\\/22ct-gold-bangles-set-2\\\/#breadcrumb\"},\"inLanguage\":\"tr\",\"potentialAction\":[{\"@type\":\"ReadAction\",\"target\":[\"https:\\\/\\\/www.purejewels.com\\\/product\\\/22ct-gold-bangles-set-2\\\/\"]}]},{\"@type\":\"ImageObject\",\"inLanguage\":\"tr\",\"@id\":\"https:\\\/\\\/www.purejewels.com\\\/product\\\/22ct-gold-bangles-set-2\\\/#primaryimage\",\"url\":\"https:\\\/\\\/static.purejewels.com\\\/wp-content\\\/uploads\\\/2020\\\/08\\\/image181809685.jpg\",\"contentUrl\":\"https:\\\/\\\/static.purejewels.com\\\/wp-content\\\/uploads\\\/2020\\\/08\\\/image181809685.jpg\",\"width\":1000,\"height\":1000,\"caption\":\"22ct Indian Gold Bangles Set of 2 bangles22ct Gold\u00a0Hallmarked by London Assay OfficeSKU .32024\u00a0 Wt. 8.7 g , Size 2.4 , Price . 609SKU .32022\u00a0 Wt. 8.6 g , Size 2.4 , Price . 602Total price \u00a3 1211 for 2 BanglesAlso available in set of 4 and set of 6. Chat with us for more details.Comes With Presentation BoxDelivery IncludedAll prices include VATLive chat with us for availability and more images of similar solid gold bangles designs currently in stock\"},{\"@type\":\"BreadcrumbList\",\"@id\":\"https:\\\/\\\/www.purejewels.com\\\/product\\\/22ct-gold-bangles-set-2\\\/#breadcrumb\",\"itemListElement\":[{\"@type\":\"ListItem\",\"position\":1,\"name\":\"Home\",\"item\":\"https:\\\/\\\/www.purejewels.com\\\/\"},{\"@type\":\"ListItem\",\"position\":2,\"name\":\"Shop\",\"item\":\"https:\\\/\\\/www.purejewels.com\\\/shop\\\/\"},{\"@type\":\"ListItem\",\"position\":3,\"name\":\"22ct Indian Gold Bangles Set\"}]},{\"@type\":\"WebSite\",\"@id\":\"https:\\\/\\\/www.purejewels.com\\\/#website\",\"url\":\"https:\\\/\\\/www.purejewels.com\\\/\",\"name\":\"PureJewels UK\",\"description\":\"Share the Love\",\"publisher\":{\"@id\":\"https:\\\/\\\/www.purejewels.com\\\/#organization\"},\"potentialAction\":[{\"@type\":\"SearchAction\",\"target\":{\"@type\":\"EntryPoint\",\"urlTemplate\":\"https:\\\/\\\/www.purejewels.com\\\/?s={search_term_string}\"},\"query-input\":{\"@type\":\"PropertyValueSpecification\",\"valueRequired\":true,\"valueName\":\"search_term_string\"}}],\"inLanguage\":\"tr\"},{\"@type\":\"Organization\",\"@id\":\"https:\\\/\\\/www.purejewels.com\\\/#organization\",\"name\":\"PureJewels UK\",\"url\":\"https:\\\/\\\/www.purejewels.com\\\/\",\"logo\":{\"@type\":\"ImageObject\",\"inLanguage\":\"tr\",\"@id\":\"https:\\\/\\\/www.purejewels.com\\\/#\\\/schema\\\/logo\\\/image\\\/\",\"url\":\"https:\\\/\\\/static.purejewels.com\\\/wp-content\\\/uploads\\\/2020\\\/11\\\/Logo-PJ-New-1.png\",\"contentUrl\":\"https:\\\/\\\/static.purejewels.com\\\/wp-content\\\/uploads\\\/2020\\\/11\\\/Logo-PJ-New-1.png\",\"width\":150,\"height\":80,\"caption\":\"PureJewels UK\"},\"image\":{\"@id\":\"https:\\\/\\\/www.purejewels.com\\\/#\\\/schema\\\/logo\\\/image\\\/\"}}]}<\/script>\n<!-- \/ Yoast SEO plugin. -->","yoast_head_json":{"title":"22kt Alt\u0131ndan Hint Alt\u0131n Bileklik Seti | PureJewels.com","description":"Purejewels'de Hint Alt\u0131n Bileklik Tasar\u0131m\u0131. \u0130ngiltere \u0130\u00e7inde Ertesi \u0130\u015f G\u00fcn\u00fc \u00dccretsiz Teslimat \u0130\u00e7in Sipari\u015f Vermek \u0130\u00e7in \u00c7evrimi\u00e7i Ziyaret Edin","robots":{"index":"index","follow":"follow","max-snippet":"max-snippet:-1","max-image-preview":"max-image-preview:large","max-video-preview":"max-video-preview:-1"},"canonical":"https:\/\/www.purejewels.com\/tr\/urun\/22-ayar-altin-bilezik-seti-2\/","og_locale":"tr_TR","og_type":"article","og_title":"Indian Gold Bangles Set in 22kt Gold | PureJewels.com","og_description":"Indian Gold Bangles Design At Purejewels. Visit Online To Order For Free Next Working Day Delivery Within The UK","og_url":"https:\/\/www.purejewels.com\/tr\/urun\/22-ayar-altin-bilezik-seti-2\/","og_site_name":"PureJewels UK","article_modified_time":"2026-03-03T12:31:12+00:00","og_image":[{"width":1000,"height":1000,"url":"https:\/\/static.purejewels.com\/wp-content\/uploads\/2020\/08\/image181809685.jpg","type":"image\/jpeg"}],"twitter_card":"summary_large_image","twitter_misc":{"Tahmini okuma s\u00fcresi":"1 dakika"},"schema":{"@context":"https:\/\/schema.org","@graph":[{"@type":["WebPage","ItemPage"],"@id":"https:\/\/www.purejewels.com\/product\/22ct-gold-bangles-set-2\/","url":"https:\/\/www.purejewels.com\/product\/22ct-gold-bangles-set-2\/","name":"22kt Alt\u0131ndan Hint Alt\u0131n Bileklik Seti | PureJewels.com","isPartOf":{"@id":"https:\/\/www.purejewels.com\/#website"},"primaryImageOfPage":{"@id":"https:\/\/www.purejewels.com\/product\/22ct-gold-bangles-set-2\/#primaryimage"},"image":{"@id":"https:\/\/www.purejewels.com\/product\/22ct-gold-bangles-set-2\/#primaryimage"},"thumbnailUrl":"https:\/\/static.purejewels.com\/wp-content\/uploads\/2020\/08\/image181809685.jpg","datePublished":"2019-12-12T08:14:31+00:00","dateModified":"2026-03-03T12:31:12+00:00","description":"Purejewels'de Hint Alt\u0131n Bileklik Tasar\u0131m\u0131. \u0130ngiltere \u0130\u00e7inde Ertesi \u0130\u015f G\u00fcn\u00fc \u00dccretsiz Teslimat \u0130\u00e7in Sipari\u015f Vermek \u0130\u00e7in \u00c7evrimi\u00e7i Ziyaret Edin","breadcrumb":{"@id":"https:\/\/www.purejewels.com\/product\/22ct-gold-bangles-set-2\/#breadcrumb"},"inLanguage":"tr","potentialAction":[{"@type":"ReadAction","target":["https:\/\/www.purejewels.com\/product\/22ct-gold-bangles-set-2\/"]}]},{"@type":"ImageObject","inLanguage":"tr","@id":"https:\/\/www.purejewels.com\/product\/22ct-gold-bangles-set-2\/#primaryimage","url":"https:\/\/static.purejewels.com\/wp-content\/uploads\/2020\/08\/image181809685.jpg","contentUrl":"https:\/\/static.purejewels.com\/wp-content\/uploads\/2020\/08\/image181809685.jpg","width":1000,"height":1000,"caption":"22ct Indian Gold Bangles Set of 2 bangles22ct Gold\u00a0Hallmarked by London Assay OfficeSKU .32024\u00a0 Wt. 8.7 g , Size 2.4 , Price . 609SKU .32022\u00a0 Wt. 8.6 g , Size 2.4 , Price . 602Total price \u00a3 1211 for 2 BanglesAlso available in set of 4 and set of 6. Chat with us for more details.Comes With Presentation BoxDelivery IncludedAll prices include VATLive chat with us for availability and more images of similar solid gold bangles designs currently in stock"},{"@type":"BreadcrumbList","@id":"https:\/\/www.purejewels.com\/product\/22ct-gold-bangles-set-2\/#breadcrumb","itemListElement":[{"@type":"ListItem","position":1,"name":"Home","item":"https:\/\/www.purejewels.com\/"},{"@type":"ListItem","position":2,"name":"Shop","item":"https:\/\/www.purejewels.com\/shop\/"},{"@type":"ListItem","position":3,"name":"22ct Indian Gold Bangles Set"}]},{"@type":"WebSite","@id":"https:\/\/www.purejewels.com\/#website","url":"https:\/\/www.purejewels.com\/","name":"PureJewels \u0130ngiltere","description":"Sevgiyi Payla\u015f\u0131n","publisher":{"@id":"https:\/\/www.purejewels.com\/#organization"},"potentialAction":[{"@type":"SearchAction","target":{"@type":"EntryPoint","urlTemplate":"https:\/\/www.purejewels.com\/?s={search_term_string}"},"query-input":{"@type":"PropertyValueSpecification","valueRequired":true,"valueName":"search_term_string"}}],"inLanguage":"tr"},{"@type":"Organization","@id":"https:\/\/www.purejewels.com\/#organization","name":"PureJewels \u0130ngiltere","url":"https:\/\/www.purejewels.com\/","logo":{"@type":"ImageObject","inLanguage":"tr","@id":"https:\/\/www.purejewels.com\/#\/schema\/logo\/image\/","url":"https:\/\/static.purejewels.com\/wp-content\/uploads\/2020\/11\/Logo-PJ-New-1.png","contentUrl":"https:\/\/static.purejewels.com\/wp-content\/uploads\/2020\/11\/Logo-PJ-New-1.png","width":150,"height":80,"caption":"PureJewels UK"},"image":{"@id":"https:\/\/www.purejewels.com\/#\/schema\/logo\/image\/"}}]}},"_links":{"self":[{"href":"https:\/\/www.purejewels.com\/tr\/wp-json\/wp\/v2\/product\/312064","targetHints":{"allow":["GET"]}}],"collection":[{"href":"https:\/\/www.purejewels.com\/tr\/wp-json\/wp\/v2\/product"}],"about":[{"href":"https:\/\/www.purejewels.com\/tr\/wp-json\/wp\/v2\/types\/product"}],"replies":[{"embeddable":true,"href":"https:\/\/www.purejewels.com\/tr\/wp-json\/wp\/v2\/comments?post=312064"}],"version-history":[{"count":3,"href":"https:\/\/www.purejewels.com\/tr\/wp-json\/wp\/v2\/product\/312064\/revisions"}],"predecessor-version":[{"id":426536,"href":"https:\/\/www.purejewels.com\/tr\/wp-json\/wp\/v2\/product\/312064\/revisions\/426536"}],"wp:featuredmedia":[{"embeddable":true,"href":"https:\/\/www.purejewels.com\/tr\/wp-json\/wp\/v2\/media\/316800"}],"wp:attachment":[{"href":"https:\/\/www.purejewels.com\/tr\/wp-json\/wp\/v2\/media?parent=312064"}],"wp:term":[{"taxonomy":"product_brand","embeddable":true,"href":"https:\/\/www.purejewels.com\/tr\/wp-json\/wp\/v2\/product_brand?post=312064"},{"taxonomy":"product_cat","embeddable":true,"href":"https:\/\/www.purejewels.com\/tr\/wp-json\/wp\/v2\/product_cat?post=312064"},{"taxonomy":"product_tag","embeddable":true,"href":"https:\/\/www.purejewels.com\/tr\/wp-json\/wp\/v2\/product_tag?post=312064"}],"curies":[{"name":"wp","href":"https:\/\/api.w.org\/{rel}","templated":true}]}}