{"id":312068,"date":"2019-12-06T08:38:55","date_gmt":"2019-12-06T08:38:55","guid":{"rendered":"https:\/\/www.purejewels.com\/?post_type=product&#038;p=312068"},"modified":"2026-01-19T04:28:04","modified_gmt":"2026-01-19T04:28:04","slug":"22-ayar-altin-polki-kada","status":"publish","type":"product","link":"https:\/\/www.purejewels.com\/tr\/product\/22ct-gold-polki-kada\/","title":{"rendered":"22 Ayar Alt\u0131n Polki Kada Bileklikler"},"content":{"rendered":"<p>Tasar\u0131m:ARKD065<\/p>\n<p>SKU: 28499<\/p>","protected":false},"excerpt":{"rendered":"<div class=\"flex between-xs middle-xs price-review\">\n<p class=\"price\">\n<\/div>\n<div class=\"woocommerce-product-details__short-description\">\n<div class=\"woocommerce-product-details__short-description\">\n<table class=\"sh_desc\" style=\"width: 100%;height: 364px\">\n<tbody>\n<tr style=\"height: 28px\">\n<td style=\"height: 28px\">Bileklik T\u00fcr\u00fc<\/td>\n<td style=\"height: 28px\">Gelin K\u0131yafeti veya Parti Bilekli\u011fi<\/td>\n<\/tr>\n<tr style=\"height: 28px\">\n<td style=\"height: 28px\">SKU<\/td>\n<td style=\"height: 28px\">28499<\/td>\n<\/tr>\n<tr style=\"height: 28px\">\n<td style=\"height: 28px\">A\u011f\u0131rl\u0131k<\/td>\n<td style=\"height: 28px\">\u00a030.80 gram<\/td>\n<\/tr>\n<tr style=\"height: 28px\">\n<td style=\"height: 28px\">Metal<\/td>\n<td style=\"height: 28px\">22 Ayar Alt\u0131n<\/td>\n<\/tr>\n<tr style=\"height: 28px\">\n<td style=\"height: 28px\">Bileklik \u00d6l\u00e7\u00fcs\u00fc<\/td>\n<td style=\"height: 28px\">\u00a0(\u0130lave boyutlar i\u00e7in l\u00fctfen sorunuz)<\/td>\n<\/tr>\n<tr style=\"height: 28px\">\n<td style=\"height: 28px\">Koleksiyon<\/td>\n<td style=\"height: 28px\"><b>Armari Koleksiyonu<\/b><\/td>\n<\/tr>\n<tr style=\"height: 28px\">\n<td style=\"height: 28px\">Hallmark<\/td>\n<td style=\"height: 28px\">Londra Tahlil Ofisi Taraf\u0131ndan Damgalanm\u0131\u015f 22 Ayar Alt\u0131n<\/td>\n<\/tr>\n<tr style=\"height: 28px\">\n<td style=\"height: 28px\">\u00dccretler<\/td>\n<td style=\"height: 28px\">Teslimat ve KDV Dahil<\/td>\n<\/tr>\n<tr style=\"height: 28px\">\n<td style=\"height: 28px\">Paketleme<\/td>\n<td style=\"height: 28px\">Sunum Kutusu ile Birlikte Gelir<\/td>\n<\/tr>\n<tr style=\"height: 112px\">\n<td style=\"height: 112px\">Daha Fazla Bilgi<\/td>\n<td style=\"height: 112px\">\n<ul>\n<li>Not: Burada belirtilen fiyat\u0131n Tek Kada i\u00e7in oldu\u011funu unutmay\u0131n<\/li>\n<li>Kontrol etmek i\u00e7in buraya t\u0131klay\u0131n\u00a0<strong>Bileklik \u00d6l\u00e7\u00fcs\u00fc<\/strong><\/li>\n<li>M\u00fcsaitlik durumu ve daha fazla resim i\u00e7in bizimle canl\u0131 sohbet edin<\/li>\n<\/ul>\n<\/td>\n<\/tr>\n<\/tbody>\n<\/table>\n<\/div>\n<\/div>","protected":false},"featured_media":312113,"comment_status":"closed","ping_status":"closed","template":"","meta":{"_eb_attr":"","_crsspst_to_jayantr4sg-hostcom":false},"product_brand":[],"product_cat":[1791,245,1659,1574,5349],"product_tag":[],"class_list":{"0":"post-312068","1":"product","2":"type-product","3":"status-publish","4":"has-post-thumbnail","6":"product_cat-anniversary-gifts","7":"product_cat-armari-collections","8":"product_cat-bridal-and-party-wear-gold-kada-bangle","9":"product_cat-womens-jewellery","10":"product_cat-yellow-gold-jewellery","12":"first","13":"outofstock","14":"taxable","15":"shipping-taxable","16":"product-type-simple","17":"add-to-wishlist-before_image"},"yoast_head":"<!-- This site is optimized with the Yoast SEO plugin v27.3 - https:\/\/yoast.com\/product\/yoast-seo-wordpress\/ -->\n<title>Armari 22ct Gold bangle with Polki Stones<\/title>\n<meta name=\"description\" content=\"Shop Online for 22ct Gold Kada Bangle with Screw Fitting. Perfect Party Wear Or Bridal Wear Bangles. SKU:28499, Polki Stones Add Brilliance to The Bangle.\" \/>\n<meta name=\"robots\" content=\"index, follow, max-snippet:-1, max-image-preview:large, max-video-preview:-1\" \/>\n<link rel=\"canonical\" href=\"https:\/\/www.purejewels.com\/tr\/urun\/22-ayar-altin-polki-kada\/\" \/>\n<meta property=\"og:locale\" content=\"tr_TR\" \/>\n<meta property=\"og:type\" content=\"article\" \/>\n<meta property=\"og:title\" content=\"Armari 22ct Gold bangle with Polki Stones\" \/>\n<meta property=\"og:description\" content=\"Shop Online for 22ct Gold Kada Bangle with Screw Fitting. Perfect Party Wear Or Bridal Wear Bangles. SKU:28499, Polki Stones Add Brilliance to The Bangle.\" \/>\n<meta property=\"og:url\" content=\"https:\/\/www.purejewels.com\/tr\/urun\/22-ayar-altin-polki-kada\/\" \/>\n<meta property=\"og:site_name\" content=\"PureJewels UK\" \/>\n<meta property=\"article:modified_time\" content=\"2026-01-19T04:28:04+00:00\" \/>\n<meta property=\"og:image\" content=\"https:\/\/static.purejewels.com\/wp-content\/uploads\/2019\/12\/28488_28499.jpg\" \/>\n\t<meta property=\"og:image:width\" content=\"1000\" \/>\n\t<meta property=\"og:image:height\" content=\"1000\" \/>\n\t<meta property=\"og:image:type\" content=\"image\/jpeg\" \/>\n<meta name=\"twitter:card\" content=\"summary_large_image\" \/>\n<script type=\"application\/ld+json\" class=\"yoast-schema-graph\">{\"@context\":\"https:\\\/\\\/schema.org\",\"@graph\":[{\"@type\":[\"WebPage\",\"ItemPage\"],\"@id\":\"https:\\\/\\\/www.purejewels.com\\\/product\\\/22ct-gold-polki-kada\\\/\",\"url\":\"https:\\\/\\\/www.purejewels.com\\\/product\\\/22ct-gold-polki-kada\\\/\",\"name\":\"Armari 22ct Gold bangle with Polki Stones\",\"isPartOf\":{\"@id\":\"https:\\\/\\\/www.purejewels.com\\\/#website\"},\"primaryImageOfPage\":{\"@id\":\"https:\\\/\\\/www.purejewels.com\\\/product\\\/22ct-gold-polki-kada\\\/#primaryimage\"},\"image\":{\"@id\":\"https:\\\/\\\/www.purejewels.com\\\/product\\\/22ct-gold-polki-kada\\\/#primaryimage\"},\"thumbnailUrl\":\"https:\\\/\\\/static.purejewels.com\\\/wp-content\\\/uploads\\\/2019\\\/12\\\/28488_28499.jpg\",\"datePublished\":\"2019-12-06T08:38:55+00:00\",\"dateModified\":\"2026-01-19T04:28:04+00:00\",\"description\":\"Shop Online for 22ct Gold Kada Bangle with Screw Fitting. Perfect Party Wear Or Bridal Wear Bangles. SKU:28499, Polki Stones Add Brilliance to The Bangle.\",\"breadcrumb\":{\"@id\":\"https:\\\/\\\/www.purejewels.com\\\/product\\\/22ct-gold-polki-kada\\\/#breadcrumb\"},\"inLanguage\":\"tr\",\"potentialAction\":[{\"@type\":\"ReadAction\",\"target\":[\"https:\\\/\\\/www.purejewels.com\\\/product\\\/22ct-gold-polki-kada\\\/\"]}]},{\"@type\":\"ImageObject\",\"inLanguage\":\"tr\",\"@id\":\"https:\\\/\\\/www.purejewels.com\\\/product\\\/22ct-gold-polki-kada\\\/#primaryimage\",\"url\":\"https:\\\/\\\/static.purejewels.com\\\/wp-content\\\/uploads\\\/2019\\\/12\\\/28488_28499.jpg\",\"contentUrl\":\"https:\\\/\\\/static.purejewels.com\\\/wp-content\\\/uploads\\\/2019\\\/12\\\/28488_28499.jpg\",\"width\":1000,\"height\":1000,\"caption\":\"28488_28499\"},{\"@type\":\"BreadcrumbList\",\"@id\":\"https:\\\/\\\/www.purejewels.com\\\/product\\\/22ct-gold-polki-kada\\\/#breadcrumb\",\"itemListElement\":[{\"@type\":\"ListItem\",\"position\":1,\"name\":\"Home\",\"item\":\"https:\\\/\\\/www.purejewels.com\\\/\"},{\"@type\":\"ListItem\",\"position\":2,\"name\":\"Shop\",\"item\":\"https:\\\/\\\/www.purejewels.com\\\/shop\\\/\"},{\"@type\":\"ListItem\",\"position\":3,\"name\":\"22ct Gold Polki Kada Bangles\"}]},{\"@type\":\"WebSite\",\"@id\":\"https:\\\/\\\/www.purejewels.com\\\/#website\",\"url\":\"https:\\\/\\\/www.purejewels.com\\\/\",\"name\":\"PureJewels UK\",\"description\":\"Share the Love\",\"publisher\":{\"@id\":\"https:\\\/\\\/www.purejewels.com\\\/#organization\"},\"potentialAction\":[{\"@type\":\"SearchAction\",\"target\":{\"@type\":\"EntryPoint\",\"urlTemplate\":\"https:\\\/\\\/www.purejewels.com\\\/?s={search_term_string}\"},\"query-input\":{\"@type\":\"PropertyValueSpecification\",\"valueRequired\":true,\"valueName\":\"search_term_string\"}}],\"inLanguage\":\"tr\"},{\"@type\":\"Organization\",\"@id\":\"https:\\\/\\\/www.purejewels.com\\\/#organization\",\"name\":\"PureJewels UK\",\"url\":\"https:\\\/\\\/www.purejewels.com\\\/\",\"logo\":{\"@type\":\"ImageObject\",\"inLanguage\":\"tr\",\"@id\":\"https:\\\/\\\/www.purejewels.com\\\/#\\\/schema\\\/logo\\\/image\\\/\",\"url\":\"https:\\\/\\\/static.purejewels.com\\\/wp-content\\\/uploads\\\/2020\\\/11\\\/Logo-PJ-New-1.png\",\"contentUrl\":\"https:\\\/\\\/static.purejewels.com\\\/wp-content\\\/uploads\\\/2020\\\/11\\\/Logo-PJ-New-1.png\",\"width\":150,\"height\":80,\"caption\":\"PureJewels UK\"},\"image\":{\"@id\":\"https:\\\/\\\/www.purejewels.com\\\/#\\\/schema\\\/logo\\\/image\\\/\"}}]}<\/script>\n<!-- \/ Yoast SEO plugin. -->","yoast_head_json":{"title":"Armari 22 Ayar Alt\u0131n Polki Ta\u015fl\u0131 Bileklik","description":"Vidal\u0131 22 Ayar Alt\u0131n Kada Bileklik i\u00e7in Online Al\u0131\u015fveri\u015f Yap\u0131n. M\u00fckemmel Parti K\u0131yafeti veya Gelin K\u0131yafeti Bileklikler. SKU:28499, Polki Ta\u015flar Bilekli\u011fe Parlakl\u0131k Katar.","robots":{"index":"index","follow":"follow","max-snippet":"max-snippet:-1","max-image-preview":"max-image-preview:large","max-video-preview":"max-video-preview:-1"},"canonical":"https:\/\/www.purejewels.com\/tr\/urun\/22-ayar-altin-polki-kada\/","og_locale":"tr_TR","og_type":"article","og_title":"Armari 22ct Gold bangle with Polki Stones","og_description":"Shop Online for 22ct Gold Kada Bangle with Screw Fitting. Perfect Party Wear Or Bridal Wear Bangles. SKU:28499, Polki Stones Add Brilliance to The Bangle.","og_url":"https:\/\/www.purejewels.com\/tr\/urun\/22-ayar-altin-polki-kada\/","og_site_name":"PureJewels UK","article_modified_time":"2026-01-19T04:28:04+00:00","og_image":[{"width":1000,"height":1000,"url":"https:\/\/static.purejewels.com\/wp-content\/uploads\/2019\/12\/28488_28499.jpg","type":"image\/jpeg"}],"twitter_card":"summary_large_image","schema":{"@context":"https:\/\/schema.org","@graph":[{"@type":["WebPage","ItemPage"],"@id":"https:\/\/www.purejewels.com\/product\/22ct-gold-polki-kada\/","url":"https:\/\/www.purejewels.com\/product\/22ct-gold-polki-kada\/","name":"Armari 22 Ayar Alt\u0131n Polki Ta\u015fl\u0131 Bileklik","isPartOf":{"@id":"https:\/\/www.purejewels.com\/#website"},"primaryImageOfPage":{"@id":"https:\/\/www.purejewels.com\/product\/22ct-gold-polki-kada\/#primaryimage"},"image":{"@id":"https:\/\/www.purejewels.com\/product\/22ct-gold-polki-kada\/#primaryimage"},"thumbnailUrl":"https:\/\/static.purejewels.com\/wp-content\/uploads\/2019\/12\/28488_28499.jpg","datePublished":"2019-12-06T08:38:55+00:00","dateModified":"2026-01-19T04:28:04+00:00","description":"Vidal\u0131 22 Ayar Alt\u0131n Kada Bileklik i\u00e7in Online Al\u0131\u015fveri\u015f Yap\u0131n. M\u00fckemmel Parti K\u0131yafeti veya Gelin K\u0131yafeti Bileklikler. SKU:28499, Polki Ta\u015flar Bilekli\u011fe Parlakl\u0131k Katar.","breadcrumb":{"@id":"https:\/\/www.purejewels.com\/product\/22ct-gold-polki-kada\/#breadcrumb"},"inLanguage":"tr","potentialAction":[{"@type":"ReadAction","target":["https:\/\/www.purejewels.com\/product\/22ct-gold-polki-kada\/"]}]},{"@type":"ImageObject","inLanguage":"tr","@id":"https:\/\/www.purejewels.com\/product\/22ct-gold-polki-kada\/#primaryimage","url":"https:\/\/static.purejewels.com\/wp-content\/uploads\/2019\/12\/28488_28499.jpg","contentUrl":"https:\/\/static.purejewels.com\/wp-content\/uploads\/2019\/12\/28488_28499.jpg","width":1000,"height":1000,"caption":"28488_28499"},{"@type":"BreadcrumbList","@id":"https:\/\/www.purejewels.com\/product\/22ct-gold-polki-kada\/#breadcrumb","itemListElement":[{"@type":"ListItem","position":1,"name":"Home","item":"https:\/\/www.purejewels.com\/"},{"@type":"ListItem","position":2,"name":"Shop","item":"https:\/\/www.purejewels.com\/shop\/"},{"@type":"ListItem","position":3,"name":"22ct Gold Polki Kada Bangles"}]},{"@type":"WebSite","@id":"https:\/\/www.purejewels.com\/#website","url":"https:\/\/www.purejewels.com\/","name":"PureJewels \u0130ngiltere","description":"Sevgiyi Payla\u015f\u0131n","publisher":{"@id":"https:\/\/www.purejewels.com\/#organization"},"potentialAction":[{"@type":"SearchAction","target":{"@type":"EntryPoint","urlTemplate":"https:\/\/www.purejewels.com\/?s={search_term_string}"},"query-input":{"@type":"PropertyValueSpecification","valueRequired":true,"valueName":"search_term_string"}}],"inLanguage":"tr"},{"@type":"Organization","@id":"https:\/\/www.purejewels.com\/#organization","name":"PureJewels \u0130ngiltere","url":"https:\/\/www.purejewels.com\/","logo":{"@type":"ImageObject","inLanguage":"tr","@id":"https:\/\/www.purejewels.com\/#\/schema\/logo\/image\/","url":"https:\/\/static.purejewels.com\/wp-content\/uploads\/2020\/11\/Logo-PJ-New-1.png","contentUrl":"https:\/\/static.purejewels.com\/wp-content\/uploads\/2020\/11\/Logo-PJ-New-1.png","width":150,"height":80,"caption":"PureJewels UK"},"image":{"@id":"https:\/\/www.purejewels.com\/#\/schema\/logo\/image\/"}}]}},"_links":{"self":[{"href":"https:\/\/www.purejewels.com\/tr\/wp-json\/wp\/v2\/product\/312068","targetHints":{"allow":["GET"]}}],"collection":[{"href":"https:\/\/www.purejewels.com\/tr\/wp-json\/wp\/v2\/product"}],"about":[{"href":"https:\/\/www.purejewels.com\/tr\/wp-json\/wp\/v2\/types\/product"}],"replies":[{"embeddable":true,"href":"https:\/\/www.purejewels.com\/tr\/wp-json\/wp\/v2\/comments?post=312068"}],"version-history":[{"count":1,"href":"https:\/\/www.purejewels.com\/tr\/wp-json\/wp\/v2\/product\/312068\/revisions"}],"predecessor-version":[{"id":424487,"href":"https:\/\/www.purejewels.com\/tr\/wp-json\/wp\/v2\/product\/312068\/revisions\/424487"}],"wp:featuredmedia":[{"embeddable":true,"href":"https:\/\/www.purejewels.com\/tr\/wp-json\/wp\/v2\/media\/312113"}],"wp:attachment":[{"href":"https:\/\/www.purejewels.com\/tr\/wp-json\/wp\/v2\/media?parent=312068"}],"wp:term":[{"taxonomy":"product_brand","embeddable":true,"href":"https:\/\/www.purejewels.com\/tr\/wp-json\/wp\/v2\/product_brand?post=312068"},{"taxonomy":"product_cat","embeddable":true,"href":"https:\/\/www.purejewels.com\/tr\/wp-json\/wp\/v2\/product_cat?post=312068"},{"taxonomy":"product_tag","embeddable":true,"href":"https:\/\/www.purejewels.com\/tr\/wp-json\/wp\/v2\/product_tag?post=312068"}],"curies":[{"name":"wp","href":"https:\/\/api.w.org\/{rel}","templated":true}]}}