{"id":312155,"date":"2020-02-03T10:17:51","date_gmt":"2020-02-03T10:17:51","guid":{"rendered":"https:\/\/www.purejewels.com\/?post_type=product&#038;p=312155"},"modified":"2025-11-26T11:35:40","modified_gmt":"2025-11-26T11:35:40","slug":"18-ayar-pembe-altin-kolye-2","status":"publish","type":"product","link":"https:\/\/www.purejewels.com\/tr\/product\/18ct-rose-gold-necklace-2\/","title":{"rendered":"18 ayar pembe alt\u0131n \u00fc\u00e7 s\u0131ral\u0131 p\u0131rlanta kolye"},"content":{"rendered":"<p>Bu <a href=\"https:\/\/www.purejewels.com\/tr\/product\/18ct-white-gold-khanda-sikh-religious-pendant-6226\/\">18ct<\/a> Rose Gold Triple Strand Diamond Necklace, boyun \u00e7izgisine zarif bir hareket ve katmanl\u0131 bir \u0131\u015f\u0131lt\u0131 katmak i\u00e7in tasarlanm\u0131\u015ft\u0131r. \u00dc\u00e7 narin zincir, her biri daha fazla parlakl\u0131k i\u00e7in bir dizi elmasla s\u00fcslenmi\u015f damlalarla, kaskat\u0131 bir \u015fekilde g\u00fczelce d\u00fc\u015fer. S\u0131cak rose gold tonu, elmaslar\u0131n parlakl\u0131\u011f\u0131n\u0131 art\u0131rarak par\u00e7aya yumu\u015fak ve romantik bir \u0131\u015f\u0131lt\u0131 verir. Hafif ve ak\u0131c\u0131 yap\u0131s\u0131 ile rahat ve do\u011fal bir \u015fekilde oturur, zarif ak\u015famlar veya \u00f6zel kutlamalar i\u00e7in m\u00fckemmel bir se\u00e7imdir. Titiz bir dikkatle detaylara \u00f6zen g\u00f6sterilerek \u00fcretilmi\u015f ve g\u00fcvenli bir \u015fekilde tak\u0131labilmesi i\u00e7in g\u00fcvenli bir toka ile tamamlanm\u0131\u015ft\u0131r. Elbiseler, sari veya \u00e7a\u011fda\u015f k\u0131yafetlerle kombinlemek i\u00e7in \u00e7ok y\u00f6nl\u00fc ve l\u00fcks bir se\u00e7imdir. Hayat\u0131n en anlaml\u0131 anlar\u0131n\u0131 kutlamak i\u00e7in de\u011ferli bir hediye.<\/p>","protected":false},"excerpt":{"rendered":"<ul>\n<li>18 Ayar Pembe Alt\u0131n Kolye<\/li>\n<li>Elmas A\u011f\u0131rl\u0131\u011f\u0131 0.37ct<\/li>\n<li>A\u011f\u0131rl\u0131k 5.2gm<\/li>\n<li>Uzunluk. 18 \u0130n\u00e7<\/li>\n<li>SKU. 32018<\/li>\n<li>T\u00fcm fiyatlara KDV dahildir<\/li>\n<li>T\u00fcm \u00dcr\u00fcnlerimiz Londra Tahlil Ofisi Taraf\u0131ndan Damgalanm\u0131\u015ft\u0131r<\/li>\n<li>T\u00fcm P\u0131rlanta Tak\u0131 Setlerimiz sunum kutusu ile birlikte gelir<\/li>\n<li>Teslimat Dahil<\/li>\n<li>\u00dcr\u00fcn videosu i\u00e7in bize ula\u015f\u0131n \/ Bizimle sohbet edin<\/li>\n<\/ul>","protected":false},"featured_media":313015,"comment_status":"closed","ping_status":"closed","template":"","meta":{"_eb_attr":"","_crsspst_to_jayantr4sg-hostcom":true},"product_brand":[],"product_cat":[1559,1625,1794,1533,246,1573,1574],"product_tag":[1461],"class_list":{"0":"post-312155","1":"product","2":"type-product","3":"status-publish","4":"has-post-thumbnail","6":"product_cat-birthday-gifts","7":"product_cat-bridal-set","8":"product_cat-christmas-gifts","9":"product_cat-diamond-jewellery-set","10":"product_cat-rose-gold-collections","11":"product_cat-wedding-gifts","12":"product_cat-womens-jewellery","13":"product_tag-diamond-necklace","15":"first","16":"outofstock","17":"taxable","18":"shipping-taxable","19":"product-type-simple","20":"add-to-wishlist-before_image"},"yoast_head":"<!-- This site is optimized with the Yoast SEO plugin v27.3 - https:\/\/yoast.com\/product\/yoast-seo-wordpress\/ -->\n<title>Shop Triple Strand Diamond Drop Necklace in 18ct Rose Gold<\/title>\n<meta name=\"description\" content=\"Layer up with the Triple Strand Diamond Drop Necklace in 18ct rose gold, featuring fine chains and diamond drops for effortless day to evening wear.\" \/>\n<meta name=\"robots\" content=\"index, follow, max-snippet:-1, max-image-preview:large, max-video-preview:-1\" \/>\n<link rel=\"canonical\" href=\"https:\/\/www.purejewels.com\/tr\/urun\/18-ayar-pembe-altin-kolye-2\/\" \/>\n<meta property=\"og:locale\" content=\"tr_TR\" \/>\n<meta property=\"og:type\" content=\"article\" \/>\n<meta property=\"og:title\" content=\"Shop Triple Strand Diamond Drop Necklace in 18ct Rose Gold\" \/>\n<meta property=\"og:description\" content=\"Layer up with the Triple Strand Diamond Drop Necklace in 18ct rose gold, featuring fine chains and diamond drops for effortless day to evening wear.\" \/>\n<meta property=\"og:url\" content=\"https:\/\/www.purejewels.com\/tr\/urun\/18-ayar-pembe-altin-kolye-2\/\" \/>\n<meta property=\"og:site_name\" content=\"PureJewels UK\" \/>\n<meta property=\"article:modified_time\" content=\"2025-11-26T11:35:40+00:00\" \/>\n<meta property=\"og:image\" content=\"https:\/\/www.purejewels.com\/wp-content\/uploads\/2020\/03\/151709944.jpg\" \/>\n\t<meta property=\"og:image:width\" content=\"1000\" \/>\n\t<meta property=\"og:image:height\" content=\"1000\" \/>\n\t<meta property=\"og:image:type\" content=\"image\/jpeg\" \/>\n<meta name=\"twitter:card\" content=\"summary_large_image\" \/>\n<meta name=\"twitter:label1\" content=\"Tahmini okuma s\u00fcresi\" \/>\n\t<meta name=\"twitter:data1\" content=\"1 dakika\" \/>\n<script type=\"application\/ld+json\" class=\"yoast-schema-graph\">{\"@context\":\"https:\\\/\\\/schema.org\",\"@graph\":[{\"@type\":[\"WebPage\",\"ItemPage\"],\"@id\":\"https:\\\/\\\/www.purejewels.com\\\/product\\\/18ct-rose-gold-necklace-2\\\/\",\"url\":\"https:\\\/\\\/www.purejewels.com\\\/product\\\/18ct-rose-gold-necklace-2\\\/\",\"name\":\"Shop Triple Strand Diamond Drop Necklace in 18ct Rose Gold\",\"isPartOf\":{\"@id\":\"https:\\\/\\\/www.purejewels.com\\\/#website\"},\"primaryImageOfPage\":{\"@id\":\"https:\\\/\\\/www.purejewels.com\\\/product\\\/18ct-rose-gold-necklace-2\\\/#primaryimage\"},\"image\":{\"@id\":\"https:\\\/\\\/www.purejewels.com\\\/product\\\/18ct-rose-gold-necklace-2\\\/#primaryimage\"},\"thumbnailUrl\":\"https:\\\/\\\/static.purejewels.com\\\/wp-content\\\/uploads\\\/2020\\\/03\\\/151709944.jpg\",\"datePublished\":\"2020-02-03T10:17:51+00:00\",\"dateModified\":\"2025-11-26T11:35:40+00:00\",\"description\":\"Layer up with the Triple Strand Diamond Drop Necklace in 18ct rose gold, featuring fine chains and diamond drops for effortless day to evening wear.\",\"breadcrumb\":{\"@id\":\"https:\\\/\\\/www.purejewels.com\\\/product\\\/18ct-rose-gold-necklace-2\\\/#breadcrumb\"},\"inLanguage\":\"tr\",\"potentialAction\":[{\"@type\":\"ReadAction\",\"target\":[\"https:\\\/\\\/www.purejewels.com\\\/product\\\/18ct-rose-gold-necklace-2\\\/\"]}]},{\"@type\":\"ImageObject\",\"inLanguage\":\"tr\",\"@id\":\"https:\\\/\\\/www.purejewels.com\\\/product\\\/18ct-rose-gold-necklace-2\\\/#primaryimage\",\"url\":\"https:\\\/\\\/static.purejewels.com\\\/wp-content\\\/uploads\\\/2020\\\/03\\\/151709944.jpg\",\"contentUrl\":\"https:\\\/\\\/static.purejewels.com\\\/wp-content\\\/uploads\\\/2020\\\/03\\\/151709944.jpg\",\"width\":1000,\"height\":1000,\"caption\":\"18ct Rose Gold NecklaceWeight. 5.2gmLength. 18 InchesSKU. 32018All prices include VATAll Our Products are Hallmarked by London Assay OfficeAll our Diamond Jewellery Sets comes with presentation boxDelivery IncludedContact us \\\/ Chat with us for video of Product\"},{\"@type\":\"BreadcrumbList\",\"@id\":\"https:\\\/\\\/www.purejewels.com\\\/product\\\/18ct-rose-gold-necklace-2\\\/#breadcrumb\",\"itemListElement\":[{\"@type\":\"ListItem\",\"position\":1,\"name\":\"Home\",\"item\":\"https:\\\/\\\/www.purejewels.com\\\/\"},{\"@type\":\"ListItem\",\"position\":2,\"name\":\"Shop\",\"item\":\"https:\\\/\\\/www.purejewels.com\\\/shop\\\/\"},{\"@type\":\"ListItem\",\"position\":3,\"name\":\"18ct Rose Gold Triple Strand Diamond Necklace\"}]},{\"@type\":\"WebSite\",\"@id\":\"https:\\\/\\\/www.purejewels.com\\\/#website\",\"url\":\"https:\\\/\\\/www.purejewels.com\\\/\",\"name\":\"PureJewels UK\",\"description\":\"Share the Love\",\"publisher\":{\"@id\":\"https:\\\/\\\/www.purejewels.com\\\/#organization\"},\"potentialAction\":[{\"@type\":\"SearchAction\",\"target\":{\"@type\":\"EntryPoint\",\"urlTemplate\":\"https:\\\/\\\/www.purejewels.com\\\/?s={search_term_string}\"},\"query-input\":{\"@type\":\"PropertyValueSpecification\",\"valueRequired\":true,\"valueName\":\"search_term_string\"}}],\"inLanguage\":\"tr\"},{\"@type\":\"Organization\",\"@id\":\"https:\\\/\\\/www.purejewels.com\\\/#organization\",\"name\":\"PureJewels UK\",\"url\":\"https:\\\/\\\/www.purejewels.com\\\/\",\"logo\":{\"@type\":\"ImageObject\",\"inLanguage\":\"tr\",\"@id\":\"https:\\\/\\\/www.purejewels.com\\\/#\\\/schema\\\/logo\\\/image\\\/\",\"url\":\"https:\\\/\\\/static.purejewels.com\\\/wp-content\\\/uploads\\\/2020\\\/11\\\/Logo-PJ-New-1.png\",\"contentUrl\":\"https:\\\/\\\/static.purejewels.com\\\/wp-content\\\/uploads\\\/2020\\\/11\\\/Logo-PJ-New-1.png\",\"width\":150,\"height\":80,\"caption\":\"PureJewels UK\"},\"image\":{\"@id\":\"https:\\\/\\\/www.purejewels.com\\\/#\\\/schema\\\/logo\\\/image\\\/\"}}]}<\/script>\n<!-- \/ Yoast SEO plugin. -->","yoast_head_json":{"title":"18 ayar pembe alt\u0131n \u00fc\u00e7 s\u0131ral\u0131 elmas damla kolye sat\u0131n al\u0131n","description":"18 ayar pembe alt\u0131n Triple Strand Diamond Drop Necklace ile katmanl\u0131 bir g\u00f6r\u00fcn\u00fcm yarat\u0131n. \u0130nce zincirler ve elmas damlalarla s\u00fcslenmi\u015f bu kolye, g\u00fcnd\u00fczden geceye kadar her an \u015f\u0131k bir g\u00f6r\u00fcn\u00fcm sunar.","robots":{"index":"index","follow":"follow","max-snippet":"max-snippet:-1","max-image-preview":"max-image-preview:large","max-video-preview":"max-video-preview:-1"},"canonical":"https:\/\/www.purejewels.com\/tr\/urun\/18-ayar-pembe-altin-kolye-2\/","og_locale":"tr_TR","og_type":"article","og_title":"Shop Triple Strand Diamond Drop Necklace in 18ct Rose Gold","og_description":"Layer up with the Triple Strand Diamond Drop Necklace in 18ct rose gold, featuring fine chains and diamond drops for effortless day to evening wear.","og_url":"https:\/\/www.purejewels.com\/tr\/urun\/18-ayar-pembe-altin-kolye-2\/","og_site_name":"PureJewels UK","article_modified_time":"2025-11-26T11:35:40+00:00","og_image":[{"width":1000,"height":1000,"url":"https:\/\/www.purejewels.com\/wp-content\/uploads\/2020\/03\/151709944.jpg","type":"image\/jpeg"}],"twitter_card":"summary_large_image","twitter_misc":{"Tahmini okuma s\u00fcresi":"1 dakika"},"schema":{"@context":"https:\/\/schema.org","@graph":[{"@type":["WebPage","ItemPage"],"@id":"https:\/\/www.purejewels.com\/product\/18ct-rose-gold-necklace-2\/","url":"https:\/\/www.purejewels.com\/product\/18ct-rose-gold-necklace-2\/","name":"18 ayar pembe alt\u0131n \u00fc\u00e7 s\u0131ral\u0131 elmas damla kolye sat\u0131n al\u0131n","isPartOf":{"@id":"https:\/\/www.purejewels.com\/#website"},"primaryImageOfPage":{"@id":"https:\/\/www.purejewels.com\/product\/18ct-rose-gold-necklace-2\/#primaryimage"},"image":{"@id":"https:\/\/www.purejewels.com\/product\/18ct-rose-gold-necklace-2\/#primaryimage"},"thumbnailUrl":"https:\/\/static.purejewels.com\/wp-content\/uploads\/2020\/03\/151709944.jpg","datePublished":"2020-02-03T10:17:51+00:00","dateModified":"2025-11-26T11:35:40+00:00","description":"18 ayar pembe alt\u0131n Triple Strand Diamond Drop Necklace ile katmanl\u0131 bir g\u00f6r\u00fcn\u00fcm yarat\u0131n. \u0130nce zincirler ve elmas damlalarla s\u00fcslenmi\u015f bu kolye, g\u00fcnd\u00fczden geceye kadar her an \u015f\u0131k bir g\u00f6r\u00fcn\u00fcm sunar.","breadcrumb":{"@id":"https:\/\/www.purejewels.com\/product\/18ct-rose-gold-necklace-2\/#breadcrumb"},"inLanguage":"tr","potentialAction":[{"@type":"ReadAction","target":["https:\/\/www.purejewels.com\/product\/18ct-rose-gold-necklace-2\/"]}]},{"@type":"ImageObject","inLanguage":"tr","@id":"https:\/\/www.purejewels.com\/product\/18ct-rose-gold-necklace-2\/#primaryimage","url":"https:\/\/static.purejewels.com\/wp-content\/uploads\/2020\/03\/151709944.jpg","contentUrl":"https:\/\/static.purejewels.com\/wp-content\/uploads\/2020\/03\/151709944.jpg","width":1000,"height":1000,"caption":"18ct Rose Gold NecklaceWeight. 5.2gmLength. 18 InchesSKU. 32018All prices include VATAll Our Products are Hallmarked by London Assay OfficeAll our Diamond Jewellery Sets comes with presentation boxDelivery IncludedContact us \/ Chat with us for video of Product"},{"@type":"BreadcrumbList","@id":"https:\/\/www.purejewels.com\/product\/18ct-rose-gold-necklace-2\/#breadcrumb","itemListElement":[{"@type":"ListItem","position":1,"name":"Home","item":"https:\/\/www.purejewels.com\/"},{"@type":"ListItem","position":2,"name":"Shop","item":"https:\/\/www.purejewels.com\/shop\/"},{"@type":"ListItem","position":3,"name":"18ct Rose Gold Triple Strand Diamond Necklace"}]},{"@type":"WebSite","@id":"https:\/\/www.purejewels.com\/#website","url":"https:\/\/www.purejewels.com\/","name":"PureJewels \u0130ngiltere","description":"Sevgiyi Payla\u015f\u0131n","publisher":{"@id":"https:\/\/www.purejewels.com\/#organization"},"potentialAction":[{"@type":"SearchAction","target":{"@type":"EntryPoint","urlTemplate":"https:\/\/www.purejewels.com\/?s={search_term_string}"},"query-input":{"@type":"PropertyValueSpecification","valueRequired":true,"valueName":"search_term_string"}}],"inLanguage":"tr"},{"@type":"Organization","@id":"https:\/\/www.purejewels.com\/#organization","name":"PureJewels \u0130ngiltere","url":"https:\/\/www.purejewels.com\/","logo":{"@type":"ImageObject","inLanguage":"tr","@id":"https:\/\/www.purejewels.com\/#\/schema\/logo\/image\/","url":"https:\/\/static.purejewels.com\/wp-content\/uploads\/2020\/11\/Logo-PJ-New-1.png","contentUrl":"https:\/\/static.purejewels.com\/wp-content\/uploads\/2020\/11\/Logo-PJ-New-1.png","width":150,"height":80,"caption":"PureJewels UK"},"image":{"@id":"https:\/\/www.purejewels.com\/#\/schema\/logo\/image\/"}}]}},"_links":{"self":[{"href":"https:\/\/www.purejewels.com\/tr\/wp-json\/wp\/v2\/product\/312155","targetHints":{"allow":["GET"]}}],"collection":[{"href":"https:\/\/www.purejewels.com\/tr\/wp-json\/wp\/v2\/product"}],"about":[{"href":"https:\/\/www.purejewels.com\/tr\/wp-json\/wp\/v2\/types\/product"}],"replies":[{"embeddable":true,"href":"https:\/\/www.purejewels.com\/tr\/wp-json\/wp\/v2\/comments?post=312155"}],"version-history":[{"count":3,"href":"https:\/\/www.purejewels.com\/tr\/wp-json\/wp\/v2\/product\/312155\/revisions"}],"predecessor-version":[{"id":421901,"href":"https:\/\/www.purejewels.com\/tr\/wp-json\/wp\/v2\/product\/312155\/revisions\/421901"}],"wp:featuredmedia":[{"embeddable":true,"href":"https:\/\/www.purejewels.com\/tr\/wp-json\/wp\/v2\/media\/313015"}],"wp:attachment":[{"href":"https:\/\/www.purejewels.com\/tr\/wp-json\/wp\/v2\/media?parent=312155"}],"wp:term":[{"taxonomy":"product_brand","embeddable":true,"href":"https:\/\/www.purejewels.com\/tr\/wp-json\/wp\/v2\/product_brand?post=312155"},{"taxonomy":"product_cat","embeddable":true,"href":"https:\/\/www.purejewels.com\/tr\/wp-json\/wp\/v2\/product_cat?post=312155"},{"taxonomy":"product_tag","embeddable":true,"href":"https:\/\/www.purejewels.com\/tr\/wp-json\/wp\/v2\/product_tag?post=312155"}],"curies":[{"name":"wp","href":"https:\/\/api.w.org\/{rel}","templated":true}]}}