{"id":312163,"date":"2024-05-15T11:36:08","date_gmt":"2024-05-15T10:36:08","guid":{"rendered":"https:\/\/www.purejewels.com\/?post_type=product&#038;p=312163"},"modified":"2025-11-06T05:56:21","modified_gmt":"2025-11-06T05:56:21","slug":"platin-pirlanta-yuzuk-46865","status":"publish","type":"product","link":"https:\/\/www.purejewels.com\/tr\/product\/platinum-diamond-ring-46865\/","title":{"rendered":"Platin P\u0131rlanta Tek Halo Ni\u015fan Y\u00fcz\u00fc\u011f\u00fc"},"content":{"rendered":"<p><span data-sheets-root=\"1\">PureJewels, zamans\u0131z ve zarif bir m\u00fccevher par\u00e7as\u0131 arayanlar i\u00e7in m\u00fckemmel olan \u00e7arp\u0131c\u0131 bir Platin P\u0131rlanta Tek Halo Ni\u015fan Y\u00fcz\u00fc\u011f\u00fc sunuyor. Bu y\u00fcz\u00fck, g\u00f6z kama\u015ft\u0131r\u0131c\u0131 ve g\u00f6z al\u0131c\u0131 bir tasar\u0131m yaratan l\u00fcks platin i\u00e7ine yerle\u015ftirilmi\u015f g\u00fczel bir 0,73 ct p\u0131rlantaya sahiptir. Tek haleli tasar\u0131m, zaten zarif olan bu y\u00fcz\u00fc\u011fe ekstra bir incelik ve ihti\u015fam kat\u0131yor.<\/p>\n<p>En kaliteli malzemeler ve detaylara g\u00f6sterilen \u00f6zenle haz\u0131rlanan bu ni\u015fan y\u00fcz\u00fc\u011f\u00fcn\u00fcn kal\u0131c\u0131 bir etki b\u0131rakaca\u011f\u0131ndan emin olabilirsiniz. \u0130ster evlenme teklif etmek i\u00e7in m\u00fckemmel bir y\u00fcz\u00fck ar\u0131yor olun, ister sadece g\u00fczel bir m\u00fccevherle kendinizi \u015f\u0131martmak isteyin, PureJewels size yard\u0131mc\u0131 olacakt\u0131r.<\/p>\n<p>\u015eimdi sipari\u015f verin ve m\u00fccevher koleksiyonunuza l\u00fcks bir dokunu\u015f kat\u0131n.<\/span><\/p>","protected":false},"excerpt":{"rendered":"<div class=\"woocommerce-product-details__short-description\">\n<table>\n<tbody>\n<tr>\n<td>Y\u00fcz\u00fck Tipi<\/td>\n<td>Platin P\u0131rlanta Y\u00fcz\u00fck<\/td>\n<\/tr>\n<tr>\n<td>SKU<\/td>\n<td>46865<\/td>\n<\/tr>\n<tr>\n<td>Y\u00fcz\u00fck \u00d6l\u00e7\u00fcs\u00fc<\/td>\n<td>J 1\/2<\/td>\n<\/tr>\n<tr>\n<td>Metal<\/td>\n<td>Platin<\/td>\n<\/tr>\n<tr>\n<td>Elmas A\u011f\u0131rl\u0131\u011f\u0131.<\/td>\n<td>0.73ct<\/td>\n<\/tr>\n<tr>\n<td>\u00dccretler<\/td>\n<td>Teslimat ve KDV Dahil<\/td>\n<\/tr>\n<tr>\n<td>Paketleme<\/td>\n<td>Sunum Kutusu ile Birlikte Gelir<\/td>\n<\/tr>\n<tr>\n<td>Daha Fazla Bilgi<\/td>\n<td>M\u00fcsaitlik durumu ve daha fazla resim i\u00e7in bizimle canl\u0131 sohbet edin<\/td>\n<\/tr>\n<\/tbody>\n<\/table>\n<\/div>","protected":false},"featured_media":355161,"comment_status":"closed","ping_status":"closed","template":"","meta":{"_eb_attr":"","_crsspst_to_jayantr4sg-hostcom":true},"product_brand":[],"product_cat":[5457,5460,5350,6083,6084,1569,1574],"product_tag":[],"class_list":{"0":"post-312163","1":"product","2":"type-product","3":"status-publish","4":"has-post-thumbnail","6":"product_cat-diamond-jewellery","7":"product_cat-diamond-ring","8":"product_cat-platinum-jewellery","9":"product_cat-platinum-jewellery-2","10":"product_cat-platinum-ring","11":"product_cat-valentine-day-gifts","12":"product_cat-womens-jewellery","14":"first","15":"instock","16":"taxable","17":"shipping-taxable","18":"purchasable","19":"product-type-simple","20":"add-to-wishlist-before_image"},"yoast_head":"<!-- This site is optimized with the Yoast SEO plugin v27.5 - https:\/\/yoast.com\/product\/yoast-seo-wordpress\/ -->\n<title>Platinum Diamond Single Halo Engagement Ring | PureJewels UK<\/title>\n<meta name=\"description\" content=\"Shop Platinum Diamond Single Halo Engagement Ring. The ring is perfect for the woman who wants a timeless and elegant engagement ring.\" \/>\n<meta name=\"robots\" content=\"index, follow, max-snippet:-1, max-image-preview:large, max-video-preview:-1\" \/>\n<link rel=\"canonical\" href=\"https:\/\/www.purejewels.com\/tr\/urun\/platin-pirlanta-yuzuk-46865\/\" \/>\n<meta property=\"og:locale\" content=\"tr_TR\" \/>\n<meta property=\"og:type\" content=\"article\" \/>\n<meta property=\"og:title\" content=\"Platinum Diamond Single Halo Engagement Ring | PureJewels UK\" \/>\n<meta property=\"og:description\" content=\"Shop Platinum Diamond Single Halo Engagement Ring. The ring is perfect for the woman who wants a timeless and elegant engagement ring.\" \/>\n<meta property=\"og:url\" content=\"https:\/\/www.purejewels.com\/tr\/urun\/platin-pirlanta-yuzuk-46865\/\" \/>\n<meta property=\"og:site_name\" content=\"PureJewels UK\" \/>\n<meta property=\"article:modified_time\" content=\"2025-11-06T05:56:21+00:00\" \/>\n<meta property=\"og:image\" content=\"https:\/\/www.purejewels.com\/wp-content\/uploads\/2019\/12\/46865.jpg\" \/>\n\t<meta property=\"og:image:width\" content=\"1\" \/>\n\t<meta property=\"og:image:height\" content=\"1\" \/>\n\t<meta property=\"og:image:type\" content=\"image\/jpeg\" \/>\n<meta name=\"twitter:card\" content=\"summary_large_image\" \/>\n<meta name=\"twitter:label1\" content=\"Tahmini okuma s\u00fcresi\" \/>\n\t<meta name=\"twitter:data1\" content=\"1 dakika\" \/>\n<script type=\"application\/ld+json\" class=\"yoast-schema-graph\">{\"@context\":\"https:\\\/\\\/schema.org\",\"@graph\":[{\"@type\":[\"WebPage\",\"ItemPage\"],\"@id\":\"https:\\\/\\\/www.purejewels.com\\\/product\\\/platinum-diamond-ring-46865\\\/\",\"url\":\"https:\\\/\\\/www.purejewels.com\\\/product\\\/platinum-diamond-ring-46865\\\/\",\"name\":\"Platinum Diamond Single Halo Engagement Ring | PureJewels UK\",\"isPartOf\":{\"@id\":\"https:\\\/\\\/www.purejewels.com\\\/#website\"},\"primaryImageOfPage\":{\"@id\":\"https:\\\/\\\/www.purejewels.com\\\/product\\\/platinum-diamond-ring-46865\\\/#primaryimage\"},\"image\":{\"@id\":\"https:\\\/\\\/www.purejewels.com\\\/product\\\/platinum-diamond-ring-46865\\\/#primaryimage\"},\"thumbnailUrl\":\"https:\\\/\\\/static.purejewels.com\\\/wp-content\\\/uploads\\\/2019\\\/12\\\/46865.jpg\",\"datePublished\":\"2024-05-15T10:36:08+00:00\",\"dateModified\":\"2025-11-06T05:56:21+00:00\",\"description\":\"Shop Platinum Diamond Single Halo Engagement Ring. The ring is perfect for the woman who wants a timeless and elegant engagement ring.\",\"breadcrumb\":{\"@id\":\"https:\\\/\\\/www.purejewels.com\\\/product\\\/platinum-diamond-ring-46865\\\/#breadcrumb\"},\"inLanguage\":\"tr\",\"potentialAction\":[{\"@type\":\"ReadAction\",\"target\":[\"https:\\\/\\\/www.purejewels.com\\\/product\\\/platinum-diamond-ring-46865\\\/\"]}]},{\"@type\":\"ImageObject\",\"inLanguage\":\"tr\",\"@id\":\"https:\\\/\\\/www.purejewels.com\\\/product\\\/platinum-diamond-ring-46865\\\/#primaryimage\",\"url\":\"https:\\\/\\\/static.purejewels.com\\\/wp-content\\\/uploads\\\/2019\\\/12\\\/46865.jpg\",\"contentUrl\":\"https:\\\/\\\/static.purejewels.com\\\/wp-content\\\/uploads\\\/2019\\\/12\\\/46865.jpg\",\"caption\":\"Platinum Diamond Ring\"},{\"@type\":\"BreadcrumbList\",\"@id\":\"https:\\\/\\\/www.purejewels.com\\\/product\\\/platinum-diamond-ring-46865\\\/#breadcrumb\",\"itemListElement\":[{\"@type\":\"ListItem\",\"position\":1,\"name\":\"Home\",\"item\":\"https:\\\/\\\/www.purejewels.com\\\/\"},{\"@type\":\"ListItem\",\"position\":2,\"name\":\"Shop\",\"item\":\"https:\\\/\\\/www.purejewels.com\\\/shop\\\/\"},{\"@type\":\"ListItem\",\"position\":3,\"name\":\"Platinum Diamond Single Halo Engagement Ring\"}]},{\"@type\":\"WebSite\",\"@id\":\"https:\\\/\\\/www.purejewels.com\\\/#website\",\"url\":\"https:\\\/\\\/www.purejewels.com\\\/\",\"name\":\"PureJewels UK\",\"description\":\"Share the Love\",\"publisher\":{\"@id\":\"https:\\\/\\\/www.purejewels.com\\\/#organization\"},\"potentialAction\":[{\"@type\":\"SearchAction\",\"target\":{\"@type\":\"EntryPoint\",\"urlTemplate\":\"https:\\\/\\\/www.purejewels.com\\\/?s={search_term_string}\"},\"query-input\":{\"@type\":\"PropertyValueSpecification\",\"valueRequired\":true,\"valueName\":\"search_term_string\"}}],\"inLanguage\":\"tr\"},{\"@type\":\"Organization\",\"@id\":\"https:\\\/\\\/www.purejewels.com\\\/#organization\",\"name\":\"PureJewels UK\",\"url\":\"https:\\\/\\\/www.purejewels.com\\\/\",\"logo\":{\"@type\":\"ImageObject\",\"inLanguage\":\"tr\",\"@id\":\"https:\\\/\\\/www.purejewels.com\\\/#\\\/schema\\\/logo\\\/image\\\/\",\"url\":\"https:\\\/\\\/static.purejewels.com\\\/wp-content\\\/uploads\\\/2020\\\/11\\\/Logo-PJ-New-1.png\",\"contentUrl\":\"https:\\\/\\\/static.purejewels.com\\\/wp-content\\\/uploads\\\/2020\\\/11\\\/Logo-PJ-New-1.png\",\"width\":150,\"height\":80,\"caption\":\"PureJewels UK\"},\"image\":{\"@id\":\"https:\\\/\\\/www.purejewels.com\\\/#\\\/schema\\\/logo\\\/image\\\/\"}}]}<\/script>\n<!-- \/ Yoast SEO plugin. -->","yoast_head_json":{"title":"Platin P\u0131rlanta Tek Halo Ni\u015fan Y\u00fcz\u00fc\u011f\u00fc | PureJewels UK","description":"Platin P\u0131rlanta Tek Halo Ni\u015fan Y\u00fcz\u00fc\u011f\u00fc sat\u0131n al\u0131n. Bu y\u00fcz\u00fck, zamans\u0131z ve zarif bir ni\u015fan y\u00fcz\u00fc\u011f\u00fc isteyen kad\u0131nlar i\u00e7in m\u00fckemmeldir.","robots":{"index":"index","follow":"follow","max-snippet":"max-snippet:-1","max-image-preview":"max-image-preview:large","max-video-preview":"max-video-preview:-1"},"canonical":"https:\/\/www.purejewels.com\/tr\/urun\/platin-pirlanta-yuzuk-46865\/","og_locale":"tr_TR","og_type":"article","og_title":"Platinum Diamond Single Halo Engagement Ring | PureJewels UK","og_description":"Shop Platinum Diamond Single Halo Engagement Ring. The ring is perfect for the woman who wants a timeless and elegant engagement ring.","og_url":"https:\/\/www.purejewels.com\/tr\/urun\/platin-pirlanta-yuzuk-46865\/","og_site_name":"PureJewels UK","article_modified_time":"2025-11-06T05:56:21+00:00","og_image":[{"url":"https:\/\/www.purejewels.com\/wp-content\/uploads\/2019\/12\/46865.jpg","width":1,"height":1,"type":"image\/jpeg"}],"twitter_card":"summary_large_image","twitter_misc":{"Tahmini okuma s\u00fcresi":"1 dakika"},"schema":{"@context":"https:\/\/schema.org","@graph":[{"@type":["WebPage","ItemPage"],"@id":"https:\/\/www.purejewels.com\/product\/platinum-diamond-ring-46865\/","url":"https:\/\/www.purejewels.com\/product\/platinum-diamond-ring-46865\/","name":"Platin P\u0131rlanta Tek Halo Ni\u015fan Y\u00fcz\u00fc\u011f\u00fc | PureJewels UK","isPartOf":{"@id":"https:\/\/www.purejewels.com\/#website"},"primaryImageOfPage":{"@id":"https:\/\/www.purejewels.com\/product\/platinum-diamond-ring-46865\/#primaryimage"},"image":{"@id":"https:\/\/www.purejewels.com\/product\/platinum-diamond-ring-46865\/#primaryimage"},"thumbnailUrl":"https:\/\/static.purejewels.com\/wp-content\/uploads\/2019\/12\/46865.jpg","datePublished":"2024-05-15T10:36:08+00:00","dateModified":"2025-11-06T05:56:21+00:00","description":"Platin P\u0131rlanta Tek Halo Ni\u015fan Y\u00fcz\u00fc\u011f\u00fc sat\u0131n al\u0131n. Bu y\u00fcz\u00fck, zamans\u0131z ve zarif bir ni\u015fan y\u00fcz\u00fc\u011f\u00fc isteyen kad\u0131nlar i\u00e7in m\u00fckemmeldir.","breadcrumb":{"@id":"https:\/\/www.purejewels.com\/product\/platinum-diamond-ring-46865\/#breadcrumb"},"inLanguage":"tr","potentialAction":[{"@type":"ReadAction","target":["https:\/\/www.purejewels.com\/product\/platinum-diamond-ring-46865\/"]}]},{"@type":"ImageObject","inLanguage":"tr","@id":"https:\/\/www.purejewels.com\/product\/platinum-diamond-ring-46865\/#primaryimage","url":"https:\/\/static.purejewels.com\/wp-content\/uploads\/2019\/12\/46865.jpg","contentUrl":"https:\/\/static.purejewels.com\/wp-content\/uploads\/2019\/12\/46865.jpg","caption":"Platinum Diamond Ring"},{"@type":"BreadcrumbList","@id":"https:\/\/www.purejewels.com\/product\/platinum-diamond-ring-46865\/#breadcrumb","itemListElement":[{"@type":"ListItem","position":1,"name":"Home","item":"https:\/\/www.purejewels.com\/"},{"@type":"ListItem","position":2,"name":"Shop","item":"https:\/\/www.purejewels.com\/shop\/"},{"@type":"ListItem","position":3,"name":"Platinum Diamond Single Halo Engagement Ring"}]},{"@type":"WebSite","@id":"https:\/\/www.purejewels.com\/#website","url":"https:\/\/www.purejewels.com\/","name":"PureJewels \u0130ngiltere","description":"Sevgiyi Payla\u015f\u0131n","publisher":{"@id":"https:\/\/www.purejewels.com\/#organization"},"potentialAction":[{"@type":"SearchAction","target":{"@type":"EntryPoint","urlTemplate":"https:\/\/www.purejewels.com\/?s={search_term_string}"},"query-input":{"@type":"PropertyValueSpecification","valueRequired":true,"valueName":"search_term_string"}}],"inLanguage":"tr"},{"@type":"Organization","@id":"https:\/\/www.purejewels.com\/#organization","name":"PureJewels \u0130ngiltere","url":"https:\/\/www.purejewels.com\/","logo":{"@type":"ImageObject","inLanguage":"tr","@id":"https:\/\/www.purejewels.com\/#\/schema\/logo\/image\/","url":"https:\/\/static.purejewels.com\/wp-content\/uploads\/2020\/11\/Logo-PJ-New-1.png","contentUrl":"https:\/\/static.purejewels.com\/wp-content\/uploads\/2020\/11\/Logo-PJ-New-1.png","width":150,"height":80,"caption":"PureJewels UK"},"image":{"@id":"https:\/\/www.purejewels.com\/#\/schema\/logo\/image\/"}}]}},"_links":{"self":[{"href":"https:\/\/www.purejewels.com\/tr\/wp-json\/wp\/v2\/product\/312163","targetHints":{"allow":["GET"]}}],"collection":[{"href":"https:\/\/www.purejewels.com\/tr\/wp-json\/wp\/v2\/product"}],"about":[{"href":"https:\/\/www.purejewels.com\/tr\/wp-json\/wp\/v2\/types\/product"}],"replies":[{"embeddable":true,"href":"https:\/\/www.purejewels.com\/tr\/wp-json\/wp\/v2\/comments?post=312163"}],"version-history":[{"count":2,"href":"https:\/\/www.purejewels.com\/tr\/wp-json\/wp\/v2\/product\/312163\/revisions"}],"predecessor-version":[{"id":420298,"href":"https:\/\/www.purejewels.com\/tr\/wp-json\/wp\/v2\/product\/312163\/revisions\/420298"}],"wp:featuredmedia":[{"embeddable":true,"href":"https:\/\/www.purejewels.com\/tr\/wp-json\/wp\/v2\/media\/355161"}],"wp:attachment":[{"href":"https:\/\/www.purejewels.com\/tr\/wp-json\/wp\/v2\/media?parent=312163"}],"wp:term":[{"taxonomy":"product_brand","embeddable":true,"href":"https:\/\/www.purejewels.com\/tr\/wp-json\/wp\/v2\/product_brand?post=312163"},{"taxonomy":"product_cat","embeddable":true,"href":"https:\/\/www.purejewels.com\/tr\/wp-json\/wp\/v2\/product_cat?post=312163"},{"taxonomy":"product_tag","embeddable":true,"href":"https:\/\/www.purejewels.com\/tr\/wp-json\/wp\/v2\/product_tag?post=312163"}],"curies":[{"name":"wp","href":"https:\/\/api.w.org\/{rel}","templated":true}]}}