{"id":312166,"date":"2019-12-16T11:55:00","date_gmt":"2019-12-16T11:55:00","guid":{"rendered":"https:\/\/www.purejewels.com\/?post_type=product&#038;p=312166"},"modified":"2025-09-24T06:55:30","modified_gmt":"2025-09-24T05:55:30","slug":"plati%cc%87n-elmas-yuzuk-46870","status":"publish","type":"product","link":"https:\/\/www.purejewels.com\/tr\/product\/platinum-diamond-ring-46870\/","title":{"rendered":"Platin P\u0131rlanta Y\u00fcz\u00fck"},"content":{"rendered":"<p>Sonsuz a\u015fk gibi, p\u0131rlanta da sonsuza dek kal\u0131c\u0131d\u0131r; platin ise safl\u0131\u011f\u0131, g\u00fcc\u00fc ve ger\u00e7ek a\u015fk\u0131 simgeler. Ger\u00e7ek a\u015fk ba\u011f\u0131n\u0131za benzer \u015fekilde, platin nadir bulunur ve en zorlu zaman ve ko\u015fullarda bile parlakl\u0131\u011f\u0131n\u0131 ve g\u00fcc\u00fcn\u00fc korudu\u011fu i\u00e7in a\u015fk\u0131n sonsuz dayan\u0131kl\u0131l\u0131\u011f\u0131n\u0131 temsil eder. Bu <a href=\"https:\/\/www.purejewels.com\/tr\/product\/platinum-ring-with-diamond-43143\/\">plati\u0307n elmas y\u00fcz\u00fck<\/a> Purejewels taraf\u0131ndan tasarlanan bu y\u00fcz\u00fck, nadir ve l\u00fcks bir sanat hazinesi gibidir. Silueti, benzersiz sevgi ve birliktelik ba\u011f\u0131n\u0131zdan ilham al\u0131yor. Y\u00fcz\u00fck, t\u00fcm zamanlar\u0131n en se\u00e7kin metali olan Platin'den oyulmu\u015ftur. Tasar\u0131m, alyans\u0131n ortas\u0131na yerle\u015ftirilen ve daha k\u00fc\u00e7\u00fck boyutlu yemye\u015fil p\u0131rlantalarla \u00e7evrelenen p\u0131rlanta kesim bir elmasla ba\u015flar. Bu merkez bile\u015fen, estetik bir \u015fekilde tasarlanm\u0131\u015f ve i\u015flenmi\u015f bir bantla parma\u011f\u0131n\u0131 \u00e7evreleyecek \u015fekilde uzat\u0131lm\u0131\u015ft\u0131r.<\/p>\n<p>Kad\u0131nlar i\u00e7in bu \u00f6rnek platin p\u0131rlanta y\u00fcz\u00fck t\u00fcr\u00fcn\u00fcn tek \u00f6rne\u011fidir ve sevgilinizi \u00f6zel hissettirmek i\u00e7in sonsuz sevginin saf ba\u011f\u0131n\u0131n \u00f6z\u00fcd\u00fcr. Kullan\u0131lan metallerden ince elmaslara kadar her \u015fey etik kaynakl\u0131d\u0131r ve bu hediyeyi oldu\u011fundan daha da de\u011ferli ve d\u00fc\u015f\u00fcnceli k\u0131lar.<\/p>","protected":false},"excerpt":{"rendered":"<table>\n<tbody>\n<tr>\n<td>Y\u00fcz\u00fck Tipi<\/td>\n<td>\u00a0Bayan Y\u00fcz\u00fck<\/td>\n<\/tr>\n<tr>\n<td>SKU<\/td>\n<td>46870<\/td>\n<\/tr>\n<tr>\n<td>Y\u00fcz\u00fck \u00d6l\u00e7\u00fcs\u00fc<\/td>\n<td>K 1\/2<\/td>\n<\/tr>\n<tr>\n<td>Metal<\/td>\n<td>Platin<\/td>\n<\/tr>\n<tr>\n<td>Elmas A\u011f\u0131rl\u0131\u011f\u0131.<\/td>\n<td>0.85ct<\/td>\n<\/tr>\n<tr>\n<td>Cinsiyet<\/td>\n<td>Bayanlar<\/td>\n<\/tr>\n<tr>\n<td>\u00dccretler<\/td>\n<td>Teslimat ve KDV Dahil<\/td>\n<\/tr>\n<tr>\n<td>Paketleme<\/td>\n<td>Sunum Kutusu ile Birlikte Gelir<\/td>\n<\/tr>\n<tr>\n<td>Daha Fazla Bilgi<\/td>\n<td>M\u00fcsaitlik durumu ve daha fazla resim i\u00e7in bizimle canl\u0131 sohbet edin<\/td>\n<\/tr>\n<\/tbody>\n<\/table>","protected":false},"featured_media":355165,"comment_status":"closed","ping_status":"closed","template":"","meta":{"_eb_attr":"","_crsspst_to_jayantr4sg-hostcom":true},"product_brand":[],"product_cat":[5457,5460,231,6083,5350,6084,1573,226,1574],"product_tag":[],"class_list":{"0":"post-312166","1":"product","2":"type-product","3":"status-publish","4":"has-post-thumbnail","6":"product_cat-diamond-jewellery","7":"product_cat-diamond-ring","8":"product_cat-engagement-rings","9":"product_cat-platinum-jewellery-2","10":"product_cat-platinum-jewellery","11":"product_cat-platinum-ring","12":"product_cat-wedding-gifts","13":"product_cat-wedding-rings-bands","14":"product_cat-womens-jewellery","16":"first","17":"instock","18":"taxable","19":"shipping-taxable","20":"purchasable","21":"product-type-simple","22":"add-to-wishlist-before_image"},"yoast_head":"<!-- This site is optimized with the Yoast SEO plugin v27.6 - https:\/\/yoast.com\/product\/yoast-seo-wordpress\/ -->\n<title>Platinum Engagement Double Halo Ring with Pear center diamond<\/title>\n<meta name=\"description\" content=\"Dazzle her forever with our online Platinum Engagement Double Halo Ring. Order online and make her dreams come true!\" \/>\n<meta name=\"robots\" content=\"index, follow, max-snippet:-1, max-image-preview:large, max-video-preview:-1\" \/>\n<link rel=\"canonical\" href=\"https:\/\/www.purejewels.com\/tr\/urun\/plati\u0307n-elmas-yuzuk-46870\/\" \/>\n<meta property=\"og:locale\" content=\"tr_TR\" \/>\n<meta property=\"og:type\" content=\"article\" \/>\n<meta property=\"og:title\" content=\"Platinum Engagement Double Halo Ring with Pear center diamond\" \/>\n<meta property=\"og:description\" content=\"Dazzle her forever with our online Platinum Engagement Double Halo Ring. Order online and make her dreams come true!\" \/>\n<meta property=\"og:url\" content=\"https:\/\/www.purejewels.com\/tr\/urun\/plati\u0307n-elmas-yuzuk-46870\/\" \/>\n<meta property=\"og:site_name\" content=\"PureJewels UK\" \/>\n<meta property=\"article:modified_time\" content=\"2025-09-24T05:55:30+00:00\" \/>\n<meta property=\"og:image\" content=\"https:\/\/www.purejewels.com\/wp-content\/uploads\/2019\/12\/46870.jpg\" \/>\n\t<meta property=\"og:image:width\" content=\"1\" \/>\n\t<meta property=\"og:image:height\" content=\"1\" \/>\n\t<meta property=\"og:image:type\" content=\"image\/jpeg\" \/>\n<meta name=\"twitter:card\" content=\"summary_large_image\" \/>\n<meta name=\"twitter:label1\" content=\"Tahmini okuma s\u00fcresi\" \/>\n\t<meta name=\"twitter:data1\" content=\"1 dakika\" \/>\n<script type=\"application\/ld+json\" class=\"yoast-schema-graph\">{\"@context\":\"https:\\\/\\\/schema.org\",\"@graph\":[{\"@type\":[\"WebPage\",\"ItemPage\"],\"@id\":\"https:\\\/\\\/www.purejewels.com\\\/product\\\/platinum-diamond-ring-46870\\\/\",\"url\":\"https:\\\/\\\/www.purejewels.com\\\/product\\\/platinum-diamond-ring-46870\\\/\",\"name\":\"Platinum Engagement Double Halo Ring with Pear center diamond\",\"isPartOf\":{\"@id\":\"https:\\\/\\\/www.purejewels.com\\\/#website\"},\"primaryImageOfPage\":{\"@id\":\"https:\\\/\\\/www.purejewels.com\\\/product\\\/platinum-diamond-ring-46870\\\/#primaryimage\"},\"image\":{\"@id\":\"https:\\\/\\\/www.purejewels.com\\\/product\\\/platinum-diamond-ring-46870\\\/#primaryimage\"},\"thumbnailUrl\":\"https:\\\/\\\/static.purejewels.com\\\/wp-content\\\/uploads\\\/2019\\\/12\\\/46870.jpg\",\"datePublished\":\"2019-12-16T11:55:00+00:00\",\"dateModified\":\"2025-09-24T05:55:30+00:00\",\"description\":\"Dazzle her forever with our online Platinum Engagement Double Halo Ring. Order online and make her dreams come true!\",\"breadcrumb\":{\"@id\":\"https:\\\/\\\/www.purejewels.com\\\/product\\\/platinum-diamond-ring-46870\\\/#breadcrumb\"},\"inLanguage\":\"tr\",\"potentialAction\":[{\"@type\":\"ReadAction\",\"target\":[\"https:\\\/\\\/www.purejewels.com\\\/product\\\/platinum-diamond-ring-46870\\\/\"]}]},{\"@type\":\"ImageObject\",\"inLanguage\":\"tr\",\"@id\":\"https:\\\/\\\/www.purejewels.com\\\/product\\\/platinum-diamond-ring-46870\\\/#primaryimage\",\"url\":\"https:\\\/\\\/static.purejewels.com\\\/wp-content\\\/uploads\\\/2019\\\/12\\\/46870.jpg\",\"contentUrl\":\"https:\\\/\\\/static.purejewels.com\\\/wp-content\\\/uploads\\\/2019\\\/12\\\/46870.jpg\",\"caption\":\"Platinum Diamond Ring\"},{\"@type\":\"BreadcrumbList\",\"@id\":\"https:\\\/\\\/www.purejewels.com\\\/product\\\/platinum-diamond-ring-46870\\\/#breadcrumb\",\"itemListElement\":[{\"@type\":\"ListItem\",\"position\":1,\"name\":\"Home\",\"item\":\"https:\\\/\\\/www.purejewels.com\\\/\"},{\"@type\":\"ListItem\",\"position\":2,\"name\":\"Shop\",\"item\":\"https:\\\/\\\/www.purejewels.com\\\/shop\\\/\"},{\"@type\":\"ListItem\",\"position\":3,\"name\":\"Platinum Diamond Ring\"}]},{\"@type\":\"WebSite\",\"@id\":\"https:\\\/\\\/www.purejewels.com\\\/#website\",\"url\":\"https:\\\/\\\/www.purejewels.com\\\/\",\"name\":\"PureJewels UK\",\"description\":\"Share the Love\",\"publisher\":{\"@id\":\"https:\\\/\\\/www.purejewels.com\\\/#organization\"},\"potentialAction\":[{\"@type\":\"SearchAction\",\"target\":{\"@type\":\"EntryPoint\",\"urlTemplate\":\"https:\\\/\\\/www.purejewels.com\\\/?s={search_term_string}\"},\"query-input\":{\"@type\":\"PropertyValueSpecification\",\"valueRequired\":true,\"valueName\":\"search_term_string\"}}],\"inLanguage\":\"tr\"},{\"@type\":\"Organization\",\"@id\":\"https:\\\/\\\/www.purejewels.com\\\/#organization\",\"name\":\"PureJewels UK\",\"url\":\"https:\\\/\\\/www.purejewels.com\\\/\",\"logo\":{\"@type\":\"ImageObject\",\"inLanguage\":\"tr\",\"@id\":\"https:\\\/\\\/www.purejewels.com\\\/#\\\/schema\\\/logo\\\/image\\\/\",\"url\":\"https:\\\/\\\/static.purejewels.com\\\/wp-content\\\/uploads\\\/2020\\\/11\\\/Logo-PJ-New-1.png\",\"contentUrl\":\"https:\\\/\\\/static.purejewels.com\\\/wp-content\\\/uploads\\\/2020\\\/11\\\/Logo-PJ-New-1.png\",\"width\":150,\"height\":80,\"caption\":\"PureJewels UK\"},\"image\":{\"@id\":\"https:\\\/\\\/www.purejewels.com\\\/#\\\/schema\\\/logo\\\/image\\\/\"}}]}<\/script>\n<!-- \/ Yoast SEO plugin. -->","yoast_head_json":{"title":"Armut Merkez P\u0131rlantal\u0131 Platin Ni\u015fan \u0130kili Halo Y\u00fcz\u00fck","description":"Online Platin Ni\u015fan \u00c7ift Halo Y\u00fcz\u00fc\u011f\u00fcm\u00fczle onun g\u00f6zlerini sonsuza dek kama\u015ft\u0131r\u0131n. Online sipari\u015f verin ve onun hayallerini ger\u00e7ekle\u015ftirin!","robots":{"index":"index","follow":"follow","max-snippet":"max-snippet:-1","max-image-preview":"max-image-preview:large","max-video-preview":"max-video-preview:-1"},"canonical":"https:\/\/www.purejewels.com\/tr\/urun\/plati\u0307n-elmas-yuzuk-46870\/","og_locale":"tr_TR","og_type":"article","og_title":"Platinum Engagement Double Halo Ring with Pear center diamond","og_description":"Dazzle her forever with our online Platinum Engagement Double Halo Ring. Order online and make her dreams come true!","og_url":"https:\/\/www.purejewels.com\/tr\/urun\/plati\u0307n-elmas-yuzuk-46870\/","og_site_name":"PureJewels UK","article_modified_time":"2025-09-24T05:55:30+00:00","og_image":[{"url":"https:\/\/www.purejewels.com\/wp-content\/uploads\/2019\/12\/46870.jpg","width":1,"height":1,"type":"image\/jpeg"}],"twitter_card":"summary_large_image","twitter_misc":{"Tahmini okuma s\u00fcresi":"1 dakika"},"schema":{"@context":"https:\/\/schema.org","@graph":[{"@type":["WebPage","ItemPage"],"@id":"https:\/\/www.purejewels.com\/product\/platinum-diamond-ring-46870\/","url":"https:\/\/www.purejewels.com\/product\/platinum-diamond-ring-46870\/","name":"Armut Merkez P\u0131rlantal\u0131 Platin Ni\u015fan \u0130kili Halo Y\u00fcz\u00fck","isPartOf":{"@id":"https:\/\/www.purejewels.com\/#website"},"primaryImageOfPage":{"@id":"https:\/\/www.purejewels.com\/product\/platinum-diamond-ring-46870\/#primaryimage"},"image":{"@id":"https:\/\/www.purejewels.com\/product\/platinum-diamond-ring-46870\/#primaryimage"},"thumbnailUrl":"https:\/\/static.purejewels.com\/wp-content\/uploads\/2019\/12\/46870.jpg","datePublished":"2019-12-16T11:55:00+00:00","dateModified":"2025-09-24T05:55:30+00:00","description":"Online Platin Ni\u015fan \u00c7ift Halo Y\u00fcz\u00fc\u011f\u00fcm\u00fczle onun g\u00f6zlerini sonsuza dek kama\u015ft\u0131r\u0131n. Online sipari\u015f verin ve onun hayallerini ger\u00e7ekle\u015ftirin!","breadcrumb":{"@id":"https:\/\/www.purejewels.com\/product\/platinum-diamond-ring-46870\/#breadcrumb"},"inLanguage":"tr","potentialAction":[{"@type":"ReadAction","target":["https:\/\/www.purejewels.com\/product\/platinum-diamond-ring-46870\/"]}]},{"@type":"ImageObject","inLanguage":"tr","@id":"https:\/\/www.purejewels.com\/product\/platinum-diamond-ring-46870\/#primaryimage","url":"https:\/\/static.purejewels.com\/wp-content\/uploads\/2019\/12\/46870.jpg","contentUrl":"https:\/\/static.purejewels.com\/wp-content\/uploads\/2019\/12\/46870.jpg","caption":"Platinum Diamond Ring"},{"@type":"BreadcrumbList","@id":"https:\/\/www.purejewels.com\/product\/platinum-diamond-ring-46870\/#breadcrumb","itemListElement":[{"@type":"ListItem","position":1,"name":"Home","item":"https:\/\/www.purejewels.com\/"},{"@type":"ListItem","position":2,"name":"Shop","item":"https:\/\/www.purejewels.com\/shop\/"},{"@type":"ListItem","position":3,"name":"Platinum Diamond Ring"}]},{"@type":"WebSite","@id":"https:\/\/www.purejewels.com\/#website","url":"https:\/\/www.purejewels.com\/","name":"PureJewels \u0130ngiltere","description":"Sevgiyi Payla\u015f\u0131n","publisher":{"@id":"https:\/\/www.purejewels.com\/#organization"},"potentialAction":[{"@type":"SearchAction","target":{"@type":"EntryPoint","urlTemplate":"https:\/\/www.purejewels.com\/?s={search_term_string}"},"query-input":{"@type":"PropertyValueSpecification","valueRequired":true,"valueName":"search_term_string"}}],"inLanguage":"tr"},{"@type":"Organization","@id":"https:\/\/www.purejewels.com\/#organization","name":"PureJewels \u0130ngiltere","url":"https:\/\/www.purejewels.com\/","logo":{"@type":"ImageObject","inLanguage":"tr","@id":"https:\/\/www.purejewels.com\/#\/schema\/logo\/image\/","url":"https:\/\/static.purejewels.com\/wp-content\/uploads\/2020\/11\/Logo-PJ-New-1.png","contentUrl":"https:\/\/static.purejewels.com\/wp-content\/uploads\/2020\/11\/Logo-PJ-New-1.png","width":150,"height":80,"caption":"PureJewels UK"},"image":{"@id":"https:\/\/www.purejewels.com\/#\/schema\/logo\/image\/"}}]}},"_links":{"self":[{"href":"https:\/\/www.purejewels.com\/tr\/wp-json\/wp\/v2\/product\/312166","targetHints":{"allow":["GET"]}}],"collection":[{"href":"https:\/\/www.purejewels.com\/tr\/wp-json\/wp\/v2\/product"}],"about":[{"href":"https:\/\/www.purejewels.com\/tr\/wp-json\/wp\/v2\/types\/product"}],"replies":[{"embeddable":true,"href":"https:\/\/www.purejewels.com\/tr\/wp-json\/wp\/v2\/comments?post=312166"}],"version-history":[{"count":1,"href":"https:\/\/www.purejewels.com\/tr\/wp-json\/wp\/v2\/product\/312166\/revisions"}],"predecessor-version":[{"id":392959,"href":"https:\/\/www.purejewels.com\/tr\/wp-json\/wp\/v2\/product\/312166\/revisions\/392959"}],"wp:featuredmedia":[{"embeddable":true,"href":"https:\/\/www.purejewels.com\/tr\/wp-json\/wp\/v2\/media\/355165"}],"wp:attachment":[{"href":"https:\/\/www.purejewels.com\/tr\/wp-json\/wp\/v2\/media?parent=312166"}],"wp:term":[{"taxonomy":"product_brand","embeddable":true,"href":"https:\/\/www.purejewels.com\/tr\/wp-json\/wp\/v2\/product_brand?post=312166"},{"taxonomy":"product_cat","embeddable":true,"href":"https:\/\/www.purejewels.com\/tr\/wp-json\/wp\/v2\/product_cat?post=312166"},{"taxonomy":"product_tag","embeddable":true,"href":"https:\/\/www.purejewels.com\/tr\/wp-json\/wp\/v2\/product_tag?post=312166"}],"curies":[{"name":"wp","href":"https:\/\/api.w.org\/{rel}","templated":true}]}}