{"id":312342,"date":"2020-02-03T10:01:15","date_gmt":"2020-02-03T10:01:15","guid":{"rendered":"https:\/\/www.purejewels.com\/?post_type=product&#038;p=312342"},"modified":"2026-01-19T08:49:32","modified_gmt":"2026-01-19T08:49:32","slug":"22-ayar-cz-tasli-bali-kupe-32266","status":"publish","type":"product","link":"https:\/\/www.purejewels.com\/tr\/product\/22ct-cz-stone-bali-earring-32266\/","title":{"rendered":"22 Ayar Alt\u0131n CZ \u00c7ok S\u0131ral\u0131 Huggie Halka K\u00fcpe"},"content":{"rendered":"<p>Tasar\u0131m<\/p>\n<p>Bu huggie hoop <a href=\"https:\/\/www.purejewels.com\/tr\/product-category\/22ct-gold-jewellery\/gold-earrings\/\">K\u00fcpeler<\/a> geni\u015f profili ve derinlik ve parlakl\u0131k yaratan katmanl\u0131 k\u00fcbik zirkonya s\u0131ralar\u0131 ile tan\u0131mlan\u0131r. Yap\u0131land\u0131r\u0131lm\u0131\u015f form kendinden emin, \u00e7a\u011fda\u015f bir kenar kazand\u0131r\u0131rken, yak\u0131n yerle\u015ftirilmi\u015f ta\u015flar y\u00fczey boyunca s\u00fcrekli \u0131\u015f\u0131lt\u0131 katar. Dengeli ve etkileyici tasar\u0131m, a\u015f\u0131r\u0131l\u0131\u011fa ka\u00e7madan ifade cazibesi sunar.<\/p>\n<p>Zanaatkarl\u0131k<\/p>\n<p>Parlak 22 ayar alt\u0131ndan el i\u015f\u00e7ili\u011fiyle \u00fcretilen her bir k\u00fcpe, p\u00fcr\u00fczs\u00fcz kenarlar ve rahat kullan\u0131m i\u00e7in g\u00fcvenli bir mente\u015feli kapan\u0131\u015f sa\u011flamak \u00fczere \u00f6zenle tamamlanm\u0131\u015ft\u0131r. K\u00fcbik zirkonya, hizalama, dayan\u0131kl\u0131l\u0131k ve tutarl\u0131 \u0131\u015f\u0131lt\u0131y\u0131 korumak i\u00e7in hassas bir \u015fekilde ayarlanm\u0131\u015ft\u0131r. Her bir \u00e7ift, PureJewels'in kalite, \u00f6zg\u00fcnl\u00fck ve kal\u0131c\u0131 i\u015f\u00e7ili\u011fe olan ba\u011fl\u0131l\u0131\u011f\u0131n\u0131 yans\u0131tan safl\u0131k sertifikas\u0131 i\u00e7in \u0130ngiltere'de damgalanm\u0131\u015ft\u0131r.<\/p>\n<p>\u015eekillendirme &amp; Hediyele\u015fme<\/p>\n<p>Hem g\u00fcnl\u00fck hem de gece g\u00f6r\u00fcn\u00fcm\u00fcn\u00fc y\u00fckseltmek i\u00e7in tasarlanan bu k\u00fcpeler, tek ba\u015f\u0131na tak\u0131ld\u0131\u011f\u0131nda veya minimal tak\u0131larla e\u015fle\u015ftirildi\u011finde \u00e7arp\u0131c\u0131 bir ifade yarat\u0131r. Kutlamalar, bayram g\u00fcnleri ve d\u00f6n\u00fcm noktas\u0131 hediyeleri i\u00e7in ideal olan bu k\u00fcpeler, rafine detaylara sahip cesur alt\u0131n\u0131 takdir edenler i\u00e7in kendinden emin bir se\u00e7imdir.<\/p>","protected":false},"excerpt":{"rendered":"<ul>\n<li>22 Ayar Alt\u0131n CZ Ta\u015fl\u0131 K\u00fcpe \u0130ngiltere<\/li>\n<li>A\u011f\u0131rl\u0131k 4.2 g<\/li>\n<li>SKU. 32266<\/li>\n<li>T\u00fcm fiyatlara KDV dahildir<\/li>\n<li>Londra Tahlil Ofisi Taraf\u0131ndan Damgalanm\u0131\u015f 22 Ayar Alt\u0131n<\/li>\n<li>Sunum Kutusu ile Birlikte Gelir<\/li>\n<li>Teslimat Dahil<\/li>\n<li>Stok durumu ve stokta bulunan benzer tasar\u0131mlar\u0131n daha fazla g\u00f6r\u00fcnt\u00fcs\u00fc i\u00e7in bizimle canl\u0131 sohbet edin<\/li>\n<\/ul>","protected":false},"featured_media":314842,"comment_status":"closed","ping_status":"closed","template":"","meta":{"_eb_attr":"","_crsspst_to_jayantr4sg-hostcom":false},"product_brand":[],"product_cat":[1482],"product_tag":[],"class_list":{"0":"post-312342","1":"product","2":"type-product","3":"status-publish","4":"has-post-thumbnail","6":"product_cat-uncategorized","8":"first","9":"outofstock","10":"taxable","11":"shipping-taxable","12":"product-type-simple","13":"add-to-wishlist-before_image"},"yoast_head":"<!-- This site is optimized with the Yoast SEO plugin v27.3 - https:\/\/yoast.com\/product\/yoast-seo-wordpress\/ -->\n<title>22ct Gold CZ Multi Row Huggie Hoops | Statement Earrings<\/title>\n<meta name=\"description\" content=\"Discover these 22ct gold multi row huggie hoop earrings, set with sparkling cubic zirconia for a bold yet refined finish. Designed for confident everyday and occasion wear.\" \/>\n<meta name=\"robots\" content=\"index, follow, max-snippet:-1, max-image-preview:large, max-video-preview:-1\" \/>\n<link rel=\"canonical\" href=\"https:\/\/www.purejewels.com\/tr\/urun\/22-ayar-cz-tasli-bali-kupe-32266\/\" \/>\n<meta property=\"og:locale\" content=\"tr_TR\" \/>\n<meta property=\"og:type\" content=\"article\" \/>\n<meta property=\"og:title\" content=\"22ct Gold CZ Multi Row Huggie Hoops | Statement Earrings\" \/>\n<meta property=\"og:description\" content=\"Discover these 22ct gold multi row huggie hoop earrings, set with sparkling cubic zirconia for a bold yet refined finish. Designed for confident everyday and occasion wear.\" \/>\n<meta property=\"og:url\" content=\"https:\/\/www.purejewels.com\/tr\/urun\/22-ayar-cz-tasli-bali-kupe-32266\/\" \/>\n<meta property=\"og:site_name\" content=\"PureJewels UK\" \/>\n<meta property=\"article:modified_time\" content=\"2026-01-19T08:49:32+00:00\" \/>\n<meta property=\"og:image\" content=\"https:\/\/static.purejewels.com\/wp-content\/uploads\/2020\/02\/32268.jpg\" \/>\n\t<meta property=\"og:image:width\" content=\"450\" \/>\n\t<meta property=\"og:image:height\" content=\"450\" \/>\n\t<meta property=\"og:image:type\" content=\"image\/jpeg\" \/>\n<meta name=\"twitter:card\" content=\"summary_large_image\" \/>\n<meta name=\"twitter:label1\" content=\"Tahmini okuma s\u00fcresi\" \/>\n\t<meta name=\"twitter:data1\" content=\"1 dakika\" \/>\n<script type=\"application\/ld+json\" class=\"yoast-schema-graph\">{\"@context\":\"https:\\\/\\\/schema.org\",\"@graph\":[{\"@type\":[\"WebPage\",\"ItemPage\"],\"@id\":\"https:\\\/\\\/www.purejewels.com\\\/product\\\/22ct-cz-stone-bali-earring-32266\\\/\",\"url\":\"https:\\\/\\\/www.purejewels.com\\\/product\\\/22ct-cz-stone-bali-earring-32266\\\/\",\"name\":\"22ct Gold CZ Multi Row Huggie Hoops | Statement Earrings\",\"isPartOf\":{\"@id\":\"https:\\\/\\\/www.purejewels.com\\\/#website\"},\"primaryImageOfPage\":{\"@id\":\"https:\\\/\\\/www.purejewels.com\\\/product\\\/22ct-cz-stone-bali-earring-32266\\\/#primaryimage\"},\"image\":{\"@id\":\"https:\\\/\\\/www.purejewels.com\\\/product\\\/22ct-cz-stone-bali-earring-32266\\\/#primaryimage\"},\"thumbnailUrl\":\"https:\\\/\\\/static.purejewels.com\\\/wp-content\\\/uploads\\\/2020\\\/02\\\/32268.jpg\",\"datePublished\":\"2020-02-03T10:01:15+00:00\",\"dateModified\":\"2026-01-19T08:49:32+00:00\",\"description\":\"Discover these 22ct gold multi row huggie hoop earrings, set with sparkling cubic zirconia for a bold yet refined finish. Designed for confident everyday and occasion wear.\",\"breadcrumb\":{\"@id\":\"https:\\\/\\\/www.purejewels.com\\\/product\\\/22ct-cz-stone-bali-earring-32266\\\/#breadcrumb\"},\"inLanguage\":\"tr\",\"potentialAction\":[{\"@type\":\"ReadAction\",\"target\":[\"https:\\\/\\\/www.purejewels.com\\\/product\\\/22ct-cz-stone-bali-earring-32266\\\/\"]}]},{\"@type\":\"ImageObject\",\"inLanguage\":\"tr\",\"@id\":\"https:\\\/\\\/www.purejewels.com\\\/product\\\/22ct-cz-stone-bali-earring-32266\\\/#primaryimage\",\"url\":\"https:\\\/\\\/static.purejewels.com\\\/wp-content\\\/uploads\\\/2020\\\/02\\\/32268.jpg\",\"contentUrl\":\"https:\\\/\\\/static.purejewels.com\\\/wp-content\\\/uploads\\\/2020\\\/02\\\/32268.jpg\",\"width\":450,\"height\":450},{\"@type\":\"BreadcrumbList\",\"@id\":\"https:\\\/\\\/www.purejewels.com\\\/product\\\/22ct-cz-stone-bali-earring-32266\\\/#breadcrumb\",\"itemListElement\":[{\"@type\":\"ListItem\",\"position\":1,\"name\":\"Home\",\"item\":\"https:\\\/\\\/www.purejewels.com\\\/\"},{\"@type\":\"ListItem\",\"position\":2,\"name\":\"Shop\",\"item\":\"https:\\\/\\\/www.purejewels.com\\\/shop\\\/\"},{\"@type\":\"ListItem\",\"position\":3,\"name\":\"22ct Gold CZ Multi Row Huggie Hoop Earrings\"}]},{\"@type\":\"WebSite\",\"@id\":\"https:\\\/\\\/www.purejewels.com\\\/#website\",\"url\":\"https:\\\/\\\/www.purejewels.com\\\/\",\"name\":\"PureJewels UK\",\"description\":\"Share the Love\",\"publisher\":{\"@id\":\"https:\\\/\\\/www.purejewels.com\\\/#organization\"},\"potentialAction\":[{\"@type\":\"SearchAction\",\"target\":{\"@type\":\"EntryPoint\",\"urlTemplate\":\"https:\\\/\\\/www.purejewels.com\\\/?s={search_term_string}\"},\"query-input\":{\"@type\":\"PropertyValueSpecification\",\"valueRequired\":true,\"valueName\":\"search_term_string\"}}],\"inLanguage\":\"tr\"},{\"@type\":\"Organization\",\"@id\":\"https:\\\/\\\/www.purejewels.com\\\/#organization\",\"name\":\"PureJewels UK\",\"url\":\"https:\\\/\\\/www.purejewels.com\\\/\",\"logo\":{\"@type\":\"ImageObject\",\"inLanguage\":\"tr\",\"@id\":\"https:\\\/\\\/www.purejewels.com\\\/#\\\/schema\\\/logo\\\/image\\\/\",\"url\":\"https:\\\/\\\/static.purejewels.com\\\/wp-content\\\/uploads\\\/2020\\\/11\\\/Logo-PJ-New-1.png\",\"contentUrl\":\"https:\\\/\\\/static.purejewels.com\\\/wp-content\\\/uploads\\\/2020\\\/11\\\/Logo-PJ-New-1.png\",\"width\":150,\"height\":80,\"caption\":\"PureJewels UK\"},\"image\":{\"@id\":\"https:\\\/\\\/www.purejewels.com\\\/#\\\/schema\\\/logo\\\/image\\\/\"}}]}<\/script>\n<!-- \/ Yoast SEO plugin. -->","yoast_head_json":{"title":"22 Ayar Alt\u0131n CZ \u00c7ok S\u0131ral\u0131 Huggie Hoops | Statement K\u00fcpe","description":"Cesur ama zarif bir g\u00f6r\u00fcn\u00fcm i\u00e7in \u0131\u015f\u0131lt\u0131l\u0131 k\u00fcbik zirkon ta\u015flarla s\u00fcslenmi\u015f bu 22 ayar alt\u0131n \u00e7ok s\u0131ral\u0131 halka k\u00fcpeleri ke\u015ffedin. Kendinden emin g\u00fcnl\u00fck ve \u00f6zel g\u00fcnler i\u00e7in tasarlanm\u0131\u015ft\u0131r.","robots":{"index":"index","follow":"follow","max-snippet":"max-snippet:-1","max-image-preview":"max-image-preview:large","max-video-preview":"max-video-preview:-1"},"canonical":"https:\/\/www.purejewels.com\/tr\/urun\/22-ayar-cz-tasli-bali-kupe-32266\/","og_locale":"tr_TR","og_type":"article","og_title":"22ct Gold CZ Multi Row Huggie Hoops | Statement Earrings","og_description":"Discover these 22ct gold multi row huggie hoop earrings, set with sparkling cubic zirconia for a bold yet refined finish. Designed for confident everyday and occasion wear.","og_url":"https:\/\/www.purejewels.com\/tr\/urun\/22-ayar-cz-tasli-bali-kupe-32266\/","og_site_name":"PureJewels UK","article_modified_time":"2026-01-19T08:49:32+00:00","og_image":[{"width":450,"height":450,"url":"https:\/\/static.purejewels.com\/wp-content\/uploads\/2020\/02\/32268.jpg","type":"image\/jpeg"}],"twitter_card":"summary_large_image","twitter_misc":{"Tahmini okuma s\u00fcresi":"1 dakika"},"schema":{"@context":"https:\/\/schema.org","@graph":[{"@type":["WebPage","ItemPage"],"@id":"https:\/\/www.purejewels.com\/product\/22ct-cz-stone-bali-earring-32266\/","url":"https:\/\/www.purejewels.com\/product\/22ct-cz-stone-bali-earring-32266\/","name":"22 Ayar Alt\u0131n CZ \u00c7ok S\u0131ral\u0131 Huggie Hoops | Statement K\u00fcpe","isPartOf":{"@id":"https:\/\/www.purejewels.com\/#website"},"primaryImageOfPage":{"@id":"https:\/\/www.purejewels.com\/product\/22ct-cz-stone-bali-earring-32266\/#primaryimage"},"image":{"@id":"https:\/\/www.purejewels.com\/product\/22ct-cz-stone-bali-earring-32266\/#primaryimage"},"thumbnailUrl":"https:\/\/static.purejewels.com\/wp-content\/uploads\/2020\/02\/32268.jpg","datePublished":"2020-02-03T10:01:15+00:00","dateModified":"2026-01-19T08:49:32+00:00","description":"Cesur ama zarif bir g\u00f6r\u00fcn\u00fcm i\u00e7in \u0131\u015f\u0131lt\u0131l\u0131 k\u00fcbik zirkon ta\u015flarla s\u00fcslenmi\u015f bu 22 ayar alt\u0131n \u00e7ok s\u0131ral\u0131 halka k\u00fcpeleri ke\u015ffedin. Kendinden emin g\u00fcnl\u00fck ve \u00f6zel g\u00fcnler i\u00e7in tasarlanm\u0131\u015ft\u0131r.","breadcrumb":{"@id":"https:\/\/www.purejewels.com\/product\/22ct-cz-stone-bali-earring-32266\/#breadcrumb"},"inLanguage":"tr","potentialAction":[{"@type":"ReadAction","target":["https:\/\/www.purejewels.com\/product\/22ct-cz-stone-bali-earring-32266\/"]}]},{"@type":"ImageObject","inLanguage":"tr","@id":"https:\/\/www.purejewels.com\/product\/22ct-cz-stone-bali-earring-32266\/#primaryimage","url":"https:\/\/static.purejewels.com\/wp-content\/uploads\/2020\/02\/32268.jpg","contentUrl":"https:\/\/static.purejewels.com\/wp-content\/uploads\/2020\/02\/32268.jpg","width":450,"height":450},{"@type":"BreadcrumbList","@id":"https:\/\/www.purejewels.com\/product\/22ct-cz-stone-bali-earring-32266\/#breadcrumb","itemListElement":[{"@type":"ListItem","position":1,"name":"Home","item":"https:\/\/www.purejewels.com\/"},{"@type":"ListItem","position":2,"name":"Shop","item":"https:\/\/www.purejewels.com\/shop\/"},{"@type":"ListItem","position":3,"name":"22ct Gold CZ Multi Row Huggie Hoop Earrings"}]},{"@type":"WebSite","@id":"https:\/\/www.purejewels.com\/#website","url":"https:\/\/www.purejewels.com\/","name":"PureJewels \u0130ngiltere","description":"Sevgiyi Payla\u015f\u0131n","publisher":{"@id":"https:\/\/www.purejewels.com\/#organization"},"potentialAction":[{"@type":"SearchAction","target":{"@type":"EntryPoint","urlTemplate":"https:\/\/www.purejewels.com\/?s={search_term_string}"},"query-input":{"@type":"PropertyValueSpecification","valueRequired":true,"valueName":"search_term_string"}}],"inLanguage":"tr"},{"@type":"Organization","@id":"https:\/\/www.purejewels.com\/#organization","name":"PureJewels \u0130ngiltere","url":"https:\/\/www.purejewels.com\/","logo":{"@type":"ImageObject","inLanguage":"tr","@id":"https:\/\/www.purejewels.com\/#\/schema\/logo\/image\/","url":"https:\/\/static.purejewels.com\/wp-content\/uploads\/2020\/11\/Logo-PJ-New-1.png","contentUrl":"https:\/\/static.purejewels.com\/wp-content\/uploads\/2020\/11\/Logo-PJ-New-1.png","width":150,"height":80,"caption":"PureJewels UK"},"image":{"@id":"https:\/\/www.purejewels.com\/#\/schema\/logo\/image\/"}}]}},"_links":{"self":[{"href":"https:\/\/www.purejewels.com\/tr\/wp-json\/wp\/v2\/product\/312342","targetHints":{"allow":["GET"]}}],"collection":[{"href":"https:\/\/www.purejewels.com\/tr\/wp-json\/wp\/v2\/product"}],"about":[{"href":"https:\/\/www.purejewels.com\/tr\/wp-json\/wp\/v2\/types\/product"}],"replies":[{"embeddable":true,"href":"https:\/\/www.purejewels.com\/tr\/wp-json\/wp\/v2\/comments?post=312342"}],"version-history":[{"count":2,"href":"https:\/\/www.purejewels.com\/tr\/wp-json\/wp\/v2\/product\/312342\/revisions"}],"predecessor-version":[{"id":424994,"href":"https:\/\/www.purejewels.com\/tr\/wp-json\/wp\/v2\/product\/312342\/revisions\/424994"}],"wp:featuredmedia":[{"embeddable":true,"href":"https:\/\/www.purejewels.com\/tr\/wp-json\/wp\/v2\/media\/314842"}],"wp:attachment":[{"href":"https:\/\/www.purejewels.com\/tr\/wp-json\/wp\/v2\/media?parent=312342"}],"wp:term":[{"taxonomy":"product_brand","embeddable":true,"href":"https:\/\/www.purejewels.com\/tr\/wp-json\/wp\/v2\/product_brand?post=312342"},{"taxonomy":"product_cat","embeddable":true,"href":"https:\/\/www.purejewels.com\/tr\/wp-json\/wp\/v2\/product_cat?post=312342"},{"taxonomy":"product_tag","embeddable":true,"href":"https:\/\/www.purejewels.com\/tr\/wp-json\/wp\/v2\/product_tag?post=312342"}],"curies":[{"name":"wp","href":"https:\/\/api.w.org\/{rel}","templated":true}]}}