{"id":312343,"date":"2020-01-17T08:53:41","date_gmt":"2020-01-17T08:53:41","guid":{"rendered":"https:\/\/www.purejewels.com\/?post_type=product&#038;p=312343"},"modified":"2025-12-05T07:08:02","modified_gmt":"2025-12-05T07:08:02","slug":"22-ayar-altin-cz-kupe-10","status":"publish","type":"product","link":"https:\/\/www.purejewels.com\/tr\/product\/22ct-gold-cz-earrings-10\/","title":{"rendered":"22 ayar alt\u0131n yar\u0131m pav\u00e9 halka k\u00fcpeler"},"content":{"rendered":"<p>Bunlar <a href=\"https:\/\/www.purejewels.com\/tr\/product\/22ct-gold-jali-filigree-ring-jali-collection-31926\/\">22ct<\/a> Alt\u0131n Yar\u0131m Pave <a href=\"https:\/\/www.purejewels.com\/tr\/product\/22kt-gold-daily-wear-hoop-earring-41670\/\">Halka K\u00fcpeler<\/a> Her g\u00fcn i\u00e7in zarif bir \u0131\u015f\u0131lt\u0131 sunar. \u00d6zenle yerle\u015ftirilmi\u015f k\u00fcbik zirkon ta\u015flar\u0131, her bir halkan\u0131n \u00f6n k\u0131sm\u0131n\u0131 ayd\u0131nlatarak hareket ettik\u00e7e yumu\u015fak ve zarif bir \u0131\u015f\u0131lt\u0131 yarat\u0131r. \u0130nce kavisli profilleri, her duruma uygun temiz ve modern bir g\u00f6r\u00fcn\u00fcm sa\u011flar.<\/p>\n<p>Zengin 22 ayar alt\u0131ndan \u00fcretilen ve ustaca parlak bir cilaya sahip olan bu k\u00fcpeler, hem g\u00fczelli\u011fi hem de kaliteyi yans\u0131t\u0131yor. Her bir \u00e7ift, alt\u0131n\u0131n safl\u0131\u011f\u0131n\u0131 ve orijinalli\u011fini do\u011frulayan Birle\u015fik Krall\u0131k'ta ba\u011f\u0131ms\u0131z olarak damgalanm\u0131\u015ft\u0131r, b\u00f6ylece g\u00fcvenle takabilirsiniz. G\u00fcvenli mente\u015feli toka, g\u00fcn boyu rahat ve kolay kullan\u0131m sa\u011flar.<\/p>\n<p>Hediye etmek veya kendinizi \u015f\u0131martmak i\u00e7in m\u00fckemmel olan bu k\u00fcpeler, hem g\u00fcndelik hem de \u015f\u0131k k\u0131yafetlere sade bir \u015f\u0131kl\u0131k katar. Minimalist bir \u0131\u015f\u0131lt\u0131 i\u00e7in tek ba\u015f\u0131na tak\u0131n veya di\u011fer k\u00fcpeler ve saplamalarla birlikte takarak ki\u015fiselle\u015ftirilmi\u015f katmanl\u0131 bir g\u00f6r\u00fcn\u00fcm elde edin.<\/p>","protected":false},"excerpt":{"rendered":"<ul>\n<li>22 Ayar Alt\u0131n CZ Halka K\u00fcpe \u0130ngiltere<\/li>\n<li>A\u011f\u0131rl\u0131k 1.4 g<\/li>\n<li>SKU. 32284<\/li>\n<li>T\u00fcm fiyatlara KDV dahildir<\/li>\n<li>Londra Tahlil Ofisi Taraf\u0131ndan Damgalanm\u0131\u015f 22 Ayar Alt\u0131n<\/li>\n<li>Sunum Kutusu ile Birlikte Gelir<\/li>\n<li>Teslimat Dahil<\/li>\n<li>\u015eu anda stokta bulunan \u00c7ocuk Halka K\u00fcpe tasar\u0131mlar\u0131n\u0131n mevcudiyeti ve daha fazla g\u00f6rsel i\u00e7in bizimle canl\u0131 sohbet edin<\/li>\n<\/ul>","protected":false},"featured_media":312488,"comment_status":"closed","ping_status":"closed","template":"","meta":{"_eb_attr":"","_crsspst_to_jayantr4sg-hostcom":false},"product_brand":[],"product_cat":[1559,1579,1569,1573,1574],"product_tag":[],"class_list":{"0":"post-312343","1":"product","2":"type-product","3":"status-publish","4":"has-post-thumbnail","6":"product_cat-birthday-gifts","7":"product_cat-hoop-earrings","8":"product_cat-valentine-day-gifts","9":"product_cat-wedding-gifts","10":"product_cat-womens-jewellery","12":"first","13":"outofstock","14":"taxable","15":"shipping-taxable","16":"product-type-simple","17":"add-to-wishlist-before_image"},"yoast_head":"<!-- This site is optimized with the Yoast SEO plugin v27.3 - https:\/\/yoast.com\/product\/yoast-seo-wordpress\/ -->\n<title>22ct Gold Half-Pave Hoop Earrings | PureJewels UK | Buy Online<\/title>\n<meta name=\"description\" content=\"Shop 22ct Gold Half-Pave Hoop Earrings at PureJewels UK. Featuring a fine line of brilliant cubic zirconia these slim gold hoops are designed for effortless everyday elegance.\" \/>\n<meta name=\"robots\" content=\"index, follow, max-snippet:-1, max-image-preview:large, max-video-preview:-1\" \/>\n<link rel=\"canonical\" href=\"https:\/\/www.purejewels.com\/tr\/urun\/22-ayar-altin-cz-kupe-10\/\" \/>\n<meta property=\"og:locale\" content=\"tr_TR\" \/>\n<meta property=\"og:type\" content=\"article\" \/>\n<meta property=\"og:title\" content=\"22ct Gold Half-Pave Hoop Earrings | PureJewels UK | Buy Online\" \/>\n<meta property=\"og:description\" content=\"Shop 22ct Gold Half-Pave Hoop Earrings at PureJewels UK. Featuring a fine line of brilliant cubic zirconia these slim gold hoops are designed for effortless everyday elegance.\" \/>\n<meta property=\"og:url\" content=\"https:\/\/www.purejewels.com\/tr\/urun\/22-ayar-altin-cz-kupe-10\/\" \/>\n<meta property=\"og:site_name\" content=\"PureJewels UK\" \/>\n<meta property=\"article:modified_time\" content=\"2025-12-05T07:08:02+00:00\" \/>\n<meta property=\"og:image\" content=\"https:\/\/static.purejewels.com\/wp-content\/uploads\/2020\/01\/32284-1.jpg\" \/>\n\t<meta property=\"og:image:width\" content=\"1000\" \/>\n\t<meta property=\"og:image:height\" content=\"1000\" \/>\n\t<meta property=\"og:image:type\" content=\"image\/jpeg\" \/>\n<meta name=\"twitter:card\" content=\"summary_large_image\" \/>\n<meta name=\"twitter:label1\" content=\"Tahmini okuma s\u00fcresi\" \/>\n\t<meta name=\"twitter:data1\" content=\"1 dakika\" \/>\n<script type=\"application\/ld+json\" class=\"yoast-schema-graph\">{\"@context\":\"https:\\\/\\\/schema.org\",\"@graph\":[{\"@type\":[\"WebPage\",\"ItemPage\"],\"@id\":\"https:\\\/\\\/www.purejewels.com\\\/product\\\/22ct-gold-cz-earrings-10\\\/\",\"url\":\"https:\\\/\\\/www.purejewels.com\\\/product\\\/22ct-gold-cz-earrings-10\\\/\",\"name\":\"22ct Gold Half-Pave Hoop Earrings | PureJewels UK | Buy Online\",\"isPartOf\":{\"@id\":\"https:\\\/\\\/www.purejewels.com\\\/#website\"},\"primaryImageOfPage\":{\"@id\":\"https:\\\/\\\/www.purejewels.com\\\/product\\\/22ct-gold-cz-earrings-10\\\/#primaryimage\"},\"image\":{\"@id\":\"https:\\\/\\\/www.purejewels.com\\\/product\\\/22ct-gold-cz-earrings-10\\\/#primaryimage\"},\"thumbnailUrl\":\"https:\\\/\\\/static.purejewels.com\\\/wp-content\\\/uploads\\\/2020\\\/01\\\/32284-1.jpg\",\"datePublished\":\"2020-01-17T08:53:41+00:00\",\"dateModified\":\"2025-12-05T07:08:02+00:00\",\"description\":\"Shop 22ct Gold Half-Pave Hoop Earrings at PureJewels UK. Featuring a fine line of brilliant cubic zirconia these slim gold hoops are designed for effortless everyday elegance.\",\"breadcrumb\":{\"@id\":\"https:\\\/\\\/www.purejewels.com\\\/product\\\/22ct-gold-cz-earrings-10\\\/#breadcrumb\"},\"inLanguage\":\"tr\",\"potentialAction\":[{\"@type\":\"ReadAction\",\"target\":[\"https:\\\/\\\/www.purejewels.com\\\/product\\\/22ct-gold-cz-earrings-10\\\/\"]}]},{\"@type\":\"ImageObject\",\"inLanguage\":\"tr\",\"@id\":\"https:\\\/\\\/www.purejewels.com\\\/product\\\/22ct-gold-cz-earrings-10\\\/#primaryimage\",\"url\":\"https:\\\/\\\/static.purejewels.com\\\/wp-content\\\/uploads\\\/2020\\\/01\\\/32284-1.jpg\",\"contentUrl\":\"https:\\\/\\\/static.purejewels.com\\\/wp-content\\\/uploads\\\/2020\\\/01\\\/32284-1.jpg\",\"width\":1000,\"height\":1000,\"caption\":\"32284-1\"},{\"@type\":\"BreadcrumbList\",\"@id\":\"https:\\\/\\\/www.purejewels.com\\\/product\\\/22ct-gold-cz-earrings-10\\\/#breadcrumb\",\"itemListElement\":[{\"@type\":\"ListItem\",\"position\":1,\"name\":\"Home\",\"item\":\"https:\\\/\\\/www.purejewels.com\\\/\"},{\"@type\":\"ListItem\",\"position\":2,\"name\":\"Shop\",\"item\":\"https:\\\/\\\/www.purejewels.com\\\/shop\\\/\"},{\"@type\":\"ListItem\",\"position\":3,\"name\":\"22ct Gold Half-Pave Hoop Earrings\"}]},{\"@type\":\"WebSite\",\"@id\":\"https:\\\/\\\/www.purejewels.com\\\/#website\",\"url\":\"https:\\\/\\\/www.purejewels.com\\\/\",\"name\":\"PureJewels UK\",\"description\":\"Share the Love\",\"publisher\":{\"@id\":\"https:\\\/\\\/www.purejewels.com\\\/#organization\"},\"potentialAction\":[{\"@type\":\"SearchAction\",\"target\":{\"@type\":\"EntryPoint\",\"urlTemplate\":\"https:\\\/\\\/www.purejewels.com\\\/?s={search_term_string}\"},\"query-input\":{\"@type\":\"PropertyValueSpecification\",\"valueRequired\":true,\"valueName\":\"search_term_string\"}}],\"inLanguage\":\"tr\"},{\"@type\":\"Organization\",\"@id\":\"https:\\\/\\\/www.purejewels.com\\\/#organization\",\"name\":\"PureJewels UK\",\"url\":\"https:\\\/\\\/www.purejewels.com\\\/\",\"logo\":{\"@type\":\"ImageObject\",\"inLanguage\":\"tr\",\"@id\":\"https:\\\/\\\/www.purejewels.com\\\/#\\\/schema\\\/logo\\\/image\\\/\",\"url\":\"https:\\\/\\\/static.purejewels.com\\\/wp-content\\\/uploads\\\/2020\\\/11\\\/Logo-PJ-New-1.png\",\"contentUrl\":\"https:\\\/\\\/static.purejewels.com\\\/wp-content\\\/uploads\\\/2020\\\/11\\\/Logo-PJ-New-1.png\",\"width\":150,\"height\":80,\"caption\":\"PureJewels UK\"},\"image\":{\"@id\":\"https:\\\/\\\/www.purejewels.com\\\/#\\\/schema\\\/logo\\\/image\\\/\"}}]}<\/script>\n<!-- \/ Yoast SEO plugin. -->","yoast_head_json":{"title":"22 ayar alt\u0131n yar\u0131m pav\u00e9 halka k\u00fcpeler | PureJewels UK | Online sat\u0131n al\u0131n","description":"PureJewels UK'de 22 ayar alt\u0131n yar\u0131m pav\u00e9 halka k\u00fcpeleri sat\u0131n al\u0131n. Parlak k\u00fcbik zirkonya ile s\u00fcslenmi\u015f bu ince alt\u0131n halkalar, g\u00fcnl\u00fck \u015f\u0131kl\u0131\u011f\u0131 zahmetsizce tamamlamak i\u00e7in tasarlanm\u0131\u015ft\u0131r.","robots":{"index":"index","follow":"follow","max-snippet":"max-snippet:-1","max-image-preview":"max-image-preview:large","max-video-preview":"max-video-preview:-1"},"canonical":"https:\/\/www.purejewels.com\/tr\/urun\/22-ayar-altin-cz-kupe-10\/","og_locale":"tr_TR","og_type":"article","og_title":"22ct Gold Half-Pave Hoop Earrings | PureJewels UK | Buy Online","og_description":"Shop 22ct Gold Half-Pave Hoop Earrings at PureJewels UK. Featuring a fine line of brilliant cubic zirconia these slim gold hoops are designed for effortless everyday elegance.","og_url":"https:\/\/www.purejewels.com\/tr\/urun\/22-ayar-altin-cz-kupe-10\/","og_site_name":"PureJewels UK","article_modified_time":"2025-12-05T07:08:02+00:00","og_image":[{"width":1000,"height":1000,"url":"https:\/\/static.purejewels.com\/wp-content\/uploads\/2020\/01\/32284-1.jpg","type":"image\/jpeg"}],"twitter_card":"summary_large_image","twitter_misc":{"Tahmini okuma s\u00fcresi":"1 dakika"},"schema":{"@context":"https:\/\/schema.org","@graph":[{"@type":["WebPage","ItemPage"],"@id":"https:\/\/www.purejewels.com\/product\/22ct-gold-cz-earrings-10\/","url":"https:\/\/www.purejewels.com\/product\/22ct-gold-cz-earrings-10\/","name":"22 ayar alt\u0131n yar\u0131m pav\u00e9 halka k\u00fcpeler | PureJewels UK | Online sat\u0131n al\u0131n","isPartOf":{"@id":"https:\/\/www.purejewels.com\/#website"},"primaryImageOfPage":{"@id":"https:\/\/www.purejewels.com\/product\/22ct-gold-cz-earrings-10\/#primaryimage"},"image":{"@id":"https:\/\/www.purejewels.com\/product\/22ct-gold-cz-earrings-10\/#primaryimage"},"thumbnailUrl":"https:\/\/static.purejewels.com\/wp-content\/uploads\/2020\/01\/32284-1.jpg","datePublished":"2020-01-17T08:53:41+00:00","dateModified":"2025-12-05T07:08:02+00:00","description":"PureJewels UK'de 22 ayar alt\u0131n yar\u0131m pav\u00e9 halka k\u00fcpeleri sat\u0131n al\u0131n. Parlak k\u00fcbik zirkonya ile s\u00fcslenmi\u015f bu ince alt\u0131n halkalar, g\u00fcnl\u00fck \u015f\u0131kl\u0131\u011f\u0131 zahmetsizce tamamlamak i\u00e7in tasarlanm\u0131\u015ft\u0131r.","breadcrumb":{"@id":"https:\/\/www.purejewels.com\/product\/22ct-gold-cz-earrings-10\/#breadcrumb"},"inLanguage":"tr","potentialAction":[{"@type":"ReadAction","target":["https:\/\/www.purejewels.com\/product\/22ct-gold-cz-earrings-10\/"]}]},{"@type":"ImageObject","inLanguage":"tr","@id":"https:\/\/www.purejewels.com\/product\/22ct-gold-cz-earrings-10\/#primaryimage","url":"https:\/\/static.purejewels.com\/wp-content\/uploads\/2020\/01\/32284-1.jpg","contentUrl":"https:\/\/static.purejewels.com\/wp-content\/uploads\/2020\/01\/32284-1.jpg","width":1000,"height":1000,"caption":"32284-1"},{"@type":"BreadcrumbList","@id":"https:\/\/www.purejewels.com\/product\/22ct-gold-cz-earrings-10\/#breadcrumb","itemListElement":[{"@type":"ListItem","position":1,"name":"Home","item":"https:\/\/www.purejewels.com\/"},{"@type":"ListItem","position":2,"name":"Shop","item":"https:\/\/www.purejewels.com\/shop\/"},{"@type":"ListItem","position":3,"name":"22ct Gold Half-Pave Hoop Earrings"}]},{"@type":"WebSite","@id":"https:\/\/www.purejewels.com\/#website","url":"https:\/\/www.purejewels.com\/","name":"PureJewels \u0130ngiltere","description":"Sevgiyi Payla\u015f\u0131n","publisher":{"@id":"https:\/\/www.purejewels.com\/#organization"},"potentialAction":[{"@type":"SearchAction","target":{"@type":"EntryPoint","urlTemplate":"https:\/\/www.purejewels.com\/?s={search_term_string}"},"query-input":{"@type":"PropertyValueSpecification","valueRequired":true,"valueName":"search_term_string"}}],"inLanguage":"tr"},{"@type":"Organization","@id":"https:\/\/www.purejewels.com\/#organization","name":"PureJewels \u0130ngiltere","url":"https:\/\/www.purejewels.com\/","logo":{"@type":"ImageObject","inLanguage":"tr","@id":"https:\/\/www.purejewels.com\/#\/schema\/logo\/image\/","url":"https:\/\/static.purejewels.com\/wp-content\/uploads\/2020\/11\/Logo-PJ-New-1.png","contentUrl":"https:\/\/static.purejewels.com\/wp-content\/uploads\/2020\/11\/Logo-PJ-New-1.png","width":150,"height":80,"caption":"PureJewels UK"},"image":{"@id":"https:\/\/www.purejewels.com\/#\/schema\/logo\/image\/"}}]}},"_links":{"self":[{"href":"https:\/\/www.purejewels.com\/tr\/wp-json\/wp\/v2\/product\/312343","targetHints":{"allow":["GET"]}}],"collection":[{"href":"https:\/\/www.purejewels.com\/tr\/wp-json\/wp\/v2\/product"}],"about":[{"href":"https:\/\/www.purejewels.com\/tr\/wp-json\/wp\/v2\/types\/product"}],"replies":[{"embeddable":true,"href":"https:\/\/www.purejewels.com\/tr\/wp-json\/wp\/v2\/comments?post=312343"}],"version-history":[{"count":2,"href":"https:\/\/www.purejewels.com\/tr\/wp-json\/wp\/v2\/product\/312343\/revisions"}],"predecessor-version":[{"id":422496,"href":"https:\/\/www.purejewels.com\/tr\/wp-json\/wp\/v2\/product\/312343\/revisions\/422496"}],"wp:featuredmedia":[{"embeddable":true,"href":"https:\/\/www.purejewels.com\/tr\/wp-json\/wp\/v2\/media\/312488"}],"wp:attachment":[{"href":"https:\/\/www.purejewels.com\/tr\/wp-json\/wp\/v2\/media?parent=312343"}],"wp:term":[{"taxonomy":"product_brand","embeddable":true,"href":"https:\/\/www.purejewels.com\/tr\/wp-json\/wp\/v2\/product_brand?post=312343"},{"taxonomy":"product_cat","embeddable":true,"href":"https:\/\/www.purejewels.com\/tr\/wp-json\/wp\/v2\/product_cat?post=312343"},{"taxonomy":"product_tag","embeddable":true,"href":"https:\/\/www.purejewels.com\/tr\/wp-json\/wp\/v2\/product_tag?post=312343"}],"curies":[{"name":"wp","href":"https:\/\/api.w.org\/{rel}","templated":true}]}}