{"id":312347,"date":"2020-02-03T09:55:38","date_gmt":"2020-02-03T09:55:38","guid":{"rendered":"https:\/\/www.purejewels.com\/?post_type=product&#038;p=312347"},"modified":"2026-01-19T08:48:06","modified_gmt":"2026-01-19T08:48:06","slug":"22-ayar-cz-tasli-bali-kupe-3","status":"publish","type":"product","link":"https:\/\/www.purejewels.com\/tr\/product\/22ct-cz-stone-bali-earring-3\/","title":{"rendered":"22 Ayar Alt\u0131n P\u0131rlanta Kanall\u0131 Halka K\u00fcpe"},"content":{"rendered":"<p>Tasar\u0131m<\/p>\n<p>Bu \u00e7emberler <a href=\"https:\/\/www.purejewels.com\/tr\/product-category\/22ct-gold-jewellery\/gold-earrings\/\">K\u00fcpeler<\/a> ince, uzun oval formlar\u0131 ve \u00f6n kenar\u0131 takip eden temiz kanal setli p\u0131rlantalar\u0131 ile tan\u0131mlan\u0131r. Parlat\u0131lm\u0131\u015f alt\u0131n \u00e7er\u00e7eve yap\u0131 ve s\u0131cakl\u0131k sa\u011flarken, p\u0131rlantalar tasar\u0131ma a\u015f\u0131r\u0131 g\u00fc\u00e7 katmadan ince bir parlakl\u0131k katar. Dengeli ve modern \u00e7emberler, rafine bir \u0131\u015f\u0131lt\u0131yla zamans\u0131z bir siluet sunar.<\/p>\n<p>Zanaatkarl\u0131k<\/p>\n<p>Parlak 22 ayar alt\u0131ndan el i\u015f\u00e7ili\u011fiyle \u00fcretilen her bir halka, p\u00fcr\u00fczs\u00fcz hatlar ve g\u00fcvenli, rahat bir uyum sa\u011flamak i\u00e7in \u00f6zenle tamamlanm\u0131\u015ft\u0131r. P\u0131rlantalar dayan\u0131kl\u0131l\u0131k ve kusursuz bir y\u00fczey i\u00e7in hassas bir \u015fekilde kanallara yerle\u015ftirilmi\u015ftir. Her bir \u00e7ift, PureJewels'in kalite, \u00f6zg\u00fcnl\u00fck ve kal\u0131c\u0131 i\u015f\u00e7ili\u011fe olan ba\u011fl\u0131l\u0131\u011f\u0131n\u0131 yans\u0131tan safl\u0131k sertifikas\u0131 i\u00e7in \u0130ngiltere'de damgalanm\u0131\u015ft\u0131r.<\/p>\n<p>\u015eekillendirme &amp; Hediyele\u015fme<\/p>\n<p>G\u00fcnl\u00fck kullan\u0131m i\u00e7in m\u00fckemmel olan bu halkalar, g\u00fcnd\u00fczden ak\u015fama zahmetsizce ge\u00e7i\u015f yapar. Tek ba\u015f\u0131na \u015f\u0131k bir \u015fekilde tak\u0131labilen veya ince k\u00fcpe ve kolyelerle e\u015fle\u015ftirilebilen bu \u00e7emberler, do\u011fum g\u00fcnleri, y\u0131l d\u00f6n\u00fcmleri ve anlaml\u0131 d\u00f6n\u00fcm noktalar\u0131 i\u00e7in d\u00fc\u015f\u00fcnceli bir hediyedir. S\u0131k s\u0131k tak\u0131lmak ve zaman i\u00e7inde de\u011fer verilmek \u00fczere tasarlanm\u0131\u015f \u00e7ok y\u00f6nl\u00fc bir \u00e7ift.<\/p>","protected":false},"excerpt":{"rendered":"<ul>\n<li>22 Ayar Alt\u0131n CZ K\u00fcpe<\/li>\n<li>A\u011f\u0131rl\u0131k 2.8 g<\/li>\n<li>SKU. 32270<\/li>\n<li>T\u00fcm fiyatlara KDV dahildir<\/li>\n<li>Londra Tahlil Ofisi Taraf\u0131ndan Damgalanm\u0131\u015f 22 Ayar Alt\u0131n<\/li>\n<li>Sunum Kutusu ile Birlikte Gelir<\/li>\n<li>Teslimat Dahil<\/li>\n<li>Stok durumu ve stokta bulunan benzer tasar\u0131mlar\u0131n daha fazla g\u00f6r\u00fcnt\u00fcs\u00fc i\u00e7in bizimle canl\u0131 sohbet edin<\/li>\n<\/ul>","protected":false},"featured_media":312478,"comment_status":"closed","ping_status":"closed","template":"","meta":{"_eb_attr":"","_crsspst_to_jayantr4sg-hostcom":false},"product_brand":[],"product_cat":[1559,1579,1482,1569,1574],"product_tag":[],"class_list":{"0":"post-312347","1":"product","2":"type-product","3":"status-publish","4":"has-post-thumbnail","6":"product_cat-birthday-gifts","7":"product_cat-hoop-earrings","8":"product_cat-uncategorized","9":"product_cat-valentine-day-gifts","10":"product_cat-womens-jewellery","12":"first","13":"outofstock","14":"taxable","15":"shipping-taxable","16":"product-type-simple","17":"add-to-wishlist-before_image"},"yoast_head":"<!-- This site is optimized with the Yoast SEO plugin v27.3 - https:\/\/yoast.com\/product\/yoast-seo-wordpress\/ -->\n<title>22ct Gold Diamond Channel Hoop Earrings | Elegant Hoops<\/title>\n<meta name=\"description\" content=\"Discover these handcrafted 22ct gold hoop earrings, set with sparkling diamonds in a sleek channel setting. A refined pair of hoops designed for everyday elegance and gifting.\" \/>\n<meta name=\"robots\" content=\"index, follow, max-snippet:-1, max-image-preview:large, max-video-preview:-1\" \/>\n<link rel=\"canonical\" href=\"https:\/\/www.purejewels.com\/tr\/urun\/22-ayar-cz-tasli-bali-kupe-3\/\" \/>\n<meta property=\"og:locale\" content=\"tr_TR\" \/>\n<meta property=\"og:type\" content=\"article\" \/>\n<meta property=\"og:title\" content=\"22ct Gold Diamond Channel Hoop Earrings | Elegant Hoops\" \/>\n<meta property=\"og:description\" content=\"Discover these handcrafted 22ct gold hoop earrings, set with sparkling diamonds in a sleek channel setting. A refined pair of hoops designed for everyday elegance and gifting.\" \/>\n<meta property=\"og:url\" content=\"https:\/\/www.purejewels.com\/tr\/urun\/22-ayar-cz-tasli-bali-kupe-3\/\" \/>\n<meta property=\"og:site_name\" content=\"PureJewels UK\" \/>\n<meta property=\"article:modified_time\" content=\"2026-01-19T08:48:06+00:00\" \/>\n<meta property=\"og:image\" content=\"https:\/\/static.purejewels.com\/wp-content\/uploads\/2020\/01\/32270-1.jpg\" \/>\n\t<meta property=\"og:image:width\" content=\"1000\" \/>\n\t<meta property=\"og:image:height\" content=\"1000\" \/>\n\t<meta property=\"og:image:type\" content=\"image\/jpeg\" \/>\n<meta name=\"twitter:card\" content=\"summary_large_image\" \/>\n<meta name=\"twitter:label1\" content=\"Tahmini okuma s\u00fcresi\" \/>\n\t<meta name=\"twitter:data1\" content=\"1 dakika\" \/>\n<script type=\"application\/ld+json\" class=\"yoast-schema-graph\">{\"@context\":\"https:\\\/\\\/schema.org\",\"@graph\":[{\"@type\":[\"WebPage\",\"ItemPage\"],\"@id\":\"https:\\\/\\\/www.purejewels.com\\\/product\\\/22ct-cz-stone-bali-earring-3\\\/\",\"url\":\"https:\\\/\\\/www.purejewels.com\\\/product\\\/22ct-cz-stone-bali-earring-3\\\/\",\"name\":\"22ct Gold Diamond Channel Hoop Earrings | Elegant Hoops\",\"isPartOf\":{\"@id\":\"https:\\\/\\\/www.purejewels.com\\\/#website\"},\"primaryImageOfPage\":{\"@id\":\"https:\\\/\\\/www.purejewels.com\\\/product\\\/22ct-cz-stone-bali-earring-3\\\/#primaryimage\"},\"image\":{\"@id\":\"https:\\\/\\\/www.purejewels.com\\\/product\\\/22ct-cz-stone-bali-earring-3\\\/#primaryimage\"},\"thumbnailUrl\":\"https:\\\/\\\/static.purejewels.com\\\/wp-content\\\/uploads\\\/2020\\\/01\\\/32270-1.jpg\",\"datePublished\":\"2020-02-03T09:55:38+00:00\",\"dateModified\":\"2026-01-19T08:48:06+00:00\",\"description\":\"Discover these handcrafted 22ct gold hoop earrings, set with sparkling diamonds in a sleek channel setting. A refined pair of hoops designed for everyday elegance and gifting.\",\"breadcrumb\":{\"@id\":\"https:\\\/\\\/www.purejewels.com\\\/product\\\/22ct-cz-stone-bali-earring-3\\\/#breadcrumb\"},\"inLanguage\":\"tr\",\"potentialAction\":[{\"@type\":\"ReadAction\",\"target\":[\"https:\\\/\\\/www.purejewels.com\\\/product\\\/22ct-cz-stone-bali-earring-3\\\/\"]}]},{\"@type\":\"ImageObject\",\"inLanguage\":\"tr\",\"@id\":\"https:\\\/\\\/www.purejewels.com\\\/product\\\/22ct-cz-stone-bali-earring-3\\\/#primaryimage\",\"url\":\"https:\\\/\\\/static.purejewels.com\\\/wp-content\\\/uploads\\\/2020\\\/01\\\/32270-1.jpg\",\"contentUrl\":\"https:\\\/\\\/static.purejewels.com\\\/wp-content\\\/uploads\\\/2020\\\/01\\\/32270-1.jpg\",\"width\":1000,\"height\":1000,\"caption\":\"32270-1\"},{\"@type\":\"BreadcrumbList\",\"@id\":\"https:\\\/\\\/www.purejewels.com\\\/product\\\/22ct-cz-stone-bali-earring-3\\\/#breadcrumb\",\"itemListElement\":[{\"@type\":\"ListItem\",\"position\":1,\"name\":\"Home\",\"item\":\"https:\\\/\\\/www.purejewels.com\\\/\"},{\"@type\":\"ListItem\",\"position\":2,\"name\":\"Shop\",\"item\":\"https:\\\/\\\/www.purejewels.com\\\/shop\\\/\"},{\"@type\":\"ListItem\",\"position\":3,\"name\":\"22ct Gold Diamond Channel Hoop Earrings\"}]},{\"@type\":\"WebSite\",\"@id\":\"https:\\\/\\\/www.purejewels.com\\\/#website\",\"url\":\"https:\\\/\\\/www.purejewels.com\\\/\",\"name\":\"PureJewels UK\",\"description\":\"Share the Love\",\"publisher\":{\"@id\":\"https:\\\/\\\/www.purejewels.com\\\/#organization\"},\"potentialAction\":[{\"@type\":\"SearchAction\",\"target\":{\"@type\":\"EntryPoint\",\"urlTemplate\":\"https:\\\/\\\/www.purejewels.com\\\/?s={search_term_string}\"},\"query-input\":{\"@type\":\"PropertyValueSpecification\",\"valueRequired\":true,\"valueName\":\"search_term_string\"}}],\"inLanguage\":\"tr\"},{\"@type\":\"Organization\",\"@id\":\"https:\\\/\\\/www.purejewels.com\\\/#organization\",\"name\":\"PureJewels UK\",\"url\":\"https:\\\/\\\/www.purejewels.com\\\/\",\"logo\":{\"@type\":\"ImageObject\",\"inLanguage\":\"tr\",\"@id\":\"https:\\\/\\\/www.purejewels.com\\\/#\\\/schema\\\/logo\\\/image\\\/\",\"url\":\"https:\\\/\\\/static.purejewels.com\\\/wp-content\\\/uploads\\\/2020\\\/11\\\/Logo-PJ-New-1.png\",\"contentUrl\":\"https:\\\/\\\/static.purejewels.com\\\/wp-content\\\/uploads\\\/2020\\\/11\\\/Logo-PJ-New-1.png\",\"width\":150,\"height\":80,\"caption\":\"PureJewels UK\"},\"image\":{\"@id\":\"https:\\\/\\\/www.purejewels.com\\\/#\\\/schema\\\/logo\\\/image\\\/\"}}]}<\/script>\n<!-- \/ Yoast SEO plugin. -->","yoast_head_json":{"title":"22 Ayar Alt\u0131n P\u0131rlanta Kanall\u0131 Halka K\u00fcpe | Elegant Hoops","description":"\u015e\u0131k bir kanal ayar\u0131nda \u0131\u015f\u0131lt\u0131l\u0131 p\u0131rlantalarla s\u00fcslenmi\u015f bu el yap\u0131m\u0131 22 ayar alt\u0131n halka k\u00fcpeleri ke\u015ffedin. G\u00fcnl\u00fck \u015f\u0131kl\u0131k ve hediye i\u00e7in tasarlanm\u0131\u015f zarif bir halka k\u00fcpe \u00e7ifti.","robots":{"index":"index","follow":"follow","max-snippet":"max-snippet:-1","max-image-preview":"max-image-preview:large","max-video-preview":"max-video-preview:-1"},"canonical":"https:\/\/www.purejewels.com\/tr\/urun\/22-ayar-cz-tasli-bali-kupe-3\/","og_locale":"tr_TR","og_type":"article","og_title":"22ct Gold Diamond Channel Hoop Earrings | Elegant Hoops","og_description":"Discover these handcrafted 22ct gold hoop earrings, set with sparkling diamonds in a sleek channel setting. A refined pair of hoops designed for everyday elegance and gifting.","og_url":"https:\/\/www.purejewels.com\/tr\/urun\/22-ayar-cz-tasli-bali-kupe-3\/","og_site_name":"PureJewels UK","article_modified_time":"2026-01-19T08:48:06+00:00","og_image":[{"width":1000,"height":1000,"url":"https:\/\/static.purejewels.com\/wp-content\/uploads\/2020\/01\/32270-1.jpg","type":"image\/jpeg"}],"twitter_card":"summary_large_image","twitter_misc":{"Tahmini okuma s\u00fcresi":"1 dakika"},"schema":{"@context":"https:\/\/schema.org","@graph":[{"@type":["WebPage","ItemPage"],"@id":"https:\/\/www.purejewels.com\/product\/22ct-cz-stone-bali-earring-3\/","url":"https:\/\/www.purejewels.com\/product\/22ct-cz-stone-bali-earring-3\/","name":"22 Ayar Alt\u0131n P\u0131rlanta Kanall\u0131 Halka K\u00fcpe | Elegant Hoops","isPartOf":{"@id":"https:\/\/www.purejewels.com\/#website"},"primaryImageOfPage":{"@id":"https:\/\/www.purejewels.com\/product\/22ct-cz-stone-bali-earring-3\/#primaryimage"},"image":{"@id":"https:\/\/www.purejewels.com\/product\/22ct-cz-stone-bali-earring-3\/#primaryimage"},"thumbnailUrl":"https:\/\/static.purejewels.com\/wp-content\/uploads\/2020\/01\/32270-1.jpg","datePublished":"2020-02-03T09:55:38+00:00","dateModified":"2026-01-19T08:48:06+00:00","description":"\u015e\u0131k bir kanal ayar\u0131nda \u0131\u015f\u0131lt\u0131l\u0131 p\u0131rlantalarla s\u00fcslenmi\u015f bu el yap\u0131m\u0131 22 ayar alt\u0131n halka k\u00fcpeleri ke\u015ffedin. G\u00fcnl\u00fck \u015f\u0131kl\u0131k ve hediye i\u00e7in tasarlanm\u0131\u015f zarif bir halka k\u00fcpe \u00e7ifti.","breadcrumb":{"@id":"https:\/\/www.purejewels.com\/product\/22ct-cz-stone-bali-earring-3\/#breadcrumb"},"inLanguage":"tr","potentialAction":[{"@type":"ReadAction","target":["https:\/\/www.purejewels.com\/product\/22ct-cz-stone-bali-earring-3\/"]}]},{"@type":"ImageObject","inLanguage":"tr","@id":"https:\/\/www.purejewels.com\/product\/22ct-cz-stone-bali-earring-3\/#primaryimage","url":"https:\/\/static.purejewels.com\/wp-content\/uploads\/2020\/01\/32270-1.jpg","contentUrl":"https:\/\/static.purejewels.com\/wp-content\/uploads\/2020\/01\/32270-1.jpg","width":1000,"height":1000,"caption":"32270-1"},{"@type":"BreadcrumbList","@id":"https:\/\/www.purejewels.com\/product\/22ct-cz-stone-bali-earring-3\/#breadcrumb","itemListElement":[{"@type":"ListItem","position":1,"name":"Home","item":"https:\/\/www.purejewels.com\/"},{"@type":"ListItem","position":2,"name":"Shop","item":"https:\/\/www.purejewels.com\/shop\/"},{"@type":"ListItem","position":3,"name":"22ct Gold Diamond Channel Hoop Earrings"}]},{"@type":"WebSite","@id":"https:\/\/www.purejewels.com\/#website","url":"https:\/\/www.purejewels.com\/","name":"PureJewels \u0130ngiltere","description":"Sevgiyi Payla\u015f\u0131n","publisher":{"@id":"https:\/\/www.purejewels.com\/#organization"},"potentialAction":[{"@type":"SearchAction","target":{"@type":"EntryPoint","urlTemplate":"https:\/\/www.purejewels.com\/?s={search_term_string}"},"query-input":{"@type":"PropertyValueSpecification","valueRequired":true,"valueName":"search_term_string"}}],"inLanguage":"tr"},{"@type":"Organization","@id":"https:\/\/www.purejewels.com\/#organization","name":"PureJewels \u0130ngiltere","url":"https:\/\/www.purejewels.com\/","logo":{"@type":"ImageObject","inLanguage":"tr","@id":"https:\/\/www.purejewels.com\/#\/schema\/logo\/image\/","url":"https:\/\/static.purejewels.com\/wp-content\/uploads\/2020\/11\/Logo-PJ-New-1.png","contentUrl":"https:\/\/static.purejewels.com\/wp-content\/uploads\/2020\/11\/Logo-PJ-New-1.png","width":150,"height":80,"caption":"PureJewels UK"},"image":{"@id":"https:\/\/www.purejewels.com\/#\/schema\/logo\/image\/"}}]}},"_links":{"self":[{"href":"https:\/\/www.purejewels.com\/tr\/wp-json\/wp\/v2\/product\/312347","targetHints":{"allow":["GET"]}}],"collection":[{"href":"https:\/\/www.purejewels.com\/tr\/wp-json\/wp\/v2\/product"}],"about":[{"href":"https:\/\/www.purejewels.com\/tr\/wp-json\/wp\/v2\/types\/product"}],"replies":[{"embeddable":true,"href":"https:\/\/www.purejewels.com\/tr\/wp-json\/wp\/v2\/comments?post=312347"}],"version-history":[{"count":2,"href":"https:\/\/www.purejewels.com\/tr\/wp-json\/wp\/v2\/product\/312347\/revisions"}],"predecessor-version":[{"id":424992,"href":"https:\/\/www.purejewels.com\/tr\/wp-json\/wp\/v2\/product\/312347\/revisions\/424992"}],"wp:featuredmedia":[{"embeddable":true,"href":"https:\/\/www.purejewels.com\/tr\/wp-json\/wp\/v2\/media\/312478"}],"wp:attachment":[{"href":"https:\/\/www.purejewels.com\/tr\/wp-json\/wp\/v2\/media?parent=312347"}],"wp:term":[{"taxonomy":"product_brand","embeddable":true,"href":"https:\/\/www.purejewels.com\/tr\/wp-json\/wp\/v2\/product_brand?post=312347"},{"taxonomy":"product_cat","embeddable":true,"href":"https:\/\/www.purejewels.com\/tr\/wp-json\/wp\/v2\/product_cat?post=312347"},{"taxonomy":"product_tag","embeddable":true,"href":"https:\/\/www.purejewels.com\/tr\/wp-json\/wp\/v2\/product_tag?post=312347"}],"curies":[{"name":"wp","href":"https:\/\/api.w.org\/{rel}","templated":true}]}}