{"id":312498,"date":"2020-02-10T05:24:02","date_gmt":"2020-02-10T05:24:02","guid":{"rendered":"https:\/\/www.purejewels.com\/?post_type=product&#038;p=312498"},"modified":"2026-03-24T09:40:10","modified_gmt":"2026-03-24T09:40:10","slug":"22-ayar-ingiliz-damgali-altin-mangalsutra-3","status":"publish","type":"product","link":"https:\/\/www.purejewels.com\/tr\/product\/22ct-british-hallmarked-gold-mangalsutra-3\/","title":{"rendered":"22 Ayar Alt\u0131n \u00dc\u00e7 Katl\u0131 Mangalsutra Kolye"},"content":{"rendered":"<p>Tasar\u0131m<br \/>\nBu <a href=\"https:\/\/www.purejewels.com\/tr\/product-category\/22ct-gold-jewellery\/gold-mangalsutras\/\">mangalsutra<\/a> zengin ve yap\u0131sal bir g\u00f6r\u00fcn\u00fcm i\u00e7in siyah boncuk tellerini alt\u0131n boncuk vurgular\u0131yla birle\u015ftiren kendine \u00f6zg\u00fc \u00fc\u00e7 katmanl\u0131 bir bile\u015fime sahiptir. Katmanl\u0131 d\u00fczenleme derinlik ve ak\u0131\u015f yarat\u0131rken, \u00fcst detaylar dekoratif bir odak noktas\u0131 ekler. Tasar\u0131m, geleneksel sembolizmi daha ayr\u0131nt\u0131l\u0131 ve etkileyici bir siluetle yans\u0131t\u0131yor.<\/p>\n<p>Zanaatkarl\u0131k<br \/>\n\u0130\u00e7inde haz\u0131rlanm\u0131\u015f <a href=\"https:\/\/www.purejewels.com\/tr\/product\/22ct-gold-jali-filigree-ring-jali-collection-31926\/\">22ct<\/a> alt\u0131n, her bir tel esneklik ve denge sa\u011flamak i\u00e7in \u00f6zenle bir araya getirilmi\u015ftir. Siyah boncuklar tutarl\u0131l\u0131\u011f\u0131 korumak i\u00e7in hassas bir \u015fekilde d\u00fczenlenirken, alt\u0131n unsurlar s\u0131cakl\u0131k ve kontrast kat\u0131yor. Yap\u0131, hareketten \u00f6d\u00fcn vermeden dayan\u0131kl\u0131l\u0131k i\u00e7in tasarlanm\u0131\u015ft\u0131r. Her bir par\u00e7a \u0130ngiltere'de damgalanarak sertifikal\u0131 alt\u0131n safl\u0131\u011f\u0131 ve g\u00fcvenilir i\u015f\u00e7ilik sa\u011flar.<\/p>\n<p>\u015eekillendirme &amp; Hediyele\u015fme<br \/>\nD\u00fc\u011f\u00fcnler, festivaller ve geleneksel kutlamalar i\u00e7in ideal olan bu mangalsutra, g\u00fc\u00e7l\u00fc ama zarif bir ifade yarat\u0131r. Etnik k\u0131yafetlerle g\u00fczel bir uyum sa\u011flarken modern g\u00f6r\u00fcn\u00fcmlere de karakter katar. D\u00fc\u011f\u00fcnler ve \u00f6zel d\u00f6n\u00fcm noktalar\u0131 i\u00e7in anlaml\u0131 ve sembolik bir hediye.<\/p>","protected":false},"excerpt":{"rendered":"<p>Tasar\u0131m Bu mangalsutra, zengin bir g\u00f6r\u00fcn\u00fcm i\u00e7in siyah boncuk tellerini alt\u0131n boncuk vurgular\u0131yla birle\u015ftiren kendine \u00f6zg\u00fc \u00fc\u00e7 katmanl\u0131 bir bile\u015fime sahiptir.<\/p>","protected":false},"featured_media":312522,"comment_status":"closed","ping_status":"closed","template":"","meta":{"_eb_attr":"","_crsspst_to_jayantr4sg-hostcom":true},"product_brand":[],"product_cat":[1775,1284,1776,1574],"product_tag":[],"class_list":{"0":"post-312498","1":"product","2":"type-product","3":"status-publish","4":"has-post-thumbnail","6":"product_cat-daily-wear-mangalsutras","7":"product_cat-gold-mangalsutras","8":"product_cat-occasional-wear-mangalsutras","9":"product_cat-womens-jewellery","11":"first","12":"outofstock","13":"taxable","14":"shipping-taxable","15":"product-type-simple","16":"add-to-wishlist-before_image"},"yoast_head":"<!-- This site is optimized with the Yoast SEO plugin v27.3 - https:\/\/yoast.com\/product\/yoast-seo-wordpress\/ -->\n<title>22ct Gold Triple Layer Mangalsutra Necklace | PureJewels UK<\/title>\n<meta name=\"description\" content=\"Shop a 22ct gold triple layer mangalsutra with black beads and gold detailing. Handcrafted and UK hallmarked for purity and traditional wear.\" \/>\n<meta name=\"robots\" content=\"index, follow, max-snippet:-1, max-image-preview:large, max-video-preview:-1\" \/>\n<link rel=\"canonical\" href=\"https:\/\/www.purejewels.com\/tr\/urun\/22-ayar-ingiliz-damgali-altin-mangalsutra-3\/\" \/>\n<meta property=\"og:locale\" content=\"tr_TR\" \/>\n<meta property=\"og:type\" content=\"article\" \/>\n<meta property=\"og:title\" content=\"22ct Gold Triple Layer Mangalsutra Necklace | PureJewels UK\" \/>\n<meta property=\"og:description\" content=\"Shop a 22ct gold triple layer mangalsutra with black beads and gold detailing. Handcrafted and UK hallmarked for purity and traditional wear.\" \/>\n<meta property=\"og:url\" content=\"https:\/\/www.purejewels.com\/tr\/urun\/22-ayar-ingiliz-damgali-altin-mangalsutra-3\/\" \/>\n<meta property=\"og:site_name\" content=\"PureJewels UK\" \/>\n<meta property=\"article:modified_time\" content=\"2026-03-24T09:40:10+00:00\" \/>\n<meta property=\"og:image\" content=\"https:\/\/static.purejewels.com\/wp-content\/uploads\/2020\/02\/32329.jpg\" \/>\n\t<meta property=\"og:image:width\" content=\"1000\" \/>\n\t<meta property=\"og:image:height\" content=\"1000\" \/>\n\t<meta property=\"og:image:type\" content=\"image\/jpeg\" \/>\n<meta name=\"twitter:card\" content=\"summary_large_image\" \/>\n<meta name=\"twitter:label1\" content=\"Tahmini okuma s\u00fcresi\" \/>\n\t<meta name=\"twitter:data1\" content=\"1 dakika\" \/>\n<script type=\"application\/ld+json\" class=\"yoast-schema-graph\">{\"@context\":\"https:\\\/\\\/schema.org\",\"@graph\":[{\"@type\":[\"WebPage\",\"ItemPage\"],\"@id\":\"https:\\\/\\\/www.purejewels.com\\\/product\\\/22ct-british-hallmarked-gold-mangalsutra-3\\\/\",\"url\":\"https:\\\/\\\/www.purejewels.com\\\/product\\\/22ct-british-hallmarked-gold-mangalsutra-3\\\/\",\"name\":\"22ct Gold Triple Layer Mangalsutra Necklace | PureJewels UK\",\"isPartOf\":{\"@id\":\"https:\\\/\\\/www.purejewels.com\\\/#website\"},\"primaryImageOfPage\":{\"@id\":\"https:\\\/\\\/www.purejewels.com\\\/product\\\/22ct-british-hallmarked-gold-mangalsutra-3\\\/#primaryimage\"},\"image\":{\"@id\":\"https:\\\/\\\/www.purejewels.com\\\/product\\\/22ct-british-hallmarked-gold-mangalsutra-3\\\/#primaryimage\"},\"thumbnailUrl\":\"https:\\\/\\\/static.purejewels.com\\\/wp-content\\\/uploads\\\/2020\\\/02\\\/32329.jpg\",\"datePublished\":\"2020-02-10T05:24:02+00:00\",\"dateModified\":\"2026-03-24T09:40:10+00:00\",\"description\":\"Shop a 22ct gold triple layer mangalsutra with black beads and gold detailing. Handcrafted and UK hallmarked for purity and traditional wear.\",\"breadcrumb\":{\"@id\":\"https:\\\/\\\/www.purejewels.com\\\/product\\\/22ct-british-hallmarked-gold-mangalsutra-3\\\/#breadcrumb\"},\"inLanguage\":\"tr\",\"potentialAction\":[{\"@type\":\"ReadAction\",\"target\":[\"https:\\\/\\\/www.purejewels.com\\\/product\\\/22ct-british-hallmarked-gold-mangalsutra-3\\\/\"]}]},{\"@type\":\"ImageObject\",\"inLanguage\":\"tr\",\"@id\":\"https:\\\/\\\/www.purejewels.com\\\/product\\\/22ct-british-hallmarked-gold-mangalsutra-3\\\/#primaryimage\",\"url\":\"https:\\\/\\\/static.purejewels.com\\\/wp-content\\\/uploads\\\/2020\\\/02\\\/32329.jpg\",\"contentUrl\":\"https:\\\/\\\/static.purejewels.com\\\/wp-content\\\/uploads\\\/2020\\\/02\\\/32329.jpg\",\"width\":1000,\"height\":1000,\"caption\":\"32329\"},{\"@type\":\"BreadcrumbList\",\"@id\":\"https:\\\/\\\/www.purejewels.com\\\/product\\\/22ct-british-hallmarked-gold-mangalsutra-3\\\/#breadcrumb\",\"itemListElement\":[{\"@type\":\"ListItem\",\"position\":1,\"name\":\"Home\",\"item\":\"https:\\\/\\\/www.purejewels.com\\\/\"},{\"@type\":\"ListItem\",\"position\":2,\"name\":\"Shop\",\"item\":\"https:\\\/\\\/www.purejewels.com\\\/shop\\\/\"},{\"@type\":\"ListItem\",\"position\":3,\"name\":\"22ct Gold Triple Layer Mangalsutra Necklace\"}]},{\"@type\":\"WebSite\",\"@id\":\"https:\\\/\\\/www.purejewels.com\\\/#website\",\"url\":\"https:\\\/\\\/www.purejewels.com\\\/\",\"name\":\"PureJewels UK\",\"description\":\"Share the Love\",\"publisher\":{\"@id\":\"https:\\\/\\\/www.purejewels.com\\\/#organization\"},\"potentialAction\":[{\"@type\":\"SearchAction\",\"target\":{\"@type\":\"EntryPoint\",\"urlTemplate\":\"https:\\\/\\\/www.purejewels.com\\\/?s={search_term_string}\"},\"query-input\":{\"@type\":\"PropertyValueSpecification\",\"valueRequired\":true,\"valueName\":\"search_term_string\"}}],\"inLanguage\":\"tr\"},{\"@type\":\"Organization\",\"@id\":\"https:\\\/\\\/www.purejewels.com\\\/#organization\",\"name\":\"PureJewels UK\",\"url\":\"https:\\\/\\\/www.purejewels.com\\\/\",\"logo\":{\"@type\":\"ImageObject\",\"inLanguage\":\"tr\",\"@id\":\"https:\\\/\\\/www.purejewels.com\\\/#\\\/schema\\\/logo\\\/image\\\/\",\"url\":\"https:\\\/\\\/static.purejewels.com\\\/wp-content\\\/uploads\\\/2020\\\/11\\\/Logo-PJ-New-1.png\",\"contentUrl\":\"https:\\\/\\\/static.purejewels.com\\\/wp-content\\\/uploads\\\/2020\\\/11\\\/Logo-PJ-New-1.png\",\"width\":150,\"height\":80,\"caption\":\"PureJewels UK\"},\"image\":{\"@id\":\"https:\\\/\\\/www.purejewels.com\\\/#\\\/schema\\\/logo\\\/image\\\/\"}}]}<\/script>\n<!-- \/ Yoast SEO plugin. -->","yoast_head_json":{"title":"22 Ayar Alt\u0131n \u00dc\u00e7 Katl\u0131 Mangalsutra Kolye | PureJewels UK","description":"Siyah boncuklar ve alt\u0131n detaylara sahip 22 ayar alt\u0131n \u00fc\u00e7 katmanl\u0131 mangalsutra sat\u0131n al\u0131n. Safl\u0131k ve geleneksel kullan\u0131m i\u00e7in el yap\u0131m\u0131 ve \u0130ngiltere damgal\u0131.","robots":{"index":"index","follow":"follow","max-snippet":"max-snippet:-1","max-image-preview":"max-image-preview:large","max-video-preview":"max-video-preview:-1"},"canonical":"https:\/\/www.purejewels.com\/tr\/urun\/22-ayar-ingiliz-damgali-altin-mangalsutra-3\/","og_locale":"tr_TR","og_type":"article","og_title":"22ct Gold Triple Layer Mangalsutra Necklace | PureJewels UK","og_description":"Shop a 22ct gold triple layer mangalsutra with black beads and gold detailing. Handcrafted and UK hallmarked for purity and traditional wear.","og_url":"https:\/\/www.purejewels.com\/tr\/urun\/22-ayar-ingiliz-damgali-altin-mangalsutra-3\/","og_site_name":"PureJewels UK","article_modified_time":"2026-03-24T09:40:10+00:00","og_image":[{"width":1000,"height":1000,"url":"https:\/\/static.purejewels.com\/wp-content\/uploads\/2020\/02\/32329.jpg","type":"image\/jpeg"}],"twitter_card":"summary_large_image","twitter_misc":{"Tahmini okuma s\u00fcresi":"1 dakika"},"schema":{"@context":"https:\/\/schema.org","@graph":[{"@type":["WebPage","ItemPage"],"@id":"https:\/\/www.purejewels.com\/product\/22ct-british-hallmarked-gold-mangalsutra-3\/","url":"https:\/\/www.purejewels.com\/product\/22ct-british-hallmarked-gold-mangalsutra-3\/","name":"22 Ayar Alt\u0131n \u00dc\u00e7 Katl\u0131 Mangalsutra Kolye | PureJewels UK","isPartOf":{"@id":"https:\/\/www.purejewels.com\/#website"},"primaryImageOfPage":{"@id":"https:\/\/www.purejewels.com\/product\/22ct-british-hallmarked-gold-mangalsutra-3\/#primaryimage"},"image":{"@id":"https:\/\/www.purejewels.com\/product\/22ct-british-hallmarked-gold-mangalsutra-3\/#primaryimage"},"thumbnailUrl":"https:\/\/static.purejewels.com\/wp-content\/uploads\/2020\/02\/32329.jpg","datePublished":"2020-02-10T05:24:02+00:00","dateModified":"2026-03-24T09:40:10+00:00","description":"Siyah boncuklar ve alt\u0131n detaylara sahip 22 ayar alt\u0131n \u00fc\u00e7 katmanl\u0131 mangalsutra sat\u0131n al\u0131n. Safl\u0131k ve geleneksel kullan\u0131m i\u00e7in el yap\u0131m\u0131 ve \u0130ngiltere damgal\u0131.","breadcrumb":{"@id":"https:\/\/www.purejewels.com\/product\/22ct-british-hallmarked-gold-mangalsutra-3\/#breadcrumb"},"inLanguage":"tr","potentialAction":[{"@type":"ReadAction","target":["https:\/\/www.purejewels.com\/product\/22ct-british-hallmarked-gold-mangalsutra-3\/"]}]},{"@type":"ImageObject","inLanguage":"tr","@id":"https:\/\/www.purejewels.com\/product\/22ct-british-hallmarked-gold-mangalsutra-3\/#primaryimage","url":"https:\/\/static.purejewels.com\/wp-content\/uploads\/2020\/02\/32329.jpg","contentUrl":"https:\/\/static.purejewels.com\/wp-content\/uploads\/2020\/02\/32329.jpg","width":1000,"height":1000,"caption":"32329"},{"@type":"BreadcrumbList","@id":"https:\/\/www.purejewels.com\/product\/22ct-british-hallmarked-gold-mangalsutra-3\/#breadcrumb","itemListElement":[{"@type":"ListItem","position":1,"name":"Home","item":"https:\/\/www.purejewels.com\/"},{"@type":"ListItem","position":2,"name":"Shop","item":"https:\/\/www.purejewels.com\/shop\/"},{"@type":"ListItem","position":3,"name":"22ct Gold Triple Layer Mangalsutra Necklace"}]},{"@type":"WebSite","@id":"https:\/\/www.purejewels.com\/#website","url":"https:\/\/www.purejewels.com\/","name":"PureJewels \u0130ngiltere","description":"Sevgiyi Payla\u015f\u0131n","publisher":{"@id":"https:\/\/www.purejewels.com\/#organization"},"potentialAction":[{"@type":"SearchAction","target":{"@type":"EntryPoint","urlTemplate":"https:\/\/www.purejewels.com\/?s={search_term_string}"},"query-input":{"@type":"PropertyValueSpecification","valueRequired":true,"valueName":"search_term_string"}}],"inLanguage":"tr"},{"@type":"Organization","@id":"https:\/\/www.purejewels.com\/#organization","name":"PureJewels \u0130ngiltere","url":"https:\/\/www.purejewels.com\/","logo":{"@type":"ImageObject","inLanguage":"tr","@id":"https:\/\/www.purejewels.com\/#\/schema\/logo\/image\/","url":"https:\/\/static.purejewels.com\/wp-content\/uploads\/2020\/11\/Logo-PJ-New-1.png","contentUrl":"https:\/\/static.purejewels.com\/wp-content\/uploads\/2020\/11\/Logo-PJ-New-1.png","width":150,"height":80,"caption":"PureJewels UK"},"image":{"@id":"https:\/\/www.purejewels.com\/#\/schema\/logo\/image\/"}}]}},"_links":{"self":[{"href":"https:\/\/www.purejewels.com\/tr\/wp-json\/wp\/v2\/product\/312498","targetHints":{"allow":["GET"]}}],"collection":[{"href":"https:\/\/www.purejewels.com\/tr\/wp-json\/wp\/v2\/product"}],"about":[{"href":"https:\/\/www.purejewels.com\/tr\/wp-json\/wp\/v2\/types\/product"}],"replies":[{"embeddable":true,"href":"https:\/\/www.purejewels.com\/tr\/wp-json\/wp\/v2\/comments?post=312498"}],"version-history":[{"count":2,"href":"https:\/\/www.purejewels.com\/tr\/wp-json\/wp\/v2\/product\/312498\/revisions"}],"predecessor-version":[{"id":427529,"href":"https:\/\/www.purejewels.com\/tr\/wp-json\/wp\/v2\/product\/312498\/revisions\/427529"}],"wp:featuredmedia":[{"embeddable":true,"href":"https:\/\/www.purejewels.com\/tr\/wp-json\/wp\/v2\/media\/312522"}],"wp:attachment":[{"href":"https:\/\/www.purejewels.com\/tr\/wp-json\/wp\/v2\/media?parent=312498"}],"wp:term":[{"taxonomy":"product_brand","embeddable":true,"href":"https:\/\/www.purejewels.com\/tr\/wp-json\/wp\/v2\/product_brand?post=312498"},{"taxonomy":"product_cat","embeddable":true,"href":"https:\/\/www.purejewels.com\/tr\/wp-json\/wp\/v2\/product_cat?post=312498"},{"taxonomy":"product_tag","embeddable":true,"href":"https:\/\/www.purejewels.com\/tr\/wp-json\/wp\/v2\/product_tag?post=312498"}],"curies":[{"name":"wp","href":"https:\/\/api.w.org\/{rel}","templated":true}]}}