{"id":312500,"date":"2020-02-10T05:50:52","date_gmt":"2020-02-10T05:50:52","guid":{"rendered":"https:\/\/www.purejewels.com\/?post_type=product&#038;p=312500"},"modified":"2025-02-25T05:36:24","modified_gmt":"2025-02-25T05:36:24","slug":"22-ayar-altin-pakistan-kolye","status":"publish","type":"product","link":"https:\/\/www.purejewels.com\/tr\/product\/22ct-gold-pakistani-necklace\/","title":{"rendered":"22 Ayar Alt\u0131n Char Ladda Rani Haar"},"content":{"rendered":"<ul>\n<li>A\u011f\u0131rl\u0131k 82,8 gms<\/li>\n<li>SKU. 26752<\/li>\n<\/ul>","protected":false},"excerpt":{"rendered":"<ul>\n<li>22 Ayar Alt\u0131n Kolye uk<\/li>\n<li>Jali Char Lada Haar<\/li>\n<li>A\u011f\u0131rl\u0131k 82,8 gms<\/li>\n<li>SKU. 26752<\/li>\n<li>Bu \u00f6zel Rani haar i\u00e7in e\u015fle\u015fen k\u00fcpeler mevcuttur<\/li>\n<li>T\u00fcm fiyatlara KDV dahildir<\/li>\n<li>T\u00fcm \u00fcr\u00fcnlerimiz London Assay Office taraf\u0131ndan damgalanm\u0131\u015ft\u0131r<\/li>\n<li>T\u00fcm Set sunum Kutusu ile birlikte gelir<\/li>\n<li>Teslimat Dahil<\/li>\n<li>Pakistan d\u00fc\u011f\u00fcn alt\u0131n tak\u0131 setlerini fiyatlar\u0131yla g\u00f6rmek i\u00e7in bize ula\u015f\u0131n \/ bizimle sohbet edin<\/li>\n<li>E\u015fle\u015fen Kada Jali 22 Ayar Alt\u0131n Telkari Kada Bilekli\u011fi G\u00f6r\u00fcnt\u00fcle - \u00a35000.00 (SKU:23514) (purejewels.com)<\/li>\n<\/ul>","protected":false},"featured_media":314291,"comment_status":"closed","ping_status":"closed","template":"","meta":{"_eb_attr":"","_crsspst_to_jayantr4sg-hostcom":true},"product_brand":[],"product_cat":[1625,1781,1253,252,1777,1574],"product_tag":[],"class_list":{"0":"post-312500","1":"product","2":"type-product","3":"status-publish","4":"has-post-thumbnail","6":"product_cat-bridal-set","7":"product_cat-filligree-necklaces","8":"product_cat-gold-necklaces","9":"product_cat-jali-collections","10":"product_cat-long-necklaces","11":"product_cat-womens-jewellery","13":"first","14":"outofstock","15":"sale","16":"taxable","17":"shipping-taxable","18":"product-type-simple","19":"add-to-wishlist-before_image"},"yoast_head":"<!-- This site is optimized with the Yoast SEO plugin v27.3 - https:\/\/yoast.com\/product\/yoast-seo-wordpress\/ -->\n<title>22ct Gold Necklace uk | Jali Char Lada Haar | PureJewels UK<\/title>\n<meta name=\"description\" content=\"Buy a stunning Jali Char Lada Haar bridal necklace made with 22ct gold, weighing 82.8 gms. It is also hallmarked by the London Assay Office, ensuring its authenticity.\" \/>\n<meta name=\"robots\" content=\"index, follow, max-snippet:-1, max-image-preview:large, max-video-preview:-1\" \/>\n<link rel=\"canonical\" href=\"https:\/\/www.purejewels.com\/tr\/urun\/22-ayar-altin-pakistan-kolye\/\" \/>\n<meta property=\"og:locale\" content=\"tr_TR\" \/>\n<meta property=\"og:type\" content=\"article\" \/>\n<meta property=\"og:title\" content=\"22ct Gold Necklace uk | Jali Char Lada Haar | PureJewels UK\" \/>\n<meta property=\"og:description\" content=\"Buy a stunning Jali Char Lada Haar bridal necklace made with 22ct gold, weighing 82.8 gms. It is also hallmarked by the London Assay Office, ensuring its authenticity.\" \/>\n<meta property=\"og:url\" content=\"https:\/\/www.purejewels.com\/tr\/urun\/22-ayar-altin-pakistan-kolye\/\" \/>\n<meta property=\"og:site_name\" content=\"PureJewels UK\" \/>\n<meta property=\"article:modified_time\" content=\"2025-02-25T05:36:24+00:00\" \/>\n<meta property=\"og:image\" content=\"https:\/\/www.purejewels.com\/wp-content\/uploads\/2020\/05\/149771610.jpg\" \/>\n\t<meta property=\"og:image:width\" content=\"1000\" \/>\n\t<meta property=\"og:image:height\" content=\"1000\" \/>\n\t<meta property=\"og:image:type\" content=\"image\/jpeg\" \/>\n<meta name=\"twitter:card\" content=\"summary_large_image\" \/>\n<script type=\"application\/ld+json\" class=\"yoast-schema-graph\">{\"@context\":\"https:\\\/\\\/schema.org\",\"@graph\":[{\"@type\":[\"WebPage\",\"ItemPage\"],\"@id\":\"https:\\\/\\\/www.purejewels.com\\\/product\\\/22ct-gold-pakistani-necklace\\\/\",\"url\":\"https:\\\/\\\/www.purejewels.com\\\/product\\\/22ct-gold-pakistani-necklace\\\/\",\"name\":\"22ct Gold Necklace uk | Jali Char Lada Haar | PureJewels UK\",\"isPartOf\":{\"@id\":\"https:\\\/\\\/www.purejewels.com\\\/#website\"},\"primaryImageOfPage\":{\"@id\":\"https:\\\/\\\/www.purejewels.com\\\/product\\\/22ct-gold-pakistani-necklace\\\/#primaryimage\"},\"image\":{\"@id\":\"https:\\\/\\\/www.purejewels.com\\\/product\\\/22ct-gold-pakistani-necklace\\\/#primaryimage\"},\"thumbnailUrl\":\"https:\\\/\\\/static.purejewels.com\\\/wp-content\\\/uploads\\\/2020\\\/05\\\/149771610.jpg\",\"datePublished\":\"2020-02-10T05:50:52+00:00\",\"dateModified\":\"2025-02-25T05:36:24+00:00\",\"description\":\"Buy a stunning Jali Char Lada Haar bridal necklace made with 22ct gold, weighing 82.8 gms. It is also hallmarked by the London Assay Office, ensuring its authenticity.\",\"breadcrumb\":{\"@id\":\"https:\\\/\\\/www.purejewels.com\\\/product\\\/22ct-gold-pakistani-necklace\\\/#breadcrumb\"},\"inLanguage\":\"tr\",\"potentialAction\":[{\"@type\":\"ReadAction\",\"target\":[\"https:\\\/\\\/www.purejewels.com\\\/product\\\/22ct-gold-pakistani-necklace\\\/\"]}]},{\"@type\":\"ImageObject\",\"inLanguage\":\"tr\",\"@id\":\"https:\\\/\\\/www.purejewels.com\\\/product\\\/22ct-gold-pakistani-necklace\\\/#primaryimage\",\"url\":\"https:\\\/\\\/static.purejewels.com\\\/wp-content\\\/uploads\\\/2020\\\/05\\\/149771610.jpg\",\"contentUrl\":\"https:\\\/\\\/static.purejewels.com\\\/wp-content\\\/uploads\\\/2020\\\/05\\\/149771610.jpg\",\"width\":1000,\"height\":1000,\"caption\":\"22ct Gold Necklace ukJali Char Lada HaarWt. 82.8 gSKU. 26752Matching Earrings are available for this particular Rani haarAll prices include VATAll our products are hallmarked by London Assay OfficeAll Set comes with presentation BoxDelivery IncludedContact us \\\/ chat with us to see wedding gold jewellery sets with price\"},{\"@type\":\"BreadcrumbList\",\"@id\":\"https:\\\/\\\/www.purejewels.com\\\/product\\\/22ct-gold-pakistani-necklace\\\/#breadcrumb\",\"itemListElement\":[{\"@type\":\"ListItem\",\"position\":1,\"name\":\"Home\",\"item\":\"https:\\\/\\\/www.purejewels.com\\\/\"},{\"@type\":\"ListItem\",\"position\":2,\"name\":\"Shop\",\"item\":\"https:\\\/\\\/www.purejewels.com\\\/shop\\\/\"},{\"@type\":\"ListItem\",\"position\":3,\"name\":\"22ct Gold Char Ladda Rani Haar\"}]},{\"@type\":\"WebSite\",\"@id\":\"https:\\\/\\\/www.purejewels.com\\\/#website\",\"url\":\"https:\\\/\\\/www.purejewels.com\\\/\",\"name\":\"PureJewels UK\",\"description\":\"Share the Love\",\"publisher\":{\"@id\":\"https:\\\/\\\/www.purejewels.com\\\/#organization\"},\"potentialAction\":[{\"@type\":\"SearchAction\",\"target\":{\"@type\":\"EntryPoint\",\"urlTemplate\":\"https:\\\/\\\/www.purejewels.com\\\/?s={search_term_string}\"},\"query-input\":{\"@type\":\"PropertyValueSpecification\",\"valueRequired\":true,\"valueName\":\"search_term_string\"}}],\"inLanguage\":\"tr\"},{\"@type\":\"Organization\",\"@id\":\"https:\\\/\\\/www.purejewels.com\\\/#organization\",\"name\":\"PureJewels UK\",\"url\":\"https:\\\/\\\/www.purejewels.com\\\/\",\"logo\":{\"@type\":\"ImageObject\",\"inLanguage\":\"tr\",\"@id\":\"https:\\\/\\\/www.purejewels.com\\\/#\\\/schema\\\/logo\\\/image\\\/\",\"url\":\"https:\\\/\\\/static.purejewels.com\\\/wp-content\\\/uploads\\\/2020\\\/11\\\/Logo-PJ-New-1.png\",\"contentUrl\":\"https:\\\/\\\/static.purejewels.com\\\/wp-content\\\/uploads\\\/2020\\\/11\\\/Logo-PJ-New-1.png\",\"width\":150,\"height\":80,\"caption\":\"PureJewels UK\"},\"image\":{\"@id\":\"https:\\\/\\\/www.purejewels.com\\\/#\\\/schema\\\/logo\\\/image\\\/\"}}]}<\/script>\n<!-- \/ Yoast SEO plugin. -->","yoast_head_json":{"title":"22 Ayar Alt\u0131n Kolye uk | Jali Char Lada Haar | PureJewels UK","description":"82,8 g a\u011f\u0131rl\u0131\u011f\u0131nda, 22 ayar alt\u0131ndan yap\u0131lm\u0131\u015f \u00e7arp\u0131c\u0131 bir Jali Char Lada Haar gelin kolyesi sat\u0131n al\u0131n. Ayr\u0131ca Londra Assay Ofisi taraf\u0131ndan damgalanarak orijinalli\u011fi garanti alt\u0131na al\u0131nm\u0131\u015ft\u0131r.","robots":{"index":"index","follow":"follow","max-snippet":"max-snippet:-1","max-image-preview":"max-image-preview:large","max-video-preview":"max-video-preview:-1"},"canonical":"https:\/\/www.purejewels.com\/tr\/urun\/22-ayar-altin-pakistan-kolye\/","og_locale":"tr_TR","og_type":"article","og_title":"22ct Gold Necklace uk | Jali Char Lada Haar | PureJewels UK","og_description":"Buy a stunning Jali Char Lada Haar bridal necklace made with 22ct gold, weighing 82.8 gms. It is also hallmarked by the London Assay Office, ensuring its authenticity.","og_url":"https:\/\/www.purejewels.com\/tr\/urun\/22-ayar-altin-pakistan-kolye\/","og_site_name":"PureJewels UK","article_modified_time":"2025-02-25T05:36:24+00:00","og_image":[{"width":1000,"height":1000,"url":"https:\/\/www.purejewels.com\/wp-content\/uploads\/2020\/05\/149771610.jpg","type":"image\/jpeg"}],"twitter_card":"summary_large_image","schema":{"@context":"https:\/\/schema.org","@graph":[{"@type":["WebPage","ItemPage"],"@id":"https:\/\/www.purejewels.com\/product\/22ct-gold-pakistani-necklace\/","url":"https:\/\/www.purejewels.com\/product\/22ct-gold-pakistani-necklace\/","name":"22 Ayar Alt\u0131n Kolye uk | Jali Char Lada Haar | PureJewels UK","isPartOf":{"@id":"https:\/\/www.purejewels.com\/#website"},"primaryImageOfPage":{"@id":"https:\/\/www.purejewels.com\/product\/22ct-gold-pakistani-necklace\/#primaryimage"},"image":{"@id":"https:\/\/www.purejewels.com\/product\/22ct-gold-pakistani-necklace\/#primaryimage"},"thumbnailUrl":"https:\/\/static.purejewels.com\/wp-content\/uploads\/2020\/05\/149771610.jpg","datePublished":"2020-02-10T05:50:52+00:00","dateModified":"2025-02-25T05:36:24+00:00","description":"82,8 g a\u011f\u0131rl\u0131\u011f\u0131nda, 22 ayar alt\u0131ndan yap\u0131lm\u0131\u015f \u00e7arp\u0131c\u0131 bir Jali Char Lada Haar gelin kolyesi sat\u0131n al\u0131n. Ayr\u0131ca Londra Assay Ofisi taraf\u0131ndan damgalanarak orijinalli\u011fi garanti alt\u0131na al\u0131nm\u0131\u015ft\u0131r.","breadcrumb":{"@id":"https:\/\/www.purejewels.com\/product\/22ct-gold-pakistani-necklace\/#breadcrumb"},"inLanguage":"tr","potentialAction":[{"@type":"ReadAction","target":["https:\/\/www.purejewels.com\/product\/22ct-gold-pakistani-necklace\/"]}]},{"@type":"ImageObject","inLanguage":"tr","@id":"https:\/\/www.purejewels.com\/product\/22ct-gold-pakistani-necklace\/#primaryimage","url":"https:\/\/static.purejewels.com\/wp-content\/uploads\/2020\/05\/149771610.jpg","contentUrl":"https:\/\/static.purejewels.com\/wp-content\/uploads\/2020\/05\/149771610.jpg","width":1000,"height":1000,"caption":"22ct Gold Necklace ukJali Char Lada HaarWt. 82.8 gSKU. 26752Matching Earrings are available for this particular Rani haarAll prices include VATAll our products are hallmarked by London Assay OfficeAll Set comes with presentation BoxDelivery IncludedContact us \/ chat with us to see wedding gold jewellery sets with price"},{"@type":"BreadcrumbList","@id":"https:\/\/www.purejewels.com\/product\/22ct-gold-pakistani-necklace\/#breadcrumb","itemListElement":[{"@type":"ListItem","position":1,"name":"Home","item":"https:\/\/www.purejewels.com\/"},{"@type":"ListItem","position":2,"name":"Shop","item":"https:\/\/www.purejewels.com\/shop\/"},{"@type":"ListItem","position":3,"name":"22ct Gold Char Ladda Rani Haar"}]},{"@type":"WebSite","@id":"https:\/\/www.purejewels.com\/#website","url":"https:\/\/www.purejewels.com\/","name":"PureJewels \u0130ngiltere","description":"Sevgiyi Payla\u015f\u0131n","publisher":{"@id":"https:\/\/www.purejewels.com\/#organization"},"potentialAction":[{"@type":"SearchAction","target":{"@type":"EntryPoint","urlTemplate":"https:\/\/www.purejewels.com\/?s={search_term_string}"},"query-input":{"@type":"PropertyValueSpecification","valueRequired":true,"valueName":"search_term_string"}}],"inLanguage":"tr"},{"@type":"Organization","@id":"https:\/\/www.purejewels.com\/#organization","name":"PureJewels \u0130ngiltere","url":"https:\/\/www.purejewels.com\/","logo":{"@type":"ImageObject","inLanguage":"tr","@id":"https:\/\/www.purejewels.com\/#\/schema\/logo\/image\/","url":"https:\/\/static.purejewels.com\/wp-content\/uploads\/2020\/11\/Logo-PJ-New-1.png","contentUrl":"https:\/\/static.purejewels.com\/wp-content\/uploads\/2020\/11\/Logo-PJ-New-1.png","width":150,"height":80,"caption":"PureJewels UK"},"image":{"@id":"https:\/\/www.purejewels.com\/#\/schema\/logo\/image\/"}}]}},"_links":{"self":[{"href":"https:\/\/www.purejewels.com\/tr\/wp-json\/wp\/v2\/product\/312500","targetHints":{"allow":["GET"]}}],"collection":[{"href":"https:\/\/www.purejewels.com\/tr\/wp-json\/wp\/v2\/product"}],"about":[{"href":"https:\/\/www.purejewels.com\/tr\/wp-json\/wp\/v2\/types\/product"}],"replies":[{"embeddable":true,"href":"https:\/\/www.purejewels.com\/tr\/wp-json\/wp\/v2\/comments?post=312500"}],"version-history":[{"count":2,"href":"https:\/\/www.purejewels.com\/tr\/wp-json\/wp\/v2\/product\/312500\/revisions"}],"predecessor-version":[{"id":387902,"href":"https:\/\/www.purejewels.com\/tr\/wp-json\/wp\/v2\/product\/312500\/revisions\/387902"}],"wp:featuredmedia":[{"embeddable":true,"href":"https:\/\/www.purejewels.com\/tr\/wp-json\/wp\/v2\/media\/314291"}],"wp:attachment":[{"href":"https:\/\/www.purejewels.com\/tr\/wp-json\/wp\/v2\/media?parent=312500"}],"wp:term":[{"taxonomy":"product_brand","embeddable":true,"href":"https:\/\/www.purejewels.com\/tr\/wp-json\/wp\/v2\/product_brand?post=312500"},{"taxonomy":"product_cat","embeddable":true,"href":"https:\/\/www.purejewels.com\/tr\/wp-json\/wp\/v2\/product_cat?post=312500"},{"taxonomy":"product_tag","embeddable":true,"href":"https:\/\/www.purejewels.com\/tr\/wp-json\/wp\/v2\/product_tag?post=312500"}],"curies":[{"name":"wp","href":"https:\/\/api.w.org\/{rel}","templated":true}]}}