{"id":312620,"date":"2020-02-11T10:56:46","date_gmt":"2020-02-11T10:56:46","guid":{"rendered":"https:\/\/www.purejewels.com\/?post_type=product&#038;p=312620"},"modified":"2021-12-16T12:52:35","modified_gmt":"2021-12-16T12:52:35","slug":"vinyasa-dogal-beyaz-altin-ve-pirlanta-kolye","status":"publish","type":"product","link":"https:\/\/www.purejewels.com\/tr\/product\/vinyasa-natural-white-gold-and-diamond-necklace\/","title":{"rendered":"Vinyasa Do\u011fal Beyaz Alt\u0131n ve P\u0131rlanta Kolye"},"content":{"rendered":"<p>&nbsp;<\/p>\n<ul>\n<li>Sku 28986<\/li>\n<\/ul>","protected":false},"excerpt":{"rendered":"<ul>\n<li>Vinyasa Do\u011fal Beyaz Alt\u0131n ve P\u0131rlanta Kolye<\/li>\n<li>18 Ayar Beyaz Alt\u0131n<\/li>\n<li>P\u0131rlanta A\u011f\u0131rl\u0131\u011f\u0131 0.04cts<\/li>\n<li>Sku 28986<\/li>\n<li>T\u00fcm fiyatlara KDV dahildir<\/li>\n<li>Londra Tahlil Ofisi Taraf\u0131ndan Damgalanm\u0131\u015f 18 Ayar Alt\u0131n<\/li>\n<li>Sunum Kutusu ile Birlikte Gelir<\/li>\n<li>Teslimat Dahil<\/li>\n<li>Stok durumu ve stokta bulunan benzer tasar\u0131mlar\u0131n daha fazla g\u00f6r\u00fcnt\u00fcs\u00fc i\u00e7in bizimle canl\u0131 sohbet edin<\/li>\n<\/ul>","protected":false},"featured_media":312621,"comment_status":"closed","ping_status":"closed","template":"","meta":{"_eb_attr":"","_crsspst_to_jayantr4sg-hostcom":false},"product_brand":[],"product_cat":[1559,1480,1573,1537,1574],"product_tag":[1461],"class_list":{"0":"post-312620","1":"product","2":"type-product","3":"status-publish","4":"has-post-thumbnail","6":"product_cat-birthday-gifts","7":"product_cat-vinyasa-collections","8":"product_cat-wedding-gifts","9":"product_cat-white-gold-jewellery-set","10":"product_cat-womens-jewellery","11":"product_tag-diamond-necklace","13":"first","14":"outofstock","15":"taxable","16":"shipping-taxable","17":"product-type-simple","18":"add-to-wishlist-before_image"},"yoast_head":"<!-- This site is optimized with the Yoast SEO plugin v27.3 - https:\/\/yoast.com\/product\/yoast-seo-wordpress\/ -->\n<title>Vinyasa Natural White Gold and Diamond Necklace | PureJewels<\/title>\n<meta name=\"description\" content=\"Browse &amp; buy our Vinyasa Natural White Gold and Diamond Necklace. Our 18ct Gold\u00a0Jewellery are Hallmarked by London Assay Office\" \/>\n<meta name=\"robots\" content=\"index, follow, max-snippet:-1, max-image-preview:large, max-video-preview:-1\" \/>\n<link rel=\"canonical\" href=\"https:\/\/www.purejewels.com\/tr\/urun\/vinyasa-dogal-beyaz-altin-ve-pirlanta-kolye\/\" \/>\n<meta property=\"og:locale\" content=\"tr_TR\" \/>\n<meta property=\"og:type\" content=\"article\" \/>\n<meta property=\"og:title\" content=\"Vinyasa Natural White Gold and Diamond Necklace | PureJewels\" \/>\n<meta property=\"og:description\" content=\"Browse &amp; buy our Vinyasa Natural White Gold and Diamond Necklace. Our 18ct Gold\u00a0Jewellery are Hallmarked by London Assay Office\" \/>\n<meta property=\"og:url\" content=\"https:\/\/www.purejewels.com\/tr\/urun\/vinyasa-dogal-beyaz-altin-ve-pirlanta-kolye\/\" \/>\n<meta property=\"og:site_name\" content=\"PureJewels UK\" \/>\n<meta property=\"article:modified_time\" content=\"2021-12-16T12:52:35+00:00\" \/>\n<meta property=\"og:image\" content=\"https:\/\/www.purejewels.com\/wp-content\/uploads\/2020\/02\/28986-scaled.jpg\" \/>\n\t<meta property=\"og:image:width\" content=\"1707\" \/>\n\t<meta property=\"og:image:height\" content=\"2560\" \/>\n\t<meta property=\"og:image:type\" content=\"image\/jpeg\" \/>\n<meta name=\"twitter:card\" content=\"summary_large_image\" \/>\n<meta name=\"twitter:label1\" content=\"Tahmini okuma s\u00fcresi\" \/>\n\t<meta name=\"twitter:data1\" content=\"1 dakika\" \/>\n<script type=\"application\/ld+json\" class=\"yoast-schema-graph\">{\"@context\":\"https:\\\/\\\/schema.org\",\"@graph\":[{\"@type\":[\"WebPage\",\"ItemPage\"],\"@id\":\"https:\\\/\\\/www.purejewels.com\\\/product\\\/vinyasa-natural-white-gold-and-diamond-necklace\\\/\",\"url\":\"https:\\\/\\\/www.purejewels.com\\\/product\\\/vinyasa-natural-white-gold-and-diamond-necklace\\\/\",\"name\":\"Vinyasa Natural White Gold and Diamond Necklace | PureJewels\",\"isPartOf\":{\"@id\":\"https:\\\/\\\/www.purejewels.com\\\/#website\"},\"primaryImageOfPage\":{\"@id\":\"https:\\\/\\\/www.purejewels.com\\\/product\\\/vinyasa-natural-white-gold-and-diamond-necklace\\\/#primaryimage\"},\"image\":{\"@id\":\"https:\\\/\\\/www.purejewels.com\\\/product\\\/vinyasa-natural-white-gold-and-diamond-necklace\\\/#primaryimage\"},\"thumbnailUrl\":\"https:\\\/\\\/static.purejewels.com\\\/wp-content\\\/uploads\\\/2020\\\/02\\\/28986-scaled.jpg\",\"datePublished\":\"2020-02-11T10:56:46+00:00\",\"dateModified\":\"2021-12-16T12:52:35+00:00\",\"description\":\"Browse & buy our Vinyasa Natural White Gold and Diamond Necklace. Our 18ct Gold\u00a0Jewellery are Hallmarked by London Assay Office\",\"breadcrumb\":{\"@id\":\"https:\\\/\\\/www.purejewels.com\\\/product\\\/vinyasa-natural-white-gold-and-diamond-necklace\\\/#breadcrumb\"},\"inLanguage\":\"tr\",\"potentialAction\":[{\"@type\":\"ReadAction\",\"target\":[\"https:\\\/\\\/www.purejewels.com\\\/product\\\/vinyasa-natural-white-gold-and-diamond-necklace\\\/\"]}]},{\"@type\":\"ImageObject\",\"inLanguage\":\"tr\",\"@id\":\"https:\\\/\\\/www.purejewels.com\\\/product\\\/vinyasa-natural-white-gold-and-diamond-necklace\\\/#primaryimage\",\"url\":\"https:\\\/\\\/static.purejewels.com\\\/wp-content\\\/uploads\\\/2020\\\/02\\\/28986-scaled.jpg\",\"contentUrl\":\"https:\\\/\\\/static.purejewels.com\\\/wp-content\\\/uploads\\\/2020\\\/02\\\/28986-scaled.jpg\",\"width\":1707,\"height\":2560,\"caption\":\"Vinyasa Natural White Gold and Diamond Necklace\"},{\"@type\":\"BreadcrumbList\",\"@id\":\"https:\\\/\\\/www.purejewels.com\\\/product\\\/vinyasa-natural-white-gold-and-diamond-necklace\\\/#breadcrumb\",\"itemListElement\":[{\"@type\":\"ListItem\",\"position\":1,\"name\":\"Home\",\"item\":\"https:\\\/\\\/www.purejewels.com\\\/\"},{\"@type\":\"ListItem\",\"position\":2,\"name\":\"Shop\",\"item\":\"https:\\\/\\\/www.purejewels.com\\\/shop\\\/\"},{\"@type\":\"ListItem\",\"position\":3,\"name\":\"Vinyasa Natural White Gold and Diamond Necklace\"}]},{\"@type\":\"WebSite\",\"@id\":\"https:\\\/\\\/www.purejewels.com\\\/#website\",\"url\":\"https:\\\/\\\/www.purejewels.com\\\/\",\"name\":\"PureJewels UK\",\"description\":\"Share the Love\",\"publisher\":{\"@id\":\"https:\\\/\\\/www.purejewels.com\\\/#organization\"},\"potentialAction\":[{\"@type\":\"SearchAction\",\"target\":{\"@type\":\"EntryPoint\",\"urlTemplate\":\"https:\\\/\\\/www.purejewels.com\\\/?s={search_term_string}\"},\"query-input\":{\"@type\":\"PropertyValueSpecification\",\"valueRequired\":true,\"valueName\":\"search_term_string\"}}],\"inLanguage\":\"tr\"},{\"@type\":\"Organization\",\"@id\":\"https:\\\/\\\/www.purejewels.com\\\/#organization\",\"name\":\"PureJewels UK\",\"url\":\"https:\\\/\\\/www.purejewels.com\\\/\",\"logo\":{\"@type\":\"ImageObject\",\"inLanguage\":\"tr\",\"@id\":\"https:\\\/\\\/www.purejewels.com\\\/#\\\/schema\\\/logo\\\/image\\\/\",\"url\":\"https:\\\/\\\/static.purejewels.com\\\/wp-content\\\/uploads\\\/2020\\\/11\\\/Logo-PJ-New-1.png\",\"contentUrl\":\"https:\\\/\\\/static.purejewels.com\\\/wp-content\\\/uploads\\\/2020\\\/11\\\/Logo-PJ-New-1.png\",\"width\":150,\"height\":80,\"caption\":\"PureJewels UK\"},\"image\":{\"@id\":\"https:\\\/\\\/www.purejewels.com\\\/#\\\/schema\\\/logo\\\/image\\\/\"}}]}<\/script>\n<!-- \/ Yoast SEO plugin. -->","yoast_head_json":{"title":"Vinyasa Do\u011fal Beyaz Alt\u0131n ve P\u0131rlanta Kolye | PureJewels","description":"Vinyasa Do\u011fal Beyaz Alt\u0131n ve P\u0131rlanta Kolyemize g\u00f6z at\u0131n ve sat\u0131n al\u0131n. 18 Ayar Alt\u0131n M\u00fccevherlerimiz Londra Tahlil Ofisi taraf\u0131ndan damgalanm\u0131\u015ft\u0131r","robots":{"index":"index","follow":"follow","max-snippet":"max-snippet:-1","max-image-preview":"max-image-preview:large","max-video-preview":"max-video-preview:-1"},"canonical":"https:\/\/www.purejewels.com\/tr\/urun\/vinyasa-dogal-beyaz-altin-ve-pirlanta-kolye\/","og_locale":"tr_TR","og_type":"article","og_title":"Vinyasa Natural White Gold and Diamond Necklace | PureJewels","og_description":"Browse & buy our Vinyasa Natural White Gold and Diamond Necklace. Our 18ct Gold\u00a0Jewellery are Hallmarked by London Assay Office","og_url":"https:\/\/www.purejewels.com\/tr\/urun\/vinyasa-dogal-beyaz-altin-ve-pirlanta-kolye\/","og_site_name":"PureJewels UK","article_modified_time":"2021-12-16T12:52:35+00:00","og_image":[{"width":1707,"height":2560,"url":"https:\/\/www.purejewels.com\/wp-content\/uploads\/2020\/02\/28986-scaled.jpg","type":"image\/jpeg"}],"twitter_card":"summary_large_image","twitter_misc":{"Tahmini okuma s\u00fcresi":"1 dakika"},"schema":{"@context":"https:\/\/schema.org","@graph":[{"@type":["WebPage","ItemPage"],"@id":"https:\/\/www.purejewels.com\/product\/vinyasa-natural-white-gold-and-diamond-necklace\/","url":"https:\/\/www.purejewels.com\/product\/vinyasa-natural-white-gold-and-diamond-necklace\/","name":"Vinyasa Do\u011fal Beyaz Alt\u0131n ve P\u0131rlanta Kolye | PureJewels","isPartOf":{"@id":"https:\/\/www.purejewels.com\/#website"},"primaryImageOfPage":{"@id":"https:\/\/www.purejewels.com\/product\/vinyasa-natural-white-gold-and-diamond-necklace\/#primaryimage"},"image":{"@id":"https:\/\/www.purejewels.com\/product\/vinyasa-natural-white-gold-and-diamond-necklace\/#primaryimage"},"thumbnailUrl":"https:\/\/static.purejewels.com\/wp-content\/uploads\/2020\/02\/28986-scaled.jpg","datePublished":"2020-02-11T10:56:46+00:00","dateModified":"2021-12-16T12:52:35+00:00","description":"Vinyasa Do\u011fal Beyaz Alt\u0131n ve P\u0131rlanta Kolyemize g\u00f6z at\u0131n ve sat\u0131n al\u0131n. 18 Ayar Alt\u0131n M\u00fccevherlerimiz Londra Tahlil Ofisi taraf\u0131ndan damgalanm\u0131\u015ft\u0131r","breadcrumb":{"@id":"https:\/\/www.purejewels.com\/product\/vinyasa-natural-white-gold-and-diamond-necklace\/#breadcrumb"},"inLanguage":"tr","potentialAction":[{"@type":"ReadAction","target":["https:\/\/www.purejewels.com\/product\/vinyasa-natural-white-gold-and-diamond-necklace\/"]}]},{"@type":"ImageObject","inLanguage":"tr","@id":"https:\/\/www.purejewels.com\/product\/vinyasa-natural-white-gold-and-diamond-necklace\/#primaryimage","url":"https:\/\/static.purejewels.com\/wp-content\/uploads\/2020\/02\/28986-scaled.jpg","contentUrl":"https:\/\/static.purejewels.com\/wp-content\/uploads\/2020\/02\/28986-scaled.jpg","width":1707,"height":2560,"caption":"Vinyasa Natural White Gold and Diamond Necklace"},{"@type":"BreadcrumbList","@id":"https:\/\/www.purejewels.com\/product\/vinyasa-natural-white-gold-and-diamond-necklace\/#breadcrumb","itemListElement":[{"@type":"ListItem","position":1,"name":"Home","item":"https:\/\/www.purejewels.com\/"},{"@type":"ListItem","position":2,"name":"Shop","item":"https:\/\/www.purejewels.com\/shop\/"},{"@type":"ListItem","position":3,"name":"Vinyasa Natural White Gold and Diamond Necklace"}]},{"@type":"WebSite","@id":"https:\/\/www.purejewels.com\/#website","url":"https:\/\/www.purejewels.com\/","name":"PureJewels \u0130ngiltere","description":"Sevgiyi Payla\u015f\u0131n","publisher":{"@id":"https:\/\/www.purejewels.com\/#organization"},"potentialAction":[{"@type":"SearchAction","target":{"@type":"EntryPoint","urlTemplate":"https:\/\/www.purejewels.com\/?s={search_term_string}"},"query-input":{"@type":"PropertyValueSpecification","valueRequired":true,"valueName":"search_term_string"}}],"inLanguage":"tr"},{"@type":"Organization","@id":"https:\/\/www.purejewels.com\/#organization","name":"PureJewels \u0130ngiltere","url":"https:\/\/www.purejewels.com\/","logo":{"@type":"ImageObject","inLanguage":"tr","@id":"https:\/\/www.purejewels.com\/#\/schema\/logo\/image\/","url":"https:\/\/static.purejewels.com\/wp-content\/uploads\/2020\/11\/Logo-PJ-New-1.png","contentUrl":"https:\/\/static.purejewels.com\/wp-content\/uploads\/2020\/11\/Logo-PJ-New-1.png","width":150,"height":80,"caption":"PureJewels UK"},"image":{"@id":"https:\/\/www.purejewels.com\/#\/schema\/logo\/image\/"}}]}},"_links":{"self":[{"href":"https:\/\/www.purejewels.com\/tr\/wp-json\/wp\/v2\/product\/312620","targetHints":{"allow":["GET"]}}],"collection":[{"href":"https:\/\/www.purejewels.com\/tr\/wp-json\/wp\/v2\/product"}],"about":[{"href":"https:\/\/www.purejewels.com\/tr\/wp-json\/wp\/v2\/types\/product"}],"replies":[{"embeddable":true,"href":"https:\/\/www.purejewels.com\/tr\/wp-json\/wp\/v2\/comments?post=312620"}],"version-history":[{"count":0,"href":"https:\/\/www.purejewels.com\/tr\/wp-json\/wp\/v2\/product\/312620\/revisions"}],"wp:featuredmedia":[{"embeddable":true,"href":"https:\/\/www.purejewels.com\/tr\/wp-json\/wp\/v2\/media\/312621"}],"wp:attachment":[{"href":"https:\/\/www.purejewels.com\/tr\/wp-json\/wp\/v2\/media?parent=312620"}],"wp:term":[{"taxonomy":"product_brand","embeddable":true,"href":"https:\/\/www.purejewels.com\/tr\/wp-json\/wp\/v2\/product_brand?post=312620"},{"taxonomy":"product_cat","embeddable":true,"href":"https:\/\/www.purejewels.com\/tr\/wp-json\/wp\/v2\/product_cat?post=312620"},{"taxonomy":"product_tag","embeddable":true,"href":"https:\/\/www.purejewels.com\/tr\/wp-json\/wp\/v2\/product_tag?post=312620"}],"curies":[{"name":"wp","href":"https:\/\/api.w.org\/{rel}","templated":true}]}}