{"id":312695,"date":"2020-02-28T10:16:42","date_gmt":"2020-02-28T10:16:42","guid":{"rendered":"https:\/\/www.purejewels.com\/?post_type=product&#038;p=312695"},"modified":"2026-03-17T09:03:58","modified_gmt":"2026-03-17T09:03:58","slug":"diya-collection-22-ayar-altin-yuzuk","status":"publish","type":"product","link":"https:\/\/www.purejewels.com\/tr\/product\/diya-collection-22ct-gold-ring\/","title":{"rendered":"Diya Koleksiyonu 22 Ayar Alt\u0131n P\u0131rlanta \u00c7apraz Y\u00fcz\u00fck"},"content":{"rendered":"<p>Tasar\u0131m<br \/>\nBir diyan\u0131n nazik \u0131\u015f\u0131lt\u0131s\u0131ndan ilham alan bu y\u00fcz\u00fck, parma\u011f\u0131n etraf\u0131n\u0131 zarif\u00e7e saran ak\u0131c\u0131 \u00e7apraz bantlara sahiptir. \u0130nce p\u0131rlanta s\u0131ralar\u0131 her bir k\u0131vr\u0131m\u0131 takip ederek merkezde odak ve \u0131\u015f\u0131k getiren narin bir k\u00fcmeye ula\u015f\u0131yor. Katmanl\u0131 siluet derinlik yarat\u0131rken zarif ve dengeli bir duru\u015f sergiliyor.<\/p>\n<p>Zanaatkarl\u0131k<br \/>\n22 ayar alt\u0131ndan \u00fcretilen y\u00fcz\u00fck, her bir p\u0131rlantan\u0131n parlakl\u0131\u011f\u0131n\u0131 art\u0131ran zengin bir s\u0131cakl\u0131k ta\u015f\u0131yor. Ta\u015flar, e\u015fit aral\u0131klar ve p\u00fcr\u00fczs\u00fcz bir y\u00fczey sa\u011flamak i\u00e7in bantlar boyunca dikkatlice elle yerle\u015ftirilmi\u015ftir. Her bir par\u00e7a \u0130ngiltere'de damgalanarak alt\u0131n\u0131n safl\u0131\u011f\u0131 ve i\u015f\u00e7ili\u011finin b\u00fct\u00fcnl\u00fc\u011f\u00fc teyit edilmi\u015ftir.<\/p>\n<p>\u015eekillendirme &amp; Hediyele\u015fme<br \/>\nBu y\u00fcz\u00fck, tek ba\u015f\u0131na \u00e7arp\u0131c\u0131 bir par\u00e7a olu\u015ftururken ayn\u0131 zamanda katmanl\u0131 bir g\u00f6r\u00fcn\u00fcm i\u00e7in sade alt\u0131n bantlarla g\u00fczel bir \u015fekilde e\u015fle\u015fir. Bayram kutlamalar\u0131 ve anlaml\u0131 hediyeler i\u00e7in ideal olan bu y\u00fcz\u00fck, hem gelene\u011fi hem de \u00e7a\u011fda\u015f zarafeti yans\u0131t\u0131yor. Do\u011fum g\u00fcnleri, y\u0131l d\u00f6n\u00fcmleri veya hat\u0131rlanmay\u0131 hak eden anlar i\u00e7in d\u00fc\u015f\u00fcnceli bir se\u00e7im.<\/p>","protected":false},"excerpt":{"rendered":"<ul>\n<li>Kesilmemi\u015f Polki P\u0131rlantal\u0131 22 Ayar Alt\u0131n Bayan Y\u00fcz\u00fck<\/li>\n<li>Kesilmemi\u015f Polki P\u0131rlanta a\u011f\u0131rl\u0131\u011f\u0131 0,37 ct karat<\/li>\n<li>Y\u00fcz\u00fc\u011f\u00fcn 22 ayar alt\u0131n a\u011f\u0131rl\u0131\u011f\u0131 3,7 gramd\u0131r<\/li>\n<li>Y\u00fcz\u00fck \u00d6l\u00e7\u00fcs\u00fc: M 1\/2<\/li>\n<li>SKU. 32673<\/li>\n<li>Londra Tahlil Ofisi Taraf\u0131ndan Damgalanm\u0131\u015f 22 Ayar Alt\u0131n<\/li>\n<li>Sunum Kutusu ile Birlikte Gelir<\/li>\n<li>Teslimat Dahil<\/li>\n<li>T\u00fcm fiyatlara KDV dahildir<\/li>\n<li>Stok durumu ve stokta bulunan benzer tasar\u0131mlar\u0131n daha fazla g\u00f6r\u00fcnt\u00fcs\u00fc i\u00e7in bizimle canl\u0131 sohbet edin<\/li>\n<\/ul>","protected":false},"featured_media":315875,"comment_status":"closed","ping_status":"closed","template":"","meta":{"_eb_attr":"","_crsspst_to_jayantr4sg-hostcom":false},"product_brand":[],"product_cat":[1791,1559,254,1235,1783,1786,1573,1574],"product_tag":[],"class_list":{"0":"post-312695","1":"product","2":"type-product","3":"status-publish","4":"has-post-thumbnail","6":"product_cat-anniversary-gifts","7":"product_cat-birthday-gifts","8":"product_cat-diya-collections","9":"product_cat-gold-rings","10":"product_cat-ladies-rings","11":"product_cat-occasional-wear-rings","12":"product_cat-wedding-gifts","13":"product_cat-womens-jewellery","15":"first","16":"outofstock","17":"taxable","18":"shipping-taxable","19":"product-type-simple","20":"add-to-wishlist-before_image"},"yoast_head":"<!-- This site is optimized with the Yoast SEO plugin v27.3 - https:\/\/yoast.com\/product\/yoast-seo-wordpress\/ -->\n<title>Diya Collection 22ct Gold Diamond Ring Size M 1\/2 | PureJewels<\/title>\n<meta name=\"description\" content=\"Explore the Diya Collection 22ct gold diamond crossover ring featuring layered bands and a delicate cluster centre. Handcrafted and UK hallmarked for purity.\" \/>\n<meta name=\"robots\" content=\"index, follow, max-snippet:-1, max-image-preview:large, max-video-preview:-1\" \/>\n<link rel=\"canonical\" href=\"https:\/\/www.purejewels.com\/tr\/urun\/diya-collection-22-ayar-altin-yuzuk\/\" \/>\n<meta property=\"og:locale\" content=\"tr_TR\" \/>\n<meta property=\"og:type\" content=\"article\" \/>\n<meta property=\"og:title\" content=\"Diya Collection 22ct Gold Diamond Ring Size M 1\/2 | PureJewels\" \/>\n<meta property=\"og:description\" content=\"Explore the Diya Collection 22ct gold diamond crossover ring featuring layered bands and a delicate cluster centre. Handcrafted and UK hallmarked for purity.\" \/>\n<meta property=\"og:url\" content=\"https:\/\/www.purejewels.com\/tr\/urun\/diya-collection-22-ayar-altin-yuzuk\/\" \/>\n<meta property=\"og:site_name\" content=\"PureJewels UK\" \/>\n<meta property=\"article:modified_time\" content=\"2026-03-17T09:03:58+00:00\" \/>\n<meta property=\"og:image\" content=\"https:\/\/static.purejewels.com\/wp-content\/uploads\/2020\/07\/image175924856.jpg\" \/>\n\t<meta property=\"og:image:width\" content=\"1000\" \/>\n\t<meta property=\"og:image:height\" content=\"1000\" \/>\n\t<meta property=\"og:image:type\" content=\"image\/jpeg\" \/>\n<meta name=\"twitter:card\" content=\"summary_large_image\" \/>\n<meta name=\"twitter:label1\" content=\"Tahmini okuma s\u00fcresi\" \/>\n\t<meta name=\"twitter:data1\" content=\"1 dakika\" \/>\n<script type=\"application\/ld+json\" class=\"yoast-schema-graph\">{\"@context\":\"https:\\\/\\\/schema.org\",\"@graph\":[{\"@type\":[\"WebPage\",\"ItemPage\"],\"@id\":\"https:\\\/\\\/www.purejewels.com\\\/product\\\/diya-collection-22ct-gold-ring\\\/\",\"url\":\"https:\\\/\\\/www.purejewels.com\\\/product\\\/diya-collection-22ct-gold-ring\\\/\",\"name\":\"Diya Collection 22ct Gold Diamond Ring Size M 1\\\/2 | PureJewels\",\"isPartOf\":{\"@id\":\"https:\\\/\\\/www.purejewels.com\\\/#website\"},\"primaryImageOfPage\":{\"@id\":\"https:\\\/\\\/www.purejewels.com\\\/product\\\/diya-collection-22ct-gold-ring\\\/#primaryimage\"},\"image\":{\"@id\":\"https:\\\/\\\/www.purejewels.com\\\/product\\\/diya-collection-22ct-gold-ring\\\/#primaryimage\"},\"thumbnailUrl\":\"https:\\\/\\\/static.purejewels.com\\\/wp-content\\\/uploads\\\/2020\\\/07\\\/image175924856.jpg\",\"datePublished\":\"2020-02-28T10:16:42+00:00\",\"dateModified\":\"2026-03-17T09:03:58+00:00\",\"description\":\"Explore the Diya Collection 22ct gold diamond crossover ring featuring layered bands and a delicate cluster centre. Handcrafted and UK hallmarked for purity.\",\"breadcrumb\":{\"@id\":\"https:\\\/\\\/www.purejewels.com\\\/product\\\/diya-collection-22ct-gold-ring\\\/#breadcrumb\"},\"inLanguage\":\"tr\",\"potentialAction\":[{\"@type\":\"ReadAction\",\"target\":[\"https:\\\/\\\/www.purejewels.com\\\/product\\\/diya-collection-22ct-gold-ring\\\/\"]}]},{\"@type\":\"ImageObject\",\"inLanguage\":\"tr\",\"@id\":\"https:\\\/\\\/www.purejewels.com\\\/product\\\/diya-collection-22ct-gold-ring\\\/#primaryimage\",\"url\":\"https:\\\/\\\/static.purejewels.com\\\/wp-content\\\/uploads\\\/2020\\\/07\\\/image175924856.jpg\",\"contentUrl\":\"https:\\\/\\\/static.purejewels.com\\\/wp-content\\\/uploads\\\/2020\\\/07\\\/image175924856.jpg\",\"width\":1000,\"height\":1000,\"caption\":\"22ct Gold Ladies Ring With Uncut Polki DiamondsUncut Polki Diamond\u00a0 wt. 0.37ct caratsWeight of the Ring\u00a0 in 22ct gold is 3.7 grmRing Size : M 1\\\/2SKU. 3267322ct Gold\u00a0Hallmarked by London Assay OfficeComes With Presentation BoxDelivery IncludedAll prices include VATLive chat with us for availability and more images of similar designs currently in stock\"},{\"@type\":\"BreadcrumbList\",\"@id\":\"https:\\\/\\\/www.purejewels.com\\\/product\\\/diya-collection-22ct-gold-ring\\\/#breadcrumb\",\"itemListElement\":[{\"@type\":\"ListItem\",\"position\":1,\"name\":\"Home\",\"item\":\"https:\\\/\\\/www.purejewels.com\\\/\"},{\"@type\":\"ListItem\",\"position\":2,\"name\":\"Shop\",\"item\":\"https:\\\/\\\/www.purejewels.com\\\/shop\\\/\"},{\"@type\":\"ListItem\",\"position\":3,\"name\":\"Diya Collection 22ct Gold Diamond Crossover Ring\"}]},{\"@type\":\"WebSite\",\"@id\":\"https:\\\/\\\/www.purejewels.com\\\/#website\",\"url\":\"https:\\\/\\\/www.purejewels.com\\\/\",\"name\":\"PureJewels UK\",\"description\":\"Share the Love\",\"publisher\":{\"@id\":\"https:\\\/\\\/www.purejewels.com\\\/#organization\"},\"potentialAction\":[{\"@type\":\"SearchAction\",\"target\":{\"@type\":\"EntryPoint\",\"urlTemplate\":\"https:\\\/\\\/www.purejewels.com\\\/?s={search_term_string}\"},\"query-input\":{\"@type\":\"PropertyValueSpecification\",\"valueRequired\":true,\"valueName\":\"search_term_string\"}}],\"inLanguage\":\"tr\"},{\"@type\":\"Organization\",\"@id\":\"https:\\\/\\\/www.purejewels.com\\\/#organization\",\"name\":\"PureJewels UK\",\"url\":\"https:\\\/\\\/www.purejewels.com\\\/\",\"logo\":{\"@type\":\"ImageObject\",\"inLanguage\":\"tr\",\"@id\":\"https:\\\/\\\/www.purejewels.com\\\/#\\\/schema\\\/logo\\\/image\\\/\",\"url\":\"https:\\\/\\\/static.purejewels.com\\\/wp-content\\\/uploads\\\/2020\\\/11\\\/Logo-PJ-New-1.png\",\"contentUrl\":\"https:\\\/\\\/static.purejewels.com\\\/wp-content\\\/uploads\\\/2020\\\/11\\\/Logo-PJ-New-1.png\",\"width\":150,\"height\":80,\"caption\":\"PureJewels UK\"},\"image\":{\"@id\":\"https:\\\/\\\/www.purejewels.com\\\/#\\\/schema\\\/logo\\\/image\\\/\"}}]}<\/script>\n<!-- \/ Yoast SEO plugin. -->","yoast_head_json":{"title":"Diya Koleksiyonu 22 Ayar Alt\u0131n P\u0131rlanta Y\u00fcz\u00fck M 1\/2 Beden | PureJewels","description":"Katmanl\u0131 bantlara ve narin bir k\u00fcme merkezine sahip Diya Collection 22 ayar alt\u0131n p\u0131rlanta \u00e7apraz y\u00fcz\u00fc\u011f\u00fc ke\u015ffedin. El yap\u0131m\u0131d\u0131r ve safl\u0131k i\u00e7in \u0130ngiltere damgal\u0131d\u0131r.","robots":{"index":"index","follow":"follow","max-snippet":"max-snippet:-1","max-image-preview":"max-image-preview:large","max-video-preview":"max-video-preview:-1"},"canonical":"https:\/\/www.purejewels.com\/tr\/urun\/diya-collection-22-ayar-altin-yuzuk\/","og_locale":"tr_TR","og_type":"article","og_title":"Diya Collection 22ct Gold Diamond Ring Size M 1\/2 | PureJewels","og_description":"Explore the Diya Collection 22ct gold diamond crossover ring featuring layered bands and a delicate cluster centre. Handcrafted and UK hallmarked for purity.","og_url":"https:\/\/www.purejewels.com\/tr\/urun\/diya-collection-22-ayar-altin-yuzuk\/","og_site_name":"PureJewels UK","article_modified_time":"2026-03-17T09:03:58+00:00","og_image":[{"width":1000,"height":1000,"url":"https:\/\/static.purejewels.com\/wp-content\/uploads\/2020\/07\/image175924856.jpg","type":"image\/jpeg"}],"twitter_card":"summary_large_image","twitter_misc":{"Tahmini okuma s\u00fcresi":"1 dakika"},"schema":{"@context":"https:\/\/schema.org","@graph":[{"@type":["WebPage","ItemPage"],"@id":"https:\/\/www.purejewels.com\/product\/diya-collection-22ct-gold-ring\/","url":"https:\/\/www.purejewels.com\/product\/diya-collection-22ct-gold-ring\/","name":"Diya Koleksiyonu 22 Ayar Alt\u0131n P\u0131rlanta Y\u00fcz\u00fck M 1\/2 Beden | PureJewels","isPartOf":{"@id":"https:\/\/www.purejewels.com\/#website"},"primaryImageOfPage":{"@id":"https:\/\/www.purejewels.com\/product\/diya-collection-22ct-gold-ring\/#primaryimage"},"image":{"@id":"https:\/\/www.purejewels.com\/product\/diya-collection-22ct-gold-ring\/#primaryimage"},"thumbnailUrl":"https:\/\/static.purejewels.com\/wp-content\/uploads\/2020\/07\/image175924856.jpg","datePublished":"2020-02-28T10:16:42+00:00","dateModified":"2026-03-17T09:03:58+00:00","description":"Katmanl\u0131 bantlara ve narin bir k\u00fcme merkezine sahip Diya Collection 22 ayar alt\u0131n p\u0131rlanta \u00e7apraz y\u00fcz\u00fc\u011f\u00fc ke\u015ffedin. El yap\u0131m\u0131d\u0131r ve safl\u0131k i\u00e7in \u0130ngiltere damgal\u0131d\u0131r.","breadcrumb":{"@id":"https:\/\/www.purejewels.com\/product\/diya-collection-22ct-gold-ring\/#breadcrumb"},"inLanguage":"tr","potentialAction":[{"@type":"ReadAction","target":["https:\/\/www.purejewels.com\/product\/diya-collection-22ct-gold-ring\/"]}]},{"@type":"ImageObject","inLanguage":"tr","@id":"https:\/\/www.purejewels.com\/product\/diya-collection-22ct-gold-ring\/#primaryimage","url":"https:\/\/static.purejewels.com\/wp-content\/uploads\/2020\/07\/image175924856.jpg","contentUrl":"https:\/\/static.purejewels.com\/wp-content\/uploads\/2020\/07\/image175924856.jpg","width":1000,"height":1000,"caption":"22ct Gold Ladies Ring With Uncut Polki DiamondsUncut Polki Diamond\u00a0 wt. 0.37ct caratsWeight of the Ring\u00a0 in 22ct gold is 3.7 grmRing Size : M 1\/2SKU. 3267322ct Gold\u00a0Hallmarked by London Assay OfficeComes With Presentation BoxDelivery IncludedAll prices include VATLive chat with us for availability and more images of similar designs currently in stock"},{"@type":"BreadcrumbList","@id":"https:\/\/www.purejewels.com\/product\/diya-collection-22ct-gold-ring\/#breadcrumb","itemListElement":[{"@type":"ListItem","position":1,"name":"Home","item":"https:\/\/www.purejewels.com\/"},{"@type":"ListItem","position":2,"name":"Shop","item":"https:\/\/www.purejewels.com\/shop\/"},{"@type":"ListItem","position":3,"name":"Diya Collection 22ct Gold Diamond Crossover Ring"}]},{"@type":"WebSite","@id":"https:\/\/www.purejewels.com\/#website","url":"https:\/\/www.purejewels.com\/","name":"PureJewels \u0130ngiltere","description":"Sevgiyi Payla\u015f\u0131n","publisher":{"@id":"https:\/\/www.purejewels.com\/#organization"},"potentialAction":[{"@type":"SearchAction","target":{"@type":"EntryPoint","urlTemplate":"https:\/\/www.purejewels.com\/?s={search_term_string}"},"query-input":{"@type":"PropertyValueSpecification","valueRequired":true,"valueName":"search_term_string"}}],"inLanguage":"tr"},{"@type":"Organization","@id":"https:\/\/www.purejewels.com\/#organization","name":"PureJewels \u0130ngiltere","url":"https:\/\/www.purejewels.com\/","logo":{"@type":"ImageObject","inLanguage":"tr","@id":"https:\/\/www.purejewels.com\/#\/schema\/logo\/image\/","url":"https:\/\/static.purejewels.com\/wp-content\/uploads\/2020\/11\/Logo-PJ-New-1.png","contentUrl":"https:\/\/static.purejewels.com\/wp-content\/uploads\/2020\/11\/Logo-PJ-New-1.png","width":150,"height":80,"caption":"PureJewels UK"},"image":{"@id":"https:\/\/www.purejewels.com\/#\/schema\/logo\/image\/"}}]}},"_links":{"self":[{"href":"https:\/\/www.purejewels.com\/tr\/wp-json\/wp\/v2\/product\/312695","targetHints":{"allow":["GET"]}}],"collection":[{"href":"https:\/\/www.purejewels.com\/tr\/wp-json\/wp\/v2\/product"}],"about":[{"href":"https:\/\/www.purejewels.com\/tr\/wp-json\/wp\/v2\/types\/product"}],"replies":[{"embeddable":true,"href":"https:\/\/www.purejewels.com\/tr\/wp-json\/wp\/v2\/comments?post=312695"}],"version-history":[{"count":1,"href":"https:\/\/www.purejewels.com\/tr\/wp-json\/wp\/v2\/product\/312695\/revisions"}],"predecessor-version":[{"id":427233,"href":"https:\/\/www.purejewels.com\/tr\/wp-json\/wp\/v2\/product\/312695\/revisions\/427233"}],"wp:featuredmedia":[{"embeddable":true,"href":"https:\/\/www.purejewels.com\/tr\/wp-json\/wp\/v2\/media\/315875"}],"wp:attachment":[{"href":"https:\/\/www.purejewels.com\/tr\/wp-json\/wp\/v2\/media?parent=312695"}],"wp:term":[{"taxonomy":"product_brand","embeddable":true,"href":"https:\/\/www.purejewels.com\/tr\/wp-json\/wp\/v2\/product_brand?post=312695"},{"taxonomy":"product_cat","embeddable":true,"href":"https:\/\/www.purejewels.com\/tr\/wp-json\/wp\/v2\/product_cat?post=312695"},{"taxonomy":"product_tag","embeddable":true,"href":"https:\/\/www.purejewels.com\/tr\/wp-json\/wp\/v2\/product_tag?post=312695"}],"curies":[{"name":"wp","href":"https:\/\/api.w.org\/{rel}","templated":true}]}}