{"id":312705,"date":"2020-02-19T06:45:34","date_gmt":"2020-02-19T06:45:34","guid":{"rendered":"https:\/\/www.purejewels.com\/?post_type=product&#038;p=312705"},"modified":"2025-11-25T08:12:00","modified_gmt":"2025-11-25T08:12:00","slug":"diya-22-ayar-altin-saplama-kupe-32687","status":"publish","type":"product","link":"https:\/\/www.purejewels.com\/tr\/product\/diya-22ct-gold-stud-earring-32687\/","title":{"rendered":"Diya 22 ayar alt\u0131n Polki madalyon k\u00fcpe"},"content":{"rendered":"<h3 data-start=\"200\" data-end=\"224\"><strong data-start=\"204\" data-end=\"222\">Tasar\u0131m Konsepti<\/strong><\/h3>\n<p data-start=\"225\" data-end=\"645\">Bu <em data-start=\"229\" data-end=\"267\">Diya 22 ayar alt\u0131n Polki madalyon k\u00fcpe<\/em> I\u015f\u0131k, g\u00fczellik ve zamans\u0131z kutlamalar\u0131n sembol\u00fc olan antik madalyonlardan ilham alm\u0131\u015ft\u0131r. Dairesel tasar\u0131mlar\u0131 s\u00fcreklili\u011fi ve zarafeti yans\u0131t\u0131r; parlak Polki elmaslar\u0131n ortas\u0131, yumu\u015fak bir pembe tonlu ta\u015f halka ile \u00e7evrelenmi\u015ftir. Bu k\u00fcpeler, Diya koleksiyonunun \u00f6z\u00fcn\u00fc yans\u0131tan \u015fenlik ruhunu ve sessiz g\u00fcc\u00fc yakalar; her an\u0131 anlamla ayd\u0131nlat\u0131r.<\/p>\n<h3 data-start=\"652\" data-end=\"675\"><strong data-start=\"656\" data-end=\"673\">Zanaatkarl\u0131k<\/strong><\/h3>\n<p data-start=\"676\" data-end=\"1235\">22 ayar alt\u0131nla el yap\u0131m\u0131 olan bu zarif k\u00fcpeler, ortas\u0131nda kesilmemi\u015f bir k\u00fcme bulunur. <em data-start=\"757\" data-end=\"764\">Polki<\/em> Pembe tonlu de\u011ferli ta\u015flarla \u00e7er\u00e7evelenmi\u015f, her biri titizlikle elle yerle\u015ftirilmi\u015f elmaslar. Kompozisyon kompakt ancak \u00e7arp\u0131c\u0131d\u0131r; eski d\u00fcnyan\u0131n cazibesini rafine detaylarla dengeler. A\u00e7\u0131k arka Polki ayar\u0131, do\u011fal \u0131\u015f\u0131\u011f\u0131n her elmas\u0131n parlakl\u0131\u011f\u0131n\u0131 art\u0131rmas\u0131na olanak tan\u0131r ve madalyon formu, zamans\u0131z bir sofistike g\u00f6r\u00fcn\u00fcm sa\u011flamak i\u00e7in cilal\u0131 alt\u0131n kenar ile tamamlanm\u0131\u015ft\u0131r. PureJewels gelene\u011fine sad\u0131k kalarak, her ayr\u0131nt\u0131 geleneksel zanaatkarl\u0131\u011f\u0131 ve \u00f6zenli sanat\u00e7\u0131l\u0131\u011f\u0131 yans\u0131tmaktad\u0131r.<\/p>\n<h3 data-start=\"1242\" data-end=\"1265\"><strong data-start=\"1246\" data-end=\"1263\">Stil Fikirleri<\/strong><\/h3>\n<p data-start=\"1266\" data-end=\"1704\">Zahmetsizce \u00e7ok y\u00f6nl\u00fc olan bu madalyon k\u00fcpeler, hem g\u00fcnl\u00fck hem de \u00f6zel g\u00fcn k\u0131yafetlerini zenginle\u015ftirir. \u0130pek bluz veya sari ile e\u015fle\u015ftirerek zarif bir zenginlik katabilir veya blazer ve geriye toplanm\u0131\u015f sa\u00e7larla modern bir g\u00f6r\u00fcn\u00fcm elde edebilirsiniz. S\u0131cak renk paleti, hem n\u00f6tr hem de m\u00fccevher tonlar\u0131n\u0131 tamamlarken, kompakt \u015fekli onlar\u0131 hediye veya gelin partisi s\u00fcslemesi i\u00e7in ideal hale getirir. Sade ama ruh dolu olan bu k\u00fcpeler, geleneksel zarafetin m\u00fckemmel bir dokunu\u015fudur.<\/p>","protected":false},"excerpt":{"rendered":"<ul>\n<li>Diya 22 ayar alt\u0131n saplama k\u00fcpe, kesilmemi\u015f Polki elmaslarla<\/li>\n<li>22 ayar alt\u0131n k\u00fcpenin a\u011f\u0131rl\u0131\u011f\u0131 2 gramd\u0131r.<\/li>\n<li>Kesilmemi\u015f Polki P\u0131rlanta a\u011f\u0131rl\u0131k 0,12 ct<\/li>\n<li>SKU. 32687<\/li>\n<li>T\u00fcm fiyatlara KDV dahildir<\/li>\n<li>Londra Tahlil Ofisi Taraf\u0131ndan Damgalanm\u0131\u015f 22 Ayar Alt\u0131n<\/li>\n<li>Sunum Kutusu ile Birlikte Gelir<\/li>\n<li>Teslimat Dahil<\/li>\n<li>Bize ula\u015f\u0131n \/ Bizimle canl\u0131 sohbet edin Anneler G\u00fcn\u00fc M\u00fccevher hediye koleksiyonumuzdan \u00f6zel hediyelerin videosu i\u00e7in<\/li>\n<\/ul>","protected":false},"featured_media":313080,"comment_status":"closed","ping_status":"closed","template":"","meta":{"_eb_attr":"","_crsspst_to_jayantr4sg-hostcom":false},"product_brand":[],"product_cat":[1559,254,1254,1570,1577,1573,1574],"product_tag":[],"class_list":{"0":"post-312705","1":"product","2":"type-product","3":"status-publish","4":"has-post-thumbnail","6":"product_cat-birthday-gifts","7":"product_cat-diya-collections","8":"product_cat-gold-earrings","9":"product_cat-mothers-day-gifts","10":"product_cat-stud-earrings","11":"product_cat-wedding-gifts","12":"product_cat-womens-jewellery","14":"first","15":"outofstock","16":"taxable","17":"shipping-taxable","18":"product-type-simple","19":"add-to-wishlist-before_image"},"yoast_head":"<!-- This site is optimized with the Yoast SEO plugin v27.3 - https:\/\/yoast.com\/product\/yoast-seo-wordpress\/ -->\n<title>Diya 22ct Gold Polki Medallion Studs - PureJewels UK<\/title>\n<meta name=\"robots\" content=\"index, follow, max-snippet:-1, max-image-preview:large, max-video-preview:-1\" \/>\n<link rel=\"canonical\" href=\"https:\/\/www.purejewels.com\/tr\/urun\/diya-22-ayar-altin-saplama-kupe-32687\/\" \/>\n<meta property=\"og:locale\" content=\"tr_TR\" \/>\n<meta property=\"og:type\" content=\"article\" \/>\n<meta property=\"og:title\" content=\"Diya 22ct Gold Polki Medallion Studs - PureJewels UK\" \/>\n<meta property=\"og:description\" content=\"Diya 22ct Gold Stud Earrings\u00a0With Uncut Polki Diamonds  Weight of the Earring\u00a0 in 22ct gold is 2 gms  Uncut Polki Diamond wt. 0.12 ct  SKU. 32687  All prices include VAT  22ct Gold Hallmarked by London Assay Office  Comes With Presentation Box  Delivery Included  Contact us \/ Live chat with us For a video of special gifts from our Mother\u2019s Day Jewellery gifts\u00a0 collection\" \/>\n<meta property=\"og:url\" content=\"https:\/\/www.purejewels.com\/tr\/urun\/diya-22-ayar-altin-saplama-kupe-32687\/\" \/>\n<meta property=\"og:site_name\" content=\"PureJewels UK\" \/>\n<meta property=\"article:modified_time\" content=\"2025-11-25T08:12:00+00:00\" \/>\n<meta property=\"og:image\" content=\"https:\/\/www.purejewels.com\/wp-content\/uploads\/2020\/03\/152152504.jpg\" \/>\n\t<meta property=\"og:image:width\" content=\"1000\" \/>\n\t<meta property=\"og:image:height\" content=\"1000\" \/>\n\t<meta property=\"og:image:type\" content=\"image\/jpeg\" \/>\n<meta name=\"twitter:card\" content=\"summary_large_image\" \/>\n<meta name=\"twitter:label1\" content=\"Tahmini okuma s\u00fcresi\" \/>\n\t<meta name=\"twitter:data1\" content=\"2 dakika\" \/>\n<script type=\"application\/ld+json\" class=\"yoast-schema-graph\">{\"@context\":\"https:\\\/\\\/schema.org\",\"@graph\":[{\"@type\":[\"WebPage\",\"ItemPage\"],\"@id\":\"https:\\\/\\\/www.purejewels.com\\\/product\\\/diya-22ct-gold-stud-earring-32687\\\/\",\"url\":\"https:\\\/\\\/www.purejewels.com\\\/product\\\/diya-22ct-gold-stud-earring-32687\\\/\",\"name\":\"Diya 22ct Gold Polki Medallion Studs - PureJewels UK\",\"isPartOf\":{\"@id\":\"https:\\\/\\\/www.purejewels.com\\\/#website\"},\"primaryImageOfPage\":{\"@id\":\"https:\\\/\\\/www.purejewels.com\\\/product\\\/diya-22ct-gold-stud-earring-32687\\\/#primaryimage\"},\"image\":{\"@id\":\"https:\\\/\\\/www.purejewels.com\\\/product\\\/diya-22ct-gold-stud-earring-32687\\\/#primaryimage\"},\"thumbnailUrl\":\"https:\\\/\\\/static.purejewels.com\\\/wp-content\\\/uploads\\\/2020\\\/03\\\/152152504.jpg\",\"datePublished\":\"2020-02-19T06:45:34+00:00\",\"dateModified\":\"2025-11-25T08:12:00+00:00\",\"breadcrumb\":{\"@id\":\"https:\\\/\\\/www.purejewels.com\\\/product\\\/diya-22ct-gold-stud-earring-32687\\\/#breadcrumb\"},\"inLanguage\":\"tr\",\"potentialAction\":[{\"@type\":\"ReadAction\",\"target\":[\"https:\\\/\\\/www.purejewels.com\\\/product\\\/diya-22ct-gold-stud-earring-32687\\\/\"]}]},{\"@type\":\"ImageObject\",\"inLanguage\":\"tr\",\"@id\":\"https:\\\/\\\/www.purejewels.com\\\/product\\\/diya-22ct-gold-stud-earring-32687\\\/#primaryimage\",\"url\":\"https:\\\/\\\/static.purejewels.com\\\/wp-content\\\/uploads\\\/2020\\\/03\\\/152152504.jpg\",\"contentUrl\":\"https:\\\/\\\/static.purejewels.com\\\/wp-content\\\/uploads\\\/2020\\\/03\\\/152152504.jpg\",\"width\":1000,\"height\":1000,\"caption\":\"Diya 22ct Gold Stud Earrings\u00a0With Uncut Polki DiamondsWeight of the Earring\u00a0 in 22ct gold is 2 gmsUncut Polki Diamond\u00a0 wt. 0.12 ctSKU. 32687All prices include VAT22ct Gold Hallmarked by London Assay OfficeComes With Presentation BoxDelivery IncludedLive chat with us for availability and more images of similar designs currently in stock\"},{\"@type\":\"BreadcrumbList\",\"@id\":\"https:\\\/\\\/www.purejewels.com\\\/product\\\/diya-22ct-gold-stud-earring-32687\\\/#breadcrumb\",\"itemListElement\":[{\"@type\":\"ListItem\",\"position\":1,\"name\":\"Home\",\"item\":\"https:\\\/\\\/www.purejewels.com\\\/\"},{\"@type\":\"ListItem\",\"position\":2,\"name\":\"Shop\",\"item\":\"https:\\\/\\\/www.purejewels.com\\\/shop\\\/\"},{\"@type\":\"ListItem\",\"position\":3,\"name\":\"Diya 22ct Gold Polki Medallion Studs\"}]},{\"@type\":\"WebSite\",\"@id\":\"https:\\\/\\\/www.purejewels.com\\\/#website\",\"url\":\"https:\\\/\\\/www.purejewels.com\\\/\",\"name\":\"PureJewels UK\",\"description\":\"Share the Love\",\"publisher\":{\"@id\":\"https:\\\/\\\/www.purejewels.com\\\/#organization\"},\"potentialAction\":[{\"@type\":\"SearchAction\",\"target\":{\"@type\":\"EntryPoint\",\"urlTemplate\":\"https:\\\/\\\/www.purejewels.com\\\/?s={search_term_string}\"},\"query-input\":{\"@type\":\"PropertyValueSpecification\",\"valueRequired\":true,\"valueName\":\"search_term_string\"}}],\"inLanguage\":\"tr\"},{\"@type\":\"Organization\",\"@id\":\"https:\\\/\\\/www.purejewels.com\\\/#organization\",\"name\":\"PureJewels UK\",\"url\":\"https:\\\/\\\/www.purejewels.com\\\/\",\"logo\":{\"@type\":\"ImageObject\",\"inLanguage\":\"tr\",\"@id\":\"https:\\\/\\\/www.purejewels.com\\\/#\\\/schema\\\/logo\\\/image\\\/\",\"url\":\"https:\\\/\\\/static.purejewels.com\\\/wp-content\\\/uploads\\\/2020\\\/11\\\/Logo-PJ-New-1.png\",\"contentUrl\":\"https:\\\/\\\/static.purejewels.com\\\/wp-content\\\/uploads\\\/2020\\\/11\\\/Logo-PJ-New-1.png\",\"width\":150,\"height\":80,\"caption\":\"PureJewels UK\"},\"image\":{\"@id\":\"https:\\\/\\\/www.purejewels.com\\\/#\\\/schema\\\/logo\\\/image\\\/\"}}]}<\/script>\n<!-- \/ Yoast SEO plugin. -->","yoast_head_json":{"title":"Diya 22 ayar alt\u0131n Polki madalyon k\u00fcpe - PureJewels UK","robots":{"index":"index","follow":"follow","max-snippet":"max-snippet:-1","max-image-preview":"max-image-preview:large","max-video-preview":"max-video-preview:-1"},"canonical":"https:\/\/www.purejewels.com\/tr\/urun\/diya-22-ayar-altin-saplama-kupe-32687\/","og_locale":"tr_TR","og_type":"article","og_title":"Diya 22ct Gold Polki Medallion Studs - PureJewels UK","og_description":"Diya 22ct Gold Stud Earrings\u00a0With Uncut Polki Diamonds  Weight of the Earring\u00a0 in 22ct gold is 2 gms  Uncut Polki Diamond wt. 0.12 ct  SKU. 32687  All prices include VAT  22ct Gold Hallmarked by London Assay Office  Comes With Presentation Box  Delivery Included  Contact us \/ Live chat with us For a video of special gifts from our Mother\u2019s Day Jewellery gifts\u00a0 collection","og_url":"https:\/\/www.purejewels.com\/tr\/urun\/diya-22-ayar-altin-saplama-kupe-32687\/","og_site_name":"PureJewels UK","article_modified_time":"2025-11-25T08:12:00+00:00","og_image":[{"width":1000,"height":1000,"url":"https:\/\/www.purejewels.com\/wp-content\/uploads\/2020\/03\/152152504.jpg","type":"image\/jpeg"}],"twitter_card":"summary_large_image","twitter_misc":{"Tahmini okuma s\u00fcresi":"2 dakika"},"schema":{"@context":"https:\/\/schema.org","@graph":[{"@type":["WebPage","ItemPage"],"@id":"https:\/\/www.purejewels.com\/product\/diya-22ct-gold-stud-earring-32687\/","url":"https:\/\/www.purejewels.com\/product\/diya-22ct-gold-stud-earring-32687\/","name":"Diya 22 ayar alt\u0131n Polki madalyon k\u00fcpe - PureJewels UK","isPartOf":{"@id":"https:\/\/www.purejewels.com\/#website"},"primaryImageOfPage":{"@id":"https:\/\/www.purejewels.com\/product\/diya-22ct-gold-stud-earring-32687\/#primaryimage"},"image":{"@id":"https:\/\/www.purejewels.com\/product\/diya-22ct-gold-stud-earring-32687\/#primaryimage"},"thumbnailUrl":"https:\/\/static.purejewels.com\/wp-content\/uploads\/2020\/03\/152152504.jpg","datePublished":"2020-02-19T06:45:34+00:00","dateModified":"2025-11-25T08:12:00+00:00","breadcrumb":{"@id":"https:\/\/www.purejewels.com\/product\/diya-22ct-gold-stud-earring-32687\/#breadcrumb"},"inLanguage":"tr","potentialAction":[{"@type":"ReadAction","target":["https:\/\/www.purejewels.com\/product\/diya-22ct-gold-stud-earring-32687\/"]}]},{"@type":"ImageObject","inLanguage":"tr","@id":"https:\/\/www.purejewels.com\/product\/diya-22ct-gold-stud-earring-32687\/#primaryimage","url":"https:\/\/static.purejewels.com\/wp-content\/uploads\/2020\/03\/152152504.jpg","contentUrl":"https:\/\/static.purejewels.com\/wp-content\/uploads\/2020\/03\/152152504.jpg","width":1000,"height":1000,"caption":"Diya 22ct Gold Stud Earrings\u00a0With Uncut Polki DiamondsWeight of the Earring\u00a0 in 22ct gold is 2 gmsUncut Polki Diamond\u00a0 wt. 0.12 ctSKU. 32687All prices include VAT22ct Gold Hallmarked by London Assay OfficeComes With Presentation BoxDelivery IncludedLive chat with us for availability and more images of similar designs currently in stock"},{"@type":"BreadcrumbList","@id":"https:\/\/www.purejewels.com\/product\/diya-22ct-gold-stud-earring-32687\/#breadcrumb","itemListElement":[{"@type":"ListItem","position":1,"name":"Home","item":"https:\/\/www.purejewels.com\/"},{"@type":"ListItem","position":2,"name":"Shop","item":"https:\/\/www.purejewels.com\/shop\/"},{"@type":"ListItem","position":3,"name":"Diya 22ct Gold Polki Medallion Studs"}]},{"@type":"WebSite","@id":"https:\/\/www.purejewels.com\/#website","url":"https:\/\/www.purejewels.com\/","name":"PureJewels \u0130ngiltere","description":"Sevgiyi Payla\u015f\u0131n","publisher":{"@id":"https:\/\/www.purejewels.com\/#organization"},"potentialAction":[{"@type":"SearchAction","target":{"@type":"EntryPoint","urlTemplate":"https:\/\/www.purejewels.com\/?s={search_term_string}"},"query-input":{"@type":"PropertyValueSpecification","valueRequired":true,"valueName":"search_term_string"}}],"inLanguage":"tr"},{"@type":"Organization","@id":"https:\/\/www.purejewels.com\/#organization","name":"PureJewels \u0130ngiltere","url":"https:\/\/www.purejewels.com\/","logo":{"@type":"ImageObject","inLanguage":"tr","@id":"https:\/\/www.purejewels.com\/#\/schema\/logo\/image\/","url":"https:\/\/static.purejewels.com\/wp-content\/uploads\/2020\/11\/Logo-PJ-New-1.png","contentUrl":"https:\/\/static.purejewels.com\/wp-content\/uploads\/2020\/11\/Logo-PJ-New-1.png","width":150,"height":80,"caption":"PureJewels UK"},"image":{"@id":"https:\/\/www.purejewels.com\/#\/schema\/logo\/image\/"}}]}},"_links":{"self":[{"href":"https:\/\/www.purejewels.com\/tr\/wp-json\/wp\/v2\/product\/312705","targetHints":{"allow":["GET"]}}],"collection":[{"href":"https:\/\/www.purejewels.com\/tr\/wp-json\/wp\/v2\/product"}],"about":[{"href":"https:\/\/www.purejewels.com\/tr\/wp-json\/wp\/v2\/types\/product"}],"replies":[{"embeddable":true,"href":"https:\/\/www.purejewels.com\/tr\/wp-json\/wp\/v2\/comments?post=312705"}],"version-history":[{"count":2,"href":"https:\/\/www.purejewels.com\/tr\/wp-json\/wp\/v2\/product\/312705\/revisions"}],"predecessor-version":[{"id":421802,"href":"https:\/\/www.purejewels.com\/tr\/wp-json\/wp\/v2\/product\/312705\/revisions\/421802"}],"wp:featuredmedia":[{"embeddable":true,"href":"https:\/\/www.purejewels.com\/tr\/wp-json\/wp\/v2\/media\/313080"}],"wp:attachment":[{"href":"https:\/\/www.purejewels.com\/tr\/wp-json\/wp\/v2\/media?parent=312705"}],"wp:term":[{"taxonomy":"product_brand","embeddable":true,"href":"https:\/\/www.purejewels.com\/tr\/wp-json\/wp\/v2\/product_brand?post=312705"},{"taxonomy":"product_cat","embeddable":true,"href":"https:\/\/www.purejewels.com\/tr\/wp-json\/wp\/v2\/product_cat?post=312705"},{"taxonomy":"product_tag","embeddable":true,"href":"https:\/\/www.purejewels.com\/tr\/wp-json\/wp\/v2\/product_tag?post=312705"}],"curies":[{"name":"wp","href":"https:\/\/api.w.org\/{rel}","templated":true}]}}