{"id":312709,"date":"2020-02-20T04:36:09","date_gmt":"2020-02-20T04:36:09","guid":{"rendered":"https:\/\/www.purejewels.com\/?post_type=product&#038;p=312709"},"modified":"2026-01-06T09:43:52","modified_gmt":"2026-01-06T09:43:52","slug":"diya-collection-22-ayar-altin-bayan-bileklik-5-4gm-kesilmemis-polki-pirlanta-1-94ct","status":"publish","type":"product","link":"https:\/\/www.purejewels.com\/tr\/product\/diya-collection-22ct-gold-ladies-bracelet-5-4gm-uncut-polki-diamond-1-94ct\/","title":{"rendered":"Diya Koleksiyonu 22 Ayar Alt\u0131n Bayan Bileklik"},"content":{"rendered":"<p>&nbsp;<\/p>\n<ul>\n<li>Kesilmemi\u015f Polki Elmas a\u011f\u0131rl\u0131\u011f\u0131 1,94 karat<\/li>\n<li>Bilezi\u011fin 22 ayar alt\u0131n a\u011f\u0131rl\u0131\u011f\u0131 5,4 gramd\u0131r<\/li>\n<li>SKU. 32674<\/li>\n<\/ul>","protected":false},"excerpt":{"rendered":"<ul>\n<li>Diya 22 Ayar Alt\u0131n Kesilmemi\u015f Polki P\u0131rlanta Bileklik<\/li>\n<li>Kesilmemi\u015f Polki Elmas a\u011f\u0131rl\u0131\u011f\u0131 1,94 karat<\/li>\n<li>Bilezi\u011fin 22 ayar alt\u0131n a\u011f\u0131rl\u0131\u011f\u0131 5,4 gramd\u0131r<\/li>\n<li>Bileklik Uzunlu\u011fu 7 \u0130n\u00e7tir<\/li>\n<li>SKU. 32674<\/li>\n<li>T\u00fcm \u00fcr\u00fcnlerimiz London Assay Office taraf\u0131ndan damgalanm\u0131\u015ft\u0131r<\/li>\n<li>T\u00fcm Bilezikler sunum kutusu ile birlikte gelir<\/li>\n<li>Birle\u015fik Krall\u0131k genelinde \u00fccretsiz teslimat<\/li>\n<li>T\u00fcm fiyatlara KDV dahildir<\/li>\n<li>\u00dcr\u00fcn\u00fcn canl\u0131 videosu i\u00e7in bize ula\u015f\u0131n \/ bizimle sohbet edin<\/li>\n<\/ul>","protected":false},"featured_media":312758,"comment_status":"closed","ping_status":"closed","template":"","meta":{"_eb_attr":"","_crsspst_to_jayantr4sg-hostcom":false},"product_brand":[],"product_cat":[1559,254,1627,1573,1574],"product_tag":[],"class_list":{"0":"post-312709","1":"product","2":"type-product","3":"status-publish","4":"has-post-thumbnail","6":"product_cat-birthday-gifts","7":"product_cat-diya-collections","8":"product_cat-ladies-bracelet","9":"product_cat-wedding-gifts","10":"product_cat-womens-jewellery","12":"first","13":"outofstock","14":"sale","15":"taxable","16":"shipping-taxable","17":"product-type-simple","18":"add-to-wishlist-before_image"},"yoast_head":"<!-- This site is optimized with the Yoast SEO plugin v27.3 - https:\/\/yoast.com\/product\/yoast-seo-wordpress\/ -->\n<title>Diya Collection 22ct Gold Ladies Bracelet - PureJewels UK<\/title>\n<meta name=\"robots\" content=\"index, follow, max-snippet:-1, max-image-preview:large, max-video-preview:-1\" \/>\n<link rel=\"canonical\" href=\"https:\/\/www.purejewels.com\/tr\/urun\/diya-collection-22-ayar-altin-bayan-bileklik-5-4gm-kesilmemis-polki-pirlanta-1-94ct\/\" \/>\n<meta property=\"og:locale\" content=\"tr_TR\" \/>\n<meta property=\"og:type\" content=\"article\" \/>\n<meta property=\"og:title\" content=\"Diya Collection 22ct Gold Ladies Bracelet - PureJewels UK\" \/>\n<meta property=\"og:description\" content=\"Diya 22ct Gold uncut polki Diamond Bracelet  Uncut Polki Diamond\u00a0 wt. 1.94 carats  Weight of the Bracelet\u00a0 in 22ct gold is 5.4 gms  Length of the Bracelet is\u00a0 7 Inches  SKU. 32674  All our products are hallmarked by London Assay Office  All Bracelets comes with presentation box  Free delivery across UK  All price include VAT  Contact us \/ chat with us for live video of product\" \/>\n<meta property=\"og:url\" content=\"https:\/\/www.purejewels.com\/tr\/urun\/diya-collection-22-ayar-altin-bayan-bileklik-5-4gm-kesilmemis-polki-pirlanta-1-94ct\/\" \/>\n<meta property=\"og:site_name\" content=\"PureJewels UK\" \/>\n<meta property=\"article:modified_time\" content=\"2026-01-06T09:43:52+00:00\" \/>\n<meta property=\"og:image\" content=\"https:\/\/www.purejewels.com\/wp-content\/uploads\/2020\/02\/32674.jpg\" \/>\n\t<meta property=\"og:image:width\" content=\"1000\" \/>\n\t<meta property=\"og:image:height\" content=\"1000\" \/>\n\t<meta property=\"og:image:type\" content=\"image\/jpeg\" \/>\n<meta name=\"twitter:card\" content=\"summary_large_image\" \/>\n<meta name=\"twitter:label1\" content=\"Tahmini okuma s\u00fcresi\" \/>\n\t<meta name=\"twitter:data1\" content=\"1 dakika\" \/>\n<script type=\"application\/ld+json\" class=\"yoast-schema-graph\">{\"@context\":\"https:\\\/\\\/schema.org\",\"@graph\":[{\"@type\":[\"WebPage\",\"ItemPage\"],\"@id\":\"https:\\\/\\\/www.purejewels.com\\\/product\\\/diya-collection-22ct-gold-ladies-bracelet-5-4gm-uncut-polki-diamond-1-94ct\\\/\",\"url\":\"https:\\\/\\\/www.purejewels.com\\\/product\\\/diya-collection-22ct-gold-ladies-bracelet-5-4gm-uncut-polki-diamond-1-94ct\\\/\",\"name\":\"Diya Collection 22ct Gold Ladies Bracelet - PureJewels UK\",\"isPartOf\":{\"@id\":\"https:\\\/\\\/www.purejewels.com\\\/#website\"},\"primaryImageOfPage\":{\"@id\":\"https:\\\/\\\/www.purejewels.com\\\/product\\\/diya-collection-22ct-gold-ladies-bracelet-5-4gm-uncut-polki-diamond-1-94ct\\\/#primaryimage\"},\"image\":{\"@id\":\"https:\\\/\\\/www.purejewels.com\\\/product\\\/diya-collection-22ct-gold-ladies-bracelet-5-4gm-uncut-polki-diamond-1-94ct\\\/#primaryimage\"},\"thumbnailUrl\":\"https:\\\/\\\/static.purejewels.com\\\/wp-content\\\/uploads\\\/2020\\\/02\\\/32674.jpg\",\"datePublished\":\"2020-02-20T04:36:09+00:00\",\"dateModified\":\"2026-01-06T09:43:52+00:00\",\"breadcrumb\":{\"@id\":\"https:\\\/\\\/www.purejewels.com\\\/product\\\/diya-collection-22ct-gold-ladies-bracelet-5-4gm-uncut-polki-diamond-1-94ct\\\/#breadcrumb\"},\"inLanguage\":\"tr\",\"potentialAction\":[{\"@type\":\"ReadAction\",\"target\":[\"https:\\\/\\\/www.purejewels.com\\\/product\\\/diya-collection-22ct-gold-ladies-bracelet-5-4gm-uncut-polki-diamond-1-94ct\\\/\"]}]},{\"@type\":\"ImageObject\",\"inLanguage\":\"tr\",\"@id\":\"https:\\\/\\\/www.purejewels.com\\\/product\\\/diya-collection-22ct-gold-ladies-bracelet-5-4gm-uncut-polki-diamond-1-94ct\\\/#primaryimage\",\"url\":\"https:\\\/\\\/static.purejewels.com\\\/wp-content\\\/uploads\\\/2020\\\/02\\\/32674.jpg\",\"contentUrl\":\"https:\\\/\\\/static.purejewels.com\\\/wp-content\\\/uploads\\\/2020\\\/02\\\/32674.jpg\",\"width\":1000,\"height\":1000,\"caption\":\"32674\"},{\"@type\":\"BreadcrumbList\",\"@id\":\"https:\\\/\\\/www.purejewels.com\\\/product\\\/diya-collection-22ct-gold-ladies-bracelet-5-4gm-uncut-polki-diamond-1-94ct\\\/#breadcrumb\",\"itemListElement\":[{\"@type\":\"ListItem\",\"position\":1,\"name\":\"Home\",\"item\":\"https:\\\/\\\/www.purejewels.com\\\/\"},{\"@type\":\"ListItem\",\"position\":2,\"name\":\"Shop\",\"item\":\"https:\\\/\\\/www.purejewels.com\\\/shop\\\/\"},{\"@type\":\"ListItem\",\"position\":3,\"name\":\"Diya Collection 22ct Gold Ladies Bracelet\"}]},{\"@type\":\"WebSite\",\"@id\":\"https:\\\/\\\/www.purejewels.com\\\/#website\",\"url\":\"https:\\\/\\\/www.purejewels.com\\\/\",\"name\":\"PureJewels UK\",\"description\":\"Share the Love\",\"publisher\":{\"@id\":\"https:\\\/\\\/www.purejewels.com\\\/#organization\"},\"potentialAction\":[{\"@type\":\"SearchAction\",\"target\":{\"@type\":\"EntryPoint\",\"urlTemplate\":\"https:\\\/\\\/www.purejewels.com\\\/?s={search_term_string}\"},\"query-input\":{\"@type\":\"PropertyValueSpecification\",\"valueRequired\":true,\"valueName\":\"search_term_string\"}}],\"inLanguage\":\"tr\"},{\"@type\":\"Organization\",\"@id\":\"https:\\\/\\\/www.purejewels.com\\\/#organization\",\"name\":\"PureJewels UK\",\"url\":\"https:\\\/\\\/www.purejewels.com\\\/\",\"logo\":{\"@type\":\"ImageObject\",\"inLanguage\":\"tr\",\"@id\":\"https:\\\/\\\/www.purejewels.com\\\/#\\\/schema\\\/logo\\\/image\\\/\",\"url\":\"https:\\\/\\\/static.purejewels.com\\\/wp-content\\\/uploads\\\/2020\\\/11\\\/Logo-PJ-New-1.png\",\"contentUrl\":\"https:\\\/\\\/static.purejewels.com\\\/wp-content\\\/uploads\\\/2020\\\/11\\\/Logo-PJ-New-1.png\",\"width\":150,\"height\":80,\"caption\":\"PureJewels UK\"},\"image\":{\"@id\":\"https:\\\/\\\/www.purejewels.com\\\/#\\\/schema\\\/logo\\\/image\\\/\"}}]}<\/script>\n<!-- \/ Yoast SEO plugin. -->","yoast_head_json":{"title":"Diya Collection 22 Ayar Alt\u0131n Bayan Bileklik - PureJewels UK","robots":{"index":"index","follow":"follow","max-snippet":"max-snippet:-1","max-image-preview":"max-image-preview:large","max-video-preview":"max-video-preview:-1"},"canonical":"https:\/\/www.purejewels.com\/tr\/urun\/diya-collection-22-ayar-altin-bayan-bileklik-5-4gm-kesilmemis-polki-pirlanta-1-94ct\/","og_locale":"tr_TR","og_type":"article","og_title":"Diya Collection 22ct Gold Ladies Bracelet - PureJewels UK","og_description":"Diya 22ct Gold uncut polki Diamond Bracelet  Uncut Polki Diamond\u00a0 wt. 1.94 carats  Weight of the Bracelet\u00a0 in 22ct gold is 5.4 gms  Length of the Bracelet is\u00a0 7 Inches  SKU. 32674  All our products are hallmarked by London Assay Office  All Bracelets comes with presentation box  Free delivery across UK  All price include VAT  Contact us \/ chat with us for live video of product","og_url":"https:\/\/www.purejewels.com\/tr\/urun\/diya-collection-22-ayar-altin-bayan-bileklik-5-4gm-kesilmemis-polki-pirlanta-1-94ct\/","og_site_name":"PureJewels UK","article_modified_time":"2026-01-06T09:43:52+00:00","og_image":[{"width":1000,"height":1000,"url":"https:\/\/www.purejewels.com\/wp-content\/uploads\/2020\/02\/32674.jpg","type":"image\/jpeg"}],"twitter_card":"summary_large_image","twitter_misc":{"Tahmini okuma s\u00fcresi":"1 dakika"},"schema":{"@context":"https:\/\/schema.org","@graph":[{"@type":["WebPage","ItemPage"],"@id":"https:\/\/www.purejewels.com\/product\/diya-collection-22ct-gold-ladies-bracelet-5-4gm-uncut-polki-diamond-1-94ct\/","url":"https:\/\/www.purejewels.com\/product\/diya-collection-22ct-gold-ladies-bracelet-5-4gm-uncut-polki-diamond-1-94ct\/","name":"Diya Collection 22 Ayar Alt\u0131n Bayan Bileklik - PureJewels UK","isPartOf":{"@id":"https:\/\/www.purejewels.com\/#website"},"primaryImageOfPage":{"@id":"https:\/\/www.purejewels.com\/product\/diya-collection-22ct-gold-ladies-bracelet-5-4gm-uncut-polki-diamond-1-94ct\/#primaryimage"},"image":{"@id":"https:\/\/www.purejewels.com\/product\/diya-collection-22ct-gold-ladies-bracelet-5-4gm-uncut-polki-diamond-1-94ct\/#primaryimage"},"thumbnailUrl":"https:\/\/static.purejewels.com\/wp-content\/uploads\/2020\/02\/32674.jpg","datePublished":"2020-02-20T04:36:09+00:00","dateModified":"2026-01-06T09:43:52+00:00","breadcrumb":{"@id":"https:\/\/www.purejewels.com\/product\/diya-collection-22ct-gold-ladies-bracelet-5-4gm-uncut-polki-diamond-1-94ct\/#breadcrumb"},"inLanguage":"tr","potentialAction":[{"@type":"ReadAction","target":["https:\/\/www.purejewels.com\/product\/diya-collection-22ct-gold-ladies-bracelet-5-4gm-uncut-polki-diamond-1-94ct\/"]}]},{"@type":"ImageObject","inLanguage":"tr","@id":"https:\/\/www.purejewels.com\/product\/diya-collection-22ct-gold-ladies-bracelet-5-4gm-uncut-polki-diamond-1-94ct\/#primaryimage","url":"https:\/\/static.purejewels.com\/wp-content\/uploads\/2020\/02\/32674.jpg","contentUrl":"https:\/\/static.purejewels.com\/wp-content\/uploads\/2020\/02\/32674.jpg","width":1000,"height":1000,"caption":"32674"},{"@type":"BreadcrumbList","@id":"https:\/\/www.purejewels.com\/product\/diya-collection-22ct-gold-ladies-bracelet-5-4gm-uncut-polki-diamond-1-94ct\/#breadcrumb","itemListElement":[{"@type":"ListItem","position":1,"name":"Home","item":"https:\/\/www.purejewels.com\/"},{"@type":"ListItem","position":2,"name":"Shop","item":"https:\/\/www.purejewels.com\/shop\/"},{"@type":"ListItem","position":3,"name":"Diya Collection 22ct Gold Ladies Bracelet"}]},{"@type":"WebSite","@id":"https:\/\/www.purejewels.com\/#website","url":"https:\/\/www.purejewels.com\/","name":"PureJewels \u0130ngiltere","description":"Sevgiyi Payla\u015f\u0131n","publisher":{"@id":"https:\/\/www.purejewels.com\/#organization"},"potentialAction":[{"@type":"SearchAction","target":{"@type":"EntryPoint","urlTemplate":"https:\/\/www.purejewels.com\/?s={search_term_string}"},"query-input":{"@type":"PropertyValueSpecification","valueRequired":true,"valueName":"search_term_string"}}],"inLanguage":"tr"},{"@type":"Organization","@id":"https:\/\/www.purejewels.com\/#organization","name":"PureJewels \u0130ngiltere","url":"https:\/\/www.purejewels.com\/","logo":{"@type":"ImageObject","inLanguage":"tr","@id":"https:\/\/www.purejewels.com\/#\/schema\/logo\/image\/","url":"https:\/\/static.purejewels.com\/wp-content\/uploads\/2020\/11\/Logo-PJ-New-1.png","contentUrl":"https:\/\/static.purejewels.com\/wp-content\/uploads\/2020\/11\/Logo-PJ-New-1.png","width":150,"height":80,"caption":"PureJewels UK"},"image":{"@id":"https:\/\/www.purejewels.com\/#\/schema\/logo\/image\/"}}]}},"_links":{"self":[{"href":"https:\/\/www.purejewels.com\/tr\/wp-json\/wp\/v2\/product\/312709","targetHints":{"allow":["GET"]}}],"collection":[{"href":"https:\/\/www.purejewels.com\/tr\/wp-json\/wp\/v2\/product"}],"about":[{"href":"https:\/\/www.purejewels.com\/tr\/wp-json\/wp\/v2\/types\/product"}],"replies":[{"embeddable":true,"href":"https:\/\/www.purejewels.com\/tr\/wp-json\/wp\/v2\/comments?post=312709"}],"version-history":[{"count":0,"href":"https:\/\/www.purejewels.com\/tr\/wp-json\/wp\/v2\/product\/312709\/revisions"}],"wp:featuredmedia":[{"embeddable":true,"href":"https:\/\/www.purejewels.com\/tr\/wp-json\/wp\/v2\/media\/312758"}],"wp:attachment":[{"href":"https:\/\/www.purejewels.com\/tr\/wp-json\/wp\/v2\/media?parent=312709"}],"wp:term":[{"taxonomy":"product_brand","embeddable":true,"href":"https:\/\/www.purejewels.com\/tr\/wp-json\/wp\/v2\/product_brand?post=312709"},{"taxonomy":"product_cat","embeddable":true,"href":"https:\/\/www.purejewels.com\/tr\/wp-json\/wp\/v2\/product_cat?post=312709"},{"taxonomy":"product_tag","embeddable":true,"href":"https:\/\/www.purejewels.com\/tr\/wp-json\/wp\/v2\/product_tag?post=312709"}],"curies":[{"name":"wp","href":"https:\/\/api.w.org\/{rel}","templated":true}]}}