{"id":312788,"date":"2020-02-28T11:29:16","date_gmt":"2020-02-28T11:29:16","guid":{"rendered":"https:\/\/www.purejewels.com\/?post_type=product&#038;p=312788"},"modified":"2026-03-17T04:48:38","modified_gmt":"2026-03-17T04:48:38","slug":"22-ayar-altin-gelin-yuzugu","status":"publish","type":"product","link":"https:\/\/www.purejewels.com\/tr\/product\/22-carat-gold-bridal-ring\/","title":{"rendered":"22 Ayar Alt\u0131n Dairesel Mandala Y\u00fcz\u00fck"},"content":{"rendered":"<p><strong>Tasar\u0131m Konsepti<\/strong><\/p>\n<p>Dairesel Mandala Y\u00fcz\u00fck, uyum, denge ve evrenin sonsuz ritminin sembol\u00fc olan antik mandala'dan ilham al\u0131yor. Tasar\u0131m, derinlik ve simetri hissi yaratmak i\u00e7in her biri karma\u015f\u0131k bir \u015fekilde detayland\u0131r\u0131lm\u0131\u015f e\u015fmerkezli katmanlar halinde a\u00e7\u0131l\u0131yor. Narin \u00e7i\u00e7ek ve geometrik desenler merkezden yay\u0131larak hem g\u00fc\u00e7l\u00fc hem de rafine hissettiren b\u00fcy\u00fcleyici dairesel bir kompozisyon olu\u015fturur. Bu yap\u0131sal uyum, PureJewels'in her detay\u0131n daha b\u00fcy\u00fck ve anlaml\u0131 bir b\u00fct\u00fcne katk\u0131da bulundu\u011fu yolculuklar\u0131 kutlama felsefesini yans\u0131t\u0131yor.<\/p>\n<p><strong>Zanaatkarl\u0131k<\/strong><\/p>\n<p>Y\u00fcksek safl\u0131kta 22 ayar alt\u0131ndan ustal\u0131kla \u00fcretilen bu y\u00fcz\u00fck, karma\u015f\u0131k telkari ve gran\u00fclasyon teknikleriyle ola\u011fan\u00fcst\u00fc bir sanat sergilemektedir. \u0130nce alt\u0131n unsurlar, denge ve simetriyi korumak i\u00e7in hassasiyet ve beceri gerektiren katmanl\u0131 e\u015fmerkezli formlarda dikkatlice d\u00fczenlenmi\u015ftir. Cilal\u0131 ve dokulu y\u00fczeylerin etkile\u015fimi \u0131\u015f\u0131k yans\u0131mas\u0131n\u0131 art\u0131rarak mandala tasar\u0131m\u0131na hayat verirken alt\u0131n\u0131n zenginli\u011fini vurgular.<\/p>\n<p><strong>Stil Fikirleri<\/strong><\/p>\n<p>Dairesel Mandala \u0130fade Y\u00fcz\u00fc\u011f\u00fc \u00e7arp\u0131c\u0131 bir odak noktas\u0131 olacak \u015fekilde tasarlanm\u0131\u015ft\u0131r. Karma\u015f\u0131k detaylar\u0131n\u0131 vurgulamak i\u00e7in tek ba\u015f\u0131na bir par\u00e7a olarak tak\u0131n veya dengeli bir g\u00f6r\u00fcn\u00fcm i\u00e7in ince alt\u0131n tak\u0131larla e\u015fle\u015ftirin. Gelin k\u0131yafetleri, bayram g\u00fcnleri veya \u00f6zel kutlamalar i\u00e7in ideal olan bu y\u00fcz\u00fck, hem geleneksel hem de \u00e7a\u011fda\u015f stile ihti\u015fam ve miras zarafeti duygusu katar.<\/p>","protected":false},"excerpt":{"rendered":"<p>22 Ayar Alt\u0131n Dairesel Mandala Y\u00fcz\u00fck, mandala esintili karma\u015f\u0131k bir tasar\u0131m\u0131 cesur bir dairesel formda sergiliyor. I\u015f\u0131lt\u0131l\u0131 22 ayar alt\u0131ndan \u00fcretilen bu g\u00f6steri\u015fli y\u00fcz\u00fck, sanat miras\u0131n\u0131 ve zamans\u0131z zarafeti yans\u0131t\u0131yor.<\/p>\n<ul>\n<li><strong>Metal<\/strong>. 22 Ayar Alt\u0131n<\/li>\n<li><strong>Y\u00fcz\u00fck \u00d6l\u00e7\u00fcs\u00fc.<\/strong> O 1\/2<\/li>\n<li><strong>Y\u00fcz\u00fck a\u011f\u0131rl\u0131\u011f\u0131.<\/strong> 8,5 gms<\/li>\n<li><strong>SKU.<\/strong>\u00a0 32369<\/li>\n<\/ul>","protected":false},"featured_media":315850,"comment_status":"closed","ping_status":"closed","template":"","meta":{"_eb_attr":"","_crsspst_to_jayantr4sg-hostcom":true},"product_brand":[],"product_cat":[1235,252,1783,1786,1573,1574],"product_tag":[],"class_list":{"0":"post-312788","1":"product","2":"type-product","3":"status-publish","4":"has-post-thumbnail","6":"product_cat-gold-rings","7":"product_cat-jali-collections","8":"product_cat-ladies-rings","9":"product_cat-occasional-wear-rings","10":"product_cat-wedding-gifts","11":"product_cat-womens-jewellery","13":"first","14":"outofstock","15":"taxable","16":"shipping-taxable","17":"product-type-simple","18":"add-to-wishlist-before_image"},"yoast_head":"<!-- This site is optimized with the Yoast SEO plugin v27.3 - https:\/\/yoast.com\/product\/yoast-seo-wordpress\/ -->\n<title>Discover the 22ct Gold Circular Mandala Statement Ring UK<\/title>\n<meta name=\"description\" content=\"Shop the 22ct Gold Circular Mandala Statement Ring featuring intricate filigree and granulated detailing. A bold heritage-inspired ring crafted for bridal and occasion wear.\" \/>\n<meta name=\"robots\" content=\"index, follow, max-snippet:-1, max-image-preview:large, max-video-preview:-1\" \/>\n<link rel=\"canonical\" href=\"https:\/\/www.purejewels.com\/tr\/urun\/22-ayar-altin-gelin-yuzugu\/\" \/>\n<meta property=\"og:locale\" content=\"tr_TR\" \/>\n<meta property=\"og:type\" content=\"article\" \/>\n<meta property=\"og:title\" content=\"Discover the 22ct Gold Circular Mandala Statement Ring UK\" \/>\n<meta property=\"og:description\" content=\"Shop the 22ct Gold Circular Mandala Statement Ring featuring intricate filigree and granulated detailing. A bold heritage-inspired ring crafted for bridal and occasion wear.\" \/>\n<meta property=\"og:url\" content=\"https:\/\/www.purejewels.com\/tr\/urun\/22-ayar-altin-gelin-yuzugu\/\" \/>\n<meta property=\"og:site_name\" content=\"PureJewels UK\" \/>\n<meta property=\"article:modified_time\" content=\"2026-03-17T04:48:38+00:00\" \/>\n<meta property=\"og:image\" content=\"https:\/\/static.purejewels.com\/wp-content\/uploads\/2020\/07\/image175907555.jpg\" \/>\n\t<meta property=\"og:image:width\" content=\"1000\" \/>\n\t<meta property=\"og:image:height\" content=\"1000\" \/>\n\t<meta property=\"og:image:type\" content=\"image\/jpeg\" \/>\n<meta name=\"twitter:card\" content=\"summary_large_image\" \/>\n<meta name=\"twitter:label1\" content=\"Tahmini okuma s\u00fcresi\" \/>\n\t<meta name=\"twitter:data1\" content=\"2 dakika\" \/>\n<script type=\"application\/ld+json\" class=\"yoast-schema-graph\">{\"@context\":\"https:\\\/\\\/schema.org\",\"@graph\":[{\"@type\":[\"WebPage\",\"ItemPage\"],\"@id\":\"https:\\\/\\\/www.purejewels.com\\\/product\\\/22-carat-gold-bridal-ring\\\/\",\"url\":\"https:\\\/\\\/www.purejewels.com\\\/product\\\/22-carat-gold-bridal-ring\\\/\",\"name\":\"Discover the 22ct Gold Circular Mandala Statement Ring UK\",\"isPartOf\":{\"@id\":\"https:\\\/\\\/www.purejewels.com\\\/#website\"},\"primaryImageOfPage\":{\"@id\":\"https:\\\/\\\/www.purejewels.com\\\/product\\\/22-carat-gold-bridal-ring\\\/#primaryimage\"},\"image\":{\"@id\":\"https:\\\/\\\/www.purejewels.com\\\/product\\\/22-carat-gold-bridal-ring\\\/#primaryimage\"},\"thumbnailUrl\":\"https:\\\/\\\/static.purejewels.com\\\/wp-content\\\/uploads\\\/2020\\\/07\\\/image175907555.jpg\",\"datePublished\":\"2020-02-28T11:29:16+00:00\",\"dateModified\":\"2026-03-17T04:48:38+00:00\",\"description\":\"Shop the 22ct Gold Circular Mandala Statement Ring featuring intricate filigree and granulated detailing. A bold heritage-inspired ring crafted for bridal and occasion wear.\",\"breadcrumb\":{\"@id\":\"https:\\\/\\\/www.purejewels.com\\\/product\\\/22-carat-gold-bridal-ring\\\/#breadcrumb\"},\"inLanguage\":\"tr\",\"potentialAction\":[{\"@type\":\"ReadAction\",\"target\":[\"https:\\\/\\\/www.purejewels.com\\\/product\\\/22-carat-gold-bridal-ring\\\/\"]}]},{\"@type\":\"ImageObject\",\"inLanguage\":\"tr\",\"@id\":\"https:\\\/\\\/www.purejewels.com\\\/product\\\/22-carat-gold-bridal-ring\\\/#primaryimage\",\"url\":\"https:\\\/\\\/static.purejewels.com\\\/wp-content\\\/uploads\\\/2020\\\/07\\\/image175907555.jpg\",\"contentUrl\":\"https:\\\/\\\/static.purejewels.com\\\/wp-content\\\/uploads\\\/2020\\\/07\\\/image175907555.jpg\",\"width\":1000,\"height\":1000,\"caption\":\"22ct Gold Ladies Ring\u00a0 with filigree designRing Size. O 1\\\/2Ring wt. 8.5 gmsSKU.\u00a0 3236922ct Gold\u00a0Hallmarked by London Assay OfficeComes With Presentation BoxDelivery IncludedAll prices include VATLive chat with us for availability and more images of similar designs currently in stock\"},{\"@type\":\"BreadcrumbList\",\"@id\":\"https:\\\/\\\/www.purejewels.com\\\/product\\\/22-carat-gold-bridal-ring\\\/#breadcrumb\",\"itemListElement\":[{\"@type\":\"ListItem\",\"position\":1,\"name\":\"Home\",\"item\":\"https:\\\/\\\/www.purejewels.com\\\/\"},{\"@type\":\"ListItem\",\"position\":2,\"name\":\"Shop\",\"item\":\"https:\\\/\\\/www.purejewels.com\\\/shop\\\/\"},{\"@type\":\"ListItem\",\"position\":3,\"name\":\"22ct Gold Circular Mandala Statement Ring\"}]},{\"@type\":\"WebSite\",\"@id\":\"https:\\\/\\\/www.purejewels.com\\\/#website\",\"url\":\"https:\\\/\\\/www.purejewels.com\\\/\",\"name\":\"PureJewels UK\",\"description\":\"Share the Love\",\"publisher\":{\"@id\":\"https:\\\/\\\/www.purejewels.com\\\/#organization\"},\"potentialAction\":[{\"@type\":\"SearchAction\",\"target\":{\"@type\":\"EntryPoint\",\"urlTemplate\":\"https:\\\/\\\/www.purejewels.com\\\/?s={search_term_string}\"},\"query-input\":{\"@type\":\"PropertyValueSpecification\",\"valueRequired\":true,\"valueName\":\"search_term_string\"}}],\"inLanguage\":\"tr\"},{\"@type\":\"Organization\",\"@id\":\"https:\\\/\\\/www.purejewels.com\\\/#organization\",\"name\":\"PureJewels UK\",\"url\":\"https:\\\/\\\/www.purejewels.com\\\/\",\"logo\":{\"@type\":\"ImageObject\",\"inLanguage\":\"tr\",\"@id\":\"https:\\\/\\\/www.purejewels.com\\\/#\\\/schema\\\/logo\\\/image\\\/\",\"url\":\"https:\\\/\\\/static.purejewels.com\\\/wp-content\\\/uploads\\\/2020\\\/11\\\/Logo-PJ-New-1.png\",\"contentUrl\":\"https:\\\/\\\/static.purejewels.com\\\/wp-content\\\/uploads\\\/2020\\\/11\\\/Logo-PJ-New-1.png\",\"width\":150,\"height\":80,\"caption\":\"PureJewels UK\"},\"image\":{\"@id\":\"https:\\\/\\\/www.purejewels.com\\\/#\\\/schema\\\/logo\\\/image\\\/\"}}]}<\/script>\n<!-- \/ Yoast SEO plugin. -->","yoast_head_json":{"title":"22 Ayar Alt\u0131n Dairesel Mandala \u0130fade Y\u00fcz\u00fc\u011f\u00fc \u0130ngiltere'yi ke\u015ffedin","description":"Karma\u015f\u0131k telkari ve gran\u00fcl detaylara sahip 22 Ayar Alt\u0131n Dairesel Mandala \u0130fade Y\u00fcz\u00fc\u011f\u00fcn\u00fc sat\u0131n al\u0131n. Gelinlik ve \u00f6zel g\u00fcnler i\u00e7in haz\u0131rlanm\u0131\u015f, mirastan ilham alan cesur bir y\u00fcz\u00fck.","robots":{"index":"index","follow":"follow","max-snippet":"max-snippet:-1","max-image-preview":"max-image-preview:large","max-video-preview":"max-video-preview:-1"},"canonical":"https:\/\/www.purejewels.com\/tr\/urun\/22-ayar-altin-gelin-yuzugu\/","og_locale":"tr_TR","og_type":"article","og_title":"Discover the 22ct Gold Circular Mandala Statement Ring UK","og_description":"Shop the 22ct Gold Circular Mandala Statement Ring featuring intricate filigree and granulated detailing. A bold heritage-inspired ring crafted for bridal and occasion wear.","og_url":"https:\/\/www.purejewels.com\/tr\/urun\/22-ayar-altin-gelin-yuzugu\/","og_site_name":"PureJewels UK","article_modified_time":"2026-03-17T04:48:38+00:00","og_image":[{"width":1000,"height":1000,"url":"https:\/\/static.purejewels.com\/wp-content\/uploads\/2020\/07\/image175907555.jpg","type":"image\/jpeg"}],"twitter_card":"summary_large_image","twitter_misc":{"Tahmini okuma s\u00fcresi":"2 dakika"},"schema":{"@context":"https:\/\/schema.org","@graph":[{"@type":["WebPage","ItemPage"],"@id":"https:\/\/www.purejewels.com\/product\/22-carat-gold-bridal-ring\/","url":"https:\/\/www.purejewels.com\/product\/22-carat-gold-bridal-ring\/","name":"22 Ayar Alt\u0131n Dairesel Mandala \u0130fade Y\u00fcz\u00fc\u011f\u00fc \u0130ngiltere'yi ke\u015ffedin","isPartOf":{"@id":"https:\/\/www.purejewels.com\/#website"},"primaryImageOfPage":{"@id":"https:\/\/www.purejewels.com\/product\/22-carat-gold-bridal-ring\/#primaryimage"},"image":{"@id":"https:\/\/www.purejewels.com\/product\/22-carat-gold-bridal-ring\/#primaryimage"},"thumbnailUrl":"https:\/\/static.purejewels.com\/wp-content\/uploads\/2020\/07\/image175907555.jpg","datePublished":"2020-02-28T11:29:16+00:00","dateModified":"2026-03-17T04:48:38+00:00","description":"Karma\u015f\u0131k telkari ve gran\u00fcl detaylara sahip 22 Ayar Alt\u0131n Dairesel Mandala \u0130fade Y\u00fcz\u00fc\u011f\u00fcn\u00fc sat\u0131n al\u0131n. Gelinlik ve \u00f6zel g\u00fcnler i\u00e7in haz\u0131rlanm\u0131\u015f, mirastan ilham alan cesur bir y\u00fcz\u00fck.","breadcrumb":{"@id":"https:\/\/www.purejewels.com\/product\/22-carat-gold-bridal-ring\/#breadcrumb"},"inLanguage":"tr","potentialAction":[{"@type":"ReadAction","target":["https:\/\/www.purejewels.com\/product\/22-carat-gold-bridal-ring\/"]}]},{"@type":"ImageObject","inLanguage":"tr","@id":"https:\/\/www.purejewels.com\/product\/22-carat-gold-bridal-ring\/#primaryimage","url":"https:\/\/static.purejewels.com\/wp-content\/uploads\/2020\/07\/image175907555.jpg","contentUrl":"https:\/\/static.purejewels.com\/wp-content\/uploads\/2020\/07\/image175907555.jpg","width":1000,"height":1000,"caption":"22ct Gold Ladies Ring\u00a0 with filigree designRing Size. O 1\/2Ring wt. 8.5 gmsSKU.\u00a0 3236922ct Gold\u00a0Hallmarked by London Assay OfficeComes With Presentation BoxDelivery IncludedAll prices include VATLive chat with us for availability and more images of similar designs currently in stock"},{"@type":"BreadcrumbList","@id":"https:\/\/www.purejewels.com\/product\/22-carat-gold-bridal-ring\/#breadcrumb","itemListElement":[{"@type":"ListItem","position":1,"name":"Home","item":"https:\/\/www.purejewels.com\/"},{"@type":"ListItem","position":2,"name":"Shop","item":"https:\/\/www.purejewels.com\/shop\/"},{"@type":"ListItem","position":3,"name":"22ct Gold Circular Mandala Statement Ring"}]},{"@type":"WebSite","@id":"https:\/\/www.purejewels.com\/#website","url":"https:\/\/www.purejewels.com\/","name":"PureJewels \u0130ngiltere","description":"Sevgiyi Payla\u015f\u0131n","publisher":{"@id":"https:\/\/www.purejewels.com\/#organization"},"potentialAction":[{"@type":"SearchAction","target":{"@type":"EntryPoint","urlTemplate":"https:\/\/www.purejewels.com\/?s={search_term_string}"},"query-input":{"@type":"PropertyValueSpecification","valueRequired":true,"valueName":"search_term_string"}}],"inLanguage":"tr"},{"@type":"Organization","@id":"https:\/\/www.purejewels.com\/#organization","name":"PureJewels \u0130ngiltere","url":"https:\/\/www.purejewels.com\/","logo":{"@type":"ImageObject","inLanguage":"tr","@id":"https:\/\/www.purejewels.com\/#\/schema\/logo\/image\/","url":"https:\/\/static.purejewels.com\/wp-content\/uploads\/2020\/11\/Logo-PJ-New-1.png","contentUrl":"https:\/\/static.purejewels.com\/wp-content\/uploads\/2020\/11\/Logo-PJ-New-1.png","width":150,"height":80,"caption":"PureJewels UK"},"image":{"@id":"https:\/\/www.purejewels.com\/#\/schema\/logo\/image\/"}}]}},"_links":{"self":[{"href":"https:\/\/www.purejewels.com\/tr\/wp-json\/wp\/v2\/product\/312788","targetHints":{"allow":["GET"]}}],"collection":[{"href":"https:\/\/www.purejewels.com\/tr\/wp-json\/wp\/v2\/product"}],"about":[{"href":"https:\/\/www.purejewels.com\/tr\/wp-json\/wp\/v2\/types\/product"}],"replies":[{"embeddable":true,"href":"https:\/\/www.purejewels.com\/tr\/wp-json\/wp\/v2\/comments?post=312788"}],"version-history":[{"count":3,"href":"https:\/\/www.purejewels.com\/tr\/wp-json\/wp\/v2\/product\/312788\/revisions"}],"predecessor-version":[{"id":427207,"href":"https:\/\/www.purejewels.com\/tr\/wp-json\/wp\/v2\/product\/312788\/revisions\/427207"}],"wp:featuredmedia":[{"embeddable":true,"href":"https:\/\/www.purejewels.com\/tr\/wp-json\/wp\/v2\/media\/315850"}],"wp:attachment":[{"href":"https:\/\/www.purejewels.com\/tr\/wp-json\/wp\/v2\/media?parent=312788"}],"wp:term":[{"taxonomy":"product_brand","embeddable":true,"href":"https:\/\/www.purejewels.com\/tr\/wp-json\/wp\/v2\/product_brand?post=312788"},{"taxonomy":"product_cat","embeddable":true,"href":"https:\/\/www.purejewels.com\/tr\/wp-json\/wp\/v2\/product_cat?post=312788"},{"taxonomy":"product_tag","embeddable":true,"href":"https:\/\/www.purejewels.com\/tr\/wp-json\/wp\/v2\/product_tag?post=312788"}],"curies":[{"name":"wp","href":"https:\/\/api.w.org\/{rel}","templated":true}]}}