{"id":312797,"date":"2020-02-28T11:34:55","date_gmt":"2020-02-28T11:34:55","guid":{"rendered":"https:\/\/www.purejewels.com\/?post_type=product&#038;p=312797"},"modified":"2026-01-07T05:15:39","modified_gmt":"2026-01-07T05:15:39","slug":"22-ayar-sari-altin-yuzuk-32371","status":"publish","type":"product","link":"https:\/\/www.purejewels.com\/tr\/product\/22ct-yellow-gold-ring-32371\/","title":{"rendered":"22 ayar alt\u0131n b\u00fcy\u00fck \u00e7i\u00e7ek kokteyl y\u00fcz\u00fc\u011f\u00fc"},"content":{"rendered":"<p data-start=\"608\" data-end=\"879\">Cesur kad\u0131ns\u0131l\u0131\u011f\u0131 bizimle kutlay\u0131n <strong data-start=\"643\" data-end=\"683\">22 ayar alt\u0131n b\u00fcy\u00fck \u00e7i\u00e7ek kokteyl y\u00fcz\u00fc\u011f\u00fc<\/strong> \u2014 g\u00f6z kama\u015ft\u0131rmak i\u00e7in tasarlanm\u0131\u015f \u00e7arp\u0131c\u0131 bir par\u00e7a. A\u00e7an bir \u00e7i\u00e7ek \u015feklindeki y\u00fcz\u00fck, karma\u015f\u0131k \u00f6rg\u00fc dokulu yapraklar\u0131 ve s\u00fcsl\u00fc detaylar\u0131 ile dikkat \u00e7ekiyor. T\u00fcm detaylar, parlak 22 ayar sar\u0131 alt\u0131ndan titizlikle i\u015flenmi\u015ftir.<\/p>\n<p data-start=\"881\" data-end=\"1096\">B\u00fcy\u00fck boy silueti, onu \u00f6zel g\u00fcnler, d\u00fc\u011f\u00fcnler veya \u015f\u0131k ak\u015famlar i\u00e7in m\u00fckemmel bir se\u00e7im haline getirir. Ayarlanabilir bant, rahat bir oturu\u015f sa\u011flar ve onu \u00e7ok y\u00f6nl\u00fc bir hediye veya kendinize verece\u011finiz bir \u00f6d\u00fcl haline getirir.<\/p>\n<p data-start=\"1098\" data-end=\"1262\">Geleneksel sanat\u0131n k\u00f6klerinden beslenen ancak modern kad\u0131nlar i\u00e7in tasarlanan bu y\u00fcz\u00fck, PureJewels'\u0131n imzas\u0131 niteli\u011findeki zanaatkarl\u0131\u011f\u0131n\u0131 yans\u0131t\u0131yor: ifade g\u00fcc\u00fc y\u00fcksek, zamans\u0131z ve son derece l\u00fcks.<\/p>","protected":false},"excerpt":{"rendered":"<p>22 ayar sar\u0131 alt\u0131ndan \u00fcretilen bu g\u00f6rkemli \u00e7i\u00e7ek desenli kokteyl y\u00fcz\u00fc\u011f\u00fc ile dikkatleri \u00fczerinize \u00e7ekin. Karma\u015f\u0131k \u00f6rg\u00fc detaylar\u0131 ve ayarlanabilir yap\u0131s\u0131 ile zahmetsiz bir \u015f\u0131kl\u0131k sunar.<\/p>\n<ul>\n<li>22 Ayar Sar\u0131 Alt\u0131n Y\u00fcz\u00fck<\/li>\n<li>Y\u00fcz\u00fck \u00d6l\u00e7\u00fcs\u00fc. Ayarlanabilir<\/li>\n<li>Y\u00fcz\u00fck A\u011f\u0131rl\u0131\u011f\u0131 10,3 gms<\/li>\n<li>SKU. 32371<\/li>\n<li>22 ayar Alt\u0131n Londra Tahlil Ofisi taraf\u0131ndan damgalanm\u0131\u015ft\u0131r<\/li>\n<li>Sunum Kutusu ile Birlikte Gelir<\/li>\n<li>\u0130ngiltere'de \u00dccretsiz Teslimat<\/li>\n<li>T\u00fcm fiyatlara KDV dahildir<\/li>\n<li>Stok durumu ve stokta bulunan benzer tasar\u0131mlar\u0131n daha fazla g\u00f6r\u00fcnt\u00fcs\u00fc i\u00e7in bizimle canl\u0131 sohbet edin<\/li>\n<\/ul>","protected":false},"featured_media":315853,"comment_status":"closed","ping_status":"closed","template":"","meta":{"_eb_attr":"","_crsspst_to_jayantr4sg-hostcom":true},"product_brand":[],"product_cat":[1559,1235,252,1783,1786,1573,1574],"product_tag":[],"class_list":{"0":"post-312797","1":"product","2":"type-product","3":"status-publish","4":"has-post-thumbnail","6":"product_cat-birthday-gifts","7":"product_cat-gold-rings","8":"product_cat-jali-collections","9":"product_cat-ladies-rings","10":"product_cat-occasional-wear-rings","11":"product_cat-wedding-gifts","12":"product_cat-womens-jewellery","14":"first","15":"outofstock","16":"taxable","17":"shipping-taxable","18":"product-type-simple","19":"add-to-wishlist-before_image"},"yoast_head":"<!-- This site is optimized with the Yoast SEO plugin v27.3 - https:\/\/yoast.com\/product\/yoast-seo-wordpress\/ -->\n<title>Bold Floral Gold Ring | Adjustable 22ct Cocktail Statement<\/title>\n<meta name=\"description\" content=\"Discover the 22ct Gold Grand Floral Cocktail Ring \u2014 bold, beautiful, and adjustable. A perfect statement piece with intricate mesh detailing in pure gold.\" \/>\n<meta name=\"robots\" content=\"index, follow, max-snippet:-1, max-image-preview:large, max-video-preview:-1\" \/>\n<link rel=\"canonical\" href=\"https:\/\/www.purejewels.com\/tr\/urun\/22-ayar-sari-altin-yuzuk-32371\/\" \/>\n<meta property=\"og:locale\" content=\"tr_TR\" \/>\n<meta property=\"og:type\" content=\"article\" \/>\n<meta property=\"og:title\" content=\"Bold Floral Gold Ring | Adjustable 22ct Cocktail Statement\" \/>\n<meta property=\"og:description\" content=\"Discover the 22ct Gold Grand Floral Cocktail Ring \u2014 bold, beautiful, and adjustable. A perfect statement piece with intricate mesh detailing in pure gold.\" \/>\n<meta property=\"og:url\" content=\"https:\/\/www.purejewels.com\/tr\/urun\/22-ayar-sari-altin-yuzuk-32371\/\" \/>\n<meta property=\"og:site_name\" content=\"PureJewels UK\" \/>\n<meta property=\"article:modified_time\" content=\"2026-01-07T05:15:39+00:00\" \/>\n<meta property=\"og:image\" content=\"https:\/\/static.purejewels.com\/wp-content\/uploads\/2020\/07\/image175909123.jpg\" \/>\n\t<meta property=\"og:image:width\" content=\"1000\" \/>\n\t<meta property=\"og:image:height\" content=\"1000\" \/>\n\t<meta property=\"og:image:type\" content=\"image\/jpeg\" \/>\n<meta name=\"twitter:card\" content=\"summary_large_image\" \/>\n<meta name=\"twitter:label1\" content=\"Tahmini okuma s\u00fcresi\" \/>\n\t<meta name=\"twitter:data1\" content=\"1 dakika\" \/>\n<script type=\"application\/ld+json\" class=\"yoast-schema-graph\">{\"@context\":\"https:\\\/\\\/schema.org\",\"@graph\":[{\"@type\":[\"WebPage\",\"ItemPage\"],\"@id\":\"https:\\\/\\\/www.purejewels.com\\\/product\\\/22ct-yellow-gold-ring-32371\\\/\",\"url\":\"https:\\\/\\\/www.purejewels.com\\\/product\\\/22ct-yellow-gold-ring-32371\\\/\",\"name\":\"Bold Floral Gold Ring | Adjustable 22ct Cocktail Statement\",\"isPartOf\":{\"@id\":\"https:\\\/\\\/www.purejewels.com\\\/#website\"},\"primaryImageOfPage\":{\"@id\":\"https:\\\/\\\/www.purejewels.com\\\/product\\\/22ct-yellow-gold-ring-32371\\\/#primaryimage\"},\"image\":{\"@id\":\"https:\\\/\\\/www.purejewels.com\\\/product\\\/22ct-yellow-gold-ring-32371\\\/#primaryimage\"},\"thumbnailUrl\":\"https:\\\/\\\/static.purejewels.com\\\/wp-content\\\/uploads\\\/2020\\\/07\\\/image175909123.jpg\",\"datePublished\":\"2020-02-28T11:34:55+00:00\",\"dateModified\":\"2026-01-07T05:15:39+00:00\",\"description\":\"Discover the 22ct Gold Grand Floral Cocktail Ring \u2014 bold, beautiful, and adjustable. A perfect statement piece with intricate mesh detailing in pure gold.\",\"breadcrumb\":{\"@id\":\"https:\\\/\\\/www.purejewels.com\\\/product\\\/22ct-yellow-gold-ring-32371\\\/#breadcrumb\"},\"inLanguage\":\"tr\",\"potentialAction\":[{\"@type\":\"ReadAction\",\"target\":[\"https:\\\/\\\/www.purejewels.com\\\/product\\\/22ct-yellow-gold-ring-32371\\\/\"]}]},{\"@type\":\"ImageObject\",\"inLanguage\":\"tr\",\"@id\":\"https:\\\/\\\/www.purejewels.com\\\/product\\\/22ct-yellow-gold-ring-32371\\\/#primaryimage\",\"url\":\"https:\\\/\\\/static.purejewels.com\\\/wp-content\\\/uploads\\\/2020\\\/07\\\/image175909123.jpg\",\"contentUrl\":\"https:\\\/\\\/static.purejewels.com\\\/wp-content\\\/uploads\\\/2020\\\/07\\\/image175909123.jpg\",\"width\":1000,\"height\":1000,\"caption\":\"22ct Gold Grand Floral Cocktail Ring\"},{\"@type\":\"BreadcrumbList\",\"@id\":\"https:\\\/\\\/www.purejewels.com\\\/product\\\/22ct-yellow-gold-ring-32371\\\/#breadcrumb\",\"itemListElement\":[{\"@type\":\"ListItem\",\"position\":1,\"name\":\"Home\",\"item\":\"https:\\\/\\\/www.purejewels.com\\\/\"},{\"@type\":\"ListItem\",\"position\":2,\"name\":\"Shop\",\"item\":\"https:\\\/\\\/www.purejewels.com\\\/shop\\\/\"},{\"@type\":\"ListItem\",\"position\":3,\"name\":\"22ct Gold Grand Floral Cocktail Ring\"}]},{\"@type\":\"WebSite\",\"@id\":\"https:\\\/\\\/www.purejewels.com\\\/#website\",\"url\":\"https:\\\/\\\/www.purejewels.com\\\/\",\"name\":\"PureJewels UK\",\"description\":\"Share the Love\",\"publisher\":{\"@id\":\"https:\\\/\\\/www.purejewels.com\\\/#organization\"},\"potentialAction\":[{\"@type\":\"SearchAction\",\"target\":{\"@type\":\"EntryPoint\",\"urlTemplate\":\"https:\\\/\\\/www.purejewels.com\\\/?s={search_term_string}\"},\"query-input\":{\"@type\":\"PropertyValueSpecification\",\"valueRequired\":true,\"valueName\":\"search_term_string\"}}],\"inLanguage\":\"tr\"},{\"@type\":\"Organization\",\"@id\":\"https:\\\/\\\/www.purejewels.com\\\/#organization\",\"name\":\"PureJewels UK\",\"url\":\"https:\\\/\\\/www.purejewels.com\\\/\",\"logo\":{\"@type\":\"ImageObject\",\"inLanguage\":\"tr\",\"@id\":\"https:\\\/\\\/www.purejewels.com\\\/#\\\/schema\\\/logo\\\/image\\\/\",\"url\":\"https:\\\/\\\/static.purejewels.com\\\/wp-content\\\/uploads\\\/2020\\\/11\\\/Logo-PJ-New-1.png\",\"contentUrl\":\"https:\\\/\\\/static.purejewels.com\\\/wp-content\\\/uploads\\\/2020\\\/11\\\/Logo-PJ-New-1.png\",\"width\":150,\"height\":80,\"caption\":\"PureJewels UK\"},\"image\":{\"@id\":\"https:\\\/\\\/www.purejewels.com\\\/#\\\/schema\\\/logo\\\/image\\\/\"}}]}<\/script>\n<!-- \/ Yoast SEO plugin. -->","yoast_head_json":{"title":"Cesur \u00c7i\u00e7ek Desenli Alt\u0131n Y\u00fcz\u00fck | Ayarlanabilir 22 ayar Kokteyl Y\u00fcz\u00fc\u011f\u00fc","description":"22 ayar alt\u0131n Grand Floral Kokteyl Y\u00fcz\u00fc\u011f\u00fc ke\u015ffedin \u2014 cesur, g\u00fczel ve ayarlanabilir. Saf alt\u0131ndan yap\u0131lm\u0131\u015f karma\u015f\u0131k \u00f6rg\u00fc detaylar\u0131yla m\u00fckemmel bir aksesuar.","robots":{"index":"index","follow":"follow","max-snippet":"max-snippet:-1","max-image-preview":"max-image-preview:large","max-video-preview":"max-video-preview:-1"},"canonical":"https:\/\/www.purejewels.com\/tr\/urun\/22-ayar-sari-altin-yuzuk-32371\/","og_locale":"tr_TR","og_type":"article","og_title":"Bold Floral Gold Ring | Adjustable 22ct Cocktail Statement","og_description":"Discover the 22ct Gold Grand Floral Cocktail Ring \u2014 bold, beautiful, and adjustable. A perfect statement piece with intricate mesh detailing in pure gold.","og_url":"https:\/\/www.purejewels.com\/tr\/urun\/22-ayar-sari-altin-yuzuk-32371\/","og_site_name":"PureJewels UK","article_modified_time":"2026-01-07T05:15:39+00:00","og_image":[{"width":1000,"height":1000,"url":"https:\/\/static.purejewels.com\/wp-content\/uploads\/2020\/07\/image175909123.jpg","type":"image\/jpeg"}],"twitter_card":"summary_large_image","twitter_misc":{"Tahmini okuma s\u00fcresi":"1 dakika"},"schema":{"@context":"https:\/\/schema.org","@graph":[{"@type":["WebPage","ItemPage"],"@id":"https:\/\/www.purejewels.com\/product\/22ct-yellow-gold-ring-32371\/","url":"https:\/\/www.purejewels.com\/product\/22ct-yellow-gold-ring-32371\/","name":"Cesur \u00c7i\u00e7ek Desenli Alt\u0131n Y\u00fcz\u00fck | Ayarlanabilir 22 ayar Kokteyl Y\u00fcz\u00fc\u011f\u00fc","isPartOf":{"@id":"https:\/\/www.purejewels.com\/#website"},"primaryImageOfPage":{"@id":"https:\/\/www.purejewels.com\/product\/22ct-yellow-gold-ring-32371\/#primaryimage"},"image":{"@id":"https:\/\/www.purejewels.com\/product\/22ct-yellow-gold-ring-32371\/#primaryimage"},"thumbnailUrl":"https:\/\/static.purejewels.com\/wp-content\/uploads\/2020\/07\/image175909123.jpg","datePublished":"2020-02-28T11:34:55+00:00","dateModified":"2026-01-07T05:15:39+00:00","description":"22 ayar alt\u0131n Grand Floral Kokteyl Y\u00fcz\u00fc\u011f\u00fc ke\u015ffedin \u2014 cesur, g\u00fczel ve ayarlanabilir. Saf alt\u0131ndan yap\u0131lm\u0131\u015f karma\u015f\u0131k \u00f6rg\u00fc detaylar\u0131yla m\u00fckemmel bir aksesuar.","breadcrumb":{"@id":"https:\/\/www.purejewels.com\/product\/22ct-yellow-gold-ring-32371\/#breadcrumb"},"inLanguage":"tr","potentialAction":[{"@type":"ReadAction","target":["https:\/\/www.purejewels.com\/product\/22ct-yellow-gold-ring-32371\/"]}]},{"@type":"ImageObject","inLanguage":"tr","@id":"https:\/\/www.purejewels.com\/product\/22ct-yellow-gold-ring-32371\/#primaryimage","url":"https:\/\/static.purejewels.com\/wp-content\/uploads\/2020\/07\/image175909123.jpg","contentUrl":"https:\/\/static.purejewels.com\/wp-content\/uploads\/2020\/07\/image175909123.jpg","width":1000,"height":1000,"caption":"22ct Gold Grand Floral Cocktail Ring"},{"@type":"BreadcrumbList","@id":"https:\/\/www.purejewels.com\/product\/22ct-yellow-gold-ring-32371\/#breadcrumb","itemListElement":[{"@type":"ListItem","position":1,"name":"Home","item":"https:\/\/www.purejewels.com\/"},{"@type":"ListItem","position":2,"name":"Shop","item":"https:\/\/www.purejewels.com\/shop\/"},{"@type":"ListItem","position":3,"name":"22ct Gold Grand Floral Cocktail Ring"}]},{"@type":"WebSite","@id":"https:\/\/www.purejewels.com\/#website","url":"https:\/\/www.purejewels.com\/","name":"PureJewels \u0130ngiltere","description":"Sevgiyi Payla\u015f\u0131n","publisher":{"@id":"https:\/\/www.purejewels.com\/#organization"},"potentialAction":[{"@type":"SearchAction","target":{"@type":"EntryPoint","urlTemplate":"https:\/\/www.purejewels.com\/?s={search_term_string}"},"query-input":{"@type":"PropertyValueSpecification","valueRequired":true,"valueName":"search_term_string"}}],"inLanguage":"tr"},{"@type":"Organization","@id":"https:\/\/www.purejewels.com\/#organization","name":"PureJewels \u0130ngiltere","url":"https:\/\/www.purejewels.com\/","logo":{"@type":"ImageObject","inLanguage":"tr","@id":"https:\/\/www.purejewels.com\/#\/schema\/logo\/image\/","url":"https:\/\/static.purejewels.com\/wp-content\/uploads\/2020\/11\/Logo-PJ-New-1.png","contentUrl":"https:\/\/static.purejewels.com\/wp-content\/uploads\/2020\/11\/Logo-PJ-New-1.png","width":150,"height":80,"caption":"PureJewels UK"},"image":{"@id":"https:\/\/www.purejewels.com\/#\/schema\/logo\/image\/"}}]}},"_links":{"self":[{"href":"https:\/\/www.purejewels.com\/tr\/wp-json\/wp\/v2\/product\/312797","targetHints":{"allow":["GET"]}}],"collection":[{"href":"https:\/\/www.purejewels.com\/tr\/wp-json\/wp\/v2\/product"}],"about":[{"href":"https:\/\/www.purejewels.com\/tr\/wp-json\/wp\/v2\/types\/product"}],"replies":[{"embeddable":true,"href":"https:\/\/www.purejewels.com\/tr\/wp-json\/wp\/v2\/comments?post=312797"}],"version-history":[{"count":3,"href":"https:\/\/www.purejewels.com\/tr\/wp-json\/wp\/v2\/product\/312797\/revisions"}],"predecessor-version":[{"id":423515,"href":"https:\/\/www.purejewels.com\/tr\/wp-json\/wp\/v2\/product\/312797\/revisions\/423515"}],"wp:featuredmedia":[{"embeddable":true,"href":"https:\/\/www.purejewels.com\/tr\/wp-json\/wp\/v2\/media\/315853"}],"wp:attachment":[{"href":"https:\/\/www.purejewels.com\/tr\/wp-json\/wp\/v2\/media?parent=312797"}],"wp:term":[{"taxonomy":"product_brand","embeddable":true,"href":"https:\/\/www.purejewels.com\/tr\/wp-json\/wp\/v2\/product_brand?post=312797"},{"taxonomy":"product_cat","embeddable":true,"href":"https:\/\/www.purejewels.com\/tr\/wp-json\/wp\/v2\/product_cat?post=312797"},{"taxonomy":"product_tag","embeddable":true,"href":"https:\/\/www.purejewels.com\/tr\/wp-json\/wp\/v2\/product_tag?post=312797"}],"curies":[{"name":"wp","href":"https:\/\/api.w.org\/{rel}","templated":true}]}}