{"id":312818,"date":"2020-02-28T08:20:27","date_gmt":"2020-02-28T08:20:27","guid":{"rendered":"https:\/\/www.purejewels.com\/?post_type=product&#038;p=312818"},"modified":"2026-03-16T11:01:18","modified_gmt":"2026-03-16T11:01:18","slug":"22-ayar-sari-altin-kolye-ucu-28667","status":"publish","type":"product","link":"https:\/\/www.purejewels.com\/tr\/product\/22ct-yellow-gold-pendant-2\/","title":{"rendered":"22 Ayar Alt\u0131n Oval Petek Kolye"},"content":{"rendered":"<p>Tasar\u0131m<\/p>\n<p>Oval Petek Kolye, geometri ve zarafet aras\u0131nda \u00e7arp\u0131c\u0131 bir denge sunar. Merkezinde do\u011fal simetri ve hassasiyetten ilham alan narin bir petek kafes deseni yer al\u0131r. Ajurlu tasar\u0131m, s\u0131cak alt\u0131n tonlar\u0131n\u0131 kontrast dokulu detaylarla birle\u015ftirerek derinlik ve g\u00f6rsel parlakl\u0131k yaratan oval bir kenarl\u0131kla \u00e7er\u00e7evelenmi\u015ftir. Uzat\u0131lm\u0131\u015f siluet, kolyenin zarif karakterini geli\u015ftirirken karma\u015f\u0131k kafesin odak noktas\u0131 olarak kalmas\u0131n\u0131 sa\u011flar.<\/p>\n<p>Zanaatkarl\u0131k<\/p>\n<p>Zengin bir \u015fekilde i\u015flenmi\u015f <a href=\"https:\/\/www.purejewels.com\/tr\/product\/22ct-gold-jali-filigree-ring-jali-collection-31926\/\">22ct<\/a> Sark\u0131t\u0131n alt k\u0131sm\u0131nda, g\u00fc\u00e7 ve hassasiyeti korurken hafif ve a\u00e7\u0131k bir yap\u0131 olu\u015fturan \u00f6zenle \u015fekillendirilmi\u015f kafes i\u015fi yer almaktad\u0131r. \u00c7evreleyen \u00e7er\u00e7eve, merkezi deseni vurgulayan ayr\u0131nt\u0131l\u0131 dokular ve kontrast y\u00fczeyler i\u00e7erir. Her bir kolye ucu yetenekli kuyumcular taraf\u0131ndan \u00f6zenle i\u015flenmi\u015f ve \u0130ngiltere'de alt\u0131n\u0131n safl\u0131\u011f\u0131n\u0131 belgeleyen damgayla damgalanm\u0131\u015ft\u0131r.<\/p>\n<p>\u015eekillendirme &amp; Hediyele\u015fme<\/p>\n<p>Zarif bir ifade kolyesi olarak tasarlanan bu par\u00e7a, ince alt\u0131n zincirlerle g\u00fczel bir \u015fekilde e\u015fle\u015fir ve hem \u00e7a\u011fda\u015f hem de geleneksel k\u0131yafetleri tamamlar. Uzun oval \u015fekli boyun \u00e7izgisi boyunca zarif bir \u015fekilde oturur ve g\u00fcnl\u00fck \u015f\u0131kl\u0131k veya \u00f6zel g\u00fcnler i\u00e7in idealdir. Bir hediye olarak uyum yap\u0131s\u0131n\u0131 ve g\u00fczelli\u011fi simgeleyen bu par\u00e7a, do\u011fum g\u00fcnleri, y\u0131l d\u00f6n\u00fcmleri, festivaller ve kutlama d\u00f6n\u00fcm noktalar\u0131 i\u00e7in anlaml\u0131 bir se\u00e7imdir.<\/p>","protected":false},"excerpt":{"rendered":"<ul>\n<li>22 Ayar Sar\u0131 Alt\u0131n Telkari Kolye<\/li>\n<li>Rodyum kaplama ile<\/li>\n<li>G\u00fcnl\u00fck kullan\u0131m i\u00e7in uygundur<\/li>\n<li>A\u011f\u0131rl\u0131k 4,4 gms<\/li>\n<li>SKU. 32652<\/li>\n<li>Zincir fiyata dahil de\u011fildir<\/li>\n<li>T\u00fcm fiyatlara KDV dahildir<\/li>\n<li>T\u00fcm \u00dcr\u00fcnlerimiz Londra Tahlil Ofisi Taraf\u0131ndan Damgalanm\u0131\u015ft\u0131r<\/li>\n<li>T\u00fcm Setler Sunum Kutusu ile Birlikte Gelir<\/li>\n<li>\u0130ngiltere Genelinde \u00dccretsiz Teslimat<\/li>\n<li>Anneler G\u00fcn\u00fc M\u00fccevher hediye koleksiyonumuzdan \u00f6zel hediyelerin videosu i\u00e7in bize ula\u015f\u0131n \/ bizimle sohbet edin<\/li>\n<\/ul>","protected":false},"featured_media":313071,"comment_status":"closed","ping_status":"closed","template":"","meta":{"_eb_attr":"","_crsspst_to_jayantr4sg-hostcom":true},"product_brand":[],"product_cat":[1559,1229,1255,1767,1570,1573,1574],"product_tag":[],"class_list":{"0":"post-312818","1":"product","2":"type-product","3":"status-publish","4":"has-post-thumbnail","6":"product_cat-birthday-gifts","7":"product_cat-22ct-gold-jewellery","8":"product_cat-gold-pendants","9":"product_cat-ladies-pendants","10":"product_cat-mothers-day-gifts","11":"product_cat-wedding-gifts","12":"product_cat-womens-jewellery","14":"first","15":"outofstock","16":"taxable","17":"shipping-taxable","18":"product-type-simple","19":"add-to-wishlist-before_image"},"yoast_head":"<!-- This site is optimized with the Yoast SEO plugin v27.3 - https:\/\/yoast.com\/product\/yoast-seo-wordpress\/ -->\n<title>Shop 22ct Gold Oval Honeycomb Pendant Necklace | PureJewels<\/title>\n<meta name=\"description\" content=\"Shop the 22ct Gold Oval Honeycomb Pendant from PureJewels. Featuring a delicate honeycomb lattice centre framed with dual tone detailing and hallmarked in the UK.\" \/>\n<meta name=\"robots\" content=\"index, follow, max-snippet:-1, max-image-preview:large, max-video-preview:-1\" \/>\n<link rel=\"canonical\" href=\"https:\/\/www.purejewels.com\/tr\/urun\/22-ayar-sari-altin-kolye-ucu-28667\/\" \/>\n<meta property=\"og:locale\" content=\"tr_TR\" \/>\n<meta property=\"og:type\" content=\"article\" \/>\n<meta property=\"og:title\" content=\"Shop 22ct Gold Oval Honeycomb Pendant Necklace | PureJewels\" \/>\n<meta property=\"og:description\" content=\"Shop the 22ct Gold Oval Honeycomb Pendant from PureJewels. Featuring a delicate honeycomb lattice centre framed with dual tone detailing and hallmarked in the UK.\" \/>\n<meta property=\"og:url\" content=\"https:\/\/www.purejewels.com\/tr\/urun\/22-ayar-sari-altin-kolye-ucu-28667\/\" \/>\n<meta property=\"og:site_name\" content=\"PureJewels UK\" \/>\n<meta property=\"article:modified_time\" content=\"2026-03-16T11:01:18+00:00\" \/>\n<meta property=\"og:image\" content=\"https:\/\/static.purejewels.com\/wp-content\/uploads\/2020\/03\/152149147.jpg\" \/>\n\t<meta property=\"og:image:width\" content=\"1000\" \/>\n\t<meta property=\"og:image:height\" content=\"1000\" \/>\n\t<meta property=\"og:image:type\" content=\"image\/jpeg\" \/>\n<meta name=\"twitter:card\" content=\"summary_large_image\" \/>\n<meta name=\"twitter:label1\" content=\"Tahmini okuma s\u00fcresi\" \/>\n\t<meta name=\"twitter:data1\" content=\"1 dakika\" \/>\n<script type=\"application\/ld+json\" class=\"yoast-schema-graph\">{\"@context\":\"https:\\\/\\\/schema.org\",\"@graph\":[{\"@type\":[\"WebPage\",\"ItemPage\"],\"@id\":\"https:\\\/\\\/www.purejewels.com\\\/product\\\/22ct-yellow-gold-pendant-2\\\/\",\"url\":\"https:\\\/\\\/www.purejewels.com\\\/product\\\/22ct-yellow-gold-pendant-2\\\/\",\"name\":\"Shop 22ct Gold Oval Honeycomb Pendant Necklace | PureJewels\",\"isPartOf\":{\"@id\":\"https:\\\/\\\/www.purejewels.com\\\/#website\"},\"primaryImageOfPage\":{\"@id\":\"https:\\\/\\\/www.purejewels.com\\\/product\\\/22ct-yellow-gold-pendant-2\\\/#primaryimage\"},\"image\":{\"@id\":\"https:\\\/\\\/www.purejewels.com\\\/product\\\/22ct-yellow-gold-pendant-2\\\/#primaryimage\"},\"thumbnailUrl\":\"https:\\\/\\\/static.purejewels.com\\\/wp-content\\\/uploads\\\/2020\\\/03\\\/152149147.jpg\",\"datePublished\":\"2020-02-28T08:20:27+00:00\",\"dateModified\":\"2026-03-16T11:01:18+00:00\",\"description\":\"Shop the 22ct Gold Oval Honeycomb Pendant from PureJewels. Featuring a delicate honeycomb lattice centre framed with dual tone detailing and hallmarked in the UK.\",\"breadcrumb\":{\"@id\":\"https:\\\/\\\/www.purejewels.com\\\/product\\\/22ct-yellow-gold-pendant-2\\\/#breadcrumb\"},\"inLanguage\":\"tr\",\"potentialAction\":[{\"@type\":\"ReadAction\",\"target\":[\"https:\\\/\\\/www.purejewels.com\\\/product\\\/22ct-yellow-gold-pendant-2\\\/\"]}]},{\"@type\":\"ImageObject\",\"inLanguage\":\"tr\",\"@id\":\"https:\\\/\\\/www.purejewels.com\\\/product\\\/22ct-yellow-gold-pendant-2\\\/#primaryimage\",\"url\":\"https:\\\/\\\/static.purejewels.com\\\/wp-content\\\/uploads\\\/2020\\\/03\\\/152149147.jpg\",\"contentUrl\":\"https:\\\/\\\/static.purejewels.com\\\/wp-content\\\/uploads\\\/2020\\\/03\\\/152149147.jpg\",\"width\":1000,\"height\":1000,\"caption\":\"22ct Yellow Gold Filigree PendantWith Rhodium finishSuitable for Everyday wearWt. 4.4\u00a0 gmsSKU. 32652Chain not included in the priceAll prices include VATAll our Products are Hallmarked by London Assay OfficeAll Sets Comes With Presentation BoxFree Delivery Across UKContact us \\\/ chat with us for the video of\u00a0 product\"},{\"@type\":\"BreadcrumbList\",\"@id\":\"https:\\\/\\\/www.purejewels.com\\\/product\\\/22ct-yellow-gold-pendant-2\\\/#breadcrumb\",\"itemListElement\":[{\"@type\":\"ListItem\",\"position\":1,\"name\":\"Home\",\"item\":\"https:\\\/\\\/www.purejewels.com\\\/\"},{\"@type\":\"ListItem\",\"position\":2,\"name\":\"Shop\",\"item\":\"https:\\\/\\\/www.purejewels.com\\\/shop\\\/\"},{\"@type\":\"ListItem\",\"position\":3,\"name\":\"22ct Gold Oval Honeycomb Pendant\"}]},{\"@type\":\"WebSite\",\"@id\":\"https:\\\/\\\/www.purejewels.com\\\/#website\",\"url\":\"https:\\\/\\\/www.purejewels.com\\\/\",\"name\":\"PureJewels UK\",\"description\":\"Share the Love\",\"publisher\":{\"@id\":\"https:\\\/\\\/www.purejewels.com\\\/#organization\"},\"potentialAction\":[{\"@type\":\"SearchAction\",\"target\":{\"@type\":\"EntryPoint\",\"urlTemplate\":\"https:\\\/\\\/www.purejewels.com\\\/?s={search_term_string}\"},\"query-input\":{\"@type\":\"PropertyValueSpecification\",\"valueRequired\":true,\"valueName\":\"search_term_string\"}}],\"inLanguage\":\"tr\"},{\"@type\":\"Organization\",\"@id\":\"https:\\\/\\\/www.purejewels.com\\\/#organization\",\"name\":\"PureJewels UK\",\"url\":\"https:\\\/\\\/www.purejewels.com\\\/\",\"logo\":{\"@type\":\"ImageObject\",\"inLanguage\":\"tr\",\"@id\":\"https:\\\/\\\/www.purejewels.com\\\/#\\\/schema\\\/logo\\\/image\\\/\",\"url\":\"https:\\\/\\\/static.purejewels.com\\\/wp-content\\\/uploads\\\/2020\\\/11\\\/Logo-PJ-New-1.png\",\"contentUrl\":\"https:\\\/\\\/static.purejewels.com\\\/wp-content\\\/uploads\\\/2020\\\/11\\\/Logo-PJ-New-1.png\",\"width\":150,\"height\":80,\"caption\":\"PureJewels UK\"},\"image\":{\"@id\":\"https:\\\/\\\/www.purejewels.com\\\/#\\\/schema\\\/logo\\\/image\\\/\"}}]}<\/script>\n<!-- \/ Yoast SEO plugin. -->","yoast_head_json":{"title":"22 Ayar Alt\u0131n Oval Petek Kolye Kolye Al\u0131\u015fveri\u015fi | PureJewels","description":"PureJewels'ten 22 Ayar Alt\u0131n Oval Petek Kolyeyi sat\u0131n al\u0131n. \u00c7ift tonlu detaylarla \u00e7er\u00e7evelenmi\u015f narin bir petek kafes merkeze sahiptir ve \u0130ngiltere'de damgalanm\u0131\u015ft\u0131r.","robots":{"index":"index","follow":"follow","max-snippet":"max-snippet:-1","max-image-preview":"max-image-preview:large","max-video-preview":"max-video-preview:-1"},"canonical":"https:\/\/www.purejewels.com\/tr\/urun\/22-ayar-sari-altin-kolye-ucu-28667\/","og_locale":"tr_TR","og_type":"article","og_title":"Shop 22ct Gold Oval Honeycomb Pendant Necklace | PureJewels","og_description":"Shop the 22ct Gold Oval Honeycomb Pendant from PureJewels. Featuring a delicate honeycomb lattice centre framed with dual tone detailing and hallmarked in the UK.","og_url":"https:\/\/www.purejewels.com\/tr\/urun\/22-ayar-sari-altin-kolye-ucu-28667\/","og_site_name":"PureJewels UK","article_modified_time":"2026-03-16T11:01:18+00:00","og_image":[{"width":1000,"height":1000,"url":"https:\/\/static.purejewels.com\/wp-content\/uploads\/2020\/03\/152149147.jpg","type":"image\/jpeg"}],"twitter_card":"summary_large_image","twitter_misc":{"Tahmini okuma s\u00fcresi":"1 dakika"},"schema":{"@context":"https:\/\/schema.org","@graph":[{"@type":["WebPage","ItemPage"],"@id":"https:\/\/www.purejewels.com\/product\/22ct-yellow-gold-pendant-2\/","url":"https:\/\/www.purejewels.com\/product\/22ct-yellow-gold-pendant-2\/","name":"22 Ayar Alt\u0131n Oval Petek Kolye Kolye Al\u0131\u015fveri\u015fi | PureJewels","isPartOf":{"@id":"https:\/\/www.purejewels.com\/#website"},"primaryImageOfPage":{"@id":"https:\/\/www.purejewels.com\/product\/22ct-yellow-gold-pendant-2\/#primaryimage"},"image":{"@id":"https:\/\/www.purejewels.com\/product\/22ct-yellow-gold-pendant-2\/#primaryimage"},"thumbnailUrl":"https:\/\/static.purejewels.com\/wp-content\/uploads\/2020\/03\/152149147.jpg","datePublished":"2020-02-28T08:20:27+00:00","dateModified":"2026-03-16T11:01:18+00:00","description":"PureJewels'ten 22 Ayar Alt\u0131n Oval Petek Kolyeyi sat\u0131n al\u0131n. \u00c7ift tonlu detaylarla \u00e7er\u00e7evelenmi\u015f narin bir petek kafes merkeze sahiptir ve \u0130ngiltere'de damgalanm\u0131\u015ft\u0131r.","breadcrumb":{"@id":"https:\/\/www.purejewels.com\/product\/22ct-yellow-gold-pendant-2\/#breadcrumb"},"inLanguage":"tr","potentialAction":[{"@type":"ReadAction","target":["https:\/\/www.purejewels.com\/product\/22ct-yellow-gold-pendant-2\/"]}]},{"@type":"ImageObject","inLanguage":"tr","@id":"https:\/\/www.purejewels.com\/product\/22ct-yellow-gold-pendant-2\/#primaryimage","url":"https:\/\/static.purejewels.com\/wp-content\/uploads\/2020\/03\/152149147.jpg","contentUrl":"https:\/\/static.purejewels.com\/wp-content\/uploads\/2020\/03\/152149147.jpg","width":1000,"height":1000,"caption":"22ct Yellow Gold Filigree PendantWith Rhodium finishSuitable for Everyday wearWt. 4.4\u00a0 gmsSKU. 32652Chain not included in the priceAll prices include VATAll our Products are Hallmarked by London Assay OfficeAll Sets Comes With Presentation BoxFree Delivery Across UKContact us \/ chat with us for the video of\u00a0 product"},{"@type":"BreadcrumbList","@id":"https:\/\/www.purejewels.com\/product\/22ct-yellow-gold-pendant-2\/#breadcrumb","itemListElement":[{"@type":"ListItem","position":1,"name":"Home","item":"https:\/\/www.purejewels.com\/"},{"@type":"ListItem","position":2,"name":"Shop","item":"https:\/\/www.purejewels.com\/shop\/"},{"@type":"ListItem","position":3,"name":"22ct Gold Oval Honeycomb Pendant"}]},{"@type":"WebSite","@id":"https:\/\/www.purejewels.com\/#website","url":"https:\/\/www.purejewels.com\/","name":"PureJewels \u0130ngiltere","description":"Sevgiyi Payla\u015f\u0131n","publisher":{"@id":"https:\/\/www.purejewels.com\/#organization"},"potentialAction":[{"@type":"SearchAction","target":{"@type":"EntryPoint","urlTemplate":"https:\/\/www.purejewels.com\/?s={search_term_string}"},"query-input":{"@type":"PropertyValueSpecification","valueRequired":true,"valueName":"search_term_string"}}],"inLanguage":"tr"},{"@type":"Organization","@id":"https:\/\/www.purejewels.com\/#organization","name":"PureJewels \u0130ngiltere","url":"https:\/\/www.purejewels.com\/","logo":{"@type":"ImageObject","inLanguage":"tr","@id":"https:\/\/www.purejewels.com\/#\/schema\/logo\/image\/","url":"https:\/\/static.purejewels.com\/wp-content\/uploads\/2020\/11\/Logo-PJ-New-1.png","contentUrl":"https:\/\/static.purejewels.com\/wp-content\/uploads\/2020\/11\/Logo-PJ-New-1.png","width":150,"height":80,"caption":"PureJewels UK"},"image":{"@id":"https:\/\/www.purejewels.com\/#\/schema\/logo\/image\/"}}]}},"_links":{"self":[{"href":"https:\/\/www.purejewels.com\/tr\/wp-json\/wp\/v2\/product\/312818","targetHints":{"allow":["GET"]}}],"collection":[{"href":"https:\/\/www.purejewels.com\/tr\/wp-json\/wp\/v2\/product"}],"about":[{"href":"https:\/\/www.purejewels.com\/tr\/wp-json\/wp\/v2\/types\/product"}],"replies":[{"embeddable":true,"href":"https:\/\/www.purejewels.com\/tr\/wp-json\/wp\/v2\/comments?post=312818"}],"version-history":[{"count":2,"href":"https:\/\/www.purejewels.com\/tr\/wp-json\/wp\/v2\/product\/312818\/revisions"}],"predecessor-version":[{"id":427181,"href":"https:\/\/www.purejewels.com\/tr\/wp-json\/wp\/v2\/product\/312818\/revisions\/427181"}],"wp:featuredmedia":[{"embeddable":true,"href":"https:\/\/www.purejewels.com\/tr\/wp-json\/wp\/v2\/media\/313071"}],"wp:attachment":[{"href":"https:\/\/www.purejewels.com\/tr\/wp-json\/wp\/v2\/media?parent=312818"}],"wp:term":[{"taxonomy":"product_brand","embeddable":true,"href":"https:\/\/www.purejewels.com\/tr\/wp-json\/wp\/v2\/product_brand?post=312818"},{"taxonomy":"product_cat","embeddable":true,"href":"https:\/\/www.purejewels.com\/tr\/wp-json\/wp\/v2\/product_cat?post=312818"},{"taxonomy":"product_tag","embeddable":true,"href":"https:\/\/www.purejewels.com\/tr\/wp-json\/wp\/v2\/product_tag?post=312818"}],"curies":[{"name":"wp","href":"https:\/\/api.w.org\/{rel}","templated":true}]}}