{"id":312862,"date":"2023-11-25T09:18:43","date_gmt":"2023-11-25T09:18:43","guid":{"rendered":"https:\/\/www.purejewels.com\/?post_type=product&#038;p=312862"},"modified":"2025-11-21T14:53:38","modified_gmt":"2025-11-21T14:53:38","slug":"22-ayar-altin-spiga-zincir-22-inc-52844","status":"publish","type":"product","link":"https:\/\/www.purejewels.com\/tr\/product\/22ct-gold-spiga-chain-22-inches-52844\/","title":{"rendered":"22 Ayar Alt\u0131n | Spiga Zincir | 22 \u0130n\u00e7"},"content":{"rendered":"<h3><b>\u0130lham kayna\u011f\u0131<\/b><\/h3>\n<p><span style=\"font-weight: 400;\">Spiga alt\u0131n zinciri halk aras\u0131nda bu\u011fday zinciri olarak da bilinir. Bu karma\u015f\u0131k dokuma <a href=\"https:\/\/www.purejewels.com\/tr\/product-category\/22ct-gold-jewellery\/gold-chains\/\">Zincirler<\/a> bulmak \u00e7ok yayg\u0131n de\u011fildir ve yaln\u0131zca en deneyimli karigarlar taraf\u0131ndan \u00fcretilebilir. \u00c7ok y\u00f6nl\u00fcd\u00fcrler ve bu nedenle giydi\u011finiz hemen hemen her \u015feyle stil olu\u015fturmak kolayd\u0131r ve hem erkekler hem de kad\u0131nlar i\u00e7indir.<\/span><\/p>\n<h3><b>Tasar\u0131m<\/b><\/h3>\n<p><span style=\"font-weight: 400;\">\u015e\u0131k bir g\u00f6r\u00fcn\u00fcmle birlikte karma\u015f\u0131k bir tasar\u0131ma sahip olan bu <a href=\"https:\/\/www.purejewels.com\/tr\/product\/22ct-gold-spiga-chain-41721\/\">alt\u0131n Spiga zincir<\/a> Purejewels kolye, d\u00f6rt adet b\u00fck\u00fclm\u00fc\u015f oval halkan\u0131n birbirine ba\u011flanmas\u0131yla elde \u00fcretilmi\u015ftir. <a href=\"https:\/\/www.purejewels.com\/tr\/product-category\/22ct-gold-jewellery\/gold-rings\/\">halkalar<\/a>. Zarif yap\u0131s\u0131n\u0131, siluetini ve \u00f6rg\u00fcl\u00fc g\u00f6r\u00fcn\u00fcm\u00fcn\u00fc elde etmek i\u00e7in halkalar son derece hassas bir \u015fekilde birbirine \u00f6r\u00fclm\u00fc\u015ft\u00fcr. Bu 22 in\u00e7 uzunlu\u011fundaki Spiga zincir, 22 ayar alt\u0131ndan \u00fcretilmi\u015ftir ve yakla\u015f\u0131k 11,10 gram a\u011f\u0131rl\u0131\u011f\u0131ndaki narin kal\u0131nl\u0131\u011f\u0131yla boynunuza g\u00fczel bir \u015fekilde oturur.<\/span><\/p>\n<h3><b>Stil<\/b><\/h3>\n<p><span style=\"font-weight: 400;\">Spiga alt\u0131n zincirimiz, g\u00fc\u00e7l\u00fc g\u00f6r\u00fcnd\u00fc\u011f\u00fc ve \u0131\u015f\u0131l \u0131\u015f\u0131l parlad\u0131\u011f\u0131 i\u00e7in mutlaka bir kolye ucuna veya di\u011fer zincirlere ihtiya\u00e7 duymaz, ancak yan\u0131na beyaz alt\u0131n bir Spiga zincir takarak g\u00f6r\u00fcn\u00fcm\u00fcn\u00fcz\u00fc her zaman zenginle\u015ftirebilirsiniz. Bal\u0131k\u00e7\u0131 yaka \u00fcstler, blazer ceketler, y\u00fcksek yakal\u0131 y\u00fcnl\u00fcler ve hatta sare ve kurta gibi Hint k\u0131yafetlerinizle birlikte kullanmak i\u00e7in m\u00fckemmeldir, evet, bu kadar \u00e7ok y\u00f6nl\u00fc, narin ve \u015fekillendirmesi kolayd\u0131r.<\/span><\/p>\n<p>&nbsp;<\/p>","protected":false},"excerpt":{"rendered":"<p>11,1 gram a\u011f\u0131rl\u0131\u011f\u0131ndaki bu 22 ayar alt\u0131n Spiga zincir, dayan\u0131kl\u0131l\u0131\u011f\u0131 zarif bir zarafetle harmanlayan karma\u015f\u0131k, ip tarz\u0131 bir \u00f6rg\u00fcye sahiptir. Uzunlu\u011fu 22 in\u00e7 olan bu zincir, zarif bir \u00f6rt\u00fc sunarak kat kat takmak veya bir kolyeyi sergilemek i\u00e7in m\u00fckemmeldir. Londra Assay Ofisi taraf\u0131ndan damgalanm\u0131\u015f olan bu \u00fcr\u00fcn, PureJewels'in kaliteli alt\u0131n i\u015f\u00e7ili\u011fi gelene\u011fini \u00f6rneklemektedir.<\/p>\n<p><strong>SKU:<\/strong> 52844<br \/>\n<strong>Safl\u0131k:<\/strong>\u00a091.6% saf<br \/>\n<strong>Metal:<\/strong>\u00a022 Ayar Alt\u0131n<br \/>\n<strong>A\u011f\u0131rl\u0131k<\/strong>: 11.10 gram<br \/>\n<strong>Uzunluk:<\/strong>\u00a020 in\u00e7<br \/>\n<strong>Hallmark:<\/strong>\u00a0\u0130ngiltere Tahlil Ofisi Taraf\u0131ndan Damgalanm\u0131\u015f 22 Ayar Alt\u0131n<\/p>\n<p><strong>Su\u00e7lamalar:<\/strong>\u00a0Teslimat ve KDV Dahil<br \/>\n<strong>Daha fazla bilgi:<\/strong>\u00a0M\u00fcsaitlik durumu ve ek g\u00f6rseller i\u00e7in bizimle canl\u0131 sohbet edin<br \/>\n<a href=\"https:\/\/www.purejewels.com\/tr\/i%cc%87ade-poli%cc%87ti%cc%87kasi\/\"><strong>\u0130ade Politikas\u0131<\/strong><\/a><\/p>","protected":false},"featured_media":347908,"comment_status":"closed","ping_status":"closed","template":"","meta":{"_eb_attr":"","_crsspst_to_jayantr4sg-hostcom":true},"product_brand":[],"product_cat":[5019,5016,5264,1791,1559,1571,1475,1773,1572,1774,5266,1574,5349],"product_tag":[3990,65],"class_list":{"0":"post-312862","1":"product","2":"type-product","3":"status-publish","4":"has-post-thumbnail","6":"product_cat-22-inch-mens-chain","7":"product_cat-22-inch-ladies-chain","8":"product_cat-22ct-gold-chain","9":"product_cat-anniversary-gifts","10":"product_cat-birthday-gifts","11":"product_cat-fathers-day-gifts","12":"product_cat-gold-chains","13":"product_cat-ladies-chains","14":"product_cat-mens-jewellery","15":"product_cat-mens-chains","16":"product_cat-spiga-chain","17":"product_cat-womens-jewellery","18":"product_cat-yellow-gold-jewellery","19":"product_tag-22-carat-gold-chain","20":"product_tag-chains","22":"first","23":"outofstock","24":"taxable","25":"shipping-taxable","26":"product-type-simple","27":"add-to-wishlist-before_image"},"yoast_head":"<!-- This site is optimized with the Yoast SEO plugin v27.5 - https:\/\/yoast.com\/product\/yoast-seo-wordpress\/ -->\n<title>Shop this divine 22ct Gold Spiga Chain at PureJewels UK.<\/title>\n<meta name=\"description\" content=\"Shop the charming 22ct Gold Spiga chain in the UK. Daily Wear designed to match your lifestyle. Fast delivery &amp; easy returns.\" \/>\n<meta name=\"robots\" content=\"index, follow, max-snippet:-1, max-image-preview:large, max-video-preview:-1\" \/>\n<link rel=\"canonical\" href=\"https:\/\/www.purejewels.com\/tr\/urun\/22-ayar-altin-spiga-zincir-22-inc-52844\/\" \/>\n<meta property=\"og:locale\" content=\"tr_TR\" \/>\n<meta property=\"og:type\" content=\"article\" \/>\n<meta property=\"og:title\" content=\"Shop this divine 22ct Gold Spiga Chain at PureJewels UK.\" \/>\n<meta property=\"og:description\" content=\"Shop the charming 22ct Gold Spiga chain in the UK. Daily Wear designed to match your lifestyle. Fast delivery &amp; easy returns.\" \/>\n<meta property=\"og:url\" content=\"https:\/\/www.purejewels.com\/tr\/urun\/22-ayar-altin-spiga-zincir-22-inc-52844\/\" \/>\n<meta property=\"og:site_name\" content=\"PureJewels UK\" \/>\n<meta property=\"article:modified_time\" content=\"2025-11-21T14:53:38+00:00\" \/>\n<meta property=\"og:image\" content=\"https:\/\/www.purejewels.com\/wp-content\/uploads\/2020\/02\/SKU-45471-scaled.jpg\" \/>\n\t<meta property=\"og:image:width\" content=\"2560\" \/>\n\t<meta property=\"og:image:height\" content=\"2560\" \/>\n\t<meta property=\"og:image:type\" content=\"image\/jpeg\" \/>\n<meta name=\"twitter:card\" content=\"summary_large_image\" \/>\n<meta name=\"twitter:label1\" content=\"Tahmini okuma s\u00fcresi\" \/>\n\t<meta name=\"twitter:data1\" content=\"2 dakika\" \/>\n<script type=\"application\/ld+json\" class=\"yoast-schema-graph\">{\"@context\":\"https:\\\/\\\/schema.org\",\"@graph\":[{\"@type\":[\"WebPage\",\"ItemPage\"],\"@id\":\"https:\\\/\\\/www.purejewels.com\\\/product\\\/22ct-gold-spiga-chain-22-inches-52844\\\/\",\"url\":\"https:\\\/\\\/www.purejewels.com\\\/product\\\/22ct-gold-spiga-chain-22-inches-52844\\\/\",\"name\":\"Shop this divine 22ct Gold Spiga Chain at PureJewels UK.\",\"isPartOf\":{\"@id\":\"https:\\\/\\\/www.purejewels.com\\\/#website\"},\"primaryImageOfPage\":{\"@id\":\"https:\\\/\\\/www.purejewels.com\\\/product\\\/22ct-gold-spiga-chain-22-inches-52844\\\/#primaryimage\"},\"image\":{\"@id\":\"https:\\\/\\\/www.purejewels.com\\\/product\\\/22ct-gold-spiga-chain-22-inches-52844\\\/#primaryimage\"},\"thumbnailUrl\":\"https:\\\/\\\/static.purejewels.com\\\/wp-content\\\/uploads\\\/2020\\\/02\\\/SKU-45471-scaled.jpg\",\"datePublished\":\"2023-11-25T09:18:43+00:00\",\"dateModified\":\"2025-11-21T14:53:38+00:00\",\"description\":\"Shop the charming 22ct Gold Spiga chain in the UK. Daily Wear designed to match your lifestyle. Fast delivery & easy returns.\",\"breadcrumb\":{\"@id\":\"https:\\\/\\\/www.purejewels.com\\\/product\\\/22ct-gold-spiga-chain-22-inches-52844\\\/#breadcrumb\"},\"inLanguage\":\"tr\",\"potentialAction\":[{\"@type\":\"ReadAction\",\"target\":[\"https:\\\/\\\/www.purejewels.com\\\/product\\\/22ct-gold-spiga-chain-22-inches-52844\\\/\"]}]},{\"@type\":\"ImageObject\",\"inLanguage\":\"tr\",\"@id\":\"https:\\\/\\\/www.purejewels.com\\\/product\\\/22ct-gold-spiga-chain-22-inches-52844\\\/#primaryimage\",\"url\":\"https:\\\/\\\/static.purejewels.com\\\/wp-content\\\/uploads\\\/2020\\\/02\\\/SKU-45471-scaled.jpg\",\"contentUrl\":\"https:\\\/\\\/static.purejewels.com\\\/wp-content\\\/uploads\\\/2020\\\/02\\\/SKU-45471-scaled.jpg\",\"width\":2560,\"height\":2560,\"caption\":\"22ct Gold Spiga Chain\"},{\"@type\":\"BreadcrumbList\",\"@id\":\"https:\\\/\\\/www.purejewels.com\\\/product\\\/22ct-gold-spiga-chain-22-inches-52844\\\/#breadcrumb\",\"itemListElement\":[{\"@type\":\"ListItem\",\"position\":1,\"name\":\"Home\",\"item\":\"https:\\\/\\\/www.purejewels.com\\\/\"},{\"@type\":\"ListItem\",\"position\":2,\"name\":\"Shop\",\"item\":\"https:\\\/\\\/www.purejewels.com\\\/shop\\\/\"},{\"@type\":\"ListItem\",\"position\":3,\"name\":\"22ct Gold | Spiga Chain | 22 Inches\"}]},{\"@type\":\"WebSite\",\"@id\":\"https:\\\/\\\/www.purejewels.com\\\/#website\",\"url\":\"https:\\\/\\\/www.purejewels.com\\\/\",\"name\":\"PureJewels UK\",\"description\":\"Share the Love\",\"publisher\":{\"@id\":\"https:\\\/\\\/www.purejewels.com\\\/#organization\"},\"potentialAction\":[{\"@type\":\"SearchAction\",\"target\":{\"@type\":\"EntryPoint\",\"urlTemplate\":\"https:\\\/\\\/www.purejewels.com\\\/?s={search_term_string}\"},\"query-input\":{\"@type\":\"PropertyValueSpecification\",\"valueRequired\":true,\"valueName\":\"search_term_string\"}}],\"inLanguage\":\"tr\"},{\"@type\":\"Organization\",\"@id\":\"https:\\\/\\\/www.purejewels.com\\\/#organization\",\"name\":\"PureJewels UK\",\"url\":\"https:\\\/\\\/www.purejewels.com\\\/\",\"logo\":{\"@type\":\"ImageObject\",\"inLanguage\":\"tr\",\"@id\":\"https:\\\/\\\/www.purejewels.com\\\/#\\\/schema\\\/logo\\\/image\\\/\",\"url\":\"https:\\\/\\\/static.purejewels.com\\\/wp-content\\\/uploads\\\/2020\\\/11\\\/Logo-PJ-New-1.png\",\"contentUrl\":\"https:\\\/\\\/static.purejewels.com\\\/wp-content\\\/uploads\\\/2020\\\/11\\\/Logo-PJ-New-1.png\",\"width\":150,\"height\":80,\"caption\":\"PureJewels UK\"},\"image\":{\"@id\":\"https:\\\/\\\/www.purejewels.com\\\/#\\\/schema\\\/logo\\\/image\\\/\"}}]}<\/script>\n<!-- \/ Yoast SEO plugin. -->","yoast_head_json":{"title":"PureJewels UK'de bu muhte\u015fem 22 Ayar Alt\u0131n Spiga Zinciri sat\u0131n al\u0131n.","description":"Birle\u015fik Krall\u0131k'ta b\u00fcy\u00fcleyici 22 Ayar Alt\u0131n Spiga zinciri sat\u0131n al\u0131n. Ya\u015fam tarz\u0131n\u0131za uyacak \u015fekilde tasarlanm\u0131\u015f G\u00fcnl\u00fck Giyim. H\u0131zl\u0131 teslimat ve kolay iade.","robots":{"index":"index","follow":"follow","max-snippet":"max-snippet:-1","max-image-preview":"max-image-preview:large","max-video-preview":"max-video-preview:-1"},"canonical":"https:\/\/www.purejewels.com\/tr\/urun\/22-ayar-altin-spiga-zincir-22-inc-52844\/","og_locale":"tr_TR","og_type":"article","og_title":"Shop this divine 22ct Gold Spiga Chain at PureJewels UK.","og_description":"Shop the charming 22ct Gold Spiga chain in the UK. Daily Wear designed to match your lifestyle. Fast delivery & easy returns.","og_url":"https:\/\/www.purejewels.com\/tr\/urun\/22-ayar-altin-spiga-zincir-22-inc-52844\/","og_site_name":"PureJewels UK","article_modified_time":"2025-11-21T14:53:38+00:00","og_image":[{"width":2560,"height":2560,"url":"https:\/\/www.purejewels.com\/wp-content\/uploads\/2020\/02\/SKU-45471-scaled.jpg","type":"image\/jpeg"}],"twitter_card":"summary_large_image","twitter_misc":{"Tahmini okuma s\u00fcresi":"2 dakika"},"schema":{"@context":"https:\/\/schema.org","@graph":[{"@type":["WebPage","ItemPage"],"@id":"https:\/\/www.purejewels.com\/product\/22ct-gold-spiga-chain-22-inches-52844\/","url":"https:\/\/www.purejewels.com\/product\/22ct-gold-spiga-chain-22-inches-52844\/","name":"PureJewels UK'de bu muhte\u015fem 22 Ayar Alt\u0131n Spiga Zinciri sat\u0131n al\u0131n.","isPartOf":{"@id":"https:\/\/www.purejewels.com\/#website"},"primaryImageOfPage":{"@id":"https:\/\/www.purejewels.com\/product\/22ct-gold-spiga-chain-22-inches-52844\/#primaryimage"},"image":{"@id":"https:\/\/www.purejewels.com\/product\/22ct-gold-spiga-chain-22-inches-52844\/#primaryimage"},"thumbnailUrl":"https:\/\/static.purejewels.com\/wp-content\/uploads\/2020\/02\/SKU-45471-scaled.jpg","datePublished":"2023-11-25T09:18:43+00:00","dateModified":"2025-11-21T14:53:38+00:00","description":"Birle\u015fik Krall\u0131k'ta b\u00fcy\u00fcleyici 22 Ayar Alt\u0131n Spiga zinciri sat\u0131n al\u0131n. Ya\u015fam tarz\u0131n\u0131za uyacak \u015fekilde tasarlanm\u0131\u015f G\u00fcnl\u00fck Giyim. H\u0131zl\u0131 teslimat ve kolay iade.","breadcrumb":{"@id":"https:\/\/www.purejewels.com\/product\/22ct-gold-spiga-chain-22-inches-52844\/#breadcrumb"},"inLanguage":"tr","potentialAction":[{"@type":"ReadAction","target":["https:\/\/www.purejewels.com\/product\/22ct-gold-spiga-chain-22-inches-52844\/"]}]},{"@type":"ImageObject","inLanguage":"tr","@id":"https:\/\/www.purejewels.com\/product\/22ct-gold-spiga-chain-22-inches-52844\/#primaryimage","url":"https:\/\/static.purejewels.com\/wp-content\/uploads\/2020\/02\/SKU-45471-scaled.jpg","contentUrl":"https:\/\/static.purejewels.com\/wp-content\/uploads\/2020\/02\/SKU-45471-scaled.jpg","width":2560,"height":2560,"caption":"22ct Gold Spiga Chain"},{"@type":"BreadcrumbList","@id":"https:\/\/www.purejewels.com\/product\/22ct-gold-spiga-chain-22-inches-52844\/#breadcrumb","itemListElement":[{"@type":"ListItem","position":1,"name":"Home","item":"https:\/\/www.purejewels.com\/"},{"@type":"ListItem","position":2,"name":"Shop","item":"https:\/\/www.purejewels.com\/shop\/"},{"@type":"ListItem","position":3,"name":"22ct Gold | Spiga Chain | 22 Inches"}]},{"@type":"WebSite","@id":"https:\/\/www.purejewels.com\/#website","url":"https:\/\/www.purejewels.com\/","name":"PureJewels \u0130ngiltere","description":"Sevgiyi Payla\u015f\u0131n","publisher":{"@id":"https:\/\/www.purejewels.com\/#organization"},"potentialAction":[{"@type":"SearchAction","target":{"@type":"EntryPoint","urlTemplate":"https:\/\/www.purejewels.com\/?s={search_term_string}"},"query-input":{"@type":"PropertyValueSpecification","valueRequired":true,"valueName":"search_term_string"}}],"inLanguage":"tr"},{"@type":"Organization","@id":"https:\/\/www.purejewels.com\/#organization","name":"PureJewels \u0130ngiltere","url":"https:\/\/www.purejewels.com\/","logo":{"@type":"ImageObject","inLanguage":"tr","@id":"https:\/\/www.purejewels.com\/#\/schema\/logo\/image\/","url":"https:\/\/static.purejewels.com\/wp-content\/uploads\/2020\/11\/Logo-PJ-New-1.png","contentUrl":"https:\/\/static.purejewels.com\/wp-content\/uploads\/2020\/11\/Logo-PJ-New-1.png","width":150,"height":80,"caption":"PureJewels UK"},"image":{"@id":"https:\/\/www.purejewels.com\/#\/schema\/logo\/image\/"}}]}},"_links":{"self":[{"href":"https:\/\/www.purejewels.com\/tr\/wp-json\/wp\/v2\/product\/312862","targetHints":{"allow":["GET"]}}],"collection":[{"href":"https:\/\/www.purejewels.com\/tr\/wp-json\/wp\/v2\/product"}],"about":[{"href":"https:\/\/www.purejewels.com\/tr\/wp-json\/wp\/v2\/types\/product"}],"replies":[{"embeddable":true,"href":"https:\/\/www.purejewels.com\/tr\/wp-json\/wp\/v2\/comments?post=312862"}],"version-history":[{"count":3,"href":"https:\/\/www.purejewels.com\/tr\/wp-json\/wp\/v2\/product\/312862\/revisions"}],"predecessor-version":[{"id":412091,"href":"https:\/\/www.purejewels.com\/tr\/wp-json\/wp\/v2\/product\/312862\/revisions\/412091"}],"wp:featuredmedia":[{"embeddable":true,"href":"https:\/\/www.purejewels.com\/tr\/wp-json\/wp\/v2\/media\/347908"}],"wp:attachment":[{"href":"https:\/\/www.purejewels.com\/tr\/wp-json\/wp\/v2\/media?parent=312862"}],"wp:term":[{"taxonomy":"product_brand","embeddable":true,"href":"https:\/\/www.purejewels.com\/tr\/wp-json\/wp\/v2\/product_brand?post=312862"},{"taxonomy":"product_cat","embeddable":true,"href":"https:\/\/www.purejewels.com\/tr\/wp-json\/wp\/v2\/product_cat?post=312862"},{"taxonomy":"product_tag","embeddable":true,"href":"https:\/\/www.purejewels.com\/tr\/wp-json\/wp\/v2\/product_tag?post=312862"}],"curies":[{"name":"wp","href":"https:\/\/api.w.org\/{rel}","templated":true}]}}