{"id":312875,"date":"2020-02-27T11:40:27","date_gmt":"2020-02-27T11:40:27","guid":{"rendered":"https:\/\/www.purejewels.com\/?post_type=product&#038;p=312875"},"modified":"2025-07-24T07:33:32","modified_gmt":"2025-07-24T06:33:32","slug":"kisisellestirilmis-isim-gerdanligi","status":"publish","type":"product","link":"https:\/\/www.purejewels.com\/tr\/product\/personalised-name-choker\/","title":{"rendered":"Ki\u015fiye \u00d6zel Urduca \u0130sim Kolye"},"content":{"rendered":"<p data-start=\"244\" data-end=\"763\">Bu 22 Ayar Alt\u0131n Urduca \u0130sim Kolyesinde geleneksel Urduca yaz\u0131s\u0131yla incelikle \u015fekillendirilmi\u015f \"Ali\" ismi yer al\u0131yor. Parlak alt\u0131ndan ustal\u0131kla \u00fcretilen kolye ucu, zarif bir \u015fekilde ince bir zincire ba\u011flanarak k\u00fclt\u00fcrel ifadeyi zamans\u0131z bir zarafetle dengeleyen anlaml\u0131 bir par\u00e7a yarat\u0131yor. \u0130ster hediye edilsin ister ki\u015fisel olarak tak\u0131ls\u0131n, isimleri, hikayeleri ve dilin g\u00fczelli\u011fini onurland\u0131rarak g\u00fcnl\u00fck ya\u015fam\u0131n vazge\u00e7ilmezi veya d\u00fc\u015f\u00fcnceli bir hat\u0131ra haline getirir. Do\u011fum g\u00fcnleri, kilometre ta\u015flar\u0131 veya miras kutlamalar\u0131 i\u00e7in idealdir.<\/p>","protected":false},"excerpt":{"rendered":"<p>Bu el yap\u0131m\u0131 22 ayar alt\u0131n Urduca isim kolyesi ile kimli\u011finizi kutlay\u0131n. Zarif bir yaz\u0131yla tasarlanan bu kolye, mirasa ve bireyselli\u011fe zarif bir \u00f6vg\u00fc niteli\u011findedir.<\/p>\n<p><strong>Metal:<\/strong> 22 Ayar Alt\u0131n<br \/>\n<strong>Bitir:<\/strong> Lazer Kesim \u0130sim Plakas\u0131<br \/>\n<strong>Zincir:<\/strong> 18 in\u00e7 Ak\u0131\u015fkan Baklal\u0131 Zincir<br \/>\n<strong>Hallmark:<\/strong> Birle\u015fik Krall\u0131k Tahlil Ofisi<br \/>\n<strong>K\u00f6ken:<\/strong>\u00a0Birle\u015fik Krall\u0131k'ta \u00fcretilmi\u015ftir<br \/>\n<strong>Tahmini A\u011f\u0131rl\u0131k:<\/strong>\u00a05-6 gram<br \/>\n<strong>Fiyat Aral\u0131\u011f\u0131:<\/strong> \u00a31050- \u00a31200<br \/>\n<strong>Teslim S\u00fcresi:<\/strong>\u00a02-3 Hafta<\/p>","protected":false},"featured_media":314610,"comment_status":"closed","ping_status":"closed","template":"","meta":{"_eb_attr":"","_crsspst_to_jayantr4sg-hostcom":false},"product_brand":[],"product_cat":[5025,5021,1698,1475,1772,6121,5906,5908,6120],"product_tag":[],"class_list":{"0":"post-312875","1":"product","2":"type-product","3":"status-publish","4":"has-post-thumbnail","6":"product_cat-18-inch-choker-chain","7":"product_cat-18-inch-kids-chain","8":"product_cat-choker-chains","9":"product_cat-gold-chains","10":"product_cat-kids-chains","11":"product_cat-name","12":"product_cat-personalised-jewellery","13":"product_cat-personalised-necklace","14":"product_cat-shop-by-style","16":"first","17":"onbackorder","18":"taxable","19":"shipping-taxable","20":"product-type-simple","21":"add-to-wishlist-before_image"},"yoast_head":"<!-- This site is optimized with the Yoast SEO plugin v27.5 - https:\/\/yoast.com\/product\/yoast-seo-wordpress\/ -->\n<title>22ct Gold Personalised Name Pendant in Urdu, Purejewels UK<\/title>\n<meta name=\"description\" content=\"Create a timeless keepsake with our 22ct Gold Personalised Name Pendant. Customise with a name or meaningful word, perfect for gifting,\" \/>\n<meta name=\"robots\" content=\"index, follow, max-snippet:-1, max-image-preview:large, max-video-preview:-1\" \/>\n<link rel=\"canonical\" href=\"https:\/\/www.purejewels.com\/tr\/urun\/kisisellestirilmis-isim-gerdanligi\/\" \/>\n<meta property=\"og:locale\" content=\"tr_TR\" \/>\n<meta property=\"og:type\" content=\"article\" \/>\n<meta property=\"og:title\" content=\"22ct Gold Personalised Name Pendant in Urdu, Purejewels UK\" \/>\n<meta property=\"og:description\" content=\"Create a timeless keepsake with our 22ct Gold Personalised Name Pendant. Customise with a name or meaningful word, perfect for gifting,\" \/>\n<meta property=\"og:url\" content=\"https:\/\/www.purejewels.com\/tr\/urun\/kisisellestirilmis-isim-gerdanligi\/\" \/>\n<meta property=\"og:site_name\" content=\"PureJewels UK\" \/>\n<meta property=\"article:modified_time\" content=\"2025-07-24T06:33:32+00:00\" \/>\n<meta property=\"og:image\" content=\"https:\/\/www.purejewels.com\/wp-content\/uploads\/2020\/06\/151547576.jpg\" \/>\n\t<meta property=\"og:image:width\" content=\"1000\" \/>\n\t<meta property=\"og:image:height\" content=\"1000\" \/>\n\t<meta property=\"og:image:type\" content=\"image\/jpeg\" \/>\n<meta name=\"twitter:card\" content=\"summary_large_image\" \/>\n<meta name=\"twitter:label1\" content=\"Tahmini okuma s\u00fcresi\" \/>\n\t<meta name=\"twitter:data1\" content=\"1 dakika\" \/>\n<script type=\"application\/ld+json\" class=\"yoast-schema-graph\">{\"@context\":\"https:\\\/\\\/schema.org\",\"@graph\":[{\"@type\":[\"WebPage\",\"ItemPage\"],\"@id\":\"https:\\\/\\\/www.purejewels.com\\\/product\\\/personalised-name-choker\\\/\",\"url\":\"https:\\\/\\\/www.purejewels.com\\\/product\\\/personalised-name-choker\\\/\",\"name\":\"22ct Gold Personalised Name Pendant in Urdu, Purejewels UK\",\"isPartOf\":{\"@id\":\"https:\\\/\\\/www.purejewels.com\\\/#website\"},\"primaryImageOfPage\":{\"@id\":\"https:\\\/\\\/www.purejewels.com\\\/product\\\/personalised-name-choker\\\/#primaryimage\"},\"image\":{\"@id\":\"https:\\\/\\\/www.purejewels.com\\\/product\\\/personalised-name-choker\\\/#primaryimage\"},\"thumbnailUrl\":\"https:\\\/\\\/static.purejewels.com\\\/wp-content\\\/uploads\\\/2020\\\/06\\\/151547576.jpg\",\"datePublished\":\"2020-02-27T11:40:27+00:00\",\"dateModified\":\"2025-07-24T06:33:32+00:00\",\"description\":\"Create a timeless keepsake with our 22ct Gold Personalised Name Pendant. Customise with a name or meaningful word, perfect for gifting,\",\"breadcrumb\":{\"@id\":\"https:\\\/\\\/www.purejewels.com\\\/product\\\/personalised-name-choker\\\/#breadcrumb\"},\"inLanguage\":\"tr\",\"potentialAction\":[{\"@type\":\"ReadAction\",\"target\":[\"https:\\\/\\\/www.purejewels.com\\\/product\\\/personalised-name-choker\\\/\"]}]},{\"@type\":\"ImageObject\",\"inLanguage\":\"tr\",\"@id\":\"https:\\\/\\\/www.purejewels.com\\\/product\\\/personalised-name-choker\\\/#primaryimage\",\"url\":\"https:\\\/\\\/static.purejewels.com\\\/wp-content\\\/uploads\\\/2020\\\/06\\\/151547576.jpg\",\"contentUrl\":\"https:\\\/\\\/static.purejewels.com\\\/wp-content\\\/uploads\\\/2020\\\/06\\\/151547576.jpg\",\"width\":1000,\"height\":1000,\"caption\":\"Personalised Name Choker\"},{\"@type\":\"BreadcrumbList\",\"@id\":\"https:\\\/\\\/www.purejewels.com\\\/product\\\/personalised-name-choker\\\/#breadcrumb\",\"itemListElement\":[{\"@type\":\"ListItem\",\"position\":1,\"name\":\"Home\",\"item\":\"https:\\\/\\\/www.purejewels.com\\\/\"},{\"@type\":\"ListItem\",\"position\":2,\"name\":\"Shop\",\"item\":\"https:\\\/\\\/www.purejewels.com\\\/shop\\\/\"},{\"@type\":\"ListItem\",\"position\":3,\"name\":\"Personalised Urdu Name Necklace\"}]},{\"@type\":\"WebSite\",\"@id\":\"https:\\\/\\\/www.purejewels.com\\\/#website\",\"url\":\"https:\\\/\\\/www.purejewels.com\\\/\",\"name\":\"PureJewels UK\",\"description\":\"Share the Love\",\"publisher\":{\"@id\":\"https:\\\/\\\/www.purejewels.com\\\/#organization\"},\"potentialAction\":[{\"@type\":\"SearchAction\",\"target\":{\"@type\":\"EntryPoint\",\"urlTemplate\":\"https:\\\/\\\/www.purejewels.com\\\/?s={search_term_string}\"},\"query-input\":{\"@type\":\"PropertyValueSpecification\",\"valueRequired\":true,\"valueName\":\"search_term_string\"}}],\"inLanguage\":\"tr\"},{\"@type\":\"Organization\",\"@id\":\"https:\\\/\\\/www.purejewels.com\\\/#organization\",\"name\":\"PureJewels UK\",\"url\":\"https:\\\/\\\/www.purejewels.com\\\/\",\"logo\":{\"@type\":\"ImageObject\",\"inLanguage\":\"tr\",\"@id\":\"https:\\\/\\\/www.purejewels.com\\\/#\\\/schema\\\/logo\\\/image\\\/\",\"url\":\"https:\\\/\\\/static.purejewels.com\\\/wp-content\\\/uploads\\\/2020\\\/11\\\/Logo-PJ-New-1.png\",\"contentUrl\":\"https:\\\/\\\/static.purejewels.com\\\/wp-content\\\/uploads\\\/2020\\\/11\\\/Logo-PJ-New-1.png\",\"width\":150,\"height\":80,\"caption\":\"PureJewels UK\"},\"image\":{\"@id\":\"https:\\\/\\\/www.purejewels.com\\\/#\\\/schema\\\/logo\\\/image\\\/\"}}]}<\/script>\n<!-- \/ Yoast SEO plugin. -->","yoast_head_json":{"title":"22 Ayar Alt\u0131n Urduca Ki\u015fiselle\u015ftirilmi\u015f \u0130sim Kolyesi, Purejewels UK","description":"22 Ayar Alt\u0131n Ki\u015fiselle\u015ftirilmi\u015f \u0130sim Kolyemiz ile zamans\u0131z bir hat\u0131ra yarat\u0131n. Bir isim veya anlaml\u0131 bir kelime ile \u00f6zelle\u015ftirin, hediye etmek i\u00e7in m\u00fckemmeldir,","robots":{"index":"index","follow":"follow","max-snippet":"max-snippet:-1","max-image-preview":"max-image-preview:large","max-video-preview":"max-video-preview:-1"},"canonical":"https:\/\/www.purejewels.com\/tr\/urun\/kisisellestirilmis-isim-gerdanligi\/","og_locale":"tr_TR","og_type":"article","og_title":"22ct Gold Personalised Name Pendant in Urdu, Purejewels UK","og_description":"Create a timeless keepsake with our 22ct Gold Personalised Name Pendant. Customise with a name or meaningful word, perfect for gifting,","og_url":"https:\/\/www.purejewels.com\/tr\/urun\/kisisellestirilmis-isim-gerdanligi\/","og_site_name":"PureJewels UK","article_modified_time":"2025-07-24T06:33:32+00:00","og_image":[{"width":1000,"height":1000,"url":"https:\/\/www.purejewels.com\/wp-content\/uploads\/2020\/06\/151547576.jpg","type":"image\/jpeg"}],"twitter_card":"summary_large_image","twitter_misc":{"Tahmini okuma s\u00fcresi":"1 dakika"},"schema":{"@context":"https:\/\/schema.org","@graph":[{"@type":["WebPage","ItemPage"],"@id":"https:\/\/www.purejewels.com\/product\/personalised-name-choker\/","url":"https:\/\/www.purejewels.com\/product\/personalised-name-choker\/","name":"22 Ayar Alt\u0131n Urduca Ki\u015fiselle\u015ftirilmi\u015f \u0130sim Kolyesi, Purejewels UK","isPartOf":{"@id":"https:\/\/www.purejewels.com\/#website"},"primaryImageOfPage":{"@id":"https:\/\/www.purejewels.com\/product\/personalised-name-choker\/#primaryimage"},"image":{"@id":"https:\/\/www.purejewels.com\/product\/personalised-name-choker\/#primaryimage"},"thumbnailUrl":"https:\/\/static.purejewels.com\/wp-content\/uploads\/2020\/06\/151547576.jpg","datePublished":"2020-02-27T11:40:27+00:00","dateModified":"2025-07-24T06:33:32+00:00","description":"22 Ayar Alt\u0131n Ki\u015fiselle\u015ftirilmi\u015f \u0130sim Kolyemiz ile zamans\u0131z bir hat\u0131ra yarat\u0131n. Bir isim veya anlaml\u0131 bir kelime ile \u00f6zelle\u015ftirin, hediye etmek i\u00e7in m\u00fckemmeldir,","breadcrumb":{"@id":"https:\/\/www.purejewels.com\/product\/personalised-name-choker\/#breadcrumb"},"inLanguage":"tr","potentialAction":[{"@type":"ReadAction","target":["https:\/\/www.purejewels.com\/product\/personalised-name-choker\/"]}]},{"@type":"ImageObject","inLanguage":"tr","@id":"https:\/\/www.purejewels.com\/product\/personalised-name-choker\/#primaryimage","url":"https:\/\/static.purejewels.com\/wp-content\/uploads\/2020\/06\/151547576.jpg","contentUrl":"https:\/\/static.purejewels.com\/wp-content\/uploads\/2020\/06\/151547576.jpg","width":1000,"height":1000,"caption":"Personalised Name Choker"},{"@type":"BreadcrumbList","@id":"https:\/\/www.purejewels.com\/product\/personalised-name-choker\/#breadcrumb","itemListElement":[{"@type":"ListItem","position":1,"name":"Home","item":"https:\/\/www.purejewels.com\/"},{"@type":"ListItem","position":2,"name":"Shop","item":"https:\/\/www.purejewels.com\/shop\/"},{"@type":"ListItem","position":3,"name":"Personalised Urdu Name Necklace"}]},{"@type":"WebSite","@id":"https:\/\/www.purejewels.com\/#website","url":"https:\/\/www.purejewels.com\/","name":"PureJewels \u0130ngiltere","description":"Sevgiyi Payla\u015f\u0131n","publisher":{"@id":"https:\/\/www.purejewels.com\/#organization"},"potentialAction":[{"@type":"SearchAction","target":{"@type":"EntryPoint","urlTemplate":"https:\/\/www.purejewels.com\/?s={search_term_string}"},"query-input":{"@type":"PropertyValueSpecification","valueRequired":true,"valueName":"search_term_string"}}],"inLanguage":"tr"},{"@type":"Organization","@id":"https:\/\/www.purejewels.com\/#organization","name":"PureJewels \u0130ngiltere","url":"https:\/\/www.purejewels.com\/","logo":{"@type":"ImageObject","inLanguage":"tr","@id":"https:\/\/www.purejewels.com\/#\/schema\/logo\/image\/","url":"https:\/\/static.purejewels.com\/wp-content\/uploads\/2020\/11\/Logo-PJ-New-1.png","contentUrl":"https:\/\/static.purejewels.com\/wp-content\/uploads\/2020\/11\/Logo-PJ-New-1.png","width":150,"height":80,"caption":"PureJewels UK"},"image":{"@id":"https:\/\/www.purejewels.com\/#\/schema\/logo\/image\/"}}]}},"_links":{"self":[{"href":"https:\/\/www.purejewels.com\/tr\/wp-json\/wp\/v2\/product\/312875","targetHints":{"allow":["GET"]}}],"collection":[{"href":"https:\/\/www.purejewels.com\/tr\/wp-json\/wp\/v2\/product"}],"about":[{"href":"https:\/\/www.purejewels.com\/tr\/wp-json\/wp\/v2\/types\/product"}],"replies":[{"embeddable":true,"href":"https:\/\/www.purejewels.com\/tr\/wp-json\/wp\/v2\/comments?post=312875"}],"version-history":[{"count":3,"href":"https:\/\/www.purejewels.com\/tr\/wp-json\/wp\/v2\/product\/312875\/revisions"}],"predecessor-version":[{"id":406632,"href":"https:\/\/www.purejewels.com\/tr\/wp-json\/wp\/v2\/product\/312875\/revisions\/406632"}],"wp:featuredmedia":[{"embeddable":true,"href":"https:\/\/www.purejewels.com\/tr\/wp-json\/wp\/v2\/media\/314610"}],"wp:attachment":[{"href":"https:\/\/www.purejewels.com\/tr\/wp-json\/wp\/v2\/media?parent=312875"}],"wp:term":[{"taxonomy":"product_brand","embeddable":true,"href":"https:\/\/www.purejewels.com\/tr\/wp-json\/wp\/v2\/product_brand?post=312875"},{"taxonomy":"product_cat","embeddable":true,"href":"https:\/\/www.purejewels.com\/tr\/wp-json\/wp\/v2\/product_cat?post=312875"},{"taxonomy":"product_tag","embeddable":true,"href":"https:\/\/www.purejewels.com\/tr\/wp-json\/wp\/v2\/product_tag?post=312875"}],"curies":[{"name":"wp","href":"https:\/\/api.w.org\/{rel}","templated":true}]}}