{"id":312908,"date":"2020-03-04T10:29:39","date_gmt":"2020-03-04T10:29:39","guid":{"rendered":"https:\/\/www.purejewels.com\/?post_type=product&#038;p=312908"},"modified":"2026-01-07T05:20:51","modified_gmt":"2026-01-07T05:20:51","slug":"22-ayar-altin-inci-yuzuk-ingiltere","status":"publish","type":"product","link":"https:\/\/www.purejewels.com\/tr\/product\/22-carat-gold-pearl-ring-uk\/","title":{"rendered":"22 Ayar Alt\u0131n \u0130nci Y\u00fcz\u00fck \u0130ngiltere"},"content":{"rendered":"<h3><strong><b>Tasar\u0131m<\/b><\/strong><\/h3>\n<p><span style=\"font-weight: 400;\">Bu klasik y\u00fcz\u00fck l\u00fcks 22 ayar alt\u0131ndan yontulmu\u015f, kavisli ve hassas bir \u015fekilde parlat\u0131lm\u0131\u015f, y\u00fczeyde ipek benzeri bir parlakl\u0131k elde etmek i\u00e7in elle m\u00fckemmel bir \u015fekilde parlat\u0131lm\u0131\u015ft\u0131r. Y\u00fcz\u00fc\u011f\u00fcn merkezinde inciyi zarif bir \u015fekilde tutan ve 22 ayar alt\u0131n bantla senkronize eden minyat\u00fcr bir pens bulunmaktad\u0131r.<\/span><\/p>\n<h3><strong><b>\u0130lham kayna\u011f\u0131<\/b><\/strong><\/h3>\n<p><span style=\"font-weight: 400;\">Navratna ta\u015flar\u0131 Hindistan'daki en de\u011ferli dokuz m\u00fccevher aras\u0131nda say\u0131l\u0131r ve hepsinin kendine has bir \u00f6nemi vard\u0131r. \u0130nci bu dokuz de\u011ferli ta\u015ftan biridir ve Ay'\u0131n bir yorumu olarak kabul edilir ve takan ki\u015fi \u00fczerinde sakinle\u015ftirici, koruyucu ve g\u00fc\u00e7lendirici bir etkisi oldu\u011funa inan\u0131l\u0131r.<\/span><\/p>\n<h3>Stil<\/h3>\n<p><span style=\"font-weight: 400;\">Bu minimal ama \u015f\u0131k aksesuar, t\u00fcm k\u0131yafetleriniz ve \u00e7e\u015fitli durumlar i\u00e7in m\u00fckemmeldir. \u0130nci di\u015filik, safl\u0131k, bilgelik, sab\u0131r ve huzuru simgeler, bu nedenle sizin i\u00e7in mutlak bir zorunluluktur. Tek ba\u015f\u0131na tak\u0131ld\u0131\u011f\u0131nda kendinden ge\u00e7mi\u015f gibi g\u00f6r\u00fcnse de, bunu di\u011fer incilerle \u00fcst \u00fcste takabilirsiniz. <a href=\"https:\/\/www.purejewels.com\/tr\/product-category\/22ct-gold-jewellery\/gold-rings\/\">halkalar<\/a> Koleksiyonunuzdan ya da geni\u015f istiflenebilir y\u00fcz\u00fck yelpazemizden se\u00e7im yap\u0131n ve yine de biraz daha e\u011flence ve ihti\u015fam kat\u0131n.<\/span><\/p>","protected":false},"excerpt":{"rendered":"<ul>\n<li>22 Ayar Alt\u0131n \u0130nci Y\u00fcz\u00fck \u0130ngiltere<\/li>\n<li>Y\u00fcz\u00fck a\u011f\u0131rl\u0131\u011f\u0131 7,2 gms<\/li>\n<li>Y\u00fcz\u00fck \u00d6l\u00e7\u00fcs\u00fc. Q 1\/2<\/li>\n<li>T\u00fcm \u00dcr\u00fcnlerimiz Londra Tahlil Ofisi Taraf\u0131ndan Damgalanm\u0131\u015ft\u0131r<\/li>\n<li>Sunum Kutusu ile Birlikte Gelir<\/li>\n<li>Teslimat Dahil<\/li>\n<li>T\u00fcm fiyatlara KDV dahildir<\/li>\n<li>\u00dcr\u00fcn\u00fcn Videosu i\u00e7in bize ula\u015f\u0131n \/ bizimle sohbet edin<\/li>\n<\/ul>","protected":false},"featured_media":313009,"comment_status":"closed","ping_status":"closed","template":"","meta":{"_eb_attr":"","_crsspst_to_jayantr4sg-hostcom":false},"product_brand":[],"product_cat":[1235,1783,1570,1786,5456,1574],"product_tag":[1430,63,64],"class_list":{"0":"post-312908","1":"product","2":"type-product","3":"status-publish","4":"has-post-thumbnail","6":"product_cat-gold-rings","7":"product_cat-ladies-rings","8":"product_cat-mothers-day-gifts","9":"product_cat-occasional-wear-rings","10":"product_cat-pearl-collection","11":"product_cat-womens-jewellery","12":"product_tag-diwali-gift","13":"product_tag-gold","14":"product_tag-rings","16":"first","17":"outofstock","18":"sale","19":"taxable","20":"shipping-taxable","21":"product-type-simple","22":"add-to-wishlist-before_image"},"yoast_head":"<!-- This site is optimized with the Yoast SEO plugin v27.3 - https:\/\/yoast.com\/product\/yoast-seo-wordpress\/ -->\n<title>Buy online 22 Carat Gold band with Pearl in all ring sizes<\/title>\n<meta name=\"description\" content=\"The center of the ring has a miniature collet that elegantly holds the pearl while syncing it with the 22K gold band.\" \/>\n<meta name=\"robots\" content=\"index, follow, max-snippet:-1, max-image-preview:large, max-video-preview:-1\" \/>\n<link rel=\"canonical\" href=\"https:\/\/www.purejewels.com\/tr\/urun\/22-ayar-altin-inci-yuzuk-ingiltere\/\" \/>\n<meta property=\"og:locale\" content=\"tr_TR\" \/>\n<meta property=\"og:type\" content=\"article\" \/>\n<meta property=\"og:title\" content=\"Buy online 22 Carat Gold band with Pearl in all ring sizes\" \/>\n<meta property=\"og:description\" content=\"The center of the ring has a miniature collet that elegantly holds the pearl while syncing it with the 22K gold band.\" \/>\n<meta property=\"og:url\" content=\"https:\/\/www.purejewels.com\/tr\/urun\/22-ayar-altin-inci-yuzuk-ingiltere\/\" \/>\n<meta property=\"og:site_name\" content=\"PureJewels UK\" \/>\n<meta property=\"article:modified_time\" content=\"2026-01-07T05:20:51+00:00\" \/>\n<meta property=\"og:image\" content=\"https:\/\/www.purejewels.com\/wp-content\/uploads\/2020\/03\/151692716.jpg\" \/>\n\t<meta property=\"og:image:width\" content=\"1000\" \/>\n\t<meta property=\"og:image:height\" content=\"1000\" \/>\n\t<meta property=\"og:image:type\" content=\"image\/jpeg\" \/>\n<meta name=\"twitter:card\" content=\"summary_large_image\" \/>\n<meta name=\"twitter:label1\" content=\"Tahmini okuma s\u00fcresi\" \/>\n\t<meta name=\"twitter:data1\" content=\"1 dakika\" \/>\n<script type=\"application\/ld+json\" class=\"yoast-schema-graph\">{\"@context\":\"https:\\\/\\\/schema.org\",\"@graph\":[{\"@type\":[\"WebPage\",\"ItemPage\"],\"@id\":\"https:\\\/\\\/www.purejewels.com\\\/product\\\/22-carat-gold-pearl-ring-uk\\\/\",\"url\":\"https:\\\/\\\/www.purejewels.com\\\/product\\\/22-carat-gold-pearl-ring-uk\\\/\",\"name\":\"Buy online 22 Carat Gold band with Pearl in all ring sizes\",\"isPartOf\":{\"@id\":\"https:\\\/\\\/www.purejewels.com\\\/#website\"},\"primaryImageOfPage\":{\"@id\":\"https:\\\/\\\/www.purejewels.com\\\/product\\\/22-carat-gold-pearl-ring-uk\\\/#primaryimage\"},\"image\":{\"@id\":\"https:\\\/\\\/www.purejewels.com\\\/product\\\/22-carat-gold-pearl-ring-uk\\\/#primaryimage\"},\"thumbnailUrl\":\"https:\\\/\\\/static.purejewels.com\\\/wp-content\\\/uploads\\\/2020\\\/03\\\/151692716.jpg\",\"datePublished\":\"2020-03-04T10:29:39+00:00\",\"dateModified\":\"2026-01-07T05:20:51+00:00\",\"description\":\"The center of the ring has a miniature collet that elegantly holds the pearl while syncing it with the 22K gold band.\",\"breadcrumb\":{\"@id\":\"https:\\\/\\\/www.purejewels.com\\\/product\\\/22-carat-gold-pearl-ring-uk\\\/#breadcrumb\"},\"inLanguage\":\"tr\",\"potentialAction\":[{\"@type\":\"ReadAction\",\"target\":[\"https:\\\/\\\/www.purejewels.com\\\/product\\\/22-carat-gold-pearl-ring-uk\\\/\"]}]},{\"@type\":\"ImageObject\",\"inLanguage\":\"tr\",\"@id\":\"https:\\\/\\\/www.purejewels.com\\\/product\\\/22-carat-gold-pearl-ring-uk\\\/#primaryimage\",\"url\":\"https:\\\/\\\/static.purejewels.com\\\/wp-content\\\/uploads\\\/2020\\\/03\\\/151692716.jpg\",\"contentUrl\":\"https:\\\/\\\/static.purejewels.com\\\/wp-content\\\/uploads\\\/2020\\\/03\\\/151692716.jpg\",\"width\":1000,\"height\":1000,\"caption\":\"22 Carat Gold Pearl\u00a0 Ring UKRing wt. 7.2 gmsRing Size. Q 1\\\/2All our Products are Hallmarked by London Assay OfficeComes With Presentation BoxDelivery IncludedAll prices include VATContact us \\\/ chat with us for Video of the Product\"},{\"@type\":\"BreadcrumbList\",\"@id\":\"https:\\\/\\\/www.purejewels.com\\\/product\\\/22-carat-gold-pearl-ring-uk\\\/#breadcrumb\",\"itemListElement\":[{\"@type\":\"ListItem\",\"position\":1,\"name\":\"Home\",\"item\":\"https:\\\/\\\/www.purejewels.com\\\/\"},{\"@type\":\"ListItem\",\"position\":2,\"name\":\"Shop\",\"item\":\"https:\\\/\\\/www.purejewels.com\\\/shop\\\/\"},{\"@type\":\"ListItem\",\"position\":3,\"name\":\"22 carat Gold Pearl Ring UK\"}]},{\"@type\":\"WebSite\",\"@id\":\"https:\\\/\\\/www.purejewels.com\\\/#website\",\"url\":\"https:\\\/\\\/www.purejewels.com\\\/\",\"name\":\"PureJewels UK\",\"description\":\"Share the Love\",\"publisher\":{\"@id\":\"https:\\\/\\\/www.purejewels.com\\\/#organization\"},\"potentialAction\":[{\"@type\":\"SearchAction\",\"target\":{\"@type\":\"EntryPoint\",\"urlTemplate\":\"https:\\\/\\\/www.purejewels.com\\\/?s={search_term_string}\"},\"query-input\":{\"@type\":\"PropertyValueSpecification\",\"valueRequired\":true,\"valueName\":\"search_term_string\"}}],\"inLanguage\":\"tr\"},{\"@type\":\"Organization\",\"@id\":\"https:\\\/\\\/www.purejewels.com\\\/#organization\",\"name\":\"PureJewels UK\",\"url\":\"https:\\\/\\\/www.purejewels.com\\\/\",\"logo\":{\"@type\":\"ImageObject\",\"inLanguage\":\"tr\",\"@id\":\"https:\\\/\\\/www.purejewels.com\\\/#\\\/schema\\\/logo\\\/image\\\/\",\"url\":\"https:\\\/\\\/static.purejewels.com\\\/wp-content\\\/uploads\\\/2020\\\/11\\\/Logo-PJ-New-1.png\",\"contentUrl\":\"https:\\\/\\\/static.purejewels.com\\\/wp-content\\\/uploads\\\/2020\\\/11\\\/Logo-PJ-New-1.png\",\"width\":150,\"height\":80,\"caption\":\"PureJewels UK\"},\"image\":{\"@id\":\"https:\\\/\\\/www.purejewels.com\\\/#\\\/schema\\\/logo\\\/image\\\/\"}}]}<\/script>\n<!-- \/ Yoast SEO plugin. -->","yoast_head_json":{"title":"T\u00fcm y\u00fcz\u00fck boyutlar\u0131nda \u0130nci ile 22 Ayar Alt\u0131n band\u0131 online sat\u0131n al\u0131n","description":"Y\u00fcz\u00fc\u011f\u00fcn merkezinde, inciyi zarif bir \u015fekilde tutarken 22 ayar alt\u0131n kordonla senkronize eden minyat\u00fcr bir pens bulunur.","robots":{"index":"index","follow":"follow","max-snippet":"max-snippet:-1","max-image-preview":"max-image-preview:large","max-video-preview":"max-video-preview:-1"},"canonical":"https:\/\/www.purejewels.com\/tr\/urun\/22-ayar-altin-inci-yuzuk-ingiltere\/","og_locale":"tr_TR","og_type":"article","og_title":"Buy online 22 Carat Gold band with Pearl in all ring sizes","og_description":"The center of the ring has a miniature collet that elegantly holds the pearl while syncing it with the 22K gold band.","og_url":"https:\/\/www.purejewels.com\/tr\/urun\/22-ayar-altin-inci-yuzuk-ingiltere\/","og_site_name":"PureJewels UK","article_modified_time":"2026-01-07T05:20:51+00:00","og_image":[{"width":1000,"height":1000,"url":"https:\/\/www.purejewels.com\/wp-content\/uploads\/2020\/03\/151692716.jpg","type":"image\/jpeg"}],"twitter_card":"summary_large_image","twitter_misc":{"Tahmini okuma s\u00fcresi":"1 dakika"},"schema":{"@context":"https:\/\/schema.org","@graph":[{"@type":["WebPage","ItemPage"],"@id":"https:\/\/www.purejewels.com\/product\/22-carat-gold-pearl-ring-uk\/","url":"https:\/\/www.purejewels.com\/product\/22-carat-gold-pearl-ring-uk\/","name":"T\u00fcm y\u00fcz\u00fck boyutlar\u0131nda \u0130nci ile 22 Ayar Alt\u0131n band\u0131 online sat\u0131n al\u0131n","isPartOf":{"@id":"https:\/\/www.purejewels.com\/#website"},"primaryImageOfPage":{"@id":"https:\/\/www.purejewels.com\/product\/22-carat-gold-pearl-ring-uk\/#primaryimage"},"image":{"@id":"https:\/\/www.purejewels.com\/product\/22-carat-gold-pearl-ring-uk\/#primaryimage"},"thumbnailUrl":"https:\/\/static.purejewels.com\/wp-content\/uploads\/2020\/03\/151692716.jpg","datePublished":"2020-03-04T10:29:39+00:00","dateModified":"2026-01-07T05:20:51+00:00","description":"Y\u00fcz\u00fc\u011f\u00fcn merkezinde, inciyi zarif bir \u015fekilde tutarken 22 ayar alt\u0131n kordonla senkronize eden minyat\u00fcr bir pens bulunur.","breadcrumb":{"@id":"https:\/\/www.purejewels.com\/product\/22-carat-gold-pearl-ring-uk\/#breadcrumb"},"inLanguage":"tr","potentialAction":[{"@type":"ReadAction","target":["https:\/\/www.purejewels.com\/product\/22-carat-gold-pearl-ring-uk\/"]}]},{"@type":"ImageObject","inLanguage":"tr","@id":"https:\/\/www.purejewels.com\/product\/22-carat-gold-pearl-ring-uk\/#primaryimage","url":"https:\/\/static.purejewels.com\/wp-content\/uploads\/2020\/03\/151692716.jpg","contentUrl":"https:\/\/static.purejewels.com\/wp-content\/uploads\/2020\/03\/151692716.jpg","width":1000,"height":1000,"caption":"22 Carat Gold Pearl\u00a0 Ring UKRing wt. 7.2 gmsRing Size. Q 1\/2All our Products are Hallmarked by London Assay OfficeComes With Presentation BoxDelivery IncludedAll prices include VATContact us \/ chat with us for Video of the Product"},{"@type":"BreadcrumbList","@id":"https:\/\/www.purejewels.com\/product\/22-carat-gold-pearl-ring-uk\/#breadcrumb","itemListElement":[{"@type":"ListItem","position":1,"name":"Home","item":"https:\/\/www.purejewels.com\/"},{"@type":"ListItem","position":2,"name":"Shop","item":"https:\/\/www.purejewels.com\/shop\/"},{"@type":"ListItem","position":3,"name":"22 carat Gold Pearl Ring UK"}]},{"@type":"WebSite","@id":"https:\/\/www.purejewels.com\/#website","url":"https:\/\/www.purejewels.com\/","name":"PureJewels \u0130ngiltere","description":"Sevgiyi Payla\u015f\u0131n","publisher":{"@id":"https:\/\/www.purejewels.com\/#organization"},"potentialAction":[{"@type":"SearchAction","target":{"@type":"EntryPoint","urlTemplate":"https:\/\/www.purejewels.com\/?s={search_term_string}"},"query-input":{"@type":"PropertyValueSpecification","valueRequired":true,"valueName":"search_term_string"}}],"inLanguage":"tr"},{"@type":"Organization","@id":"https:\/\/www.purejewels.com\/#organization","name":"PureJewels \u0130ngiltere","url":"https:\/\/www.purejewels.com\/","logo":{"@type":"ImageObject","inLanguage":"tr","@id":"https:\/\/www.purejewels.com\/#\/schema\/logo\/image\/","url":"https:\/\/static.purejewels.com\/wp-content\/uploads\/2020\/11\/Logo-PJ-New-1.png","contentUrl":"https:\/\/static.purejewels.com\/wp-content\/uploads\/2020\/11\/Logo-PJ-New-1.png","width":150,"height":80,"caption":"PureJewels UK"},"image":{"@id":"https:\/\/www.purejewels.com\/#\/schema\/logo\/image\/"}}]}},"_links":{"self":[{"href":"https:\/\/www.purejewels.com\/tr\/wp-json\/wp\/v2\/product\/312908","targetHints":{"allow":["GET"]}}],"collection":[{"href":"https:\/\/www.purejewels.com\/tr\/wp-json\/wp\/v2\/product"}],"about":[{"href":"https:\/\/www.purejewels.com\/tr\/wp-json\/wp\/v2\/types\/product"}],"replies":[{"embeddable":true,"href":"https:\/\/www.purejewels.com\/tr\/wp-json\/wp\/v2\/comments?post=312908"}],"version-history":[{"count":1,"href":"https:\/\/www.purejewels.com\/tr\/wp-json\/wp\/v2\/product\/312908\/revisions"}],"predecessor-version":[{"id":420531,"href":"https:\/\/www.purejewels.com\/tr\/wp-json\/wp\/v2\/product\/312908\/revisions\/420531"}],"wp:featuredmedia":[{"embeddable":true,"href":"https:\/\/www.purejewels.com\/tr\/wp-json\/wp\/v2\/media\/313009"}],"wp:attachment":[{"href":"https:\/\/www.purejewels.com\/tr\/wp-json\/wp\/v2\/media?parent=312908"}],"wp:term":[{"taxonomy":"product_brand","embeddable":true,"href":"https:\/\/www.purejewels.com\/tr\/wp-json\/wp\/v2\/product_brand?post=312908"},{"taxonomy":"product_cat","embeddable":true,"href":"https:\/\/www.purejewels.com\/tr\/wp-json\/wp\/v2\/product_cat?post=312908"},{"taxonomy":"product_tag","embeddable":true,"href":"https:\/\/www.purejewels.com\/tr\/wp-json\/wp\/v2\/product_tag?post=312908"}],"curies":[{"name":"wp","href":"https:\/\/api.w.org\/{rel}","templated":true}]}}