{"id":312946,"date":"2020-02-28T11:45:08","date_gmt":"2020-02-28T11:45:08","guid":{"rendered":"https:\/\/www.purejewels.com\/?post_type=product&#038;p=312946"},"modified":"2025-12-18T05:51:11","modified_gmt":"2025-12-18T05:51:11","slug":"cz-tasli-bas-harf-kolye-ucu-2","status":"publish","type":"product","link":"https:\/\/www.purejewels.com\/tr\/product\/initial-pendant-with-cz-stones-2\/","title":{"rendered":"Alt\u0131n Ba\u015f Harfi Kolye \u2013 P, CZ Ta\u015fl\u0131"},"content":{"rendered":"<p data-start=\"651\" data-end=\"994\"><strong data-start=\"651\" data-end=\"669\">Tasar\u0131m Konsepti<\/strong><br data-start=\"669\" data-end=\"672\" \/>Gold Initial Pendant \u2013 P ile ki\u015fisel hikayenizi kutlay\u0131n. Temiz serif yaz\u0131 tipiyle tasarlanan bu \u00fcr\u00fcn, klasik stili ve modern \u0131\u015f\u0131lt\u0131y\u0131 bir araya getiriyor. \u015e\u0131k bir s\u0131ra halinde dizilmi\u015f g\u00f6z kama\u015ft\u0131r\u0131c\u0131 k\u00fcbik zirkon ta\u015flar, tam da do\u011fru miktarda \u0131\u015f\u0131lt\u0131 katarak sade bir harfi parlak bir ki\u015filik ifadesine d\u00f6n\u00fc\u015ft\u00fcr\u00fcyor.<\/p>\n<p data-start=\"996\" data-end=\"1347\"><strong data-start=\"996\" data-end=\"1013\">Zanaatkarl\u0131k<\/strong><br data-start=\"1013\" data-end=\"1016\" \/>Cilal\u0131 alt\u0131nla ustaca tasarlanan kolye ucu, \u0131\u015f\u0131\u011f\u0131 g\u00fczel bir \u015fekilde yans\u0131tacak \u015fekilde kesilmi\u015f, hassas bir \u015fekilde yerle\u015ftirilmi\u015f CZ ta\u015flarla detayland\u0131r\u0131lm\u0131\u015ft\u0131r. P\u00fcr\u00fczs\u00fcz ve parlak y\u00fczeyi, kolye ucuna zarif ve parlak bir g\u00f6r\u00fcn\u00fcm kazand\u0131r\u0131r. Geni\u015f ve dayan\u0131kl\u0131 halkas\u0131, \u00e7e\u015fitli zincir stillerine kolayca tak\u0131lmas\u0131n\u0131 sa\u011flar ve g\u00fcnl\u00fck stil i\u00e7in \u00e7ok y\u00f6nl\u00fc bir se\u00e7enek sunar.<\/p>\n<p data-start=\"1349\" data-end=\"1702\"><strong data-start=\"1349\" data-end=\"1366\">Stil Fikirleri<\/strong><br data-start=\"1366\" data-end=\"1369\" \/>Sade bir \u015f\u0131kl\u0131k i\u00e7in tek ba\u015f\u0131na tak\u0131n veya ki\u015fiselle\u015ftirilmi\u015f bir kombin i\u00e7in di\u011fer ba\u015f harfler ve sembollerle birlikte tak\u0131n. \u015e\u0131k bir bluz, g\u00fcndelik ti\u015f\u00f6rt veya \u015fenlikli bir k\u0131yafetle kombinlendi\u011finde, bu par\u00e7a her durum i\u00e7in anlaml\u0131 bir zarafet sunar. Do\u011fum g\u00fcnleri, y\u0131ld\u00f6n\u00fcmleri veya sadece sevdi\u011finiz birini yan\u0131n\u0131zda ta\u015f\u0131mak i\u00e7in ideal bir hediye.<\/p>","protected":false},"excerpt":{"rendered":"<p>Zarif bir kimlik sembol\u00fc olan bu Alt\u0131n \u0130sim Ba\u015f Harfi Kolye, dikey bir s\u0131ra halinde dizilmi\u015f \u0131\u015f\u0131lt\u0131l\u0131 CZ ta\u015flarla s\u00fcslenmi\u015f \u201cP\u201d harfini tasvir ediyor. Zarif ve ki\u015fisel olan bu kolye, hediye etmek veya g\u00fcnl\u00fck kullan\u0131m i\u00e7in m\u00fckemmeldir.<\/p>\n<ul>\n<li>CZ ta\u015fl\u0131 ba\u015f harfli kolye ucu<\/li>\n<li>\u0130lk P<\/li>\n<li>22 ayar sar\u0131 alt\u0131n<\/li>\n<li>T\u00fcm durumlar i\u00e7in m\u00fckemmel bir hediye<\/li>\n<li>T\u00fcm Alfabeler ma\u011fazada mevcuttur<\/li>\n<li>A\u011f\u0131rl\u0131k. 1  gram<\/li>\n<li>SKU 30472<\/li>\n<li>Zincir dahil de\u011fildir<\/li>\n<li>T\u00fcm \u00fcr\u00fcnlerimiz London Assay Office taraf\u0131ndan damgalanm\u0131\u015ft\u0131r<\/li>\n<li>Sunum Kutusu ile Birlikte Gelir<\/li>\n<li>Teslimat Dahil<\/li>\n<li>T\u00fcm fiyatlara KDV dahildir<\/li>\n<li>T\u00fcm \u0130lk Kolyeleri g\u00f6rmek i\u00e7in bizimle ileti\u015fime ge\u00e7in\/canl\u0131 sohbet edin<\/li>\n<\/ul>","protected":false},"featured_media":314411,"comment_status":"closed","ping_status":"closed","template":"","meta":{"_eb_attr":"","_crsspst_to_jayantr4sg-hostcom":false},"product_brand":[],"product_cat":[1559,1576,1769,1767,1575],"product_tag":[],"class_list":{"0":"post-312946","1":"product","2":"type-product","3":"status-publish","4":"has-post-thumbnail","6":"product_cat-birthday-gifts","7":"product_cat-childrens-jewellery","8":"product_cat-kids-pendants","9":"product_cat-ladies-pendants","10":"product_cat-teenage-jewellery","12":"first","13":"outofstock","14":"taxable","15":"shipping-taxable","16":"product-type-simple","17":"add-to-wishlist-before_image"},"yoast_head":"<!-- This site is optimized with the Yoast SEO plugin v27.3 - https:\/\/yoast.com\/product\/yoast-seo-wordpress\/ -->\n<title>Personalised Gold P Initial Pendant with CZ \u2013 Elegant Jewellery<\/title>\n<meta name=\"description\" content=\"Discover the Gold P Initial Pendant with CZ stones \u2013 a personalised piece crafted in gold and set with sparkling accents. Ideal for everyday wear or gifting.\" \/>\n<meta name=\"robots\" content=\"index, follow, max-snippet:-1, max-image-preview:large, max-video-preview:-1\" \/>\n<link rel=\"canonical\" href=\"https:\/\/www.purejewels.com\/tr\/urun\/cz-tasli-bas-harf-kolye-ucu-2\/\" \/>\n<meta property=\"og:locale\" content=\"tr_TR\" \/>\n<meta property=\"og:type\" content=\"article\" \/>\n<meta property=\"og:title\" content=\"Personalised Gold P Initial Pendant with CZ \u2013 Elegant Jewellery\" \/>\n<meta property=\"og:description\" content=\"Discover the Gold P Initial Pendant with CZ stones \u2013 a personalised piece crafted in gold and set with sparkling accents. Ideal for everyday wear or gifting.\" \/>\n<meta property=\"og:url\" content=\"https:\/\/www.purejewels.com\/tr\/urun\/cz-tasli-bas-harf-kolye-ucu-2\/\" \/>\n<meta property=\"og:site_name\" content=\"PureJewels UK\" \/>\n<meta property=\"article:modified_time\" content=\"2025-12-18T05:51:11+00:00\" \/>\n<meta property=\"og:image\" content=\"https:\/\/static.purejewels.com\/wp-content\/uploads\/2020\/06\/151438617.jpg\" \/>\n\t<meta property=\"og:image:width\" content=\"1000\" \/>\n\t<meta property=\"og:image:height\" content=\"1000\" \/>\n\t<meta property=\"og:image:type\" content=\"image\/jpeg\" \/>\n<meta name=\"twitter:card\" content=\"summary_large_image\" \/>\n<meta name=\"twitter:label1\" content=\"Tahmini okuma s\u00fcresi\" \/>\n\t<meta name=\"twitter:data1\" content=\"1 dakika\" \/>\n<script type=\"application\/ld+json\" class=\"yoast-schema-graph\">{\"@context\":\"https:\\\/\\\/schema.org\",\"@graph\":[{\"@type\":[\"WebPage\",\"ItemPage\"],\"@id\":\"https:\\\/\\\/www.purejewels.com\\\/product\\\/initial-pendant-with-cz-stones-2\\\/\",\"url\":\"https:\\\/\\\/www.purejewels.com\\\/product\\\/initial-pendant-with-cz-stones-2\\\/\",\"name\":\"Personalised Gold P Initial Pendant with CZ \u2013 Elegant Jewellery\",\"isPartOf\":{\"@id\":\"https:\\\/\\\/www.purejewels.com\\\/#website\"},\"primaryImageOfPage\":{\"@id\":\"https:\\\/\\\/www.purejewels.com\\\/product\\\/initial-pendant-with-cz-stones-2\\\/#primaryimage\"},\"image\":{\"@id\":\"https:\\\/\\\/www.purejewels.com\\\/product\\\/initial-pendant-with-cz-stones-2\\\/#primaryimage\"},\"thumbnailUrl\":\"https:\\\/\\\/static.purejewels.com\\\/wp-content\\\/uploads\\\/2020\\\/06\\\/151438617.jpg\",\"datePublished\":\"2020-02-28T11:45:08+00:00\",\"dateModified\":\"2025-12-18T05:51:11+00:00\",\"description\":\"Discover the Gold P Initial Pendant with CZ stones \u2013 a personalised piece crafted in gold and set with sparkling accents. Ideal for everyday wear or gifting.\",\"breadcrumb\":{\"@id\":\"https:\\\/\\\/www.purejewels.com\\\/product\\\/initial-pendant-with-cz-stones-2\\\/#breadcrumb\"},\"inLanguage\":\"tr\",\"potentialAction\":[{\"@type\":\"ReadAction\",\"target\":[\"https:\\\/\\\/www.purejewels.com\\\/product\\\/initial-pendant-with-cz-stones-2\\\/\"]}]},{\"@type\":\"ImageObject\",\"inLanguage\":\"tr\",\"@id\":\"https:\\\/\\\/www.purejewels.com\\\/product\\\/initial-pendant-with-cz-stones-2\\\/#primaryimage\",\"url\":\"https:\\\/\\\/static.purejewels.com\\\/wp-content\\\/uploads\\\/2020\\\/06\\\/151438617.jpg\",\"contentUrl\":\"https:\\\/\\\/static.purejewels.com\\\/wp-content\\\/uploads\\\/2020\\\/06\\\/151438617.jpg\",\"width\":1000,\"height\":1000,\"caption\":\"Initial Pendant with CZ stonesInitial PIn 22ct Yellow goldA perfect gift for all occasionsAll Alphabets are available in storeWeight. 1\u00a0 gmsSKU 30472Chain is not includedAll our products are hallmarked by London Assay OfficeComes With Presentation BoxDelivery IncludedAll prices include VATContact us\\\/live chat with us to view all Initial Pendant\"},{\"@type\":\"BreadcrumbList\",\"@id\":\"https:\\\/\\\/www.purejewels.com\\\/product\\\/initial-pendant-with-cz-stones-2\\\/#breadcrumb\",\"itemListElement\":[{\"@type\":\"ListItem\",\"position\":1,\"name\":\"Home\",\"item\":\"https:\\\/\\\/www.purejewels.com\\\/\"},{\"@type\":\"ListItem\",\"position\":2,\"name\":\"Shop\",\"item\":\"https:\\\/\\\/www.purejewels.com\\\/shop\\\/\"},{\"@type\":\"ListItem\",\"position\":3,\"name\":\"Gold Initial Pendant \u2013 P with CZ Stones\"}]},{\"@type\":\"WebSite\",\"@id\":\"https:\\\/\\\/www.purejewels.com\\\/#website\",\"url\":\"https:\\\/\\\/www.purejewels.com\\\/\",\"name\":\"PureJewels UK\",\"description\":\"Share the Love\",\"publisher\":{\"@id\":\"https:\\\/\\\/www.purejewels.com\\\/#organization\"},\"potentialAction\":[{\"@type\":\"SearchAction\",\"target\":{\"@type\":\"EntryPoint\",\"urlTemplate\":\"https:\\\/\\\/www.purejewels.com\\\/?s={search_term_string}\"},\"query-input\":{\"@type\":\"PropertyValueSpecification\",\"valueRequired\":true,\"valueName\":\"search_term_string\"}}],\"inLanguage\":\"tr\"},{\"@type\":\"Organization\",\"@id\":\"https:\\\/\\\/www.purejewels.com\\\/#organization\",\"name\":\"PureJewels UK\",\"url\":\"https:\\\/\\\/www.purejewels.com\\\/\",\"logo\":{\"@type\":\"ImageObject\",\"inLanguage\":\"tr\",\"@id\":\"https:\\\/\\\/www.purejewels.com\\\/#\\\/schema\\\/logo\\\/image\\\/\",\"url\":\"https:\\\/\\\/static.purejewels.com\\\/wp-content\\\/uploads\\\/2020\\\/11\\\/Logo-PJ-New-1.png\",\"contentUrl\":\"https:\\\/\\\/static.purejewels.com\\\/wp-content\\\/uploads\\\/2020\\\/11\\\/Logo-PJ-New-1.png\",\"width\":150,\"height\":80,\"caption\":\"PureJewels UK\"},\"image\":{\"@id\":\"https:\\\/\\\/www.purejewels.com\\\/#\\\/schema\\\/logo\\\/image\\\/\"}}]}<\/script>\n<!-- \/ Yoast SEO plugin. -->","yoast_head_json":{"title":"CZ ile Ki\u015fiselle\u015ftirilmi\u015f Alt\u0131n P Harfli Kolye Ucu \u2013 Zarif Tak\u0131lar","description":"CZ ta\u015flarla s\u00fcslenmi\u015f Gold P Initial Pendant'\u0131 ke\u015ffedin \u2013 alt\u0131nla i\u015flenmi\u015f ve \u0131\u015f\u0131lt\u0131l\u0131 detaylarla s\u00fcslenmi\u015f ki\u015fiselle\u015ftirilmi\u015f bir par\u00e7a. G\u00fcnl\u00fck kullan\u0131m veya hediye etmek i\u00e7in ideal.","robots":{"index":"index","follow":"follow","max-snippet":"max-snippet:-1","max-image-preview":"max-image-preview:large","max-video-preview":"max-video-preview:-1"},"canonical":"https:\/\/www.purejewels.com\/tr\/urun\/cz-tasli-bas-harf-kolye-ucu-2\/","og_locale":"tr_TR","og_type":"article","og_title":"Personalised Gold P Initial Pendant with CZ \u2013 Elegant Jewellery","og_description":"Discover the Gold P Initial Pendant with CZ stones \u2013 a personalised piece crafted in gold and set with sparkling accents. Ideal for everyday wear or gifting.","og_url":"https:\/\/www.purejewels.com\/tr\/urun\/cz-tasli-bas-harf-kolye-ucu-2\/","og_site_name":"PureJewels UK","article_modified_time":"2025-12-18T05:51:11+00:00","og_image":[{"width":1000,"height":1000,"url":"https:\/\/static.purejewels.com\/wp-content\/uploads\/2020\/06\/151438617.jpg","type":"image\/jpeg"}],"twitter_card":"summary_large_image","twitter_misc":{"Tahmini okuma s\u00fcresi":"1 dakika"},"schema":{"@context":"https:\/\/schema.org","@graph":[{"@type":["WebPage","ItemPage"],"@id":"https:\/\/www.purejewels.com\/product\/initial-pendant-with-cz-stones-2\/","url":"https:\/\/www.purejewels.com\/product\/initial-pendant-with-cz-stones-2\/","name":"CZ ile Ki\u015fiselle\u015ftirilmi\u015f Alt\u0131n P Harfli Kolye Ucu \u2013 Zarif Tak\u0131lar","isPartOf":{"@id":"https:\/\/www.purejewels.com\/#website"},"primaryImageOfPage":{"@id":"https:\/\/www.purejewels.com\/product\/initial-pendant-with-cz-stones-2\/#primaryimage"},"image":{"@id":"https:\/\/www.purejewels.com\/product\/initial-pendant-with-cz-stones-2\/#primaryimage"},"thumbnailUrl":"https:\/\/static.purejewels.com\/wp-content\/uploads\/2020\/06\/151438617.jpg","datePublished":"2020-02-28T11:45:08+00:00","dateModified":"2025-12-18T05:51:11+00:00","description":"CZ ta\u015flarla s\u00fcslenmi\u015f Gold P Initial Pendant'\u0131 ke\u015ffedin \u2013 alt\u0131nla i\u015flenmi\u015f ve \u0131\u015f\u0131lt\u0131l\u0131 detaylarla s\u00fcslenmi\u015f ki\u015fiselle\u015ftirilmi\u015f bir par\u00e7a. G\u00fcnl\u00fck kullan\u0131m veya hediye etmek i\u00e7in ideal.","breadcrumb":{"@id":"https:\/\/www.purejewels.com\/product\/initial-pendant-with-cz-stones-2\/#breadcrumb"},"inLanguage":"tr","potentialAction":[{"@type":"ReadAction","target":["https:\/\/www.purejewels.com\/product\/initial-pendant-with-cz-stones-2\/"]}]},{"@type":"ImageObject","inLanguage":"tr","@id":"https:\/\/www.purejewels.com\/product\/initial-pendant-with-cz-stones-2\/#primaryimage","url":"https:\/\/static.purejewels.com\/wp-content\/uploads\/2020\/06\/151438617.jpg","contentUrl":"https:\/\/static.purejewels.com\/wp-content\/uploads\/2020\/06\/151438617.jpg","width":1000,"height":1000,"caption":"Initial Pendant with CZ stonesInitial PIn 22ct Yellow goldA perfect gift for all occasionsAll Alphabets are available in storeWeight. 1\u00a0 gmsSKU 30472Chain is not includedAll our products are hallmarked by London Assay OfficeComes With Presentation BoxDelivery IncludedAll prices include VATContact us\/live chat with us to view all Initial Pendant"},{"@type":"BreadcrumbList","@id":"https:\/\/www.purejewels.com\/product\/initial-pendant-with-cz-stones-2\/#breadcrumb","itemListElement":[{"@type":"ListItem","position":1,"name":"Home","item":"https:\/\/www.purejewels.com\/"},{"@type":"ListItem","position":2,"name":"Shop","item":"https:\/\/www.purejewels.com\/shop\/"},{"@type":"ListItem","position":3,"name":"Gold Initial Pendant \u2013 P with CZ Stones"}]},{"@type":"WebSite","@id":"https:\/\/www.purejewels.com\/#website","url":"https:\/\/www.purejewels.com\/","name":"PureJewels \u0130ngiltere","description":"Sevgiyi Payla\u015f\u0131n","publisher":{"@id":"https:\/\/www.purejewels.com\/#organization"},"potentialAction":[{"@type":"SearchAction","target":{"@type":"EntryPoint","urlTemplate":"https:\/\/www.purejewels.com\/?s={search_term_string}"},"query-input":{"@type":"PropertyValueSpecification","valueRequired":true,"valueName":"search_term_string"}}],"inLanguage":"tr"},{"@type":"Organization","@id":"https:\/\/www.purejewels.com\/#organization","name":"PureJewels \u0130ngiltere","url":"https:\/\/www.purejewels.com\/","logo":{"@type":"ImageObject","inLanguage":"tr","@id":"https:\/\/www.purejewels.com\/#\/schema\/logo\/image\/","url":"https:\/\/static.purejewels.com\/wp-content\/uploads\/2020\/11\/Logo-PJ-New-1.png","contentUrl":"https:\/\/static.purejewels.com\/wp-content\/uploads\/2020\/11\/Logo-PJ-New-1.png","width":150,"height":80,"caption":"PureJewels UK"},"image":{"@id":"https:\/\/www.purejewels.com\/#\/schema\/logo\/image\/"}}]}},"_links":{"self":[{"href":"https:\/\/www.purejewels.com\/tr\/wp-json\/wp\/v2\/product\/312946","targetHints":{"allow":["GET"]}}],"collection":[{"href":"https:\/\/www.purejewels.com\/tr\/wp-json\/wp\/v2\/product"}],"about":[{"href":"https:\/\/www.purejewels.com\/tr\/wp-json\/wp\/v2\/types\/product"}],"replies":[{"embeddable":true,"href":"https:\/\/www.purejewels.com\/tr\/wp-json\/wp\/v2\/comments?post=312946"}],"version-history":[{"count":2,"href":"https:\/\/www.purejewels.com\/tr\/wp-json\/wp\/v2\/product\/312946\/revisions"}],"predecessor-version":[{"id":423374,"href":"https:\/\/www.purejewels.com\/tr\/wp-json\/wp\/v2\/product\/312946\/revisions\/423374"}],"wp:featuredmedia":[{"embeddable":true,"href":"https:\/\/www.purejewels.com\/tr\/wp-json\/wp\/v2\/media\/314411"}],"wp:attachment":[{"href":"https:\/\/www.purejewels.com\/tr\/wp-json\/wp\/v2\/media?parent=312946"}],"wp:term":[{"taxonomy":"product_brand","embeddable":true,"href":"https:\/\/www.purejewels.com\/tr\/wp-json\/wp\/v2\/product_brand?post=312946"},{"taxonomy":"product_cat","embeddable":true,"href":"https:\/\/www.purejewels.com\/tr\/wp-json\/wp\/v2\/product_cat?post=312946"},{"taxonomy":"product_tag","embeddable":true,"href":"https:\/\/www.purejewels.com\/tr\/wp-json\/wp\/v2\/product_tag?post=312946"}],"curies":[{"name":"wp","href":"https:\/\/api.w.org\/{rel}","templated":true}]}}