{"id":313104,"date":"2020-03-12T11:04:22","date_gmt":"2020-03-12T11:04:22","guid":{"rendered":"https:\/\/www.purejewels.com\/?post_type=product&#038;p=313104"},"modified":"2026-01-23T06:22:31","modified_gmt":"2026-01-23T06:22:31","slug":"22-ayar-altin-jali-kadas-6","status":"publish","type":"product","link":"https:\/\/www.purejewels.com\/tr\/product\/22ct-gold-jali-kadas-6\/","title":{"rendered":"22 Ayar Alt\u0131n S\u00fcrekli Jali Aksanl\u0131 Bileklik \u00c7ifti"},"content":{"rendered":"<p>Tasar\u0131m<\/p>\n<p>Bu bileklik \u00e7ifti, \u00e7evresi boyunca ak\u0131c\u0131 bir \u015fekilde ilerleyerek ritim ve hareket hissi yaratan kesintisiz bir jali desenine sahiptir. Derinlik ve yap\u0131 kazand\u0131rmak i\u00e7in aral\u0131klarla yerle\u015ftirilen yontulmu\u015f alt\u0131n vurgu unsurlar\u0131, g\u00f6rsel s\u00fcreklili\u011fi korurken tasar\u0131ma ince bir odak noktas\u0131 kazand\u0131r\u0131r. Genel form zarif, hafif ve kendinden emin bir \u015fekilde moderndir.<\/p>\n<p>Zanaatkarl\u0131k<\/p>\n<p>22 ayar alt\u0131ndan el i\u015f\u00e7ili\u011fiyle \u00fcretilen bu bilezikler, dikkatli ajur kesim ve finisaj i\u015flemleriyle elde edilen hassas jali i\u015f\u00e7ili\u011fini g\u00f6zler \u00f6n\u00fcne seriyor. \u015eekillendirilmi\u015f vurgu detaylar\u0131, incelikten \u00f6d\u00fcn vermeden g\u00fcc\u00fc art\u0131rmak i\u00e7in kusursuz bir \u015fekilde entegre edilmi\u015ftir. P\u00fcr\u00fczs\u00fcz i\u00e7 y\u00fczeyler g\u00fcnl\u00fck kullan\u0131mda rahatl\u0131k sa\u011flar ve her par\u00e7a safl\u0131k sertifikas\u0131 i\u00e7in \u0130ngiltere'de damgalanm\u0131\u015ft\u0131r.<\/p>\n<p>\u015eekillendirme &amp; Hediyele\u015fme<\/p>\n<p>\u00c7ok y\u00f6nl\u00fcl\u00fck i\u00e7in tasarlanan bu bilezikler, g\u00fcnl\u00fck kullan\u0131mdan \u00f6zel g\u00fcnlere zahmetsizce ge\u00e7i\u015f yapar. \u0130ster bir \u00e7ift olarak tak\u0131n, ister daha sade alt\u0131n bilekliklerle katlayarak daha fazla doku elde edin. Do\u011fum g\u00fcnleri, y\u0131l d\u00f6n\u00fcmleri ve anlaml\u0131 kutlamalar i\u00e7in zarif bir hediye se\u00e7ene\u011fi olan bu bilezikler, geleneksel alt\u0131n tak\u0131lar\u0131n zarif bir yorumunu sunuyor.<\/p>","protected":false},"excerpt":{"rendered":"<ul>\n<li>\u00c7ift (iki Kadas) 22 Ayar Alt\u0131n Gelin veya Parti k\u0131yafeti Kadas -<\/li>\n<li>(Bir Kada istiyorsan\u0131z l\u00fctfen sohbetten bilgi al\u0131n - burada g\u00f6sterilen fiyat iki kadas i\u00e7indir)<\/li>\n<li>Kada 1 A\u011f\u0131rl\u0131k\u00e7a 13,5 gms<\/li>\n<li>Kada 2 A\u011f\u0131rl\u0131k\u00e7a 13,5 gms<\/li>\n<li>Toplam A\u011f\u0131rl\u0131k . 27.0 gms<\/li>\n<li>Boyut: 2,6 in\u00e7 i\u00e7 \u00e7ap. Ek boyutlar i\u00e7in l\u00fctfen sorunuz<\/li>\n<li>Sku 32354, 32355<\/li>\n<li>Bunlar i\u00e7i bo\u015f Kadas<\/li>\n<li>T\u00fcm 22 ayar Alt\u0131n Tak\u0131lar\u0131m\u0131z Londra Tahlil Ofisi taraf\u0131ndan damgalanm\u0131\u015ft\u0131r<\/li>\n<li>Sunum Kutusu ile Birlikte Gelir<\/li>\n<li>Teslimat Dahil<\/li>\n<li>T\u00fcm fiyatlara KDV dahildir<\/li>\n<li>\u00dcr\u00fcn\u00fcn canl\u0131 videosu i\u00e7in bize ula\u015f\u0131n \/ bizimle sohbet edin<\/li>\n<li><\/li>\n<\/ul>","protected":false},"featured_media":312468,"comment_status":"closed","ping_status":"closed","template":"","meta":{"_eb_attr":"","_crsspst_to_jayantr4sg-hostcom":false},"product_brand":[],"product_cat":[1659,252,1570,1573,1574],"product_tag":[],"class_list":{"0":"post-313104","1":"product","2":"type-product","3":"status-publish","4":"has-post-thumbnail","6":"product_cat-bridal-and-party-wear-gold-kada-bangle","7":"product_cat-jali-collections","8":"product_cat-mothers-day-gifts","9":"product_cat-wedding-gifts","10":"product_cat-womens-jewellery","12":"first","13":"outofstock","14":"taxable","15":"shipping-taxable","16":"product-type-grouped","17":"add-to-wishlist-before_image"},"yoast_head":"<!-- This site is optimized with the Yoast SEO plugin v27.3 - https:\/\/yoast.com\/product\/yoast-seo-wordpress\/ -->\n<title>22ct Gold Continuous Jali Bangles | Online at PureJewels UK<\/title>\n<meta name=\"description\" content=\"Shop the 22ct Gold Continuous Jali Bangles from PureJewels UK. Featuring flowing jali detailing with sculpted gold accents, this handcrafted pair offers everyday elegance in radiant gold.\" \/>\n<meta name=\"robots\" content=\"index, follow, max-snippet:-1, max-image-preview:large, max-video-preview:-1\" \/>\n<link rel=\"canonical\" href=\"https:\/\/www.purejewels.com\/tr\/urun\/22-ayar-altin-jali-kadas-6\/\" \/>\n<meta property=\"og:locale\" content=\"tr_TR\" \/>\n<meta property=\"og:type\" content=\"article\" \/>\n<meta property=\"og:title\" content=\"22ct Gold Continuous Jali Bangles | Online at PureJewels UK\" \/>\n<meta property=\"og:description\" content=\"Shop the 22ct Gold Continuous Jali Bangles from PureJewels UK. Featuring flowing jali detailing with sculpted gold accents, this handcrafted pair offers everyday elegance in radiant gold.\" \/>\n<meta property=\"og:url\" content=\"https:\/\/www.purejewels.com\/tr\/urun\/22-ayar-altin-jali-kadas-6\/\" \/>\n<meta property=\"og:site_name\" content=\"PureJewels UK\" \/>\n<meta property=\"article:modified_time\" content=\"2026-01-23T06:22:31+00:00\" \/>\n<meta property=\"og:image\" content=\"https:\/\/static.purejewels.com\/wp-content\/uploads\/2020\/01\/32346_32348.jpg\" \/>\n\t<meta property=\"og:image:width\" content=\"1000\" \/>\n\t<meta property=\"og:image:height\" content=\"1000\" \/>\n\t<meta property=\"og:image:type\" content=\"image\/jpeg\" \/>\n<meta name=\"twitter:card\" content=\"summary_large_image\" \/>\n<meta name=\"twitter:label1\" content=\"Tahmini okuma s\u00fcresi\" \/>\n\t<meta name=\"twitter:data1\" content=\"1 dakika\" \/>\n<script type=\"application\/ld+json\" class=\"yoast-schema-graph\">{\"@context\":\"https:\\\/\\\/schema.org\",\"@graph\":[{\"@type\":[\"WebPage\",\"ItemPage\"],\"@id\":\"https:\\\/\\\/www.purejewels.com\\\/product\\\/22ct-gold-jali-kadas-6\\\/\",\"url\":\"https:\\\/\\\/www.purejewels.com\\\/product\\\/22ct-gold-jali-kadas-6\\\/\",\"name\":\"22ct Gold Continuous Jali Bangles | Online at PureJewels UK\",\"isPartOf\":{\"@id\":\"https:\\\/\\\/www.purejewels.com\\\/#website\"},\"primaryImageOfPage\":{\"@id\":\"https:\\\/\\\/www.purejewels.com\\\/product\\\/22ct-gold-jali-kadas-6\\\/#primaryimage\"},\"image\":{\"@id\":\"https:\\\/\\\/www.purejewels.com\\\/product\\\/22ct-gold-jali-kadas-6\\\/#primaryimage\"},\"thumbnailUrl\":\"https:\\\/\\\/static.purejewels.com\\\/wp-content\\\/uploads\\\/2020\\\/01\\\/32346_32348.jpg\",\"datePublished\":\"2020-03-12T11:04:22+00:00\",\"dateModified\":\"2026-01-23T06:22:31+00:00\",\"description\":\"Shop the 22ct Gold Continuous Jali Bangles from PureJewels UK. Featuring flowing jali detailing with sculpted gold accents, this handcrafted pair offers everyday elegance in radiant gold.\",\"breadcrumb\":{\"@id\":\"https:\\\/\\\/www.purejewels.com\\\/product\\\/22ct-gold-jali-kadas-6\\\/#breadcrumb\"},\"inLanguage\":\"tr\",\"potentialAction\":[{\"@type\":\"ReadAction\",\"target\":[\"https:\\\/\\\/www.purejewels.com\\\/product\\\/22ct-gold-jali-kadas-6\\\/\"]}]},{\"@type\":\"ImageObject\",\"inLanguage\":\"tr\",\"@id\":\"https:\\\/\\\/www.purejewels.com\\\/product\\\/22ct-gold-jali-kadas-6\\\/#primaryimage\",\"url\":\"https:\\\/\\\/static.purejewels.com\\\/wp-content\\\/uploads\\\/2020\\\/01\\\/32346_32348.jpg\",\"contentUrl\":\"https:\\\/\\\/static.purejewels.com\\\/wp-content\\\/uploads\\\/2020\\\/01\\\/32346_32348.jpg\",\"width\":1000,\"height\":1000,\"caption\":\"32346_32348\"},{\"@type\":\"BreadcrumbList\",\"@id\":\"https:\\\/\\\/www.purejewels.com\\\/product\\\/22ct-gold-jali-kadas-6\\\/#breadcrumb\",\"itemListElement\":[{\"@type\":\"ListItem\",\"position\":1,\"name\":\"Home\",\"item\":\"https:\\\/\\\/www.purejewels.com\\\/\"},{\"@type\":\"ListItem\",\"position\":2,\"name\":\"Shop\",\"item\":\"https:\\\/\\\/www.purejewels.com\\\/shop\\\/\"},{\"@type\":\"ListItem\",\"position\":3,\"name\":\"22ct Gold Continuous Jali Accent Bangles Pair\"}]},{\"@type\":\"WebSite\",\"@id\":\"https:\\\/\\\/www.purejewels.com\\\/#website\",\"url\":\"https:\\\/\\\/www.purejewels.com\\\/\",\"name\":\"PureJewels UK\",\"description\":\"Share the Love\",\"publisher\":{\"@id\":\"https:\\\/\\\/www.purejewels.com\\\/#organization\"},\"potentialAction\":[{\"@type\":\"SearchAction\",\"target\":{\"@type\":\"EntryPoint\",\"urlTemplate\":\"https:\\\/\\\/www.purejewels.com\\\/?s={search_term_string}\"},\"query-input\":{\"@type\":\"PropertyValueSpecification\",\"valueRequired\":true,\"valueName\":\"search_term_string\"}}],\"inLanguage\":\"tr\"},{\"@type\":\"Organization\",\"@id\":\"https:\\\/\\\/www.purejewels.com\\\/#organization\",\"name\":\"PureJewels UK\",\"url\":\"https:\\\/\\\/www.purejewels.com\\\/\",\"logo\":{\"@type\":\"ImageObject\",\"inLanguage\":\"tr\",\"@id\":\"https:\\\/\\\/www.purejewels.com\\\/#\\\/schema\\\/logo\\\/image\\\/\",\"url\":\"https:\\\/\\\/static.purejewels.com\\\/wp-content\\\/uploads\\\/2020\\\/11\\\/Logo-PJ-New-1.png\",\"contentUrl\":\"https:\\\/\\\/static.purejewels.com\\\/wp-content\\\/uploads\\\/2020\\\/11\\\/Logo-PJ-New-1.png\",\"width\":150,\"height\":80,\"caption\":\"PureJewels UK\"},\"image\":{\"@id\":\"https:\\\/\\\/www.purejewels.com\\\/#\\\/schema\\\/logo\\\/image\\\/\"}}]}<\/script>\n<!-- \/ Yoast SEO plugin. -->","yoast_head_json":{"title":"22 Ayar Alt\u0131n S\u00fcrekli Jali Bileklikler | PureJewels UK'de Online","description":"PureJewels UK'den 22 Ayar Alt\u0131n S\u00fcrekli Jali Bileklikleri sat\u0131n al\u0131n. Yontulmu\u015f alt\u0131n vurgularla ak\u0131c\u0131 jali detaylar\u0131na sahip bu el yap\u0131m\u0131 \u00e7ift, \u0131\u015f\u0131lt\u0131l\u0131 alt\u0131nla g\u00fcnl\u00fck \u015f\u0131kl\u0131k sunuyor.","robots":{"index":"index","follow":"follow","max-snippet":"max-snippet:-1","max-image-preview":"max-image-preview:large","max-video-preview":"max-video-preview:-1"},"canonical":"https:\/\/www.purejewels.com\/tr\/urun\/22-ayar-altin-jali-kadas-6\/","og_locale":"tr_TR","og_type":"article","og_title":"22ct Gold Continuous Jali Bangles | Online at PureJewels UK","og_description":"Shop the 22ct Gold Continuous Jali Bangles from PureJewels UK. Featuring flowing jali detailing with sculpted gold accents, this handcrafted pair offers everyday elegance in radiant gold.","og_url":"https:\/\/www.purejewels.com\/tr\/urun\/22-ayar-altin-jali-kadas-6\/","og_site_name":"PureJewels UK","article_modified_time":"2026-01-23T06:22:31+00:00","og_image":[{"width":1000,"height":1000,"url":"https:\/\/static.purejewels.com\/wp-content\/uploads\/2020\/01\/32346_32348.jpg","type":"image\/jpeg"}],"twitter_card":"summary_large_image","twitter_misc":{"Tahmini okuma s\u00fcresi":"1 dakika"},"schema":{"@context":"https:\/\/schema.org","@graph":[{"@type":["WebPage","ItemPage"],"@id":"https:\/\/www.purejewels.com\/product\/22ct-gold-jali-kadas-6\/","url":"https:\/\/www.purejewels.com\/product\/22ct-gold-jali-kadas-6\/","name":"22 Ayar Alt\u0131n S\u00fcrekli Jali Bileklikler | PureJewels UK'de Online","isPartOf":{"@id":"https:\/\/www.purejewels.com\/#website"},"primaryImageOfPage":{"@id":"https:\/\/www.purejewels.com\/product\/22ct-gold-jali-kadas-6\/#primaryimage"},"image":{"@id":"https:\/\/www.purejewels.com\/product\/22ct-gold-jali-kadas-6\/#primaryimage"},"thumbnailUrl":"https:\/\/static.purejewels.com\/wp-content\/uploads\/2020\/01\/32346_32348.jpg","datePublished":"2020-03-12T11:04:22+00:00","dateModified":"2026-01-23T06:22:31+00:00","description":"PureJewels UK'den 22 Ayar Alt\u0131n S\u00fcrekli Jali Bileklikleri sat\u0131n al\u0131n. Yontulmu\u015f alt\u0131n vurgularla ak\u0131c\u0131 jali detaylar\u0131na sahip bu el yap\u0131m\u0131 \u00e7ift, \u0131\u015f\u0131lt\u0131l\u0131 alt\u0131nla g\u00fcnl\u00fck \u015f\u0131kl\u0131k sunuyor.","breadcrumb":{"@id":"https:\/\/www.purejewels.com\/product\/22ct-gold-jali-kadas-6\/#breadcrumb"},"inLanguage":"tr","potentialAction":[{"@type":"ReadAction","target":["https:\/\/www.purejewels.com\/product\/22ct-gold-jali-kadas-6\/"]}]},{"@type":"ImageObject","inLanguage":"tr","@id":"https:\/\/www.purejewels.com\/product\/22ct-gold-jali-kadas-6\/#primaryimage","url":"https:\/\/static.purejewels.com\/wp-content\/uploads\/2020\/01\/32346_32348.jpg","contentUrl":"https:\/\/static.purejewels.com\/wp-content\/uploads\/2020\/01\/32346_32348.jpg","width":1000,"height":1000,"caption":"32346_32348"},{"@type":"BreadcrumbList","@id":"https:\/\/www.purejewels.com\/product\/22ct-gold-jali-kadas-6\/#breadcrumb","itemListElement":[{"@type":"ListItem","position":1,"name":"Home","item":"https:\/\/www.purejewels.com\/"},{"@type":"ListItem","position":2,"name":"Shop","item":"https:\/\/www.purejewels.com\/shop\/"},{"@type":"ListItem","position":3,"name":"22ct Gold Continuous Jali Accent Bangles Pair"}]},{"@type":"WebSite","@id":"https:\/\/www.purejewels.com\/#website","url":"https:\/\/www.purejewels.com\/","name":"PureJewels \u0130ngiltere","description":"Sevgiyi Payla\u015f\u0131n","publisher":{"@id":"https:\/\/www.purejewels.com\/#organization"},"potentialAction":[{"@type":"SearchAction","target":{"@type":"EntryPoint","urlTemplate":"https:\/\/www.purejewels.com\/?s={search_term_string}"},"query-input":{"@type":"PropertyValueSpecification","valueRequired":true,"valueName":"search_term_string"}}],"inLanguage":"tr"},{"@type":"Organization","@id":"https:\/\/www.purejewels.com\/#organization","name":"PureJewels \u0130ngiltere","url":"https:\/\/www.purejewels.com\/","logo":{"@type":"ImageObject","inLanguage":"tr","@id":"https:\/\/www.purejewels.com\/#\/schema\/logo\/image\/","url":"https:\/\/static.purejewels.com\/wp-content\/uploads\/2020\/11\/Logo-PJ-New-1.png","contentUrl":"https:\/\/static.purejewels.com\/wp-content\/uploads\/2020\/11\/Logo-PJ-New-1.png","width":150,"height":80,"caption":"PureJewels UK"},"image":{"@id":"https:\/\/www.purejewels.com\/#\/schema\/logo\/image\/"}}]}},"_links":{"self":[{"href":"https:\/\/www.purejewels.com\/tr\/wp-json\/wp\/v2\/product\/313104","targetHints":{"allow":["GET"]}}],"collection":[{"href":"https:\/\/www.purejewels.com\/tr\/wp-json\/wp\/v2\/product"}],"about":[{"href":"https:\/\/www.purejewels.com\/tr\/wp-json\/wp\/v2\/types\/product"}],"replies":[{"embeddable":true,"href":"https:\/\/www.purejewels.com\/tr\/wp-json\/wp\/v2\/comments?post=313104"}],"version-history":[{"count":3,"href":"https:\/\/www.purejewels.com\/tr\/wp-json\/wp\/v2\/product\/313104\/revisions"}],"predecessor-version":[{"id":425148,"href":"https:\/\/www.purejewels.com\/tr\/wp-json\/wp\/v2\/product\/313104\/revisions\/425148"}],"wp:featuredmedia":[{"embeddable":true,"href":"https:\/\/www.purejewels.com\/tr\/wp-json\/wp\/v2\/media\/312468"}],"wp:attachment":[{"href":"https:\/\/www.purejewels.com\/tr\/wp-json\/wp\/v2\/media?parent=313104"}],"wp:term":[{"taxonomy":"product_brand","embeddable":true,"href":"https:\/\/www.purejewels.com\/tr\/wp-json\/wp\/v2\/product_brand?post=313104"},{"taxonomy":"product_cat","embeddable":true,"href":"https:\/\/www.purejewels.com\/tr\/wp-json\/wp\/v2\/product_cat?post=313104"},{"taxonomy":"product_tag","embeddable":true,"href":"https:\/\/www.purejewels.com\/tr\/wp-json\/wp\/v2\/product_tag?post=313104"}],"curies":[{"name":"wp","href":"https:\/\/api.w.org\/{rel}","templated":true}]}}