{"id":313143,"date":"2020-03-19T08:15:36","date_gmt":"2020-03-19T08:15:36","guid":{"rendered":"https:\/\/www.purejewels.com\/?post_type=product&#038;p=313143"},"modified":"2026-01-06T08:08:50","modified_gmt":"2026-01-06T08:08:50","slug":"diya-22-ayar-altin-kesilmemis-polki-pirlanta-kolye-ucu-3","status":"publish","type":"product","link":"https:\/\/www.purejewels.com\/tr\/product\/diya-22ct-gold-uncut-polki-diamond-pendant-3\/","title":{"rendered":"Diya Koleksiyonu 22 Ayar Alt\u0131n Kolye"},"content":{"rendered":"<ul>\n<li>Kesilmemi\u015f Polki P\u0131rlantal\u0131 22 Ayar Alt\u0131n Kolye<\/li>\n<li>Kolyenin 22 ayar alt\u0131n a\u011f\u0131rl\u0131\u011f\u0131 10,2 gramd\u0131r<\/li>\n<li>Kesilmemi\u015f Polki Elmas a\u011f\u0131rl\u0131\u011f\u0131 2,06 Karat<\/li>\n<li>Kolye ucu zincirsiz gelir<\/li>\n<li>SKU. 32683<\/li>\n<\/ul>","protected":false},"excerpt":{"rendered":"<ul>\n<li>Kesilmemi\u015f Polki P\u0131rlantal\u0131 22 Ayar Alt\u0131n Kolye<\/li>\n<li>Kolyenin 22 ayar alt\u0131n a\u011f\u0131rl\u0131\u011f\u0131 10,2 gramd\u0131r<\/li>\n<li>Kesilmemi\u015f Polki Elmas a\u011f\u0131rl\u0131\u011f\u0131 2,06 Karat<\/li>\n<li>Kolye ucu zincirsiz gelir<\/li>\n<li>SKU. 32683<\/li>\n<li>T\u00fcm fiyatlara KDV dahildir<\/li>\n<li>22 ayar Alt\u0131n Londra Tahlil Ofisi taraf\u0131ndan damgalanm\u0131\u015ft\u0131r<\/li>\n<li>Sunum Kutusu ile Birlikte Gelir<\/li>\n<li>Teslimat Dahil<\/li>\n<li>\u015eu anda stokta bulunan Asya M\u00fccevher tasar\u0131mlar\u0131n\u0131n mevcudiyeti ve daha fazla g\u00f6rsel i\u00e7in bizimle canl\u0131 sohbet edin<\/li>\n<\/ul>","protected":false},"featured_media":313144,"comment_status":"open","ping_status":"closed","template":"","meta":{"_eb_attr":"","_crsspst_to_jayantr4sg-hostcom":false},"product_brand":[],"product_cat":[236,254,1770,1229,1255,1767,1574],"product_tag":[],"class_list":{"0":"post-313143","1":"product","2":"type-product","3":"status-publish","4":"has-post-thumbnail","6":"product_cat-collections","7":"product_cat-diya-collections","8":"product_cat-fancy-pendants","9":"product_cat-22ct-gold-jewellery","10":"product_cat-gold-pendants","11":"product_cat-ladies-pendants","12":"product_cat-womens-jewellery","14":"first","15":"outofstock","16":"taxable","17":"shipping-taxable","18":"product-type-simple","19":"add-to-wishlist-before_image"},"yoast_head":"<!-- This site is optimized with the Yoast SEO plugin v27.3 - https:\/\/yoast.com\/product\/yoast-seo-wordpress\/ -->\n<title>Diya Collection 22ct Gold Pendant - PureJewels UK<\/title>\n<meta name=\"robots\" content=\"index, follow, max-snippet:-1, max-image-preview:large, max-video-preview:-1\" \/>\n<link rel=\"canonical\" href=\"https:\/\/www.purejewels.com\/tr\/urun\/diya-22-ayar-altin-kesilmemis-polki-pirlanta-kolye-ucu-3\/\" \/>\n<meta property=\"og:locale\" content=\"tr_TR\" \/>\n<meta property=\"og:type\" content=\"article\" \/>\n<meta property=\"og:title\" content=\"Diya Collection 22ct Gold Pendant - PureJewels UK\" \/>\n<meta property=\"og:description\" content=\"22ct&nbsp;Gold Pendant&nbsp;With Uncut Polki DiamondsWeight of the pendant in 22ct gold is&nbsp; 10.2 grmsUncut Polki Diamond&nbsp; wt.&nbsp; 2.06 CaratsPendant comes without the chainSKU. 32683All prices include VAT22 carat Gold&nbsp;Hallmarked by London Assay OfficeComes With Presentation BoxDelivery IncludedLive chat with us for availability and more images of Asian Jewellery&nbsp; designs currently in stock\" \/>\n<meta property=\"og:url\" content=\"https:\/\/www.purejewels.com\/tr\/urun\/diya-22-ayar-altin-kesilmemis-polki-pirlanta-kolye-ucu-3\/\" \/>\n<meta property=\"og:site_name\" content=\"PureJewels UK\" \/>\n<meta property=\"article:modified_time\" content=\"2026-01-06T08:08:50+00:00\" \/>\n<meta property=\"og:image\" content=\"https:\/\/www.purejewels.com\/wp-content\/uploads\/2020\/03\/152824944.png\" \/>\n\t<meta property=\"og:image:width\" content=\"300\" \/>\n\t<meta property=\"og:image:height\" content=\"300\" \/>\n\t<meta property=\"og:image:type\" content=\"image\/png\" \/>\n<meta name=\"twitter:card\" content=\"summary_large_image\" \/>\n<script type=\"application\/ld+json\" class=\"yoast-schema-graph\">{\"@context\":\"https:\\\/\\\/schema.org\",\"@graph\":[{\"@type\":[\"WebPage\",\"ItemPage\"],\"@id\":\"https:\\\/\\\/www.purejewels.com\\\/product\\\/diya-22ct-gold-uncut-polki-diamond-pendant-3\\\/\",\"url\":\"https:\\\/\\\/www.purejewels.com\\\/product\\\/diya-22ct-gold-uncut-polki-diamond-pendant-3\\\/\",\"name\":\"Diya Collection 22ct Gold Pendant - PureJewels UK\",\"isPartOf\":{\"@id\":\"https:\\\/\\\/www.purejewels.com\\\/#website\"},\"primaryImageOfPage\":{\"@id\":\"https:\\\/\\\/www.purejewels.com\\\/product\\\/diya-22ct-gold-uncut-polki-diamond-pendant-3\\\/#primaryimage\"},\"image\":{\"@id\":\"https:\\\/\\\/www.purejewels.com\\\/product\\\/diya-22ct-gold-uncut-polki-diamond-pendant-3\\\/#primaryimage\"},\"thumbnailUrl\":\"https:\\\/\\\/static.purejewels.com\\\/wp-content\\\/uploads\\\/2020\\\/03\\\/152824944.png\",\"datePublished\":\"2020-03-19T08:15:36+00:00\",\"dateModified\":\"2026-01-06T08:08:50+00:00\",\"breadcrumb\":{\"@id\":\"https:\\\/\\\/www.purejewels.com\\\/product\\\/diya-22ct-gold-uncut-polki-diamond-pendant-3\\\/#breadcrumb\"},\"inLanguage\":\"tr\",\"potentialAction\":[{\"@type\":\"ReadAction\",\"target\":[\"https:\\\/\\\/www.purejewels.com\\\/product\\\/diya-22ct-gold-uncut-polki-diamond-pendant-3\\\/\"]}]},{\"@type\":\"ImageObject\",\"inLanguage\":\"tr\",\"@id\":\"https:\\\/\\\/www.purejewels.com\\\/product\\\/diya-22ct-gold-uncut-polki-diamond-pendant-3\\\/#primaryimage\",\"url\":\"https:\\\/\\\/static.purejewels.com\\\/wp-content\\\/uploads\\\/2020\\\/03\\\/152824944.png\",\"contentUrl\":\"https:\\\/\\\/static.purejewels.com\\\/wp-content\\\/uploads\\\/2020\\\/03\\\/152824944.png\",\"width\":300,\"height\":300,\"caption\":\"Diya 22ct Polki Heavy Pendant DYPN029\"},{\"@type\":\"BreadcrumbList\",\"@id\":\"https:\\\/\\\/www.purejewels.com\\\/product\\\/diya-22ct-gold-uncut-polki-diamond-pendant-3\\\/#breadcrumb\",\"itemListElement\":[{\"@type\":\"ListItem\",\"position\":1,\"name\":\"Home\",\"item\":\"https:\\\/\\\/www.purejewels.com\\\/\"},{\"@type\":\"ListItem\",\"position\":2,\"name\":\"Shop\",\"item\":\"https:\\\/\\\/www.purejewels.com\\\/shop\\\/\"},{\"@type\":\"ListItem\",\"position\":3,\"name\":\"Diya Collection 22ct Gold Pendant\"}]},{\"@type\":\"WebSite\",\"@id\":\"https:\\\/\\\/www.purejewels.com\\\/#website\",\"url\":\"https:\\\/\\\/www.purejewels.com\\\/\",\"name\":\"PureJewels UK\",\"description\":\"Share the Love\",\"publisher\":{\"@id\":\"https:\\\/\\\/www.purejewels.com\\\/#organization\"},\"potentialAction\":[{\"@type\":\"SearchAction\",\"target\":{\"@type\":\"EntryPoint\",\"urlTemplate\":\"https:\\\/\\\/www.purejewels.com\\\/?s={search_term_string}\"},\"query-input\":{\"@type\":\"PropertyValueSpecification\",\"valueRequired\":true,\"valueName\":\"search_term_string\"}}],\"inLanguage\":\"tr\"},{\"@type\":\"Organization\",\"@id\":\"https:\\\/\\\/www.purejewels.com\\\/#organization\",\"name\":\"PureJewels UK\",\"url\":\"https:\\\/\\\/www.purejewels.com\\\/\",\"logo\":{\"@type\":\"ImageObject\",\"inLanguage\":\"tr\",\"@id\":\"https:\\\/\\\/www.purejewels.com\\\/#\\\/schema\\\/logo\\\/image\\\/\",\"url\":\"https:\\\/\\\/static.purejewels.com\\\/wp-content\\\/uploads\\\/2020\\\/11\\\/Logo-PJ-New-1.png\",\"contentUrl\":\"https:\\\/\\\/static.purejewels.com\\\/wp-content\\\/uploads\\\/2020\\\/11\\\/Logo-PJ-New-1.png\",\"width\":150,\"height\":80,\"caption\":\"PureJewels UK\"},\"image\":{\"@id\":\"https:\\\/\\\/www.purejewels.com\\\/#\\\/schema\\\/logo\\\/image\\\/\"}}]}<\/script>\n<!-- \/ Yoast SEO plugin. -->","yoast_head_json":{"title":"Diya Koleksiyonu 22 Ayar Alt\u0131n Kolye - PureJewels UK","robots":{"index":"index","follow":"follow","max-snippet":"max-snippet:-1","max-image-preview":"max-image-preview:large","max-video-preview":"max-video-preview:-1"},"canonical":"https:\/\/www.purejewels.com\/tr\/urun\/diya-22-ayar-altin-kesilmemis-polki-pirlanta-kolye-ucu-3\/","og_locale":"tr_TR","og_type":"article","og_title":"Diya Collection 22ct Gold Pendant - PureJewels UK","og_description":"22ct&nbsp;Gold Pendant&nbsp;With Uncut Polki DiamondsWeight of the pendant in 22ct gold is&nbsp; 10.2 grmsUncut Polki Diamond&nbsp; wt.&nbsp; 2.06 CaratsPendant comes without the chainSKU. 32683All prices include VAT22 carat Gold&nbsp;Hallmarked by London Assay OfficeComes With Presentation BoxDelivery IncludedLive chat with us for availability and more images of Asian Jewellery&nbsp; designs currently in stock","og_url":"https:\/\/www.purejewels.com\/tr\/urun\/diya-22-ayar-altin-kesilmemis-polki-pirlanta-kolye-ucu-3\/","og_site_name":"PureJewels UK","article_modified_time":"2026-01-06T08:08:50+00:00","og_image":[{"width":300,"height":300,"url":"https:\/\/www.purejewels.com\/wp-content\/uploads\/2020\/03\/152824944.png","type":"image\/png"}],"twitter_card":"summary_large_image","schema":{"@context":"https:\/\/schema.org","@graph":[{"@type":["WebPage","ItemPage"],"@id":"https:\/\/www.purejewels.com\/product\/diya-22ct-gold-uncut-polki-diamond-pendant-3\/","url":"https:\/\/www.purejewels.com\/product\/diya-22ct-gold-uncut-polki-diamond-pendant-3\/","name":"Diya Koleksiyonu 22 Ayar Alt\u0131n Kolye - PureJewels UK","isPartOf":{"@id":"https:\/\/www.purejewels.com\/#website"},"primaryImageOfPage":{"@id":"https:\/\/www.purejewels.com\/product\/diya-22ct-gold-uncut-polki-diamond-pendant-3\/#primaryimage"},"image":{"@id":"https:\/\/www.purejewels.com\/product\/diya-22ct-gold-uncut-polki-diamond-pendant-3\/#primaryimage"},"thumbnailUrl":"https:\/\/static.purejewels.com\/wp-content\/uploads\/2020\/03\/152824944.png","datePublished":"2020-03-19T08:15:36+00:00","dateModified":"2026-01-06T08:08:50+00:00","breadcrumb":{"@id":"https:\/\/www.purejewels.com\/product\/diya-22ct-gold-uncut-polki-diamond-pendant-3\/#breadcrumb"},"inLanguage":"tr","potentialAction":[{"@type":"ReadAction","target":["https:\/\/www.purejewels.com\/product\/diya-22ct-gold-uncut-polki-diamond-pendant-3\/"]}]},{"@type":"ImageObject","inLanguage":"tr","@id":"https:\/\/www.purejewels.com\/product\/diya-22ct-gold-uncut-polki-diamond-pendant-3\/#primaryimage","url":"https:\/\/static.purejewels.com\/wp-content\/uploads\/2020\/03\/152824944.png","contentUrl":"https:\/\/static.purejewels.com\/wp-content\/uploads\/2020\/03\/152824944.png","width":300,"height":300,"caption":"Diya 22ct Polki Heavy Pendant DYPN029"},{"@type":"BreadcrumbList","@id":"https:\/\/www.purejewels.com\/product\/diya-22ct-gold-uncut-polki-diamond-pendant-3\/#breadcrumb","itemListElement":[{"@type":"ListItem","position":1,"name":"Home","item":"https:\/\/www.purejewels.com\/"},{"@type":"ListItem","position":2,"name":"Shop","item":"https:\/\/www.purejewels.com\/shop\/"},{"@type":"ListItem","position":3,"name":"Diya Collection 22ct Gold Pendant"}]},{"@type":"WebSite","@id":"https:\/\/www.purejewels.com\/#website","url":"https:\/\/www.purejewels.com\/","name":"PureJewels \u0130ngiltere","description":"Sevgiyi Payla\u015f\u0131n","publisher":{"@id":"https:\/\/www.purejewels.com\/#organization"},"potentialAction":[{"@type":"SearchAction","target":{"@type":"EntryPoint","urlTemplate":"https:\/\/www.purejewels.com\/?s={search_term_string}"},"query-input":{"@type":"PropertyValueSpecification","valueRequired":true,"valueName":"search_term_string"}}],"inLanguage":"tr"},{"@type":"Organization","@id":"https:\/\/www.purejewels.com\/#organization","name":"PureJewels \u0130ngiltere","url":"https:\/\/www.purejewels.com\/","logo":{"@type":"ImageObject","inLanguage":"tr","@id":"https:\/\/www.purejewels.com\/#\/schema\/logo\/image\/","url":"https:\/\/static.purejewels.com\/wp-content\/uploads\/2020\/11\/Logo-PJ-New-1.png","contentUrl":"https:\/\/static.purejewels.com\/wp-content\/uploads\/2020\/11\/Logo-PJ-New-1.png","width":150,"height":80,"caption":"PureJewels UK"},"image":{"@id":"https:\/\/www.purejewels.com\/#\/schema\/logo\/image\/"}}]}},"_links":{"self":[{"href":"https:\/\/www.purejewels.com\/tr\/wp-json\/wp\/v2\/product\/313143","targetHints":{"allow":["GET"]}}],"collection":[{"href":"https:\/\/www.purejewels.com\/tr\/wp-json\/wp\/v2\/product"}],"about":[{"href":"https:\/\/www.purejewels.com\/tr\/wp-json\/wp\/v2\/types\/product"}],"replies":[{"embeddable":true,"href":"https:\/\/www.purejewels.com\/tr\/wp-json\/wp\/v2\/comments?post=313143"}],"version-history":[{"count":0,"href":"https:\/\/www.purejewels.com\/tr\/wp-json\/wp\/v2\/product\/313143\/revisions"}],"wp:featuredmedia":[{"embeddable":true,"href":"https:\/\/www.purejewels.com\/tr\/wp-json\/wp\/v2\/media\/313144"}],"wp:attachment":[{"href":"https:\/\/www.purejewels.com\/tr\/wp-json\/wp\/v2\/media?parent=313143"}],"wp:term":[{"taxonomy":"product_brand","embeddable":true,"href":"https:\/\/www.purejewels.com\/tr\/wp-json\/wp\/v2\/product_brand?post=313143"},{"taxonomy":"product_cat","embeddable":true,"href":"https:\/\/www.purejewels.com\/tr\/wp-json\/wp\/v2\/product_cat?post=313143"},{"taxonomy":"product_tag","embeddable":true,"href":"https:\/\/www.purejewels.com\/tr\/wp-json\/wp\/v2\/product_tag?post=313143"}],"curies":[{"name":"wp","href":"https:\/\/api.w.org\/{rel}","templated":true}]}}