{"id":313728,"date":"2020-04-21T11:07:09","date_gmt":"2020-04-21T10:07:09","guid":{"rendered":"https:\/\/www.purejewels.com\/?post_type=product&#038;p=313728"},"modified":"2026-01-06T09:51:07","modified_gmt":"2026-01-06T09:51:07","slug":"22-ayar-hint-altin-bebek-bilekligi-31023","status":"publish","type":"product","link":"https:\/\/www.purejewels.com\/tr\/product\/22ct-indian-gold-baby-bracelet-31023\/","title":{"rendered":"22 ayar alt\u0131n bebek bilezi\u011fi \u2013 K\u00fc\u00e7\u00fckler i\u00e7in hafif"},"content":{"rendered":"<p><strong>Tasar\u0131m<\/strong><\/p>\n<p>Bu sevimli bebek bilezi\u011fi, zarafet ve rahatl\u0131\u011f\u0131 g\u00f6z \u00f6n\u00fcnde bulundurarak \u00f6zenle tasarlanm\u0131\u015f, saf 22 ayar alt\u0131ndan yap\u0131lm\u0131\u015ft\u0131r. Minimalist tasar\u0131m\u0131 sayesinde hem erkek hem de k\u0131z bebekler i\u00e7in uygundur ve narin yap\u0131s\u0131 sayesinde bebe\u011fin bile\u011fine nazik\u00e7e oturur.<\/p>\n<p><strong>Zanaatkarl\u0131k<\/strong><\/p>\n<p>Usta zanaatkarlar taraf\u0131ndan ustaca el i\u015f\u00e7ili\u011fi ile \u00fcretilen bilezik, tahri\u015fi \u00f6nlemek i\u00e7in yuvarlat\u0131lm\u0131\u015f kenarlara ve p\u00fcr\u00fczs\u00fcz bir y\u00fczeye sahiptir. Hipoalerjenik alt\u0131n ve g\u00fcvenli ancak kullan\u0131m\u0131 kolay bir toka ile \u00fcretilen bilezik, l\u00fcks g\u00f6r\u00fcn\u00fcm\u00fcn\u00fc korurken hassas bebek cildine nazik davranacak \u015fekilde tasarlanm\u0131\u015ft\u0131r.<\/p>\n<p><strong>Stil<\/strong><\/p>\n<p>Bebek partisi, isim koyma t\u00f6reni veya do\u011fum g\u00fcn\u00fc hediyesi olarak, bu bilezik zamans\u0131z bir sevgi ve bereket simgesidir. Hafif ve \u015f\u0131k olan bu bilezik, g\u00fcnl\u00fck olarak tak\u0131labilir veya y\u0131llarca saklanacak de\u011ferli bir hat\u0131ra olarak saklanabilir. PureJewels'tan duygu ve stilin m\u00fckemmel bir kar\u0131\u015f\u0131m\u0131.<\/p>","protected":false},"excerpt":{"rendered":"<p>Bebekler i\u00e7in tasarlanm\u0131\u015f narin 22 ayar alt\u0131n bilezik \u2013 g\u00fcvenli, p\u00fcr\u00fczs\u00fcz ve g\u00fcnl\u00fck kullan\u0131m i\u00e7in rahat.<\/p>\n<ul>\n<li>Yeni do\u011fan bebek i\u00e7in 22 ayar alt\u0131n bileklik.<\/li>\n<li>\u00c7ocuklar, \u00c7ocuklar, \u00c7ocuk, Bebek, Yeni Do\u011fan i\u00e7in uygundur.<\/li>\n<li>22 ayar damgal\u0131 \u00e7ocuk alt\u0131n tak\u0131lar\u0131.<\/li>\n<li>Yakla\u015f\u0131k Uzunluk: 5 \u0130n\u00e7<\/li>\n<li>A\u011f\u0131rl\u0131k: 2,2 gms<\/li>\n<li>SKU. 31023<\/li>\n<li>T\u00fcm fiyatlara KDV dahildir<\/li>\n<li>Londra Tahlil Ofisi Taraf\u0131ndan Damgalanm\u0131\u015f 22 Ayar Alt\u0131n<\/li>\n<li>Sunum Kutusu ile Birlikte Gelir<\/li>\n<li>Teslimat Dahil<\/li>\n<li>Stok durumu ve stokta bulunan benzer tasar\u0131mlar\u0131n daha fazla g\u00f6r\u00fcnt\u00fcs\u00fc i\u00e7in bizimle canl\u0131 sohbet edin<\/li>\n<\/ul>","protected":false},"featured_media":315474,"comment_status":"closed","ping_status":"closed","template":"","meta":{"_eb_attr":"","_crsspst_to_jayantr4sg-hostcom":false},"product_brand":[],"product_cat":[1576,1436],"product_tag":[],"class_list":{"0":"post-313728","1":"product","2":"type-product","3":"status-publish","4":"has-post-thumbnail","6":"product_cat-childrens-jewellery","7":"product_cat-kids-bracelet-kada","9":"first","10":"outofstock","11":"featured","12":"taxable","13":"shipping-taxable","14":"product-type-simple","15":"add-to-wishlist-before_image"},"yoast_head":"<!-- This site is optimized with the Yoast SEO plugin v27.3 - https:\/\/yoast.com\/product\/yoast-seo-wordpress\/ -->\n<title>22ct Gold Baby Bracelet for Boys &amp; Girls | PureJewels UK<\/title>\n<meta name=\"description\" content=\"Discover PureJewels&#039; 22ct Gold Baby Bracelet \u2013 a lightweight, comfortable, and safe gold bracelet specially designed for newborns and toddlers.\" \/>\n<meta name=\"robots\" content=\"index, follow, max-snippet:-1, max-image-preview:large, max-video-preview:-1\" \/>\n<link rel=\"canonical\" href=\"https:\/\/www.purejewels.com\/tr\/urun\/22-ayar-hint-altin-bebek-bilekligi-31023\/\" \/>\n<meta property=\"og:locale\" content=\"tr_TR\" \/>\n<meta property=\"og:type\" content=\"article\" \/>\n<meta property=\"og:title\" content=\"22ct Gold Baby Bracelet for Boys &amp; Girls | PureJewels UK\" \/>\n<meta property=\"og:description\" content=\"Discover PureJewels&#039; 22ct Gold Baby Bracelet \u2013 a lightweight, comfortable, and safe gold bracelet specially designed for newborns and toddlers.\" \/>\n<meta property=\"og:url\" content=\"https:\/\/www.purejewels.com\/tr\/urun\/22-ayar-hint-altin-bebek-bilekligi-31023\/\" \/>\n<meta property=\"og:site_name\" content=\"PureJewels UK\" \/>\n<meta property=\"article:modified_time\" content=\"2026-01-06T09:51:07+00:00\" \/>\n<meta property=\"og:image\" content=\"https:\/\/static.purejewels.com\/wp-content\/uploads\/2020\/04\/22984_1_r.png\" \/>\n\t<meta property=\"og:image:width\" content=\"1000\" \/>\n\t<meta property=\"og:image:height\" content=\"1000\" \/>\n\t<meta property=\"og:image:type\" content=\"image\/png\" \/>\n<meta name=\"twitter:card\" content=\"summary_large_image\" \/>\n<meta name=\"twitter:label1\" content=\"Tahmini okuma s\u00fcresi\" \/>\n\t<meta name=\"twitter:data1\" content=\"1 dakika\" \/>\n<script type=\"application\/ld+json\" class=\"yoast-schema-graph\">{\"@context\":\"https:\\\/\\\/schema.org\",\"@graph\":[{\"@type\":[\"WebPage\",\"ItemPage\"],\"@id\":\"https:\\\/\\\/www.purejewels.com\\\/product\\\/22ct-indian-gold-baby-bracelet-31023\\\/\",\"url\":\"https:\\\/\\\/www.purejewels.com\\\/product\\\/22ct-indian-gold-baby-bracelet-31023\\\/\",\"name\":\"22ct Gold Baby Bracelet for Boys & Girls | PureJewels UK\",\"isPartOf\":{\"@id\":\"https:\\\/\\\/www.purejewels.com\\\/#website\"},\"primaryImageOfPage\":{\"@id\":\"https:\\\/\\\/www.purejewels.com\\\/product\\\/22ct-indian-gold-baby-bracelet-31023\\\/#primaryimage\"},\"image\":{\"@id\":\"https:\\\/\\\/www.purejewels.com\\\/product\\\/22ct-indian-gold-baby-bracelet-31023\\\/#primaryimage\"},\"thumbnailUrl\":\"https:\\\/\\\/static.purejewels.com\\\/wp-content\\\/uploads\\\/2020\\\/04\\\/22984_1_r.png\",\"datePublished\":\"2020-04-21T10:07:09+00:00\",\"dateModified\":\"2026-01-06T09:51:07+00:00\",\"description\":\"Discover PureJewels' 22ct Gold Baby Bracelet \u2013 a lightweight, comfortable, and safe gold bracelet specially designed for newborns and toddlers.\",\"breadcrumb\":{\"@id\":\"https:\\\/\\\/www.purejewels.com\\\/product\\\/22ct-indian-gold-baby-bracelet-31023\\\/#breadcrumb\"},\"inLanguage\":\"tr\",\"potentialAction\":[{\"@type\":\"ReadAction\",\"target\":[\"https:\\\/\\\/www.purejewels.com\\\/product\\\/22ct-indian-gold-baby-bracelet-31023\\\/\"]}]},{\"@type\":\"ImageObject\",\"inLanguage\":\"tr\",\"@id\":\"https:\\\/\\\/www.purejewels.com\\\/product\\\/22ct-indian-gold-baby-bracelet-31023\\\/#primaryimage\",\"url\":\"https:\\\/\\\/static.purejewels.com\\\/wp-content\\\/uploads\\\/2020\\\/04\\\/22984_1_r.png\",\"contentUrl\":\"https:\\\/\\\/static.purejewels.com\\\/wp-content\\\/uploads\\\/2020\\\/04\\\/22984_1_r.png\",\"width\":1000,\"height\":1000},{\"@type\":\"BreadcrumbList\",\"@id\":\"https:\\\/\\\/www.purejewels.com\\\/product\\\/22ct-indian-gold-baby-bracelet-31023\\\/#breadcrumb\",\"itemListElement\":[{\"@type\":\"ListItem\",\"position\":1,\"name\":\"Home\",\"item\":\"https:\\\/\\\/www.purejewels.com\\\/\"},{\"@type\":\"ListItem\",\"position\":2,\"name\":\"Shop\",\"item\":\"https:\\\/\\\/www.purejewels.com\\\/shop\\\/\"},{\"@type\":\"ListItem\",\"position\":3,\"name\":\"22ct Gold Baby Bracelet \u2013 Lightweight for Little Ones\"}]},{\"@type\":\"WebSite\",\"@id\":\"https:\\\/\\\/www.purejewels.com\\\/#website\",\"url\":\"https:\\\/\\\/www.purejewels.com\\\/\",\"name\":\"PureJewels UK\",\"description\":\"Share the Love\",\"publisher\":{\"@id\":\"https:\\\/\\\/www.purejewels.com\\\/#organization\"},\"potentialAction\":[{\"@type\":\"SearchAction\",\"target\":{\"@type\":\"EntryPoint\",\"urlTemplate\":\"https:\\\/\\\/www.purejewels.com\\\/?s={search_term_string}\"},\"query-input\":{\"@type\":\"PropertyValueSpecification\",\"valueRequired\":true,\"valueName\":\"search_term_string\"}}],\"inLanguage\":\"tr\"},{\"@type\":\"Organization\",\"@id\":\"https:\\\/\\\/www.purejewels.com\\\/#organization\",\"name\":\"PureJewels UK\",\"url\":\"https:\\\/\\\/www.purejewels.com\\\/\",\"logo\":{\"@type\":\"ImageObject\",\"inLanguage\":\"tr\",\"@id\":\"https:\\\/\\\/www.purejewels.com\\\/#\\\/schema\\\/logo\\\/image\\\/\",\"url\":\"https:\\\/\\\/static.purejewels.com\\\/wp-content\\\/uploads\\\/2020\\\/11\\\/Logo-PJ-New-1.png\",\"contentUrl\":\"https:\\\/\\\/static.purejewels.com\\\/wp-content\\\/uploads\\\/2020\\\/11\\\/Logo-PJ-New-1.png\",\"width\":150,\"height\":80,\"caption\":\"PureJewels UK\"},\"image\":{\"@id\":\"https:\\\/\\\/www.purejewels.com\\\/#\\\/schema\\\/logo\\\/image\\\/\"}}]}<\/script>\n<!-- \/ Yoast SEO plugin. -->","yoast_head_json":{"title":"22 ayar alt\u0131n erkek ve k\u0131z bebek bilezi\u011fi | PureJewels UK","description":"PureJewels'\u0131n 22 ayar alt\u0131n bebek bilezi\u011fini ke\u015ffedin \u2013 yeni do\u011fanlar ve k\u00fc\u00e7\u00fck \u00e7ocuklar i\u00e7in \u00f6zel olarak tasarlanm\u0131\u015f hafif, rahat ve g\u00fcvenli bir alt\u0131n bilezik.","robots":{"index":"index","follow":"follow","max-snippet":"max-snippet:-1","max-image-preview":"max-image-preview:large","max-video-preview":"max-video-preview:-1"},"canonical":"https:\/\/www.purejewels.com\/tr\/urun\/22-ayar-hint-altin-bebek-bilekligi-31023\/","og_locale":"tr_TR","og_type":"article","og_title":"22ct Gold Baby Bracelet for Boys & Girls | PureJewels UK","og_description":"Discover PureJewels' 22ct Gold Baby Bracelet \u2013 a lightweight, comfortable, and safe gold bracelet specially designed for newborns and toddlers.","og_url":"https:\/\/www.purejewels.com\/tr\/urun\/22-ayar-hint-altin-bebek-bilekligi-31023\/","og_site_name":"PureJewels UK","article_modified_time":"2026-01-06T09:51:07+00:00","og_image":[{"width":1000,"height":1000,"url":"https:\/\/static.purejewels.com\/wp-content\/uploads\/2020\/04\/22984_1_r.png","type":"image\/png"}],"twitter_card":"summary_large_image","twitter_misc":{"Tahmini okuma s\u00fcresi":"1 dakika"},"schema":{"@context":"https:\/\/schema.org","@graph":[{"@type":["WebPage","ItemPage"],"@id":"https:\/\/www.purejewels.com\/product\/22ct-indian-gold-baby-bracelet-31023\/","url":"https:\/\/www.purejewels.com\/product\/22ct-indian-gold-baby-bracelet-31023\/","name":"22 ayar alt\u0131n erkek ve k\u0131z bebek bilezi\u011fi | PureJewels UK","isPartOf":{"@id":"https:\/\/www.purejewels.com\/#website"},"primaryImageOfPage":{"@id":"https:\/\/www.purejewels.com\/product\/22ct-indian-gold-baby-bracelet-31023\/#primaryimage"},"image":{"@id":"https:\/\/www.purejewels.com\/product\/22ct-indian-gold-baby-bracelet-31023\/#primaryimage"},"thumbnailUrl":"https:\/\/static.purejewels.com\/wp-content\/uploads\/2020\/04\/22984_1_r.png","datePublished":"2020-04-21T10:07:09+00:00","dateModified":"2026-01-06T09:51:07+00:00","description":"PureJewels'\u0131n 22 ayar alt\u0131n bebek bilezi\u011fini ke\u015ffedin \u2013 yeni do\u011fanlar ve k\u00fc\u00e7\u00fck \u00e7ocuklar i\u00e7in \u00f6zel olarak tasarlanm\u0131\u015f hafif, rahat ve g\u00fcvenli bir alt\u0131n bilezik.","breadcrumb":{"@id":"https:\/\/www.purejewels.com\/product\/22ct-indian-gold-baby-bracelet-31023\/#breadcrumb"},"inLanguage":"tr","potentialAction":[{"@type":"ReadAction","target":["https:\/\/www.purejewels.com\/product\/22ct-indian-gold-baby-bracelet-31023\/"]}]},{"@type":"ImageObject","inLanguage":"tr","@id":"https:\/\/www.purejewels.com\/product\/22ct-indian-gold-baby-bracelet-31023\/#primaryimage","url":"https:\/\/static.purejewels.com\/wp-content\/uploads\/2020\/04\/22984_1_r.png","contentUrl":"https:\/\/static.purejewels.com\/wp-content\/uploads\/2020\/04\/22984_1_r.png","width":1000,"height":1000},{"@type":"BreadcrumbList","@id":"https:\/\/www.purejewels.com\/product\/22ct-indian-gold-baby-bracelet-31023\/#breadcrumb","itemListElement":[{"@type":"ListItem","position":1,"name":"Home","item":"https:\/\/www.purejewels.com\/"},{"@type":"ListItem","position":2,"name":"Shop","item":"https:\/\/www.purejewels.com\/shop\/"},{"@type":"ListItem","position":3,"name":"22ct Gold Baby Bracelet \u2013 Lightweight for Little Ones"}]},{"@type":"WebSite","@id":"https:\/\/www.purejewels.com\/#website","url":"https:\/\/www.purejewels.com\/","name":"PureJewels \u0130ngiltere","description":"Sevgiyi Payla\u015f\u0131n","publisher":{"@id":"https:\/\/www.purejewels.com\/#organization"},"potentialAction":[{"@type":"SearchAction","target":{"@type":"EntryPoint","urlTemplate":"https:\/\/www.purejewels.com\/?s={search_term_string}"},"query-input":{"@type":"PropertyValueSpecification","valueRequired":true,"valueName":"search_term_string"}}],"inLanguage":"tr"},{"@type":"Organization","@id":"https:\/\/www.purejewels.com\/#organization","name":"PureJewels \u0130ngiltere","url":"https:\/\/www.purejewels.com\/","logo":{"@type":"ImageObject","inLanguage":"tr","@id":"https:\/\/www.purejewels.com\/#\/schema\/logo\/image\/","url":"https:\/\/static.purejewels.com\/wp-content\/uploads\/2020\/11\/Logo-PJ-New-1.png","contentUrl":"https:\/\/static.purejewels.com\/wp-content\/uploads\/2020\/11\/Logo-PJ-New-1.png","width":150,"height":80,"caption":"PureJewels UK"},"image":{"@id":"https:\/\/www.purejewels.com\/#\/schema\/logo\/image\/"}}]}},"_links":{"self":[{"href":"https:\/\/www.purejewels.com\/tr\/wp-json\/wp\/v2\/product\/313728","targetHints":{"allow":["GET"]}}],"collection":[{"href":"https:\/\/www.purejewels.com\/tr\/wp-json\/wp\/v2\/product"}],"about":[{"href":"https:\/\/www.purejewels.com\/tr\/wp-json\/wp\/v2\/types\/product"}],"replies":[{"embeddable":true,"href":"https:\/\/www.purejewels.com\/tr\/wp-json\/wp\/v2\/comments?post=313728"}],"version-history":[{"count":2,"href":"https:\/\/www.purejewels.com\/tr\/wp-json\/wp\/v2\/product\/313728\/revisions"}],"predecessor-version":[{"id":424098,"href":"https:\/\/www.purejewels.com\/tr\/wp-json\/wp\/v2\/product\/313728\/revisions\/424098"}],"wp:featuredmedia":[{"embeddable":true,"href":"https:\/\/www.purejewels.com\/tr\/wp-json\/wp\/v2\/media\/315474"}],"wp:attachment":[{"href":"https:\/\/www.purejewels.com\/tr\/wp-json\/wp\/v2\/media?parent=313728"}],"wp:term":[{"taxonomy":"product_brand","embeddable":true,"href":"https:\/\/www.purejewels.com\/tr\/wp-json\/wp\/v2\/product_brand?post=313728"},{"taxonomy":"product_cat","embeddable":true,"href":"https:\/\/www.purejewels.com\/tr\/wp-json\/wp\/v2\/product_cat?post=313728"},{"taxonomy":"product_tag","embeddable":true,"href":"https:\/\/www.purejewels.com\/tr\/wp-json\/wp\/v2\/product_tag?post=313728"}],"curies":[{"name":"wp","href":"https:\/\/api.w.org\/{rel}","templated":true}]}}