{"id":313729,"date":"2020-04-21T12:16:23","date_gmt":"2020-04-21T11:16:23","guid":{"rendered":"https:\/\/www.purejewels.com\/?post_type=product&#038;p=313729"},"modified":"2026-01-06T09:51:07","modified_gmt":"2026-01-06T09:51:07","slug":"22-ayar-hint-altin-bebek-bilezigi-5","status":"publish","type":"product","link":"https:\/\/www.purejewels.com\/tr\/product\/22ct-indian-gold-baby-bracelet-5\/","title":{"rendered":"22 Ayar Hint Alt\u0131n\u0131 Bebek Bilekli\u011fi"},"content":{"rendered":"<p data-start=\"541\" data-end=\"991\"><strong data-start=\"541\" data-end=\"559\">Tasar\u0131m Konsepti<\/strong><\/p>\n<p data-start=\"541\" data-end=\"991\">K\u00f6kleri as\u0131rl\u0131k Hint geleneklerine dayanan bu bebek bilekli\u011fi sadece s\u00fcslenmek i\u00e7in de\u011fil, ayn\u0131 zamanda koruma ve bereket sembol\u00fc olarak tasarlanm\u0131\u015ft\u0131r. Siyah boncuklar ve cilal\u0131 alt\u0131n k\u00fcrelerden olu\u015fan d\u00f6n\u00fc\u015f\u00fcml\u00fc desen, yeni ba\u015flang\u0131\u00e7lar\u0131 kutlarken olumsuzluklar\u0131 uzakla\u015ft\u0131rman\u0131n k\u00fclt\u00fcrel \u00f6nemini yans\u0131tmaktad\u0131r. Bereket ve ne\u015feyi simgeleyen oymal\u0131 alt\u0131n detaylara sahip merkezi motif, yeni do\u011fanlar ve k\u00fc\u00e7\u00fck \u00e7ocuklar i\u00e7in de\u011ferli bir hediyedir.<\/p>\n<p data-start=\"998\" data-end=\"1423\"><strong data-start=\"998\" data-end=\"1015\">Zanaatkarl\u0131k<\/strong><\/p>\n<p data-start=\"998\" data-end=\"1423\">Saf 22 ayar alt\u0131ndan el yap\u0131m\u0131 olarak \u00fcretilen bu bileklik hem hafif hem de g\u00fcvenlidir; hassas bebek cildi i\u00e7in idealdir. Her bir alt\u0131n boncu\u011fun ince detaylar\u0131, parlat\u0131lm\u0131\u015f siyah vurgularla e\u015fle\u015ftirilerek titiz bir sanat sergiler. Daha fazla g\u00fcvenlik i\u00e7in vidal\u0131 kilitli bir tokaya sahiptir ve bilezi\u011fin g\u00fcn boyunca rahat\u00e7a yerinde kalmas\u0131n\u0131 sa\u011flar. Safl\u0131k ve orijinallik i\u00e7in damgalanm\u0131\u015f olan bu bileklik, kal\u0131c\u0131 olmas\u0131 i\u00e7in yap\u0131lm\u0131\u015f bir hat\u0131rad\u0131r.<\/p>\n<p data-start=\"1430\" data-end=\"1782\"><strong data-start=\"1430\" data-end=\"1447\">Stil Fikirleri<\/strong><\/p>\n<p data-start=\"1430\" data-end=\"1782\">Bu bileklik, bebek isimlendirme t\u00f6renleri, do\u011fum g\u00fcnleri veya b\u00fcy\u00fckanne ve b\u00fcy\u00fckbabalar ile vaftiz ebeveynleri i\u00e7in d\u00fc\u015f\u00fcnceli bir hediye olarak m\u00fckemmeldir. G\u00fcnl\u00fck olarak tak\u0131labilir veya \u00f6zel g\u00fcnler i\u00e7in ayr\u0131labilir, geleneksel k\u0131yafetlerle veya yumu\u015fak pamuklu bebek k\u0131yafetleriyle e\u015fle\u015ftirilebilir. \u0130lerleyen y\u0131llarda bir an\u0131 par\u00e7as\u0131 olarak saklanabilir, hatta bir t\u0131ls\u0131m ya da kolyeye d\u00f6n\u00fc\u015ft\u00fcr\u00fclebilir.<\/p>","protected":false},"excerpt":{"rendered":"<ul>\n<li>Yeni do\u011fan bebek i\u00e7in 22 ayar alt\u0131n mania tak\u0131 bileklik.<\/li>\n<li>\u00c7ocuklar, \u00c7ocuklar, \u00c7ocuk, Bebek, Yeni Do\u011fan i\u00e7in uygundur.<\/li>\n<li>22 ayar damgal\u0131 \u00e7ocuk alt\u0131n tak\u0131lar\u0131.<\/li>\n<li>Yakla\u015f\u0131k Uzunluk: 5,5 \u0130n\u00e7 veya 14 cm.<\/li>\n<li>A\u011f\u0131rl\u0131k: 2,7 gms<\/li>\n<li>SKU. 32708<\/li>\n<li>T\u00fcm fiyatlara KDV dahildir<\/li>\n<li>Londra Tahlil Ofisi Taraf\u0131ndan Damgalanm\u0131\u015f 22 Ayar Alt\u0131n<\/li>\n<li>Sunum Kutusu ile Birlikte Gelir<\/li>\n<li>Teslimat Dahil<\/li>\n<li>Stok durumu ve stokta bulunan benzer tasar\u0131mlar\u0131n daha fazla g\u00f6r\u00fcnt\u00fcs\u00fc i\u00e7in bizimle canl\u0131 sohbet edin<\/li>\n<\/ul>","protected":false},"featured_media":302449,"comment_status":"closed","ping_status":"closed","template":"","meta":{"_eb_attr":"","_crsspst_to_jayantr4sg-hostcom":false},"product_brand":[],"product_cat":[1576,1436],"product_tag":[1546],"class_list":{"0":"post-313729","1":"product","2":"type-product","3":"status-publish","4":"has-post-thumbnail","6":"product_cat-childrens-jewellery","7":"product_cat-kids-bracelet-kada","8":"product_tag-children","10":"first","11":"outofstock","12":"featured","13":"taxable","14":"shipping-taxable","15":"product-type-variable","16":"add-to-wishlist-before_image"},"yoast_head":"<!-- This site is optimized with the Yoast SEO plugin v27.6 - https:\/\/yoast.com\/product\/yoast-seo-wordpress\/ -->\n<title>22ct Indian Gold Baby Bracelet | PureJewels UK<\/title>\n<meta name=\"description\" content=\"Shop PureJewels&#039; 22ct Indian Gold Baby Bracelet \u2013 a beautiful and traditional gold bracelet designed especially for infants with secure and safe craftsmanship.\" \/>\n<meta name=\"robots\" content=\"index, follow, max-snippet:-1, max-image-preview:large, max-video-preview:-1\" \/>\n<link rel=\"canonical\" href=\"https:\/\/www.purejewels.com\/tr\/urun\/22-ayar-hint-altin-bebek-bilezigi-5\/\" \/>\n<meta property=\"og:locale\" content=\"tr_TR\" \/>\n<meta property=\"og:type\" content=\"article\" \/>\n<meta property=\"og:title\" content=\"22ct Indian Gold Baby Bracelet | PureJewels UK\" \/>\n<meta property=\"og:description\" content=\"Shop PureJewels&#039; 22ct Indian Gold Baby Bracelet \u2013 a beautiful and traditional gold bracelet designed especially for infants with secure and safe craftsmanship.\" \/>\n<meta property=\"og:url\" content=\"https:\/\/www.purejewels.com\/tr\/urun\/22-ayar-hint-altin-bebek-bilezigi-5\/\" \/>\n<meta property=\"og:site_name\" content=\"PureJewels UK\" \/>\n<meta property=\"article:modified_time\" content=\"2026-01-06T09:51:07+00:00\" \/>\n<meta property=\"og:image\" content=\"https:\/\/static.purejewels.com\/wp-content\/uploads\/2018\/08\/27205-1.png\" \/>\n\t<meta property=\"og:image:width\" content=\"1000\" \/>\n\t<meta property=\"og:image:height\" content=\"1000\" \/>\n\t<meta property=\"og:image:type\" content=\"image\/png\" \/>\n<meta name=\"twitter:card\" content=\"summary_large_image\" \/>\n<meta name=\"twitter:label1\" content=\"Tahmini okuma s\u00fcresi\" \/>\n\t<meta name=\"twitter:data1\" content=\"2 dakika\" \/>\n<script type=\"application\/ld+json\" class=\"yoast-schema-graph\">{\"@context\":\"https:\\\/\\\/schema.org\",\"@graph\":[{\"@type\":[\"WebPage\",\"ItemPage\"],\"@id\":\"https:\\\/\\\/www.purejewels.com\\\/product\\\/22ct-indian-gold-baby-bracelet-5\\\/\",\"url\":\"https:\\\/\\\/www.purejewels.com\\\/product\\\/22ct-indian-gold-baby-bracelet-5\\\/\",\"name\":\"22ct Indian Gold Baby Bracelet | PureJewels UK\",\"isPartOf\":{\"@id\":\"https:\\\/\\\/www.purejewels.com\\\/#website\"},\"primaryImageOfPage\":{\"@id\":\"https:\\\/\\\/www.purejewels.com\\\/product\\\/22ct-indian-gold-baby-bracelet-5\\\/#primaryimage\"},\"image\":{\"@id\":\"https:\\\/\\\/www.purejewels.com\\\/product\\\/22ct-indian-gold-baby-bracelet-5\\\/#primaryimage\"},\"thumbnailUrl\":\"https:\\\/\\\/static.purejewels.com\\\/wp-content\\\/uploads\\\/2018\\\/08\\\/27205-1.png\",\"datePublished\":\"2020-04-21T11:16:23+00:00\",\"dateModified\":\"2026-01-06T09:51:07+00:00\",\"description\":\"Shop PureJewels' 22ct Indian Gold Baby Bracelet \u2013 a beautiful and traditional gold bracelet designed especially for infants with secure and safe craftsmanship.\",\"breadcrumb\":{\"@id\":\"https:\\\/\\\/www.purejewels.com\\\/product\\\/22ct-indian-gold-baby-bracelet-5\\\/#breadcrumb\"},\"inLanguage\":\"tr\",\"potentialAction\":[{\"@type\":\"ReadAction\",\"target\":[\"https:\\\/\\\/www.purejewels.com\\\/product\\\/22ct-indian-gold-baby-bracelet-5\\\/\"]}]},{\"@type\":\"ImageObject\",\"inLanguage\":\"tr\",\"@id\":\"https:\\\/\\\/www.purejewels.com\\\/product\\\/22ct-indian-gold-baby-bracelet-5\\\/#primaryimage\",\"url\":\"https:\\\/\\\/static.purejewels.com\\\/wp-content\\\/uploads\\\/2018\\\/08\\\/27205-1.png\",\"contentUrl\":\"https:\\\/\\\/static.purejewels.com\\\/wp-content\\\/uploads\\\/2018\\\/08\\\/27205-1.png\",\"width\":1000,\"height\":1000,\"caption\":\"27205-1\"},{\"@type\":\"BreadcrumbList\",\"@id\":\"https:\\\/\\\/www.purejewels.com\\\/product\\\/22ct-indian-gold-baby-bracelet-5\\\/#breadcrumb\",\"itemListElement\":[{\"@type\":\"ListItem\",\"position\":1,\"name\":\"Home\",\"item\":\"https:\\\/\\\/www.purejewels.com\\\/\"},{\"@type\":\"ListItem\",\"position\":2,\"name\":\"Shop\",\"item\":\"https:\\\/\\\/www.purejewels.com\\\/shop\\\/\"},{\"@type\":\"ListItem\",\"position\":3,\"name\":\"22ct Indian Gold Baby Bracelet\"}]},{\"@type\":\"WebSite\",\"@id\":\"https:\\\/\\\/www.purejewels.com\\\/#website\",\"url\":\"https:\\\/\\\/www.purejewels.com\\\/\",\"name\":\"PureJewels UK\",\"description\":\"Share the Love\",\"publisher\":{\"@id\":\"https:\\\/\\\/www.purejewels.com\\\/#organization\"},\"potentialAction\":[{\"@type\":\"SearchAction\",\"target\":{\"@type\":\"EntryPoint\",\"urlTemplate\":\"https:\\\/\\\/www.purejewels.com\\\/?s={search_term_string}\"},\"query-input\":{\"@type\":\"PropertyValueSpecification\",\"valueRequired\":true,\"valueName\":\"search_term_string\"}}],\"inLanguage\":\"tr\"},{\"@type\":\"Organization\",\"@id\":\"https:\\\/\\\/www.purejewels.com\\\/#organization\",\"name\":\"PureJewels UK\",\"url\":\"https:\\\/\\\/www.purejewels.com\\\/\",\"logo\":{\"@type\":\"ImageObject\",\"inLanguage\":\"tr\",\"@id\":\"https:\\\/\\\/www.purejewels.com\\\/#\\\/schema\\\/logo\\\/image\\\/\",\"url\":\"https:\\\/\\\/static.purejewels.com\\\/wp-content\\\/uploads\\\/2020\\\/11\\\/Logo-PJ-New-1.png\",\"contentUrl\":\"https:\\\/\\\/static.purejewels.com\\\/wp-content\\\/uploads\\\/2020\\\/11\\\/Logo-PJ-New-1.png\",\"width\":150,\"height\":80,\"caption\":\"PureJewels UK\"},\"image\":{\"@id\":\"https:\\\/\\\/www.purejewels.com\\\/#\\\/schema\\\/logo\\\/image\\\/\"}}]}<\/script>\n<!-- \/ Yoast SEO plugin. -->","yoast_head_json":{"title":"22 ayar Hint Alt\u0131n Bebek Bilezi\u011fi | PureJewels UK","description":"PureJewels'\u0131n 22 ayar Hint Alt\u0131n Bebek Bilezi\u011fi'ni sat\u0131n al\u0131n \u2013 g\u00fcvenli ve emniyetli i\u015f\u00e7ilikle \u00f6zellikle bebekler i\u00e7in tasarlanm\u0131\u015f g\u00fczel ve geleneksel bir alt\u0131n bilezik.","robots":{"index":"index","follow":"follow","max-snippet":"max-snippet:-1","max-image-preview":"max-image-preview:large","max-video-preview":"max-video-preview:-1"},"canonical":"https:\/\/www.purejewels.com\/tr\/urun\/22-ayar-hint-altin-bebek-bilezigi-5\/","og_locale":"tr_TR","og_type":"article","og_title":"22ct Indian Gold Baby Bracelet | PureJewels UK","og_description":"Shop PureJewels' 22ct Indian Gold Baby Bracelet \u2013 a beautiful and traditional gold bracelet designed especially for infants with secure and safe craftsmanship.","og_url":"https:\/\/www.purejewels.com\/tr\/urun\/22-ayar-hint-altin-bebek-bilezigi-5\/","og_site_name":"PureJewels UK","article_modified_time":"2026-01-06T09:51:07+00:00","og_image":[{"width":1000,"height":1000,"url":"https:\/\/static.purejewels.com\/wp-content\/uploads\/2018\/08\/27205-1.png","type":"image\/png"}],"twitter_card":"summary_large_image","twitter_misc":{"Tahmini okuma s\u00fcresi":"2 dakika"},"schema":{"@context":"https:\/\/schema.org","@graph":[{"@type":["WebPage","ItemPage"],"@id":"https:\/\/www.purejewels.com\/product\/22ct-indian-gold-baby-bracelet-5\/","url":"https:\/\/www.purejewels.com\/product\/22ct-indian-gold-baby-bracelet-5\/","name":"22 ayar Hint Alt\u0131n Bebek Bilezi\u011fi | PureJewels UK","isPartOf":{"@id":"https:\/\/www.purejewels.com\/#website"},"primaryImageOfPage":{"@id":"https:\/\/www.purejewels.com\/product\/22ct-indian-gold-baby-bracelet-5\/#primaryimage"},"image":{"@id":"https:\/\/www.purejewels.com\/product\/22ct-indian-gold-baby-bracelet-5\/#primaryimage"},"thumbnailUrl":"https:\/\/static.purejewels.com\/wp-content\/uploads\/2018\/08\/27205-1.png","datePublished":"2020-04-21T11:16:23+00:00","dateModified":"2026-01-06T09:51:07+00:00","description":"PureJewels'\u0131n 22 ayar Hint Alt\u0131n Bebek Bilezi\u011fi'ni sat\u0131n al\u0131n \u2013 g\u00fcvenli ve emniyetli i\u015f\u00e7ilikle \u00f6zellikle bebekler i\u00e7in tasarlanm\u0131\u015f g\u00fczel ve geleneksel bir alt\u0131n bilezik.","breadcrumb":{"@id":"https:\/\/www.purejewels.com\/product\/22ct-indian-gold-baby-bracelet-5\/#breadcrumb"},"inLanguage":"tr","potentialAction":[{"@type":"ReadAction","target":["https:\/\/www.purejewels.com\/product\/22ct-indian-gold-baby-bracelet-5\/"]}]},{"@type":"ImageObject","inLanguage":"tr","@id":"https:\/\/www.purejewels.com\/product\/22ct-indian-gold-baby-bracelet-5\/#primaryimage","url":"https:\/\/static.purejewels.com\/wp-content\/uploads\/2018\/08\/27205-1.png","contentUrl":"https:\/\/static.purejewels.com\/wp-content\/uploads\/2018\/08\/27205-1.png","width":1000,"height":1000,"caption":"27205-1"},{"@type":"BreadcrumbList","@id":"https:\/\/www.purejewels.com\/product\/22ct-indian-gold-baby-bracelet-5\/#breadcrumb","itemListElement":[{"@type":"ListItem","position":1,"name":"Home","item":"https:\/\/www.purejewels.com\/"},{"@type":"ListItem","position":2,"name":"Shop","item":"https:\/\/www.purejewels.com\/shop\/"},{"@type":"ListItem","position":3,"name":"22ct Indian Gold Baby Bracelet"}]},{"@type":"WebSite","@id":"https:\/\/www.purejewels.com\/#website","url":"https:\/\/www.purejewels.com\/","name":"PureJewels \u0130ngiltere","description":"Sevgiyi Payla\u015f\u0131n","publisher":{"@id":"https:\/\/www.purejewels.com\/#organization"},"potentialAction":[{"@type":"SearchAction","target":{"@type":"EntryPoint","urlTemplate":"https:\/\/www.purejewels.com\/?s={search_term_string}"},"query-input":{"@type":"PropertyValueSpecification","valueRequired":true,"valueName":"search_term_string"}}],"inLanguage":"tr"},{"@type":"Organization","@id":"https:\/\/www.purejewels.com\/#organization","name":"PureJewels \u0130ngiltere","url":"https:\/\/www.purejewels.com\/","logo":{"@type":"ImageObject","inLanguage":"tr","@id":"https:\/\/www.purejewels.com\/#\/schema\/logo\/image\/","url":"https:\/\/static.purejewels.com\/wp-content\/uploads\/2020\/11\/Logo-PJ-New-1.png","contentUrl":"https:\/\/static.purejewels.com\/wp-content\/uploads\/2020\/11\/Logo-PJ-New-1.png","width":150,"height":80,"caption":"PureJewels UK"},"image":{"@id":"https:\/\/www.purejewels.com\/#\/schema\/logo\/image\/"}}]}},"_links":{"self":[{"href":"https:\/\/www.purejewels.com\/tr\/wp-json\/wp\/v2\/product\/313729","targetHints":{"allow":["GET"]}}],"collection":[{"href":"https:\/\/www.purejewels.com\/tr\/wp-json\/wp\/v2\/product"}],"about":[{"href":"https:\/\/www.purejewels.com\/tr\/wp-json\/wp\/v2\/types\/product"}],"replies":[{"embeddable":true,"href":"https:\/\/www.purejewels.com\/tr\/wp-json\/wp\/v2\/comments?post=313729"}],"version-history":[{"count":1,"href":"https:\/\/www.purejewels.com\/tr\/wp-json\/wp\/v2\/product\/313729\/revisions"}],"predecessor-version":[{"id":418230,"href":"https:\/\/www.purejewels.com\/tr\/wp-json\/wp\/v2\/product\/313729\/revisions\/418230"}],"wp:featuredmedia":[{"embeddable":true,"href":"https:\/\/www.purejewels.com\/tr\/wp-json\/wp\/v2\/media\/302449"}],"wp:attachment":[{"href":"https:\/\/www.purejewels.com\/tr\/wp-json\/wp\/v2\/media?parent=313729"}],"wp:term":[{"taxonomy":"product_brand","embeddable":true,"href":"https:\/\/www.purejewels.com\/tr\/wp-json\/wp\/v2\/product_brand?post=313729"},{"taxonomy":"product_cat","embeddable":true,"href":"https:\/\/www.purejewels.com\/tr\/wp-json\/wp\/v2\/product_cat?post=313729"},{"taxonomy":"product_tag","embeddable":true,"href":"https:\/\/www.purejewels.com\/tr\/wp-json\/wp\/v2\/product_tag?post=313729"}],"curies":[{"name":"wp","href":"https:\/\/api.w.org\/{rel}","templated":true}]}}