{"id":313812,"date":"2020-05-06T11:41:30","date_gmt":"2020-05-06T10:41:30","guid":{"rendered":"https:\/\/www.purejewels.com\/?post_type=product&#038;p=313812"},"modified":"2026-01-19T07:57:58","modified_gmt":"2026-01-19T07:57:58","slug":"24-ayar-10-gram-ince-altin-kulce","status":"publish","type":"product","link":"https:\/\/www.purejewels.com\/tr\/product\/1-0-gram-fine-gold-bar-in-24ct\/","title":{"rendered":"24 Ayar Alt\u0131n 1.0 Gram \u0130nce Alt\u0131n K\u00fcl\u00e7e"},"content":{"rendered":"<p>PureJewels UK'den 24 ayar 1,0 Gram \u0130nce Alt\u0131n K\u00fcl\u00e7e ile tan\u0131\u015f\u0131n. Bu k\u00fcl\u00e7e alt\u0131n, en y\u00fcksek kalitede ve safl\u0131kta ince alt\u0131n sa\u011flamak i\u00e7in \u00fcnl\u00fc Baird &amp; Co Darphanesi taraf\u0131ndan \u00fcretilmi\u015ftir. Her bir k\u00fcl\u00e7e 1 gram a\u011f\u0131rl\u0131\u011f\u0131ndad\u0131r ve 999,9 ayar alt\u0131ndan yap\u0131lm\u0131\u015ft\u0131r, bu da onu herhangi bir yat\u0131r\u0131m portf\u00f6y\u00fcne veya koleksiyona de\u011ferli bir katk\u0131 haline getirir.<\/p>\n<p>Bu \u00e7arp\u0131c\u0131 alt\u0131n k\u00fcl\u00e7e, hediye etmek veya saklamak i\u00e7in m\u00fckemmel olan g\u00fczel bir hediye kutusunda gelir. 15 g\u00fcnl\u00fck iade politikas\u0131 ile memnuniyetinizin garanti alt\u0131nda oldu\u011funu bilerek g\u00fcvenle al\u0131\u015fveri\u015f yapabilirsiniz.<\/p>\n<p>Farkl\u0131 bir a\u011f\u0131rl\u0131k se\u00e7ene\u011fi mi ar\u0131yorsunuz? \u00dcr\u00fcn yelpazemizi ke\u015ffetmek i\u00e7in bizimle ileti\u015fime ge\u00e7in <a href=\"https:\/\/www.purejewels.com\/tr\/product\/24ct-gold-minted-bar-in-5grm\/\">24 ayar alt\u0131n<\/a> \u00e7e\u015fitli boyutlarda k\u00fcl\u00e7eler. \u0130ster deneyimli bir yat\u0131r\u0131mc\u0131 ister ilk kez sat\u0131n alan biri olun, g\u00fcvenli \u00e7evrimi\u00e7i \u00f6deme sistemimiz ve \u00fccretsiz takipli teslimat\u0131m\u0131z alt\u0131n k\u00fcl\u00e7e sat\u0131n almay\u0131 kolay ve rahat hale getirir.<\/p>\n<p>En rafine haliyle bir par\u00e7a saf alt\u0131na sahip olma f\u0131rsat\u0131n\u0131 ka\u00e7\u0131rmay\u0131n. Bug\u00fcn 24 ayar 1,0 Gram Fine Gold Bar'a yat\u0131r\u0131m yap\u0131n ve de\u011ferli metallere sahip olman\u0131n getirdi\u011fi g\u00fcvenlik ve prestijin tad\u0131n\u0131 \u00e7\u0131kar\u0131n.<\/p>","protected":false},"excerpt":{"rendered":"<p>\u00d6nde gelen Baird &amp; Co Darphanesi'nden bir graml\u0131k ince 24 ayar k\u00fcl\u00e7e alt\u0131n<\/p>\n<div class=\"field_weight\">\n<div class=\"field_weight\">\n<div>A\u011eIRLIK: 1 g<\/div>\n<\/div>\n<div class=\"field_metal\">\n<div>METAL: \u0130nce alt\u0131n<\/div>\n<\/div>\n<div class=\"field_finish\">\n<div>B\u0130T\u0130\u015e: 999,9<\/div>\n<\/div>\n<\/div>\n<div>\u0130ADE: 14 g\u00fcn iade politikas\u0131.<\/div>\n<div>PAKETLEME: Hediye kutusu ile birlikte gelir<\/div>\n<p>Farkl\u0131 a\u011f\u0131rl\u0131k bantlar\u0131nda 24 ayar alt\u0131n k\u00fcl\u00e7e sat\u0131n almak i\u00e7in bizimle ileti\u015fime ge\u00e7in.<\/p>\n<div><\/div>\n<div><\/div>","protected":false},"featured_media":313813,"comment_status":"closed","ping_status":"closed","template":"","meta":{"_eb_attr":"","_crsspst_to_jayantr4sg-hostcom":false},"product_brand":[],"product_cat":[1473,1646],"product_tag":[1836,1837],"class_list":{"0":"post-313812","1":"product","2":"type-product","3":"status-publish","4":"has-post-thumbnail","6":"product_cat-bars-coins","7":"product_cat-gold-bars","8":"product_tag-24ct-gold","9":"product_tag-gold-bars","11":"first","12":"outofstock","13":"product-type-simple","14":"add-to-wishlist-before_image"},"yoast_head":"<!-- This site is optimized with the Yoast SEO plugin v27.6 - https:\/\/yoast.com\/product\/yoast-seo-wordpress\/ -->\n<title>24ct Gold 1.0 Gram Fine Gold Bar - PureJewels UK<\/title>\n<meta name=\"robots\" content=\"index, follow, max-snippet:-1, max-image-preview:large, max-video-preview:-1\" \/>\n<link rel=\"canonical\" href=\"https:\/\/www.purejewels.com\/tr\/urun\/24-ayar-10-gram-ince-altin-kulce\/\" \/>\n<meta property=\"og:locale\" content=\"tr_TR\" \/>\n<meta property=\"og:type\" content=\"article\" \/>\n<meta property=\"og:title\" content=\"24ct Gold 1.0 Gram Fine Gold Bar - PureJewels UK\" \/>\n<meta property=\"og:description\" content=\"A One Gram bullion bar of fine 24-karat Gold by leading Baird &amp; Co Mint   WEIGHT: 1 g   METAL: Fine gold   FINISH: 999.9   RETURNS: 14 days returns policy. PACKAGING: Comes with a gift box Contact us to buy 24ct Gold bar in different weight-band.\" \/>\n<meta property=\"og:url\" content=\"https:\/\/www.purejewels.com\/tr\/urun\/24-ayar-10-gram-ince-altin-kulce\/\" \/>\n<meta property=\"og:site_name\" content=\"PureJewels UK\" \/>\n<meta property=\"article:modified_time\" content=\"2026-01-19T07:57:58+00:00\" \/>\n<meta property=\"og:image\" content=\"https:\/\/static.purejewels.com\/wp-content\/uploads\/2020\/05\/Baird-Co-1gm-bar-e1588764067840.jpg\" \/>\n\t<meta property=\"og:image:width\" content=\"628\" \/>\n\t<meta property=\"og:image:height\" content=\"544\" \/>\n\t<meta property=\"og:image:type\" content=\"image\/jpeg\" \/>\n<meta name=\"twitter:card\" content=\"summary_large_image\" \/>\n<meta name=\"twitter:label1\" content=\"Tahmini okuma s\u00fcresi\" \/>\n\t<meta name=\"twitter:data1\" content=\"1 dakika\" \/>\n<script type=\"application\/ld+json\" class=\"yoast-schema-graph\">{\"@context\":\"https:\\\/\\\/schema.org\",\"@graph\":[{\"@type\":[\"WebPage\",\"ItemPage\"],\"@id\":\"https:\\\/\\\/www.purejewels.com\\\/product\\\/1-0-gram-fine-gold-bar-in-24ct\\\/\",\"url\":\"https:\\\/\\\/www.purejewels.com\\\/product\\\/1-0-gram-fine-gold-bar-in-24ct\\\/\",\"name\":\"24ct Gold 1.0 Gram Fine Gold Bar - PureJewels UK\",\"isPartOf\":{\"@id\":\"https:\\\/\\\/www.purejewels.com\\\/#website\"},\"primaryImageOfPage\":{\"@id\":\"https:\\\/\\\/www.purejewels.com\\\/product\\\/1-0-gram-fine-gold-bar-in-24ct\\\/#primaryimage\"},\"image\":{\"@id\":\"https:\\\/\\\/www.purejewels.com\\\/product\\\/1-0-gram-fine-gold-bar-in-24ct\\\/#primaryimage\"},\"thumbnailUrl\":\"https:\\\/\\\/static.purejewels.com\\\/wp-content\\\/uploads\\\/2020\\\/05\\\/Baird-Co-1gm-bar-e1588764067840.jpg\",\"datePublished\":\"2020-05-06T10:41:30+00:00\",\"dateModified\":\"2026-01-19T07:57:58+00:00\",\"breadcrumb\":{\"@id\":\"https:\\\/\\\/www.purejewels.com\\\/product\\\/1-0-gram-fine-gold-bar-in-24ct\\\/#breadcrumb\"},\"inLanguage\":\"tr\",\"potentialAction\":[{\"@type\":\"ReadAction\",\"target\":[\"https:\\\/\\\/www.purejewels.com\\\/product\\\/1-0-gram-fine-gold-bar-in-24ct\\\/\"]}]},{\"@type\":\"ImageObject\",\"inLanguage\":\"tr\",\"@id\":\"https:\\\/\\\/www.purejewels.com\\\/product\\\/1-0-gram-fine-gold-bar-in-24ct\\\/#primaryimage\",\"url\":\"https:\\\/\\\/static.purejewels.com\\\/wp-content\\\/uploads\\\/2020\\\/05\\\/Baird-Co-1gm-bar-e1588764067840.jpg\",\"contentUrl\":\"https:\\\/\\\/static.purejewels.com\\\/wp-content\\\/uploads\\\/2020\\\/05\\\/Baird-Co-1gm-bar-e1588764067840.jpg\",\"width\":628,\"height\":544,\"caption\":\"baird bar\"},{\"@type\":\"BreadcrumbList\",\"@id\":\"https:\\\/\\\/www.purejewels.com\\\/product\\\/1-0-gram-fine-gold-bar-in-24ct\\\/#breadcrumb\",\"itemListElement\":[{\"@type\":\"ListItem\",\"position\":1,\"name\":\"Home\",\"item\":\"https:\\\/\\\/www.purejewels.com\\\/\"},{\"@type\":\"ListItem\",\"position\":2,\"name\":\"Shop\",\"item\":\"https:\\\/\\\/www.purejewels.com\\\/shop\\\/\"},{\"@type\":\"ListItem\",\"position\":3,\"name\":\"24ct Gold 1.0 Gram Fine Gold Bar\"}]},{\"@type\":\"WebSite\",\"@id\":\"https:\\\/\\\/www.purejewels.com\\\/#website\",\"url\":\"https:\\\/\\\/www.purejewels.com\\\/\",\"name\":\"PureJewels UK\",\"description\":\"Share the Love\",\"publisher\":{\"@id\":\"https:\\\/\\\/www.purejewels.com\\\/#organization\"},\"potentialAction\":[{\"@type\":\"SearchAction\",\"target\":{\"@type\":\"EntryPoint\",\"urlTemplate\":\"https:\\\/\\\/www.purejewels.com\\\/?s={search_term_string}\"},\"query-input\":{\"@type\":\"PropertyValueSpecification\",\"valueRequired\":true,\"valueName\":\"search_term_string\"}}],\"inLanguage\":\"tr\"},{\"@type\":\"Organization\",\"@id\":\"https:\\\/\\\/www.purejewels.com\\\/#organization\",\"name\":\"PureJewels UK\",\"url\":\"https:\\\/\\\/www.purejewels.com\\\/\",\"logo\":{\"@type\":\"ImageObject\",\"inLanguage\":\"tr\",\"@id\":\"https:\\\/\\\/www.purejewels.com\\\/#\\\/schema\\\/logo\\\/image\\\/\",\"url\":\"https:\\\/\\\/static.purejewels.com\\\/wp-content\\\/uploads\\\/2020\\\/11\\\/Logo-PJ-New-1.png\",\"contentUrl\":\"https:\\\/\\\/static.purejewels.com\\\/wp-content\\\/uploads\\\/2020\\\/11\\\/Logo-PJ-New-1.png\",\"width\":150,\"height\":80,\"caption\":\"PureJewels UK\"},\"image\":{\"@id\":\"https:\\\/\\\/www.purejewels.com\\\/#\\\/schema\\\/logo\\\/image\\\/\"}}]}<\/script>\n<!-- \/ Yoast SEO plugin. -->","yoast_head_json":{"title":"24 Ayar Alt\u0131n 1.0 Gram \u0130nce Alt\u0131n K\u00fcl\u00e7e - PureJewels UK","robots":{"index":"index","follow":"follow","max-snippet":"max-snippet:-1","max-image-preview":"max-image-preview:large","max-video-preview":"max-video-preview:-1"},"canonical":"https:\/\/www.purejewels.com\/tr\/urun\/24-ayar-10-gram-ince-altin-kulce\/","og_locale":"tr_TR","og_type":"article","og_title":"24ct Gold 1.0 Gram Fine Gold Bar - PureJewels UK","og_description":"A One Gram bullion bar of fine 24-karat Gold by leading Baird &amp; Co Mint   WEIGHT: 1 g   METAL: Fine gold   FINISH: 999.9   RETURNS: 14 days returns policy. PACKAGING: Comes with a gift box Contact us to buy 24ct Gold bar in different weight-band.","og_url":"https:\/\/www.purejewels.com\/tr\/urun\/24-ayar-10-gram-ince-altin-kulce\/","og_site_name":"PureJewels UK","article_modified_time":"2026-01-19T07:57:58+00:00","og_image":[{"width":628,"height":544,"url":"https:\/\/static.purejewels.com\/wp-content\/uploads\/2020\/05\/Baird-Co-1gm-bar-e1588764067840.jpg","type":"image\/jpeg"}],"twitter_card":"summary_large_image","twitter_misc":{"Tahmini okuma s\u00fcresi":"1 dakika"},"schema":{"@context":"https:\/\/schema.org","@graph":[{"@type":["WebPage","ItemPage"],"@id":"https:\/\/www.purejewels.com\/product\/1-0-gram-fine-gold-bar-in-24ct\/","url":"https:\/\/www.purejewels.com\/product\/1-0-gram-fine-gold-bar-in-24ct\/","name":"24 Ayar Alt\u0131n 1.0 Gram \u0130nce Alt\u0131n K\u00fcl\u00e7e - PureJewels UK","isPartOf":{"@id":"https:\/\/www.purejewels.com\/#website"},"primaryImageOfPage":{"@id":"https:\/\/www.purejewels.com\/product\/1-0-gram-fine-gold-bar-in-24ct\/#primaryimage"},"image":{"@id":"https:\/\/www.purejewels.com\/product\/1-0-gram-fine-gold-bar-in-24ct\/#primaryimage"},"thumbnailUrl":"https:\/\/static.purejewels.com\/wp-content\/uploads\/2020\/05\/Baird-Co-1gm-bar-e1588764067840.jpg","datePublished":"2020-05-06T10:41:30+00:00","dateModified":"2026-01-19T07:57:58+00:00","breadcrumb":{"@id":"https:\/\/www.purejewels.com\/product\/1-0-gram-fine-gold-bar-in-24ct\/#breadcrumb"},"inLanguage":"tr","potentialAction":[{"@type":"ReadAction","target":["https:\/\/www.purejewels.com\/product\/1-0-gram-fine-gold-bar-in-24ct\/"]}]},{"@type":"ImageObject","inLanguage":"tr","@id":"https:\/\/www.purejewels.com\/product\/1-0-gram-fine-gold-bar-in-24ct\/#primaryimage","url":"https:\/\/static.purejewels.com\/wp-content\/uploads\/2020\/05\/Baird-Co-1gm-bar-e1588764067840.jpg","contentUrl":"https:\/\/static.purejewels.com\/wp-content\/uploads\/2020\/05\/Baird-Co-1gm-bar-e1588764067840.jpg","width":628,"height":544,"caption":"baird bar"},{"@type":"BreadcrumbList","@id":"https:\/\/www.purejewels.com\/product\/1-0-gram-fine-gold-bar-in-24ct\/#breadcrumb","itemListElement":[{"@type":"ListItem","position":1,"name":"Home","item":"https:\/\/www.purejewels.com\/"},{"@type":"ListItem","position":2,"name":"Shop","item":"https:\/\/www.purejewels.com\/shop\/"},{"@type":"ListItem","position":3,"name":"24ct Gold 1.0 Gram Fine Gold Bar"}]},{"@type":"WebSite","@id":"https:\/\/www.purejewels.com\/#website","url":"https:\/\/www.purejewels.com\/","name":"PureJewels \u0130ngiltere","description":"Sevgiyi Payla\u015f\u0131n","publisher":{"@id":"https:\/\/www.purejewels.com\/#organization"},"potentialAction":[{"@type":"SearchAction","target":{"@type":"EntryPoint","urlTemplate":"https:\/\/www.purejewels.com\/?s={search_term_string}"},"query-input":{"@type":"PropertyValueSpecification","valueRequired":true,"valueName":"search_term_string"}}],"inLanguage":"tr"},{"@type":"Organization","@id":"https:\/\/www.purejewels.com\/#organization","name":"PureJewels \u0130ngiltere","url":"https:\/\/www.purejewels.com\/","logo":{"@type":"ImageObject","inLanguage":"tr","@id":"https:\/\/www.purejewels.com\/#\/schema\/logo\/image\/","url":"https:\/\/static.purejewels.com\/wp-content\/uploads\/2020\/11\/Logo-PJ-New-1.png","contentUrl":"https:\/\/static.purejewels.com\/wp-content\/uploads\/2020\/11\/Logo-PJ-New-1.png","width":150,"height":80,"caption":"PureJewels UK"},"image":{"@id":"https:\/\/www.purejewels.com\/#\/schema\/logo\/image\/"}}]}},"_links":{"self":[{"href":"https:\/\/www.purejewels.com\/tr\/wp-json\/wp\/v2\/product\/313812","targetHints":{"allow":["GET"]}}],"collection":[{"href":"https:\/\/www.purejewels.com\/tr\/wp-json\/wp\/v2\/product"}],"about":[{"href":"https:\/\/www.purejewels.com\/tr\/wp-json\/wp\/v2\/types\/product"}],"replies":[{"embeddable":true,"href":"https:\/\/www.purejewels.com\/tr\/wp-json\/wp\/v2\/comments?post=313812"}],"version-history":[{"count":3,"href":"https:\/\/www.purejewels.com\/tr\/wp-json\/wp\/v2\/product\/313812\/revisions"}],"predecessor-version":[{"id":424979,"href":"https:\/\/www.purejewels.com\/tr\/wp-json\/wp\/v2\/product\/313812\/revisions\/424979"}],"wp:featuredmedia":[{"embeddable":true,"href":"https:\/\/www.purejewels.com\/tr\/wp-json\/wp\/v2\/media\/313813"}],"wp:attachment":[{"href":"https:\/\/www.purejewels.com\/tr\/wp-json\/wp\/v2\/media?parent=313812"}],"wp:term":[{"taxonomy":"product_brand","embeddable":true,"href":"https:\/\/www.purejewels.com\/tr\/wp-json\/wp\/v2\/product_brand?post=313812"},{"taxonomy":"product_cat","embeddable":true,"href":"https:\/\/www.purejewels.com\/tr\/wp-json\/wp\/v2\/product_cat?post=313812"},{"taxonomy":"product_tag","embeddable":true,"href":"https:\/\/www.purejewels.com\/tr\/wp-json\/wp\/v2\/product_tag?post=313812"}],"curies":[{"name":"wp","href":"https:\/\/api.w.org\/{rel}","templated":true}]}}