{"id":313881,"date":"2020-05-13T10:22:35","date_gmt":"2020-05-13T09:22:35","guid":{"rendered":"https:\/\/www.purejewels.com\/?post_type=product&#038;p=313881"},"modified":"2026-03-26T08:01:32","modified_gmt":"2026-03-26T08:01:32","slug":"22-ayar-altin-tilki-kuyrugu-zincir-32492","status":"publish","type":"product","link":"https:\/\/www.purejewels.com\/tr\/product\/22ct-gold-foxtail-chain-32492\/","title":{"rendered":"22 Ayar Alt\u0131n Ak\u0131\u015fkan Tilki Kuyru\u011fu Unisex Zincir 20 \u0130n\u00e7"},"content":{"rendered":"<p>Ak\u0131\u015fkan tilki kuyru\u011fu baklas\u0131 deseniyle \u00fcretilen bu zincir, do\u011fal ak\u0131c\u0131 bir drape ile kesintisiz, yumu\u015fak dokulu bir y\u00fczey olu\u015fturur. Yap\u0131s\u0131, rafine bir duru\u015fu korurken rahat\u00e7a oturan dengeli bir g\u00f6r\u00fcn\u00fcm sa\u011flar.<\/p>","protected":false},"excerpt":{"rendered":"<p>&nbsp;<\/p>\n<ul>\n<li>\n<h2>22ct <span id=\"urn:enhancement-7a7a8eaf\" class=\"textannotation\">Sar\u0131<\/span> <span id=\"urn:enhancement-582502ea\" class=\"textannotation disambiguated wl-thing\">Alt\u0131n<\/span> Tilki Kuyru\u011fu <span id=\"urn:enhancement-df2d721a\" class=\"textannotation\">Zincir<\/span><\/h2>\n<\/li>\n<li><span id=\"urn:enhancement-a3ef4f2f\" class=\"textannotation\">A\u011f\u0131rl\u0131k<\/span> .. <span id=\"urn:enhancement-63370df5\" class=\"textannotation\">Zincir<\/span> 10.6 g<\/li>\n<li>Hem Erkekler hem de Kad\u0131nlar i\u00e7in uygundur<\/li>\n<li><span id=\"urn:enhancement-5d3b1d9\" class=\"textannotation\">Uzunluk<\/span> .. <span id=\"urn:enhancement-a91aed8b\" class=\"textannotation\">Zincir<\/span> 20 \u0130n\u00e7tir<\/li>\n<li><span id=\"urn:enhancement-d09cfc6a\" class=\"textannotation\">SKU<\/span>. 32492<\/li>\n<li>T\u00fcm\u00fc <span id=\"urn:enhancement-7488faae\" class=\"textannotation\">fiyatlar<\/span> \u015funlar\u0131 i\u00e7erir <span id=\"urn:enhancement-c86581ad\" class=\"textannotation disambiguated wl-thing\">KDV<\/span><\/li>\n<li>22ct <span id=\"urn:enhancement-c6f7cf3c\" class=\"textannotation disambiguated wl-thing\">Alt\u0131n<\/span>\u00a0 Londra damgal\u0131 <span id=\"urn:enhancement-3ffc8b51\" class=\"textannotation\">Tahlil Ofisi<\/span><\/li>\n<li>\u0130le birlikte gelir <span id=\"urn:enhancement-c8be20eb\" class=\"textannotation\">SUNUM<\/span> <span id=\"urn:enhancement-d4e8ad3c\" class=\"textannotation\">kutu<\/span><\/li>\n<li>Teslimat Dahil<\/li>\n<li>Canl\u0131 <span id=\"urn:enhancement-934ca652\" class=\"textannotation\">sohbet<\/span> bizimle birlikte <span id=\"urn:enhancement-924f4bc5\" class=\"textannotation\">bkz.<\/span> bizim <span id=\"urn:enhancement-ad21270c\" class=\"textannotation\">bkz.<\/span> bizim farkl\u0131 <span id=\"urn:enhancement-1c189524\" class=\"textannotation\">koleksiyon<\/span> 22ct <span id=\"urn:enhancement-c36f7d36\" class=\"textannotation disambiguated wl-thing\">Alt\u0131n<\/span> <span id=\"urn:enhancement-a044390c\" class=\"textannotation\">Zincir<\/span> <span id=\"urn:enhancement-c7f28ac7\" class=\"textannotation disambiguated wl-place\">BIRLE\u015eIK KRALLIK<\/span><\/li>\n<li><\/li>\n<\/ul>","protected":false},"featured_media":315407,"comment_status":"closed","ping_status":"closed","template":"","meta":{"_eb_attr":"","_crsspst_to_jayantr4sg-hostcom":false},"product_brand":[],"product_cat":[1571,1773,1572,1774,1573,1574],"product_tag":[],"class_list":{"0":"post-313881","1":"product","2":"type-product","3":"status-publish","4":"has-post-thumbnail","6":"product_cat-fathers-day-gifts","7":"product_cat-ladies-chains","8":"product_cat-mens-jewellery","9":"product_cat-mens-chains","10":"product_cat-wedding-gifts","11":"product_cat-womens-jewellery","13":"first","14":"outofstock","15":"taxable","16":"shipping-taxable","17":"product-type-simple","18":"add-to-wishlist-before_image"},"yoast_head":"<!-- This site is optimized with the Yoast SEO plugin v27.3 - https:\/\/yoast.com\/product\/yoast-seo-wordpress\/ -->\n<title>22ct Gold Foxtail Chain 20 Inch Fluid Design | PureJewels<\/title>\n<meta name=\"description\" content=\"Shop 22ct gold foxtail chain in 20 inch length. Fluid interwoven links with smooth drape ideal for daily wear. PureJewels UK.\" \/>\n<meta name=\"robots\" content=\"index, follow, max-snippet:-1, max-image-preview:large, max-video-preview:-1\" \/>\n<link rel=\"canonical\" href=\"https:\/\/www.purejewels.com\/tr\/urun\/22-ayar-altin-tilki-kuyrugu-zincir-32492\/\" \/>\n<meta property=\"og:locale\" content=\"tr_TR\" \/>\n<meta property=\"og:type\" content=\"article\" \/>\n<meta property=\"og:title\" content=\"22ct Gold Foxtail Chain 20 Inch Fluid Design | PureJewels\" \/>\n<meta property=\"og:description\" content=\"Shop 22ct gold foxtail chain in 20 inch length. Fluid interwoven links with smooth drape ideal for daily wear. PureJewels UK.\" \/>\n<meta property=\"og:url\" content=\"https:\/\/www.purejewels.com\/tr\/urun\/22-ayar-altin-tilki-kuyrugu-zincir-32492\/\" \/>\n<meta property=\"og:site_name\" content=\"PureJewels UK\" \/>\n<meta property=\"article:modified_time\" content=\"2026-03-26T08:01:32+00:00\" \/>\n<meta property=\"og:image\" content=\"https:\/\/static.purejewels.com\/wp-content\/uploads\/2020\/06\/foxtail.png\" \/>\n\t<meta property=\"og:image:width\" content=\"1000\" \/>\n\t<meta property=\"og:image:height\" content=\"1000\" \/>\n\t<meta property=\"og:image:type\" content=\"image\/png\" \/>\n<meta name=\"twitter:card\" content=\"summary_large_image\" \/>\n<meta name=\"twitter:label1\" content=\"Tahmini okuma s\u00fcresi\" \/>\n\t<meta name=\"twitter:data1\" content=\"1 dakika\" \/>\n<script type=\"application\/ld+json\" class=\"yoast-schema-graph\">{\"@context\":\"https:\\\/\\\/schema.org\",\"@graph\":[{\"@type\":[\"WebPage\",\"ItemPage\"],\"@id\":\"https:\\\/\\\/www.purejewels.com\\\/product\\\/22ct-gold-foxtail-chain-32492\\\/\",\"url\":\"https:\\\/\\\/www.purejewels.com\\\/product\\\/22ct-gold-foxtail-chain-32492\\\/\",\"name\":\"22ct Gold Foxtail Chain 20 Inch Fluid Design | PureJewels\",\"isPartOf\":{\"@id\":\"https:\\\/\\\/www.purejewels.com\\\/#website\"},\"primaryImageOfPage\":{\"@id\":\"https:\\\/\\\/www.purejewels.com\\\/product\\\/22ct-gold-foxtail-chain-32492\\\/#primaryimage\"},\"image\":{\"@id\":\"https:\\\/\\\/www.purejewels.com\\\/product\\\/22ct-gold-foxtail-chain-32492\\\/#primaryimage\"},\"thumbnailUrl\":\"https:\\\/\\\/static.purejewels.com\\\/wp-content\\\/uploads\\\/2020\\\/06\\\/foxtail.png\",\"datePublished\":\"2020-05-13T09:22:35+00:00\",\"dateModified\":\"2026-03-26T08:01:32+00:00\",\"description\":\"Shop 22ct gold foxtail chain in 20 inch length. Fluid interwoven links with smooth drape ideal for daily wear. PureJewels UK.\",\"breadcrumb\":{\"@id\":\"https:\\\/\\\/www.purejewels.com\\\/product\\\/22ct-gold-foxtail-chain-32492\\\/#breadcrumb\"},\"inLanguage\":\"tr\",\"potentialAction\":[{\"@type\":\"ReadAction\",\"target\":[\"https:\\\/\\\/www.purejewels.com\\\/product\\\/22ct-gold-foxtail-chain-32492\\\/\"]}]},{\"@type\":\"ImageObject\",\"inLanguage\":\"tr\",\"@id\":\"https:\\\/\\\/www.purejewels.com\\\/product\\\/22ct-gold-foxtail-chain-32492\\\/#primaryimage\",\"url\":\"https:\\\/\\\/static.purejewels.com\\\/wp-content\\\/uploads\\\/2020\\\/06\\\/foxtail.png\",\"contentUrl\":\"https:\\\/\\\/static.purejewels.com\\\/wp-content\\\/uploads\\\/2020\\\/06\\\/foxtail.png\",\"width\":1000,\"height\":1000},{\"@type\":\"BreadcrumbList\",\"@id\":\"https:\\\/\\\/www.purejewels.com\\\/product\\\/22ct-gold-foxtail-chain-32492\\\/#breadcrumb\",\"itemListElement\":[{\"@type\":\"ListItem\",\"position\":1,\"name\":\"Home\",\"item\":\"https:\\\/\\\/www.purejewels.com\\\/\"},{\"@type\":\"ListItem\",\"position\":2,\"name\":\"Shop\",\"item\":\"https:\\\/\\\/www.purejewels.com\\\/shop\\\/\"},{\"@type\":\"ListItem\",\"position\":3,\"name\":\"22ct Gold Fluid Foxtail Unisex Chain 20 Inch\"}]},{\"@type\":\"WebSite\",\"@id\":\"https:\\\/\\\/www.purejewels.com\\\/#website\",\"url\":\"https:\\\/\\\/www.purejewels.com\\\/\",\"name\":\"PureJewels UK\",\"description\":\"Share the Love\",\"publisher\":{\"@id\":\"https:\\\/\\\/www.purejewels.com\\\/#organization\"},\"potentialAction\":[{\"@type\":\"SearchAction\",\"target\":{\"@type\":\"EntryPoint\",\"urlTemplate\":\"https:\\\/\\\/www.purejewels.com\\\/?s={search_term_string}\"},\"query-input\":{\"@type\":\"PropertyValueSpecification\",\"valueRequired\":true,\"valueName\":\"search_term_string\"}}],\"inLanguage\":\"tr\"},{\"@type\":\"Organization\",\"@id\":\"https:\\\/\\\/www.purejewels.com\\\/#organization\",\"name\":\"PureJewels UK\",\"url\":\"https:\\\/\\\/www.purejewels.com\\\/\",\"logo\":{\"@type\":\"ImageObject\",\"inLanguage\":\"tr\",\"@id\":\"https:\\\/\\\/www.purejewels.com\\\/#\\\/schema\\\/logo\\\/image\\\/\",\"url\":\"https:\\\/\\\/static.purejewels.com\\\/wp-content\\\/uploads\\\/2020\\\/11\\\/Logo-PJ-New-1.png\",\"contentUrl\":\"https:\\\/\\\/static.purejewels.com\\\/wp-content\\\/uploads\\\/2020\\\/11\\\/Logo-PJ-New-1.png\",\"width\":150,\"height\":80,\"caption\":\"PureJewels UK\"},\"image\":{\"@id\":\"https:\\\/\\\/www.purejewels.com\\\/#\\\/schema\\\/logo\\\/image\\\/\"}}]}<\/script>\n<!-- \/ Yoast SEO plugin. -->","yoast_head_json":{"title":"22 Ayar Alt\u0131n Tilki Kuyru\u011fu Zincir 20 \u0130n\u00e7 Ak\u0131\u015fkan Tasar\u0131m | PureJewels","description":"20 in\u00e7 uzunlu\u011funda 22 ayar alt\u0131n tilki kuyru\u011fu zinciri sat\u0131n al\u0131n. G\u00fcnl\u00fck kullan\u0131m i\u00e7in ideal, p\u00fcr\u00fczs\u00fcz d\u00f6k\u00fcml\u00fc, ak\u0131c\u0131 i\u00e7 i\u00e7e ge\u00e7mi\u015f halkalar. PureJewels \u0130ngiltere.","robots":{"index":"index","follow":"follow","max-snippet":"max-snippet:-1","max-image-preview":"max-image-preview:large","max-video-preview":"max-video-preview:-1"},"canonical":"https:\/\/www.purejewels.com\/tr\/urun\/22-ayar-altin-tilki-kuyrugu-zincir-32492\/","og_locale":"tr_TR","og_type":"article","og_title":"22ct Gold Foxtail Chain 20 Inch Fluid Design | PureJewels","og_description":"Shop 22ct gold foxtail chain in 20 inch length. Fluid interwoven links with smooth drape ideal for daily wear. PureJewels UK.","og_url":"https:\/\/www.purejewels.com\/tr\/urun\/22-ayar-altin-tilki-kuyrugu-zincir-32492\/","og_site_name":"PureJewels UK","article_modified_time":"2026-03-26T08:01:32+00:00","og_image":[{"width":1000,"height":1000,"url":"https:\/\/static.purejewels.com\/wp-content\/uploads\/2020\/06\/foxtail.png","type":"image\/png"}],"twitter_card":"summary_large_image","twitter_misc":{"Tahmini okuma s\u00fcresi":"1 dakika"},"schema":{"@context":"https:\/\/schema.org","@graph":[{"@type":["WebPage","ItemPage"],"@id":"https:\/\/www.purejewels.com\/product\/22ct-gold-foxtail-chain-32492\/","url":"https:\/\/www.purejewels.com\/product\/22ct-gold-foxtail-chain-32492\/","name":"22 Ayar Alt\u0131n Tilki Kuyru\u011fu Zincir 20 \u0130n\u00e7 Ak\u0131\u015fkan Tasar\u0131m | PureJewels","isPartOf":{"@id":"https:\/\/www.purejewels.com\/#website"},"primaryImageOfPage":{"@id":"https:\/\/www.purejewels.com\/product\/22ct-gold-foxtail-chain-32492\/#primaryimage"},"image":{"@id":"https:\/\/www.purejewels.com\/product\/22ct-gold-foxtail-chain-32492\/#primaryimage"},"thumbnailUrl":"https:\/\/static.purejewels.com\/wp-content\/uploads\/2020\/06\/foxtail.png","datePublished":"2020-05-13T09:22:35+00:00","dateModified":"2026-03-26T08:01:32+00:00","description":"20 in\u00e7 uzunlu\u011funda 22 ayar alt\u0131n tilki kuyru\u011fu zinciri sat\u0131n al\u0131n. G\u00fcnl\u00fck kullan\u0131m i\u00e7in ideal, p\u00fcr\u00fczs\u00fcz d\u00f6k\u00fcml\u00fc, ak\u0131c\u0131 i\u00e7 i\u00e7e ge\u00e7mi\u015f halkalar. PureJewels \u0130ngiltere.","breadcrumb":{"@id":"https:\/\/www.purejewels.com\/product\/22ct-gold-foxtail-chain-32492\/#breadcrumb"},"inLanguage":"tr","potentialAction":[{"@type":"ReadAction","target":["https:\/\/www.purejewels.com\/product\/22ct-gold-foxtail-chain-32492\/"]}]},{"@type":"ImageObject","inLanguage":"tr","@id":"https:\/\/www.purejewels.com\/product\/22ct-gold-foxtail-chain-32492\/#primaryimage","url":"https:\/\/static.purejewels.com\/wp-content\/uploads\/2020\/06\/foxtail.png","contentUrl":"https:\/\/static.purejewels.com\/wp-content\/uploads\/2020\/06\/foxtail.png","width":1000,"height":1000},{"@type":"BreadcrumbList","@id":"https:\/\/www.purejewels.com\/product\/22ct-gold-foxtail-chain-32492\/#breadcrumb","itemListElement":[{"@type":"ListItem","position":1,"name":"Home","item":"https:\/\/www.purejewels.com\/"},{"@type":"ListItem","position":2,"name":"Shop","item":"https:\/\/www.purejewels.com\/shop\/"},{"@type":"ListItem","position":3,"name":"22ct Gold Fluid Foxtail Unisex Chain 20 Inch"}]},{"@type":"WebSite","@id":"https:\/\/www.purejewels.com\/#website","url":"https:\/\/www.purejewels.com\/","name":"PureJewels \u0130ngiltere","description":"Sevgiyi Payla\u015f\u0131n","publisher":{"@id":"https:\/\/www.purejewels.com\/#organization"},"potentialAction":[{"@type":"SearchAction","target":{"@type":"EntryPoint","urlTemplate":"https:\/\/www.purejewels.com\/?s={search_term_string}"},"query-input":{"@type":"PropertyValueSpecification","valueRequired":true,"valueName":"search_term_string"}}],"inLanguage":"tr"},{"@type":"Organization","@id":"https:\/\/www.purejewels.com\/#organization","name":"PureJewels \u0130ngiltere","url":"https:\/\/www.purejewels.com\/","logo":{"@type":"ImageObject","inLanguage":"tr","@id":"https:\/\/www.purejewels.com\/#\/schema\/logo\/image\/","url":"https:\/\/static.purejewels.com\/wp-content\/uploads\/2020\/11\/Logo-PJ-New-1.png","contentUrl":"https:\/\/static.purejewels.com\/wp-content\/uploads\/2020\/11\/Logo-PJ-New-1.png","width":150,"height":80,"caption":"PureJewels UK"},"image":{"@id":"https:\/\/www.purejewels.com\/#\/schema\/logo\/image\/"}}]}},"_links":{"self":[{"href":"https:\/\/www.purejewels.com\/tr\/wp-json\/wp\/v2\/product\/313881","targetHints":{"allow":["GET"]}}],"collection":[{"href":"https:\/\/www.purejewels.com\/tr\/wp-json\/wp\/v2\/product"}],"about":[{"href":"https:\/\/www.purejewels.com\/tr\/wp-json\/wp\/v2\/types\/product"}],"replies":[{"embeddable":true,"href":"https:\/\/www.purejewels.com\/tr\/wp-json\/wp\/v2\/comments?post=313881"}],"version-history":[{"count":1,"href":"https:\/\/www.purejewels.com\/tr\/wp-json\/wp\/v2\/product\/313881\/revisions"}],"predecessor-version":[{"id":427675,"href":"https:\/\/www.purejewels.com\/tr\/wp-json\/wp\/v2\/product\/313881\/revisions\/427675"}],"wp:featuredmedia":[{"embeddable":true,"href":"https:\/\/www.purejewels.com\/tr\/wp-json\/wp\/v2\/media\/315407"}],"wp:attachment":[{"href":"https:\/\/www.purejewels.com\/tr\/wp-json\/wp\/v2\/media?parent=313881"}],"wp:term":[{"taxonomy":"product_brand","embeddable":true,"href":"https:\/\/www.purejewels.com\/tr\/wp-json\/wp\/v2\/product_brand?post=313881"},{"taxonomy":"product_cat","embeddable":true,"href":"https:\/\/www.purejewels.com\/tr\/wp-json\/wp\/v2\/product_cat?post=313881"},{"taxonomy":"product_tag","embeddable":true,"href":"https:\/\/www.purejewels.com\/tr\/wp-json\/wp\/v2\/product_tag?post=313881"}],"curies":[{"name":"wp","href":"https:\/\/api.w.org\/{rel}","templated":true}]}}