{"id":313902,"date":"2020-05-14T09:38:02","date_gmt":"2020-05-14T08:38:02","guid":{"rendered":"https:\/\/www.purejewels.com\/?post_type=product&#038;p=313902"},"modified":"2026-03-27T07:26:28","modified_gmt":"2026-03-27T07:26:28","slug":"22-ayar-altin-mangalsutra-31900","status":"publish","type":"product","link":"https:\/\/www.purejewels.com\/tr\/product\/22ct-gold-mangalsutra-31900\/","title":{"rendered":"22 Ayar Siyah Boncuklu Zincirli Mangalsutra | 18 \u0130n\u00e7"},"content":{"rendered":"","protected":false},"excerpt":{"rendered":"<ul>\n<li>22ct Asya <span id=\"urn:enhancement-fee4db60\" class=\"textannotation\">Alt\u0131n<\/span> <span id=\"urn:enhancement-73a0cf0b\" class=\"textannotation\">Mangalsutra<\/span><\/li>\n<li><span id=\"urn:enhancement-53f3668b\" class=\"textannotation\">A\u011f\u0131rl\u0131k<\/span>: 3.9 gm<\/li>\n<li><span id=\"urn:enhancement-435c02c8\" class=\"textannotation\">Uzunluk<\/span> : 18 \u0130n\u00e7<\/li>\n<li><span id=\"urn:enhancement-b783bcea\" class=\"textannotation\">SKU<\/span>. 31900<\/li>\n<li>T\u00fcm\u00fc <span id=\"urn:enhancement-3f85cf23\" class=\"textannotation\">fiyatlar<\/span> \u015funlar\u0131 i\u00e7erir <span id=\"urn:enhancement-5ada79e6\" class=\"textannotation\">KDV<\/span><\/li>\n<li>22ct <span id=\"urn:enhancement-52ecc9eb\" class=\"textannotation\">Alt\u0131n<\/span> Londra taraf\u0131ndan damgalanm\u0131\u015ft\u0131r <span id=\"urn:enhancement-93bfa035\" class=\"textannotation\">Tahlil Ofisi<\/span><\/li>\n<li>Sunum Kutusu ile Birlikte Gelir<\/li>\n<li><span id=\"urn:enhancement-6159d1a7\" class=\"textannotation\">Teslimat<\/span> Dahil<\/li>\n<li>Canl\u0131 <span id=\"urn:enhancement-166923b5\" class=\"textannotation\">sohbet<\/span> i\u00e7in bizimle <span id=\"urn:enhancement-301651f6\" class=\"textannotation\">kullan\u0131labilirlik<\/span> ve benzer tasar\u0131mlar\u0131n daha fazla g\u00f6r\u00fcnt\u00fcs\u00fc \u015fu anda <span id=\"urn:enhancement-973de118\" class=\"textannotation\">stok<\/span><\/li>\n<\/ul>\n<p>&nbsp;<\/p>","protected":false},"featured_media":312032,"comment_status":"closed","ping_status":"closed","template":"","meta":{"_eb_attr":"","_crsspst_to_jayantr4sg-hostcom":false},"product_brand":[],"product_cat":[1559,1775,1574],"product_tag":[],"class_list":{"0":"post-313902","1":"product","2":"type-product","3":"status-publish","4":"has-post-thumbnail","6":"product_cat-birthday-gifts","7":"product_cat-daily-wear-mangalsutras","8":"product_cat-womens-jewellery","10":"first","11":"outofstock","12":"taxable","13":"shipping-taxable","14":"product-type-simple","15":"add-to-wishlist-before_image"},"yoast_head":"<!-- This site is optimized with the Yoast SEO plugin v27.3 - https:\/\/yoast.com\/product\/yoast-seo-wordpress\/ -->\n<title>22ct Black Bead with Chain Mangalsutra | 18 Inches at PureJewels<\/title>\n<meta name=\"robots\" content=\"index, follow, max-snippet:-1, max-image-preview:large, max-video-preview:-1\" \/>\n<link rel=\"canonical\" href=\"https:\/\/www.purejewels.com\/tr\/urun\/22-ayar-altin-mangalsutra-31900\/\" \/>\n<meta property=\"og:locale\" content=\"tr_TR\" \/>\n<meta property=\"og:type\" content=\"article\" \/>\n<meta property=\"og:title\" content=\"22ct Black Bead with Chain Mangalsutra | 18 Inches at PureJewels\" \/>\n<meta property=\"og:description\" content=\"22ct Asian Gold Mangalsutra  Weight: 3.9 gm  Length : 18 Inches  SKU. 31900  All prices include VAT  22ct Gold Hallmarked by London Assay Office  Comes With Presentation Box  Delivery Included  Live chat with us for availability and more images of similar designs currently in stock  &nbsp;\" \/>\n<meta property=\"og:url\" content=\"https:\/\/www.purejewels.com\/tr\/urun\/22-ayar-altin-mangalsutra-31900\/\" \/>\n<meta property=\"og:site_name\" content=\"PureJewels UK\" \/>\n<meta property=\"article:modified_time\" content=\"2026-03-27T07:26:28+00:00\" \/>\n<meta property=\"og:image\" content=\"https:\/\/static.purejewels.com\/wp-content\/uploads\/2019\/11\/31899.jpg\" \/>\n\t<meta property=\"og:image:width\" content=\"1000\" \/>\n\t<meta property=\"og:image:height\" content=\"1000\" \/>\n\t<meta property=\"og:image:type\" content=\"image\/jpeg\" \/>\n<meta name=\"twitter:card\" content=\"summary_large_image\" \/>\n<meta name=\"twitter:label1\" content=\"Tahmini okuma s\u00fcresi\" \/>\n\t<meta name=\"twitter:data1\" content=\"1 dakika\" \/>\n<script type=\"application\/ld+json\" class=\"yoast-schema-graph\">{\"@context\":\"https:\\\/\\\/schema.org\",\"@graph\":[{\"@type\":[\"WebPage\",\"ItemPage\"],\"@id\":\"https:\\\/\\\/www.purejewels.com\\\/product\\\/22ct-gold-mangalsutra-31900\\\/\",\"url\":\"https:\\\/\\\/www.purejewels.com\\\/product\\\/22ct-gold-mangalsutra-31900\\\/\",\"name\":\"22ct Black Bead with Chain Mangalsutra | 18 Inches at PureJewels\",\"isPartOf\":{\"@id\":\"https:\\\/\\\/www.purejewels.com\\\/#website\"},\"primaryImageOfPage\":{\"@id\":\"https:\\\/\\\/www.purejewels.com\\\/product\\\/22ct-gold-mangalsutra-31900\\\/#primaryimage\"},\"image\":{\"@id\":\"https:\\\/\\\/www.purejewels.com\\\/product\\\/22ct-gold-mangalsutra-31900\\\/#primaryimage\"},\"thumbnailUrl\":\"https:\\\/\\\/static.purejewels.com\\\/wp-content\\\/uploads\\\/2019\\\/11\\\/31899.jpg\",\"datePublished\":\"2020-05-14T08:38:02+00:00\",\"dateModified\":\"2026-03-27T07:26:28+00:00\",\"breadcrumb\":{\"@id\":\"https:\\\/\\\/www.purejewels.com\\\/product\\\/22ct-gold-mangalsutra-31900\\\/#breadcrumb\"},\"inLanguage\":\"tr\",\"potentialAction\":[{\"@type\":\"ReadAction\",\"target\":[\"https:\\\/\\\/www.purejewels.com\\\/product\\\/22ct-gold-mangalsutra-31900\\\/\"]}]},{\"@type\":\"ImageObject\",\"inLanguage\":\"tr\",\"@id\":\"https:\\\/\\\/www.purejewels.com\\\/product\\\/22ct-gold-mangalsutra-31900\\\/#primaryimage\",\"url\":\"https:\\\/\\\/static.purejewels.com\\\/wp-content\\\/uploads\\\/2019\\\/11\\\/31899.jpg\",\"contentUrl\":\"https:\\\/\\\/static.purejewels.com\\\/wp-content\\\/uploads\\\/2019\\\/11\\\/31899.jpg\",\"width\":1000,\"height\":1000,\"caption\":\"31899\"},{\"@type\":\"BreadcrumbList\",\"@id\":\"https:\\\/\\\/www.purejewels.com\\\/product\\\/22ct-gold-mangalsutra-31900\\\/#breadcrumb\",\"itemListElement\":[{\"@type\":\"ListItem\",\"position\":1,\"name\":\"Home\",\"item\":\"https:\\\/\\\/www.purejewels.com\\\/\"},{\"@type\":\"ListItem\",\"position\":2,\"name\":\"Shop\",\"item\":\"https:\\\/\\\/www.purejewels.com\\\/shop\\\/\"},{\"@type\":\"ListItem\",\"position\":3,\"name\":\"22ct Black Bead with Chain Mangalsutra | 18 Inches\"}]},{\"@type\":\"WebSite\",\"@id\":\"https:\\\/\\\/www.purejewels.com\\\/#website\",\"url\":\"https:\\\/\\\/www.purejewels.com\\\/\",\"name\":\"PureJewels UK\",\"description\":\"Share the Love\",\"publisher\":{\"@id\":\"https:\\\/\\\/www.purejewels.com\\\/#organization\"},\"potentialAction\":[{\"@type\":\"SearchAction\",\"target\":{\"@type\":\"EntryPoint\",\"urlTemplate\":\"https:\\\/\\\/www.purejewels.com\\\/?s={search_term_string}\"},\"query-input\":{\"@type\":\"PropertyValueSpecification\",\"valueRequired\":true,\"valueName\":\"search_term_string\"}}],\"inLanguage\":\"tr\"},{\"@type\":\"Organization\",\"@id\":\"https:\\\/\\\/www.purejewels.com\\\/#organization\",\"name\":\"PureJewels UK\",\"url\":\"https:\\\/\\\/www.purejewels.com\\\/\",\"logo\":{\"@type\":\"ImageObject\",\"inLanguage\":\"tr\",\"@id\":\"https:\\\/\\\/www.purejewels.com\\\/#\\\/schema\\\/logo\\\/image\\\/\",\"url\":\"https:\\\/\\\/static.purejewels.com\\\/wp-content\\\/uploads\\\/2020\\\/11\\\/Logo-PJ-New-1.png\",\"contentUrl\":\"https:\\\/\\\/static.purejewels.com\\\/wp-content\\\/uploads\\\/2020\\\/11\\\/Logo-PJ-New-1.png\",\"width\":150,\"height\":80,\"caption\":\"PureJewels UK\"},\"image\":{\"@id\":\"https:\\\/\\\/www.purejewels.com\\\/#\\\/schema\\\/logo\\\/image\\\/\"}}]}<\/script>\n<!-- \/ Yoast SEO plugin. -->","yoast_head_json":{"title":"22 Ayar Siyah Boncuklu Zincirli Mangalsutra | 18 \u0130n\u00e7 PureJewels'de","robots":{"index":"index","follow":"follow","max-snippet":"max-snippet:-1","max-image-preview":"max-image-preview:large","max-video-preview":"max-video-preview:-1"},"canonical":"https:\/\/www.purejewels.com\/tr\/urun\/22-ayar-altin-mangalsutra-31900\/","og_locale":"tr_TR","og_type":"article","og_title":"22ct Black Bead with Chain Mangalsutra | 18 Inches at PureJewels","og_description":"22ct Asian Gold Mangalsutra  Weight: 3.9 gm  Length : 18 Inches  SKU. 31900  All prices include VAT  22ct Gold Hallmarked by London Assay Office  Comes With Presentation Box  Delivery Included  Live chat with us for availability and more images of similar designs currently in stock  &nbsp;","og_url":"https:\/\/www.purejewels.com\/tr\/urun\/22-ayar-altin-mangalsutra-31900\/","og_site_name":"PureJewels UK","article_modified_time":"2026-03-27T07:26:28+00:00","og_image":[{"width":1000,"height":1000,"url":"https:\/\/static.purejewels.com\/wp-content\/uploads\/2019\/11\/31899.jpg","type":"image\/jpeg"}],"twitter_card":"summary_large_image","twitter_misc":{"Tahmini okuma s\u00fcresi":"1 dakika"},"schema":{"@context":"https:\/\/schema.org","@graph":[{"@type":["WebPage","ItemPage"],"@id":"https:\/\/www.purejewels.com\/product\/22ct-gold-mangalsutra-31900\/","url":"https:\/\/www.purejewels.com\/product\/22ct-gold-mangalsutra-31900\/","name":"22 Ayar Siyah Boncuklu Zincirli Mangalsutra | 18 \u0130n\u00e7 PureJewels'de","isPartOf":{"@id":"https:\/\/www.purejewels.com\/#website"},"primaryImageOfPage":{"@id":"https:\/\/www.purejewels.com\/product\/22ct-gold-mangalsutra-31900\/#primaryimage"},"image":{"@id":"https:\/\/www.purejewels.com\/product\/22ct-gold-mangalsutra-31900\/#primaryimage"},"thumbnailUrl":"https:\/\/static.purejewels.com\/wp-content\/uploads\/2019\/11\/31899.jpg","datePublished":"2020-05-14T08:38:02+00:00","dateModified":"2026-03-27T07:26:28+00:00","breadcrumb":{"@id":"https:\/\/www.purejewels.com\/product\/22ct-gold-mangalsutra-31900\/#breadcrumb"},"inLanguage":"tr","potentialAction":[{"@type":"ReadAction","target":["https:\/\/www.purejewels.com\/product\/22ct-gold-mangalsutra-31900\/"]}]},{"@type":"ImageObject","inLanguage":"tr","@id":"https:\/\/www.purejewels.com\/product\/22ct-gold-mangalsutra-31900\/#primaryimage","url":"https:\/\/static.purejewels.com\/wp-content\/uploads\/2019\/11\/31899.jpg","contentUrl":"https:\/\/static.purejewels.com\/wp-content\/uploads\/2019\/11\/31899.jpg","width":1000,"height":1000,"caption":"31899"},{"@type":"BreadcrumbList","@id":"https:\/\/www.purejewels.com\/product\/22ct-gold-mangalsutra-31900\/#breadcrumb","itemListElement":[{"@type":"ListItem","position":1,"name":"Home","item":"https:\/\/www.purejewels.com\/"},{"@type":"ListItem","position":2,"name":"Shop","item":"https:\/\/www.purejewels.com\/shop\/"},{"@type":"ListItem","position":3,"name":"22ct Black Bead with Chain Mangalsutra | 18 Inches"}]},{"@type":"WebSite","@id":"https:\/\/www.purejewels.com\/#website","url":"https:\/\/www.purejewels.com\/","name":"PureJewels \u0130ngiltere","description":"Sevgiyi Payla\u015f\u0131n","publisher":{"@id":"https:\/\/www.purejewels.com\/#organization"},"potentialAction":[{"@type":"SearchAction","target":{"@type":"EntryPoint","urlTemplate":"https:\/\/www.purejewels.com\/?s={search_term_string}"},"query-input":{"@type":"PropertyValueSpecification","valueRequired":true,"valueName":"search_term_string"}}],"inLanguage":"tr"},{"@type":"Organization","@id":"https:\/\/www.purejewels.com\/#organization","name":"PureJewels \u0130ngiltere","url":"https:\/\/www.purejewels.com\/","logo":{"@type":"ImageObject","inLanguage":"tr","@id":"https:\/\/www.purejewels.com\/#\/schema\/logo\/image\/","url":"https:\/\/static.purejewels.com\/wp-content\/uploads\/2020\/11\/Logo-PJ-New-1.png","contentUrl":"https:\/\/static.purejewels.com\/wp-content\/uploads\/2020\/11\/Logo-PJ-New-1.png","width":150,"height":80,"caption":"PureJewels UK"},"image":{"@id":"https:\/\/www.purejewels.com\/#\/schema\/logo\/image\/"}}]}},"_links":{"self":[{"href":"https:\/\/www.purejewels.com\/tr\/wp-json\/wp\/v2\/product\/313902","targetHints":{"allow":["GET"]}}],"collection":[{"href":"https:\/\/www.purejewels.com\/tr\/wp-json\/wp\/v2\/product"}],"about":[{"href":"https:\/\/www.purejewels.com\/tr\/wp-json\/wp\/v2\/types\/product"}],"replies":[{"embeddable":true,"href":"https:\/\/www.purejewels.com\/tr\/wp-json\/wp\/v2\/comments?post=313902"}],"version-history":[{"count":3,"href":"https:\/\/www.purejewels.com\/tr\/wp-json\/wp\/v2\/product\/313902\/revisions"}],"predecessor-version":[{"id":427727,"href":"https:\/\/www.purejewels.com\/tr\/wp-json\/wp\/v2\/product\/313902\/revisions\/427727"}],"wp:featuredmedia":[{"embeddable":true,"href":"https:\/\/www.purejewels.com\/tr\/wp-json\/wp\/v2\/media\/312032"}],"wp:attachment":[{"href":"https:\/\/www.purejewels.com\/tr\/wp-json\/wp\/v2\/media?parent=313902"}],"wp:term":[{"taxonomy":"product_brand","embeddable":true,"href":"https:\/\/www.purejewels.com\/tr\/wp-json\/wp\/v2\/product_brand?post=313902"},{"taxonomy":"product_cat","embeddable":true,"href":"https:\/\/www.purejewels.com\/tr\/wp-json\/wp\/v2\/product_cat?post=313902"},{"taxonomy":"product_tag","embeddable":true,"href":"https:\/\/www.purejewels.com\/tr\/wp-json\/wp\/v2\/product_tag?post=313902"}],"curies":[{"name":"wp","href":"https:\/\/api.w.org\/{rel}","templated":true}]}}