{"id":313917,"date":"2020-05-14T11:56:58","date_gmt":"2020-05-14T10:56:58","guid":{"rendered":"https:\/\/www.purejewels.com\/?post_type=product&#038;p=313917"},"modified":"2026-01-07T10:51:09","modified_gmt":"2026-01-07T10:51:09","slug":"22-ayar-altin-gunluk-kullanim-mangalsutra","status":"publish","type":"product","link":"https:\/\/www.purejewels.com\/tr\/product\/22ct-gold-daily-wear-mangalsutra\/","title":{"rendered":"22 Ayar Alt\u0131n G\u00fcnl\u00fck kullan\u0131m Mangalsutra"},"content":{"rendered":"<ul>\n<li><a href=\"https:\/\/www.purejewels.com\/tr\/product\/22ct-gold-jali-filigree-ring-jali-collection-31926\/\">22ct<\/a> <span id=\"urn:enhancement-4ddbcdb\" class=\"textannotation disambiguated wl-thing\">Alt\u0131n<\/span> <span id=\"urn:local-text-annotation-1abc2awhfodp4d2ixj59grskenlko9mi\" class=\"textannotation disambiguated wl-thing\">G\u00fcnl\u00fck kullan\u0131m <a href=\"https:\/\/www.purejewels.com\/tr\/product-category\/22ct-gold-jewellery\/gold-mangalsutras\/\">Mangalsutra<\/a><\/span><\/li>\n<li>A\u011f\u0131rl\u0131k: 4 gm<\/li>\n<li>Uzunluk : 18 \u0130n\u00e7<\/li>\n<li>SKU. 31897<\/li>\n<li>T\u00fcm fiyatlara KDV dahildir<\/li>\n<li>22ct <span id=\"urn:enhancement-69e71899\" class=\"textannotation disambiguated wl-thing\">Alt\u0131n<\/span> Londra taraf\u0131ndan damgalanm\u0131\u015ft\u0131r <span id=\"urn:enhancement-93bfa0e9\" class=\"textannotation disambiguated wl-thing\">Tahlil Ofisi<\/span><\/li>\n<li>Sunum Kutusu ile Birlikte Gelir<\/li>\n<li>Teslimat Dahil<\/li>\n<li>Stok durumu ve stokta bulunan benzer tasar\u0131mlar\u0131n daha fazla g\u00f6r\u00fcnt\u00fcs\u00fc i\u00e7in bizimle canl\u0131 sohbet edin<\/li>\n<\/ul>","protected":false},"excerpt":{"rendered":"<ul>\n<li>22 Ayar Alt\u0131n G\u00fcnl\u00fck kullan\u0131m Mangalsutra<\/li>\n<li><span id=\"urn:enhancement-9fb49e6b\" class=\"textannotation\">A\u011f\u0131rl\u0131k<\/span>: 4 gm<\/li>\n<li><span id=\"urn:enhancement-da21df27\" class=\"textannotation\">Uzunluk<\/span> : 18 <span id=\"urn:enhancement-4df06e9a\" class=\"textannotation\">\u0130n\u00e7<\/span><\/li>\n<li><span id=\"urn:enhancement-42f50d9\" class=\"textannotation\">SKU<\/span>. 31897<\/li>\n<li>T\u00fcm\u00fc <span id=\"urn:enhancement-7aa16939\" class=\"textannotation\">fiyatlar<\/span> \u015funlar\u0131 i\u00e7erir <span id=\"urn:enhancement-aa7eb6aa\" class=\"textannotation\">KDV<\/span><\/li>\n<li>22ct <span id=\"urn:enhancement-4166acaf\" class=\"textannotation\">Alt\u0131n<\/span> Taraf\u0131ndan damgalanm\u0131\u015ft\u0131r <span id=\"urn:enhancement-3907948a\" class=\"textannotation\">Londra<\/span> <span id=\"urn:enhancement-93bf9ff9\" class=\"textannotation\">Tahlil Ofisi<\/span><\/li>\n<li>Sunum Kutusu ile Birlikte Gelir<\/li>\n<li>Teslimat Dahil<\/li>\n<li>Canl\u0131 <span id=\"urn:enhancement-16692379\" class=\"textannotation\">sohbet<\/span> i\u00e7in bizimle <span id=\"urn:enhancement-301651ba\" class=\"textannotation\">kullan\u0131labilirlik<\/span> ve benzer tasar\u0131mlar\u0131n daha fazla g\u00f6r\u00fcnt\u00fcs\u00fc \u015fu anda <span id=\"urn:enhancement-973de0cb\" class=\"textannotation\">stok<\/span><\/li>\n<\/ul>","protected":false},"featured_media":311505,"comment_status":"closed","ping_status":"closed","template":"","meta":{"_eb_attr":"","_crsspst_to_jayantr4sg-hostcom":false},"product_brand":[],"product_cat":[1775,1574],"product_tag":[],"class_list":{"0":"post-313917","1":"product","2":"type-product","3":"status-publish","4":"has-post-thumbnail","6":"product_cat-daily-wear-mangalsutras","7":"product_cat-womens-jewellery","9":"first","10":"outofstock","11":"taxable","12":"shipping-taxable","13":"product-type-simple","14":"add-to-wishlist-before_image"},"yoast_head":"<!-- This site is optimized with the Yoast SEO plugin v27.3 - https:\/\/yoast.com\/product\/yoast-seo-wordpress\/ -->\n<title>22ct Gold Daily wear Mangalsutra - PureJewels UK<\/title>\n<meta name=\"robots\" content=\"index, follow, max-snippet:-1, max-image-preview:large, max-video-preview:-1\" \/>\n<link rel=\"canonical\" href=\"https:\/\/www.purejewels.com\/tr\/urun\/22-ayar-altin-gunluk-kullanim-mangalsutra\/\" \/>\n<meta property=\"og:locale\" content=\"tr_TR\" \/>\n<meta property=\"og:type\" content=\"article\" \/>\n<meta property=\"og:title\" content=\"22ct Gold Daily wear Mangalsutra - PureJewels UK\" \/>\n<meta property=\"og:description\" content=\"22ct Gold Daily wear Mangalsutra  Weight: 4 gm  Length : 18 Inches  SKU. 31897  All prices include VAT  22ct Gold Hallmarked by London Assay Office  Comes With Presentation Box  Delivery Included  Live chat with us for availability and more images of similar designs currently in stock\" \/>\n<meta property=\"og:url\" content=\"https:\/\/www.purejewels.com\/tr\/urun\/22-ayar-altin-gunluk-kullanim-mangalsutra\/\" \/>\n<meta property=\"og:site_name\" content=\"PureJewels UK\" \/>\n<meta property=\"article:modified_time\" content=\"2026-01-07T10:51:09+00:00\" \/>\n<meta property=\"og:image\" content=\"https:\/\/www.purejewels.com\/wp-content\/uploads\/2019\/10\/30944.jpg\" \/>\n\t<meta property=\"og:image:width\" content=\"1000\" \/>\n\t<meta property=\"og:image:height\" content=\"1000\" \/>\n\t<meta property=\"og:image:type\" content=\"image\/jpeg\" \/>\n<meta name=\"twitter:card\" content=\"summary_large_image\" \/>\n<script type=\"application\/ld+json\" class=\"yoast-schema-graph\">{\"@context\":\"https:\\\/\\\/schema.org\",\"@graph\":[{\"@type\":[\"WebPage\",\"ItemPage\"],\"@id\":\"https:\\\/\\\/www.purejewels.com\\\/product\\\/22ct-gold-daily-wear-mangalsutra\\\/\",\"url\":\"https:\\\/\\\/www.purejewels.com\\\/product\\\/22ct-gold-daily-wear-mangalsutra\\\/\",\"name\":\"22ct Gold Daily wear Mangalsutra - PureJewels UK\",\"isPartOf\":{\"@id\":\"https:\\\/\\\/www.purejewels.com\\\/#website\"},\"primaryImageOfPage\":{\"@id\":\"https:\\\/\\\/www.purejewels.com\\\/product\\\/22ct-gold-daily-wear-mangalsutra\\\/#primaryimage\"},\"image\":{\"@id\":\"https:\\\/\\\/www.purejewels.com\\\/product\\\/22ct-gold-daily-wear-mangalsutra\\\/#primaryimage\"},\"thumbnailUrl\":\"https:\\\/\\\/static.purejewels.com\\\/wp-content\\\/uploads\\\/2019\\\/10\\\/30944.jpg\",\"datePublished\":\"2020-05-14T10:56:58+00:00\",\"dateModified\":\"2026-01-07T10:51:09+00:00\",\"breadcrumb\":{\"@id\":\"https:\\\/\\\/www.purejewels.com\\\/product\\\/22ct-gold-daily-wear-mangalsutra\\\/#breadcrumb\"},\"inLanguage\":\"tr\",\"potentialAction\":[{\"@type\":\"ReadAction\",\"target\":[\"https:\\\/\\\/www.purejewels.com\\\/product\\\/22ct-gold-daily-wear-mangalsutra\\\/\"]}]},{\"@type\":\"ImageObject\",\"inLanguage\":\"tr\",\"@id\":\"https:\\\/\\\/www.purejewels.com\\\/product\\\/22ct-gold-daily-wear-mangalsutra\\\/#primaryimage\",\"url\":\"https:\\\/\\\/static.purejewels.com\\\/wp-content\\\/uploads\\\/2019\\\/10\\\/30944.jpg\",\"contentUrl\":\"https:\\\/\\\/static.purejewels.com\\\/wp-content\\\/uploads\\\/2019\\\/10\\\/30944.jpg\",\"width\":1000,\"height\":1000,\"caption\":\"30944\"},{\"@type\":\"BreadcrumbList\",\"@id\":\"https:\\\/\\\/www.purejewels.com\\\/product\\\/22ct-gold-daily-wear-mangalsutra\\\/#breadcrumb\",\"itemListElement\":[{\"@type\":\"ListItem\",\"position\":1,\"name\":\"Home\",\"item\":\"https:\\\/\\\/www.purejewels.com\\\/\"},{\"@type\":\"ListItem\",\"position\":2,\"name\":\"Shop\",\"item\":\"https:\\\/\\\/www.purejewels.com\\\/shop\\\/\"},{\"@type\":\"ListItem\",\"position\":3,\"name\":\"22ct Gold Daily wear Mangalsutra\"}]},{\"@type\":\"WebSite\",\"@id\":\"https:\\\/\\\/www.purejewels.com\\\/#website\",\"url\":\"https:\\\/\\\/www.purejewels.com\\\/\",\"name\":\"PureJewels UK\",\"description\":\"Share the Love\",\"publisher\":{\"@id\":\"https:\\\/\\\/www.purejewels.com\\\/#organization\"},\"potentialAction\":[{\"@type\":\"SearchAction\",\"target\":{\"@type\":\"EntryPoint\",\"urlTemplate\":\"https:\\\/\\\/www.purejewels.com\\\/?s={search_term_string}\"},\"query-input\":{\"@type\":\"PropertyValueSpecification\",\"valueRequired\":true,\"valueName\":\"search_term_string\"}}],\"inLanguage\":\"tr\"},{\"@type\":\"Organization\",\"@id\":\"https:\\\/\\\/www.purejewels.com\\\/#organization\",\"name\":\"PureJewels UK\",\"url\":\"https:\\\/\\\/www.purejewels.com\\\/\",\"logo\":{\"@type\":\"ImageObject\",\"inLanguage\":\"tr\",\"@id\":\"https:\\\/\\\/www.purejewels.com\\\/#\\\/schema\\\/logo\\\/image\\\/\",\"url\":\"https:\\\/\\\/static.purejewels.com\\\/wp-content\\\/uploads\\\/2020\\\/11\\\/Logo-PJ-New-1.png\",\"contentUrl\":\"https:\\\/\\\/static.purejewels.com\\\/wp-content\\\/uploads\\\/2020\\\/11\\\/Logo-PJ-New-1.png\",\"width\":150,\"height\":80,\"caption\":\"PureJewels UK\"},\"image\":{\"@id\":\"https:\\\/\\\/www.purejewels.com\\\/#\\\/schema\\\/logo\\\/image\\\/\"}}]}<\/script>\n<!-- \/ Yoast SEO plugin. -->","yoast_head_json":{"title":"22 Ayar Alt\u0131n G\u00fcnl\u00fck kullan\u0131m Mangalsutra - PureJewels UK","robots":{"index":"index","follow":"follow","max-snippet":"max-snippet:-1","max-image-preview":"max-image-preview:large","max-video-preview":"max-video-preview:-1"},"canonical":"https:\/\/www.purejewels.com\/tr\/urun\/22-ayar-altin-gunluk-kullanim-mangalsutra\/","og_locale":"tr_TR","og_type":"article","og_title":"22ct Gold Daily wear Mangalsutra - PureJewels UK","og_description":"22ct Gold Daily wear Mangalsutra  Weight: 4 gm  Length : 18 Inches  SKU. 31897  All prices include VAT  22ct Gold Hallmarked by London Assay Office  Comes With Presentation Box  Delivery Included  Live chat with us for availability and more images of similar designs currently in stock","og_url":"https:\/\/www.purejewels.com\/tr\/urun\/22-ayar-altin-gunluk-kullanim-mangalsutra\/","og_site_name":"PureJewels UK","article_modified_time":"2026-01-07T10:51:09+00:00","og_image":[{"width":1000,"height":1000,"url":"https:\/\/www.purejewels.com\/wp-content\/uploads\/2019\/10\/30944.jpg","type":"image\/jpeg"}],"twitter_card":"summary_large_image","schema":{"@context":"https:\/\/schema.org","@graph":[{"@type":["WebPage","ItemPage"],"@id":"https:\/\/www.purejewels.com\/product\/22ct-gold-daily-wear-mangalsutra\/","url":"https:\/\/www.purejewels.com\/product\/22ct-gold-daily-wear-mangalsutra\/","name":"22 Ayar Alt\u0131n G\u00fcnl\u00fck kullan\u0131m Mangalsutra - PureJewels UK","isPartOf":{"@id":"https:\/\/www.purejewels.com\/#website"},"primaryImageOfPage":{"@id":"https:\/\/www.purejewels.com\/product\/22ct-gold-daily-wear-mangalsutra\/#primaryimage"},"image":{"@id":"https:\/\/www.purejewels.com\/product\/22ct-gold-daily-wear-mangalsutra\/#primaryimage"},"thumbnailUrl":"https:\/\/static.purejewels.com\/wp-content\/uploads\/2019\/10\/30944.jpg","datePublished":"2020-05-14T10:56:58+00:00","dateModified":"2026-01-07T10:51:09+00:00","breadcrumb":{"@id":"https:\/\/www.purejewels.com\/product\/22ct-gold-daily-wear-mangalsutra\/#breadcrumb"},"inLanguage":"tr","potentialAction":[{"@type":"ReadAction","target":["https:\/\/www.purejewels.com\/product\/22ct-gold-daily-wear-mangalsutra\/"]}]},{"@type":"ImageObject","inLanguage":"tr","@id":"https:\/\/www.purejewels.com\/product\/22ct-gold-daily-wear-mangalsutra\/#primaryimage","url":"https:\/\/static.purejewels.com\/wp-content\/uploads\/2019\/10\/30944.jpg","contentUrl":"https:\/\/static.purejewels.com\/wp-content\/uploads\/2019\/10\/30944.jpg","width":1000,"height":1000,"caption":"30944"},{"@type":"BreadcrumbList","@id":"https:\/\/www.purejewels.com\/product\/22ct-gold-daily-wear-mangalsutra\/#breadcrumb","itemListElement":[{"@type":"ListItem","position":1,"name":"Home","item":"https:\/\/www.purejewels.com\/"},{"@type":"ListItem","position":2,"name":"Shop","item":"https:\/\/www.purejewels.com\/shop\/"},{"@type":"ListItem","position":3,"name":"22ct Gold Daily wear Mangalsutra"}]},{"@type":"WebSite","@id":"https:\/\/www.purejewels.com\/#website","url":"https:\/\/www.purejewels.com\/","name":"PureJewels \u0130ngiltere","description":"Sevgiyi Payla\u015f\u0131n","publisher":{"@id":"https:\/\/www.purejewels.com\/#organization"},"potentialAction":[{"@type":"SearchAction","target":{"@type":"EntryPoint","urlTemplate":"https:\/\/www.purejewels.com\/?s={search_term_string}"},"query-input":{"@type":"PropertyValueSpecification","valueRequired":true,"valueName":"search_term_string"}}],"inLanguage":"tr"},{"@type":"Organization","@id":"https:\/\/www.purejewels.com\/#organization","name":"PureJewels \u0130ngiltere","url":"https:\/\/www.purejewels.com\/","logo":{"@type":"ImageObject","inLanguage":"tr","@id":"https:\/\/www.purejewels.com\/#\/schema\/logo\/image\/","url":"https:\/\/static.purejewels.com\/wp-content\/uploads\/2020\/11\/Logo-PJ-New-1.png","contentUrl":"https:\/\/static.purejewels.com\/wp-content\/uploads\/2020\/11\/Logo-PJ-New-1.png","width":150,"height":80,"caption":"PureJewels UK"},"image":{"@id":"https:\/\/www.purejewels.com\/#\/schema\/logo\/image\/"}}]}},"_links":{"self":[{"href":"https:\/\/www.purejewels.com\/tr\/wp-json\/wp\/v2\/product\/313917","targetHints":{"allow":["GET"]}}],"collection":[{"href":"https:\/\/www.purejewels.com\/tr\/wp-json\/wp\/v2\/product"}],"about":[{"href":"https:\/\/www.purejewels.com\/tr\/wp-json\/wp\/v2\/types\/product"}],"replies":[{"embeddable":true,"href":"https:\/\/www.purejewels.com\/tr\/wp-json\/wp\/v2\/comments?post=313917"}],"version-history":[{"count":1,"href":"https:\/\/www.purejewels.com\/tr\/wp-json\/wp\/v2\/product\/313917\/revisions"}],"predecessor-version":[{"id":371434,"href":"https:\/\/www.purejewels.com\/tr\/wp-json\/wp\/v2\/product\/313917\/revisions\/371434"}],"wp:featuredmedia":[{"embeddable":true,"href":"https:\/\/www.purejewels.com\/tr\/wp-json\/wp\/v2\/media\/311505"}],"wp:attachment":[{"href":"https:\/\/www.purejewels.com\/tr\/wp-json\/wp\/v2\/media?parent=313917"}],"wp:term":[{"taxonomy":"product_brand","embeddable":true,"href":"https:\/\/www.purejewels.com\/tr\/wp-json\/wp\/v2\/product_brand?post=313917"},{"taxonomy":"product_cat","embeddable":true,"href":"https:\/\/www.purejewels.com\/tr\/wp-json\/wp\/v2\/product_cat?post=313917"},{"taxonomy":"product_tag","embeddable":true,"href":"https:\/\/www.purejewels.com\/tr\/wp-json\/wp\/v2\/product_tag?post=313917"}],"curies":[{"name":"wp","href":"https:\/\/api.w.org\/{rel}","templated":true}]}}