{"id":313956,"date":"2020-05-15T13:39:30","date_gmt":"2020-05-15T12:39:30","guid":{"rendered":"https:\/\/www.purejewels.com\/?post_type=product&#038;p=313956"},"modified":"2026-03-24T08:06:58","modified_gmt":"2026-03-24T08:06:58","slug":"q","status":"publish","type":"product","link":"https:\/\/www.purejewels.com\/tr\/product\/q\/","title":{"rendered":"22 Ayar Alt\u0131n Siyah Boncuk Charm Bebek Bilekli\u011fi"},"content":{"rendered":"<p>&nbsp;<\/p>\n<ul>\n<li>A\u011f\u0131rl\u0131k: 2,6 gms<\/li>\n<li>SKU. 31021<\/li>\n<\/ul>","protected":false},"excerpt":{"rendered":"<ul>\n<li>Yeni do\u011fan bebek i\u00e7in 22 ayar alt\u0131n bileklik.<\/li>\n<li>\u00c7ocuklar, \u00c7ocuklar, \u00c7ocuk, Bebek, Yeni Do\u011fan i\u00e7in uygundur.<\/li>\n<li>22 ayar damgal\u0131 \u00e7ocuk alt\u0131n tak\u0131lar\u0131.<\/li>\n<li>Yakla\u015f\u0131k Uzunluk: 5,5 \u0130n\u00e7 veya 14 cm.<\/li>\n<li>A\u011f\u0131rl\u0131k: 2,6 gms<\/li>\n<li>SKU. 31021<\/li>\n<li>T\u00fcm fiyatlara KDV dahildir<\/li>\n<li>Londra Tahlil Ofisi Taraf\u0131ndan Damgalanm\u0131\u015f 22 Ayar Alt\u0131n<\/li>\n<li>Sunum Kutusu ile Birlikte Gelir<\/li>\n<li>Teslimat Dahil<\/li>\n<li>Stok durumu ve stokta bulunan benzer tasar\u0131mlar\u0131n daha fazla g\u00f6r\u00fcnt\u00fcs\u00fc i\u00e7in bizimle canl\u0131 sohbet edin<\/li>\n<\/ul>","protected":false},"featured_media":313958,"comment_status":"closed","ping_status":"closed","template":"","meta":{"_eb_attr":"","_crsspst_to_jayantr4sg-hostcom":false},"product_brand":[],"product_cat":[1324,1436],"product_tag":[],"class_list":{"0":"post-313956","1":"product","2":"type-product","3":"status-publish","4":"has-post-thumbnail","6":"product_cat-gold-bracelet","7":"product_cat-kids-bracelet-kada","9":"first","10":"outofstock","11":"taxable","12":"shipping-taxable","13":"product-type-simple","14":"add-to-wishlist-before_image"},"yoast_head":"<!-- This site is optimized with the Yoast SEO plugin v27.3 - https:\/\/yoast.com\/product\/yoast-seo-wordpress\/ -->\n<title>22ct Gold Black Bead Baby Bracelet Oval Detail PureJewels UK<\/title>\n<meta name=\"description\" content=\"Shop a 22ct gold baby bracelet with black beads and oval gold accents. UK hallmarked this delicate piece blends tradition with refined design for gifting.\" \/>\n<meta name=\"robots\" content=\"index, follow, max-snippet:-1, max-image-preview:large, max-video-preview:-1\" \/>\n<link rel=\"canonical\" href=\"https:\/\/www.purejewels.com\/tr\/urun\/q\/\" \/>\n<meta property=\"og:locale\" content=\"tr_TR\" \/>\n<meta property=\"og:type\" content=\"article\" \/>\n<meta property=\"og:title\" content=\"22ct Gold Black Bead Baby Bracelet Oval Detail PureJewels UK\" \/>\n<meta property=\"og:description\" content=\"Shop a 22ct gold baby bracelet with black beads and oval gold accents. UK hallmarked this delicate piece blends tradition with refined design for gifting.\" \/>\n<meta property=\"og:url\" content=\"https:\/\/www.purejewels.com\/tr\/urun\/q\/\" \/>\n<meta property=\"og:site_name\" content=\"PureJewels UK\" \/>\n<meta property=\"article:modified_time\" content=\"2026-03-24T08:06:58+00:00\" \/>\n<meta property=\"og:image\" content=\"https:\/\/static.purejewels.com\/wp-content\/uploads\/2020\/05\/166597587.png\" \/>\n\t<meta property=\"og:image:width\" content=\"450\" \/>\n\t<meta property=\"og:image:height\" content=\"450\" \/>\n\t<meta property=\"og:image:type\" content=\"image\/png\" \/>\n<meta name=\"twitter:card\" content=\"summary_large_image\" \/>\n<meta name=\"twitter:label1\" content=\"Tahmini okuma s\u00fcresi\" \/>\n\t<meta name=\"twitter:data1\" content=\"1 dakika\" \/>\n<script type=\"application\/ld+json\" class=\"yoast-schema-graph\">{\"@context\":\"https:\\\/\\\/schema.org\",\"@graph\":[{\"@type\":[\"WebPage\",\"ItemPage\"],\"@id\":\"https:\\\/\\\/www.purejewels.com\\\/product\\\/q\\\/\",\"url\":\"https:\\\/\\\/www.purejewels.com\\\/product\\\/q\\\/\",\"name\":\"22ct Gold Black Bead Baby Bracelet Oval Detail PureJewels UK\",\"isPartOf\":{\"@id\":\"https:\\\/\\\/www.purejewels.com\\\/#website\"},\"primaryImageOfPage\":{\"@id\":\"https:\\\/\\\/www.purejewels.com\\\/product\\\/q\\\/#primaryimage\"},\"image\":{\"@id\":\"https:\\\/\\\/www.purejewels.com\\\/product\\\/q\\\/#primaryimage\"},\"thumbnailUrl\":\"https:\\\/\\\/static.purejewels.com\\\/wp-content\\\/uploads\\\/2020\\\/05\\\/166597587.png\",\"datePublished\":\"2020-05-15T12:39:30+00:00\",\"dateModified\":\"2026-03-24T08:06:58+00:00\",\"description\":\"Shop a 22ct gold baby bracelet with black beads and oval gold accents. UK hallmarked this delicate piece blends tradition with refined design for gifting.\",\"breadcrumb\":{\"@id\":\"https:\\\/\\\/www.purejewels.com\\\/product\\\/q\\\/#breadcrumb\"},\"inLanguage\":\"tr\",\"potentialAction\":[{\"@type\":\"ReadAction\",\"target\":[\"https:\\\/\\\/www.purejewels.com\\\/product\\\/q\\\/\"]}]},{\"@type\":\"ImageObject\",\"inLanguage\":\"tr\",\"@id\":\"https:\\\/\\\/www.purejewels.com\\\/product\\\/q\\\/#primaryimage\",\"url\":\"https:\\\/\\\/static.purejewels.com\\\/wp-content\\\/uploads\\\/2020\\\/05\\\/166597587.png\",\"contentUrl\":\"https:\\\/\\\/static.purejewels.com\\\/wp-content\\\/uploads\\\/2020\\\/05\\\/166597587.png\",\"width\":450,\"height\":450,\"caption\":\"22ct Gold Light Black Beads Baby Bracelet YGBT020\"},{\"@type\":\"BreadcrumbList\",\"@id\":\"https:\\\/\\\/www.purejewels.com\\\/product\\\/q\\\/#breadcrumb\",\"itemListElement\":[{\"@type\":\"ListItem\",\"position\":1,\"name\":\"Home\",\"item\":\"https:\\\/\\\/www.purejewels.com\\\/\"},{\"@type\":\"ListItem\",\"position\":2,\"name\":\"Shop\",\"item\":\"https:\\\/\\\/www.purejewels.com\\\/shop\\\/\"},{\"@type\":\"ListItem\",\"position\":3,\"name\":\"22ct Gold Black Bead Charm Baby Bracelet\"}]},{\"@type\":\"WebSite\",\"@id\":\"https:\\\/\\\/www.purejewels.com\\\/#website\",\"url\":\"https:\\\/\\\/www.purejewels.com\\\/\",\"name\":\"PureJewels UK\",\"description\":\"Share the Love\",\"publisher\":{\"@id\":\"https:\\\/\\\/www.purejewels.com\\\/#organization\"},\"potentialAction\":[{\"@type\":\"SearchAction\",\"target\":{\"@type\":\"EntryPoint\",\"urlTemplate\":\"https:\\\/\\\/www.purejewels.com\\\/?s={search_term_string}\"},\"query-input\":{\"@type\":\"PropertyValueSpecification\",\"valueRequired\":true,\"valueName\":\"search_term_string\"}}],\"inLanguage\":\"tr\"},{\"@type\":\"Organization\",\"@id\":\"https:\\\/\\\/www.purejewels.com\\\/#organization\",\"name\":\"PureJewels UK\",\"url\":\"https:\\\/\\\/www.purejewels.com\\\/\",\"logo\":{\"@type\":\"ImageObject\",\"inLanguage\":\"tr\",\"@id\":\"https:\\\/\\\/www.purejewels.com\\\/#\\\/schema\\\/logo\\\/image\\\/\",\"url\":\"https:\\\/\\\/static.purejewels.com\\\/wp-content\\\/uploads\\\/2020\\\/11\\\/Logo-PJ-New-1.png\",\"contentUrl\":\"https:\\\/\\\/static.purejewels.com\\\/wp-content\\\/uploads\\\/2020\\\/11\\\/Logo-PJ-New-1.png\",\"width\":150,\"height\":80,\"caption\":\"PureJewels UK\"},\"image\":{\"@id\":\"https:\\\/\\\/www.purejewels.com\\\/#\\\/schema\\\/logo\\\/image\\\/\"}}]}<\/script>\n<!-- \/ Yoast SEO plugin. -->","yoast_head_json":{"title":"22 Ayar Alt\u0131n Siyah Boncuklu Bebek Bilekli\u011fi Oval Detay PureJewels UK","description":"Siyah boncuklu ve oval alt\u0131n desenli 22 ayar alt\u0131n bebek bilezi\u011fi sat\u0131n al\u0131n. \u0130ngiltere damgal\u0131 bu narin par\u00e7a, gelene\u011fi hediye i\u00e7in rafine tasar\u0131mla harmanl\u0131yor.","robots":{"index":"index","follow":"follow","max-snippet":"max-snippet:-1","max-image-preview":"max-image-preview:large","max-video-preview":"max-video-preview:-1"},"canonical":"https:\/\/www.purejewels.com\/tr\/urun\/q\/","og_locale":"tr_TR","og_type":"article","og_title":"22ct Gold Black Bead Baby Bracelet Oval Detail PureJewels UK","og_description":"Shop a 22ct gold baby bracelet with black beads and oval gold accents. UK hallmarked this delicate piece blends tradition with refined design for gifting.","og_url":"https:\/\/www.purejewels.com\/tr\/urun\/q\/","og_site_name":"PureJewels UK","article_modified_time":"2026-03-24T08:06:58+00:00","og_image":[{"width":450,"height":450,"url":"https:\/\/static.purejewels.com\/wp-content\/uploads\/2020\/05\/166597587.png","type":"image\/png"}],"twitter_card":"summary_large_image","twitter_misc":{"Tahmini okuma s\u00fcresi":"1 dakika"},"schema":{"@context":"https:\/\/schema.org","@graph":[{"@type":["WebPage","ItemPage"],"@id":"https:\/\/www.purejewels.com\/product\/q\/","url":"https:\/\/www.purejewels.com\/product\/q\/","name":"22 Ayar Alt\u0131n Siyah Boncuklu Bebek Bilekli\u011fi Oval Detay PureJewels UK","isPartOf":{"@id":"https:\/\/www.purejewels.com\/#website"},"primaryImageOfPage":{"@id":"https:\/\/www.purejewels.com\/product\/q\/#primaryimage"},"image":{"@id":"https:\/\/www.purejewels.com\/product\/q\/#primaryimage"},"thumbnailUrl":"https:\/\/static.purejewels.com\/wp-content\/uploads\/2020\/05\/166597587.png","datePublished":"2020-05-15T12:39:30+00:00","dateModified":"2026-03-24T08:06:58+00:00","description":"Siyah boncuklu ve oval alt\u0131n desenli 22 ayar alt\u0131n bebek bilezi\u011fi sat\u0131n al\u0131n. \u0130ngiltere damgal\u0131 bu narin par\u00e7a, gelene\u011fi hediye i\u00e7in rafine tasar\u0131mla harmanl\u0131yor.","breadcrumb":{"@id":"https:\/\/www.purejewels.com\/product\/q\/#breadcrumb"},"inLanguage":"tr","potentialAction":[{"@type":"ReadAction","target":["https:\/\/www.purejewels.com\/product\/q\/"]}]},{"@type":"ImageObject","inLanguage":"tr","@id":"https:\/\/www.purejewels.com\/product\/q\/#primaryimage","url":"https:\/\/static.purejewels.com\/wp-content\/uploads\/2020\/05\/166597587.png","contentUrl":"https:\/\/static.purejewels.com\/wp-content\/uploads\/2020\/05\/166597587.png","width":450,"height":450,"caption":"22ct Gold Light Black Beads Baby Bracelet YGBT020"},{"@type":"BreadcrumbList","@id":"https:\/\/www.purejewels.com\/product\/q\/#breadcrumb","itemListElement":[{"@type":"ListItem","position":1,"name":"Home","item":"https:\/\/www.purejewels.com\/"},{"@type":"ListItem","position":2,"name":"Shop","item":"https:\/\/www.purejewels.com\/shop\/"},{"@type":"ListItem","position":3,"name":"22ct Gold Black Bead Charm Baby Bracelet"}]},{"@type":"WebSite","@id":"https:\/\/www.purejewels.com\/#website","url":"https:\/\/www.purejewels.com\/","name":"PureJewels \u0130ngiltere","description":"Sevgiyi Payla\u015f\u0131n","publisher":{"@id":"https:\/\/www.purejewels.com\/#organization"},"potentialAction":[{"@type":"SearchAction","target":{"@type":"EntryPoint","urlTemplate":"https:\/\/www.purejewels.com\/?s={search_term_string}"},"query-input":{"@type":"PropertyValueSpecification","valueRequired":true,"valueName":"search_term_string"}}],"inLanguage":"tr"},{"@type":"Organization","@id":"https:\/\/www.purejewels.com\/#organization","name":"PureJewels \u0130ngiltere","url":"https:\/\/www.purejewels.com\/","logo":{"@type":"ImageObject","inLanguage":"tr","@id":"https:\/\/www.purejewels.com\/#\/schema\/logo\/image\/","url":"https:\/\/static.purejewels.com\/wp-content\/uploads\/2020\/11\/Logo-PJ-New-1.png","contentUrl":"https:\/\/static.purejewels.com\/wp-content\/uploads\/2020\/11\/Logo-PJ-New-1.png","width":150,"height":80,"caption":"PureJewels UK"},"image":{"@id":"https:\/\/www.purejewels.com\/#\/schema\/logo\/image\/"}}]}},"_links":{"self":[{"href":"https:\/\/www.purejewels.com\/tr\/wp-json\/wp\/v2\/product\/313956","targetHints":{"allow":["GET"]}}],"collection":[{"href":"https:\/\/www.purejewels.com\/tr\/wp-json\/wp\/v2\/product"}],"about":[{"href":"https:\/\/www.purejewels.com\/tr\/wp-json\/wp\/v2\/types\/product"}],"replies":[{"embeddable":true,"href":"https:\/\/www.purejewels.com\/tr\/wp-json\/wp\/v2\/comments?post=313956"}],"version-history":[{"count":1,"href":"https:\/\/www.purejewels.com\/tr\/wp-json\/wp\/v2\/product\/313956\/revisions"}],"predecessor-version":[{"id":427518,"href":"https:\/\/www.purejewels.com\/tr\/wp-json\/wp\/v2\/product\/313956\/revisions\/427518"}],"wp:featuredmedia":[{"embeddable":true,"href":"https:\/\/www.purejewels.com\/tr\/wp-json\/wp\/v2\/media\/313958"}],"wp:attachment":[{"href":"https:\/\/www.purejewels.com\/tr\/wp-json\/wp\/v2\/media?parent=313956"}],"wp:term":[{"taxonomy":"product_brand","embeddable":true,"href":"https:\/\/www.purejewels.com\/tr\/wp-json\/wp\/v2\/product_brand?post=313956"},{"taxonomy":"product_cat","embeddable":true,"href":"https:\/\/www.purejewels.com\/tr\/wp-json\/wp\/v2\/product_cat?post=313956"},{"taxonomy":"product_tag","embeddable":true,"href":"https:\/\/www.purejewels.com\/tr\/wp-json\/wp\/v2\/product_tag?post=313956"}],"curies":[{"name":"wp","href":"https:\/\/api.w.org\/{rel}","templated":true}]}}