{"id":314027,"date":"2020-05-16T12:24:47","date_gmt":"2020-05-16T11:24:47","guid":{"rendered":"https:\/\/www.purejewels.com\/?post_type=product&#038;p=314027"},"modified":"2026-03-05T06:29:08","modified_gmt":"2026-03-05T06:29:08","slug":"yeni-dogan-bebek-icin-22-ayar-altin-kimlik-bilezigi-32813","status":"publish","type":"product","link":"https:\/\/www.purejewels.com\/tr\/product\/22ct-gold-id-bracelet-for-new-born-baby-32813\/","title":{"rendered":"Yeni do\u011fan bebek i\u00e7in ilk bilezik"},"content":{"rendered":"<p>Kar\u015f\u0131n\u0131zda, yeni do\u011fan bebekler i\u00e7in \u00f6zel olarak tasarlanm\u0131\u015f \u00e7arp\u0131c\u0131 22 ayar alt\u0131n kimlik bilekli\u011fimiz. Bu damgal\u0131 <a href=\"https:\/\/www.purejewels.com\/tr\/urun-kategori%cc%87si%cc%87\/kim-icin-ne-zaman\/cocuk-takilari\/\">\u00e7ocuk alt\u0131n tak\u0131lar\u0131<\/a> k\u00fc\u00e7\u00fck \u00e7ocu\u011funuz i\u00e7in sevgi ve korumay\u0131 simgeleyen m\u00fckemmel bir ilk bilekliktir. Yakla\u015f\u0131k 5,5 in\u00e7 veya 14 cm uzunlu\u011funda ve 6 gram a\u011f\u0131rl\u0131\u011f\u0131nda olan bu bileklik, bebeklerden \u00e7ocuklara kadar her ya\u015ftan \u00e7ocuk i\u00e7in uygundur.<\/p>\n<p>Her bir bilezik titizlikle haz\u0131rlanm\u0131\u015f ve Londra Tahlil Ofisi taraf\u0131ndan damgalanarak alt\u0131n\u0131n en y\u00fcksek kalite ve safl\u0131kta olmas\u0131 sa\u011flanm\u0131\u015ft\u0131r. Hediye kutusunda g\u00fczel bir \u015fekilde sunulan bu bilezik, yeni gelenler veya \u00f6zel g\u00fcnler i\u00e7in ideal bir hediyedir.<\/p>\n<p>\u015eimdi sipari\u015f verin ve bu zamans\u0131z m\u00fccevheri y\u0131llarca el \u00fcst\u00fcnde tutun.<\/p>","protected":false},"excerpt":{"rendered":"<ul>\n<li>22ct\u00a0<span id=\"urn:enhancement-301745b4\" class=\"textannotation disambiguated wl-thing\">Alt\u0131n<\/span>\u00a0KIMLIK\u00a0<span id=\"urn:enhancement-2ca179c3\" class=\"textannotation disambiguated wl-thing\">Bilezik<\/span>\u00a0yeni do\u011fan bebek i\u00e7in.<\/li>\n<li>\u00c7ocuklar, \u00c7ocuklar, \u00c7ocuk, Bebek, Yeni Do\u011fan i\u00e7in uygundur.<\/li>\n<li>22 ayar damgal\u0131 <a href=\"https:\/\/www.purejewels.com\/tr\/urun-kategori%cc%87si%cc%87\/kim-icin-ne-zaman\/cocuk-takilari\/\">\u00e7ocuk\u00a0<span id=\"urn:enhancement-65df83c7\" class=\"textannotation disambiguated wl-thing\">alt\u0131n<\/span>\u00a0<span id=\"urn:enhancement-5c7f2281\" class=\"textannotation disambiguated wl-thing\">M\u00dcCEVHERLER<\/span><\/a>.<\/li>\n<li>Yakla\u015f\u0131k Uzunluk: 5,5 \u0130n\u00e7 veya 14 cm.<\/li>\n<li>A\u011f\u0131rl\u0131k: 6 gms<\/li>\n<li>SKU. 32813<\/li>\n<li>T\u00fcm fiyatlara KDV dahildir<\/li>\n<li>22ct\u00a0<span id=\"urn:enhancement-c044716f\" class=\"textannotation disambiguated wl-thing\">Alt\u0131n<\/span>\u00a0Londra taraf\u0131ndan damgalanm\u0131\u015ft\u0131r\u00a0<span id=\"urn:enhancement-b7e6cfa9\" class=\"textannotation\">Tahlil Ofisi<\/span><\/li>\n<li>Sunum ile Birlikte Gelir\u00a0<span id=\"urn:enhancement-c34789f5\" class=\"textannotation\">Kutu<\/span><\/li>\n<li><span id=\"urn:enhancement-5f3c76c7\" class=\"textannotation\">Teslimat<\/span>\u00a0Dahil<\/li>\n<li>Uygunluk durumu ve \u015fu anda mevcut olan benzer tasar\u0131mlar\u0131n daha fazla g\u00f6r\u00fcnt\u00fcs\u00fc i\u00e7in bizimle canl\u0131 sohbet edin\u00a0<span id=\"urn:enhancement-269520ff\" class=\"textannotation\">stok<\/span><\/li>\n<\/ul>","protected":false},"featured_media":314666,"comment_status":"closed","ping_status":"closed","template":"","meta":{"_eb_attr":"","_crsspst_to_jayantr4sg-hostcom":true},"product_brand":[],"product_cat":[1576,1324,1436],"product_tag":[],"class_list":{"0":"post-314027","1":"product","2":"type-product","3":"status-publish","4":"has-post-thumbnail","6":"product_cat-childrens-jewellery","7":"product_cat-gold-bracelet","8":"product_cat-kids-bracelet-kada","10":"first","11":"outofstock","12":"taxable","13":"shipping-taxable","14":"product-type-simple","15":"add-to-wishlist-before_image"},"yoast_head":"<!-- This site is optimized with the Yoast SEO plugin v27.3 - https:\/\/yoast.com\/product\/yoast-seo-wordpress\/ -->\n<title>22ct Hallmarked children&#039;s\u00a0gold\u00a0jewellery | PureJewels UK<\/title>\n<meta name=\"description\" content=\"Shop our exquisite collection of 22ct gold ID bracelets for newborn babies. Order your 22ct gold ID bracelet for newborn baby today\" \/>\n<meta name=\"robots\" content=\"index, follow, max-snippet:-1, max-image-preview:large, max-video-preview:-1\" \/>\n<link rel=\"canonical\" href=\"https:\/\/www.purejewels.com\/tr\/urun\/yeni-dogan-bebek-icin-22-ayar-altin-kimlik-bilezigi-32813\/\" \/>\n<meta property=\"og:locale\" content=\"tr_TR\" \/>\n<meta property=\"og:type\" content=\"article\" \/>\n<meta property=\"og:title\" content=\"22ct Hallmarked children&#039;s\u00a0gold\u00a0jewellery | PureJewels UK\" \/>\n<meta property=\"og:description\" content=\"Shop our exquisite collection of 22ct gold ID bracelets for newborn babies. Order your 22ct gold ID bracelet for newborn baby today\" \/>\n<meta property=\"og:url\" content=\"https:\/\/www.purejewels.com\/tr\/urun\/yeni-dogan-bebek-icin-22-ayar-altin-kimlik-bilezigi-32813\/\" \/>\n<meta property=\"og:site_name\" content=\"PureJewels UK\" \/>\n<meta property=\"article:modified_time\" content=\"2026-03-05T06:29:08+00:00\" \/>\n<meta property=\"og:image\" content=\"https:\/\/static.purejewels.com\/wp-content\/uploads\/2020\/06\/image174417056.jpg\" \/>\n\t<meta property=\"og:image:width\" content=\"1000\" \/>\n\t<meta property=\"og:image:height\" content=\"1000\" \/>\n\t<meta property=\"og:image:type\" content=\"image\/jpeg\" \/>\n<meta name=\"twitter:card\" content=\"summary_large_image\" \/>\n<meta name=\"twitter:label1\" content=\"Tahmini okuma s\u00fcresi\" \/>\n\t<meta name=\"twitter:data1\" content=\"1 dakika\" \/>\n<script type=\"application\/ld+json\" class=\"yoast-schema-graph\">{\"@context\":\"https:\\\/\\\/schema.org\",\"@graph\":[{\"@type\":[\"WebPage\",\"ItemPage\"],\"@id\":\"https:\\\/\\\/www.purejewels.com\\\/product\\\/22ct-gold-id-bracelet-for-new-born-baby-32813\\\/\",\"url\":\"https:\\\/\\\/www.purejewels.com\\\/product\\\/22ct-gold-id-bracelet-for-new-born-baby-32813\\\/\",\"name\":\"22ct Hallmarked children's\u00a0gold\u00a0jewellery | PureJewels UK\",\"isPartOf\":{\"@id\":\"https:\\\/\\\/www.purejewels.com\\\/#website\"},\"primaryImageOfPage\":{\"@id\":\"https:\\\/\\\/www.purejewels.com\\\/product\\\/22ct-gold-id-bracelet-for-new-born-baby-32813\\\/#primaryimage\"},\"image\":{\"@id\":\"https:\\\/\\\/www.purejewels.com\\\/product\\\/22ct-gold-id-bracelet-for-new-born-baby-32813\\\/#primaryimage\"},\"thumbnailUrl\":\"https:\\\/\\\/static.purejewels.com\\\/wp-content\\\/uploads\\\/2020\\\/06\\\/image174417056.jpg\",\"datePublished\":\"2020-05-16T11:24:47+00:00\",\"dateModified\":\"2026-03-05T06:29:08+00:00\",\"description\":\"Shop our exquisite collection of 22ct gold ID bracelets for newborn babies. Order your 22ct gold ID bracelet for newborn baby today\",\"breadcrumb\":{\"@id\":\"https:\\\/\\\/www.purejewels.com\\\/product\\\/22ct-gold-id-bracelet-for-new-born-baby-32813\\\/#breadcrumb\"},\"inLanguage\":\"tr\",\"potentialAction\":[{\"@type\":\"ReadAction\",\"target\":[\"https:\\\/\\\/www.purejewels.com\\\/product\\\/22ct-gold-id-bracelet-for-new-born-baby-32813\\\/\"]}]},{\"@type\":\"ImageObject\",\"inLanguage\":\"tr\",\"@id\":\"https:\\\/\\\/www.purejewels.com\\\/product\\\/22ct-gold-id-bracelet-for-new-born-baby-32813\\\/#primaryimage\",\"url\":\"https:\\\/\\\/static.purejewels.com\\\/wp-content\\\/uploads\\\/2020\\\/06\\\/image174417056.jpg\",\"contentUrl\":\"https:\\\/\\\/static.purejewels.com\\\/wp-content\\\/uploads\\\/2020\\\/06\\\/image174417056.jpg\",\"width\":1000,\"height\":1000,\"caption\":\"22ct Gold Light ID Baby Bracelet YGBT055\"},{\"@type\":\"BreadcrumbList\",\"@id\":\"https:\\\/\\\/www.purejewels.com\\\/product\\\/22ct-gold-id-bracelet-for-new-born-baby-32813\\\/#breadcrumb\",\"itemListElement\":[{\"@type\":\"ListItem\",\"position\":1,\"name\":\"Home\",\"item\":\"https:\\\/\\\/www.purejewels.com\\\/\"},{\"@type\":\"ListItem\",\"position\":2,\"name\":\"Shop\",\"item\":\"https:\\\/\\\/www.purejewels.com\\\/shop\\\/\"},{\"@type\":\"ListItem\",\"position\":3,\"name\":\"First Bracelet for new born baby\"}]},{\"@type\":\"WebSite\",\"@id\":\"https:\\\/\\\/www.purejewels.com\\\/#website\",\"url\":\"https:\\\/\\\/www.purejewels.com\\\/\",\"name\":\"PureJewels UK\",\"description\":\"Share the Love\",\"publisher\":{\"@id\":\"https:\\\/\\\/www.purejewels.com\\\/#organization\"},\"potentialAction\":[{\"@type\":\"SearchAction\",\"target\":{\"@type\":\"EntryPoint\",\"urlTemplate\":\"https:\\\/\\\/www.purejewels.com\\\/?s={search_term_string}\"},\"query-input\":{\"@type\":\"PropertyValueSpecification\",\"valueRequired\":true,\"valueName\":\"search_term_string\"}}],\"inLanguage\":\"tr\"},{\"@type\":\"Organization\",\"@id\":\"https:\\\/\\\/www.purejewels.com\\\/#organization\",\"name\":\"PureJewels UK\",\"url\":\"https:\\\/\\\/www.purejewels.com\\\/\",\"logo\":{\"@type\":\"ImageObject\",\"inLanguage\":\"tr\",\"@id\":\"https:\\\/\\\/www.purejewels.com\\\/#\\\/schema\\\/logo\\\/image\\\/\",\"url\":\"https:\\\/\\\/static.purejewels.com\\\/wp-content\\\/uploads\\\/2020\\\/11\\\/Logo-PJ-New-1.png\",\"contentUrl\":\"https:\\\/\\\/static.purejewels.com\\\/wp-content\\\/uploads\\\/2020\\\/11\\\/Logo-PJ-New-1.png\",\"width\":150,\"height\":80,\"caption\":\"PureJewels UK\"},\"image\":{\"@id\":\"https:\\\/\\\/www.purejewels.com\\\/#\\\/schema\\\/logo\\\/image\\\/\"}}]}<\/script>\n<!-- \/ Yoast SEO plugin. -->","yoast_head_json":{"title":"22 ayar damgal\u0131 \u00e7ocuk alt\u0131n tak\u0131lar\u0131 | PureJewels UK","description":"Yeni do\u011fan bebekler i\u00e7in 22 ayar alt\u0131n kimlik bileziklerinden olu\u015fan se\u00e7kin koleksiyonumuza g\u00f6z at\u0131n. Yeni do\u011fan bebekler i\u00e7in 22 ayar alt\u0131n kimlik bilekli\u011finizi bug\u00fcn sipari\u015f edin","robots":{"index":"index","follow":"follow","max-snippet":"max-snippet:-1","max-image-preview":"max-image-preview:large","max-video-preview":"max-video-preview:-1"},"canonical":"https:\/\/www.purejewels.com\/tr\/urun\/yeni-dogan-bebek-icin-22-ayar-altin-kimlik-bilezigi-32813\/","og_locale":"tr_TR","og_type":"article","og_title":"22ct Hallmarked children's\u00a0gold\u00a0jewellery | PureJewels UK","og_description":"Shop our exquisite collection of 22ct gold ID bracelets for newborn babies. Order your 22ct gold ID bracelet for newborn baby today","og_url":"https:\/\/www.purejewels.com\/tr\/urun\/yeni-dogan-bebek-icin-22-ayar-altin-kimlik-bilezigi-32813\/","og_site_name":"PureJewels UK","article_modified_time":"2026-03-05T06:29:08+00:00","og_image":[{"width":1000,"height":1000,"url":"https:\/\/static.purejewels.com\/wp-content\/uploads\/2020\/06\/image174417056.jpg","type":"image\/jpeg"}],"twitter_card":"summary_large_image","twitter_misc":{"Tahmini okuma s\u00fcresi":"1 dakika"},"schema":{"@context":"https:\/\/schema.org","@graph":[{"@type":["WebPage","ItemPage"],"@id":"https:\/\/www.purejewels.com\/product\/22ct-gold-id-bracelet-for-new-born-baby-32813\/","url":"https:\/\/www.purejewels.com\/product\/22ct-gold-id-bracelet-for-new-born-baby-32813\/","name":"22 ayar damgal\u0131 \u00e7ocuk alt\u0131n tak\u0131lar\u0131 | PureJewels UK","isPartOf":{"@id":"https:\/\/www.purejewels.com\/#website"},"primaryImageOfPage":{"@id":"https:\/\/www.purejewels.com\/product\/22ct-gold-id-bracelet-for-new-born-baby-32813\/#primaryimage"},"image":{"@id":"https:\/\/www.purejewels.com\/product\/22ct-gold-id-bracelet-for-new-born-baby-32813\/#primaryimage"},"thumbnailUrl":"https:\/\/static.purejewels.com\/wp-content\/uploads\/2020\/06\/image174417056.jpg","datePublished":"2020-05-16T11:24:47+00:00","dateModified":"2026-03-05T06:29:08+00:00","description":"Yeni do\u011fan bebekler i\u00e7in 22 ayar alt\u0131n kimlik bileziklerinden olu\u015fan se\u00e7kin koleksiyonumuza g\u00f6z at\u0131n. Yeni do\u011fan bebekler i\u00e7in 22 ayar alt\u0131n kimlik bilekli\u011finizi bug\u00fcn sipari\u015f edin","breadcrumb":{"@id":"https:\/\/www.purejewels.com\/product\/22ct-gold-id-bracelet-for-new-born-baby-32813\/#breadcrumb"},"inLanguage":"tr","potentialAction":[{"@type":"ReadAction","target":["https:\/\/www.purejewels.com\/product\/22ct-gold-id-bracelet-for-new-born-baby-32813\/"]}]},{"@type":"ImageObject","inLanguage":"tr","@id":"https:\/\/www.purejewels.com\/product\/22ct-gold-id-bracelet-for-new-born-baby-32813\/#primaryimage","url":"https:\/\/static.purejewels.com\/wp-content\/uploads\/2020\/06\/image174417056.jpg","contentUrl":"https:\/\/static.purejewels.com\/wp-content\/uploads\/2020\/06\/image174417056.jpg","width":1000,"height":1000,"caption":"22ct Gold Light ID Baby Bracelet YGBT055"},{"@type":"BreadcrumbList","@id":"https:\/\/www.purejewels.com\/product\/22ct-gold-id-bracelet-for-new-born-baby-32813\/#breadcrumb","itemListElement":[{"@type":"ListItem","position":1,"name":"Home","item":"https:\/\/www.purejewels.com\/"},{"@type":"ListItem","position":2,"name":"Shop","item":"https:\/\/www.purejewels.com\/shop\/"},{"@type":"ListItem","position":3,"name":"First Bracelet for new born baby"}]},{"@type":"WebSite","@id":"https:\/\/www.purejewels.com\/#website","url":"https:\/\/www.purejewels.com\/","name":"PureJewels \u0130ngiltere","description":"Sevgiyi Payla\u015f\u0131n","publisher":{"@id":"https:\/\/www.purejewels.com\/#organization"},"potentialAction":[{"@type":"SearchAction","target":{"@type":"EntryPoint","urlTemplate":"https:\/\/www.purejewels.com\/?s={search_term_string}"},"query-input":{"@type":"PropertyValueSpecification","valueRequired":true,"valueName":"search_term_string"}}],"inLanguage":"tr"},{"@type":"Organization","@id":"https:\/\/www.purejewels.com\/#organization","name":"PureJewels \u0130ngiltere","url":"https:\/\/www.purejewels.com\/","logo":{"@type":"ImageObject","inLanguage":"tr","@id":"https:\/\/www.purejewels.com\/#\/schema\/logo\/image\/","url":"https:\/\/static.purejewels.com\/wp-content\/uploads\/2020\/11\/Logo-PJ-New-1.png","contentUrl":"https:\/\/static.purejewels.com\/wp-content\/uploads\/2020\/11\/Logo-PJ-New-1.png","width":150,"height":80,"caption":"PureJewels UK"},"image":{"@id":"https:\/\/www.purejewels.com\/#\/schema\/logo\/image\/"}}]}},"_links":{"self":[{"href":"https:\/\/www.purejewels.com\/tr\/wp-json\/wp\/v2\/product\/314027","targetHints":{"allow":["GET"]}}],"collection":[{"href":"https:\/\/www.purejewels.com\/tr\/wp-json\/wp\/v2\/product"}],"about":[{"href":"https:\/\/www.purejewels.com\/tr\/wp-json\/wp\/v2\/types\/product"}],"replies":[{"embeddable":true,"href":"https:\/\/www.purejewels.com\/tr\/wp-json\/wp\/v2\/comments?post=314027"}],"version-history":[{"count":3,"href":"https:\/\/www.purejewels.com\/tr\/wp-json\/wp\/v2\/product\/314027\/revisions"}],"predecessor-version":[{"id":426613,"href":"https:\/\/www.purejewels.com\/tr\/wp-json\/wp\/v2\/product\/314027\/revisions\/426613"}],"wp:featuredmedia":[{"embeddable":true,"href":"https:\/\/www.purejewels.com\/tr\/wp-json\/wp\/v2\/media\/314666"}],"wp:attachment":[{"href":"https:\/\/www.purejewels.com\/tr\/wp-json\/wp\/v2\/media?parent=314027"}],"wp:term":[{"taxonomy":"product_brand","embeddable":true,"href":"https:\/\/www.purejewels.com\/tr\/wp-json\/wp\/v2\/product_brand?post=314027"},{"taxonomy":"product_cat","embeddable":true,"href":"https:\/\/www.purejewels.com\/tr\/wp-json\/wp\/v2\/product_cat?post=314027"},{"taxonomy":"product_tag","embeddable":true,"href":"https:\/\/www.purejewels.com\/tr\/wp-json\/wp\/v2\/product_tag?post=314027"}],"curies":[{"name":"wp","href":"https:\/\/api.w.org\/{rel}","templated":true}]}}