{"id":314036,"date":"2020-05-16T13:41:29","date_gmt":"2020-05-16T12:41:29","guid":{"rendered":"https:\/\/www.purejewels.com\/?post_type=product&#038;p=314036"},"modified":"2026-01-06T09:51:12","modified_gmt":"2026-01-06T09:51:12","slug":"https-www-purejewels-com-product-22-ayar-altin-cocuk-bilekligi-32696","status":"publish","type":"product","link":"https:\/\/www.purejewels.com\/tr\/product\/https-www-purejewels-com-product-22ct-gold-kids-bracelet-32696\/","title":{"rendered":"22 Ayar Alt\u0131n \u00c7ocuk Bilekli\u011fi"},"content":{"rendered":"<p>&nbsp;<\/p>\n<ul>\n<li>A\u011f\u0131rl\u0131k: 2,5 grms<\/li>\n<li>SKU.  32696<\/li>\n<\/ul>","protected":false},"excerpt":{"rendered":"<ul>\n<li>22 <span id=\"urn:enhancement-ff536c78\" class=\"textannotation\">Karat<\/span> <span id=\"urn:enhancement-96ae9148\" class=\"textannotation disambiguated wl-thing\">Alt\u0131n<\/span> Bebek Bilekli\u011fi<\/li>\n<li>ile <span id=\"urn:enhancement-ac5db594\" class=\"textannotation disambiguated wl-thing\">Rodyum<\/span> Bitir.<\/li>\n<li>\u00c7ocuklar, \u00c7ocuklar, \u00c7ocuk, Bebek, Yeni Do\u011fan i\u00e7in uygundur.<\/li>\n<li>A\u011f\u0131rl\u0131k: 2,5 grms<\/li>\n<li>SKU.  32696<\/li>\n<li>T\u00fcm fiyatlara KDV dahildir<\/li>\n<li>22ct <span id=\"urn:enhancement-ab31bb0a\" class=\"textannotation disambiguated wl-thing\">Alt\u0131n<\/span>\u00a0Londra taraf\u0131ndan damgalanm\u0131\u015ft\u0131r <span id=\"urn:enhancement-7fe42079\" class=\"textannotation\">Tahlil Ofisi<\/span><\/li>\n<li>Sunum Kutusu ile Birlikte Gelir<\/li>\n<li>Teslimat Dahil<\/li>\n<li>Uygunluk durumu ve \u015fu anda mevcut olan benzer tasar\u0131mlar\u0131n daha fazla g\u00f6r\u00fcnt\u00fcs\u00fc i\u00e7in bizimle canl\u0131 sohbet edin <span id=\"urn:enhancement-973eb2cb\" class=\"textannotation\">stok<\/span><\/li>\n<\/ul>","protected":false},"featured_media":314037,"comment_status":"closed","ping_status":"closed","template":"","meta":{"_eb_attr":"","_crsspst_to_jayantr4sg-hostcom":false},"product_brand":[],"product_cat":[1576,1324,1436],"product_tag":[1546],"class_list":{"0":"post-314036","1":"product","2":"type-product","3":"status-publish","4":"has-post-thumbnail","6":"product_cat-childrens-jewellery","7":"product_cat-gold-bracelet","8":"product_cat-kids-bracelet-kada","9":"product_tag-children","11":"first","12":"outofstock","13":"taxable","14":"shipping-taxable","15":"product-type-simple","16":"add-to-wishlist-before_image"},"yoast_head":"<!-- This site is optimized with the Yoast SEO plugin v27.3 - https:\/\/yoast.com\/product\/yoast-seo-wordpress\/ -->\n<title>22ct Gold Kids Bracelet - PureJewels UK<\/title>\n<meta name=\"robots\" content=\"index, follow, max-snippet:-1, max-image-preview:large, max-video-preview:-1\" \/>\n<link rel=\"canonical\" href=\"https:\/\/www.purejewels.com\/tr\/urun\/https-www-purejewels-com-product-22-ayar-altin-cocuk-bilekligi-32696\/\" \/>\n<meta property=\"og:locale\" content=\"tr_TR\" \/>\n<meta property=\"og:type\" content=\"article\" \/>\n<meta property=\"og:title\" content=\"22ct Gold Kids Bracelet - PureJewels UK\" \/>\n<meta property=\"og:description\" content=\"22 Carat Gold Baby Bracelet  with a Rhodium finish.  Suitable for kids, Children, Child, Infant, New Born.  Wt : 2.5 grms  SKU.\u00a0 32696  All prices include VAT  22ct Gold\u00a0Hallmarked by London Assay Office  Comes With Presentation Box  Delivery Included  Live chat with us for availability and more images of similar designs currently in stock\" \/>\n<meta property=\"og:url\" content=\"https:\/\/www.purejewels.com\/tr\/urun\/https-www-purejewels-com-product-22-ayar-altin-cocuk-bilekligi-32696\/\" \/>\n<meta property=\"og:site_name\" content=\"PureJewels UK\" \/>\n<meta property=\"article:modified_time\" content=\"2026-01-06T09:51:12+00:00\" \/>\n<meta property=\"og:image\" content=\"https:\/\/www.purejewels.com\/wp-content\/uploads\/2020\/05\/167034003.png\" \/>\n\t<meta property=\"og:image:width\" content=\"1000\" \/>\n\t<meta property=\"og:image:height\" content=\"1000\" \/>\n\t<meta property=\"og:image:type\" content=\"image\/png\" \/>\n<meta name=\"twitter:card\" content=\"summary_large_image\" \/>\n<script type=\"application\/ld+json\" class=\"yoast-schema-graph\">{\"@context\":\"https:\\\/\\\/schema.org\",\"@graph\":[{\"@type\":[\"WebPage\",\"ItemPage\"],\"@id\":\"https:\\\/\\\/www.purejewels.com\\\/product\\\/https-www-purejewels-com-product-22ct-gold-kids-bracelet-32696\\\/\",\"url\":\"https:\\\/\\\/www.purejewels.com\\\/product\\\/https-www-purejewels-com-product-22ct-gold-kids-bracelet-32696\\\/\",\"name\":\"22ct Gold Kids Bracelet - PureJewels UK\",\"isPartOf\":{\"@id\":\"https:\\\/\\\/www.purejewels.com\\\/#website\"},\"primaryImageOfPage\":{\"@id\":\"https:\\\/\\\/www.purejewels.com\\\/product\\\/https-www-purejewels-com-product-22ct-gold-kids-bracelet-32696\\\/#primaryimage\"},\"image\":{\"@id\":\"https:\\\/\\\/www.purejewels.com\\\/product\\\/https-www-purejewels-com-product-22ct-gold-kids-bracelet-32696\\\/#primaryimage\"},\"thumbnailUrl\":\"https:\\\/\\\/static.purejewels.com\\\/wp-content\\\/uploads\\\/2020\\\/05\\\/167034003.png\",\"datePublished\":\"2020-05-16T12:41:29+00:00\",\"dateModified\":\"2026-01-06T09:51:12+00:00\",\"breadcrumb\":{\"@id\":\"https:\\\/\\\/www.purejewels.com\\\/product\\\/https-www-purejewels-com-product-22ct-gold-kids-bracelet-32696\\\/#breadcrumb\"},\"inLanguage\":\"tr\",\"potentialAction\":[{\"@type\":\"ReadAction\",\"target\":[\"https:\\\/\\\/www.purejewels.com\\\/product\\\/https-www-purejewels-com-product-22ct-gold-kids-bracelet-32696\\\/\"]}]},{\"@type\":\"ImageObject\",\"inLanguage\":\"tr\",\"@id\":\"https:\\\/\\\/www.purejewels.com\\\/product\\\/https-www-purejewels-com-product-22ct-gold-kids-bracelet-32696\\\/#primaryimage\",\"url\":\"https:\\\/\\\/static.purejewels.com\\\/wp-content\\\/uploads\\\/2020\\\/05\\\/167034003.png\",\"contentUrl\":\"https:\\\/\\\/static.purejewels.com\\\/wp-content\\\/uploads\\\/2020\\\/05\\\/167034003.png\",\"width\":1000,\"height\":1000,\"caption\":\"22ct Gold Light Yellow and Rhodium Beads Baby Bracelet YGBT009\"},{\"@type\":\"BreadcrumbList\",\"@id\":\"https:\\\/\\\/www.purejewels.com\\\/product\\\/https-www-purejewels-com-product-22ct-gold-kids-bracelet-32696\\\/#breadcrumb\",\"itemListElement\":[{\"@type\":\"ListItem\",\"position\":1,\"name\":\"Home\",\"item\":\"https:\\\/\\\/www.purejewels.com\\\/\"},{\"@type\":\"ListItem\",\"position\":2,\"name\":\"Shop\",\"item\":\"https:\\\/\\\/www.purejewels.com\\\/shop\\\/\"},{\"@type\":\"ListItem\",\"position\":3,\"name\":\"22ct Gold Kids Bracelet\"}]},{\"@type\":\"WebSite\",\"@id\":\"https:\\\/\\\/www.purejewels.com\\\/#website\",\"url\":\"https:\\\/\\\/www.purejewels.com\\\/\",\"name\":\"PureJewels UK\",\"description\":\"Share the Love\",\"publisher\":{\"@id\":\"https:\\\/\\\/www.purejewels.com\\\/#organization\"},\"potentialAction\":[{\"@type\":\"SearchAction\",\"target\":{\"@type\":\"EntryPoint\",\"urlTemplate\":\"https:\\\/\\\/www.purejewels.com\\\/?s={search_term_string}\"},\"query-input\":{\"@type\":\"PropertyValueSpecification\",\"valueRequired\":true,\"valueName\":\"search_term_string\"}}],\"inLanguage\":\"tr\"},{\"@type\":\"Organization\",\"@id\":\"https:\\\/\\\/www.purejewels.com\\\/#organization\",\"name\":\"PureJewels UK\",\"url\":\"https:\\\/\\\/www.purejewels.com\\\/\",\"logo\":{\"@type\":\"ImageObject\",\"inLanguage\":\"tr\",\"@id\":\"https:\\\/\\\/www.purejewels.com\\\/#\\\/schema\\\/logo\\\/image\\\/\",\"url\":\"https:\\\/\\\/static.purejewels.com\\\/wp-content\\\/uploads\\\/2020\\\/11\\\/Logo-PJ-New-1.png\",\"contentUrl\":\"https:\\\/\\\/static.purejewels.com\\\/wp-content\\\/uploads\\\/2020\\\/11\\\/Logo-PJ-New-1.png\",\"width\":150,\"height\":80,\"caption\":\"PureJewels UK\"},\"image\":{\"@id\":\"https:\\\/\\\/www.purejewels.com\\\/#\\\/schema\\\/logo\\\/image\\\/\"}}]}<\/script>\n<!-- \/ Yoast SEO plugin. -->","yoast_head_json":{"title":"22 Ayar Alt\u0131n \u00c7ocuk Bilekli\u011fi - PureJewels UK","robots":{"index":"index","follow":"follow","max-snippet":"max-snippet:-1","max-image-preview":"max-image-preview:large","max-video-preview":"max-video-preview:-1"},"canonical":"https:\/\/www.purejewels.com\/tr\/urun\/https-www-purejewels-com-product-22-ayar-altin-cocuk-bilekligi-32696\/","og_locale":"tr_TR","og_type":"article","og_title":"22ct Gold Kids Bracelet - PureJewels UK","og_description":"22 Carat Gold Baby Bracelet  with a Rhodium finish.  Suitable for kids, Children, Child, Infant, New Born.  Wt : 2.5 grms  SKU.\u00a0 32696  All prices include VAT  22ct Gold\u00a0Hallmarked by London Assay Office  Comes With Presentation Box  Delivery Included  Live chat with us for availability and more images of similar designs currently in stock","og_url":"https:\/\/www.purejewels.com\/tr\/urun\/https-www-purejewels-com-product-22-ayar-altin-cocuk-bilekligi-32696\/","og_site_name":"PureJewels UK","article_modified_time":"2026-01-06T09:51:12+00:00","og_image":[{"width":1000,"height":1000,"url":"https:\/\/www.purejewels.com\/wp-content\/uploads\/2020\/05\/167034003.png","type":"image\/png"}],"twitter_card":"summary_large_image","schema":{"@context":"https:\/\/schema.org","@graph":[{"@type":["WebPage","ItemPage"],"@id":"https:\/\/www.purejewels.com\/product\/https-www-purejewels-com-product-22ct-gold-kids-bracelet-32696\/","url":"https:\/\/www.purejewels.com\/product\/https-www-purejewels-com-product-22ct-gold-kids-bracelet-32696\/","name":"22 Ayar Alt\u0131n \u00c7ocuk Bilekli\u011fi - PureJewels UK","isPartOf":{"@id":"https:\/\/www.purejewels.com\/#website"},"primaryImageOfPage":{"@id":"https:\/\/www.purejewels.com\/product\/https-www-purejewels-com-product-22ct-gold-kids-bracelet-32696\/#primaryimage"},"image":{"@id":"https:\/\/www.purejewels.com\/product\/https-www-purejewels-com-product-22ct-gold-kids-bracelet-32696\/#primaryimage"},"thumbnailUrl":"https:\/\/static.purejewels.com\/wp-content\/uploads\/2020\/05\/167034003.png","datePublished":"2020-05-16T12:41:29+00:00","dateModified":"2026-01-06T09:51:12+00:00","breadcrumb":{"@id":"https:\/\/www.purejewels.com\/product\/https-www-purejewels-com-product-22ct-gold-kids-bracelet-32696\/#breadcrumb"},"inLanguage":"tr","potentialAction":[{"@type":"ReadAction","target":["https:\/\/www.purejewels.com\/product\/https-www-purejewels-com-product-22ct-gold-kids-bracelet-32696\/"]}]},{"@type":"ImageObject","inLanguage":"tr","@id":"https:\/\/www.purejewels.com\/product\/https-www-purejewels-com-product-22ct-gold-kids-bracelet-32696\/#primaryimage","url":"https:\/\/static.purejewels.com\/wp-content\/uploads\/2020\/05\/167034003.png","contentUrl":"https:\/\/static.purejewels.com\/wp-content\/uploads\/2020\/05\/167034003.png","width":1000,"height":1000,"caption":"22ct Gold Light Yellow and Rhodium Beads Baby Bracelet YGBT009"},{"@type":"BreadcrumbList","@id":"https:\/\/www.purejewels.com\/product\/https-www-purejewels-com-product-22ct-gold-kids-bracelet-32696\/#breadcrumb","itemListElement":[{"@type":"ListItem","position":1,"name":"Home","item":"https:\/\/www.purejewels.com\/"},{"@type":"ListItem","position":2,"name":"Shop","item":"https:\/\/www.purejewels.com\/shop\/"},{"@type":"ListItem","position":3,"name":"22ct Gold Kids Bracelet"}]},{"@type":"WebSite","@id":"https:\/\/www.purejewels.com\/#website","url":"https:\/\/www.purejewels.com\/","name":"PureJewels \u0130ngiltere","description":"Sevgiyi Payla\u015f\u0131n","publisher":{"@id":"https:\/\/www.purejewels.com\/#organization"},"potentialAction":[{"@type":"SearchAction","target":{"@type":"EntryPoint","urlTemplate":"https:\/\/www.purejewels.com\/?s={search_term_string}"},"query-input":{"@type":"PropertyValueSpecification","valueRequired":true,"valueName":"search_term_string"}}],"inLanguage":"tr"},{"@type":"Organization","@id":"https:\/\/www.purejewels.com\/#organization","name":"PureJewels \u0130ngiltere","url":"https:\/\/www.purejewels.com\/","logo":{"@type":"ImageObject","inLanguage":"tr","@id":"https:\/\/www.purejewels.com\/#\/schema\/logo\/image\/","url":"https:\/\/static.purejewels.com\/wp-content\/uploads\/2020\/11\/Logo-PJ-New-1.png","contentUrl":"https:\/\/static.purejewels.com\/wp-content\/uploads\/2020\/11\/Logo-PJ-New-1.png","width":150,"height":80,"caption":"PureJewels UK"},"image":{"@id":"https:\/\/www.purejewels.com\/#\/schema\/logo\/image\/"}}]}},"_links":{"self":[{"href":"https:\/\/www.purejewels.com\/tr\/wp-json\/wp\/v2\/product\/314036","targetHints":{"allow":["GET"]}}],"collection":[{"href":"https:\/\/www.purejewels.com\/tr\/wp-json\/wp\/v2\/product"}],"about":[{"href":"https:\/\/www.purejewels.com\/tr\/wp-json\/wp\/v2\/types\/product"}],"replies":[{"embeddable":true,"href":"https:\/\/www.purejewels.com\/tr\/wp-json\/wp\/v2\/comments?post=314036"}],"version-history":[{"count":1,"href":"https:\/\/www.purejewels.com\/tr\/wp-json\/wp\/v2\/product\/314036\/revisions"}],"predecessor-version":[{"id":371502,"href":"https:\/\/www.purejewels.com\/tr\/wp-json\/wp\/v2\/product\/314036\/revisions\/371502"}],"wp:featuredmedia":[{"embeddable":true,"href":"https:\/\/www.purejewels.com\/tr\/wp-json\/wp\/v2\/media\/314037"}],"wp:attachment":[{"href":"https:\/\/www.purejewels.com\/tr\/wp-json\/wp\/v2\/media?parent=314036"}],"wp:term":[{"taxonomy":"product_brand","embeddable":true,"href":"https:\/\/www.purejewels.com\/tr\/wp-json\/wp\/v2\/product_brand?post=314036"},{"taxonomy":"product_cat","embeddable":true,"href":"https:\/\/www.purejewels.com\/tr\/wp-json\/wp\/v2\/product_cat?post=314036"},{"taxonomy":"product_tag","embeddable":true,"href":"https:\/\/www.purejewels.com\/tr\/wp-json\/wp\/v2\/product_tag?post=314036"}],"curies":[{"name":"wp","href":"https:\/\/api.w.org\/{rel}","templated":true}]}}