{"id":314190,"date":"2020-05-20T12:35:28","date_gmt":"2020-05-20T11:35:28","guid":{"rendered":"https:\/\/www.purejewels.com\/?post_type=product&#038;p=314190"},"modified":"2026-03-25T10:35:58","modified_gmt":"2026-03-25T10:35:58","slug":"22-ayar-altin-kupe-32301","status":"publish","type":"product","link":"https:\/\/www.purejewels.com\/tr\/product\/22ct-gold-earring-32301\/","title":{"rendered":"22 Ayar Alt\u0131n CZ \u00c7ift S\u0131ral\u0131 Halka K\u00fcpe"},"content":{"rendered":"<p><a href=\"https:\/\/www.purejewels.com\/tr\/product\/22ct-gold-jali-filigree-ring-jali-collection-31926\/\">22ct<\/a> alt\u0131n \u00e7ember <a href=\"https:\/\/www.purejewels.com\/tr\/product-category\/22ct-gold-jewellery\/gold-earrings\/\">K\u00fcpeler<\/a> \u00e7ift s\u0131ra CZ ta\u015fl\u0131 ve p\u00fcr\u00fczs\u00fcz kavisli bir profile sahiptir.<\/p>","protected":false},"excerpt":{"rendered":"<ul>\n<li>22ct <span id=\"urn:enhancement-8e5e82cd\" class=\"textannotation\">Alt\u0131n<\/span> CZ <span id=\"urn:enhancement-19a4c3d0\" class=\"textannotation\">Dam\u0131zl\u0131k<\/span> K\u00fcpeler<\/li>\n<li>A\u011f\u0131rl\u0131k 2.2 g<\/li>\n<li><span id=\"urn:enhancement-450a0217\" class=\"textannotation\">SKU<\/span>. 32301<\/li>\n<li>T\u00fcm\u00fc <span id=\"urn:enhancement-5bb27e43\" class=\"textannotation\">fiyatlar<\/span> \u015funlar\u0131 i\u00e7erir <span id=\"urn:enhancement-cde8f3a\" class=\"textannotation\">KDV<\/span><\/li>\n<li>22ct <span id=\"urn:enhancement-39e078c6\" class=\"textannotation\">Alt\u0131n<\/span>\u00a0Taraf\u0131ndan damgalanm\u0131\u015ft\u0131r <span id=\"urn:enhancement-39cd8fb6\" class=\"textannotation\">Londra<\/span> <span id=\"urn:enhancement-7fe34825\" class=\"textannotation\">Tahlil Ofisi<\/span><\/li>\n<li>Sunum Kutusu ile Birlikte Gelir<\/li>\n<li><span id=\"urn:enhancement-6159cb17\" class=\"textannotation\">Teslimat<\/span> Dahil<\/li>\n<li>Canl\u0131 <span id=\"urn:enhancement-16691d25\" class=\"textannotation\">sohbet<\/span> kullan\u0131labilirlik ve \u015fu anda mevcut olan benzer tasar\u0131mlar\u0131n daha fazla g\u00f6r\u00fcnt\u00fcs\u00fc i\u00e7in bizimle <span id=\"urn:enhancement-973dda77\" class=\"textannotation\">stok<\/span><\/li>\n<\/ul>","protected":false},"featured_media":314192,"comment_status":"closed","ping_status":"closed","template":"","meta":{"_eb_attr":"","_crsspst_to_jayantr4sg-hostcom":true},"product_brand":[],"product_cat":[1791,1559,1254,1579,1575,1574],"product_tag":[],"class_list":{"0":"post-314190","1":"product","2":"type-product","3":"status-publish","4":"has-post-thumbnail","6":"product_cat-anniversary-gifts","7":"product_cat-birthday-gifts","8":"product_cat-gold-earrings","9":"product_cat-hoop-earrings","10":"product_cat-teenage-jewellery","11":"product_cat-womens-jewellery","13":"first","14":"outofstock","15":"taxable","16":"shipping-taxable","17":"product-type-simple","18":"add-to-wishlist-before_image"},"yoast_head":"<!-- This site is optimized with the Yoast SEO plugin v27.3 - https:\/\/yoast.com\/product\/yoast-seo-wordpress\/ -->\n<title>22ct Gold CZ Hoop Earrings Double Row Setting | PureJewels<\/title>\n<meta name=\"description\" content=\"Shop 22ct gold hoop earrings with double row CZ stones. A compact curved design with bright stone detailing for everyday wear. PureJewels UK.\" \/>\n<meta name=\"robots\" content=\"index, follow, max-snippet:-1, max-image-preview:large, max-video-preview:-1\" \/>\n<link rel=\"canonical\" href=\"https:\/\/www.purejewels.com\/tr\/urun\/22-ayar-altin-kupe-32301\/\" \/>\n<meta property=\"og:locale\" content=\"tr_TR\" \/>\n<meta property=\"og:type\" content=\"article\" \/>\n<meta property=\"og:title\" content=\"22ct Gold CZ Hoop Earrings Double Row Setting | PureJewels\" \/>\n<meta property=\"og:description\" content=\"Shop 22ct gold hoop earrings with double row CZ stones. A compact curved design with bright stone detailing for everyday wear. PureJewels UK.\" \/>\n<meta property=\"og:url\" content=\"https:\/\/www.purejewels.com\/tr\/urun\/22-ayar-altin-kupe-32301\/\" \/>\n<meta property=\"og:site_name\" content=\"PureJewels UK\" \/>\n<meta property=\"article:modified_time\" content=\"2026-03-25T10:35:58+00:00\" \/>\n<meta property=\"og:image\" content=\"https:\/\/static.purejewels.com\/wp-content\/uploads\/2020\/05\/168556383.jpg\" \/>\n\t<meta property=\"og:image:width\" content=\"300\" \/>\n\t<meta property=\"og:image:height\" content=\"300\" \/>\n\t<meta property=\"og:image:type\" content=\"image\/jpeg\" \/>\n<meta name=\"twitter:card\" content=\"summary_large_image\" \/>\n<meta name=\"twitter:label1\" content=\"Tahmini okuma s\u00fcresi\" \/>\n\t<meta name=\"twitter:data1\" content=\"1 dakika\" \/>\n<script type=\"application\/ld+json\" class=\"yoast-schema-graph\">{\"@context\":\"https:\\\/\\\/schema.org\",\"@graph\":[{\"@type\":[\"WebPage\",\"ItemPage\"],\"@id\":\"https:\\\/\\\/www.purejewels.com\\\/product\\\/22ct-gold-earring-32301\\\/\",\"url\":\"https:\\\/\\\/www.purejewels.com\\\/product\\\/22ct-gold-earring-32301\\\/\",\"name\":\"22ct Gold CZ Hoop Earrings Double Row Setting | PureJewels\",\"isPartOf\":{\"@id\":\"https:\\\/\\\/www.purejewels.com\\\/#website\"},\"primaryImageOfPage\":{\"@id\":\"https:\\\/\\\/www.purejewels.com\\\/product\\\/22ct-gold-earring-32301\\\/#primaryimage\"},\"image\":{\"@id\":\"https:\\\/\\\/www.purejewels.com\\\/product\\\/22ct-gold-earring-32301\\\/#primaryimage\"},\"thumbnailUrl\":\"https:\\\/\\\/static.purejewels.com\\\/wp-content\\\/uploads\\\/2020\\\/05\\\/168556383.jpg\",\"datePublished\":\"2020-05-20T11:35:28+00:00\",\"dateModified\":\"2026-03-25T10:35:58+00:00\",\"description\":\"Shop 22ct gold hoop earrings with double row CZ stones. A compact curved design with bright stone detailing for everyday wear. PureJewels UK.\",\"breadcrumb\":{\"@id\":\"https:\\\/\\\/www.purejewels.com\\\/product\\\/22ct-gold-earring-32301\\\/#breadcrumb\"},\"inLanguage\":\"tr\",\"potentialAction\":[{\"@type\":\"ReadAction\",\"target\":[\"https:\\\/\\\/www.purejewels.com\\\/product\\\/22ct-gold-earring-32301\\\/\"]}]},{\"@type\":\"ImageObject\",\"inLanguage\":\"tr\",\"@id\":\"https:\\\/\\\/www.purejewels.com\\\/product\\\/22ct-gold-earring-32301\\\/#primaryimage\",\"url\":\"https:\\\/\\\/static.purejewels.com\\\/wp-content\\\/uploads\\\/2020\\\/05\\\/168556383.jpg\",\"contentUrl\":\"https:\\\/\\\/static.purejewels.com\\\/wp-content\\\/uploads\\\/2020\\\/05\\\/168556383.jpg\",\"width\":300,\"height\":300,\"caption\":\"22ct Gold Light White CZ Stone Bali Earring YGER269\"},{\"@type\":\"BreadcrumbList\",\"@id\":\"https:\\\/\\\/www.purejewels.com\\\/product\\\/22ct-gold-earring-32301\\\/#breadcrumb\",\"itemListElement\":[{\"@type\":\"ListItem\",\"position\":1,\"name\":\"Home\",\"item\":\"https:\\\/\\\/www.purejewels.com\\\/\"},{\"@type\":\"ListItem\",\"position\":2,\"name\":\"Shop\",\"item\":\"https:\\\/\\\/www.purejewels.com\\\/shop\\\/\"},{\"@type\":\"ListItem\",\"position\":3,\"name\":\"22ct Gold CZ Double Row Hoop Earrings\"}]},{\"@type\":\"WebSite\",\"@id\":\"https:\\\/\\\/www.purejewels.com\\\/#website\",\"url\":\"https:\\\/\\\/www.purejewels.com\\\/\",\"name\":\"PureJewels UK\",\"description\":\"Share the Love\",\"publisher\":{\"@id\":\"https:\\\/\\\/www.purejewels.com\\\/#organization\"},\"potentialAction\":[{\"@type\":\"SearchAction\",\"target\":{\"@type\":\"EntryPoint\",\"urlTemplate\":\"https:\\\/\\\/www.purejewels.com\\\/?s={search_term_string}\"},\"query-input\":{\"@type\":\"PropertyValueSpecification\",\"valueRequired\":true,\"valueName\":\"search_term_string\"}}],\"inLanguage\":\"tr\"},{\"@type\":\"Organization\",\"@id\":\"https:\\\/\\\/www.purejewels.com\\\/#organization\",\"name\":\"PureJewels UK\",\"url\":\"https:\\\/\\\/www.purejewels.com\\\/\",\"logo\":{\"@type\":\"ImageObject\",\"inLanguage\":\"tr\",\"@id\":\"https:\\\/\\\/www.purejewels.com\\\/#\\\/schema\\\/logo\\\/image\\\/\",\"url\":\"https:\\\/\\\/static.purejewels.com\\\/wp-content\\\/uploads\\\/2020\\\/11\\\/Logo-PJ-New-1.png\",\"contentUrl\":\"https:\\\/\\\/static.purejewels.com\\\/wp-content\\\/uploads\\\/2020\\\/11\\\/Logo-PJ-New-1.png\",\"width\":150,\"height\":80,\"caption\":\"PureJewels UK\"},\"image\":{\"@id\":\"https:\\\/\\\/www.purejewels.com\\\/#\\\/schema\\\/logo\\\/image\\\/\"}}]}<\/script>\n<!-- \/ Yoast SEO plugin. -->","yoast_head_json":{"title":"22 Ayar Alt\u0131n CZ Halka K\u00fcpe \u00c7ift S\u0131ral\u0131 Ayar | PureJewels","description":"\u00c7ift s\u0131ra CZ ta\u015fl\u0131 22 ayar alt\u0131n halka k\u00fcpeler sat\u0131n al\u0131n. G\u00fcnl\u00fck kullan\u0131m i\u00e7in parlak ta\u015f detaylar\u0131na sahip kompakt kavisli tasar\u0131m. PureJewels \u0130ngiltere.","robots":{"index":"index","follow":"follow","max-snippet":"max-snippet:-1","max-image-preview":"max-image-preview:large","max-video-preview":"max-video-preview:-1"},"canonical":"https:\/\/www.purejewels.com\/tr\/urun\/22-ayar-altin-kupe-32301\/","og_locale":"tr_TR","og_type":"article","og_title":"22ct Gold CZ Hoop Earrings Double Row Setting | PureJewels","og_description":"Shop 22ct gold hoop earrings with double row CZ stones. A compact curved design with bright stone detailing for everyday wear. PureJewels UK.","og_url":"https:\/\/www.purejewels.com\/tr\/urun\/22-ayar-altin-kupe-32301\/","og_site_name":"PureJewels UK","article_modified_time":"2026-03-25T10:35:58+00:00","og_image":[{"width":300,"height":300,"url":"https:\/\/static.purejewels.com\/wp-content\/uploads\/2020\/05\/168556383.jpg","type":"image\/jpeg"}],"twitter_card":"summary_large_image","twitter_misc":{"Tahmini okuma s\u00fcresi":"1 dakika"},"schema":{"@context":"https:\/\/schema.org","@graph":[{"@type":["WebPage","ItemPage"],"@id":"https:\/\/www.purejewels.com\/product\/22ct-gold-earring-32301\/","url":"https:\/\/www.purejewels.com\/product\/22ct-gold-earring-32301\/","name":"22 Ayar Alt\u0131n CZ Halka K\u00fcpe \u00c7ift S\u0131ral\u0131 Ayar | PureJewels","isPartOf":{"@id":"https:\/\/www.purejewels.com\/#website"},"primaryImageOfPage":{"@id":"https:\/\/www.purejewels.com\/product\/22ct-gold-earring-32301\/#primaryimage"},"image":{"@id":"https:\/\/www.purejewels.com\/product\/22ct-gold-earring-32301\/#primaryimage"},"thumbnailUrl":"https:\/\/static.purejewels.com\/wp-content\/uploads\/2020\/05\/168556383.jpg","datePublished":"2020-05-20T11:35:28+00:00","dateModified":"2026-03-25T10:35:58+00:00","description":"\u00c7ift s\u0131ra CZ ta\u015fl\u0131 22 ayar alt\u0131n halka k\u00fcpeler sat\u0131n al\u0131n. G\u00fcnl\u00fck kullan\u0131m i\u00e7in parlak ta\u015f detaylar\u0131na sahip kompakt kavisli tasar\u0131m. PureJewels \u0130ngiltere.","breadcrumb":{"@id":"https:\/\/www.purejewels.com\/product\/22ct-gold-earring-32301\/#breadcrumb"},"inLanguage":"tr","potentialAction":[{"@type":"ReadAction","target":["https:\/\/www.purejewels.com\/product\/22ct-gold-earring-32301\/"]}]},{"@type":"ImageObject","inLanguage":"tr","@id":"https:\/\/www.purejewels.com\/product\/22ct-gold-earring-32301\/#primaryimage","url":"https:\/\/static.purejewels.com\/wp-content\/uploads\/2020\/05\/168556383.jpg","contentUrl":"https:\/\/static.purejewels.com\/wp-content\/uploads\/2020\/05\/168556383.jpg","width":300,"height":300,"caption":"22ct Gold Light White CZ Stone Bali Earring YGER269"},{"@type":"BreadcrumbList","@id":"https:\/\/www.purejewels.com\/product\/22ct-gold-earring-32301\/#breadcrumb","itemListElement":[{"@type":"ListItem","position":1,"name":"Home","item":"https:\/\/www.purejewels.com\/"},{"@type":"ListItem","position":2,"name":"Shop","item":"https:\/\/www.purejewels.com\/shop\/"},{"@type":"ListItem","position":3,"name":"22ct Gold CZ Double Row Hoop Earrings"}]},{"@type":"WebSite","@id":"https:\/\/www.purejewels.com\/#website","url":"https:\/\/www.purejewels.com\/","name":"PureJewels \u0130ngiltere","description":"Sevgiyi Payla\u015f\u0131n","publisher":{"@id":"https:\/\/www.purejewels.com\/#organization"},"potentialAction":[{"@type":"SearchAction","target":{"@type":"EntryPoint","urlTemplate":"https:\/\/www.purejewels.com\/?s={search_term_string}"},"query-input":{"@type":"PropertyValueSpecification","valueRequired":true,"valueName":"search_term_string"}}],"inLanguage":"tr"},{"@type":"Organization","@id":"https:\/\/www.purejewels.com\/#organization","name":"PureJewels \u0130ngiltere","url":"https:\/\/www.purejewels.com\/","logo":{"@type":"ImageObject","inLanguage":"tr","@id":"https:\/\/www.purejewels.com\/#\/schema\/logo\/image\/","url":"https:\/\/static.purejewels.com\/wp-content\/uploads\/2020\/11\/Logo-PJ-New-1.png","contentUrl":"https:\/\/static.purejewels.com\/wp-content\/uploads\/2020\/11\/Logo-PJ-New-1.png","width":150,"height":80,"caption":"PureJewels UK"},"image":{"@id":"https:\/\/www.purejewels.com\/#\/schema\/logo\/image\/"}}]}},"_links":{"self":[{"href":"https:\/\/www.purejewels.com\/tr\/wp-json\/wp\/v2\/product\/314190","targetHints":{"allow":["GET"]}}],"collection":[{"href":"https:\/\/www.purejewels.com\/tr\/wp-json\/wp\/v2\/product"}],"about":[{"href":"https:\/\/www.purejewels.com\/tr\/wp-json\/wp\/v2\/types\/product"}],"replies":[{"embeddable":true,"href":"https:\/\/www.purejewels.com\/tr\/wp-json\/wp\/v2\/comments?post=314190"}],"version-history":[{"count":3,"href":"https:\/\/www.purejewels.com\/tr\/wp-json\/wp\/v2\/product\/314190\/revisions"}],"predecessor-version":[{"id":427592,"href":"https:\/\/www.purejewels.com\/tr\/wp-json\/wp\/v2\/product\/314190\/revisions\/427592"}],"wp:featuredmedia":[{"embeddable":true,"href":"https:\/\/www.purejewels.com\/tr\/wp-json\/wp\/v2\/media\/314192"}],"wp:attachment":[{"href":"https:\/\/www.purejewels.com\/tr\/wp-json\/wp\/v2\/media?parent=314190"}],"wp:term":[{"taxonomy":"product_brand","embeddable":true,"href":"https:\/\/www.purejewels.com\/tr\/wp-json\/wp\/v2\/product_brand?post=314190"},{"taxonomy":"product_cat","embeddable":true,"href":"https:\/\/www.purejewels.com\/tr\/wp-json\/wp\/v2\/product_cat?post=314190"},{"taxonomy":"product_tag","embeddable":true,"href":"https:\/\/www.purejewels.com\/tr\/wp-json\/wp\/v2\/product_tag?post=314190"}],"curies":[{"name":"wp","href":"https:\/\/api.w.org\/{rel}","templated":true}]}}