{"id":314463,"date":"2020-06-03T12:16:26","date_gmt":"2020-06-03T11:16:26","guid":{"rendered":"https:\/\/www.purejewels.com\/?post_type=product&#038;p=314463"},"modified":"2025-12-26T09:37:12","modified_gmt":"2025-12-26T09:37:12","slug":"22-ayar-altin-tilki-kuyrugu-zincir-20-inc-31142","status":"publish","type":"product","link":"https:\/\/www.purejewels.com\/tr\/product\/22ct-gold-foxtail-chain-20-inches-31142\/","title":{"rendered":"22 ayar alt\u0131n tilki kuyru\u011fu zinciri \u2013 20 in\u00e7"},"content":{"rendered":"<p><strong>Tasar\u0131m:<\/strong><br \/>\nBu 22 ayar alt\u0131n tilki kuyru\u011fu zinciri, \u0131\u015f\u0131k yans\u0131malar\u0131n\u0131 ve hareketleri vurgulayan zarif V ba\u011flant\u0131 tasar\u0131m\u0131na sahip klasik bir par\u00e7ad\u0131r. 20 in\u00e7 uzunlu\u011fu zarif bir sarkma efekti yaratarak, tek ba\u015f\u0131na takmak veya orta boy kolyelerle kombinlemek i\u00e7in m\u00fckemmeldir.<\/p>\n<p><strong>\u0130\u015f\u00e7ilik:<\/strong><br \/>\nHassas bir i\u015f\u00e7ilikle el yap\u0131m\u0131 olan bu tilki kuyru\u011fu zinciri, birinci s\u0131n\u0131f 22 ayar sar\u0131 alt\u0131ndan yap\u0131lm\u0131\u015ft\u0131r. S\u0131k\u0131 bir \u015fekilde birbirine ge\u00e7meli halkalar, dayan\u0131kl\u0131l\u0131k ve esneklik sa\u011flamak i\u00e7in geleneksel tilki kuyru\u011fu desenini kullanarak tasarlanm\u0131\u015ft\u0131r. Parlak cilal\u0131 y\u00fczeyi, p\u00fcr\u00fczs\u00fcz ve l\u00fcks bir dokunu\u015f katar.<\/p>\n<p><strong>Stil:<\/strong><br \/>\nG\u00fcnl\u00fck g\u00f6r\u00fcn\u00fcmleri zenginle\u015ftirmek veya resmi k\u0131yafetlere sofistike bir hava katmak i\u00e7in ideal olan 20 in\u00e7 uzunlu\u011fundaki bu zincir, hem erkekler hem de kad\u0131nlar i\u00e7in uygundur. Bu zincir, her m\u00fccevher koleksiyonunun vazge\u00e7ilmez bir par\u00e7as\u0131d\u0131r ve zahmetsiz bir stil ve zamans\u0131z bir \u00e7ekicilik sunar.<\/p>","protected":false},"excerpt":{"rendered":"<p>20 in\u00e7 uzunlu\u011funda zarif 22 ayar alt\u0131n tilki kuyru\u011fu zinciri, g\u00fcnl\u00fck kullan\u0131m veya katmanlama i\u00e7in rafine ve esnek bir tasar\u0131m sunar.<br \/>\n22 Ayar Alt\u0131n Tilki Kuyru\u011fu Zincir 20 \u0130n\u00e7<br \/>\nA\u011f\u0131rl\u0131k: 6,2 g<br \/>\nUzunluk: 20\u2033 in\u00e7<br \/>\nSKU. 31142<br \/>\nT\u00fcm fiyatlara KDV dahildir<br \/>\nLondra Tahlil Ofisi Taraf\u0131ndan Damgalanm\u0131\u015f 22 Ayar Alt\u0131n<br \/>\nSunum Kutusu ile Birlikte Gelir<br \/>\nTeslimat Dahil<br \/>\nStok durumu ve stokta bulunan benzer tasar\u0131mlar\u0131n daha fazla g\u00f6r\u00fcnt\u00fcs\u00fc i\u00e7in bizimle canl\u0131 sohbet edin<\/p>","protected":false},"featured_media":315404,"comment_status":"closed","ping_status":"closed","template":"","meta":{"_eb_attr":"","_crsspst_to_jayantr4sg-hostcom":false},"product_brand":[],"product_cat":[1571,1475,1229,1773,1774],"product_tag":[],"class_list":{"0":"post-314463","1":"product","2":"type-product","3":"status-publish","4":"has-post-thumbnail","6":"product_cat-fathers-day-gifts","7":"product_cat-gold-chains","8":"product_cat-22ct-gold-jewellery","9":"product_cat-ladies-chains","10":"product_cat-mens-chains","12":"first","13":"outofstock","14":"taxable","15":"shipping-taxable","16":"product-type-simple","17":"add-to-wishlist-before_image"},"yoast_head":"<!-- This site is optimized with the Yoast SEO plugin v27.3 - https:\/\/yoast.com\/product\/yoast-seo-wordpress\/ -->\n<title>22ct Gold Foxtail Chain 20 Inche Classic Gold Chain | PureJewels<\/title>\n<meta name=\"description\" content=\"Discover timeless elegance with our 22ct Gold Foxtail Chain in 20 inches. Expertly crafted for strength and fluid style. Shop online at PureJewels UK.\" \/>\n<meta name=\"robots\" content=\"index, follow, max-snippet:-1, max-image-preview:large, max-video-preview:-1\" \/>\n<link rel=\"canonical\" href=\"https:\/\/www.purejewels.com\/tr\/urun\/22-ayar-altin-tilki-kuyrugu-zincir-20-inc-31142\/\" \/>\n<meta property=\"og:locale\" content=\"tr_TR\" \/>\n<meta property=\"og:type\" content=\"article\" \/>\n<meta property=\"og:title\" content=\"22ct Gold Foxtail Chain 20 Inche Classic Gold Chain | PureJewels\" \/>\n<meta property=\"og:description\" content=\"Discover timeless elegance with our 22ct Gold Foxtail Chain in 20 inches. Expertly crafted for strength and fluid style. Shop online at PureJewels UK.\" \/>\n<meta property=\"og:url\" content=\"https:\/\/www.purejewels.com\/tr\/urun\/22-ayar-altin-tilki-kuyrugu-zincir-20-inc-31142\/\" \/>\n<meta property=\"og:site_name\" content=\"PureJewels UK\" \/>\n<meta property=\"article:modified_time\" content=\"2025-12-26T09:37:12+00:00\" \/>\n<meta property=\"og:image\" content=\"https:\/\/static.purejewels.com\/wp-content\/uploads\/2020\/06\/image175153065.jpg\" \/>\n\t<meta property=\"og:image:width\" content=\"1000\" \/>\n\t<meta property=\"og:image:height\" content=\"1000\" \/>\n\t<meta property=\"og:image:type\" content=\"image\/jpeg\" \/>\n<meta name=\"twitter:card\" content=\"summary_large_image\" \/>\n<meta name=\"twitter:label1\" content=\"Tahmini okuma s\u00fcresi\" \/>\n\t<meta name=\"twitter:data1\" content=\"1 dakika\" \/>\n<script type=\"application\/ld+json\" class=\"yoast-schema-graph\">{\"@context\":\"https:\\\/\\\/schema.org\",\"@graph\":[{\"@type\":[\"WebPage\",\"ItemPage\"],\"@id\":\"https:\\\/\\\/www.purejewels.com\\\/product\\\/22ct-gold-foxtail-chain-20-inches-31142\\\/\",\"url\":\"https:\\\/\\\/www.purejewels.com\\\/product\\\/22ct-gold-foxtail-chain-20-inches-31142\\\/\",\"name\":\"22ct Gold Foxtail Chain 20 Inche Classic Gold Chain | PureJewels\",\"isPartOf\":{\"@id\":\"https:\\\/\\\/www.purejewels.com\\\/#website\"},\"primaryImageOfPage\":{\"@id\":\"https:\\\/\\\/www.purejewels.com\\\/product\\\/22ct-gold-foxtail-chain-20-inches-31142\\\/#primaryimage\"},\"image\":{\"@id\":\"https:\\\/\\\/www.purejewels.com\\\/product\\\/22ct-gold-foxtail-chain-20-inches-31142\\\/#primaryimage\"},\"thumbnailUrl\":\"https:\\\/\\\/static.purejewels.com\\\/wp-content\\\/uploads\\\/2020\\\/06\\\/image175153065.jpg\",\"datePublished\":\"2020-06-03T11:16:26+00:00\",\"dateModified\":\"2025-12-26T09:37:12+00:00\",\"description\":\"Discover timeless elegance with our 22ct Gold Foxtail Chain in 20 inches. Expertly crafted for strength and fluid style. Shop online at PureJewels UK.\",\"breadcrumb\":{\"@id\":\"https:\\\/\\\/www.purejewels.com\\\/product\\\/22ct-gold-foxtail-chain-20-inches-31142\\\/#breadcrumb\"},\"inLanguage\":\"tr\",\"potentialAction\":[{\"@type\":\"ReadAction\",\"target\":[\"https:\\\/\\\/www.purejewels.com\\\/product\\\/22ct-gold-foxtail-chain-20-inches-31142\\\/\"]}]},{\"@type\":\"ImageObject\",\"inLanguage\":\"tr\",\"@id\":\"https:\\\/\\\/www.purejewels.com\\\/product\\\/22ct-gold-foxtail-chain-20-inches-31142\\\/#primaryimage\",\"url\":\"https:\\\/\\\/static.purejewels.com\\\/wp-content\\\/uploads\\\/2020\\\/06\\\/image175153065.jpg\",\"contentUrl\":\"https:\\\/\\\/static.purejewels.com\\\/wp-content\\\/uploads\\\/2020\\\/06\\\/image175153065.jpg\",\"width\":1000,\"height\":1000},{\"@type\":\"BreadcrumbList\",\"@id\":\"https:\\\/\\\/www.purejewels.com\\\/product\\\/22ct-gold-foxtail-chain-20-inches-31142\\\/#breadcrumb\",\"itemListElement\":[{\"@type\":\"ListItem\",\"position\":1,\"name\":\"Home\",\"item\":\"https:\\\/\\\/www.purejewels.com\\\/\"},{\"@type\":\"ListItem\",\"position\":2,\"name\":\"Shop\",\"item\":\"https:\\\/\\\/www.purejewels.com\\\/shop\\\/\"},{\"@type\":\"ListItem\",\"position\":3,\"name\":\"22ct Gold Foxtail Chain \u2013 20 Inch\"}]},{\"@type\":\"WebSite\",\"@id\":\"https:\\\/\\\/www.purejewels.com\\\/#website\",\"url\":\"https:\\\/\\\/www.purejewels.com\\\/\",\"name\":\"PureJewels UK\",\"description\":\"Share the Love\",\"publisher\":{\"@id\":\"https:\\\/\\\/www.purejewels.com\\\/#organization\"},\"potentialAction\":[{\"@type\":\"SearchAction\",\"target\":{\"@type\":\"EntryPoint\",\"urlTemplate\":\"https:\\\/\\\/www.purejewels.com\\\/?s={search_term_string}\"},\"query-input\":{\"@type\":\"PropertyValueSpecification\",\"valueRequired\":true,\"valueName\":\"search_term_string\"}}],\"inLanguage\":\"tr\"},{\"@type\":\"Organization\",\"@id\":\"https:\\\/\\\/www.purejewels.com\\\/#organization\",\"name\":\"PureJewels UK\",\"url\":\"https:\\\/\\\/www.purejewels.com\\\/\",\"logo\":{\"@type\":\"ImageObject\",\"inLanguage\":\"tr\",\"@id\":\"https:\\\/\\\/www.purejewels.com\\\/#\\\/schema\\\/logo\\\/image\\\/\",\"url\":\"https:\\\/\\\/static.purejewels.com\\\/wp-content\\\/uploads\\\/2020\\\/11\\\/Logo-PJ-New-1.png\",\"contentUrl\":\"https:\\\/\\\/static.purejewels.com\\\/wp-content\\\/uploads\\\/2020\\\/11\\\/Logo-PJ-New-1.png\",\"width\":150,\"height\":80,\"caption\":\"PureJewels UK\"},\"image\":{\"@id\":\"https:\\\/\\\/www.purejewels.com\\\/#\\\/schema\\\/logo\\\/image\\\/\"}}]}<\/script>\n<!-- \/ Yoast SEO plugin. -->","yoast_head_json":{"title":"22 ayar alt\u0131n tilki kuyru\u011fu zinciri 20 in\u00e7 klasik alt\u0131n zinciri | PureJewels","description":"20 in\u00e7lik 22 ayar alt\u0131n Foxtail zincirimizle zamans\u0131z zarafeti ke\u015ffedin. Dayan\u0131kl\u0131l\u0131k ve ak\u0131c\u0131 stil i\u00e7in ustal\u0131kla tasarlanm\u0131\u015ft\u0131r. PureJewels UK'den online al\u0131\u015fveri\u015f yap\u0131n.","robots":{"index":"index","follow":"follow","max-snippet":"max-snippet:-1","max-image-preview":"max-image-preview:large","max-video-preview":"max-video-preview:-1"},"canonical":"https:\/\/www.purejewels.com\/tr\/urun\/22-ayar-altin-tilki-kuyrugu-zincir-20-inc-31142\/","og_locale":"tr_TR","og_type":"article","og_title":"22ct Gold Foxtail Chain 20 Inche Classic Gold Chain | PureJewels","og_description":"Discover timeless elegance with our 22ct Gold Foxtail Chain in 20 inches. Expertly crafted for strength and fluid style. Shop online at PureJewels UK.","og_url":"https:\/\/www.purejewels.com\/tr\/urun\/22-ayar-altin-tilki-kuyrugu-zincir-20-inc-31142\/","og_site_name":"PureJewels UK","article_modified_time":"2025-12-26T09:37:12+00:00","og_image":[{"width":1000,"height":1000,"url":"https:\/\/static.purejewels.com\/wp-content\/uploads\/2020\/06\/image175153065.jpg","type":"image\/jpeg"}],"twitter_card":"summary_large_image","twitter_misc":{"Tahmini okuma s\u00fcresi":"1 dakika"},"schema":{"@context":"https:\/\/schema.org","@graph":[{"@type":["WebPage","ItemPage"],"@id":"https:\/\/www.purejewels.com\/product\/22ct-gold-foxtail-chain-20-inches-31142\/","url":"https:\/\/www.purejewels.com\/product\/22ct-gold-foxtail-chain-20-inches-31142\/","name":"22 ayar alt\u0131n tilki kuyru\u011fu zinciri 20 in\u00e7 klasik alt\u0131n zinciri | PureJewels","isPartOf":{"@id":"https:\/\/www.purejewels.com\/#website"},"primaryImageOfPage":{"@id":"https:\/\/www.purejewels.com\/product\/22ct-gold-foxtail-chain-20-inches-31142\/#primaryimage"},"image":{"@id":"https:\/\/www.purejewels.com\/product\/22ct-gold-foxtail-chain-20-inches-31142\/#primaryimage"},"thumbnailUrl":"https:\/\/static.purejewels.com\/wp-content\/uploads\/2020\/06\/image175153065.jpg","datePublished":"2020-06-03T11:16:26+00:00","dateModified":"2025-12-26T09:37:12+00:00","description":"20 in\u00e7lik 22 ayar alt\u0131n Foxtail zincirimizle zamans\u0131z zarafeti ke\u015ffedin. Dayan\u0131kl\u0131l\u0131k ve ak\u0131c\u0131 stil i\u00e7in ustal\u0131kla tasarlanm\u0131\u015ft\u0131r. PureJewels UK'den online al\u0131\u015fveri\u015f yap\u0131n.","breadcrumb":{"@id":"https:\/\/www.purejewels.com\/product\/22ct-gold-foxtail-chain-20-inches-31142\/#breadcrumb"},"inLanguage":"tr","potentialAction":[{"@type":"ReadAction","target":["https:\/\/www.purejewels.com\/product\/22ct-gold-foxtail-chain-20-inches-31142\/"]}]},{"@type":"ImageObject","inLanguage":"tr","@id":"https:\/\/www.purejewels.com\/product\/22ct-gold-foxtail-chain-20-inches-31142\/#primaryimage","url":"https:\/\/static.purejewels.com\/wp-content\/uploads\/2020\/06\/image175153065.jpg","contentUrl":"https:\/\/static.purejewels.com\/wp-content\/uploads\/2020\/06\/image175153065.jpg","width":1000,"height":1000},{"@type":"BreadcrumbList","@id":"https:\/\/www.purejewels.com\/product\/22ct-gold-foxtail-chain-20-inches-31142\/#breadcrumb","itemListElement":[{"@type":"ListItem","position":1,"name":"Home","item":"https:\/\/www.purejewels.com\/"},{"@type":"ListItem","position":2,"name":"Shop","item":"https:\/\/www.purejewels.com\/shop\/"},{"@type":"ListItem","position":3,"name":"22ct Gold Foxtail Chain \u2013 20 Inch"}]},{"@type":"WebSite","@id":"https:\/\/www.purejewels.com\/#website","url":"https:\/\/www.purejewels.com\/","name":"PureJewels \u0130ngiltere","description":"Sevgiyi Payla\u015f\u0131n","publisher":{"@id":"https:\/\/www.purejewels.com\/#organization"},"potentialAction":[{"@type":"SearchAction","target":{"@type":"EntryPoint","urlTemplate":"https:\/\/www.purejewels.com\/?s={search_term_string}"},"query-input":{"@type":"PropertyValueSpecification","valueRequired":true,"valueName":"search_term_string"}}],"inLanguage":"tr"},{"@type":"Organization","@id":"https:\/\/www.purejewels.com\/#organization","name":"PureJewels \u0130ngiltere","url":"https:\/\/www.purejewels.com\/","logo":{"@type":"ImageObject","inLanguage":"tr","@id":"https:\/\/www.purejewels.com\/#\/schema\/logo\/image\/","url":"https:\/\/static.purejewels.com\/wp-content\/uploads\/2020\/11\/Logo-PJ-New-1.png","contentUrl":"https:\/\/static.purejewels.com\/wp-content\/uploads\/2020\/11\/Logo-PJ-New-1.png","width":150,"height":80,"caption":"PureJewels UK"},"image":{"@id":"https:\/\/www.purejewels.com\/#\/schema\/logo\/image\/"}}]}},"_links":{"self":[{"href":"https:\/\/www.purejewels.com\/tr\/wp-json\/wp\/v2\/product\/314463","targetHints":{"allow":["GET"]}}],"collection":[{"href":"https:\/\/www.purejewels.com\/tr\/wp-json\/wp\/v2\/product"}],"about":[{"href":"https:\/\/www.purejewels.com\/tr\/wp-json\/wp\/v2\/types\/product"}],"replies":[{"embeddable":true,"href":"https:\/\/www.purejewels.com\/tr\/wp-json\/wp\/v2\/comments?post=314463"}],"version-history":[{"count":3,"href":"https:\/\/www.purejewels.com\/tr\/wp-json\/wp\/v2\/product\/314463\/revisions"}],"predecessor-version":[{"id":423911,"href":"https:\/\/www.purejewels.com\/tr\/wp-json\/wp\/v2\/product\/314463\/revisions\/423911"}],"wp:featuredmedia":[{"embeddable":true,"href":"https:\/\/www.purejewels.com\/tr\/wp-json\/wp\/v2\/media\/315404"}],"wp:attachment":[{"href":"https:\/\/www.purejewels.com\/tr\/wp-json\/wp\/v2\/media?parent=314463"}],"wp:term":[{"taxonomy":"product_brand","embeddable":true,"href":"https:\/\/www.purejewels.com\/tr\/wp-json\/wp\/v2\/product_brand?post=314463"},{"taxonomy":"product_cat","embeddable":true,"href":"https:\/\/www.purejewels.com\/tr\/wp-json\/wp\/v2\/product_cat?post=314463"},{"taxonomy":"product_tag","embeddable":true,"href":"https:\/\/www.purejewels.com\/tr\/wp-json\/wp\/v2\/product_tag?post=314463"}],"curies":[{"name":"wp","href":"https:\/\/api.w.org\/{rel}","templated":true}]}}