{"id":314504,"date":"2020-06-05T07:20:46","date_gmt":"2020-06-05T06:20:46","guid":{"rendered":"https:\/\/www.purejewels.com\/?post_type=product&#038;p=314504"},"modified":"2025-12-18T05:44:29","modified_gmt":"2025-12-18T05:44:29","slug":"cz-tasli-bas-harf-kolye-ucu-916","status":"publish","type":"product","link":"https:\/\/www.purejewels.com\/tr\/product\/initial-pendant-with-cz-stones-916\/","title":{"rendered":"CZ detayl\u0131 alt\u0131n M harfi kolye ucu"},"content":{"rendered":"<p data-start=\"659\" data-end=\"1017\"><strong data-start=\"659\" data-end=\"677\">Tasar\u0131m Konsepti<\/strong><br data-start=\"677\" data-end=\"680\" \/>Cesur ama zarif olan bu Letter M Kolye, bireyselli\u011fi kutluyor. Klasik serif yaz\u0131 tipiyle \u015fekillendirilen ba\u015f harf, parlak kesim k\u00fcbik zirkon ta\u015flardan olu\u015fan dikey bir \u00e7izgiyle vurgulanarak zarif bir \u0131\u015f\u0131lt\u0131 kat\u0131yor. Ki\u015fisel bir amblem olarak tak\u0131lsa da, anlaml\u0131 bir hat\u0131ra olarak hediye edilse de, kimli\u011fin modern bir ifadesi.<\/p>\n<p data-start=\"1019\" data-end=\"1422\"><strong data-start=\"1019\" data-end=\"1036\">Zanaatkarl\u0131k<\/strong><br data-start=\"1036\" data-end=\"1039\" \/>Y\u00fcksek parlakl\u0131kta alt\u0131nla ustaca d\u00f6k\u00fclm\u00fc\u015f bu kolye, minimalist tasar\u0131m\u0131 detaylara g\u00f6sterilen \u00f6zenle birle\u015ftirir. CZ ta\u015flar, elmas gibi parlakl\u0131kta \u0131\u015f\u0131\u011f\u0131 yans\u0131tacak \u015fekilde hassas bir \u015fekilde yerle\u015ftirilmi\u015ftir. Geni\u015f halkas\u0131, ince bir zincirle veya di\u011fer kolyelerle birlikte katmanl\u0131 olarak \u00e7ok y\u00f6nl\u00fc bir stil olu\u015fturman\u0131za olanak tan\u0131r. Her par\u00e7a yumu\u015fak bir parlakl\u0131kta cilalanm\u0131\u015ft\u0131r, b\u00f6ylece g\u00fcnl\u00fck tak\u0131 koleksiyonunuzda \u00f6ne \u00e7\u0131kan bir par\u00e7a olmaya devam eder.<\/p>\n<p data-start=\"1424\" data-end=\"1693\"><strong data-start=\"1424\" data-end=\"1441\">Stil Fikirleri<\/strong><br data-start=\"1441\" data-end=\"1444\" \/>G\u00fcnl\u00fck kullan\u0131m i\u00e7in m\u00fckemmel olan bu kolye ucu, di\u011fer ba\u015f harfler, charmlar veya alt\u0131n zincirlerle g\u00fczel bir \u015fekilde kombinlenebilir. Uyumlu bir g\u00f6r\u00fcn\u00fcm i\u00e7in sade bir alt\u0131n bilezikle birlikte tak\u0131n veya do\u011fum g\u00fcn\u00fc, \u00f6nemli bir d\u00f6n\u00fcm noktas\u0131 veya ba\u011f kurdu\u011funuz bir an\u0131 kutlamak i\u00e7in \u00f6zel birine hediye edin.<\/p>","protected":false},"excerpt":{"rendered":"<p>Parlak alt\u0131nla i\u015flenmi\u015f ve \u0131\u015f\u0131lt\u0131l\u0131 CZ ta\u015flarla s\u00fcslenmi\u015f Letter M Kolye ile kimli\u011finizi kutlay\u0131n. Ki\u015fisel ifade ve ince \u0131\u015f\u0131lt\u0131n\u0131n zarif bir kar\u0131\u015f\u0131m\u0131.<\/p>\n<ul>\n<li>CZ ta\u015fl\u0131 ba\u015f harfli kolye ucu<\/li>\n<li>\u0130lk M<\/li>\n<li>22 ayar sar\u0131 alt\u0131n<\/li>\n<li>T\u00fcm durumlar i\u00e7in m\u00fckemmel bir hediye<\/li>\n<li>T\u00fcm Alfabeler ma\u011fazada mevcuttur<\/li>\n<li>A\u011f\u0131rl\u0131k. 1.4 g<\/li>\n<li>Sku 32437<\/li>\n<li>Zincir dahil de\u011fildir<\/li>\n<li>T\u00fcm \u00fcr\u00fcnlerimiz London Assay Office taraf\u0131ndan damgalanm\u0131\u015ft\u0131r<\/li>\n<li>Sunum Kutusu ile Birlikte Gelir<\/li>\n<li>Teslimat Dahil<\/li>\n<li>T\u00fcm fiyatlara KDV dahildir<\/li>\n<li>T\u00fcm Intial Pendant'\u0131 g\u00f6r\u00fcnt\u00fclemek i\u00e7in bizimle ileti\u015fime ge\u00e7in\/canl\u0131 sohbet edin<\/li>\n<\/ul>","protected":false},"featured_media":312445,"comment_status":"closed","ping_status":"closed","template":"","meta":{"_eb_attr":"","_crsspst_to_jayantr4sg-hostcom":false},"product_brand":[],"product_cat":[1559,1769,1767,1768],"product_tag":[],"class_list":{"0":"post-314504","1":"product","2":"type-product","3":"status-publish","4":"has-post-thumbnail","6":"product_cat-birthday-gifts","7":"product_cat-kids-pendants","8":"product_cat-ladies-pendants","9":"product_cat-mens-pendants","11":"first","12":"outofstock","13":"taxable","14":"shipping-taxable","15":"product-type-simple","16":"add-to-wishlist-before_image"},"yoast_head":"<!-- This site is optimized with the Yoast SEO plugin v27.3 - https:\/\/yoast.com\/product\/yoast-seo-wordpress\/ -->\n<title>Personalised Gold M Pendant with CZ \u2013 Elegant Initial Necklace<\/title>\n<meta name=\"description\" content=\"Shop the Gold Letter M Pendant with CZ stones \u2013 a sparkling, personalised piece perfect for gifting or everyday wear. Elegant, meaningful, and beautifully crafted.\" \/>\n<meta name=\"robots\" content=\"index, follow, max-snippet:-1, max-image-preview:large, max-video-preview:-1\" \/>\n<link rel=\"canonical\" href=\"https:\/\/www.purejewels.com\/tr\/urun\/cz-tasli-bas-harf-kolye-ucu-916\/\" \/>\n<meta property=\"og:locale\" content=\"tr_TR\" \/>\n<meta property=\"og:type\" content=\"article\" \/>\n<meta property=\"og:title\" content=\"Personalised Gold M Pendant with CZ \u2013 Elegant Initial Necklace\" \/>\n<meta property=\"og:description\" content=\"Shop the Gold Letter M Pendant with CZ stones \u2013 a sparkling, personalised piece perfect for gifting or everyday wear. Elegant, meaningful, and beautifully crafted.\" \/>\n<meta property=\"og:url\" content=\"https:\/\/www.purejewels.com\/tr\/urun\/cz-tasli-bas-harf-kolye-ucu-916\/\" \/>\n<meta property=\"og:site_name\" content=\"PureJewels UK\" \/>\n<meta property=\"article:modified_time\" content=\"2025-12-18T05:44:29+00:00\" \/>\n<meta property=\"og:image\" content=\"https:\/\/static.purejewels.com\/wp-content\/uploads\/2020\/01\/13_1-1.jpg\" \/>\n\t<meta property=\"og:image:width\" content=\"1000\" \/>\n\t<meta property=\"og:image:height\" content=\"1000\" \/>\n\t<meta property=\"og:image:type\" content=\"image\/jpeg\" \/>\n<meta name=\"twitter:card\" content=\"summary_large_image\" \/>\n<meta name=\"twitter:label1\" content=\"Tahmini okuma s\u00fcresi\" \/>\n\t<meta name=\"twitter:data1\" content=\"1 dakika\" \/>\n<script type=\"application\/ld+json\" class=\"yoast-schema-graph\">{\"@context\":\"https:\\\/\\\/schema.org\",\"@graph\":[{\"@type\":[\"WebPage\",\"ItemPage\"],\"@id\":\"https:\\\/\\\/www.purejewels.com\\\/product\\\/initial-pendant-with-cz-stones-916\\\/\",\"url\":\"https:\\\/\\\/www.purejewels.com\\\/product\\\/initial-pendant-with-cz-stones-916\\\/\",\"name\":\"Personalised Gold M Pendant with CZ \u2013 Elegant Initial Necklace\",\"isPartOf\":{\"@id\":\"https:\\\/\\\/www.purejewels.com\\\/#website\"},\"primaryImageOfPage\":{\"@id\":\"https:\\\/\\\/www.purejewels.com\\\/product\\\/initial-pendant-with-cz-stones-916\\\/#primaryimage\"},\"image\":{\"@id\":\"https:\\\/\\\/www.purejewels.com\\\/product\\\/initial-pendant-with-cz-stones-916\\\/#primaryimage\"},\"thumbnailUrl\":\"https:\\\/\\\/static.purejewels.com\\\/wp-content\\\/uploads\\\/2020\\\/01\\\/13_1-1.jpg\",\"datePublished\":\"2020-06-05T06:20:46+00:00\",\"dateModified\":\"2025-12-18T05:44:29+00:00\",\"description\":\"Shop the Gold Letter M Pendant with CZ stones \u2013 a sparkling, personalised piece perfect for gifting or everyday wear. Elegant, meaningful, and beautifully crafted.\",\"breadcrumb\":{\"@id\":\"https:\\\/\\\/www.purejewels.com\\\/product\\\/initial-pendant-with-cz-stones-916\\\/#breadcrumb\"},\"inLanguage\":\"tr\",\"potentialAction\":[{\"@type\":\"ReadAction\",\"target\":[\"https:\\\/\\\/www.purejewels.com\\\/product\\\/initial-pendant-with-cz-stones-916\\\/\"]}]},{\"@type\":\"ImageObject\",\"inLanguage\":\"tr\",\"@id\":\"https:\\\/\\\/www.purejewels.com\\\/product\\\/initial-pendant-with-cz-stones-916\\\/#primaryimage\",\"url\":\"https:\\\/\\\/static.purejewels.com\\\/wp-content\\\/uploads\\\/2020\\\/01\\\/13_1-1.jpg\",\"contentUrl\":\"https:\\\/\\\/static.purejewels.com\\\/wp-content\\\/uploads\\\/2020\\\/01\\\/13_1-1.jpg\",\"width\":1000,\"height\":1000,\"caption\":\"13_1-1\"},{\"@type\":\"BreadcrumbList\",\"@id\":\"https:\\\/\\\/www.purejewels.com\\\/product\\\/initial-pendant-with-cz-stones-916\\\/#breadcrumb\",\"itemListElement\":[{\"@type\":\"ListItem\",\"position\":1,\"name\":\"Home\",\"item\":\"https:\\\/\\\/www.purejewels.com\\\/\"},{\"@type\":\"ListItem\",\"position\":2,\"name\":\"Shop\",\"item\":\"https:\\\/\\\/www.purejewels.com\\\/shop\\\/\"},{\"@type\":\"ListItem\",\"position\":3,\"name\":\"Letter M Pendant in Gold with CZ Accents\"}]},{\"@type\":\"WebSite\",\"@id\":\"https:\\\/\\\/www.purejewels.com\\\/#website\",\"url\":\"https:\\\/\\\/www.purejewels.com\\\/\",\"name\":\"PureJewels UK\",\"description\":\"Share the Love\",\"publisher\":{\"@id\":\"https:\\\/\\\/www.purejewels.com\\\/#organization\"},\"potentialAction\":[{\"@type\":\"SearchAction\",\"target\":{\"@type\":\"EntryPoint\",\"urlTemplate\":\"https:\\\/\\\/www.purejewels.com\\\/?s={search_term_string}\"},\"query-input\":{\"@type\":\"PropertyValueSpecification\",\"valueRequired\":true,\"valueName\":\"search_term_string\"}}],\"inLanguage\":\"tr\"},{\"@type\":\"Organization\",\"@id\":\"https:\\\/\\\/www.purejewels.com\\\/#organization\",\"name\":\"PureJewels UK\",\"url\":\"https:\\\/\\\/www.purejewels.com\\\/\",\"logo\":{\"@type\":\"ImageObject\",\"inLanguage\":\"tr\",\"@id\":\"https:\\\/\\\/www.purejewels.com\\\/#\\\/schema\\\/logo\\\/image\\\/\",\"url\":\"https:\\\/\\\/static.purejewels.com\\\/wp-content\\\/uploads\\\/2020\\\/11\\\/Logo-PJ-New-1.png\",\"contentUrl\":\"https:\\\/\\\/static.purejewels.com\\\/wp-content\\\/uploads\\\/2020\\\/11\\\/Logo-PJ-New-1.png\",\"width\":150,\"height\":80,\"caption\":\"PureJewels UK\"},\"image\":{\"@id\":\"https:\\\/\\\/www.purejewels.com\\\/#\\\/schema\\\/logo\\\/image\\\/\"}}]}<\/script>\n<!-- \/ Yoast SEO plugin. -->","yoast_head_json":{"title":"CZ ile Ki\u015fiselle\u015ftirilmi\u015f Alt\u0131n M Kolye \u2013 Zarif Ba\u015f Harfli Kolye","description":"CZ ta\u015fl\u0131 Alt\u0131n M Harfi Kolyeyi sat\u0131n al\u0131n \u2013 hediye etmek veya g\u00fcnl\u00fck kullan\u0131m i\u00e7in m\u00fckemmel, \u0131\u015f\u0131lt\u0131l\u0131 ve ki\u015fiselle\u015ftirilmi\u015f bir par\u00e7a. Zarif, anlaml\u0131 ve g\u00fczel i\u015f\u00e7ilikle \u00fcretilmi\u015f.","robots":{"index":"index","follow":"follow","max-snippet":"max-snippet:-1","max-image-preview":"max-image-preview:large","max-video-preview":"max-video-preview:-1"},"canonical":"https:\/\/www.purejewels.com\/tr\/urun\/cz-tasli-bas-harf-kolye-ucu-916\/","og_locale":"tr_TR","og_type":"article","og_title":"Personalised Gold M Pendant with CZ \u2013 Elegant Initial Necklace","og_description":"Shop the Gold Letter M Pendant with CZ stones \u2013 a sparkling, personalised piece perfect for gifting or everyday wear. Elegant, meaningful, and beautifully crafted.","og_url":"https:\/\/www.purejewels.com\/tr\/urun\/cz-tasli-bas-harf-kolye-ucu-916\/","og_site_name":"PureJewels UK","article_modified_time":"2025-12-18T05:44:29+00:00","og_image":[{"width":1000,"height":1000,"url":"https:\/\/static.purejewels.com\/wp-content\/uploads\/2020\/01\/13_1-1.jpg","type":"image\/jpeg"}],"twitter_card":"summary_large_image","twitter_misc":{"Tahmini okuma s\u00fcresi":"1 dakika"},"schema":{"@context":"https:\/\/schema.org","@graph":[{"@type":["WebPage","ItemPage"],"@id":"https:\/\/www.purejewels.com\/product\/initial-pendant-with-cz-stones-916\/","url":"https:\/\/www.purejewels.com\/product\/initial-pendant-with-cz-stones-916\/","name":"CZ ile Ki\u015fiselle\u015ftirilmi\u015f Alt\u0131n M Kolye \u2013 Zarif Ba\u015f Harfli Kolye","isPartOf":{"@id":"https:\/\/www.purejewels.com\/#website"},"primaryImageOfPage":{"@id":"https:\/\/www.purejewels.com\/product\/initial-pendant-with-cz-stones-916\/#primaryimage"},"image":{"@id":"https:\/\/www.purejewels.com\/product\/initial-pendant-with-cz-stones-916\/#primaryimage"},"thumbnailUrl":"https:\/\/static.purejewels.com\/wp-content\/uploads\/2020\/01\/13_1-1.jpg","datePublished":"2020-06-05T06:20:46+00:00","dateModified":"2025-12-18T05:44:29+00:00","description":"CZ ta\u015fl\u0131 Alt\u0131n M Harfi Kolyeyi sat\u0131n al\u0131n \u2013 hediye etmek veya g\u00fcnl\u00fck kullan\u0131m i\u00e7in m\u00fckemmel, \u0131\u015f\u0131lt\u0131l\u0131 ve ki\u015fiselle\u015ftirilmi\u015f bir par\u00e7a. Zarif, anlaml\u0131 ve g\u00fczel i\u015f\u00e7ilikle \u00fcretilmi\u015f.","breadcrumb":{"@id":"https:\/\/www.purejewels.com\/product\/initial-pendant-with-cz-stones-916\/#breadcrumb"},"inLanguage":"tr","potentialAction":[{"@type":"ReadAction","target":["https:\/\/www.purejewels.com\/product\/initial-pendant-with-cz-stones-916\/"]}]},{"@type":"ImageObject","inLanguage":"tr","@id":"https:\/\/www.purejewels.com\/product\/initial-pendant-with-cz-stones-916\/#primaryimage","url":"https:\/\/static.purejewels.com\/wp-content\/uploads\/2020\/01\/13_1-1.jpg","contentUrl":"https:\/\/static.purejewels.com\/wp-content\/uploads\/2020\/01\/13_1-1.jpg","width":1000,"height":1000,"caption":"13_1-1"},{"@type":"BreadcrumbList","@id":"https:\/\/www.purejewels.com\/product\/initial-pendant-with-cz-stones-916\/#breadcrumb","itemListElement":[{"@type":"ListItem","position":1,"name":"Home","item":"https:\/\/www.purejewels.com\/"},{"@type":"ListItem","position":2,"name":"Shop","item":"https:\/\/www.purejewels.com\/shop\/"},{"@type":"ListItem","position":3,"name":"Letter M Pendant in Gold with CZ Accents"}]},{"@type":"WebSite","@id":"https:\/\/www.purejewels.com\/#website","url":"https:\/\/www.purejewels.com\/","name":"PureJewels \u0130ngiltere","description":"Sevgiyi Payla\u015f\u0131n","publisher":{"@id":"https:\/\/www.purejewels.com\/#organization"},"potentialAction":[{"@type":"SearchAction","target":{"@type":"EntryPoint","urlTemplate":"https:\/\/www.purejewels.com\/?s={search_term_string}"},"query-input":{"@type":"PropertyValueSpecification","valueRequired":true,"valueName":"search_term_string"}}],"inLanguage":"tr"},{"@type":"Organization","@id":"https:\/\/www.purejewels.com\/#organization","name":"PureJewels \u0130ngiltere","url":"https:\/\/www.purejewels.com\/","logo":{"@type":"ImageObject","inLanguage":"tr","@id":"https:\/\/www.purejewels.com\/#\/schema\/logo\/image\/","url":"https:\/\/static.purejewels.com\/wp-content\/uploads\/2020\/11\/Logo-PJ-New-1.png","contentUrl":"https:\/\/static.purejewels.com\/wp-content\/uploads\/2020\/11\/Logo-PJ-New-1.png","width":150,"height":80,"caption":"PureJewels UK"},"image":{"@id":"https:\/\/www.purejewels.com\/#\/schema\/logo\/image\/"}}]}},"_links":{"self":[{"href":"https:\/\/www.purejewels.com\/tr\/wp-json\/wp\/v2\/product\/314504","targetHints":{"allow":["GET"]}}],"collection":[{"href":"https:\/\/www.purejewels.com\/tr\/wp-json\/wp\/v2\/product"}],"about":[{"href":"https:\/\/www.purejewels.com\/tr\/wp-json\/wp\/v2\/types\/product"}],"replies":[{"embeddable":true,"href":"https:\/\/www.purejewels.com\/tr\/wp-json\/wp\/v2\/comments?post=314504"}],"version-history":[{"count":2,"href":"https:\/\/www.purejewels.com\/tr\/wp-json\/wp\/v2\/product\/314504\/revisions"}],"predecessor-version":[{"id":423372,"href":"https:\/\/www.purejewels.com\/tr\/wp-json\/wp\/v2\/product\/314504\/revisions\/423372"}],"wp:featuredmedia":[{"embeddable":true,"href":"https:\/\/www.purejewels.com\/tr\/wp-json\/wp\/v2\/media\/312445"}],"wp:attachment":[{"href":"https:\/\/www.purejewels.com\/tr\/wp-json\/wp\/v2\/media?parent=314504"}],"wp:term":[{"taxonomy":"product_brand","embeddable":true,"href":"https:\/\/www.purejewels.com\/tr\/wp-json\/wp\/v2\/product_brand?post=314504"},{"taxonomy":"product_cat","embeddable":true,"href":"https:\/\/www.purejewels.com\/tr\/wp-json\/wp\/v2\/product_cat?post=314504"},{"taxonomy":"product_tag","embeddable":true,"href":"https:\/\/www.purejewels.com\/tr\/wp-json\/wp\/v2\/product_tag?post=314504"}],"curies":[{"name":"wp","href":"https:\/\/api.w.org\/{rel}","templated":true}]}}