{"id":314521,"date":"2024-04-28T06:52:58","date_gmt":"2024-04-28T05:52:58","guid":{"rendered":"https:\/\/www.purejewels.com\/?post_type=product&#038;p=314521"},"modified":"2026-03-19T06:22:28","modified_gmt":"2026-03-19T06:22:28","slug":"22-ayar-altin-bilezik","status":"publish","type":"product","link":"https:\/\/www.purejewels.com\/tr\/product\/22-carat-gold-bracelet\/","title":{"rendered":"22 Ayar Alt\u0131n Bilezik | 7,5 \u0130n\u00e7"},"content":{"rendered":"<p><strong>Tasar\u0131m<\/strong><br \/>\nBu bileklik, bile\u011fin etraf\u0131nda zarif bir sarmal ritmi yaratan ak\u0131c\u0131 kavisli formlar\u0131n s\u00fcrekli bir dizisi ile \u015fekillendirilmi\u015ftir. \u015eekillendirilmi\u015f her bir par\u00e7a bir sonrakine nazik\u00e7e b\u00fck\u00fclerek DNA ipli\u011fini and\u0131ran bir tasar\u0131m olu\u015fturuyor. A\u00e7\u0131k dokulu y\u00fczey derinlik ve \u0131\u015f\u0131k yans\u0131mas\u0131 sa\u011flayarak bilezi\u011fe dinamik bir heykelsi duru\u015f kazand\u0131r\u0131r.<\/p>\n<p><strong>Zanaatkarl\u0131k<\/strong><br \/>\n22 ayar Sunrise Alt\u0131ndan el yap\u0131m\u0131 bilezik, PureJewels'in rafine kuyumculu\u011fa olan ba\u011fl\u0131l\u0131\u011f\u0131n\u0131 yans\u0131tmaktad\u0131r. Her bir b\u00fck\u00fclm\u00fc\u015f segment, ak\u0131c\u0131 sarmal yap\u0131y\u0131 korumak i\u00e7in hassas bir \u015fekilde ba\u011flanmadan \u00f6nce dikkatlice \u015fekillendirilmi\u015f ve dokuland\u0131r\u0131lm\u0131\u015ft\u0131r. Bilezik, \u0130ngiltere'de alt\u0131n safl\u0131\u011f\u0131n\u0131 belgeleyen damgaya sahiptir ve hem sa\u011flaml\u0131k hem de rahatl\u0131k sa\u011flamak i\u00e7in tamamlanm\u0131\u015ft\u0131r.<\/p>\n<p><strong>\u015eekillendirme &amp; Hediyele\u015fme<\/strong><br \/>\nBu bileklik, g\u00fcnd\u00fczden ak\u015fama zahmetsizce tak\u0131labilen farkl\u0131 bir modern alt\u0131n esteti\u011fi sunar. Heykelsi k\u0131vr\u0131m\u0131, minimalist tak\u0131larla g\u00fczel bir \u015fekilde e\u015fle\u015ferek tasar\u0131m\u0131n kendi ba\u015f\u0131na \u00f6ne \u00e7\u0131kmas\u0131n\u0131 sa\u011flar. Do\u011fum g\u00fcnleri, y\u0131l d\u00f6n\u00fcmleri, kutlamalar veya ki\u015fisel d\u00f6n\u00fcm noktalar\u0131 i\u00e7in anlaml\u0131 bir hediye olan bu bilezik, hareketin s\u00fcreklili\u011fini ve kal\u0131c\u0131 stili temsil eder.<\/p>\n<p>&nbsp;<\/p>\n<p>SKU : JWBRDCRP029L7<\/p>","protected":false},"excerpt":{"rendered":"<p>I\u015f\u0131lt\u0131l\u0131 22 ayar G\u00fcndo\u011fumu Alt\u0131n\u0131ndan \u00fcretilmi\u015f, ak\u0131c\u0131 helezonik k\u0131vr\u0131mlardan olu\u015fan heykelsi bir bileklik. Ritmik burgu tasar\u0131m\u0131, bile\u011fe zarif bir \u015fekilde oturan rafine ve modern bir siluet yarat\u0131r.<\/p>\n<p><strong>Malzeme<\/strong>: 22 Ayar Alt\u0131n (91,6% Saf Alt\u0131n)<br \/>\n<strong>Hallmark:<\/strong> \u0130ngiliz Damgas\u0131<br \/>\n<strong>Br\u00fct A\u011f\u0131rl\u0131k:<\/strong> 8 Gms<br \/>\n<strong>Uzunluk:<\/strong> 7 in\u00e7<br \/>\n<strong>SKU:<\/strong> 46668<\/p>\n<p>Fiyat ve Teslimat: KDV ve teslimat \u00fccreti dahil<br \/>\n<a href=\"https:\/\/www.purejewels.com\/tr\/i%cc%87ade-poli%cc%87ti%cc%87kasi\/\"><strong>\u0130ade Politikas\u0131<\/strong><\/a><\/p>","protected":false},"featured_media":314543,"comment_status":"closed","ping_status":"closed","template":"","meta":{"_eb_attr":"","_crsspst_to_jayantr4sg-hostcom":false},"product_brand":[],"product_cat":[1791,1559,1793,5701,1324,1229,6055,1573,1574,5349],"product_tag":[],"class_list":{"0":"post-314521","1":"product","2":"type-product","3":"status-publish","4":"has-post-thumbnail","6":"product_cat-anniversary-gifts","7":"product_cat-birthday-gifts","8":"product_cat-diwali-gifts","9":"product_cat-eid-jewellery","10":"product_cat-gold-bracelet","11":"product_cat-22ct-gold-jewellery","12":"product_cat-tennis","13":"product_cat-wedding-gifts","14":"product_cat-womens-jewellery","15":"product_cat-yellow-gold-jewellery","17":"first","18":"outofstock","19":"taxable","20":"shipping-taxable","21":"product-type-simple","22":"add-to-wishlist-before_image"},"yoast_head":"<!-- This site is optimized with the Yoast SEO plugin v27.5 - https:\/\/yoast.com\/product\/yoast-seo-wordpress\/ -->\n<title>Elevate Your Style with a 22ct Gold Twist Bracelet | PureJewels UK<\/title>\n<meta name=\"description\" content=\"Experience the pinnacle of luxury with PureJewels UK&#039;s 22ct Gold Twist Bracelet. Elevate your style and make a statement with this exquisite piece of jewelry.\" \/>\n<meta name=\"robots\" content=\"index, follow, max-snippet:-1, max-image-preview:large, max-video-preview:-1\" \/>\n<link rel=\"canonical\" href=\"https:\/\/www.purejewels.com\/tr\/urun\/22-ayar-altin-bilezik\/\" \/>\n<meta property=\"og:locale\" content=\"tr_TR\" \/>\n<meta property=\"og:type\" content=\"article\" \/>\n<meta property=\"og:title\" content=\"Elevate Your Style with a 22ct Gold Twist Bracelet | PureJewels UK\" \/>\n<meta property=\"og:description\" content=\"Experience the pinnacle of luxury with PureJewels UK&#039;s 22ct Gold Twist Bracelet. Elevate your style and make a statement with this exquisite piece of jewelry.\" \/>\n<meta property=\"og:url\" content=\"https:\/\/www.purejewels.com\/tr\/urun\/22-ayar-altin-bilezik\/\" \/>\n<meta property=\"og:site_name\" content=\"PureJewels UK\" \/>\n<meta property=\"article:modified_time\" content=\"2026-03-19T06:22:28+00:00\" \/>\n<meta property=\"og:image\" content=\"https:\/\/static.purejewels.com\/wp-content\/uploads\/2020\/06\/image174307616.jpg\" \/>\n\t<meta property=\"og:image:width\" content=\"1000\" \/>\n\t<meta property=\"og:image:height\" content=\"1000\" \/>\n\t<meta property=\"og:image:type\" content=\"image\/jpeg\" \/>\n<meta name=\"twitter:card\" content=\"summary_large_image\" \/>\n<meta name=\"twitter:label1\" content=\"Tahmini okuma s\u00fcresi\" \/>\n\t<meta name=\"twitter:data1\" content=\"1 dakika\" \/>\n<script type=\"application\/ld+json\" class=\"yoast-schema-graph\">{\"@context\":\"https:\\\/\\\/schema.org\",\"@graph\":[{\"@type\":[\"WebPage\",\"ItemPage\"],\"@id\":\"https:\\\/\\\/www.purejewels.com\\\/product\\\/22-carat-gold-bracelet\\\/\",\"url\":\"https:\\\/\\\/www.purejewels.com\\\/product\\\/22-carat-gold-bracelet\\\/\",\"name\":\"Elevate Your Style with a 22ct Gold Twist Bracelet | PureJewels UK\",\"isPartOf\":{\"@id\":\"https:\\\/\\\/www.purejewels.com\\\/#website\"},\"primaryImageOfPage\":{\"@id\":\"https:\\\/\\\/www.purejewels.com\\\/product\\\/22-carat-gold-bracelet\\\/#primaryimage\"},\"image\":{\"@id\":\"https:\\\/\\\/www.purejewels.com\\\/product\\\/22-carat-gold-bracelet\\\/#primaryimage\"},\"thumbnailUrl\":\"https:\\\/\\\/static.purejewels.com\\\/wp-content\\\/uploads\\\/2020\\\/06\\\/image174307616.jpg\",\"datePublished\":\"2024-04-28T05:52:58+00:00\",\"dateModified\":\"2026-03-19T06:22:28+00:00\",\"description\":\"Experience the pinnacle of luxury with PureJewels UK's 22ct Gold Twist Bracelet. Elevate your style and make a statement with this exquisite piece of jewelry.\",\"breadcrumb\":{\"@id\":\"https:\\\/\\\/www.purejewels.com\\\/product\\\/22-carat-gold-bracelet\\\/#breadcrumb\"},\"inLanguage\":\"tr\",\"potentialAction\":[{\"@type\":\"ReadAction\",\"target\":[\"https:\\\/\\\/www.purejewels.com\\\/product\\\/22-carat-gold-bracelet\\\/\"]}]},{\"@type\":\"ImageObject\",\"inLanguage\":\"tr\",\"@id\":\"https:\\\/\\\/www.purejewels.com\\\/product\\\/22-carat-gold-bracelet\\\/#primaryimage\",\"url\":\"https:\\\/\\\/static.purejewels.com\\\/wp-content\\\/uploads\\\/2020\\\/06\\\/image174307616.jpg\",\"contentUrl\":\"https:\\\/\\\/static.purejewels.com\\\/wp-content\\\/uploads\\\/2020\\\/06\\\/image174307616.jpg\",\"width\":1000,\"height\":1000,\"caption\":\"32737\"},{\"@type\":\"BreadcrumbList\",\"@id\":\"https:\\\/\\\/www.purejewels.com\\\/product\\\/22-carat-gold-bracelet\\\/#breadcrumb\",\"itemListElement\":[{\"@type\":\"ListItem\",\"position\":1,\"name\":\"Home\",\"item\":\"https:\\\/\\\/www.purejewels.com\\\/\"},{\"@type\":\"ListItem\",\"position\":2,\"name\":\"Shop\",\"item\":\"https:\\\/\\\/www.purejewels.com\\\/shop\\\/\"},{\"@type\":\"ListItem\",\"position\":3,\"name\":\"22ct Gold Bracelet | 7.5 Inches\"}]},{\"@type\":\"WebSite\",\"@id\":\"https:\\\/\\\/www.purejewels.com\\\/#website\",\"url\":\"https:\\\/\\\/www.purejewels.com\\\/\",\"name\":\"PureJewels UK\",\"description\":\"Share the Love\",\"publisher\":{\"@id\":\"https:\\\/\\\/www.purejewels.com\\\/#organization\"},\"potentialAction\":[{\"@type\":\"SearchAction\",\"target\":{\"@type\":\"EntryPoint\",\"urlTemplate\":\"https:\\\/\\\/www.purejewels.com\\\/?s={search_term_string}\"},\"query-input\":{\"@type\":\"PropertyValueSpecification\",\"valueRequired\":true,\"valueName\":\"search_term_string\"}}],\"inLanguage\":\"tr\"},{\"@type\":\"Organization\",\"@id\":\"https:\\\/\\\/www.purejewels.com\\\/#organization\",\"name\":\"PureJewels UK\",\"url\":\"https:\\\/\\\/www.purejewels.com\\\/\",\"logo\":{\"@type\":\"ImageObject\",\"inLanguage\":\"tr\",\"@id\":\"https:\\\/\\\/www.purejewels.com\\\/#\\\/schema\\\/logo\\\/image\\\/\",\"url\":\"https:\\\/\\\/static.purejewels.com\\\/wp-content\\\/uploads\\\/2020\\\/11\\\/Logo-PJ-New-1.png\",\"contentUrl\":\"https:\\\/\\\/static.purejewels.com\\\/wp-content\\\/uploads\\\/2020\\\/11\\\/Logo-PJ-New-1.png\",\"width\":150,\"height\":80,\"caption\":\"PureJewels UK\"},\"image\":{\"@id\":\"https:\\\/\\\/www.purejewels.com\\\/#\\\/schema\\\/logo\\\/image\\\/\"}}]}<\/script>\n<!-- \/ Yoast SEO plugin. -->","yoast_head_json":{"title":"Tarz\u0131n\u0131z\u0131 22 Ayar Alt\u0131n Twist Bileklik ile Y\u00fckseltin | PureJewels UK","description":"PureJewels UK'nin 22 ayar alt\u0131n Twist Bilezi\u011fi ile l\u00fcks\u00fcn zirvesini ya\u015fay\u0131n. Bu zarif m\u00fccevher par\u00e7as\u0131yla tarz\u0131n\u0131z\u0131 y\u00fckseltin ve bir a\u00e7\u0131klama yap\u0131n.","robots":{"index":"index","follow":"follow","max-snippet":"max-snippet:-1","max-image-preview":"max-image-preview:large","max-video-preview":"max-video-preview:-1"},"canonical":"https:\/\/www.purejewels.com\/tr\/urun\/22-ayar-altin-bilezik\/","og_locale":"tr_TR","og_type":"article","og_title":"Elevate Your Style with a 22ct Gold Twist Bracelet | PureJewels UK","og_description":"Experience the pinnacle of luxury with PureJewels UK's 22ct Gold Twist Bracelet. Elevate your style and make a statement with this exquisite piece of jewelry.","og_url":"https:\/\/www.purejewels.com\/tr\/urun\/22-ayar-altin-bilezik\/","og_site_name":"PureJewels UK","article_modified_time":"2026-03-19T06:22:28+00:00","og_image":[{"width":1000,"height":1000,"url":"https:\/\/static.purejewels.com\/wp-content\/uploads\/2020\/06\/image174307616.jpg","type":"image\/jpeg"}],"twitter_card":"summary_large_image","twitter_misc":{"Tahmini okuma s\u00fcresi":"1 dakika"},"schema":{"@context":"https:\/\/schema.org","@graph":[{"@type":["WebPage","ItemPage"],"@id":"https:\/\/www.purejewels.com\/product\/22-carat-gold-bracelet\/","url":"https:\/\/www.purejewels.com\/product\/22-carat-gold-bracelet\/","name":"Tarz\u0131n\u0131z\u0131 22 Ayar Alt\u0131n Twist Bileklik ile Y\u00fckseltin | PureJewels UK","isPartOf":{"@id":"https:\/\/www.purejewels.com\/#website"},"primaryImageOfPage":{"@id":"https:\/\/www.purejewels.com\/product\/22-carat-gold-bracelet\/#primaryimage"},"image":{"@id":"https:\/\/www.purejewels.com\/product\/22-carat-gold-bracelet\/#primaryimage"},"thumbnailUrl":"https:\/\/static.purejewels.com\/wp-content\/uploads\/2020\/06\/image174307616.jpg","datePublished":"2024-04-28T05:52:58+00:00","dateModified":"2026-03-19T06:22:28+00:00","description":"PureJewels UK'nin 22 ayar alt\u0131n Twist Bilezi\u011fi ile l\u00fcks\u00fcn zirvesini ya\u015fay\u0131n. Bu zarif m\u00fccevher par\u00e7as\u0131yla tarz\u0131n\u0131z\u0131 y\u00fckseltin ve bir a\u00e7\u0131klama yap\u0131n.","breadcrumb":{"@id":"https:\/\/www.purejewels.com\/product\/22-carat-gold-bracelet\/#breadcrumb"},"inLanguage":"tr","potentialAction":[{"@type":"ReadAction","target":["https:\/\/www.purejewels.com\/product\/22-carat-gold-bracelet\/"]}]},{"@type":"ImageObject","inLanguage":"tr","@id":"https:\/\/www.purejewels.com\/product\/22-carat-gold-bracelet\/#primaryimage","url":"https:\/\/static.purejewels.com\/wp-content\/uploads\/2020\/06\/image174307616.jpg","contentUrl":"https:\/\/static.purejewels.com\/wp-content\/uploads\/2020\/06\/image174307616.jpg","width":1000,"height":1000,"caption":"32737"},{"@type":"BreadcrumbList","@id":"https:\/\/www.purejewels.com\/product\/22-carat-gold-bracelet\/#breadcrumb","itemListElement":[{"@type":"ListItem","position":1,"name":"Home","item":"https:\/\/www.purejewels.com\/"},{"@type":"ListItem","position":2,"name":"Shop","item":"https:\/\/www.purejewels.com\/shop\/"},{"@type":"ListItem","position":3,"name":"22ct Gold Bracelet | 7.5 Inches"}]},{"@type":"WebSite","@id":"https:\/\/www.purejewels.com\/#website","url":"https:\/\/www.purejewels.com\/","name":"PureJewels \u0130ngiltere","description":"Sevgiyi Payla\u015f\u0131n","publisher":{"@id":"https:\/\/www.purejewels.com\/#organization"},"potentialAction":[{"@type":"SearchAction","target":{"@type":"EntryPoint","urlTemplate":"https:\/\/www.purejewels.com\/?s={search_term_string}"},"query-input":{"@type":"PropertyValueSpecification","valueRequired":true,"valueName":"search_term_string"}}],"inLanguage":"tr"},{"@type":"Organization","@id":"https:\/\/www.purejewels.com\/#organization","name":"PureJewels \u0130ngiltere","url":"https:\/\/www.purejewels.com\/","logo":{"@type":"ImageObject","inLanguage":"tr","@id":"https:\/\/www.purejewels.com\/#\/schema\/logo\/image\/","url":"https:\/\/static.purejewels.com\/wp-content\/uploads\/2020\/11\/Logo-PJ-New-1.png","contentUrl":"https:\/\/static.purejewels.com\/wp-content\/uploads\/2020\/11\/Logo-PJ-New-1.png","width":150,"height":80,"caption":"PureJewels UK"},"image":{"@id":"https:\/\/www.purejewels.com\/#\/schema\/logo\/image\/"}}]}},"_links":{"self":[{"href":"https:\/\/www.purejewels.com\/tr\/wp-json\/wp\/v2\/product\/314521","targetHints":{"allow":["GET"]}}],"collection":[{"href":"https:\/\/www.purejewels.com\/tr\/wp-json\/wp\/v2\/product"}],"about":[{"href":"https:\/\/www.purejewels.com\/tr\/wp-json\/wp\/v2\/types\/product"}],"replies":[{"embeddable":true,"href":"https:\/\/www.purejewels.com\/tr\/wp-json\/wp\/v2\/comments?post=314521"}],"version-history":[{"count":3,"href":"https:\/\/www.purejewels.com\/tr\/wp-json\/wp\/v2\/product\/314521\/revisions"}],"predecessor-version":[{"id":426998,"href":"https:\/\/www.purejewels.com\/tr\/wp-json\/wp\/v2\/product\/314521\/revisions\/426998"}],"wp:featuredmedia":[{"embeddable":true,"href":"https:\/\/www.purejewels.com\/tr\/wp-json\/wp\/v2\/media\/314543"}],"wp:attachment":[{"href":"https:\/\/www.purejewels.com\/tr\/wp-json\/wp\/v2\/media?parent=314521"}],"wp:term":[{"taxonomy":"product_brand","embeddable":true,"href":"https:\/\/www.purejewels.com\/tr\/wp-json\/wp\/v2\/product_brand?post=314521"},{"taxonomy":"product_cat","embeddable":true,"href":"https:\/\/www.purejewels.com\/tr\/wp-json\/wp\/v2\/product_cat?post=314521"},{"taxonomy":"product_tag","embeddable":true,"href":"https:\/\/www.purejewels.com\/tr\/wp-json\/wp\/v2\/product_tag?post=314521"}],"curies":[{"name":"wp","href":"https:\/\/api.w.org\/{rel}","templated":true}]}}