{"id":314523,"date":"2020-06-05T13:21:51","date_gmt":"2020-06-05T12:21:51","guid":{"rendered":"https:\/\/www.purejewels.com\/?post_type=product&#038;p=314523"},"modified":"2026-03-27T06:10:10","modified_gmt":"2026-03-27T06:10:10","slug":"22-ayar-hint-altin-tilki-kuyrugu-zincir","status":"publish","type":"product","link":"https:\/\/www.purejewels.com\/tr\/product\/22ct-indian-gold-foxtail-chain\/","title":{"rendered":"22 Ayar Alt\u0131n Tilki Kuyru\u011fu Zincir 20 \u0130n\u00e7"},"content":{"rendered":"<p data-start=\"747\" data-end=\"1070\">Bu <strong data-start=\"798\" data-end=\"831\">22 Ayar Alt\u0131n Tilki Kuyru\u011fu Zincir (20\u2033)<\/strong> hem i\u015f\u00e7ili\u011fe hem de duru\u015fa de\u011fer verenler i\u00e7in tasarlanm\u0131\u015f l\u00fcks bir klasiktir. Karma\u015f\u0131k tilki kuyru\u011fu \u00f6rg\u00fcs\u00fc sadece g\u00fc\u00e7 ve esneklik katmakla kalmaz, ayn\u0131 zamanda \u0131\u015f\u0131\u011f\u0131 g\u00fczel bir \u015fekilde yakalayan ay\u0131rt edici, dokulu bir y\u00fczey olu\u015fturur.<\/p>\n<p data-start=\"1072\" data-end=\"1334\">At <strong data-start=\"1075\" data-end=\"1088\">20 in\u00e7<\/strong> uzunlu\u011funda, bir <strong data-start=\"1107\" data-end=\"1122\">1,7 mm geni\u015flik<\/strong> ve tart\u0131m <strong data-start=\"1136\" data-end=\"1149\">8.2 gram<\/strong>Bu zincir, sa\u011flaml\u0131k ve \u00e7ok y\u00f6nl\u00fcl\u00fck sunar. \u0130ster zarif bir ifade i\u00e7in tek ba\u015f\u0131na tak\u0131ls\u0131n, ister bir kolye ucuyla e\u015fle\u015ftirilsin, cilal\u0131 y\u00fczeyi ve ak\u0131c\u0131 hareketi zahmetsiz bir \u015f\u0131kl\u0131k sa\u011flar.<\/p>\n<p data-start=\"1336\" data-end=\"1635\">ile g\u00fcvence alt\u0131na al\u0131nm\u0131\u015ft\u0131r. <strong data-start=\"1351\" data-end=\"1368\">\u0131stakoz toka<\/strong> ve <strong data-start=\"1373\" data-end=\"1404\">orijinallik damgal\u0131<\/strong>Bu zincir, PureJewels'in kaliteye ve zamans\u0131z tasar\u0131ma olan ba\u011fl\u0131l\u0131\u011f\u0131n\u0131 temsil eder. Her m\u00fccevher koleksiyonu i\u00e7in de\u011ferli bir ek olan bu par\u00e7a, dayan\u0131kl\u0131l\u0131\u011f\u0131 zarif bir stille birle\u015ftirerek g\u00fcnl\u00fck kullan\u0131m veya \u00f6zel g\u00fcnler i\u00e7in m\u00fckemmeldir.<\/p>","protected":false},"excerpt":{"rendered":"<p>Zarif bir <strong data-start=\"471\" data-end=\"498\">22 Ayar Alt\u0131n Tilki Kuyru\u011fu Zincir<\/strong>saf sar\u0131 alt\u0131ndan \u00fcretilmi\u015ftir. \u00d6l\u00e7\u00fcler <strong data-start=\"539\" data-end=\"552\">20 in\u00e7<\/strong> ile <strong data-start=\"560\" data-end=\"575\">1,7 mm geni\u015flik<\/strong> ve tart\u0131m <strong data-start=\"589\" data-end=\"597\">8.2g<\/strong>G\u00fcvenli bir \u0131stakoz tokaya sahiptir. \u00c7ok y\u00f6nl\u00fc ve dayan\u0131kl\u0131 zincir, kolyeler i\u00e7in veya tek ba\u015f\u0131na takmak i\u00e7in idealdir.<\/p>\n<p><strong data-start=\"192\" data-end=\"200\">SKU:<\/strong> 25574<br \/>\n<strong>A\u011f\u0131rl\u0131k:<\/strong> 8.20 Gms<br data-start=\"206\" data-end=\"209\" \/><strong data-start=\"209\" data-end=\"219\" data-is-only-node=\"\">Metal:<\/strong> 22 Ayar Alt\u0131n (91,6% saf)<br data-start=\"229\" data-end=\"232\" \/><strong data-start=\"232\" data-end=\"246\">Kal\u0131nl\u0131k:<\/strong> 1,7 mm<br data-start=\"253\" data-end=\"256\" \/><strong data-start=\"256\" data-end=\"267\">Uzunluk:<\/strong> 20 in\u00e7<br data-start=\"308\" data-end=\"311\" \/><strong data-start=\"311\" data-end=\"324\">Hallmark:\u00a0<\/strong>\u0130ngiliz Damgas\u0131<br data-start=\"364\" data-end=\"367\" \/><strong data-start=\"367\" data-end=\"379\">Su\u00e7lamalar:<\/strong>\u00a0Teslimat ve KDV Dahil<br data-start=\"405\" data-end=\"408\" \/><strong data-start=\"408\" data-end=\"429\">Daha fazla bilgi:<\/strong>\u00a0M\u00fcsaitlik durumu ve ek g\u00f6rseller i\u00e7in bizimle canl\u0131 sohbet edin<\/p>","protected":false},"featured_media":326995,"comment_status":"closed","ping_status":"closed","template":"","meta":{"_eb_attr":"","_crsspst_to_jayantr4sg-hostcom":true},"product_brand":[],"product_cat":[5265,1475,1229,1773,1572,1774,1574,5349],"product_tag":[],"class_list":{"0":"post-314523","1":"product","2":"type-product","3":"status-publish","4":"has-post-thumbnail","6":"product_cat-foxtail-chain","7":"product_cat-gold-chains","8":"product_cat-22ct-gold-jewellery","9":"product_cat-ladies-chains","10":"product_cat-mens-jewellery","11":"product_cat-mens-chains","12":"product_cat-womens-jewellery","13":"product_cat-yellow-gold-jewellery","15":"first","16":"outofstock","17":"taxable","18":"shipping-taxable","19":"product-type-simple","20":"add-to-wishlist-before_image"},"yoast_head":"<!-- This site is optimized with the Yoast SEO plugin v27.3 - https:\/\/yoast.com\/product\/yoast-seo-wordpress\/ -->\n<title>22ct Gold Foxtail Chain 20&quot; | PureJewels London<\/title>\n<meta name=\"description\" content=\"Luxurious 22ct Gold Foxtail Chain, 20 inches long, 1.7mm wide and 8.2g in weight. Hallmarked and polished, with a secure lobster clasp\u2014perfect for daily wear or pendants.\" \/>\n<meta name=\"robots\" content=\"index, follow, max-snippet:-1, max-image-preview:large, max-video-preview:-1\" \/>\n<link rel=\"canonical\" href=\"https:\/\/www.purejewels.com\/tr\/urun\/22-ayar-hint-altin-tilki-kuyrugu-zincir\/\" \/>\n<meta property=\"og:locale\" content=\"tr_TR\" \/>\n<meta property=\"og:type\" content=\"article\" \/>\n<meta property=\"og:title\" content=\"22ct Gold Foxtail Chain 20&quot; | PureJewels London\" \/>\n<meta property=\"og:description\" content=\"Luxurious 22ct Gold Foxtail Chain, 20 inches long, 1.7mm wide and 8.2g in weight. Hallmarked and polished, with a secure lobster clasp\u2014perfect for daily wear or pendants.\" \/>\n<meta property=\"og:url\" content=\"https:\/\/www.purejewels.com\/tr\/urun\/22-ayar-hint-altin-tilki-kuyrugu-zincir\/\" \/>\n<meta property=\"og:site_name\" content=\"PureJewels UK\" \/>\n<meta property=\"article:modified_time\" content=\"2026-03-27T06:10:10+00:00\" \/>\n<meta property=\"og:image\" content=\"https:\/\/static.purejewels.com\/wp-content\/uploads\/2021\/09\/foxtail.jpg\" \/>\n\t<meta property=\"og:image:width\" content=\"1000\" \/>\n\t<meta property=\"og:image:height\" content=\"1000\" \/>\n\t<meta property=\"og:image:type\" content=\"image\/jpeg\" \/>\n<meta name=\"twitter:card\" content=\"summary_large_image\" \/>\n<meta name=\"twitter:label1\" content=\"Tahmini okuma s\u00fcresi\" \/>\n\t<meta name=\"twitter:data1\" content=\"1 dakika\" \/>\n<script type=\"application\/ld+json\" class=\"yoast-schema-graph\">{\"@context\":\"https:\\\/\\\/schema.org\",\"@graph\":[{\"@type\":[\"WebPage\",\"ItemPage\"],\"@id\":\"https:\\\/\\\/www.purejewels.com\\\/product\\\/22ct-indian-gold-foxtail-chain\\\/\",\"url\":\"https:\\\/\\\/www.purejewels.com\\\/product\\\/22ct-indian-gold-foxtail-chain\\\/\",\"name\":\"22ct Gold Foxtail Chain 20\\\" | PureJewels London\",\"isPartOf\":{\"@id\":\"https:\\\/\\\/www.purejewels.com\\\/#website\"},\"primaryImageOfPage\":{\"@id\":\"https:\\\/\\\/www.purejewels.com\\\/product\\\/22ct-indian-gold-foxtail-chain\\\/#primaryimage\"},\"image\":{\"@id\":\"https:\\\/\\\/www.purejewels.com\\\/product\\\/22ct-indian-gold-foxtail-chain\\\/#primaryimage\"},\"thumbnailUrl\":\"https:\\\/\\\/static.purejewels.com\\\/wp-content\\\/uploads\\\/2021\\\/09\\\/foxtail.jpg\",\"datePublished\":\"2020-06-05T12:21:51+00:00\",\"dateModified\":\"2026-03-27T06:10:10+00:00\",\"description\":\"Luxurious 22ct Gold Foxtail Chain, 20 inches long, 1.7mm wide and 8.2g in weight. Hallmarked and polished, with a secure lobster clasp\u2014perfect for daily wear or pendants.\",\"breadcrumb\":{\"@id\":\"https:\\\/\\\/www.purejewels.com\\\/product\\\/22ct-indian-gold-foxtail-chain\\\/#breadcrumb\"},\"inLanguage\":\"tr\",\"potentialAction\":[{\"@type\":\"ReadAction\",\"target\":[\"https:\\\/\\\/www.purejewels.com\\\/product\\\/22ct-indian-gold-foxtail-chain\\\/\"]}]},{\"@type\":\"ImageObject\",\"inLanguage\":\"tr\",\"@id\":\"https:\\\/\\\/www.purejewels.com\\\/product\\\/22ct-indian-gold-foxtail-chain\\\/#primaryimage\",\"url\":\"https:\\\/\\\/static.purejewels.com\\\/wp-content\\\/uploads\\\/2021\\\/09\\\/foxtail.jpg\",\"contentUrl\":\"https:\\\/\\\/static.purejewels.com\\\/wp-content\\\/uploads\\\/2021\\\/09\\\/foxtail.jpg\",\"width\":1000,\"height\":1000,\"caption\":\"foxtail Chain\"},{\"@type\":\"BreadcrumbList\",\"@id\":\"https:\\\/\\\/www.purejewels.com\\\/product\\\/22ct-indian-gold-foxtail-chain\\\/#breadcrumb\",\"itemListElement\":[{\"@type\":\"ListItem\",\"position\":1,\"name\":\"Home\",\"item\":\"https:\\\/\\\/www.purejewels.com\\\/\"},{\"@type\":\"ListItem\",\"position\":2,\"name\":\"Shop\",\"item\":\"https:\\\/\\\/www.purejewels.com\\\/shop\\\/\"},{\"@type\":\"ListItem\",\"position\":3,\"name\":\"22ct Gold Foxtail Chain 20 Inches\"}]},{\"@type\":\"WebSite\",\"@id\":\"https:\\\/\\\/www.purejewels.com\\\/#website\",\"url\":\"https:\\\/\\\/www.purejewels.com\\\/\",\"name\":\"PureJewels UK\",\"description\":\"Share the Love\",\"publisher\":{\"@id\":\"https:\\\/\\\/www.purejewels.com\\\/#organization\"},\"potentialAction\":[{\"@type\":\"SearchAction\",\"target\":{\"@type\":\"EntryPoint\",\"urlTemplate\":\"https:\\\/\\\/www.purejewels.com\\\/?s={search_term_string}\"},\"query-input\":{\"@type\":\"PropertyValueSpecification\",\"valueRequired\":true,\"valueName\":\"search_term_string\"}}],\"inLanguage\":\"tr\"},{\"@type\":\"Organization\",\"@id\":\"https:\\\/\\\/www.purejewels.com\\\/#organization\",\"name\":\"PureJewels UK\",\"url\":\"https:\\\/\\\/www.purejewels.com\\\/\",\"logo\":{\"@type\":\"ImageObject\",\"inLanguage\":\"tr\",\"@id\":\"https:\\\/\\\/www.purejewels.com\\\/#\\\/schema\\\/logo\\\/image\\\/\",\"url\":\"https:\\\/\\\/static.purejewels.com\\\/wp-content\\\/uploads\\\/2020\\\/11\\\/Logo-PJ-New-1.png\",\"contentUrl\":\"https:\\\/\\\/static.purejewels.com\\\/wp-content\\\/uploads\\\/2020\\\/11\\\/Logo-PJ-New-1.png\",\"width\":150,\"height\":80,\"caption\":\"PureJewels UK\"},\"image\":{\"@id\":\"https:\\\/\\\/www.purejewels.com\\\/#\\\/schema\\\/logo\\\/image\\\/\"}}]}<\/script>\n<!-- \/ Yoast SEO plugin. -->","yoast_head_json":{"title":"22 Ayar Alt\u0131n Tilki Kuyru\u011fu Zincir 20\" | PureJewels London","description":"L\u00fcks 22 Ayar Alt\u0131n Tilki Kuyru\u011fu Zincir, 20 in\u00e7 uzunlu\u011funda, 1,7 mm geni\u015fli\u011finde ve 8,2 g a\u011f\u0131rl\u0131\u011f\u0131ndad\u0131r. Damgal\u0131 ve cilal\u0131, g\u00fcvenli bir \u0131stakoz toka ile g\u00fcnl\u00fck kullan\u0131m veya kolye i\u00e7in m\u00fckemmel.","robots":{"index":"index","follow":"follow","max-snippet":"max-snippet:-1","max-image-preview":"max-image-preview:large","max-video-preview":"max-video-preview:-1"},"canonical":"https:\/\/www.purejewels.com\/tr\/urun\/22-ayar-hint-altin-tilki-kuyrugu-zincir\/","og_locale":"tr_TR","og_type":"article","og_title":"22ct Gold Foxtail Chain 20\" | PureJewels London","og_description":"Luxurious 22ct Gold Foxtail Chain, 20 inches long, 1.7mm wide and 8.2g in weight. Hallmarked and polished, with a secure lobster clasp\u2014perfect for daily wear or pendants.","og_url":"https:\/\/www.purejewels.com\/tr\/urun\/22-ayar-hint-altin-tilki-kuyrugu-zincir\/","og_site_name":"PureJewels UK","article_modified_time":"2026-03-27T06:10:10+00:00","og_image":[{"width":1000,"height":1000,"url":"https:\/\/static.purejewels.com\/wp-content\/uploads\/2021\/09\/foxtail.jpg","type":"image\/jpeg"}],"twitter_card":"summary_large_image","twitter_misc":{"Tahmini okuma s\u00fcresi":"1 dakika"},"schema":{"@context":"https:\/\/schema.org","@graph":[{"@type":["WebPage","ItemPage"],"@id":"https:\/\/www.purejewels.com\/product\/22ct-indian-gold-foxtail-chain\/","url":"https:\/\/www.purejewels.com\/product\/22ct-indian-gold-foxtail-chain\/","name":"22 Ayar Alt\u0131n Tilki Kuyru\u011fu Zincir 20\" | PureJewels London","isPartOf":{"@id":"https:\/\/www.purejewels.com\/#website"},"primaryImageOfPage":{"@id":"https:\/\/www.purejewels.com\/product\/22ct-indian-gold-foxtail-chain\/#primaryimage"},"image":{"@id":"https:\/\/www.purejewels.com\/product\/22ct-indian-gold-foxtail-chain\/#primaryimage"},"thumbnailUrl":"https:\/\/static.purejewels.com\/wp-content\/uploads\/2021\/09\/foxtail.jpg","datePublished":"2020-06-05T12:21:51+00:00","dateModified":"2026-03-27T06:10:10+00:00","description":"L\u00fcks 22 Ayar Alt\u0131n Tilki Kuyru\u011fu Zincir, 20 in\u00e7 uzunlu\u011funda, 1,7 mm geni\u015fli\u011finde ve 8,2 g a\u011f\u0131rl\u0131\u011f\u0131ndad\u0131r. Damgal\u0131 ve cilal\u0131, g\u00fcvenli bir \u0131stakoz toka ile g\u00fcnl\u00fck kullan\u0131m veya kolye i\u00e7in m\u00fckemmel.","breadcrumb":{"@id":"https:\/\/www.purejewels.com\/product\/22ct-indian-gold-foxtail-chain\/#breadcrumb"},"inLanguage":"tr","potentialAction":[{"@type":"ReadAction","target":["https:\/\/www.purejewels.com\/product\/22ct-indian-gold-foxtail-chain\/"]}]},{"@type":"ImageObject","inLanguage":"tr","@id":"https:\/\/www.purejewels.com\/product\/22ct-indian-gold-foxtail-chain\/#primaryimage","url":"https:\/\/static.purejewels.com\/wp-content\/uploads\/2021\/09\/foxtail.jpg","contentUrl":"https:\/\/static.purejewels.com\/wp-content\/uploads\/2021\/09\/foxtail.jpg","width":1000,"height":1000,"caption":"foxtail Chain"},{"@type":"BreadcrumbList","@id":"https:\/\/www.purejewels.com\/product\/22ct-indian-gold-foxtail-chain\/#breadcrumb","itemListElement":[{"@type":"ListItem","position":1,"name":"Home","item":"https:\/\/www.purejewels.com\/"},{"@type":"ListItem","position":2,"name":"Shop","item":"https:\/\/www.purejewels.com\/shop\/"},{"@type":"ListItem","position":3,"name":"22ct Gold Foxtail Chain 20 Inches"}]},{"@type":"WebSite","@id":"https:\/\/www.purejewels.com\/#website","url":"https:\/\/www.purejewels.com\/","name":"PureJewels \u0130ngiltere","description":"Sevgiyi Payla\u015f\u0131n","publisher":{"@id":"https:\/\/www.purejewels.com\/#organization"},"potentialAction":[{"@type":"SearchAction","target":{"@type":"EntryPoint","urlTemplate":"https:\/\/www.purejewels.com\/?s={search_term_string}"},"query-input":{"@type":"PropertyValueSpecification","valueRequired":true,"valueName":"search_term_string"}}],"inLanguage":"tr"},{"@type":"Organization","@id":"https:\/\/www.purejewels.com\/#organization","name":"PureJewels \u0130ngiltere","url":"https:\/\/www.purejewels.com\/","logo":{"@type":"ImageObject","inLanguage":"tr","@id":"https:\/\/www.purejewels.com\/#\/schema\/logo\/image\/","url":"https:\/\/static.purejewels.com\/wp-content\/uploads\/2020\/11\/Logo-PJ-New-1.png","contentUrl":"https:\/\/static.purejewels.com\/wp-content\/uploads\/2020\/11\/Logo-PJ-New-1.png","width":150,"height":80,"caption":"PureJewels UK"},"image":{"@id":"https:\/\/www.purejewels.com\/#\/schema\/logo\/image\/"}}]}},"_links":{"self":[{"href":"https:\/\/www.purejewels.com\/tr\/wp-json\/wp\/v2\/product\/314523","targetHints":{"allow":["GET"]}}],"collection":[{"href":"https:\/\/www.purejewels.com\/tr\/wp-json\/wp\/v2\/product"}],"about":[{"href":"https:\/\/www.purejewels.com\/tr\/wp-json\/wp\/v2\/types\/product"}],"replies":[{"embeddable":true,"href":"https:\/\/www.purejewels.com\/tr\/wp-json\/wp\/v2\/comments?post=314523"}],"version-history":[{"count":4,"href":"https:\/\/www.purejewels.com\/tr\/wp-json\/wp\/v2\/product\/314523\/revisions"}],"predecessor-version":[{"id":412388,"href":"https:\/\/www.purejewels.com\/tr\/wp-json\/wp\/v2\/product\/314523\/revisions\/412388"}],"wp:featuredmedia":[{"embeddable":true,"href":"https:\/\/www.purejewels.com\/tr\/wp-json\/wp\/v2\/media\/326995"}],"wp:attachment":[{"href":"https:\/\/www.purejewels.com\/tr\/wp-json\/wp\/v2\/media?parent=314523"}],"wp:term":[{"taxonomy":"product_brand","embeddable":true,"href":"https:\/\/www.purejewels.com\/tr\/wp-json\/wp\/v2\/product_brand?post=314523"},{"taxonomy":"product_cat","embeddable":true,"href":"https:\/\/www.purejewels.com\/tr\/wp-json\/wp\/v2\/product_cat?post=314523"},{"taxonomy":"product_tag","embeddable":true,"href":"https:\/\/www.purejewels.com\/tr\/wp-json\/wp\/v2\/product_tag?post=314523"}],"curies":[{"name":"wp","href":"https:\/\/api.w.org\/{rel}","templated":true}]}}