{"id":314607,"date":"2020-06-10T14:47:18","date_gmt":"2020-06-10T13:47:18","guid":{"rendered":"https:\/\/www.purejewels.com\/?post_type=product&#038;p=314607"},"modified":"2026-01-06T09:55:46","modified_gmt":"2026-01-06T09:55:46","slug":"22-ayar-altin-erkek-bilezik-916","status":"publish","type":"product","link":"https:\/\/www.purejewels.com\/tr\/product\/22ct-gold-mens-bracelet-916\/","title":{"rendered":"22 ayar alt\u0131n erkek bilezi\u011fi, dokulu motifli halkalar"},"content":{"rendered":"<p><strong>Tasar\u0131m:<\/strong><\/p>\n<p>Bu 22 ayar alt\u0131n erkek bilezi\u011fi, dokulu motifler ve cilal\u0131 y\u00fczeyler aras\u0131nda de\u011fi\u015fen kendine \u00f6zg\u00fc bir ba\u011flant\u0131 desenine sahiptir. Karma\u015f\u0131k tasar\u0131m, oval ve dairesel vurgular i\u00e7erir; baz\u0131lar\u0131 beyaz rodyum kaplama s\u00fcslemelerle bezenmi\u015ftir ve g\u00f6rsel derinlik ve doku kontrast\u0131 yarat\u0131r. Bu \u00e7a\u011fda\u015f ama ayn\u0131 zamanda asil tasar\u0131m, cesur ama zarif m\u00fccevherleri seven erkeklere hitap eder.<\/p>\n<p><strong>\u0130\u015f\u00e7ilik:<\/strong><\/p>\n<p>22 ayar y\u00fcksek safl\u0131kta alt\u0131nla ustal\u0131kla el yap\u0131m\u0131 olan bileklik, esneklik ve rahatl\u0131k sa\u011flayan hassas ba\u011flant\u0131 yap\u0131s\u0131na sahiptir. Toka mekanizmas\u0131 sa\u011flamd\u0131r ve par\u00e7an\u0131n \u015f\u0131k g\u00f6r\u00fcn\u00fcm\u00fcn\u00fc korurken g\u00fcvenilir g\u00fcvenlik sa\u011flar. Her motif ayr\u0131 ayr\u0131 m\u00fckemmel bir \u015fekilde i\u015flenmi\u015ftir ve onu di\u011ferlerinden ay\u0131ran zanaatkar detaylar\u0131 sergilemektedir.<\/p>\n<p><strong>Stil:<\/strong><\/p>\n<p>T\u00f6ren k\u0131yafetleri veya \u00f6zel bir aksesuar olarak m\u00fckemmel olan bu bileklik, hem geleneksel hem de bat\u0131 tarz\u0131 k\u0131yafetlerle kolayca kombinlenebilir. Sofistike stiliyle d\u00fc\u011f\u00fcnler, hediyeler veya hayat\u0131n \u00f6nemli anlar\u0131n\u0131 kutlamak i\u00e7in idealdir. Tek ba\u015f\u0131na veya ba\u015fka tak\u0131larla birlikte tak\u0131ld\u0131\u011f\u0131nda, \u00f6zg\u00fcven ve \u015f\u0131kl\u0131\u011f\u0131 ifade eder.<\/p>","protected":false},"excerpt":{"rendered":"<p>Erkekler i\u00e7in \u00e7arp\u0131c\u0131 22 ayar sar\u0131 alt\u0131n bileklik, kabartmal\u0131 ve cilal\u0131 ba\u011flant\u0131 desenleri ile i\u015flenmi\u015ftir. G\u00fcnl\u00fck \u015f\u0131kl\u0131k i\u00e7in dayan\u0131kl\u0131 bir toka ile sabitlenmi\u015ftir.<\/p>\n<ul>\n<li>22 Ayar Alt\u0131n Erkek Stilist Bileklik<\/li>\n<li>A\u011f\u0131rl\u0131k 23,6 gms<\/li>\n<li>SKU. 28789<\/li>\n<li>T\u00fcm fiyatlara KDV dahildir<\/li>\n<li>Londra Tahlil Ofisi Taraf\u0131ndan Damgalanm\u0131\u015f 22 Ayar Alt\u0131n<\/li>\n<li>Sunum Kutusu ile Birlikte Gelir<\/li>\n<li>Teslimat Dahil<\/li>\n<li>\u015eu anda stokta bulunan Erkek Tak\u0131 tasar\u0131mlar\u0131n\u0131n mevcudiyeti ve daha fazla g\u00f6rsel i\u00e7in bizimle canl\u0131 sohbet edin<\/li>\n<\/ul>","protected":false},"featured_media":314633,"comment_status":"closed","ping_status":"closed","template":"","meta":{"_eb_attr":"","_crsspst_to_jayantr4sg-hostcom":true},"product_brand":[],"product_cat":[1571,1324,1572,1628],"product_tag":[],"class_list":{"0":"post-314607","1":"product","2":"type-product","3":"status-publish","4":"has-post-thumbnail","6":"product_cat-fathers-day-gifts","7":"product_cat-gold-bracelet","8":"product_cat-mens-jewellery","9":"product_cat-mens-bracelet","11":"first","12":"outofstock","13":"taxable","14":"shipping-taxable","15":"product-type-simple","16":"add-to-wishlist-before_image"},"yoast_head":"<!-- This site is optimized with the Yoast SEO plugin v27.3 - https:\/\/yoast.com\/product\/yoast-seo-wordpress\/ -->\n<title>22ct Gold Men\u2019s Bracelet | Textured Link Design | Bold &amp; Elegant<\/title>\n<meta name=\"description\" content=\"Discover this 22ct gold men&#039;s bracelet featuring alternating textured and polished links. A refined blend of luxury and masculine style.\" \/>\n<meta name=\"robots\" content=\"index, follow, max-snippet:-1, max-image-preview:large, max-video-preview:-1\" \/>\n<link rel=\"canonical\" href=\"https:\/\/www.purejewels.com\/tr\/urun\/22-ayar-altin-erkek-bilezik-916\/\" \/>\n<meta property=\"og:locale\" content=\"tr_TR\" \/>\n<meta property=\"og:type\" content=\"article\" \/>\n<meta property=\"og:title\" content=\"22ct Gold Men\u2019s Bracelet | Textured Link Design | Bold &amp; Elegant\" \/>\n<meta property=\"og:description\" content=\"Discover this 22ct gold men&#039;s bracelet featuring alternating textured and polished links. A refined blend of luxury and masculine style.\" \/>\n<meta property=\"og:url\" content=\"https:\/\/www.purejewels.com\/tr\/urun\/22-ayar-altin-erkek-bilezik-916\/\" \/>\n<meta property=\"og:site_name\" content=\"PureJewels UK\" \/>\n<meta property=\"article:modified_time\" content=\"2026-01-06T09:55:46+00:00\" \/>\n<meta property=\"og:image\" content=\"https:\/\/static.purejewels.com\/wp-content\/uploads\/2020\/06\/image174382087.jpg\" \/>\n\t<meta property=\"og:image:width\" content=\"1000\" \/>\n\t<meta property=\"og:image:height\" content=\"1000\" \/>\n\t<meta property=\"og:image:type\" content=\"image\/jpeg\" \/>\n<meta name=\"twitter:card\" content=\"summary_large_image\" \/>\n<meta name=\"twitter:label1\" content=\"Tahmini okuma s\u00fcresi\" \/>\n\t<meta name=\"twitter:data1\" content=\"1 dakika\" \/>\n<script type=\"application\/ld+json\" class=\"yoast-schema-graph\">{\"@context\":\"https:\\\/\\\/schema.org\",\"@graph\":[{\"@type\":[\"WebPage\",\"ItemPage\"],\"@id\":\"https:\\\/\\\/www.purejewels.com\\\/product\\\/22ct-gold-mens-bracelet-916\\\/\",\"url\":\"https:\\\/\\\/www.purejewels.com\\\/product\\\/22ct-gold-mens-bracelet-916\\\/\",\"name\":\"22ct Gold Men\u2019s Bracelet | Textured Link Design | Bold & Elegant\",\"isPartOf\":{\"@id\":\"https:\\\/\\\/www.purejewels.com\\\/#website\"},\"primaryImageOfPage\":{\"@id\":\"https:\\\/\\\/www.purejewels.com\\\/product\\\/22ct-gold-mens-bracelet-916\\\/#primaryimage\"},\"image\":{\"@id\":\"https:\\\/\\\/www.purejewels.com\\\/product\\\/22ct-gold-mens-bracelet-916\\\/#primaryimage\"},\"thumbnailUrl\":\"https:\\\/\\\/static.purejewels.com\\\/wp-content\\\/uploads\\\/2020\\\/06\\\/image174382087.jpg\",\"datePublished\":\"2020-06-10T13:47:18+00:00\",\"dateModified\":\"2026-01-06T09:55:46+00:00\",\"description\":\"Discover this 22ct gold men's bracelet featuring alternating textured and polished links. A refined blend of luxury and masculine style.\",\"breadcrumb\":{\"@id\":\"https:\\\/\\\/www.purejewels.com\\\/product\\\/22ct-gold-mens-bracelet-916\\\/#breadcrumb\"},\"inLanguage\":\"tr\",\"potentialAction\":[{\"@type\":\"ReadAction\",\"target\":[\"https:\\\/\\\/www.purejewels.com\\\/product\\\/22ct-gold-mens-bracelet-916\\\/\"]}]},{\"@type\":\"ImageObject\",\"inLanguage\":\"tr\",\"@id\":\"https:\\\/\\\/www.purejewels.com\\\/product\\\/22ct-gold-mens-bracelet-916\\\/#primaryimage\",\"url\":\"https:\\\/\\\/static.purejewels.com\\\/wp-content\\\/uploads\\\/2020\\\/06\\\/image174382087.jpg\",\"contentUrl\":\"https:\\\/\\\/static.purejewels.com\\\/wp-content\\\/uploads\\\/2020\\\/06\\\/image174382087.jpg\",\"width\":1000,\"height\":1000,\"caption\":\"22ct Gold Medium Flat Patta Gents Bracelet YGGB026\"},{\"@type\":\"BreadcrumbList\",\"@id\":\"https:\\\/\\\/www.purejewels.com\\\/product\\\/22ct-gold-mens-bracelet-916\\\/#breadcrumb\",\"itemListElement\":[{\"@type\":\"ListItem\",\"position\":1,\"name\":\"Home\",\"item\":\"https:\\\/\\\/www.purejewels.com\\\/\"},{\"@type\":\"ListItem\",\"position\":2,\"name\":\"Shop\",\"item\":\"https:\\\/\\\/www.purejewels.com\\\/shop\\\/\"},{\"@type\":\"ListItem\",\"position\":3,\"name\":\"22ct Gold Men&#8217;s Bracelet with Textured Motif Links\"}]},{\"@type\":\"WebSite\",\"@id\":\"https:\\\/\\\/www.purejewels.com\\\/#website\",\"url\":\"https:\\\/\\\/www.purejewels.com\\\/\",\"name\":\"PureJewels UK\",\"description\":\"Share the Love\",\"publisher\":{\"@id\":\"https:\\\/\\\/www.purejewels.com\\\/#organization\"},\"potentialAction\":[{\"@type\":\"SearchAction\",\"target\":{\"@type\":\"EntryPoint\",\"urlTemplate\":\"https:\\\/\\\/www.purejewels.com\\\/?s={search_term_string}\"},\"query-input\":{\"@type\":\"PropertyValueSpecification\",\"valueRequired\":true,\"valueName\":\"search_term_string\"}}],\"inLanguage\":\"tr\"},{\"@type\":\"Organization\",\"@id\":\"https:\\\/\\\/www.purejewels.com\\\/#organization\",\"name\":\"PureJewels UK\",\"url\":\"https:\\\/\\\/www.purejewels.com\\\/\",\"logo\":{\"@type\":\"ImageObject\",\"inLanguage\":\"tr\",\"@id\":\"https:\\\/\\\/www.purejewels.com\\\/#\\\/schema\\\/logo\\\/image\\\/\",\"url\":\"https:\\\/\\\/static.purejewels.com\\\/wp-content\\\/uploads\\\/2020\\\/11\\\/Logo-PJ-New-1.png\",\"contentUrl\":\"https:\\\/\\\/static.purejewels.com\\\/wp-content\\\/uploads\\\/2020\\\/11\\\/Logo-PJ-New-1.png\",\"width\":150,\"height\":80,\"caption\":\"PureJewels UK\"},\"image\":{\"@id\":\"https:\\\/\\\/www.purejewels.com\\\/#\\\/schema\\\/logo\\\/image\\\/\"}}]}<\/script>\n<!-- \/ Yoast SEO plugin. -->","yoast_head_json":{"title":"22 ayar alt\u0131n erkek bilezik | Dokulu ba\u011flant\u0131 tasar\u0131m\u0131 | Cesur ve zarif","description":"D\u00fczg\u00fcn ve cilal\u0131 halkalar\u0131n s\u0131rayla dizildi\u011fi bu 22 ayar alt\u0131n erkek bilezi\u011fini ke\u015ffedin. L\u00fcks ve erkeksi stilin zarif bir kar\u0131\u015f\u0131m\u0131.","robots":{"index":"index","follow":"follow","max-snippet":"max-snippet:-1","max-image-preview":"max-image-preview:large","max-video-preview":"max-video-preview:-1"},"canonical":"https:\/\/www.purejewels.com\/tr\/urun\/22-ayar-altin-erkek-bilezik-916\/","og_locale":"tr_TR","og_type":"article","og_title":"22ct Gold Men\u2019s Bracelet | Textured Link Design | Bold & Elegant","og_description":"Discover this 22ct gold men's bracelet featuring alternating textured and polished links. A refined blend of luxury and masculine style.","og_url":"https:\/\/www.purejewels.com\/tr\/urun\/22-ayar-altin-erkek-bilezik-916\/","og_site_name":"PureJewels UK","article_modified_time":"2026-01-06T09:55:46+00:00","og_image":[{"width":1000,"height":1000,"url":"https:\/\/static.purejewels.com\/wp-content\/uploads\/2020\/06\/image174382087.jpg","type":"image\/jpeg"}],"twitter_card":"summary_large_image","twitter_misc":{"Tahmini okuma s\u00fcresi":"1 dakika"},"schema":{"@context":"https:\/\/schema.org","@graph":[{"@type":["WebPage","ItemPage"],"@id":"https:\/\/www.purejewels.com\/product\/22ct-gold-mens-bracelet-916\/","url":"https:\/\/www.purejewels.com\/product\/22ct-gold-mens-bracelet-916\/","name":"22 ayar alt\u0131n erkek bilezik | Dokulu ba\u011flant\u0131 tasar\u0131m\u0131 | Cesur ve zarif","isPartOf":{"@id":"https:\/\/www.purejewels.com\/#website"},"primaryImageOfPage":{"@id":"https:\/\/www.purejewels.com\/product\/22ct-gold-mens-bracelet-916\/#primaryimage"},"image":{"@id":"https:\/\/www.purejewels.com\/product\/22ct-gold-mens-bracelet-916\/#primaryimage"},"thumbnailUrl":"https:\/\/static.purejewels.com\/wp-content\/uploads\/2020\/06\/image174382087.jpg","datePublished":"2020-06-10T13:47:18+00:00","dateModified":"2026-01-06T09:55:46+00:00","description":"D\u00fczg\u00fcn ve cilal\u0131 halkalar\u0131n s\u0131rayla dizildi\u011fi bu 22 ayar alt\u0131n erkek bilezi\u011fini ke\u015ffedin. L\u00fcks ve erkeksi stilin zarif bir kar\u0131\u015f\u0131m\u0131.","breadcrumb":{"@id":"https:\/\/www.purejewels.com\/product\/22ct-gold-mens-bracelet-916\/#breadcrumb"},"inLanguage":"tr","potentialAction":[{"@type":"ReadAction","target":["https:\/\/www.purejewels.com\/product\/22ct-gold-mens-bracelet-916\/"]}]},{"@type":"ImageObject","inLanguage":"tr","@id":"https:\/\/www.purejewels.com\/product\/22ct-gold-mens-bracelet-916\/#primaryimage","url":"https:\/\/static.purejewels.com\/wp-content\/uploads\/2020\/06\/image174382087.jpg","contentUrl":"https:\/\/static.purejewels.com\/wp-content\/uploads\/2020\/06\/image174382087.jpg","width":1000,"height":1000,"caption":"22ct Gold Medium Flat Patta Gents Bracelet YGGB026"},{"@type":"BreadcrumbList","@id":"https:\/\/www.purejewels.com\/product\/22ct-gold-mens-bracelet-916\/#breadcrumb","itemListElement":[{"@type":"ListItem","position":1,"name":"Home","item":"https:\/\/www.purejewels.com\/"},{"@type":"ListItem","position":2,"name":"Shop","item":"https:\/\/www.purejewels.com\/shop\/"},{"@type":"ListItem","position":3,"name":"22ct Gold Men&#8217;s Bracelet with Textured Motif Links"}]},{"@type":"WebSite","@id":"https:\/\/www.purejewels.com\/#website","url":"https:\/\/www.purejewels.com\/","name":"PureJewels \u0130ngiltere","description":"Sevgiyi Payla\u015f\u0131n","publisher":{"@id":"https:\/\/www.purejewels.com\/#organization"},"potentialAction":[{"@type":"SearchAction","target":{"@type":"EntryPoint","urlTemplate":"https:\/\/www.purejewels.com\/?s={search_term_string}"},"query-input":{"@type":"PropertyValueSpecification","valueRequired":true,"valueName":"search_term_string"}}],"inLanguage":"tr"},{"@type":"Organization","@id":"https:\/\/www.purejewels.com\/#organization","name":"PureJewels \u0130ngiltere","url":"https:\/\/www.purejewels.com\/","logo":{"@type":"ImageObject","inLanguage":"tr","@id":"https:\/\/www.purejewels.com\/#\/schema\/logo\/image\/","url":"https:\/\/static.purejewels.com\/wp-content\/uploads\/2020\/11\/Logo-PJ-New-1.png","contentUrl":"https:\/\/static.purejewels.com\/wp-content\/uploads\/2020\/11\/Logo-PJ-New-1.png","width":150,"height":80,"caption":"PureJewels UK"},"image":{"@id":"https:\/\/www.purejewels.com\/#\/schema\/logo\/image\/"}}]}},"_links":{"self":[{"href":"https:\/\/www.purejewels.com\/tr\/wp-json\/wp\/v2\/product\/314607","targetHints":{"allow":["GET"]}}],"collection":[{"href":"https:\/\/www.purejewels.com\/tr\/wp-json\/wp\/v2\/product"}],"about":[{"href":"https:\/\/www.purejewels.com\/tr\/wp-json\/wp\/v2\/types\/product"}],"replies":[{"embeddable":true,"href":"https:\/\/www.purejewels.com\/tr\/wp-json\/wp\/v2\/comments?post=314607"}],"version-history":[{"count":3,"href":"https:\/\/www.purejewels.com\/tr\/wp-json\/wp\/v2\/product\/314607\/revisions"}],"predecessor-version":[{"id":424027,"href":"https:\/\/www.purejewels.com\/tr\/wp-json\/wp\/v2\/product\/314607\/revisions\/424027"}],"wp:featuredmedia":[{"embeddable":true,"href":"https:\/\/www.purejewels.com\/tr\/wp-json\/wp\/v2\/media\/314633"}],"wp:attachment":[{"href":"https:\/\/www.purejewels.com\/tr\/wp-json\/wp\/v2\/media?parent=314607"}],"wp:term":[{"taxonomy":"product_brand","embeddable":true,"href":"https:\/\/www.purejewels.com\/tr\/wp-json\/wp\/v2\/product_brand?post=314607"},{"taxonomy":"product_cat","embeddable":true,"href":"https:\/\/www.purejewels.com\/tr\/wp-json\/wp\/v2\/product_cat?post=314607"},{"taxonomy":"product_tag","embeddable":true,"href":"https:\/\/www.purejewels.com\/tr\/wp-json\/wp\/v2\/product_tag?post=314607"}],"curies":[{"name":"wp","href":"https:\/\/api.w.org\/{rel}","templated":true}]}}